{"id":8129,"date":"2024-05-09T07:29:34","date_gmt":"2024-05-09T12:29:34","guid":{"rendered":"https:\/\/www.gaspineortho.com\/nuestro-equipo\/dr-daryl-l-figa\/"},"modified":"2024-06-04T13:16:27","modified_gmt":"2024-06-04T18:16:27","slug":"dr-daryl-l-figa","status":"publish","type":"page","link":"https:\/\/www.gaspineortho.com\/es\/nuestro-equipo\/dr-daryl-l-figa\/","title":{"rendered":"Dr. Daryl L. Figa"},"content":{"rendered":"<h2>Dra. Daryl L. Figa &#8211; Certificado en Medicina F\u00edsica y Medicina F\u00edsica Rehabilitaci\u00f3n<\/h2>\n<p>El Dr. Daryl L. Figa est\u00e1 certificado en Medicina F\u00edsica y Medicina F\u00edsica. Rehabilitaci\u00f3n con Subespecialidad de <a href=\"https:\/\/www.gaspineortho.com\/es\/atlanta\/el-manejo-del-dolor\/\">Medicina del Dolor<\/a>. Tiene m\u00e1s de 20 a\u00f1os de experiencia en el manejo intervencionista del dolor, incluidas inyecciones espinales epidurales, bloqueos de las articulaciones facetarias, bloqueos de las articulaciones sacroil\u00edacas, ablaciones por radiofrecuencia, EMG y discograf\u00eda provocativa.<\/p>\n<p>El Dr. Figa complet\u00f3 su t\u00edtulo de m\u00e9dico en la Facultad de Medicina de la Universidad de Louisville, seguido de su residencia en la <a href=\"https:\/\/med.emory.edu\/\" target=\"_blank\" rel=\"noopener\">Escuela de la Universidad de Emory. de Medicina<\/a>, donde fue Jefe de Residentes durante tres a\u00f1os. El Dr. Figa tiene especial inter\u00e9s en Fisiatr\u00eda y es miembro de la Academia Estadounidense de Medicina F\u00edsica y Rehabilitaci\u00f3n.<\/p>\n<p>Adem\u00e1s de la pr\u00e1ctica cl\u00ednica, el Dr. Figa se ha desempe\u00f1ado como profesor cl\u00ednico y director m\u00e9dico de una gran aseguradora de salud en la revisi\u00f3n de reclamaciones de utilizaci\u00f3n. En su tiempo libre le gusta pintar, caminar, esquiar y andar en bicicleta.<\/p>\n","protected":false},"excerpt":{"rendered":"<p>Dra. Daryl L. Figa &#8211; Certificado en Medicina F\u00edsica y Medicina F\u00edsica Rehabilitaci\u00f3n El Dr. Daryl L. Figa est\u00e1 certificado en Medicina F\u00edsica y Medicina F\u00edsica. Rehabilitaci\u00f3n con Subespecialidad de Medicina del Dolor. Tiene m\u00e1s de 20 a\u00f1os de experiencia en el manejo intervencionista del dolor, incluidas inyecciones espinales epidurales, bloqueos de las articulaciones facetarias, [&hellip;]<\/p>\n","protected":false},"author":22,"featured_media":6400,"parent":7114,"menu_order":5,"comment_status":"closed","ping_status":"closed","template":"","meta":{"_acf_changed":false,"footnotes":""},"categories":[],"tags":[],"class_list":["post-8129","page","type-page","status-publish","has-post-thumbnail","hentry"],"acf":[],"_links":{"self":[{"href":"https:\/\/www.gaspineortho.com\/es\/wp-json\/wp\/v2\/pages\/8129","targetHints":{"allow":["GET"]}}],"collection":[{"href":"https:\/\/www.gaspineortho.com\/es\/wp-json\/wp\/v2\/pages"}],"about":[{"href":"https:\/\/www.gaspineortho.com\/es\/wp-json\/wp\/v2\/types\/page"}],"author":[{"embeddable":true,"href":"https:\/\/www.gaspineortho.com\/es\/wp-json\/wp\/v2\/users\/22"}],"replies":[{"embeddable":true,"href":"https:\/\/www.gaspineortho.com\/es\/wp-json\/wp\/v2\/comments?post=8129"}],"version-history":[{"count":1,"href":"https:\/\/www.gaspineortho.com\/es\/wp-json\/wp\/v2\/pages\/8129\/revisions"}],"predecessor-version":[{"id":8130,"href":"https:\/\/www.gaspineortho.com\/es\/wp-json\/wp\/v2\/pages\/8129\/revisions\/8130"}],"up":[{"embeddable":true,"href":"https:\/\/www.gaspineortho.com\/es\/wp-json\/wp\/v2\/pages\/7114"}],"wp:featuredmedia":[{"embeddable":true,"href":"https:\/\/www.gaspineortho.com\/es\/wp-json\/wp\/v2\/media\/6400"}],"wp:attachment":[{"href":"https:\/\/www.gaspineortho.com\/es\/wp-json\/wp\/v2\/media?parent=8129"}],"wp:term":[{"taxonomy":"category","embeddable":true,"href":"https:\/\/www.gaspineortho.com\/es\/wp-json\/wp\/v2\/categories?post=8129"},{"taxonomy":"post_tag","embeddable":true,"href":"https:\/\/www.gaspineortho.com\/es\/wp-json\/wp\/v2\/tags?post=8129"}],"curies":[{"name":"wp","href":"https:\/\/api.w.org\/{rel}","templated":true}]}}