{"id":8077,"date":"2024-05-14T08:57:16","date_gmt":"2024-05-14T13:57:16","guid":{"rendered":"https:\/\/www.gaspineortho.com\/columbus\/x-ray-services\/"},"modified":"2024-09-09T14:29:59","modified_gmt":"2024-09-09T19:29:59","slug":"servicios-de-rayos-x","status":"publish","type":"page","link":"https:\/\/www.gaspineortho.com\/es\/columbus\/servicios-de-rayos-x\/","title":{"rendered":"Servicios de rayos X de Columbus"},"content":{"rendered":"<p>\u00bfHa estado involucrado en un accidente en Columbus que result\u00f3 en lesiones internas? \u00bfEs usted v\u00edctima de un accidente y sufre dolor en las articulaciones y\/o extremidades? \u00bfTiene hematomas en la piel o sospecha que tiene huesos rotos? Bueno, deber\u00eda visitar nuestro centro de rayos X de Columbus para realizar pruebas de sus lesiones.<\/p>\n<p>La complejidad de las lesiones por accidentes requiere un diagn\u00f3stico adecuado. La radiograf\u00eda digital es una de las pruebas m\u00e1s r\u00e1pidas, f\u00e1ciles y efectivas para identificar y diagnosticar su lesi\u00f3n. En Georgia Spine &amp; Ortopedia, ofrecemos servicios de rayos X digitales para ayudar a las v\u00edctimas de accidentes a comprender la naturaleza y el alcance de sus lesiones. Radi\u00f3logos altamente experimentados con a\u00f1os de experiencia trabajando con v\u00edctimas de accidentes manejan nuestros servicios de diagn\u00f3stico e im\u00e1genes m\u00e9dicas.<\/p>\n<p>Reserve su cita en l\u00ednea o ll\u00e1menos al [tel\u00e9fono].<\/p>\n<h2>\u00bfQu\u00e9 son los rayos X?<\/h2>\n<p><img fetchpriority=\"high\" decoding=\"async\" class=\"alignnone wp-image-3345\" src=\"https:\/\/www.gaspineortho.com\/wp-content\/uploads\/2024\/05\/shutterstock_1149639419-copy.webp\" alt=\"\" width=\"500\" height=\"344\" srcset=\"https:\/\/www.gaspineortho.com\/wp-content\/uploads\/2024\/05\/shutterstock_1149639419-copy.webp 1000w, https:\/\/www.gaspineortho.com\/wp-content\/uploads\/2024\/05\/shutterstock_1149639419-copy-300x206.webp 300w, https:\/\/www.gaspineortho.com\/wp-content\/uploads\/2024\/05\/shutterstock_1149639419-copy-768x528.webp 768w\" sizes=\"(max-width: 500px) 100vw, 500px\" \/><\/p>\n<p>Una radiograf\u00eda es una prueba sencilla, r\u00e1pida e indolora dise\u00f1ada para producir una imagen bidimensional de las estructuras internas del cuerpo, en particular los huesos, el pecho, el abdomen y la columna. Al ser la tecnolog\u00eda de im\u00e1genes m\u00e1s antigua, tambi\u00e9n es la forma m\u00e1s econ\u00f3mica y segura de ver el estado y la estructura debajo de la piel. Como tal, es la tecnolog\u00eda de im\u00e1genes de referencia para evaluar lesiones articulares, fracturas y otras anomal\u00edas musculoesquel\u00e9ticas despu\u00e9s de un accidente automovil\u00edstico.<\/p>\n<p>Las im\u00e1genes de rayos X utilizan una parte invisible del espectro electromagn\u00e9tico, los rayos X, para crear una imagen de los huesos, tejidos y otros \u00f3rganos. El haz de rayos X se dirige a la parte del cuerpo que requiere un diagn\u00f3stico. Los rayos X pasan a trav\u00e9s del cuerpo hacia una placa especialmente tratada o un medio digital para producir una imagen \u00abnegativa\u00bb de la estructura interna del cuerpo. A medida que los rayos X pasan a trav\u00e9s de diferentes \u00f3rganos, se absorben de manera diferente, lo que afecta la cantidad de rayos X que detecta la placa de detecci\u00f3n de im\u00e1genes.<\/p>\n<p>El metal y los medios de contraste (un tinte utilizado para resaltar partes espec\u00edficas del cuerpo durante la toma de im\u00e1genes) son los materiales m\u00e1s densos y bloquear\u00e1n las part\u00edculas de rayos X por completo. Como tales, aparecer\u00e1n blancos en la pel\u00edcula de rayos X o en la imagen digital. En el otro extremo, las estructuras que contienen aire, como los pulmones, dejar\u00e1n pasar la gran mayor\u00eda de las part\u00edculas de rayos X y, por tanto, aparecer\u00e1n de color negro.<\/p>\n<p>Entre los espectros de color blanco y de fondo de una radiograf\u00eda se encuentran las diferentes partes con diferentes densidades. La grasa, los l\u00edquidos, los m\u00fasculos, la piel y otros \u00f3rganos aparecer\u00e1n en diferentes tonalidades de gris oscuro, seg\u00fan su densidad. Por ejemplo, un hueso aparecer\u00e1 m\u00e1s claro en una radiograf\u00eda porque es m\u00e1s denso que los tejidos blandos y bloquea muchos rayos X.<\/p>\n<p>Al tomar im\u00e1genes para diagnosticar fracturas, la parte rota permitir\u00e1 el paso de un haz de rayos X, lo que dar\u00e1 como resultado l\u00edneas de fractura oscuras en un hueso blanco.<\/p>\n<p>Las radiograf\u00edas se realizan en condiciones espec\u00edficas para garantizar que las im\u00e1genes de rayos X produzcan una imagen de alta calidad que pueda utilizarse para ayudar a los ortopedistas a diagnosticar huesos fracturados despu\u00e9s de un accidente. Se requiere que el paciente permanezca quieto durante la radiograf\u00eda. El movimiento puede producir im\u00e1genes borrosas con definiciones de caracter\u00edsticas poco claras.<\/p>\n<p>Los ni\u00f1os que no quieran quedarse quietos durante la radiograf\u00eda pueden ser sujetos durante los pocos minutos que durar\u00e1 la radiograf\u00eda. Los sistemas de sujeci\u00f3n son seguros y no da\u00f1ar\u00e1n al ni\u00f1o. Es importante destacar que garantiza que evitemos repetir la radiograf\u00eda, lo que podr\u00eda ser necesario si la imagen de la radiograf\u00eda es borrosa.<\/p>\n<p>Debes quitarte cualquier componente met\u00e1lico de tu cuerpo, incluidas las joyas. Teniendo esto en cuenta, debe notificar a un tecn\u00f3logo en im\u00e1genes m\u00e9dicas si le han insertado un DIU. Es posible que le pidan que contenga la respiraci\u00f3n, especialmente cuando le hagan una radiograf\u00eda del pecho. Por \u00faltimo, es posible que deba ponerse una bata de hospital.<\/p>\n<p>\u00bfQu\u00e9 pasa con la seguridad de los rayos X? Las radiograf\u00edas generalmente son seguras. Adem\u00e1s, los radi\u00f3logos est\u00e1n capacitados para tomar las medidas de precauci\u00f3n necesarias para mantener a los pacientes seguros seg\u00fan <a href=\"https:\/\/rules.sos.state.ga.us\/gac\/111-8-90\" target=\"_blank\" rel=\"noopener\">Regulaciones sobre radiaci\u00f3n de rayos X del estado de Georgia<\/a>. Algunas personas se preocupan por los peligros a largo plazo que podr\u00edan causar los rayos X. Generalmente, el proceso de obtenci\u00f3n de im\u00e1genes expone a los pacientes a dosis bajas de rayos X. Utilizamos rayos X digitales modernos, que producen aproximadamente un 80 % menos de radiaci\u00f3n en comparaci\u00f3n con los equipos de rayos X tradicionales. Adem\u00e1s, cuanto mayor sea, menos sensible ser\u00e1 a los rayos X.<\/p>\n<p>Dicho esto, es fundamental que notifiques a tu m\u00e9dico si est\u00e1s embarazada o sospechas que est\u00e1s embarazada. Si bien las radiograf\u00edas de diagn\u00f3stico son generalmente seguras, a\u00fan existe un riesgo para el feto. En la mayor\u00eda de los casos, el radi\u00f3logo utilizar\u00e1 un tipo diferente de prueba de diagn\u00f3stico, como una ecograf\u00eda. Si la radiograf\u00eda es absolutamente necesaria para diagnosticar sus lesiones, proteger\u00e1 su abdomen para proteger al feto de la radiaci\u00f3n.<\/p>\n<h2>\u00bfQu\u00e9 nos pueden decir las radiograf\u00edas digitales?<\/h2>\n<p><img decoding=\"async\" class=\"alignnone wp-image-3935 size-full\" src=\"https:\/\/www.gaspineortho.com\/wp-content\/uploads\/2024\/05\/shutterstock_1789461236-min.jpg\" alt=\"Columbus doctor looks at an x-ray image of a client's neck\" width=\"500\" height=\"334\" srcset=\"https:\/\/www.gaspineortho.com\/wp-content\/uploads\/2024\/05\/shutterstock_1789461236-min.jpg 500w, https:\/\/www.gaspineortho.com\/wp-content\/uploads\/2024\/05\/shutterstock_1789461236-min-300x200.jpg 300w\" sizes=\"(max-width: 500px) 100vw, 500px\" \/><\/p>\n<p>Al igual que las radiograf\u00edas tradicionales, las radiograf\u00edas digitales son valiosas para diagnosticar problemas de salud sin realizar pruebas invasivas. Los rayos X digitales, tambi\u00e9n conocidos como radiograf\u00eda digital, son una forma avanzada de rayos X que produce im\u00e1genes de rayos X digitales en la pantalla de una computadora sin tener que revelar primero una pel\u00edcula de rayos X intermedia. El equipo utiliza matrices de detectores digitales (DDA) para convertir los rayos X que atraviesan el cuerpo en una imagen digital de alta calidad.<\/p>\n<p>En caso de accidentes, las radiograf\u00edas digitales son efectivas para diagnosticar lesiones como:<\/p>\n<ul>\n<li><strong>Afecciones \u00f3seas y fracturas:<\/strong> los rayos X se utilizan para diagnosticar fracturas y lesiones en las articulaciones, que son t\u00edpicas de las v\u00edctimas de accidentes. Adem\u00e1s, el equipo se utiliza para controlar la progresi\u00f3n del tratamiento sin necesidad de realizar pruebas invasivas.<\/li>\n<li><strong>Lesiones en el pecho:<\/strong> Es com\u00fan que las v\u00edctimas de accidentes sufran lesiones en el pecho, como costillas rotas, dislocaciones de los om\u00f3platos y muchos otros problemas. Las radiograf\u00edas digitales pueden ayudar a identificar problemas que afectan el t\u00f3rax despu\u00e9s de un accidente, ayudando a nuestros especialistas a diagnosticar el origen del problema e identificar una posible soluci\u00f3n lo m\u00e1s r\u00e1pido posible.<\/li>\n<li><strong>Problemas dentales:<\/strong> los rayos X se utilizan para diagnosticar problemas dentales que surgen de accidentes. Por ejemplo, son eficaces para ayudar a los dentistas a diagnosticar una fractura de mand\u00edbula como resultado de un accidente. Adem\u00e1s, las radiograf\u00edas digitales se utilizan para identificar problemas dentales como caries, enfermedades de las enc\u00edas y problemas que afectan las ra\u00edces de las enc\u00edas.<\/li>\n<li><strong>Lesiones de la columna:<\/strong> los rayos X son una excelente herramienta de diagn\u00f3stico para identificar lesiones de la columna derivadas de accidentes. Las radiograf\u00edas digitales ayudan a los ortopedistas a diagnosticar fracturas de columna, hernias de disco y otras lesiones que afectan la m\u00e9dula espinal.<\/li>\n<\/ul>\n<p>&nbsp;<\/p>\n<p>Como puede apreciar, la radiograf\u00eda digital es particularmente \u00fatil para diagnosticar lesiones y la fuente del dolor entre las v\u00edctimas de accidentes. Sin embargo, esta tecnolog\u00eda de im\u00e1genes es \u00fatil m\u00e1s all\u00e1 del diagn\u00f3stico de lesiones por accidentes. Tambi\u00e9n se utiliza para identificar infecciones (como neumon\u00eda y tuberculosis), problemas del sistema digestivo (como inflamaci\u00f3n, \u00falceras y obstrucciones gastrointestinales) y afecciones de los tejidos blandos (como tumores).<\/p>\n<h2>\u00bfPor qu\u00e9 es importante hacerse una radiograf\u00eda despu\u00e9s de un accidente?<\/h2>\n<p><img decoding=\"async\" class=\"alignnone size-full wp-image-3410\" src=\"https:\/\/www.gaspineortho.com\/wp-content\/uploads\/2024\/05\/shutterstock_207938626-min.jpg\" alt=\"Hip Injury Treatment\" width=\"500\" height=\"334\" srcset=\"https:\/\/www.gaspineortho.com\/wp-content\/uploads\/2024\/05\/shutterstock_207938626-min.jpg 500w, https:\/\/www.gaspineortho.com\/wp-content\/uploads\/2024\/05\/shutterstock_207938626-min-300x200.jpg 300w\" sizes=\"(max-width: 500px) 100vw, 500px\" \/><\/p>\n<p>Los accidentes, ya sean accidentes automovil\u00edsticos, ca\u00eddas u otros accidentes con lesiones personales, suelen provocar lesiones internas importantes, como lesiones musculoesquel\u00e9ticas. Este es el tipo de lesiones que afectan los m\u00fasculos y los huesos y que no se pueden diagnosticar adecuadamente simplemente mirando a alguien.<\/p>\n<p>Las radiograf\u00edas digitales de las partes presuntamente lesionadas permiten a los expertos del equipo acceder, diagnosticar y documentar con precisi\u00f3n c\u00f3mo se sufrieron las lesiones y los efectos de las mismas en su bienestar general. Por ejemplo, una radiograf\u00eda de una fractura revelar\u00e1 detalles sobre si se trata de una fractura simple o compuesta.<\/p>\n<p>Del mismo modo, los rayos X ayudan a revelar lesiones ocultas que pueden no ser evidentes sin las im\u00e1genes adecuadas. No todas las fracturas y dislocaciones son inmediatamente palpables o visibles.<\/p>\n<p>Importante, el diagn\u00f3stico preciso de sus lesiones permite a los expertos en salud elaborar un plan de tratamiento personalizado que lo ayudar\u00e1 a recuperarse r\u00e1pidamente de las lesiones derivadas del accidente. A su vez, un diagn\u00f3stico y tratamiento r\u00e1pidos garantizan que los pacientes no sufran complicaciones tard\u00edas, que pueden tener consecuencias nefastas para su salud.<\/p>\n<p>Finalmente, las radiograf\u00edas proporcionan documentos de respaldo cuando realiza un reclamo de seguro. Las im\u00e1genes de rayos X que muestran fracturas y\/o dislocaciones son una prueba irrefutable de que usted result\u00f3 herido durante un accidente.<\/p>\n<p>Como tal, es esencial realizar una radiograf\u00eda de cualquier sospecha de fractura \u00f3sea para comprender el verdadero alcance de la lesi\u00f3n. Los beneficios de una radiograf\u00eda superan con creces cualquier riesgo de utilizar la peque\u00f1a dosis de radiaci\u00f3n ionizante que produce una radiograf\u00eda digital.<\/p>\n<h2>Accidentes que podr\u00edan requerir rayos X para su tratamiento<\/h2>\n<p>Es fundamental que busque atenci\u00f3n m\u00e9dica despu\u00e9s de un accidente. No tome sus lesiones a la ligera y asuma que est\u00e1 bien porque no siente dolor. Algunas lesiones, aunque cr\u00edticas, no son evidentes de inmediato. Cuando visite un centro m\u00e9dico especializado en emergencias y lesiones resultantes de accidentes, los expertos en salud estar\u00e1n en la mejor posici\u00f3n para determinar si necesita o no una radiograf\u00eda.<\/p>\n<p>Dicho esto, el diagn\u00f3stico de las lesiones resultantes de los siguientes accidentes requiere que los pacientes se sometan a una radiograf\u00eda:<\/p>\n<ul>\n<li><a href=\"https:\/\/www.gaspineortho.com\/es\/columbus\/medico-accidente-automovilistico\/\">Accidentes automovil\u00edsticos<\/a>,<\/li>\n<li><a href=\"https:\/\/www.gaspineortho.com\/columbus\/pedestrian-accident-injury-treatment\/\">Accidentes de peatones<\/a>,<\/li>\n<li>Accidentes que causan fracturas de huesos y dislocaciones de articulaciones (como resbalones y ca\u00eddas),<\/li>\n<li>Accidentes que requieren recuperaci\u00f3n de objetos extra\u00f1os,<\/li>\n<li>Accidentes que requieran cirug\u00eda guiada, etc.<\/li>\n<\/ul>\n<p>&nbsp;<\/p>\n<p>Es importante tener en cuenta que las radiograf\u00edas s\u00f3lo se realizan cuando es necesario.<\/p>\n<h2>Perm\u00edtanos diagnosticar r\u00e1pidamente sus lesiones e iniciar el tratamiento<\/h2>\n<p>Nuestros radi\u00f3logos y ortopedistas expertos est\u00e1n siempre disponibles para diagnosticar las lesiones de los pacientes y desarrollar planes de tratamiento personalizados para ayudarlo a recuperarse de sus lesiones. En Georgia Spine &amp; Ortopedia, nuestros radi\u00f3logos est\u00e1n capacitados para priorizar brindar la mejor atenci\u00f3n posible al paciente. Con este fin, nos enfocamos en brindar resultados altamente precisos que ayuden de manera inmediata y confiable a nuestro equipo de ortopedistas a identificar los problemas subyacentes.<\/p>\n<p>Adem\u00e1s, puede estar seguro de que nuestra organizaci\u00f3n lo tratar\u00e1 con compasi\u00f3n y cuidado mientras trabajamos para ayudarlo a recuperarse de su accidente.<\/p>\n<h2>Columna vertebral y columna vertebral de Georgia Ortopedia: servicios eficaces de rayos X de Columbus<\/h2>\n<p>Si bien los rayos X son una t\u00e9cnica de pruebas e im\u00e1genes m\u00e9dicas con siglos de antig\u00fcedad, todav\u00eda son valiosas en la actualidad. Utilizamos la \u00faltima versi\u00f3n de la tecnolog\u00eda: rayos X digitales para proteger a nuestros pacientes de la exposici\u00f3n excesiva a la radiaci\u00f3n y, al mismo tiempo, obtener im\u00e1genes m\u00e9dicas precisas para un diagn\u00f3stico eficaz de las lesiones. Venga a experimentar nuestros servicios de im\u00e1genes de rayos X y tratamiento de lesiones por accidentes de Columbus, l\u00edderes en su clase, en Georgia Spine &amp; Ortoped\u00eda<\/p>\n<p>Ll\u00e1manos al [tel\u00e9fono] para reservar tu cita.<\/p>\n","protected":false},"excerpt":{"rendered":"<p>\u00bfHa estado involucrado en un accidente en Columbus que result\u00f3 en lesiones internas? \u00bfEs usted v\u00edctima de un accidente y sufre dolor en las articulaciones y\/o extremidades? \u00bfTiene hematomas en la piel o sospecha que tiene huesos rotos? Bueno, deber\u00eda visitar nuestro centro de rayos X de Columbus para realizar pruebas de sus lesiones. La [&hellip;]<\/p>\n","protected":false},"author":44,"featured_media":0,"parent":7584,"menu_order":0,"comment_status":"closed","ping_status":"closed","template":"","meta":{"_acf_changed":false,"footnotes":""},"categories":[],"tags":[],"class_list":["post-8077","page","type-page","status-publish","hentry"],"acf":[],"_links":{"self":[{"href":"https:\/\/www.gaspineortho.com\/es\/wp-json\/wp\/v2\/pages\/8077","targetHints":{"allow":["GET"]}}],"collection":[{"href":"https:\/\/www.gaspineortho.com\/es\/wp-json\/wp\/v2\/pages"}],"about":[{"href":"https:\/\/www.gaspineortho.com\/es\/wp-json\/wp\/v2\/types\/page"}],"author":[{"embeddable":true,"href":"https:\/\/www.gaspineortho.com\/es\/wp-json\/wp\/v2\/users\/44"}],"replies":[{"embeddable":true,"href":"https:\/\/www.gaspineortho.com\/es\/wp-json\/wp\/v2\/comments?post=8077"}],"version-history":[{"count":4,"href":"https:\/\/www.gaspineortho.com\/es\/wp-json\/wp\/v2\/pages\/8077\/revisions"}],"predecessor-version":[{"id":9415,"href":"https:\/\/www.gaspineortho.com\/es\/wp-json\/wp\/v2\/pages\/8077\/revisions\/9415"}],"up":[{"embeddable":true,"href":"https:\/\/www.gaspineortho.com\/es\/wp-json\/wp\/v2\/pages\/7584"}],"wp:attachment":[{"href":"https:\/\/www.gaspineortho.com\/es\/wp-json\/wp\/v2\/media?parent=8077"}],"wp:term":[{"taxonomy":"category","embeddable":true,"href":"https:\/\/www.gaspineortho.com\/es\/wp-json\/wp\/v2\/categories?post=8077"},{"taxonomy":"post_tag","embeddable":true,"href":"https:\/\/www.gaspineortho.com\/es\/wp-json\/wp\/v2\/tags?post=8077"}],"curies":[{"name":"wp","href":"https:\/\/api.w.org\/{rel}","templated":true}]}}