{"id":8073,"date":"2024-05-14T09:01:59","date_gmt":"2024-05-14T14:01:59","guid":{"rendered":"https:\/\/www.gaspineortho.com\/columbus\/workplace-injury-treatment\/"},"modified":"2024-09-09T14:14:17","modified_gmt":"2024-09-09T19:14:17","slug":"tratamiento-de-lesiones-laborales","status":"publish","type":"page","link":"https:\/\/www.gaspineortho.com\/es\/columbus\/tratamiento-de-lesiones-laborales\/","title":{"rendered":"Tratamiento de lesiones laborales de Columbus"},"content":{"rendered":"<p>Lamentablemente, a pesar de que en gran medida se pueden prevenir, las lesiones en el lugar de trabajo ocurren con demasiada frecuencia y devastan innumerables vidas en Columbus y en toda Georgia. Los empleados en cualquier lugar de trabajo deben comprender sus responsabilidades y derechos en lo que respecta a lesiones laborales.<\/p>\n<p>Es fundamental que cualquier persona que sufra una lesi\u00f3n o enfermedad relacionada con el trabajo busque tratamiento por lesiones laborales en Columbus para recuperarse.<\/p>\n<p>Obtenga atenci\u00f3n y tratamiento compasivos despu\u00e9s de su trabajo por parte de expertos experimentados en <a href=\"https:\/\/www.gaspineortho.com\/es\/\">Georgia Spine &amp; Ortopedia<\/a>.<\/p>\n<p>Nuestro compromiso con usted y sus seres queridos es garantizar que cada paciente reciba nada menos que atenci\u00f3n m\u00e9dica de primer nivel desde el momento en que cruza nuestras puertas hasta que se completa su recuperaci\u00f3n.<\/p>\n<p>No se arriesgue a sufrir complicaciones en el futuro: nuestros especialistas dedicados en ortopedia, neurolog\u00eda y manejo del dolor est\u00e1n disponibles para brindar atenci\u00f3n inmediata e integral para las lesiones en el lugar de trabajo.<\/p>\n<p>Comun\u00edquese con <a href=\"https:\/\/www.gaspineortho.com\/es\/nuestro-equipo\/\">nuestro equipo<\/a> al [tel\u00e9fono] para programar su cita y dar el primer paso hacia una vida r\u00e1pida y exitosa. recuperaci\u00f3n.<\/p>\n<h2>Qu\u00e9 hacer si ha sufrido una lesi\u00f3n laboral<\/h2>\n<p><img fetchpriority=\"high\" decoding=\"async\" class=\"alignnone wp-image-3303\" src=\"https:\/\/www.gaspineortho.com\/wp-content\/uploads\/2024\/05\/shutterstock_545783518-copy.webp\" alt=\"A doctor shows on a model hip and spine what the work injury treatment process will look like\" width=\"500\" height=\"334\" srcset=\"https:\/\/www.gaspineortho.com\/wp-content\/uploads\/2024\/05\/shutterstock_545783518-copy.webp 1000w, https:\/\/www.gaspineortho.com\/wp-content\/uploads\/2024\/05\/shutterstock_545783518-copy-300x200.webp 300w, https:\/\/www.gaspineortho.com\/wp-content\/uploads\/2024\/05\/shutterstock_545783518-copy-768x512.webp 768w\" sizes=\"(max-width: 500px) 100vw, 500px\" \/><\/p>\n<p>Las consecuencias de una lesi\u00f3n laboral pueden ser devastadoras. Saber qu\u00e9 hacer puede ayudarle a obtener la ayuda que se merece. Estos son los pasos a seguir despu\u00e9s de una lesi\u00f3n laboral.<\/p>\n<h3>Paso 1: Obtenga ayuda<\/h3>\n<p>Lo primero que debe hacer si sufre una lesi\u00f3n laboral es buscar ayuda. Un compa\u00f1ero de trabajo cercano o un supervisor pueden ayudar a levantarlo si se cae o alejarlo de peligros que puedan causar m\u00e1s da\u00f1o. Tambi\u00e9n pueden evaluar sus lesiones y brindarle primeros auxilios si es necesario.<\/p>\n<h3>Paso 2: Notificar e informar la lesi\u00f3n<\/h3>\n<p>Muchas reclamaciones de compensaci\u00f3n por lesiones laborales fracasan porque la v\u00edctima no notific\u00f3 al supervisor. Si no est\u00e1 en condiciones de notificar o redactar un informe formal, su colega inmediato puede hacerlo. El informe debe incluir la naturaleza del accidente, su causa y detalles sobre su lesi\u00f3n.<\/p>\n<p>Su informe formal escrito debe entregarse a la direcci\u00f3n en menos de 24 horas despu\u00e9s de la lesi\u00f3n. El informe debe incluir la fecha, hora, lugar, testigos y hechos del accidente.<\/p>\n<h3>Paso 3: busque tratamiento m\u00e9dico<\/h3>\n<p>El tratamiento inmediato de las lesiones laborales ayuda a evitar que la situaci\u00f3n empeore. No vaya a su m\u00e9dico personal ya que esto puede afectar su reclamo de compensaci\u00f3n laboral. Su supervisor puede indicarle un profesional espec\u00edfico en su \u00e1rea.<\/p>\n<p>El m\u00e9dico evaluar\u00e1 la lesi\u00f3n y la clasificar\u00e1 como que requiere trabajo limitado o fuera de servicio. Siga estrictamente todas las recomendaciones del m\u00e9dico y documente todo.<\/p>\n<h3>Paso 4: Notificar a la compa\u00f1\u00eda de seguros<\/h3>\n<p>Todo empleador est\u00e1 obligado a obtener un seguro de compensaci\u00f3n laboral para cubrir los costos cuando los empleados se lesionan en el trabajo. Aseg\u00farese de que su empleador notifique a la compa\u00f1\u00eda de seguros y proporcione un informe detallado sobre su lesi\u00f3n y evaluaciones m\u00e9dicas.<\/p>\n<p>Si tiene que hablar con el seguro, revele toda la informaci\u00f3n necesaria, incluidos problemas de salud anteriores. Resista la tentaci\u00f3n de exagerar, ya que esto puede poner en peligro su reclamo.<\/p>\n<h3>Paso 5: Cu\u00eddate<\/h3>\n<p>En la medida en que usted no quiera tener desacuerdos con su empleador, su salud es importante. Cuidarse implica no hacer nada de lo que el m\u00e9dico le indique que no haga. Si su empleador le pide que realice tareas fuera de las recomendaciones de su m\u00e9dico, rech\u00e1celas cort\u00e9smente.<\/p>\n<p>Por encima de todo, conc\u00e9ntrate en la curaci\u00f3n. Si no te sientes bien, no vayas a trabajar. Conoces tu cuerpo lo suficientemente bien como para saber cu\u00e1ndo continuar y cu\u00e1ndo parar.<\/p>\n<h2>Causas de lesiones laborales y prevenci\u00f3n<\/h2>\n<p><img decoding=\"async\" class=\"alignnone wp-image-3409 size-full\" src=\"https:\/\/www.gaspineortho.com\/wp-content\/uploads\/2024\/05\/shutterstock_1409572676-min.jpg\" alt=\"Man grabs his right hip in pain after a work injury\" width=\"500\" height=\"334\" srcset=\"https:\/\/www.gaspineortho.com\/wp-content\/uploads\/2024\/05\/shutterstock_1409572676-min.jpg 500w, https:\/\/www.gaspineortho.com\/wp-content\/uploads\/2024\/05\/shutterstock_1409572676-min-300x200.jpg 300w\" sizes=\"(max-width: 500px) 100vw, 500px\" \/><\/p>\n<p>&nbsp;<\/p>\n<p>Las causas comunes de las lesiones laborales pueden variar, pero a menudo surgen de factores identificables que afectan a las personas en diversos entornos laborales.<\/p>\n<p>Desde lesiones por uso excesivo debidas a una t\u00e9cnica deficiente o programas de entrenamiento desequilibrados hasta lesiones agudas como fracturas y esguinces, el lugar de trabajo puede presentar una variedad de peligros que conducen a afecciones ortop\u00e9dicas. Algunas de las causas de las lesiones laborales incluyen:<\/p>\n<ul>\n<li><strong>Exposici\u00f3n a sustancias y entornos nocivos:<\/strong> incluyen exposici\u00f3n a productos qu\u00edmicos, radiaci\u00f3n, ruido, temperaturas extremas, deficiencia de ox\u00edgeno, etc.<\/li>\n<li><strong>Esfuerzo excesivo y reacci\u00f3n corporal:<\/strong> realizar un esfuerzo f\u00edsico extremo en actividades como levantar, empujar, tirar o lanzar objetos.<\/li>\n<li><strong>Resbalones, tropezones y ca\u00eddas:<\/strong> estos pueden incluir desnudarse y tropezarse sin caerse, caer sobre objetos, caerse sentado y caer desde alturas.<\/li>\n<li><strong>Contacto con objetos y equipos:<\/strong> incluye ser golpeado por un objeto que cae, el cuerpo golpea un objeto, ser apretado por un objeto o lesionarse por vibraci\u00f3n.<\/li>\n<\/ul>\n<h2>C\u00f3mo prevenir lesiones laborales<\/h2>\n<p>La prevenci\u00f3n de lesiones en el lugar de trabajo es clave para mantener a todos seguros. Los empleados deben recibir una formaci\u00f3n adecuada en materia de seguridad en el lugar de trabajo.<\/p>\n<p>Los empleadores deben cumplir con las pautas de seguridad de la Administraci\u00f3n de Salud y Seguridad Ocupacional (OSHA). Deben asegurarse de que los empleados tengan el equipo de seguridad adecuado, inspeccionar el equipo y abordar posibles peligros.<\/p>\n<p>En Georgia Spine &amp; Orthapaeadics, nos especializamos en diagnosticar y tratar estas lesiones relacionadas con el trabajo, independientemente de la causa, ofreciendo atenci\u00f3n integral para ayudar a las personas y sus seres queridos a recuperarse y prevenir incidentes futuros.<\/p>\n<p>Ya sea que se trate de lesiones por uso excesivo, lesiones relacionadas con accidentes automovil\u00edsticos o fracturas por accidentes laborales, nuestro equipo se dedica a brindar atenci\u00f3n ortop\u00e9dica experta y <a href=\"https:\/\/www.gaspineortho.com\/es\/columbus\/el-manejo-del-dolor\/\">manejo del dolor<\/a> adaptado a las necesidades de cada paciente.<\/p>\n<h2>Lesiones comunes en el lugar de trabajo<\/h2>\n<p><img decoding=\"async\" class=\"alignnone wp-image-3410 size-full\" src=\"https:\/\/www.gaspineortho.com\/wp-content\/uploads\/2024\/05\/shutterstock_207938626-min.jpg\" alt=\"A Columbus doctor looks at an x-ray of a patient's hips injured in a workplace accident\" width=\"500\" height=\"334\" srcset=\"https:\/\/www.gaspineortho.com\/wp-content\/uploads\/2024\/05\/shutterstock_207938626-min.jpg 500w, https:\/\/www.gaspineortho.com\/wp-content\/uploads\/2024\/05\/shutterstock_207938626-min-300x200.jpg 300w\" sizes=\"(max-width: 500px) 100vw, 500px\" \/><\/p>\n<p>Seg\u00fan el Consejo Nacional de Seguridad, hubo m\u00e1s de 4 mil millones de accidentes laborales consultados m\u00e9dicamente. Cada siete segundos un empleado sufre una lesi\u00f3n en el trabajo. Este estudio muestra cu\u00e1n comunes pueden ser las lesiones laborales. Algunas de estas lesiones incluyen:<\/p>\n<h3>Lesiones por resbalones, tropezones y ca\u00eddas<\/h3>\n<p>Los resbalones, tropezones y ca\u00eddas ocurren cuando existen peligros en el lugar de trabajo. Estos pueden incluir derrames, pasillos irregulares o escaleras sin mantenimiento. Los resbalones, tropezones y ca\u00eddas pueden causar diversas lesiones, incluidas fracturas, <a href=\"https:\/\/www.gaspineortho.com\/es\/lesion-craneal\/\">lesiones en la cabeza<\/a> y dolores de espalda.<\/p>\n<h3>Lesiones relacionadas con el esfuerzo excesivo<\/h3>\n<p>El sobreesfuerzo ocurre cuando los trabajadores utilizan un exceso de fuerza f\u00edsica que sus cuerpos pueden soportar. Las lesiones relacionadas ocurren debido a:<\/p>\n<ul>\n<li><strong>Lesiones por movimientos repetitivos:<\/strong> estas lesiones generalmente se desarrollan gradualmente y a menudo se asocian con actividades como escribir a m\u00e1quina, trabajar en cadenas de montaje u operar maquinaria. La naturaleza repetitiva de estos movimientos puede provocar tensi\u00f3n e inflamaci\u00f3n en tendones, m\u00fasculos y nervios, lo que resulta en afecciones como el s\u00edndrome del t\u00fanel carpiano, tendinitis o bursitis. Con el tiempo, las <a href=\"https:\/\/www.webmd.com\/fitness-exercise\/repetitive-motion-injuries\" target=\"_blank\" rel=\"noopener\">lesiones por movimientos repetitivos<\/a> pueden causar lesiones importantes. malestar, movilidad reducida, funcionalidad reducida o incapacidad para trabajar por completo.<\/li>\n<li><strong>Lesiones por levantamiento y manipulaci\u00f3n:<\/strong> abarcan un amplio espectro de problemas musculoesquel\u00e9ticos que surgen de diversas tareas manuales realizadas en el lugar de trabajo. Estas lesiones a menudo son el resultado de actividades que implican levantar objetos pesados, empujar, sostener, tirar o lanzar objetos.<\/li>\n<\/ul>\n<p>&nbsp;<\/p>\n<p>Ya sea maniobrando equipos voluminosos en un sitio de construcci\u00f3n, transportando mercanc\u00edas en un almac\u00e9n o ayudando a pacientes en un entorno de atenci\u00f3n m\u00e9dica, las exigencias f\u00edsicas impuestas a los trabajadores pueden provocar torceduras, esguinces y otras lesiones musculoesquel\u00e9ticas.<\/p>\n<h3>Cortes, laceraciones y desgarros<\/h3>\n<p>Los cortes pueden ocurrir con equipos como abrecartas o abrecartas. Los equipos con bordes afilados tambi\u00e9n pueden provocar cortes a los empleados y lesionarlos hasta el punto de necesitar una compensaci\u00f3n.<\/p>\n<h3>Colisiones y accidentes<\/h3>\n<p>Las colisiones y accidentes ocurren cuando los empleados conducen veh\u00edculos de la empresa, operan montacargas o manejan remolques. Si un empleado sufre un accidente mientras conduce un veh\u00edculo de la empresa durante el horario laboral, el seguro de lesiones personales no lo cubrir\u00e1.<\/p>\n<p>Necesitar\u00e1n un seguro de compensaci\u00f3n laboral para cubrir los costos.<\/p>\n<h3>Atrapamiento y golpe contra objetos fijos o en movimiento<\/h3>\n<p>Un trabajador puede quedar atrapado o enredarse en equipos en movimiento, estacionarios o giratorios, causando lesiones graves. La ropa, el cabello, las joyas o partes del cuerpo pueden enredarse o quedar atrapados, provocando lesiones que van desde peque\u00f1os hematomas hasta amputaciones.<\/p>\n<p>Conf\u00ede en los capacitados y compasivos expertos en ortopedia y manejo del dolor de Georgia Spine &amp; Ortapedia para proporcionar planes de tratamiento personalizados adaptados a su lesi\u00f3n laboral espec\u00edfica. Recupera la movilidad, alivia el dolor y regresa al trabajo de forma segura con nuestra atenci\u00f3n integral.<\/p>\n<p>Programe su consulta hoy [tel\u00e9fono]<\/p>\n<h2>Tratamiento de Accidentes Laborales<\/h2>\n<p><img loading=\"lazy\" decoding=\"async\" class=\"alignnone wp-image-3348\" src=\"https:\/\/www.gaspineortho.com\/wp-content\/uploads\/2024\/05\/shutterstock_1416519773-copy.webp\" alt=\"Doctor inspects a patient's elbow\" width=\"500\" height=\"334\" srcset=\"https:\/\/www.gaspineortho.com\/wp-content\/uploads\/2024\/05\/shutterstock_1416519773-copy.webp 1000w, https:\/\/www.gaspineortho.com\/wp-content\/uploads\/2024\/05\/shutterstock_1416519773-copy-300x200.webp 300w, https:\/\/www.gaspineortho.com\/wp-content\/uploads\/2024\/05\/shutterstock_1416519773-copy-768x512.webp 768w\" sizes=\"(max-width: 500px) 100vw, 500px\" \/><\/p>\n<p>Recibir tratamiento m\u00e9dico por una lesi\u00f3n en el lugar de trabajo es el primer paso para recuperarse y recuperar su salud. Las opciones de tratamiento de lesiones laborales de GA incluyen:<\/p>\n<h3>Fisioterapia<\/h3>\n<p>La <a href=\"https:\/\/www.gaspineortho.com\/es\/columbus\/fisioterapia\/\">fisioterapia<\/a> incluye tratamientos de fuerza y \u200b\u200bequilibrio para restaurar la funci\u00f3n y el equilibrio del cuerpo. Los tratamientos implican ejercicios que restablecen el rango de movimiento, fortalecen los m\u00fasculos y alivian el dolor.<\/p>\n<p>Las \u00e1reas que pueden requerir tratamiento de fisioterapia incluyen las rodillas, las caderas, el cuello y los hombros.<\/p>\n<h3>Tratamiento Neurol\u00f3gico<\/h3>\n<p>En Georgia Spine &amp; Ortapedia, brindamos tratamiento neurol\u00f3gico para abordar problemas del sistema nervioso. Nuestros m\u00e9dicos utilizan diversas t\u00e9cnicas para restaurar la funci\u00f3n cognitiva y aliviar los s\u00edntomas.<\/p>\n<h3>Manejo del dolor<\/h3>\n<p>Las lesiones en el trabajo pueden causar un dolor extremo. Columna vertebral de Georgia y La ortapedia se especializa en tratamientos para el manejo del dolor para garantizar que los pacientes no sufran demasiado. Las opciones de manejo del dolor incluyen diagn\u00f3stico, intervenciones y rehabilitaci\u00f3n para reducir el dolor y restaurar la funci\u00f3n.<\/p>\n<h2>Obtenga el mejor tratamiento para lesiones laborales<\/h2>\n<p>Nadie planea lesionarse en el trabajo, pero cuando ocurren tales accidentes, obtener el mejor tratamiento debe ser una prioridad. Buscar evaluaci\u00f3n y tratamiento inmediatos por parte de un especialista en ortopedia como Georgia Spine &amp; La ortapedia le salvar\u00e1 del sufrimiento de por vida.<\/p>\n<p>El tratamiento de lesiones laborales de Columbus garantiza que los trabajadores lesionados obtengan la mejor atenci\u00f3n m\u00e9dica para recuperar sus vidas. En Georgia Spine &amp; Ortapedia, ayudamos a los pacientes a lograr una recuperaci\u00f3n exitosa y regresar al trabajo.<\/p>\n<p>Ll\u00e1menos al [tel\u00e9fono] para asegurar su tratamiento de primer nivel para lesiones laborales en Georgia, donde nuestros dedicados especialistas le brindar\u00e1n una atenci\u00f3n incomparable adaptada espec\u00edficamente a sus necesidades. Experimente la tranquilidad de saber que est\u00e1 en manos expertas mientras lo guiamos hacia una recuperaci\u00f3n r\u00e1pida y exitosa.<\/p>\n","protected":false},"excerpt":{"rendered":"<p>Lamentablemente, a pesar de que en gran medida se pueden prevenir, las lesiones en el lugar de trabajo ocurren con demasiada frecuencia y devastan innumerables vidas en Columbus y en toda Georgia. Los empleados en cualquier lugar de trabajo deben comprender sus responsabilidades y derechos en lo que respecta a lesiones laborales. Es fundamental que [&hellip;]<\/p>\n","protected":false},"author":44,"featured_media":0,"parent":7584,"menu_order":0,"comment_status":"closed","ping_status":"closed","template":"","meta":{"_acf_changed":false,"footnotes":""},"categories":[],"tags":[],"class_list":["post-8073","page","type-page","status-publish","hentry"],"acf":[],"_links":{"self":[{"href":"https:\/\/www.gaspineortho.com\/es\/wp-json\/wp\/v2\/pages\/8073","targetHints":{"allow":["GET"]}}],"collection":[{"href":"https:\/\/www.gaspineortho.com\/es\/wp-json\/wp\/v2\/pages"}],"about":[{"href":"https:\/\/www.gaspineortho.com\/es\/wp-json\/wp\/v2\/types\/page"}],"author":[{"embeddable":true,"href":"https:\/\/www.gaspineortho.com\/es\/wp-json\/wp\/v2\/users\/44"}],"replies":[{"embeddable":true,"href":"https:\/\/www.gaspineortho.com\/es\/wp-json\/wp\/v2\/comments?post=8073"}],"version-history":[{"count":6,"href":"https:\/\/www.gaspineortho.com\/es\/wp-json\/wp\/v2\/pages\/8073\/revisions"}],"predecessor-version":[{"id":9410,"href":"https:\/\/www.gaspineortho.com\/es\/wp-json\/wp\/v2\/pages\/8073\/revisions\/9410"}],"up":[{"embeddable":true,"href":"https:\/\/www.gaspineortho.com\/es\/wp-json\/wp\/v2\/pages\/7584"}],"wp:attachment":[{"href":"https:\/\/www.gaspineortho.com\/es\/wp-json\/wp\/v2\/media?parent=8073"}],"wp:term":[{"taxonomy":"category","embeddable":true,"href":"https:\/\/www.gaspineortho.com\/es\/wp-json\/wp\/v2\/categories?post=8073"},{"taxonomy":"post_tag","embeddable":true,"href":"https:\/\/www.gaspineortho.com\/es\/wp-json\/wp\/v2\/tags?post=8073"}],"curies":[{"name":"wp","href":"https:\/\/api.w.org\/{rel}","templated":true}]}}