{"id":8069,"date":"2024-05-14T09:03:39","date_gmt":"2024-05-14T14:03:39","guid":{"rendered":"https:\/\/www.gaspineortho.com\/columbus\/uber-accident-injury-treatment\/"},"modified":"2024-09-09T14:11:26","modified_gmt":"2024-09-09T19:11:26","slug":"tratamiento-de-lesiones-por-uber-accidente","status":"publish","type":"page","link":"https:\/\/www.gaspineortho.com\/es\/columbus\/tratamiento-de-lesiones-por-uber-accidente\/","title":{"rendered":"Tratamiento de lesiones por accidentes de Uber en Columbus"},"content":{"rendered":"<p>\u00bfHa resultado herido en un accidente de Uber? No est\u00e1s solo. Los servicios de viajes compartidos como Uber y Lyft se han convertido en una forma popular de desplazarse, pero desafortunadamente, pueden ocurrir accidentes. Si result\u00f3 herido en una colisi\u00f3n de viaje compartido, recibir el tratamiento adecuado para accidentes de Uber en Columbus es crucial para su recuperaci\u00f3n.<\/p>\n<p>Aqu\u00ed en Georgia Spine &amp; Ortopedia, entendemos los desaf\u00edos \u00fanicos asociados con los accidentes de viajes compartidos y estamos dedicados a ayudarlo a sanar. No espere: \u00a1ll\u00e1menos al [tel\u00e9fono] hoy para programar una consulta y comenzar su camino hacia la recuperaci\u00f3n!<\/p>\n<h2>\u00bfCu\u00e1les son los beneficios de buscar tratamiento despu\u00e9s de un accidente de Uber?<\/h2>\n<p><img fetchpriority=\"high\" decoding=\"async\" class=\"alignnone wp-image-4131\" src=\"https:\/\/www.gaspineortho.com\/wp-content\/uploads\/2024\/05\/shutterstock_577056850-copy.webp\" alt=\"Two cars in an accident - Uber car accident\" width=\"500\" height=\"333\" srcset=\"https:\/\/www.gaspineortho.com\/wp-content\/uploads\/2024\/05\/shutterstock_577056850-copy.webp 1000w, https:\/\/www.gaspineortho.com\/wp-content\/uploads\/2024\/05\/shutterstock_577056850-copy-300x200.webp 300w, https:\/\/www.gaspineortho.com\/wp-content\/uploads\/2024\/05\/shutterstock_577056850-copy-768x511.webp 768w\" sizes=\"(max-width: 500px) 100vw, 500px\" \/><\/p>\n<h3>Reducci\u00f3n del dolor y mejora de la movilidad<\/h3>\n<p><a href=\"https:\/\/www.gaspineortho.com\/es\/nuestro-equipo\/\">Nuestro equipo<\/a> de m\u00e9dicos experimentados puede diagnosticar sus lesiones y crear un plan de tratamiento personalizado para que se recupere y sinti\u00e9ndote mejor. Este plan puede incluir medicamentos, <a href=\"https:\/\/www.gaspineortho.com\/es\/columbus\/fisioterapia\/\">fisioterapia<\/a>, inyecciones u otras intervenciones para controlar su dolor y restaurar su rango de movimiento.<\/p>\n<h3>Documentaci\u00f3n para posibles reclamaciones legales<\/h3>\n<p>Buscar atenci\u00f3n m\u00e9dica de inmediato crea un registro documentado de sus lesiones, incluida la fecha, el tipo y la gravedad. Esta documentaci\u00f3n puede ser vital si decide emprender acciones legales contra la parte culpable para recuperar una compensaci\u00f3n por sus facturas m\u00e9dicas, salarios perdidos y dolor y sufrimiento.<\/p>\n<h3>Tranquilidad<\/h3>\n<p>Saber que est\u00e1 recibiendo la atenci\u00f3n adecuada por parte de profesionales m\u00e9dicos calificados puede reducir significativamente el estr\u00e9s y la ansiedad despu\u00e9s de una experiencia traum\u00e1tica. Un diagn\u00f3stico r\u00e1pido y un plan de tratamiento pueden ayudarle a sentirse m\u00e1s en control de su recuperaci\u00f3n.<\/p>\n<h2>Tipos de lesiones por accidentes de Uber<\/h2>\n<p><img decoding=\"async\" class=\"alignnone wp-image-3879 size-full\" src=\"https:\/\/www.gaspineortho.com\/wp-content\/uploads\/2024\/05\/shutterstock_495722575-min-1.jpg\" alt=\"Man with a broken leg sits on a table during a doctors visit\" width=\"500\" height=\"334\" srcset=\"https:\/\/www.gaspineortho.com\/wp-content\/uploads\/2024\/05\/shutterstock_495722575-min-1.jpg 500w, https:\/\/www.gaspineortho.com\/wp-content\/uploads\/2024\/05\/shutterstock_495722575-min-1-300x200.jpg 300w\" sizes=\"(max-width: 500px) 100vw, 500px\" \/><\/p>\n<p>Los accidentes de viajes compartidos pueden causar una amplia gama de lesiones, seg\u00fan la gravedad de la colisi\u00f3n y su posici\u00f3n en el veh\u00edculo. Estas son algunas de las lesiones m\u00e1s comunes que vemos:<\/p>\n<h3>1. Latigazo<\/h3>\n<p>Se trata de una <a href=\"https:\/\/www.gaspineortho.com\/es\/lesion-en-el-cuello\/\">lesi\u00f3n de los tejidos blandos del cuello<\/a> producida por una sacudida brusca o un movimiento contundente. Los s\u00edntomas pueden incluir dolor de cuello, rigidez, dolores de cabeza y mareos. El latigazo cervical puede afectar significativamente su vida diaria, dificultando girar la cabeza, concentrarse o dormir.<\/p>\n<h3>2. Lesiones de espalda y columna<\/h3>\n<p>Estos pueden variar desde torceduras y esguinces menores hasta lesiones m\u00e1s graves, como hernias de disco o fracturas de columna. El dolor de espalda es una queja com\u00fan despu\u00e9s de un accidente automovil\u00edstico, y la fuerza de una colisi\u00f3n en un viaje compartido puede causar da\u00f1os a los m\u00fasculos, ligamentos y discos de la columna. Las lesiones como las hernias de disco pueden ejercer presi\u00f3n sobre los nervios, provocando dolor, entumecimiento y debilidad que se irradia hacia las piernas.<\/p>\n<h3>3. Lesiones en la cabeza<\/h3>\n<p>Las conmociones cerebrales, los cortes y los moretones son <a href=\"https:\/\/www.gaspineortho.com\/es\/lesion-craneal\/\">lesiones en la cabeza<\/a> comunes que se producen en accidentes automovil\u00edsticos. Una conmoci\u00f3n cerebral puede causar una variedad de s\u00edntomas, que incluyen dolores de cabeza, mareos, n\u00e1useas, problemas de memoria y dificultad para concentrarse. Incluso las lesiones menores en la cabeza deben ser evaluadas por un profesional m\u00e9dico para garantizar que no haya complicaciones subyacentes.<\/p>\n<h3>4. Lesiones de tejidos blandos<\/h3>\n<p>Estos incluyen torceduras, esguinces y contusiones (moretones) en m\u00fasculos, ligamentos y tendones de todo el cuerpo. Los movimientos repentinos y el impacto de un accidente de viaje compartido pueden causar lesiones en los tejidos blandos en cualquier parte del cuerpo, desde los hombros y los brazos hasta las caderas y las piernas. El dolor, la hinchaz\u00f3n y la dificultad para mover el \u00e1rea afectada son s\u00edntomas comunes.<\/p>\n<h3>5. Huesos rotos<\/h3>\n<p>Las fracturas pueden ocurrir en cualquier hueso del cuerpo durante un accidente automovil\u00edstico. La gravedad de una fractura de hueso depender\u00e1 de la <a href=\"https:\/\/www.gaspineortho.com\/es\/ubicaciones\/\">localizaci\u00f3n<\/a> y tipo de fractura. Independientemente del hueso involucrado, las fracturas pueden causar dolor, hinchaz\u00f3n y p\u00e9rdida de funci\u00f3n importantes.<\/p>\n<h3>6. Trauma psicol\u00f3gico<\/h3>\n<p>Los accidentes automovil\u00edsticos tambi\u00e9n pueden ser emocionalmente estresantes y provocar ansiedad, depresi\u00f3n y trastorno de estr\u00e9s postraum\u00e1tico (TEPT). Si experimenta angustia emocional despu\u00e9s de un accidente de viaje compartido, es importante buscar ayuda profesional de un terapeuta o consejero.<\/p>\n<h2>Tratamientos que ofrecemos para lesiones por accidentes de Uber<\/h2>\n<p><img decoding=\"async\" class=\"alignnone wp-image-3344\" src=\"https:\/\/www.gaspineortho.com\/wp-content\/uploads\/2024\/05\/shutterstock_1070432666-copy.webp\" alt=\"A gentleman has his knee worked on by a physical therapist\" width=\"500\" height=\"334\" srcset=\"https:\/\/www.gaspineortho.com\/wp-content\/uploads\/2024\/05\/shutterstock_1070432666-copy.webp 1000w, https:\/\/www.gaspineortho.com\/wp-content\/uploads\/2024\/05\/shutterstock_1070432666-copy-300x200.webp 300w, https:\/\/www.gaspineortho.com\/wp-content\/uploads\/2024\/05\/shutterstock_1070432666-copy-768x513.webp 768w\" sizes=\"(max-width: 500px) 100vw, 500px\" \/><\/p>\n<p>En Georgia Spine &amp; Ortopedia, ofrecemos una amplia gama de opciones de tratamiento para ayudarlo a recuperarse de sus lesiones por accidente de Uber. Estos son algunos de los servicios que brindamos:<\/p>\n<h3>Manejo del dolor<\/h3>\n<p>Nuestro equipo puede ayudarlo a controlar su dolor a trav\u00e9s de una variedad de m\u00e9todos, que incluyen medicamentos, fisioterapia, inyecciones y otras intervenciones no quir\u00fargicas.<\/p>\n<h3>Fisioterapia<\/h3>\n<p>La fisioterapia puede ayudar a mejorar su rango de movimiento, flexibilidad y fuerza, lo que puede mejorar significativamente su vida diaria.<\/p>\n<h3>Atenci\u00f3n quiropr\u00e1ctica<\/h3>\n<p>Los ajustes quiropr\u00e1cticos pueden ayudar a mejorar la alineaci\u00f3n y la funci\u00f3n de la columna, lo que puede aliviar el dolor y mejorar la movilidad.<\/p>\n<h3>Cirug\u00eda ortop\u00e9dica<\/h3>\n<p>En algunos casos, puede ser necesaria una cirug\u00eda para reparar huesos, ligamentos o tendones da\u00f1ados.<\/p>\n<p>Adoptamos un enfoque personalizado para el tratamiento, adaptando nuestro plan a sus necesidades y lesiones espec\u00edficas. Nuestro objetivo es ayudarle a lograr una recuperaci\u00f3n completa y volver a disfrutar de su vida.<\/p>\n<h2>\u00bfCu\u00e1les son los pasos que debo seguir despu\u00e9s de un accidente de Uber, Lyft u otro viaje compartido?<\/h2>\n<p>Si result\u00f3 lesionado en un accidente de viaje compartido, es importante que siga los siguientes pasos:<\/p>\n<p>Busque atenci\u00f3n m\u00e9dica: su salud es la m\u00e1xima prioridad. Llame al 911 o vaya a la sala de emergencias m\u00e1s cercana si tiene lesiones graves. Incluso si sus lesiones parecen menores, es importante consultar a un m\u00e9dico para obtener una evaluaci\u00f3n completa.<\/p>\n<ul>\n<li><strong>Informe el accidente:<\/strong> presente un informe a la polic\u00eda e informe el accidente a Uber o Lyft a trav\u00e9s de su aplicaci\u00f3n.<\/li>\n<li><strong>Documente la escena:<\/strong> tome fotograf\u00edas de la escena del accidente, sus lesiones y cualquier da\u00f1o a los veh\u00edculos involucrados.<\/li>\n<li><strong>Re\u00fana informaci\u00f3n:<\/strong> obtenga los nombres y la informaci\u00f3n de contacto de todas las personas involucradas en el accidente, incluido el otro conductor, los pasajeros y los testigos.<\/li>\n<li><strong>Comun\u00edquese con su compa\u00f1\u00eda de seguros:<\/strong> Notifique a su compa\u00f1\u00eda de seguros sobre el accidente lo antes posible.<\/li>\n<li><strong>Considere la representaci\u00f3n legal:<\/strong> un abogado con experiencia en lesiones personales puede ayudarlo a navegar el proceso legal y garantizar que reciba una compensaci\u00f3n justa por sus lesiones.<\/li>\n<\/ul>\n<h2>\u00bfDebo ir a urgencias despu\u00e9s de un accidente de Uber u otro viaje compartido?<\/h2>\n<p><img loading=\"lazy\" decoding=\"async\" class=\"alignnone wp-image-4138\" src=\"https:\/\/www.gaspineortho.com\/wp-content\/uploads\/2024\/05\/shutterstock_1967420284-copy.webp\" alt=\"Young man holds his neck in pain after being involved in an Uber accident\" width=\"500\" height=\"299\" srcset=\"https:\/\/www.gaspineortho.com\/wp-content\/uploads\/2024\/05\/shutterstock_1967420284-copy.webp 1000w, https:\/\/www.gaspineortho.com\/wp-content\/uploads\/2024\/05\/shutterstock_1967420284-copy-300x179.webp 300w, https:\/\/www.gaspineortho.com\/wp-content\/uploads\/2024\/05\/shutterstock_1967420284-copy-768x458.webp 768w\" sizes=\"(max-width: 500px) 100vw, 500px\" \/><\/p>\n<p>Busque atenci\u00f3n m\u00e9dica de emergencia de inmediato si experimenta cualquiera de los siguientes s\u00edntomas:<\/p>\n<ul>\n<li>P\u00e9rdida del conocimiento<\/li>\n<li>Dificultad para respirar<\/li>\n<li>Dolor intenso<\/li>\n<li>Sangrado que no para<\/li>\n<li>Lesi\u00f3n en la cabeza<\/li>\n<li>Entumecimiento u hormigueo<\/li>\n<\/ul>\n<p>&nbsp;<\/p>\n<p>Si sus lesiones no ponen en peligro su vida pero le causan dolor o malestar, venga a vernos a Georgia Spine &amp; Ortoped\u00eda. Podemos proporcionarle una evaluaci\u00f3n exhaustiva y desarrollar un plan de tratamiento para que regrese al camino de la recuperaci\u00f3n.<\/p>\n<h3>La importancia de la intervenci\u00f3n temprana<\/h3>\n<p>Buscar atenci\u00f3n m\u00e9dica inmediatamente despu\u00e9s de un accidente de viaje compartido es crucial por varias razones. He aqu\u00ed por qu\u00e9 es importante la intervenci\u00f3n temprana:<\/p>\n<ul>\n<li><strong>Diagn\u00f3stico y tratamiento precisos:<\/strong> una evaluaci\u00f3n m\u00e9dica inmediata puede garantizar que reciba un diagn\u00f3stico preciso de sus lesiones. Esto nos permite desarrollar un plan de tratamiento que aborde sus necesidades espec\u00edficas y le ayude a sanar m\u00e1s r\u00e1pido.<\/li>\n<li><strong>Mejores resultados del tratamiento:<\/strong> la intervenci\u00f3n temprana puede conducir a mejores resultados del tratamiento y una recuperaci\u00f3n m\u00e1s r\u00e1pida. Comenzar la fisioterapia o el manejo del dolor temprano puede minimizar el dolor y la rigidez y prevenir complicaciones a largo plazo.<\/li>\n<li><strong>Documentaci\u00f3n para reclamos legales:<\/strong> Como se mencion\u00f3 anteriormente, buscar atenci\u00f3n m\u00e9dica crea un registro documentado de sus lesiones. Esta documentaci\u00f3n puede ser una prueba vital si decide emprender acciones legales contra la parte culpable del accidente.<\/li>\n<\/ul>\n<h2>Por qu\u00e9 elegir Georgia Spine &amp; \u00bfOrtopedia para su recuperaci\u00f3n de un accidente de Uber?<\/h2>\n<p>Aqu\u00ed en Georgia Spine &amp; Ortopedia, entendemos que lidiar con una lesi\u00f3n por accidente de <a href=\"https:\/\/www.uber.com\/global\/en\/cities\/atlanta\/\" target=\"_blank\" rel=\"noopener\">Uber<\/a> puede ser abrumador. Es por eso que estamos comprometidos a brindarle la atenci\u00f3n compasiva y el tratamiento experto que se merece. Estas son solo algunas de las razones por las que deber\u00edamos ser su socio en la recuperaci\u00f3n:<\/p>\n<h3>Experiencia en columna y ortopedia<\/h3>\n<p>Nuestro equipo est\u00e1 formado por m\u00e9dicos altamente capacitados y experimentados que se especializan en el diagn\u00f3stico y tratamiento de una amplia gama de <a href=\"https:\/\/www.gaspineortho.com\/es\/lesion-en-la-columna\/\">lesiones de columna y musculoesquel\u00e9ticas. <\/a>. Ya sea que sufra un latigazo cervical, dolor de espalda o una lesi\u00f3n m\u00e1s compleja, tenemos la experiencia para brindarle el alivio que necesita.<\/p>\n<h3>Atenci\u00f3n personalizada<\/h3>\n<p>Nos tomamos el tiempo para comprender su situaci\u00f3n particular y desarrollar un plan de tratamiento personalizado que aborde sus necesidades y objetivos espec\u00edficos. Creemos en la comunicaci\u00f3n abierta y trabajaremos estrechamente con usted durante todo su viaje de recuperaci\u00f3n.<\/p>\n<h3>Centrarse en el manejo del dolor<\/h3>\n<p>Nuestra prioridad es ayudarlo a controlar su dolor y volver a sentirse mejor. Ofrecemos una variedad de opciones de <a href=\"https:\/\/www.gaspineortho.com\/es\/columbus\/el-manejo-del-dolor\/\">manejo del dolor<\/a>, que incluyen medicamentos, fisioterapia, inyecciones y otros servicios no relacionados. intervenciones quir\u00fargicas.<\/p>\n<h3>Compromiso con soluciones no quir\u00fargicas<\/h3>\n<p>Siempre que sea posible, preferimos utilizar enfoques no quir\u00fargicos para promover la curaci\u00f3n y minimizar el tiempo de recuperaci\u00f3n. Nuestro equipo est\u00e1 altamente capacitado en diversas t\u00e9cnicas no quir\u00fargicas como fisioterapia y <a href=\"https:\/\/www.gaspineortho.com\/es\/columbus\/quiropractico-de-colon\/\">atenci\u00f3n quiropr\u00e1ctica<\/a> que pueden mejorar significativamente su dolor. y movilidad.<\/p>\n<h3>Experiencia en casos de accidentes de viajes compartidos<\/h3>\n<p>Tenemos amplia experiencia en el tratamiento de pacientes lesionados en accidentes de viajes compartidos. Entendemos los desaf\u00edos \u00fanicos asociados con este tipo de reclamos y podemos ayudarlo a navegar el proceso legal.<\/p>\n<h3>Red superior de referencias legales<\/h3>\n<p>Adem\u00e1s de nuestra experiencia interna, hemos creado una s\u00f3lida red de referencias con algunos de los mejores <a href=\"https:\/\/www.gaspineortho.com\/es\/columbus\/medico-de-lesiones-personales\/\">abogados de lesiones personales<\/a> en Georgia. Si decide emprender acciones legales por sus lesiones, podemos conectarlo con un abogado calificado que pueda luchar por la compensaci\u00f3n que se merece.<\/p>\n<h2>Vuelva a ponerse de pie con Georgia Spine &amp; Ortopedia<\/h2>\n<p>No permita que un accidente de Uber le impida vivir su vida. En Georgia Spine &amp; Ortopedia, nos dedicamos a ayudarlo a recuperarse de sus lesiones y a regresar a las actividades que ama.<\/p>\n<p>Con nuestras opciones de tratamiento integrales, atenci\u00f3n compasiva y compromiso con su bienestar, estaremos a su lado en cada paso del camino. \u00a1Ll\u00e1menos al [tel\u00e9fono] hoy para programar una consulta y dar el primer paso hacia una recuperaci\u00f3n completa!<\/p>\n","protected":false},"excerpt":{"rendered":"<p>\u00bfHa resultado herido en un accidente de Uber? No est\u00e1s solo. Los servicios de viajes compartidos como Uber y Lyft se han convertido en una forma popular de desplazarse, pero desafortunadamente, pueden ocurrir accidentes. Si result\u00f3 herido en una colisi\u00f3n de viaje compartido, recibir el tratamiento adecuado para accidentes de Uber en Columbus es crucial [&hellip;]<\/p>\n","protected":false},"author":44,"featured_media":0,"parent":7584,"menu_order":0,"comment_status":"closed","ping_status":"closed","template":"","meta":{"_acf_changed":false,"footnotes":""},"categories":[],"tags":[],"class_list":["post-8069","page","type-page","status-publish","hentry"],"acf":[],"_links":{"self":[{"href":"https:\/\/www.gaspineortho.com\/es\/wp-json\/wp\/v2\/pages\/8069","targetHints":{"allow":["GET"]}}],"collection":[{"href":"https:\/\/www.gaspineortho.com\/es\/wp-json\/wp\/v2\/pages"}],"about":[{"href":"https:\/\/www.gaspineortho.com\/es\/wp-json\/wp\/v2\/types\/page"}],"author":[{"embeddable":true,"href":"https:\/\/www.gaspineortho.com\/es\/wp-json\/wp\/v2\/users\/44"}],"replies":[{"embeddable":true,"href":"https:\/\/www.gaspineortho.com\/es\/wp-json\/wp\/v2\/comments?post=8069"}],"version-history":[{"count":6,"href":"https:\/\/www.gaspineortho.com\/es\/wp-json\/wp\/v2\/pages\/8069\/revisions"}],"predecessor-version":[{"id":9405,"href":"https:\/\/www.gaspineortho.com\/es\/wp-json\/wp\/v2\/pages\/8069\/revisions\/9405"}],"up":[{"embeddable":true,"href":"https:\/\/www.gaspineortho.com\/es\/wp-json\/wp\/v2\/pages\/7584"}],"wp:attachment":[{"href":"https:\/\/www.gaspineortho.com\/es\/wp-json\/wp\/v2\/media?parent=8069"}],"wp:term":[{"taxonomy":"category","embeddable":true,"href":"https:\/\/www.gaspineortho.com\/es\/wp-json\/wp\/v2\/categories?post=8069"},{"taxonomy":"post_tag","embeddable":true,"href":"https:\/\/www.gaspineortho.com\/es\/wp-json\/wp\/v2\/tags?post=8069"}],"curies":[{"name":"wp","href":"https:\/\/api.w.org\/{rel}","templated":true}]}}