{"id":8065,"date":"2024-05-14T09:05:28","date_gmt":"2024-05-14T14:05:28","guid":{"rendered":"https:\/\/www.gaspineortho.com\/columbus\/truck-accident-injury-treatment\/"},"modified":"2024-09-09T14:12:06","modified_gmt":"2024-09-09T19:12:06","slug":"tratamiento-de-lesiones-por-accidente-de-camion","status":"publish","type":"page","link":"https:\/\/www.gaspineortho.com\/es\/columbus\/tratamiento-de-lesiones-por-accidente-de-camion\/","title":{"rendered":"Tratamiento de lesiones por accidentes de camiones en Columbus"},"content":{"rendered":"<p>Los accidentes de camiones son algunos de los accidentes m\u00e1s devastadores en nuestras carreteras hoy en d\u00eda. En la mayor\u00eda de los casos, provocan lesiones catastr\u00f3ficas a los pasajeros del otro veh\u00edculo implicado en el accidente. El tama\u00f1o y peso de estos camiones contribuyen significativamente a los da\u00f1os causados \u200b\u200ba la salud humana y a la propiedad de los involucrados.<\/p>\n<p>Si ha estado involucrado en un accidente de cami\u00f3n, buscar atenci\u00f3n m\u00e9dica adecuada deber\u00eda ser una de sus principales prioridades. En Georgia Spine &amp; Ortopedia, nuestros m\u00e9dicos certificados se especializan en el tratamiento de lesiones sufridas en accidentes de camiones.<\/p>\n<p>Nuestro centro se dedica a brindar atenci\u00f3n ortop\u00e9dica integral a personas afectadas por las secuelas de tales eventos traum\u00e1ticos.<\/p>\n<p>Entendemos el costo f\u00edsico, emocional y financiero que puede tener un accidente de cami\u00f3n. Es por eso que estamos comprometidos a brindar atenci\u00f3n compasiva y personalizada para ayudarlo a sanar y recuperar su vida.<\/p>\n<p>P\u00f3ngase en contacto con nosotros al [tel\u00e9fono] para programar una cita y retomar su camino hacia la recuperaci\u00f3n.<\/p>\n<h2>Tipos de lesiones por accidentes de camiones<\/h2>\n<p><img fetchpriority=\"high\" decoding=\"async\" class=\"alignnone wp-image-3322\" src=\"https:\/\/www.gaspineortho.com\/wp-content\/uploads\/2024\/05\/shutterstock_1931544143-copy.webp\" alt=\"man holding his neck in pain from whiplash\" width=\"500\" height=\"334\" srcset=\"https:\/\/www.gaspineortho.com\/wp-content\/uploads\/2024\/05\/shutterstock_1931544143-copy.webp 1000w, https:\/\/www.gaspineortho.com\/wp-content\/uploads\/2024\/05\/shutterstock_1931544143-copy-300x200.webp 300w, https:\/\/www.gaspineortho.com\/wp-content\/uploads\/2024\/05\/shutterstock_1931544143-copy-768x512.webp 768w\" sizes=\"(max-width: 500px) 100vw, 500px\" \/><\/p>\n<p>Los accidentes de camiones pueden provocar una amplia gama de lesiones. Algunos de los tipos m\u00e1s comunes de accidentes sufridos en accidentes de camiones incluyen:<\/p>\n<h3>Latigazo cervical y lesiones en el cuello<\/h3>\n<p>El latigazo cervical y las <a href=\"https:\/\/www.gaspineortho.com\/es\/lesion-en-el-cuello\/\">lesiones en el cuello<\/a> son algunos de los tipos de lesiones m\u00e1s comunes en accidentes de camiones. Este tipo de lesiones ocurren cuando la cabeza se sacude con fuerza hacia atr\u00e1s y luego hacia adelante, a menudo como resultado del impacto de una colisi\u00f3n.<\/p>\n<p>Esto puede causar da\u00f1o a los tejidos blandos del cuello, provocando dolor, rigidez y movilidad limitada.<\/p>\n<h3>Huesos rotos<\/h3>\n<p>El gran tama\u00f1o y peso de los camiones comerciales a menudo provocan colisiones de alto impacto, que provocan fracturas y fracturas de huesos. Estas lesiones a menudo requieren cirug\u00eda, inmovilizaci\u00f3n y rehabilitaci\u00f3n extensa para recuperar la funci\u00f3n.<\/p>\n<p><a href=\"https:\/\/www.gaspineortho.com\/es\/lesion-craneal\/\">Lesiones en la cabeza<\/a> y lesiones cerebrales traum\u00e1ticas (TBI)<\/p>\n<p>Las lesiones en la cabeza son comunes en los accidentes de camiones y pueden variar desde conmociones cerebrales hasta lesiones cerebrales traum\u00e1ticas graves. Las TBI pueden tener efectos duraderos en la funci\u00f3n cognitiva, la memoria y las habilidades motoras.<\/p>\n<h3>Quemaduras<\/h3>\n<p>En algunos casos, los accidentes de camiones provocan incendios y explosiones. Esto puede provocar quemaduras y lesiones por inhalaci\u00f3n de humo. Las v\u00edctimas de quemaduras suelen sufrir dolores intensos, cicatrices y complicaciones a largo plazo que requieren tratamiento especializado.<\/p>\n<h3>Lesiones de tejidos blandos<\/h3>\n<p>Estas lesiones implican da\u00f1o a m\u00fasculos, tendones y ligamentos y pueden incluir esguinces, torceduras y desgarros. Las lesiones de tejidos blandos pueden causar dolor, hinchaz\u00f3n, hematomas y reducci\u00f3n del rango de movimiento.<\/p>\n<p>Si bien es posible que no sean tan visibles o que pongan en peligro la vida de manera inmediata como otras lesiones, a\u00fan as\u00ed pueden afectar significativamente la movilidad y la calidad de vida de un individuo.<\/p>\n<h3>Amputaciones y p\u00e9rdida de extremidades<\/h3>\n<p>La fuerza de un accidente de cami\u00f3n puede provocar amputaciones traum\u00e1ticas o lesiones graves en las extremidades que pueden requerir intervenci\u00f3n quir\u00fargica y pr\u00f3tesis para la rehabilitaci\u00f3n.<\/p>\n<h2>Tratamientos para lesiones por accidentes de camiones<\/h2>\n<p><img decoding=\"async\" class=\"alignnone wp-image-4134\" src=\"https:\/\/www.gaspineortho.com\/wp-content\/uploads\/2024\/05\/shutterstock_1714082581-copy.webp\" alt=\"Minivan in a head-on truck accident\" width=\"500\" height=\"334\" srcset=\"https:\/\/www.gaspineortho.com\/wp-content\/uploads\/2024\/05\/shutterstock_1714082581-copy.webp 1000w, https:\/\/www.gaspineortho.com\/wp-content\/uploads\/2024\/05\/shutterstock_1714082581-copy-300x200.webp 300w, https:\/\/www.gaspineortho.com\/wp-content\/uploads\/2024\/05\/shutterstock_1714082581-copy-768x512.webp 768w\" sizes=\"(max-width: 500px) 100vw, 500px\" \/><\/p>\n<p><a href=\"https:\/\/www.gaspineortho.com\/es\/\">Georgia Spine &amp; Ortopedia<\/a> ofrece una amplia gama de tratamientos para personas que han sufrido lesiones en accidentes de camiones.<\/p>\n<h3>Fisioterapia<\/h3>\n<p>La fisioterapia juega un papel crucial en el proceso de recuperaci\u00f3n despu\u00e9s de un accidente de cami\u00f3n. Columna vertebral de Georgia y La ortopedia ofrece programas de fisioterapia personalizados para mejorar la fuerza, la flexibilidad y la movilidad, ayudando a los pacientes a recuperar la funci\u00f3n y reducir el dolor.<\/p>\n<h3>Refuerzo y fundici\u00f3n<\/h3>\n<p>Para lesiones que requieren estabilizaci\u00f3n y protecci\u00f3n, se pueden recomendar aparatos ortop\u00e9dicos o yeso. Estos dispositivos ortop\u00e9dicos ayudan a sostener las \u00e1reas lesionadas, promover la curaci\u00f3n y prevenir da\u00f1os mayores.<\/p>\n<h3>Terapia de rehabilitaci\u00f3n<\/h3>\n<p>La terapia de rehabilitaci\u00f3n es esencial para recuperarse de lesiones musculoesquel\u00e9ticas y de tejidos blandos sufridas en accidentes de camiones. Columna vertebral de Georgia y La ortopedia ofrece programas de rehabilitaci\u00f3n personalizados para restaurar la funci\u00f3n, mejorar la movilidad y mejorar el bienestar general.<\/p>\n<h3>Ajustes de la columna y terapia de puntos gatillo<\/h3>\n<p>Para las lesiones de la columna y el dolor musculoesquel\u00e9tico, los ajustes de la columna y la terapia de puntos gatillo pueden brindar alivio al realinear la columna, reducir la compresi\u00f3n nerviosa y liberar la tensi\u00f3n muscular.<\/p>\n<h2>\u00bfQui\u00e9n puede ser considerado responsable por un accidente de cami\u00f3n?<\/h2>\n<p><img decoding=\"async\" class=\"alignnone wp-image-4135\" src=\"https:\/\/www.gaspineortho.com\/wp-content\/uploads\/2024\/05\/shutterstock_1753657874-copy.webp\" alt=\"Car disabled in a truck accident on the highway\" width=\"500\" height=\"340\" srcset=\"https:\/\/www.gaspineortho.com\/wp-content\/uploads\/2024\/05\/shutterstock_1753657874-copy.webp 1000w, https:\/\/www.gaspineortho.com\/wp-content\/uploads\/2024\/05\/shutterstock_1753657874-copy-300x204.webp 300w, https:\/\/www.gaspineortho.com\/wp-content\/uploads\/2024\/05\/shutterstock_1753657874-copy-768x522.webp 768w\" sizes=\"(max-width: 500px) 100vw, 500px\" \/><\/p>\n<p>Determinar la responsabilidad en un accidente de cami\u00f3n puede ser complejo ya que a menudo hay varias partes involucradas. La operaci\u00f3n, mantenimiento y supervisi\u00f3n de camiones comerciales a menudo involucran a varias partes diferentes:<\/p>\n<h3>El camionero<\/h3>\n<p>El conductor del cami\u00f3n suele ser la primera parte considerada responsable en un accidente de cami\u00f3n. Los factores que pueden hacer que un conductor sea responsable incluyen acciones negligentes como exceso de velocidad, conducci\u00f3n distra\u00edda, conducir bajo los efectos del alcohol, fatiga o violar las leyes de tr\u00e1nsito.<\/p>\n<p>Adem\u00e1s, no inspeccionar adecuadamente el cami\u00f3n, asegurar la carga o mantener el control adecuado del veh\u00edculo puede contribuir a la responsabilidad.<\/p>\n<h3>La empresa de camiones<\/h3>\n<p>Las empresas de transporte pueden ser consideradas responsables de los accidentes que involucren a sus conductores seg\u00fan el principio legal de responsabilidad vicaria. Esto significa que los empleadores son responsables de las acciones de sus empleados mientras realizan tareas relacionadas con el trabajo.<\/p>\n<p>Adem\u00e1s de la responsabilidad indirecta, los transportistas tambi\u00e9n pueden ser considerados responsables por pr\u00e1cticas de contrataci\u00f3n negligentes, capacitaci\u00f3n, supervisi\u00f3n o mantenimiento inadecuados de su flota y por incumplimiento de las normas de seguridad.<\/p>\n<h3>El fabricante del cami\u00f3n o de las piezas<\/h3>\n<p>Si un accidente de cami\u00f3n es causado por una pieza o componente defectuoso del cami\u00f3n, el fabricante del veh\u00edculo o la pieza defectuosa puede ser considerado responsable de los da\u00f1os resultantes. Se pueden invocar las leyes de responsabilidad del producto para buscar compensaci\u00f3n por lesiones causadas por defectos de fabricaci\u00f3n, fallas de dise\u00f1o o advertencias inadecuadas.<\/p>\n<h3>Empresa o propietario de carga de carga<\/h3>\n<p>La carga o sujeci\u00f3n inadecuada de la carga puede provocar accidentes, especialmente si la carga se desplaza durante el tr\u00e1nsito. La empresa o persona f\u00edsica responsable del embarque de la carga podr\u00e1 ser considerada responsable de los accidentes causados \u200b\u200bpor carga mal asegurada o sobrecargada.<\/p>\n<h3>Agencias gubernamentales<\/h3>\n<p>Las entidades gubernamentales responsables del dise\u00f1o, la construcci\u00f3n o el mantenimiento de carreteras, como el <a href=\"https:\/\/www.dot.ga.gov\/\" target=\"_blank\" rel=\"noopener\">Georgia DOT<\/a>, pueden ser considerados responsables si su negligencia contribuye a un accidente de cami\u00f3n. Cuestiones como el mal dise\u00f1o de las carreteras, la se\u00f1alizaci\u00f3n inadecuada o la falta de mantenimiento pueden crear condiciones peligrosas que provoquen accidentes.<\/p>\n<h3>Otros conductores<\/h3>\n<p>En algunos casos, otros conductores en la carretera pueden contribuir a un accidente de cami\u00f3n a trav\u00e9s de acciones negligentes, como conducir en los puntos ciegos del cami\u00f3n, cortarle el paso o involucrarse en conductas de conducci\u00f3n imprudentes que conducen a una colisi\u00f3n.<\/p>\n<ul>\n<li>Para determinar la responsabilidad en un accidente de cami\u00f3n a menudo se requiere una investigaci\u00f3n detallada para reunir pruebas, incluidos informes policiales, declaraciones de testigos, registros de mantenimiento del cami\u00f3n, datos electr\u00f3nicos del registrador de datos de eventos del cami\u00f3n y otra informaci\u00f3n relevante.<\/li>\n<li>Trabajar con un abogado experto en accidentes de camiones puede ayudar a las v\u00edctimas a navegar las complejidades de la responsabilidad y obtener la compensaci\u00f3n que merecen por sus lesiones y p\u00e9rdidas. Al identificar a todas las partes potencialmente responsables y construir un caso s\u00f3lido, las v\u00edctimas pueden buscar justicia y responsabilizar a los responsables por el da\u00f1o causado en un accidente de cami\u00f3n.<\/li>\n<\/ul>\n<h2>\u00bfPor qu\u00e9 elegirnos?<\/h2>\n<p><img loading=\"lazy\" decoding=\"async\" class=\"alignnone wp-image-4130\" src=\"https:\/\/www.gaspineortho.com\/wp-content\/uploads\/2024\/05\/shutterstock_282591338-copy.webp\" alt=\"Truck on its side in a rollover accident\" width=\"500\" height=\"334\" srcset=\"https:\/\/www.gaspineortho.com\/wp-content\/uploads\/2024\/05\/shutterstock_282591338-copy.webp 1000w, https:\/\/www.gaspineortho.com\/wp-content\/uploads\/2024\/05\/shutterstock_282591338-copy-300x200.webp 300w, https:\/\/www.gaspineortho.com\/wp-content\/uploads\/2024\/05\/shutterstock_282591338-copy-768x512.webp 768w\" sizes=\"(max-width: 500px) 100vw, 500px\" \/><\/p>\n<p>En Georgia Spine &amp; Ortopedia, ofrecemos servicios integrales y tratamiento especializado adaptado a las lesiones por accidentes de camiones, que incluyen fisioterapia, aparatos ortop\u00e9dicos, ajustes de la columna y terapia de rehabilitaci\u00f3n para ayudar a garantizar una recuperaci\u00f3n completa y r\u00e1pida.<\/p>\n<p>Nuestra pr\u00e1ctica cuenta con un equipo de m\u00e9dicos intervencionistas de columna y especialistas ortop\u00e9dicos certificados que colaboran para ofrecer planes de atenci\u00f3n personalizados para cada paciente, garantizando una atenci\u00f3n individualizada y un tratamiento eficaz.<\/p>\n<p>Adem\u00e1s, contamos con una red de referencia de los mejores abogados de Georgia, lo que facilita el acceso a apoyo legal para las v\u00edctimas de accidentes de camiones que buscan una compensaci\u00f3n.<\/p>\n<p>Le ayudar\u00e1n a garantizar que navegue eficazmente por las complejidades de los casos de accidentes de camiones. Est\u00e1n bien versados \u200b\u200ben litigios por accidentes de camiones y est\u00e1n equipados para manejar negociaciones de seguros. preparado para representar a las v\u00edctimas ante los tribunales si las negociaciones no logran producir un acuerdo justo<\/p>\n<h2>\u00a1Obtenga el tratamiento m\u00e9dico que necesita hoy!<\/h2>\n<p>Si ha estado involucrado en un accidente de cami\u00f3n, obtener el tratamiento m\u00e9dico adecuado es de suma importancia. En Georgia Spine &amp; Ortopedia, contamos con un equipo dedicado de m\u00e9dicos certificados y especialistas en ortopedia que ofrecen tratamientos personalizados para lesiones por accidentes de camiones.<\/p>\n<p>Nos aseguramos de que nuestros pacientes reciban atenci\u00f3n personalizada enfocada en la recuperaci\u00f3n y el bienestar.<\/p>\n<p>Adem\u00e1s, contamos con una red de referencia de los mejores abogados de Georgia que garantiza que las v\u00edctimas tengan acceso a una representaci\u00f3n legal experimentada para afrontar las complejidades de sus casos y obtener la compensaci\u00f3n adecuada.<\/p>\n<p>P\u00f3ngase en contacto con nosotros hoy al [tel\u00e9fono] para programar una cita y emprender el camino de la recuperaci\u00f3n y la m\u00e1xima compensaci\u00f3n.<\/p>\n","protected":false},"excerpt":{"rendered":"<p>Los accidentes de camiones son algunos de los accidentes m\u00e1s devastadores en nuestras carreteras hoy en d\u00eda. En la mayor\u00eda de los casos, provocan lesiones catastr\u00f3ficas a los pasajeros del otro veh\u00edculo implicado en el accidente. El tama\u00f1o y peso de estos camiones contribuyen significativamente a los da\u00f1os causados \u200b\u200ba la salud humana y a [&hellip;]<\/p>\n","protected":false},"author":44,"featured_media":0,"parent":7584,"menu_order":0,"comment_status":"closed","ping_status":"closed","template":"","meta":{"_acf_changed":false,"footnotes":""},"categories":[],"tags":[],"class_list":["post-8065","page","type-page","status-publish","hentry"],"acf":[],"_links":{"self":[{"href":"https:\/\/www.gaspineortho.com\/es\/wp-json\/wp\/v2\/pages\/8065","targetHints":{"allow":["GET"]}}],"collection":[{"href":"https:\/\/www.gaspineortho.com\/es\/wp-json\/wp\/v2\/pages"}],"about":[{"href":"https:\/\/www.gaspineortho.com\/es\/wp-json\/wp\/v2\/types\/page"}],"author":[{"embeddable":true,"href":"https:\/\/www.gaspineortho.com\/es\/wp-json\/wp\/v2\/users\/44"}],"replies":[{"embeddable":true,"href":"https:\/\/www.gaspineortho.com\/es\/wp-json\/wp\/v2\/comments?post=8065"}],"version-history":[{"count":4,"href":"https:\/\/www.gaspineortho.com\/es\/wp-json\/wp\/v2\/pages\/8065\/revisions"}],"predecessor-version":[{"id":9406,"href":"https:\/\/www.gaspineortho.com\/es\/wp-json\/wp\/v2\/pages\/8065\/revisions\/9406"}],"up":[{"embeddable":true,"href":"https:\/\/www.gaspineortho.com\/es\/wp-json\/wp\/v2\/pages\/7584"}],"wp:attachment":[{"href":"https:\/\/www.gaspineortho.com\/es\/wp-json\/wp\/v2\/media?parent=8065"}],"wp:term":[{"taxonomy":"category","embeddable":true,"href":"https:\/\/www.gaspineortho.com\/es\/wp-json\/wp\/v2\/categories?post=8065"},{"taxonomy":"post_tag","embeddable":true,"href":"https:\/\/www.gaspineortho.com\/es\/wp-json\/wp\/v2\/tags?post=8065"}],"curies":[{"name":"wp","href":"https:\/\/api.w.org\/{rel}","templated":true}]}}