{"id":8061,"date":"2024-05-14T08:46:32","date_gmt":"2024-05-14T13:46:32","guid":{"rendered":"https:\/\/www.gaspineortho.com\/columbus\/pain-management\/"},"modified":"2024-09-09T14:29:25","modified_gmt":"2024-09-09T19:29:25","slug":"el-manejo-del-dolor","status":"publish","type":"page","link":"https:\/\/www.gaspineortho.com\/es\/columbus\/el-manejo-del-dolor\/","title":{"rendered":"Manejo del dolor de Col\u00f3n"},"content":{"rendered":"<h2>Manejo del dolor Columbus, GA<\/h2>\n<p>El dolor puede resultar frustrante, de manera significativa, cuando interfiere con el trabajo, el sue\u00f1o y otras actividades como interactuar con amigos y familiares. Columna vertebral de Georgia y El enfoque de Columbus Pain Management de Orthapaedics trata diferentes dolores corporales para ayudar a los pacientes a disfrutar de la vida.<\/p>\n<p>Seg\u00fan The National Academies Press, casi 100 millones de estadounidenses padecen dolor cr\u00f3nico, lo que afecta sus niveles de energ\u00eda y su disfrute general de la vida. La cifra puede parecer insignificante hasta que uno se suma a las v\u00edctimas.<\/p>\n<p>Pero, \u00bfpor qu\u00e9 dejar que el dolor cr\u00f3nico y otros tipos de dolor le estresen? Est\u00e1 a solo una llamada de distancia para reservar una sesi\u00f3n con nuestros especialistas en el manejo del dolor en Columbus, GA. Entendemos su estr\u00e9s y nuestros profesionales est\u00e1n listos para tratarlo.<\/p>\n<h2>\u00bfQu\u00e9 es el manejo del dolor?<\/h2>\n<p>El dolor es un s\u00edntoma de numerosas lesiones, enfermedades y afecciones. Nuestro plan Columbus Pain Management combina diferentes t\u00e9cnicas y tratamientos para diagnosticar y tratar la causa del dolor.<\/p>\n<p>Este enfoque proporciona alivio y mejora la calidad de vida de las v\u00edctimas. Por lo general, empleamos m\u00e9todos y medicamentos no farmacol\u00f3gicos en casos raros.<\/p>\n<h3>Tipos de dolor<\/h3>\n<p>El dolor es el resultado de diferentes complicaciones, como enfermedades y accidentes. Sorprendentemente, algunos tipos de dolor no tienen ninguna causa conocida. Los distintos tipos de dolor incluyen:<\/p>\n<p>1. <strong>Agudo<\/strong>: Se trata de un dolor agudo, generalmente causado por una lesi\u00f3n. Puede resultar de quemaduras, fracturas y espasmos musculares. Nuestros especialistas tratan la causa ra\u00edz para que se sienta mejor del dolor agudo.<\/p>\n<p>2. <strong>Cr\u00f3nico<\/strong>: Es cualquier dolor que dura m\u00e1s de medio a\u00f1o. Generalmente es el resultado de una enfermedad o lesi\u00f3n no tratada. En Georgia Spine &amp; En ortapedia, tratamos diferentes tipos de dolores cr\u00f3nicos, incluido el dolor lumbar.<\/p>\n<p>3. <strong>Nociceptivo<\/strong>: puede experimentar un dolor repentino, de corta duraci\u00f3n o duradero cuando se tira de un m\u00fasculo, se rompe un hueso o se golpea la cabeza. Nuestros especialistas lo tratan para frenar el dolor visceral (\u00f3rganos internos) o som\u00e1tico (sistema musculoesquel\u00e9tico).<\/p>\n<p>4. <strong>Neurop\u00e1tico<\/strong>: el dolor neurop\u00e1tico generalmente afecta los nervios debido a complicaciones en el sistema nervioso. Tambi\u00e9n puede deberse a que el nervio env\u00eda por error se\u00f1ales de dolor sin causar da\u00f1o ni lesi\u00f3n. Nuestros competentes especialistas brindan gran atenci\u00f3n a estos dolores, ya que las v\u00edctimas suelen sufrir enfermedades graves como VIH, diabetes y esclerosis m\u00faltiple.<br \/>\n<img fetchpriority=\"high\" decoding=\"async\" class=\"alignnone wp-image-4290 size-full\" src=\"https:\/\/www.gaspineortho.com\/wp-content\/uploads\/2024\/05\/columbus-pedestrian-accident-treatment.webp\" alt=\"Doctor consulting on customized pain management plans at Georgia Spine &amp; Orthopaedics.\" width=\"500\" height=\"334\" srcset=\"https:\/\/www.gaspineortho.com\/wp-content\/uploads\/2024\/05\/columbus-pedestrian-accident-treatment.webp 500w, https:\/\/www.gaspineortho.com\/wp-content\/uploads\/2024\/05\/columbus-pedestrian-accident-treatment-300x200.webp 300w\" sizes=\"(max-width: 500px) 100vw, 500px\" \/><\/p>\n<h2>Causas del dolor<\/h2>\n<p>El dolor es una experiencia biopsicosocial causada por cambios corporales biol\u00f3gicos y psicol\u00f3gicos, condiciones sociales y experiencias personales. La experiencia suele causar malestar a la v\u00edctima y tratar la causa sigue siendo la \u00fanica opci\u00f3n.<\/p>\n<p>Las diferentes causas del dolor var\u00edan desde causas personales hasta externas. Algunos de ellos pueden incluir:<\/p>\n<h3>Accidentes de carretera<\/h3>\n<p>Seg\u00fan la NHTSA, los accidentes automovil\u00edsticos en todo el pa\u00eds lesionan a m\u00e1s de tres millones de personas al a\u00f1o. A menudo, estos accidentes causan lesiones internas y dolor cr\u00f3nico y prolongado. Los CDC tambi\u00e9n informan que los estadounidenses pasan mucho tiempo en hospitales anualmente debido a accidentes automovil\u00edsticos.<\/p>\n<h3>Estimulaci\u00f3n<\/h3>\n<p>La estimulaci\u00f3n de los receptores del dolor puede causar dolor nociceptivo debido a lesiones en los tejidos corporales. A menudo, el dolor agudo es un tipo particular de dolor nociceptivo.<\/p>\n<h3>Disfunci\u00f3n<\/h3>\n<p>El da\u00f1o o disfunci\u00f3n del cerebro y la columna pueden causar dolor neurop\u00e1tico. Ocurre debido a nervios presurizados, nervios da\u00f1ados y procesos de se\u00f1ales de dolor cerebrales y de columna interrumpidos.<\/p>\n<h3>Psicolog\u00eda<\/h3>\n<p>Los factores psicol\u00f3gicos, como la depresi\u00f3n, afectan la forma en que siente el dolor y su intensidad. Algunas personas pueden experimentar un dolor leve despu\u00e9s de un peque\u00f1o corte, mientras que a otras les resulta intolerable, dependiendo de c\u00f3mo afronten estas situaciones. Sin embargo, la mayor\u00eda de los factores psicol\u00f3gicos rara vez son la \u00fanica causa de algunos dolores.<\/p>\n<p>El dolor es bastante dif\u00edcil de describir, ya que es m\u00e1s una experiencia personal. Sin embargo, es desagradable y puede afectar a una parte espec\u00edfica o a una gran zona del cuerpo. Manejar el dolor, ya sea leve o intolerable, es crucial ya que su diagn\u00f3stico puede revelar condiciones subyacentes.<\/p>\n<p><img decoding=\"async\" class=\"alignnone wp-image-4277 size-full\" src=\"https:\/\/www.gaspineortho.com\/wp-content\/uploads\/2024\/05\/physical-therapist-in-columbus-ga.webp\" alt=\"Patient engaging in a guided physical therapy session to alleviate back pain in Columbus.\" width=\"500\" height=\"334\" srcset=\"https:\/\/www.gaspineortho.com\/wp-content\/uploads\/2024\/05\/physical-therapist-in-columbus-ga.webp 500w, https:\/\/www.gaspineortho.com\/wp-content\/uploads\/2024\/05\/physical-therapist-in-columbus-ga-300x200.webp 300w\" sizes=\"(max-width: 500px) 100vw, 500px\" \/><\/p>\n<h2>\u00bfQu\u00e9 hace un m\u00e9dico especialista en dolor?<\/h2>\n<p>Los especialistas en manejo del dolor se esfuerzan por mejorar la calidad de vida. Las v\u00edctimas de dolor agudo, cr\u00f3nico, nociceptivo y neurop\u00e1tico suelen acudir a estos especialistas en busca de alivio y esperanza.<\/p>\n<p>Columna vertebral de Georgia y Los m\u00e9dicos especialistas en el tratamiento del dolor de Ortapedia utilizan habilidades de \u00faltima generaci\u00f3n para diagnosticar y tratar diversos tipos de dolor. Personalizamos los planes de tratamiento para abordar los factores f\u00edsicos y emocionales que causan dolor en nuestros pacientes.<\/p>\n<p>Nuestros especialistas se esfuerzan por mejorar la funci\u00f3n f\u00edsica del paciente, reducir la intensidad del dolor y aumentar el bienestar general. Utilizamos un enfoque multidisciplinario, que incluye medicaci\u00f3n, fisioterapia y cambios en el estilo de vida. Tambi\u00e9n podemos recomendar cirug\u00edas en algunos casos.<\/p>\n<h2>\u00bfCu\u00e1les son los signos de que se necesita una intervenci\u00f3n contra el dolor?<\/h2>\n<p>Vivir con dolor es bastante debilitante. Los desaf\u00edos var\u00edan seg\u00fan los individuos, pero a menudo empeoran cuando se manejan de manera inadecuada. Considere buscar un tratamiento profesional del dolor en Georgia Spine &amp; Ortapedia si:<\/p>\n<h3>Experimentar dolor constante<\/h3>\n<p>El dolor puede comenzar de forma leve y volverse m\u00e1s intenso con el tiempo. Debe buscar nuestra experiencia m\u00e9dica para frenar la afecci\u00f3n y tratar otras complicaciones subyacentes.<\/p>\n<h3>Siente un dolor agudo que se expande<\/h3>\n<p>Siempre estamos aqu\u00ed para ayudarlo cuando experimente un dolor que se expande por todo el cuerpo. Tal condici\u00f3n puede resultar en dolor cr\u00f3nico y es mejor si intervenimos antes de que empeore.<\/p>\n<h3>Dolor perturbador<\/h3>\n<p>El dolor afecta la calidad de vida al cambiar las experiencias de vida. Ofrecemos medicamentos y fisioterapia a pacientes cuyas vidas se han visto perturbadas por el dolor. Tambi\u00e9n podemos recomendar meditaci\u00f3n, biorretroalimentaci\u00f3n, acupuntura y servicios de salud mental para controlar el dolor.<\/p>\n<h3>Incapacidad para dormir<\/h3>\n<p>Puede desarrollar insomnio debido al dolor. Peor a\u00fan, el insomnio aumentar\u00e1 el dolor y no le dejar\u00e1 otra opci\u00f3n que optar por ayudas para dormir. Considere ser nuestro invitado si sus esfuerzos por aliviar el dolor son in\u00fatiles.<\/p>\n<h2>Tratamientos disponibles en Georgia Spine and Orthapaedics<\/h2>\n<p>En Georgia Spine &amp; En ortapedia, empleamos una amplia gama de tratamientos para diagnosticar y controlar el dolor de forma eficaz. Nuestro equipo interdisciplinario colabora para brindar a los pacientes un enfoque hol\u00edstico para el manejo del dolor, garantizando una mejor calidad de vida. Ofrecemos una variedad de enfoques de tratamiento dise\u00f1ados para abordar diferentes tipos de dolor, que incluyen:<\/p>\n<p>1. <strong>Cirug\u00eda<\/strong>: En los casos en que los tratamientos conservadores no sean efectivos, nuestros especialistas podr\u00e1n recomendar intervenciones quir\u00fargicas para abordar afecciones ortop\u00e9dicas y aliviar el dolor. Los procedimientos quir\u00fargicos se planifican y realizan cuidadosamente para optimizar los resultados y mejorar la calidad de vida de los pacientes.<\/p>\n<p>2. <strong>Inyecciones<\/strong>: <a href=\"https:\/\/www.gaspineortho.com\/es\/columbus\/inyecciones-medicas\/\" target=\"_blank\" rel=\"noopener\">Terapia de inyecciones&lt;\/ a&gt; es una opci\u00f3n de tratamiento com\u00fan que se utiliza para controlar el dolor y la inflamaci\u00f3n en \u00e1reas espec\u00edficas del cuerpo. Nuestros especialistas pueden recomendar inyecciones de corticosteroides o viscosuplementos para reducir la inflamaci\u00f3n, proporcionar lubricaci\u00f3n y mejorar la funci\u00f3n articular, particularmente en casos de dolor de rodilla y otras afecciones ortop\u00e9dicas.<\/a><\/p>\n<p>3. <strong>Gesti\u00f3n m\u00e9dica<\/strong>: Nuestro enfoque de gesti\u00f3n m\u00e9dica implica una variedad de estrategias adaptadas a las necesidades y la condici\u00f3n de cada paciente. Esto puede incluir medicamentos recetados como opioides, esteroides y antidepresivos, cuidadosamente seleccionados en funci\u00f3n de los s\u00edntomas del individuo y la respuesta al tratamiento.<\/p>\n<p>4. <strong>Terapia conductual<\/strong>: la terapia conductual est\u00e1 integrada en nuestros tratamientos de manejo del dolor para ayudar a los pacientes a desarrollar estrategias de afrontamiento y mejorar su calidad de vida. Al centrarse en enfoques pr\u00e1cticos para vivir con dolor, la terapia conductual complementa otros tratamientos y mejora el bienestar general.<\/p>\n<p>5. <strong>Fisioterapia<\/strong>: Nuestros programas de fisioterapia est\u00e1n dise\u00f1ados para mejorar la fuerza, la flexibilidad y la movilidad, ofreciendo soluciones para el manejo del dolor a largo plazo. Al abordar los problemas musculoesquel\u00e9ticos subyacentes y promover el bienestar general, la fisioterapia tiene como objetivo reducir la dependencia de los analg\u00e9sicos y minimizar la necesidad de intervenciones quir\u00fargicas.<\/p>\n<p>6. <strong>Atenci\u00f3n Integral<\/strong>: Nuestra cl\u00ednica ofrece un enfoque integral para el manejo del dolor, combinando varias modalidades para abordar las necesidades \u00fanicas de cada paciente. Al ofrecer una variedad de tratamientos, que incluyen cirug\u00eda, inyecciones y terapia conductual, nos esforzamos por brindar atenci\u00f3n personalizada que optimice los resultados y ayude a los pacientes a lograr un alivio duradero del dolor.<\/p>\n<h2>Condiciones tratadas en Georgia Spine &amp; Ortapedia<\/h2>\n<p>Columna vertebral de Georgia y Orthapaedics\u00a0se dedica\u00a0a crear planes de tratamiento personalizados para ayudar a los pacientes a controlar eficazmente el dolor despu\u00e9s de una lesi\u00f3n. Nuestra experiencia se extiende al apoyo a personas con afecciones neurol\u00f3gicas cr\u00f3nicas, ofreciendo atenci\u00f3n especializada adaptada a sus necesidades \u00fanicas.<\/p>\n<h3>Lesiones ortop\u00e9dicas relacionadas con accidentes<\/h3>\n<p>Las lesiones ortop\u00e9dicas relacionadas con accidentes pueden tener un profundo impacto en la movilidad y la vida diaria, lo que requiere enfoques de tratamiento avanzados para una recuperaci\u00f3n \u00f3ptima. Nuestros especialistas est\u00e1n capacitados para abordar fracturas, da\u00f1os a los tejidos blandos y otros problemas ortop\u00e9dicos resultantes de accidentes.<\/p>\n<h3>Dolor neurop\u00e1tico<\/h3>\n<p>El dolor neurop\u00e1tico, caracterizado por da\u00f1o a los nervios y alteraciones sensoriales, es una afecci\u00f3n compleja que nuestros especialistas est\u00e1n bien equipados para manejar. Desde sensaciones de ardor hasta hormigueo, tenemos el conocimiento para abordar eficazmente afecciones como el s\u00edndrome del t\u00fanel carpiano y otros problemas relacionados con los nervios.<\/p>\n<h3>Manejo del dolor:<\/h3>\n<p>El manejo del dolor cr\u00f3nico es un enfoque clave en nuestra cl\u00ednica, y afecciones como el s\u00edndrome de dolor regional complejo y la fibromialgia requieren atenci\u00f3n especializada. Nuestros profesionales se destacan en el desarrollo de estrategias integrales de manejo del dolor para aliviar el malestar y mejorar la calidad de vida general de nuestros pacientes.<\/p>\n<h2>Obtenga experiencia en el alivio del dolor de Columbus y Georgia Spine &amp; Ortopedia<\/h2>\n<p>En Georgia Spine &amp; Ortapedia, estamos comprometidos a brindar soluciones integrales de manejo del dolor en Columbus, GA, para ayudar a las v\u00edctimas de accidentes y condiciones de dolor cr\u00f3nico a recuperar su calidad de vida y reanudar sus actividades diarias.<\/p>\n<p>Nuestro equipo de especialistas eval\u00faa cuidadosamente las circunstancias \u00fanicas de cada paciente, teniendo en cuenta su historial m\u00e9dico, s\u00edntomas y objetivos personales. Con base en esta evaluaci\u00f3n exhaustiva, desarrollamos planes de tratamiento personalizados que abordan la causa ra\u00edz del dolor y brindan un alivio efectivo.<\/p>\n<p>Nuestras soluciones para el manejo del dolor abarcan una amplia gama de modalidades, incluida la administraci\u00f3n de medicamentos, procedimientos intervencionistas, fisioterapia y terapias alternativas, lo que garantiza que podamos atender las necesidades espec\u00edficas de cada paciente individual.<\/p>\n<p>Independientemente de si usted o un ser querido se enfrenta a un dolor persistente e insoportable tras un accidente o a una enfermedad cr\u00f3nica de larga duraci\u00f3n que altera su vida diaria (desde las relaciones hasta el trabajo y el disfrute de las actividades habituales y sencillas), estamos seguros de que podemos encontrar una soluci\u00f3n eficaz y soluci\u00f3n duradera a su dolor. \u00a1Ayudemos!<\/p>\n<p>Cont\u00e1ctenos al [tel\u00e9fono] para reservar una sesi\u00f3n con nuestros especialistas en manejo del dolor de Columbus y dar el primer paso hacia una vida sin dolor. Nuestro equipo dedicado est\u00e1 aqu\u00ed para apoyarlo en cada paso del camino, brind\u00e1ndole atenci\u00f3n compasiva y tratamientos basados \u200b\u200ben evidencia para ayudarlo a alcanzar sus objetivos y recuperar su independencia.<\/p>\n","protected":false},"excerpt":{"rendered":"<p>Manejo del dolor Columbus, GA El dolor puede resultar frustrante, de manera significativa, cuando interfiere con el trabajo, el sue\u00f1o y otras actividades como interactuar con amigos y familiares. Columna vertebral de Georgia y El enfoque de Columbus Pain Management de Orthapaedics trata diferentes dolores corporales para ayudar a los pacientes a disfrutar de la [&hellip;]<\/p>\n","protected":false},"author":44,"featured_media":0,"parent":7584,"menu_order":0,"comment_status":"closed","ping_status":"closed","template":"","meta":{"_acf_changed":false,"footnotes":""},"categories":[],"tags":[],"class_list":["post-8061","page","type-page","status-publish","hentry"],"acf":[],"_links":{"self":[{"href":"https:\/\/www.gaspineortho.com\/es\/wp-json\/wp\/v2\/pages\/8061","targetHints":{"allow":["GET"]}}],"collection":[{"href":"https:\/\/www.gaspineortho.com\/es\/wp-json\/wp\/v2\/pages"}],"about":[{"href":"https:\/\/www.gaspineortho.com\/es\/wp-json\/wp\/v2\/types\/page"}],"author":[{"embeddable":true,"href":"https:\/\/www.gaspineortho.com\/es\/wp-json\/wp\/v2\/users\/44"}],"replies":[{"embeddable":true,"href":"https:\/\/www.gaspineortho.com\/es\/wp-json\/wp\/v2\/comments?post=8061"}],"version-history":[{"count":5,"href":"https:\/\/www.gaspineortho.com\/es\/wp-json\/wp\/v2\/pages\/8061\/revisions"}],"predecessor-version":[{"id":9414,"href":"https:\/\/www.gaspineortho.com\/es\/wp-json\/wp\/v2\/pages\/8061\/revisions\/9414"}],"up":[{"embeddable":true,"href":"https:\/\/www.gaspineortho.com\/es\/wp-json\/wp\/v2\/pages\/7584"}],"wp:attachment":[{"href":"https:\/\/www.gaspineortho.com\/es\/wp-json\/wp\/v2\/media?parent=8061"}],"wp:term":[{"taxonomy":"category","embeddable":true,"href":"https:\/\/www.gaspineortho.com\/es\/wp-json\/wp\/v2\/categories?post=8061"},{"taxonomy":"post_tag","embeddable":true,"href":"https:\/\/www.gaspineortho.com\/es\/wp-json\/wp\/v2\/tags?post=8061"}],"curies":[{"name":"wp","href":"https:\/\/api.w.org\/{rel}","templated":true}]}}