{"id":8057,"date":"2024-05-14T08:33:54","date_gmt":"2024-05-14T13:33:54","guid":{"rendered":"https:\/\/www.gaspineortho.com\/columbus\/physical-therapy\/"},"modified":"2024-09-09T14:33:03","modified_gmt":"2024-09-09T19:33:03","slug":"fisioterapia","status":"publish","type":"page","link":"https:\/\/www.gaspineortho.com\/es\/columbus\/fisioterapia\/","title":{"rendered":"Fisioterapia Col\u00f3n"},"content":{"rendered":"<h2>Terapia f\u00edsica en Columbus, GA<\/h2>\n<p>Un accidente automovil\u00edstico afecta en gran medida la salud f\u00edsica y el bienestar de la v\u00edctima. En consecuencia, la recuperaci\u00f3n del accidente puede resultar problem\u00e1tica y requerir los servicios de un fisioterapeuta. Sin embargo, seg\u00fan nuestra experiencia, es necesario trabajar con las mejores fisioterapias para mejorar el ritmo y la eficacia de la recuperaci\u00f3n.<\/p>\n<p>Necesita el aporte de terapeutas altamente experimentados que se hayan especializado en trabajar con v\u00edctimas de accidentes. Necesita los mejores proveedores de servicios de fisioterapia de Columbus, como Georgia Spine &amp; Ortoped\u00eda.<\/p>\n<p>\u00a1Ll\u00e1menos hoy al [tel\u00e9fono] para hablar con nuestro fisioterapeuta de accidentes automovil\u00edsticos!<\/p>\n<p><img fetchpriority=\"high\" decoding=\"async\" class=\"alignnone wp-image-4276 size-full\" src=\"https:\/\/www.gaspineortho.com\/wp-content\/uploads\/2024\/05\/columbus-physical-therapy.webp\" alt=\"Patient receiving specialized physical therapy for post-surgical recovery at Columbus clinic.\" width=\"500\" height=\"334\" srcset=\"https:\/\/www.gaspineortho.com\/wp-content\/uploads\/2024\/05\/columbus-physical-therapy.webp 500w, https:\/\/www.gaspineortho.com\/wp-content\/uploads\/2024\/05\/columbus-physical-therapy-300x200.webp 300w\" sizes=\"(max-width: 500px) 100vw, 500px\" \/><\/p>\n<h2>Qu\u00e9 es la fisioterapia<\/h2>\n<p>Tambi\u00e9n conocida como fisioterapia, la fisioterapia es un enfoque de tratamiento que utiliza una combinaci\u00f3n de ejercicios, estiramientos, masajes y otros tratamientos terap\u00e9uticos que dependen de est\u00edmulos f\u00edsicos para aliviar el dolor, fortalecer los m\u00fasculos debilitados y\/o mejorar la movilidad de los pacientes con accidentes automovil\u00edsticos.<\/p>\n<p>Normalmente, el terapeuta elige una combinaci\u00f3n de tratamientos optimizados para recuperarse de las lesiones provocadas por accidentes vehiculares.<\/p>\n<p>As\u00ed, adem\u00e1s de tener en cuenta la condici\u00f3n f\u00edsica del paciente, nuestro especialista tambi\u00e9n considera la necesidad de fortalecer partes concretas del cuerpo o se quiere aliviar el dolor, entre otras consideraciones.<\/p>\n<p>El terapeuta puede utilizar una combinaci\u00f3n de los siguientes tratamientos para lograr los objetivos de la fisioterapia:<\/p>\n<ul>\n<li>Ejercicios que se centran en mover las \u00e1reas problem\u00e1ticas,<\/li>\n<li>Est\u00edmulos f\u00edsicos, incluidos fr\u00edo, calor, ultrasonido y\/o corrientes el\u00e9ctricas, y<\/li>\n<li>Movimientos guiados y pasivos realizados por los terapeutas (como terapia manual y masajes).<\/li>\n<\/ul>\n<p>&nbsp;<\/p>\n<p>Los ejercicios juegan un papel muy importante en la fisioterapia. No s\u00f3lo son fundamentales para fortalecer los m\u00fasculos debilitados, sino que tambi\u00e9n ayudan a mejorar la movilidad y la coordinaci\u00f3n de los pacientes. En las sesiones de ejercicio, el fisioterapeuta instruye a los pacientes sobre c\u00f3mo realizar los ejercicios y realiza un seguimiento de su progreso.<\/p>\n<p>Como parte de su r\u00e9gimen de tratamiento de fisioterapia, el terapeuta tambi\u00e9n podr\u00e1 incorporar tratamientos pasivos si es necesario. Para dicho tratamiento, el terapeuta mueve el cuerpo del paciente o parte de \u00e9l de cierta manera para mejorar la movilidad en las articulaciones r\u00edgidas. Los tratamientos pasivos suelen ser comunes entre pacientes que no pueden mover una articulaci\u00f3n, una extremidad o el cuello despu\u00e9s de un accidente automovil\u00edstico.<\/p>\n<p>Las fisioterapias que se basan en est\u00edmulos f\u00edsicos est\u00e1n dise\u00f1adas para aflojar m\u00fasculos, ligamentos y tejido conectivo para mejorar la movilidad y aliviar el estr\u00e9s y el dolor. Los tratamientos que utilizan est\u00edmulos f\u00edsicos incluyen:<\/p>\n<ul>\n<li>Electroterapia o estimulaci\u00f3n el\u00e9ctrica (e-stim) en forma de estimulaci\u00f3n el\u00e9ctrica neuromuscular optimizada para mejorar las habilidades motoras o estimulaci\u00f3n nerviosa el\u00e9ctrica transcut\u00e1nea para aliviar el dolor.<\/li>\n<li>Iontoforesis,<\/li>\n<li>Drenaje linf\u00e1tico manual (masaje de tejidos para drenar el l\u00edquido),<\/li>\n<li>Terapia de luz,<\/li>\n<li>Terapia de fr\u00edo y<\/li>\n<li>Terapia de calor o calor h\u00famedo.<\/li>\n<\/ul>\n<p>&nbsp;<\/p>\n<p>Con la gran cantidad de opciones de tratamiento disponibles para los pacientes, nuestro terapeuta experimentado elegir\u00e1 la combinaci\u00f3n m\u00e1s efectiva de opciones de tratamiento, creando un r\u00e9gimen personalizado para usted.<\/p>\n<h2>\u00bfEs la fisioterapia lo mismo que la atenci\u00f3n quiropr\u00e1ctica?<\/h2>\n<p>Para los no iniciados, es f\u00e1cil confundir la fisioterapia y la atenci\u00f3n quiropr\u00e1ctica. Despu\u00e9s de todo, ambos se centran en ayudar a los pacientes a aliviar su dolor y mejorar su funci\u00f3n y movimiento sin tener que recurrir a procedimientos invasivos.<\/p>\n<p>Sin embargo, son fundamentalmente diferentes en su enfoque del <a href=\"https:\/\/www.gaspineortho.com\/es\/columbus\/el-manejo-del-dolor\/\" target=\"_blank\" rel=\"noopener\">alivio del dolor fin.<\/a><\/p>\n<p>Para empezar, la fisioterapia se centra en discapacidades y impedimentos f\u00edsicos. Se basa en movimientos y ejercicios guiados para iniciar y ayudar a mover las articulaciones r\u00edgidas o bloqueadas, mejorando as\u00ed la movilidad y el movimiento general del paciente. En este sentido, la fisioterapia se basa en el movimiento de los m\u00fasculos para ayudar a realinear las articulaciones a su posici\u00f3n natural con el tiempo.<\/p>\n<p>En caso de un accidente automovil\u00edstico, la fisioterapia lo lleva a trav\u00e9s de un lento proceso de rehabilitaci\u00f3n y recuperaci\u00f3n, teniendo en cuenta la fuerza de sus m\u00fasculos y el alcance de sus lesiones.<\/p>\n<p>Por otro lado, la atenci\u00f3n quiropr\u00e1ctica se centra en la rehabilitaci\u00f3n del sistema musculoesquel\u00e9tico.<\/p>\n<p>Implica que un quiropr\u00e1ctico profesionalmente capacitado y experimentado ajuste y manipule manualmente las articulaciones (en un proceso conocido como manipulaci\u00f3n de las articulaciones o manipulaci\u00f3n de la columna para la columna) para realinear las articulaciones desalineadas.<\/p>\n<p>Con este fin, los quiropr\u00e1cticos utilizan sus manos y otras herramientas especializadas para aplicar presi\u00f3n en las \u00e1reas problem\u00e1ticas, aliviando la presi\u00f3n y la rigidez.<\/p>\n<p>Tambi\u00e9n existe una diferencia en c\u00f3mo y cu\u00e1ndo se aplican los dos tipos de terapias. Los pacientes pueden y se les anima a continuar realizando fisioterapia. Sin embargo, la atenci\u00f3n quiropr\u00e1ctica s\u00f3lo debe ser realizada por un profesional experimentado, para que no se agraven las lesiones.<\/p>\n<h2>\u00bfQu\u00e9 trata un fisioterapeuta de accidentes automovil\u00edsticos?<\/h2>\n<p><img decoding=\"async\" class=\"alignnone wp-image-4277 size-full\" src=\"https:\/\/www.gaspineortho.com\/wp-content\/uploads\/2024\/05\/physical-therapist-in-columbus-ga.webp\" alt=\"Close-up of a physical therapist applying therapeutic ultrasound for muscle recovery in Columbus, Georgia.\" width=\"500\" height=\"334\" srcset=\"https:\/\/www.gaspineortho.com\/wp-content\/uploads\/2024\/05\/physical-therapist-in-columbus-ga.webp 500w, https:\/\/www.gaspineortho.com\/wp-content\/uploads\/2024\/05\/physical-therapist-in-columbus-ga-300x200.webp 300w\" sizes=\"(max-width: 500px) 100vw, 500px\" \/><\/p>\n<h3>1. Lesiones de la m\u00e9dula espinal y lesiones articulares<\/h3>\n<p>La fisioterapia disminuye el dolor y ayuda a las v\u00edctimas de accidentes automovil\u00edsticos que sufren hernias de disco a recuperarse de sus lesiones.<\/p>\n<p>Un r\u00e9gimen de fisioterapia bien elaborado que incluya movilizaciones de las articulaciones de las caderas, la columna lumbar y la columna tor\u00e1cica, punci\u00f3n seca en los puntos gatillo y movilizaci\u00f3n de los tejidos blandos aborda el dolor asociado con el dolor de espalda y las articulaciones.<\/p>\n<p>Tambi\u00e9n ayuda a los pacientes a mejorar su fuerza y \u200b\u200bmovilidad, las cuales son esenciales para una recuperaci\u00f3n completa.<\/p>\n<h3>2. Esguinces y distensiones<\/h3>\n<p>Los esguinces y torceduras son comunes en los accidentes automovil\u00edsticos, incluso en accidentes de baja velocidad. Si bien se trata de lesiones comunes, pueden resultar sorprendentemente dif\u00edciles de curar si se realiza una intervenci\u00f3n insuficiente.<\/p>\n<p>La fisioterapia mejora la tasa de curaci\u00f3n y minimiza el dolor de esguinces y torceduras. Los ejercicios aumentan la circulaci\u00f3n sangu\u00ednea, aumentando el suministro de sangre rica en ox\u00edgeno a las zonas lesionadas y estimulando la curaci\u00f3n natural del cuerpo.<\/p>\n<h3>3. Trastorno asociado al latigazo cervical (WAD)<\/h3>\n<p>Se trata de un conjunto de s\u00edntomas (como dolores de cabeza inespec\u00edficos, dolor de cuello, rigidez de hombros, debilidad de hombros y dolor en la articulaci\u00f3n temporomandibular) que afectan el cuello causado por la r\u00e1pida aceleraci\u00f3n y desaceleraci\u00f3n provocada por un accidente.<\/p>\n<p>De manera similar al tratamiento de esguinces y torceduras, la fisioterapia mejora la capacidad del cuerpo para recuperar WAD.<\/p>\n<h3>4. Recuperarse de fracturas<\/h3>\n<p>La fisioterapia de fracturas es parte integral de muchas recuperaciones posteriores a accidentes automovil\u00edsticos. Despu\u00e9s de todo, muchas v\u00edctimas de accidentes automovil\u00edsticos sufren fracturas en sus extremidades. Generalmente, la fisioterapia de fracturas comienza poco despu\u00e9s de que se inmoviliza la fractura.<\/p>\n<p>Por lo general, est\u00e1 dise\u00f1ado para estimular la carga de peso, reducir el dolor, reducir la hinchaz\u00f3n, mantener o recuperar el rango de movimiento de las \u00e1reas alrededor de las articulaciones, mantener la fuerza alrededor de las regiones inmovilizadas y evitar que se desarrolle debilidad y rigidez alrededor de la regi\u00f3n inmovilizada.<\/p>\n<h3>5. Trastorno posconmoci\u00f3n cerebral<\/h3>\n<p>Los accidentes automovil\u00edsticos tienden a causar m\u00faltiples lesiones que requieren fisioterapia para una adecuada recuperaci\u00f3n. Sin embargo, estos accidentes tambi\u00e9n son famosos por provocar conmociones cerebrales.<\/p>\n<p>Los fisioterapeutas tienen experiencia en ayudar a los pacientes a realizar fisioterapia dise\u00f1ada para recuperarse de sus lesiones sin forzar ni sobrecargar el cerebro, lo que requiere descanso para recuperarse de una conmoci\u00f3n cerebral.<\/p>\n<h2>Por qu\u00e9 es importante para su acuerdo de accidente automovil\u00edstico seguir los consejos de su fisioterapeuta<\/h2>\n<p>En el \u00e1mbito de la salud personal, debe hacer un esfuerzo por seguir los consejos de su terapeuta. Despu\u00e9s de todo, se beneficiar\u00e1 enormemente de una recuperaci\u00f3n m\u00e1s r\u00e1pida, evitando potencialmente procedimientos invasivos, minimizando el dolor, reduciendo el riesgo de desarrollar enfermedades cr\u00f3nicas, mejorando su fuerza y \u200b\u200bmejorando su movilidad y funci\u00f3n.<\/p>\n<p>Sin embargo, el cumplimiento de los consejos de su terapeuta puede influir en su acuerdo. Es posible que una compa\u00f1\u00eda de seguros o el tribunal no le crean cuando diga que el accidente le caus\u00f3 dolor.<\/p>\n<p>Sin embargo, est\u00e1n m\u00e1s inclinados a creer que experiment\u00f3 un dolor y sufrimiento inmensos despu\u00e9s del accidente automovil\u00edstico si hay una evaluaci\u00f3n realizada por un fisioterapeuta profesional y autorizado que observe que su nivel de dolor y limitaci\u00f3n de movimiento estaban en un 10 en una escala del 1 al 10.<\/p>\n<p>Adem\u00e1s, los peritos de seguros y los tribunales est\u00e1n m\u00e1s dispuestos a ceder a sus demandas de compensaci\u00f3n si puede demostrar que sigui\u00f3 las instrucciones de un fisioterapeuta.<\/p>\n<h3>Para garantizar que su fisioterapia no obstaculice su liquidaci\u00f3n, debe:<\/h3>\n<ul>\n<li><strong>Asista a todas las sesiones de terapia<\/strong>: esto no solo es bueno para su recuperaci\u00f3n general, sino que tambi\u00e9n proporciona un argumento s\u00f3lido para sus demandas de acuerdo. Por el contrario, saltarse las sesiones de terapia le da al ajustador de la compa\u00f1\u00eda de seguros motivos para reducir su compensaci\u00f3n o negar por completo sus demandas de compensaci\u00f3n.<\/li>\n<li><strong>Mantenga todos los registros de su visita<\/strong>: las compa\u00f1\u00edas de seguros dependen en gran medida de los registros m\u00e9dicos para determinar qu\u00e9 tan herido est\u00e1. Adem\u00e1s, su registro m\u00e9dico proporciona pruebas claras y concisas de que su accidente caus\u00f3 da\u00f1o f\u00edsico y mental, ya que tiene que dedicar tiempo y esfuerzo a la recuperaci\u00f3n f\u00edsica. Como tal, usted conserva todos los registros m\u00e9dicos relacionados con su fisioterapia.<\/li>\n<li><strong>Lleve un diario que documente cada sesi\u00f3n<\/strong>: adem\u00e1s de asistir a todas las sesiones de fisioterapia, lleve un diario que documente sus experiencias, especialmente las relacionadas con el dolor y el sufrimiento que experimenta. Registre sus pensamientos sobre su proceso de recuperaci\u00f3n y c\u00f3mo el accidente y el proceso de recuperaci\u00f3n afectan sus tareas diarias, incluido el trabajo y los pasatiempos.<\/li>\n<\/ul>\n<p>&nbsp;<\/p>\n<p>Con a\u00f1os de experiencia en el manejo de la recuperaci\u00f3n posterior a un accidente automovil\u00edstico para muchos pacientes, puede confiar en que nuestro personal lo ayudar\u00e1 a documentar su proceso de recuperaci\u00f3n y el costo en su vida.<\/p>\n<p>Hemos invertido en una comunicaci\u00f3n eficaz, asegur\u00e1ndonos de recordarles a nuestros pacientes sus pr\u00f3ximas citas. Esto minimiza las sesiones perdidas y mejora su rumbo para obtener una compensaci\u00f3n leg\u00edtima por accidente automovil\u00edstico.<\/p>\n<h2>Columna vertebral y columna vertebral de Georgia Ortopedia: el mejor proveedor de servicios de fisioterapia de Columbus<\/h2>\n<p>Es com\u00fan que las v\u00edctimas de accidentes experimenten un dolor persistente durante meses despu\u00e9s del accidente. Lo peor es que la movilidad limitada, el dolor, la hinchaz\u00f3n y la rigidez pueden acompa\u00f1ar al dolor, afectando su calidad de vida y su capacidad para continuar trabajando, aprendiendo o incluso disfrutando de sus pasatiempos.<\/p>\n<p>Si se encuentra en tal situaci\u00f3n, debe programar una visita a Georgia Spine &amp; Ortopedia para los mejores servicios de fisioterapia de Columbus. No permita que el dolor empeore y cause complicaciones.<\/p>\n<p>Nuestro equipo de fisioterapeutas experimentados est\u00e1 siempre disponible para ayudarle a recuperarse completamente despu\u00e9s del accidente. Ll\u00e1menos hoy al [tel\u00e9fono] para programar su cita de evaluaci\u00f3n de fisioterapia. \u00a1Tambi\u00e9n damos la bienvenida a personas sin cita previa!<\/p>\n","protected":false},"excerpt":{"rendered":"<p>Terapia f\u00edsica en Columbus, GA Un accidente automovil\u00edstico afecta en gran medida la salud f\u00edsica y el bienestar de la v\u00edctima. En consecuencia, la recuperaci\u00f3n del accidente puede resultar problem\u00e1tica y requerir los servicios de un fisioterapeuta. Sin embargo, seg\u00fan nuestra experiencia, es necesario trabajar con las mejores fisioterapias para mejorar el ritmo y la [&hellip;]<\/p>\n","protected":false},"author":44,"featured_media":0,"parent":7584,"menu_order":0,"comment_status":"closed","ping_status":"closed","template":"","meta":{"_acf_changed":false,"footnotes":""},"categories":[],"tags":[],"class_list":["post-8057","page","type-page","status-publish","hentry"],"acf":[],"_links":{"self":[{"href":"https:\/\/www.gaspineortho.com\/es\/wp-json\/wp\/v2\/pages\/8057","targetHints":{"allow":["GET"]}}],"collection":[{"href":"https:\/\/www.gaspineortho.com\/es\/wp-json\/wp\/v2\/pages"}],"about":[{"href":"https:\/\/www.gaspineortho.com\/es\/wp-json\/wp\/v2\/types\/page"}],"author":[{"embeddable":true,"href":"https:\/\/www.gaspineortho.com\/es\/wp-json\/wp\/v2\/users\/44"}],"replies":[{"embeddable":true,"href":"https:\/\/www.gaspineortho.com\/es\/wp-json\/wp\/v2\/comments?post=8057"}],"version-history":[{"count":5,"href":"https:\/\/www.gaspineortho.com\/es\/wp-json\/wp\/v2\/pages\/8057\/revisions"}],"predecessor-version":[{"id":9421,"href":"https:\/\/www.gaspineortho.com\/es\/wp-json\/wp\/v2\/pages\/8057\/revisions\/9421"}],"up":[{"embeddable":true,"href":"https:\/\/www.gaspineortho.com\/es\/wp-json\/wp\/v2\/pages\/7584"}],"wp:attachment":[{"href":"https:\/\/www.gaspineortho.com\/es\/wp-json\/wp\/v2\/media?parent=8057"}],"wp:term":[{"taxonomy":"category","embeddable":true,"href":"https:\/\/www.gaspineortho.com\/es\/wp-json\/wp\/v2\/categories?post=8057"},{"taxonomy":"post_tag","embeddable":true,"href":"https:\/\/www.gaspineortho.com\/es\/wp-json\/wp\/v2\/tags?post=8057"}],"curies":[{"name":"wp","href":"https:\/\/api.w.org\/{rel}","templated":true}]}}