{"id":8051,"date":"2024-05-14T08:39:52","date_gmt":"2024-05-14T13:39:52","guid":{"rendered":"https:\/\/www.gaspineortho.com\/columbus\/personal-injury-doctor\/"},"modified":"2024-09-09T14:31:32","modified_gmt":"2024-09-09T19:31:32","slug":"medico-de-lesiones-personales","status":"publish","type":"page","link":"https:\/\/www.gaspineortho.com\/es\/columbus\/medico-de-lesiones-personales\/","title":{"rendered":"Columbus Doctor en Lesiones Personales"},"content":{"rendered":"<h2>M\u00e9dico de lesiones personales en Columbus, GA<\/h2>\n<p>Cada a\u00f1o que pasa, miles de personas se ven involucradas en diferentes tipos de accidentes, lo que resulta en diversas lesiones personales. Adem\u00e1s de la tensi\u00f3n mental y emocional, las v\u00edctimas tambi\u00e9n tienen que lidiar con el dolor f\u00edsico causado por estas lesiones.<\/p>\n<p>Nuestro m\u00e9dico de lesiones personales de Columbus puede tratar todas las lesiones musculoesquel\u00e9ticas en las extremidades, la espalda y el cuello.<\/p>\n<p><a href=\"https:\/\/www.gaspineortho.com\/es\/nuestro-equipo\/\">Nuestro equipo<\/a> utiliza diferentes tratamientos para ayudarte a controlar el dolor y las molestias resultantes de tus lesiones.<\/p>\n<p>Adem\u00e1s de brindar testimonio experto, estos especialistas experimentados tambi\u00e9n pueden ayudarlo a recopilar todos los documentos m\u00e9dicos que necesita para presentar un reclamo por lesiones personales y obtener la compensaci\u00f3n que se merece.<\/p>\n<p>Si ha sufrido lesiones personales debido a la conducta il\u00edcita, descuidada o negligente de otra persona, Georgia Spine &amp; La ortopedia puede ayudar. Llame al [tel\u00e9fono] hoy para hablar con uno de nuestros especialistas con experiencia en lesiones personales o para programar una consulta.<\/p>\n<h2>\u00bfQu\u00e9 es un m\u00e9dico de lesiones personales?<\/h2>\n<p>Estos son m\u00e9dicos que se enfocan en tratar una amplia variedad de afecciones utilizando diferentes enfoques m\u00e9dicos. Es posible que necesite consultar a un especialista de este tipo si se ha visto involucrado en un accidente y ha sufrido lesiones personales.<\/p>\n<p>Una lesi\u00f3n personal ocurre cuando un individuo resulta lesionado como resultado de la conducta negligente de otra parte. Este t\u00e9rmino de uso com\u00fan se refiere a las lesiones f\u00edsicas infligidas al cuerpo de un individuo.<\/p>\n<p>Los ejemplos comunes aqu\u00ed incluyen lesiones resultantes de negligencia m\u00e9dica, accidentes por resbalones y ca\u00eddas, as\u00ed como accidentes automovil\u00edsticos.<\/p>\n<p>Los m\u00e9dicos personales desempe\u00f1an un papel esencial en la recuperaci\u00f3n de un paciente. Estos expertos tambi\u00e9n tienen un papel influyente en cualquier reclamo legal que decida presentar contra la parte considerada responsable de sus lesiones.<\/p>\n<p><a href=\"https:\/\/www.gaspineortho.com\/wp-content\/uploads\/2024\/05\/columbus-car-accident-doctor.webp\"><img fetchpriority=\"high\" decoding=\"async\" class=\"alignnone wp-image-4283\" src=\"https:\/\/www.gaspineortho.com\/wp-content\/uploads\/2024\/05\/columbus-car-accident-doctor.webp\" alt=\"Personal injury doctors at Columbus clinic consulting with a patient about injury recovery.\" width=\"500\" height=\"349\" srcset=\"https:\/\/www.gaspineortho.com\/wp-content\/uploads\/2024\/05\/columbus-car-accident-doctor.webp 1000w, https:\/\/www.gaspineortho.com\/wp-content\/uploads\/2024\/05\/columbus-car-accident-doctor-300x209.webp 300w, https:\/\/www.gaspineortho.com\/wp-content\/uploads\/2024\/05\/columbus-car-accident-doctor-768x535.webp 768w\" sizes=\"(max-width: 500px) 100vw, 500px\" \/><\/a><\/p>\n<h2>\u00bfPor qu\u00e9 deber\u00eda recibir atenci\u00f3n m\u00e9dica despu\u00e9s de una lesi\u00f3n personal?<\/h2>\n<p>Es normal sentirse confundido y abrumado despu\u00e9s de verse involucrado en un accidente, especialmente considerando la naturaleza inesperada de estos sucesos. Sin embargo, siempre debe tratar su salud como una prioridad y obtener atenci\u00f3n m\u00e9dica inmediatamente despu\u00e9s de un accidente.<\/p>\n<p>Esto no s\u00f3lo ayuda a salvaguardar su salud general, sino que tambi\u00e9n influye en el resultado de cualquier reclamo legal que pueda presentar en el futuro.<\/p>\n<p>Los accidentes pueden provocar descargas el\u00e9ctricas y lesiones internas que pueden pasar desapercibidas. Incluso si no siente ning\u00fan dolor o molestia, es importante que busque atenci\u00f3n m\u00e9dica.<\/p>\n<p>Esto permitir\u00e1 a los profesionales de la salud examinar su cuerpo y detectar cualquier lesi\u00f3n, sin importar cu\u00e1n leves puedan parecer.<\/p>\n<p>Adem\u00e1s, una evaluaci\u00f3n m\u00e9dica integral puede ser de gran ayuda para establecer un v\u00ednculo entre sus lesiones y el accidente, en caso de que decida buscar una compensaci\u00f3n por su sufrimiento y dolor.<\/p>\n<h2>Beneficios del tratamiento m\u00e9dico despu\u00e9s de una lesi\u00f3n personal<\/h2>\n<p>Hay muchas ventajas de consultar a un m\u00e9dico despu\u00e9s de sufrir un accidente. Algunos de los principales incluyen:<\/p>\n<h3>1. Tratamiento adecuado de las lesiones<\/h3>\n<p>Las lesiones, incluidas las que parecen menores, pueden causarle dolor o exponerlo a un riesgo significativo de discapacidad. Teniendo esto en cuenta, identificar y tratar sus lesiones es uno de los beneficios m\u00e1s importantes de buscar atenci\u00f3n m\u00e9dica despu\u00e9s de sufrir una lesi\u00f3n personal.<\/p>\n<p>La falta de formaci\u00f3n m\u00e9dica combinada con la adrenalina y el shock asociados con los accidentes pueden dejarlo en un estado de confusi\u00f3n, lo que significa que no puede evaluar adecuadamente su condici\u00f3n.<\/p>\n<p>Cuando reciba tratamiento, su proveedor de atenci\u00f3n m\u00e9dica se tomar\u00e1 el tiempo para evaluarlo cuidadosamente e identificar cualquier lesi\u00f3n aparente u oculta. El m\u00e9dico tambi\u00e9n podr\u00e1 tratar sus lesiones sin demora.<\/p>\n<p>Todo esto ayudar\u00e1 a salvaguardar su bienestar general.<\/p>\n<h3>2. Prevenir m\u00e1s lesiones<\/h3>\n<p>Puede sufrir una variedad de lesiones musculoesquel\u00e9ticas en brazos, piernas y espalda, despu\u00e9s de verse involucrado en un accidente. Algunas lesiones, como el latigazo cervical, pueden volverse m\u00e1s graves si no recibe tratamiento lo antes posible.<\/p>\n<p>No asistir a las citas de seguimiento o no seguir las recomendaciones de tratamiento puede afectar negativamente su recuperaci\u00f3n.<\/p>\n<h3>3. Documentaci\u00f3n de sus lesiones<\/h3>\n<p>Si decide reclamar una indemnizaci\u00f3n presentando un reclamo legal contra la parte considerada responsable de sus lesiones, puede utilizar los registros de su evaluaci\u00f3n y tratamiento m\u00e9dico como prueba.<\/p>\n<p>Mantener un registro completo de todas las recetas, tratamientos y visitas m\u00e9dicas puede fortalecer su reclamo.<\/p>\n<p>Tambi\u00e9n es importante tener en cuenta que si no busca atenci\u00f3n m\u00e9dica y no realiza un seguimiento del tratamiento, se puede argumentar que no sufri\u00f3 ninguna lesi\u00f3n en el accidente. Esto puede debilitar significativamente su caso.<\/p>\n<p><img decoding=\"async\" class=\"alignnone wp-image-4284 size-full\" src=\"https:\/\/www.gaspineortho.com\/wp-content\/uploads\/2024\/05\/car-accident-doctor-columbus-ga.jpeg\" alt=\"Orthopaedic consultation for personal injuries at Georgia Spine &amp; Orthopaedics.\" width=\"500\" height=\"334\" srcset=\"https:\/\/www.gaspineortho.com\/wp-content\/uploads\/2024\/05\/car-accident-doctor-columbus-ga.jpeg 500w, https:\/\/www.gaspineortho.com\/wp-content\/uploads\/2024\/05\/car-accident-doctor-columbus-ga-300x200.jpeg 300w\" sizes=\"(max-width: 500px) 100vw, 500px\" \/><\/p>\n<h2>Da\u00f1os comunes al cuerpo despu\u00e9s de un accidente con lesiones personales<\/h2>\n<p>Usted puede sufrir una variedad de lesiones f\u00edsicas graves y dolorosas despu\u00e9s de verse involucrado en un accidente automovil\u00edstico. Las lesiones ocultas, penetrantes y por impacto son las tres categor\u00edas principales de lesiones asociadas con estos accidentes.<\/p>\n<p>Las lesiones ocultas no son evidentes y pueden tardar mucho tiempo (d\u00edas o incluso meses) en aparecer. Los objetos lanzados al aire durante un accidente pueden golpear a los ocupantes del veh\u00edculo y provocar accidentes de penetraci\u00f3n.<\/p>\n<p>Por \u00faltimo, los accidentes por impacto ocurren cuando un ocupante de un veh\u00edculo golpea una parte del interior del autom\u00f3vil o es empujado hacia afuera y golpea otro objeto (como la carretera).<\/p>\n<h3>Las lesiones comunes sufridas en un accidente con lesiones personales incluyen:<\/h3>\n<ul>\n<li><strong>Lesiones de tejidos blandos<\/strong>: estas son las lesiones m\u00e1s comunes sufridas en accidentes con lesiones personales. Ocurren cuando hay da\u00f1o en tendones, ligamentos y m\u00fasculos (tejido conectivo) del cuerpo. Un buen ejemplo de <a href=\"https:\/\/www.gaspineortho.com\/es\/lesion-por-latigazo-cervical\/\">lesiones de tejidos blandos es el latigazo<\/a>. Puede provocar dolor lumbar intenso en la parte baja y media de la espalda.<\/li>\n<li><strong>Lesiones en el pecho<\/strong>: La fuerza del cintur\u00f3n de seguridad o el lanzamiento contra el tablero o el volante pueden causar lesiones graves en el pecho. Los moretones y las contusiones son las formas m\u00e1s comunes de lesiones en el pecho. En casos graves, las v\u00edctimas pueden sufrir lesiones internas y fracturas de costillas.<\/li>\n<li><strong>Lesiones de cuello y espalda<\/strong>: el latigazo cervical es la forma m\u00e1s com\u00fan de lesiones de cuello y espalda causadas por accidentes automovil\u00edsticos. La lesi\u00f3n puede caracterizarse por una tensi\u00f3n menor o algo m\u00e1s grave. Las v\u00edctimas de accidentes automovil\u00edsticos tambi\u00e9n pueden sufrir hernias de disco a lo largo del cuello y la espalda.<\/li>\n<li><strong>Lesiones de rodilla<\/strong>: las v\u00edctimas de accidentes automovil\u00edsticos pueden sufrir lesiones en la rodilla en forma de menisco desgarrado, r\u00f3tula rota o cart\u00edlago da\u00f1ado. Las lesiones se producen cuando los ocupantes del asiento delantero son empujados contra el salpicadero.<\/li>\n<li><strong>Lesiones de hombro<\/strong>: los ejemplos comunes aqu\u00ed incluyen rotura de ligamentos del hombro, tensi\u00f3n en el hombro y hematomas profundos. Estos ocurren como resultado de la torsi\u00f3n del cuerpo debido a la fuerza ejercida por el cintur\u00f3n de seguridad en un hombro. Las v\u00edctimas pueden sufrir dolor cr\u00f3nico a medida que la gravedad de las lesiones aumenta con el tiempo.<\/li>\n<li><strong>Lesiones en la cabeza<\/strong>: un cambio repentino de direcci\u00f3n o una parada puede provocar que los ocupantes de un veh\u00edculo experimenten movimientos antinaturales en la cabeza. Esto puede provocar distensiones musculares en la espalda y el cuello. Las v\u00edctimas tambi\u00e9n pueden sufrir lesiones cerebrales o conmociones cerebrales si se golpean la cabeza contra algo. Las lesiones en la cabeza normalmente var\u00edan de leves a muy graves.<\/li>\n<li><strong>Lesiones en piernas y brazos<\/strong>: las v\u00edctimas de accidentes automovil\u00edsticos pueden sufrir fracturas de huesos, esguinces y hematomas en las extremidades. Estas lesiones ocurren cuando las extremidades son empujadas contra los componentes interiores del veh\u00edculo.<\/li>\n<\/ul>\n<h2>Por qu\u00e9 es importante conectarse con un abogado calificado en lesiones personales<\/h2>\n<p>Las lesiones personales pueden alterar la vida. Adem\u00e1s de las lesiones f\u00edsicas y el dolor asociados, es probable que las v\u00edctimas tambi\u00e9n enfrenten la p\u00e9rdida de trabajo, salarios y costos m\u00e9dicos crecientes.<\/p>\n<p>Si ha sufrido una lesi\u00f3n como resultado de la conducta negligente de otra parte, un accidente automovil\u00edstico o un incidente relacionado con el trabajo, es importante contar con alguien que pueda luchar por sus derechos.<\/p>\n<p>Puede afrontar los desaf\u00edos legales de un reclamo por lesiones personales con la ayuda de un abogado calificado. Gracias a su vasta experiencia en diversos reclamos por lesiones personales, estos profesionales pueden evaluar su caso y recomendar el mejor curso de acci\u00f3n posible.<\/p>\n<p>Los abogados experimentados tambi\u00e9n tienen lo necesario para representarlo ante el tribunal e incluso negociar el monto de acuerdo m\u00e1s alto posible. M\u00e1s importante a\u00fan, estos expertos legales pueden aliviarle parte de la carga y el estr\u00e9s, permiti\u00e9ndole concentrarse en su recuperaci\u00f3n.<\/p>\n<p>En Georgia Spine &amp; En Ortopedia entendemos la importancia de trabajar con un abogado calificado y con experiencia en lesiones personales. Tenemos la mejor red de referencias en Georgia. Para fortalecer su caso, trabajaremos para proporcionar toda la documentaci\u00f3n m\u00e9dica necesaria sobre sus lesiones.<\/p>\n<h2>Hable hoy con un m\u00e9dico experimentado en lesiones personales<\/h2>\n<p>Las lesiones personales pueden causar mucho dolor y sufrimiento. Si ha sufrido lesiones debido a la conducta negligente o descuidada de otra parte, es importante que busque atenci\u00f3n m\u00e9dica de un especialista calificado.<\/p>\n<p>Los m\u00e9dicos de lesiones personales pueden identificar sus lesiones y prescribir e implementar tratamientos efectivos.<\/p>\n<p>En caso de que decida presentar un reclamo legal contra la parte responsable de sus lesiones, estos m\u00e9dicos tambi\u00e9n pueden ayudarlo a fortalecer su caso brind\u00e1ndole la documentaci\u00f3n m\u00e9dica relevante y el testimonio de expertos, si es necesario.<\/p>\n<p>P\u00f3ngase en contacto con Georgia Spine &amp; Ortopedia si ha estado involucrado en un accidente laboral o automovil\u00edstico o ha sufrido lesiones causadas por otra parte. Llame al [tel\u00e9fono] hoy para hablar con un m\u00e9dico con experiencia en lesiones personales de Columbus o para programar una consulta.<\/p>\n","protected":false},"excerpt":{"rendered":"<p>M\u00e9dico de lesiones personales en Columbus, GA Cada a\u00f1o que pasa, miles de personas se ven involucradas en diferentes tipos de accidentes, lo que resulta en diversas lesiones personales. Adem\u00e1s de la tensi\u00f3n mental y emocional, las v\u00edctimas tambi\u00e9n tienen que lidiar con el dolor f\u00edsico causado por estas lesiones. Nuestro m\u00e9dico de lesiones personales [&hellip;]<\/p>\n","protected":false},"author":44,"featured_media":0,"parent":7584,"menu_order":0,"comment_status":"closed","ping_status":"closed","template":"","meta":{"_acf_changed":false,"footnotes":""},"categories":[],"tags":[],"class_list":["post-8051","page","type-page","status-publish","hentry"],"acf":[],"_links":{"self":[{"href":"https:\/\/www.gaspineortho.com\/es\/wp-json\/wp\/v2\/pages\/8051","targetHints":{"allow":["GET"]}}],"collection":[{"href":"https:\/\/www.gaspineortho.com\/es\/wp-json\/wp\/v2\/pages"}],"about":[{"href":"https:\/\/www.gaspineortho.com\/es\/wp-json\/wp\/v2\/types\/page"}],"author":[{"embeddable":true,"href":"https:\/\/www.gaspineortho.com\/es\/wp-json\/wp\/v2\/users\/44"}],"replies":[{"embeddable":true,"href":"https:\/\/www.gaspineortho.com\/es\/wp-json\/wp\/v2\/comments?post=8051"}],"version-history":[{"count":4,"href":"https:\/\/www.gaspineortho.com\/es\/wp-json\/wp\/v2\/pages\/8051\/revisions"}],"predecessor-version":[{"id":9418,"href":"https:\/\/www.gaspineortho.com\/es\/wp-json\/wp\/v2\/pages\/8051\/revisions\/9418"}],"up":[{"embeddable":true,"href":"https:\/\/www.gaspineortho.com\/es\/wp-json\/wp\/v2\/pages\/7584"}],"wp:attachment":[{"href":"https:\/\/www.gaspineortho.com\/es\/wp-json\/wp\/v2\/media?parent=8051"}],"wp:term":[{"taxonomy":"category","embeddable":true,"href":"https:\/\/www.gaspineortho.com\/es\/wp-json\/wp\/v2\/categories?post=8051"},{"taxonomy":"post_tag","embeddable":true,"href":"https:\/\/www.gaspineortho.com\/es\/wp-json\/wp\/v2\/tags?post=8051"}],"curies":[{"name":"wp","href":"https:\/\/api.w.org\/{rel}","templated":true}]}}