{"id":8043,"date":"2024-05-14T08:52:41","date_gmt":"2024-05-14T13:52:41","guid":{"rendered":"https:\/\/www.gaspineortho.com\/columbus\/neurology\/"},"modified":"2024-09-09T14:31:04","modified_gmt":"2024-09-09T19:31:04","slug":"neurologia","status":"publish","type":"page","link":"https:\/\/www.gaspineortho.com\/es\/columbus\/neurologia\/","title":{"rendered":"Neurolog\u00eda de Col\u00f3n"},"content":{"rendered":"<p>\u00bfSufres de migra\u00f1as, mareos inexplicables o entumecimiento persistente? \u00bfEst\u00e1 experimentando los efectos persistentes de un accidente automovil\u00edstico o una lesi\u00f3n deportiva?<\/p>\n<p>En Georgia Spine &amp; Ortopedia, nuestro equipo de neurolog\u00eda de Columbus est\u00e1 aqu\u00ed para brindar evaluaci\u00f3n y tratamiento integrales para una amplia gama de afecciones neurol\u00f3gicas.<\/p>\n<p>Entendemos cu\u00e1n perjudiciales pueden ser estos problemas para su vida diaria. Es por eso que ofrecemos herramientas de diagn\u00f3stico avanzadas, planes de tratamiento personalizados y atenci\u00f3n compasiva para que vuelva a sentirse mejor.<\/p>\n<p>Nuestros especialistas trabajan en colaboraci\u00f3n con otras disciplinas dentro de nuestra pr\u00e1ctica para garantizar que reciba la atenci\u00f3n m\u00e1s integral posible.<\/p>\n<p>No dejes que las preocupaciones neurol\u00f3gicas te detengan. Da el primer paso para recuperar el control de tu salud y bienestar. Llame al [tel\u00e9fono] hoy para programar una consulta con nuestro experimentado equipo de neurolog\u00eda en Columbus.<\/p>\n<h2>\u00bfQu\u00e9 es un neur\u00f3logo?<\/h2>\n<p><img fetchpriority=\"high\" decoding=\"async\" class=\"alignnone wp-image-4255\" src=\"https:\/\/www.gaspineortho.com\/wp-content\/uploads\/2024\/05\/shutterstock_722800864-copy.webp\" alt=\"Doctor looking at Neurological scans\" width=\"500\" height=\"303\" srcset=\"https:\/\/www.gaspineortho.com\/wp-content\/uploads\/2024\/05\/shutterstock_722800864-copy.webp 1000w, https:\/\/www.gaspineortho.com\/wp-content\/uploads\/2024\/05\/shutterstock_722800864-copy-300x182.webp 300w, https:\/\/www.gaspineortho.com\/wp-content\/uploads\/2024\/05\/shutterstock_722800864-copy-768x465.webp 768w\" sizes=\"(max-width: 500px) 100vw, 500px\" \/><\/p>\n<p>No le pedir\u00edas a tu m\u00e9dico de familia que arreglara la transmisi\u00f3n de tu auto, \u00bfverdad? De manera similar, cuando algo no est\u00e1 del todo bien en el cerebro, los nervios o la m\u00e9dula espinal, se necesita un especialista que hable el lenguaje de ese intrincado sistema.<\/p>\n<p>Ah\u00ed es donde neur\u00f3logos como el nuestro de Georgia Spine &amp; Entra la ortopedia.<\/p>\n<p>La neurolog\u00eda no se trata s\u00f3lo de conocer t\u00e9rminos m\u00e9dicos. Se trata de comprender c\u00f3mo una peque\u00f1a punzada en el dedo puede indicar un problema mayor, o c\u00f3mo un dolor de cabeza persistente puede ser algo m\u00e1s que estr\u00e9s.<\/p>\n<p>Nuestros neur\u00f3logos de Columbus han perfeccionado esta experiencia \u00fanica a trav\u00e9s de a\u00f1os de capacitaci\u00f3n y pr\u00e1ctica dedicadas.<\/p>\n<p>Somos apasionados solucionadores de problemas, atra\u00eddos por el desaf\u00edo de desentra\u00f1ar las complejidades de los trastornos neurol\u00f3gicos. Pero m\u00e1s que eso, estamos profundamente comprometidos con el bienestar de nuestros pacientes.<\/p>\n<p>Reconocemos que un diagn\u00f3stico puede ser abrumador, por eso nos tomamos el tiempo para escucharlo, educarlo y guiarlo a trav\u00e9s de sus opciones de tratamiento con compasi\u00f3n y claridad.<\/p>\n<p>Si es un paciente experimentado que busca una segunda opini\u00f3n o est\u00e1 atravesando un nuevo diagn\u00f3stico, estamos aqu\u00ed para ofrecerle el apoyo y la experiencia que necesita. Piense en nosotros como sus socios en salud neurol\u00f3gica: trabajamos juntos para encontrar soluciones que se adapten a sus necesidades y estilo de vida individuales.<\/p>\n<h2>Razones para consultar a un especialista en neurolog\u00eda de Columbus<\/h2>\n<p><img decoding=\"async\" width=\"1000\" height=\"563\" class=\"alignnone wp-image-4256\" src=\"https:\/\/www.gaspineortho.com\/wp-content\/uploads\/2024\/05\/shutterstock_2140344447-copy.webp\" alt=\"M\u00e9dico analizando el trabajo de neurolog\u00eda\" srcset=\"https:\/\/www.gaspineortho.com\/wp-content\/uploads\/2024\/05\/shutterstock_2140344447-copy.webp 1000w, https:\/\/www.gaspineortho.com\/wp-content\/uploads\/2024\/05\/shutterstock_2140344447-copy-300x169.webp 300w, https:\/\/www.gaspineortho.com\/wp-content\/uploads\/2024\/05\/shutterstock_2140344447-copy-768x432.webp 768w\" sizes=\"(max-width: 1000px) 100vw, 1000px\" \/><\/p>\n<p>Su cerebro, columna vertebral y nervios son el centro de control de todo lo que hace, desde pensar y sentir hasta moverse y sentir el mundo que lo rodea. Cuando algo sale mal en este complejo sistema, los efectos pueden afectar su vida.<\/p>\n<p>Es f\u00e1cil ignorar los dolores de cabeza ocasionales, los olvidos o una sensaci\u00f3n de hormigueo como \u00absimple estr\u00e9s\u00bb o \u00abparte del envejecimiento\u00bb. Pero, \u00bfqu\u00e9 pasa si esos s\u00edntomas son la forma que tiene su cuerpo de se\u00f1alar un problema m\u00e1s profundo?<\/p>\n<p>Ah\u00ed es donde entra en juego un neur\u00f3logo: somos los detectives que podemos descifrar esas se\u00f1ales y ayudarle a comprender lo que est\u00e1 sucediendo.<\/p>\n<p>No espere hasta que un peque\u00f1o problema se convierta en un obst\u00e1culo importante. Si experimenta alguno de los siguientes s\u00edntomas, vale la pena hablar con uno de nuestros neur\u00f3logos de Georgia Spine &amp; Ortoped\u00eda:<\/p>\n<ul>\n<li><strong>Dolores de cabeza que duran m\u00e1s de lo esperado:<\/strong> ya sea un dolor sordo diario o una migra\u00f1a cegadora, podemos ayudarlo a identificar los desencadenantes y encontrar alivio.<\/li>\n<li><strong>Entumecimiento, hormigueo o esa sensaci\u00f3n de \u00abhormigueo\u00bb:<\/strong> estas sensaciones pueden ser signos de da\u00f1o a los nervios y la intervenci\u00f3n temprana es crucial.<\/li>\n<li><strong>Problemas de memoria o confusi\u00f3n mental:<\/strong> si tiene dificultades para recordar nombres, citas o d\u00f3nde dej\u00f3 las llaves, podemos<br \/>\nayudar a determinar la causa y explorar opciones de tratamiento.<\/li>\n<li><strong>Mareos, v\u00e9rtigo o sensaci\u00f3n de p\u00e9rdida de equilibrio:<\/strong> estos s\u00edntomas pueden alterar su vida diaria y aumentar el riesgo de ca\u00eddas. Podemos ayudarte a recuperar tu estabilidad.<\/li>\n<li><strong>Debilidad muscular, temblores o espasmos:<\/strong> estos podr\u00edan ser signos de un trastorno neurol\u00f3gico y tenemos la experiencia para diagnosticarlos y controlarlos.<\/li>\n<\/ul>\n<p>&nbsp;<\/p>\n<p>Al final del d\u00eda, su salud es su activo m\u00e1s valioso. Si tiene alguna inquietud sobre su cerebro, columna o nervios, no dude en comunicarse. Estamos aqu\u00ed para escucharlo, guiarlo y ayudarlo a dar los siguientes pasos para sentirse mejor.<\/p>\n<h2>Tratamientos de Neurolog\u00eda<\/h2>\n<p>Las condiciones neurol\u00f3gicas son tan \u00fanicas como los individuos a los que afectan. Es por eso que las soluciones est\u00e1ndar simplemente no sirven.<\/p>\n<p>En Georgia Spine &amp; Ortopedia, nuestros neur\u00f3logos de Columbus se toman el tiempo para comprender sus necesidades, inquietudes y estilo de vida espec\u00edficos antes de elaborar un plan de tratamiento personalizado para usted.<\/p>\n<p>Creemos en un enfoque colaborativo, en el que usted es un participante activo en su propio viaje de curaci\u00f3n. Le explicaremos sus opciones en t\u00e9rminos claros y f\u00e1ciles de entender, lo que le permitir\u00e1 tomar decisiones informadas sobre su atenci\u00f3n.<\/p>\n<p>Piense en ello como una hoja de ruta. Trabajaremos juntos para trazar el mejor rumbo para usted, ya sea un camino sinuoso con m\u00faltiples paradas o una ruta sencilla hacia la recuperaci\u00f3n.<\/p>\n<p><strong>Algunas de las herramientas que podr\u00edamos utilizar a lo largo del camino incluyen:<\/strong><\/p>\n<ul>\n<li><strong>Medicamentos:<\/strong> seleccionaremos cuidadosamente los medicamentos que se dirijan a sus s\u00edntomas espec\u00edficos, ya sea dolor, espasmos musculares o dificultades cognitivas. Supervisaremos de cerca su progreso y ajustaremos su r\u00e9gimen de medicaci\u00f3n seg\u00fan sea necesario para garantizar que est\u00e9 recibiendo el tratamiento m\u00e1s eficaz posible.<\/li>\n<li><strong>Terapia f\u00edsica:<\/strong> Nuestros terapeutas expertos lo guiar\u00e1n a trav\u00e9s de ejercicios y estiramientos dise\u00f1ados para mejorar la fuerza, la flexibilidad y el equilibrio. Le ayudaremos a recuperar la funci\u00f3n perdida y a prevenir m\u00e1s complicaciones.<\/li>\n<li><strong>Cambios en el estilo de vida:<\/strong> A veces, unos simples ajustes en su rutina diaria pueden marcar una gran diferencia. Podr\u00edamos sugerirle ajustes en la dieta, t\u00e9cnicas de manejo del estr\u00e9s o programas de ejercicio que puedan complementar sus otros tratamientos y mejorar su bienestar general.<\/li>\n<li><strong>Procedimientos m\u00ednimamente invasivos:<\/strong> Si su afecci\u00f3n lo amerita, ofrecemos una variedad de procedimientos m\u00ednimamente invasivos que pueden brindar un alivio espec\u00edfico. Estos podr\u00edan incluir bloqueos nerviosos para reducir el dolor o inyecciones de Botox para aliviar los espasmos musculares.<\/li>\n<\/ul>\n<p>&nbsp;<\/p>\n<p>En \u00faltima instancia, nuestro objetivo es ayudarlo a navegar las complejidades de su condici\u00f3n neurol\u00f3gica y emerger m\u00e1s fuerte, m\u00e1s saludable y m\u00e1s empoderado. Estamos comprometidos a brindarle el m\u00e1s alto nivel de atenci\u00f3n, brindada con compasi\u00f3n, experiencia y un deseo genuino de verlo prosperar.<\/p>\n<h2>Por qu\u00e9 deber\u00eda consultar a un neur\u00f3logo despu\u00e9s de un accidente automovil\u00edstico<\/h2>\n<p><img decoding=\"async\" class=\"alignnone wp-image-4257\" src=\"https:\/\/www.gaspineortho.com\/wp-content\/uploads\/2024\/05\/shutterstock_2284940791-copy.webp\" alt=\"Columbus Neurology Doctor showing his patient the results of his test\" width=\"500\" height=\"349\" \/><\/p>\n<p>Su cerebro, el centro de mando de su cuerpo, est\u00e1 esencialmente flotando en un l\u00edquido, protegido por una fina capa de hueso. Una sacudida repentina, como la que experimentas en un accidente automovil\u00edstico, puede hacer que tu cerebro choque contra esa hueso, incluso si no hay da\u00f1os visibles en el exterior.<\/p>\n<p>Ahora bien, es posible que se sienta bien inmediatamente despu\u00e9s del accidente. La adrenalina es algo poderoso que enmascara el dolor y te permite funcionar en el momento. Pero en los d\u00edas y semanas siguientes, es posible que empiecen a aparecer s\u00edntomas sutiles: dolores de cabeza que no desaparecen, dificultad para concentrarse, tal vez incluso algunos mareos o cambios de humor.<\/p>\n<p>Adem\u00e1s de ser inconvenientes, podr\u00edan ser se\u00f1ales de alerta que indiquen un problema m\u00e1s profundo. Ese golpe aparentemente menor en el guardabarros podr\u00eda haber causado una conmoci\u00f3n cerebral, da\u00f1o nervioso relacionado con un latigazo cervical o incluso un <a href=\"https:\/\/www.webmd.com\/brain\/brain-damage-symptoms-causes-treatments\" target=\" _blank\" rel=\"noopener\">lesi\u00f3n cerebral traum\u00e1tica<\/a>. Ignorar estos s\u00edntomas es como ignorar la luz de verificaci\u00f3n del motor de su autom\u00f3vil; puede parecer bien por ahora, pero podr\u00eda provocar una aver\u00eda importante en el futuro.<\/p>\n<p>Nuestro equipo de neurolog\u00eda de Columbus est\u00e1 capacitado para detectar estas lesiones ocultas. Escucharemos su historia, evaluaremos cuidadosamente sus s\u00edntomas y desarrollaremos un plan de tratamiento personalizado para ayudarlo a sanar.<\/p>\n<p>Ya sea medicaci\u00f3n para <a href=\"https:\/\/www.gaspineortho.com\/es\/columbus\/el-manejo-del-dolor\/\">controlar el dolor<\/a>, fisioterapia para restaurar la funci\u00f3n o simplemente asegurarle que no est\u00e1 solo, estamos aqu\u00ed para ayudarlo en cada paso del camino. Porque proteger tu cerebro despu\u00e9s de un <a href=\"https:\/\/www.gaspineortho.com\/es\/columbus\/tratamiento-de-lesiones-por-accidentes-automovilisticos-en-columbus\/\">accidente automovil\u00edstico<\/a> no se trata solo de recuperarse del trauma f\u00edsico. se trata de salvaguardar su bienestar futuro.<\/p>\n<h2>\u00bfPuede un accidente automovil\u00edstico causar problemas neurol\u00f3gicos?<\/h2>\n<p>No necesitas una colisi\u00f3n importante para alterar el cableado de tu cerebro. Incluso un golpe en el guardabarros aparentemente menor puede dejar tu sistema nervioso tambale\u00e1ndose.<\/p>\n<p>Tu cerebro no est\u00e1 exactamente atornillado ah\u00ed. Est\u00e1 protegido por fluidos y membranas, pero a\u00fan es vulnerable a movimientos repentinos. Imag\u00ednese un huevo crudo en una jarra de agua. Es posible que una sacudida suave no lo rompa, pero definitivamente se sacudir\u00e1.<\/p>\n<p>Ahora imagina que el huevo es tu cerebro y la sacudida es tu auto chocando contra otro veh\u00edculo, incluso a baja velocidad. La fuerza puede hacer que el cerebro rebote contra el cr\u00e1neo, estirando y tensando las delicadas fibras nerviosas.<\/p>\n<p>Esto puede provocar una gran cantidad de problemas. Puede experimentar dolores de cabeza, mareos, confusi\u00f3n, problemas de memoria o cambios de humor. Es posible que se sienta desequilibrado o tenga problemas para concentrarse.<\/p>\n<p>Es posible que estos s\u00edntomas no aparezcan de inmediato y permanezcan en las sombras durante d\u00edas o incluso semanas despu\u00e9s del accidente.<\/p>\n<p>Por eso es fundamental acudir a un neur\u00f3logo despu\u00e9s de cualquier accidente automovil\u00edstico, por menor que parezca. En Georgia Spine &amp; Ortopedia, tenemos la experiencia para evaluar la salud de su cerebro, incluso si no tiene ninguna lesi\u00f3n visible.<\/p>\n<p>Podemos ayudarlo a comprender lo que est\u00e1 sucediendo, descartar cualquier problema grave y desarrollar un plan para que su cerebro vuelva a funcionar.<\/p>\n<p>Nunca subestimes el impacto que un accidente automovil\u00edstico puede tener en tu cerebro. T\u00f3mese el tiempo para que lo revisen y perm\u00edtanos ayudarlo a proteger su activo m\u00e1s valioso.<\/p>\n<h2>Programe una consulta con el mejor equipo de neurolog\u00eda de Columbus<\/h2>\n<p>Recuerde que la salud de su cerebro es tan importante como cualquier lesi\u00f3n visible que pueda haber sufrido durante un accidente. Los s\u00edntomas neurol\u00f3gicos como dolores de cabeza, mareos o problemas de memoria nunca deben pasar desapercibidos.<\/p>\n<p>En Georgia Spine &amp; Ortopedia, nuestro equipo de neurolog\u00eda de Columbus est\u00e1 aqu\u00ed para brindar atenci\u00f3n integral y personalizada para todas sus necesidades neurol\u00f3gicas.<\/p>\n<p>Al elegirnos, no solo obtendr\u00e1 un diagn\u00f3stico, sino un socio confiable en su viaje hacia la salud. Ofrecemos:<\/p>\n<ul>\n<li><strong>Experiencia:<\/strong>\u00a0Nuestros neur\u00f3logos son especialistas capacitados en las complejidades del cerebro,\u00a0la columna\u00a0y los nervios.<\/li>\n<li><strong>Atenci\u00f3n compasiva:<\/strong>\u00a0estamos aqu\u00ed para escuchar,\u00a0responder tus preguntas\u00a0y brindarte apoyo en cada paso del camino.<\/li>\n<li><strong>Tratamiento de vanguardia:<\/strong>\u00a0Utilizamos las \u00faltimas herramientas de diagn\u00f3stico y opciones de tratamiento para ayudarlo a recuperarse y recuperar su calidad de vida.<\/li>\n<\/ul>\n<p>&nbsp;<\/p>\n<p>Act\u00fae ahora antes de que sus s\u00edntomas neurol\u00f3gicos empeoren. Tome la medida proactiva de programar una consulta con nuestro equipo de neurolog\u00eda de Columbus hoy. Su cerebro merece la mejor atenci\u00f3n; estamos aqu\u00ed para proporcion\u00e1rsela. Llame al [tel\u00e9fono] para reservar su cita.<\/p>\n","protected":false},"excerpt":{"rendered":"<p>\u00bfSufres de migra\u00f1as, mareos inexplicables o entumecimiento persistente? \u00bfEst\u00e1 experimentando los efectos persistentes de un accidente automovil\u00edstico o una lesi\u00f3n deportiva? En Georgia Spine &amp; Ortopedia, nuestro equipo de neurolog\u00eda de Columbus est\u00e1 aqu\u00ed para brindar evaluaci\u00f3n y tratamiento integrales para una amplia gama de afecciones neurol\u00f3gicas. Entendemos cu\u00e1n perjudiciales pueden ser estos problemas para [&hellip;]<\/p>\n","protected":false},"author":44,"featured_media":0,"parent":7584,"menu_order":0,"comment_status":"closed","ping_status":"closed","template":"","meta":{"_acf_changed":false,"footnotes":""},"categories":[],"tags":[],"class_list":["post-8043","page","type-page","status-publish","hentry"],"acf":[],"_links":{"self":[{"href":"https:\/\/www.gaspineortho.com\/es\/wp-json\/wp\/v2\/pages\/8043","targetHints":{"allow":["GET"]}}],"collection":[{"href":"https:\/\/www.gaspineortho.com\/es\/wp-json\/wp\/v2\/pages"}],"about":[{"href":"https:\/\/www.gaspineortho.com\/es\/wp-json\/wp\/v2\/types\/page"}],"author":[{"embeddable":true,"href":"https:\/\/www.gaspineortho.com\/es\/wp-json\/wp\/v2\/users\/44"}],"replies":[{"embeddable":true,"href":"https:\/\/www.gaspineortho.com\/es\/wp-json\/wp\/v2\/comments?post=8043"}],"version-history":[{"count":5,"href":"https:\/\/www.gaspineortho.com\/es\/wp-json\/wp\/v2\/pages\/8043\/revisions"}],"predecessor-version":[{"id":9417,"href":"https:\/\/www.gaspineortho.com\/es\/wp-json\/wp\/v2\/pages\/8043\/revisions\/9417"}],"up":[{"embeddable":true,"href":"https:\/\/www.gaspineortho.com\/es\/wp-json\/wp\/v2\/pages\/7584"}],"wp:attachment":[{"href":"https:\/\/www.gaspineortho.com\/es\/wp-json\/wp\/v2\/media?parent=8043"}],"wp:term":[{"taxonomy":"category","embeddable":true,"href":"https:\/\/www.gaspineortho.com\/es\/wp-json\/wp\/v2\/categories?post=8043"},{"taxonomy":"post_tag","embeddable":true,"href":"https:\/\/www.gaspineortho.com\/es\/wp-json\/wp\/v2\/tags?post=8043"}],"curies":[{"name":"wp","href":"https:\/\/api.w.org\/{rel}","templated":true}]}}