{"id":8041,"date":"2024-05-14T08:50:00","date_gmt":"2024-05-14T13:50:00","guid":{"rendered":"https:\/\/www.gaspineortho.com\/columbus\/orthopedic-surgery\/"},"modified":"2024-09-09T14:32:38","modified_gmt":"2024-09-09T19:32:38","slug":"cirugia-ortopedica","status":"publish","type":"page","link":"https:\/\/www.gaspineortho.com\/es\/columbus\/cirugia-ortopedica\/","title":{"rendered":"Cirug\u00eda Ortop\u00e9dica Col\u00f3n"},"content":{"rendered":"<p>En Col\u00f3n mereces una vida sin dolor. Ya sea un \u00e1vido corredor recorriendo el Chattahoochee RiverWalk, un padre devoto que persigue a sus peque\u00f1os en el Museo de Col\u00f3n o un profesional dedicado que recorre el bullicioso centro de la ciudad, los dolores de espalda persistentes, la rigidez en las articulaciones o las lesiones deportivas persistentes no deber\u00edan detenerlo. .<\/p>\n<p>Ah\u00ed es donde entra en juego un cirujano ortop\u00e9dico de Columbus.<\/p>\n<p>Vivir con dolor no implica s\u00f3lo lidiar con el malestar f\u00edsico. Podr\u00edas perderte las cosas que amas.<\/p>\n<p>Se trata de esa caminata familiar perdida en el Parque Estatal Providence Canyon, el juego de golf pospuesto en el Green Island Country Club o la imposibilidad de disfrutar plenamente de un concierto del viernes por la noche en el River Center. Reconocemos el ritmo \u00fanico de vida en Columbus y estamos aqu\u00ed para ayudarlo a retomar su ritmo.<\/p>\n<p><a href=\"https:\/\/www.gaspineortho.com\/es\/nuestro-equipo\/\">Nuestro equipo<\/a> de especialistas en ortopedia est\u00e1 profundamente arraigado en esta comunidad. Hemos tratado a generaciones de familias, atletas y trabajadores, y hemos visto de primera mano el poder transformador de la atenci\u00f3n ortop\u00e9dica experta.<\/p>\n<p>Perm\u00edtanos ser sus socios en su viaje hacia una vida sin dolor. Combinamos t\u00e9cnicas de vanguardia con atenci\u00f3n compasiva y personalizada para permitirle recuperar su movilidad, redescubrir sus pasiones y aprovechar todo lo que Columbus tiene para ofrecer.<\/p>\n<p>Cuando el dolor amenace con robarte la alegr\u00eda, recuerda que hay algo que puedes hacer. Comun\u00edquese con <a href=\"https:\/\/www.gaspineortho.com\/es\/\">Georgia Spine &amp; Ortopedia<\/a> al [tel\u00e9fono]. Perm\u00edtanos ayudarle a escribir un nuevo cap\u00edtulo en su historia de Col\u00f3n, uno en el que el dolor sea un recuerdo lejano y una vida activa y plena ocupe un lugar central.<\/p>\n<h2>\u00bfQu\u00e9 tratan los m\u00e9dicos ortop\u00e9dicos?<\/h2>\n<p><img fetchpriority=\"high\" decoding=\"async\" class=\"alignnone wp-image-3927 size-full\" src=\"https:\/\/www.gaspineortho.com\/wp-content\/uploads\/2024\/05\/shutterstock_390902179-min.jpg\" alt=\"Columbus orthopedic surgeon greets a new patient.\" width=\"500\" height=\"334\" srcset=\"https:\/\/www.gaspineortho.com\/wp-content\/uploads\/2024\/05\/shutterstock_390902179-min.jpg 500w, https:\/\/www.gaspineortho.com\/wp-content\/uploads\/2024\/05\/shutterstock_390902179-min-300x200.jpg 300w\" sizes=\"(max-width: 500px) 100vw, 500px\" \/><\/p>\n<p>Desde el intrincado baile de tus dedos escribiendo en un teclado hasta las poderosas zancadas que das al trotar por la ma\u00f1ana, tu sistema musculoesquel\u00e9tico juega un papel clave en tu vida diaria. Es la compleja red de huesos, articulaciones, m\u00fasculos, tendones y ligamentos que te permite moverte, trabajar, jugar y simplemente estar.<\/p>\n<p>En Georgia Spine &amp; En ortopedia, nos apasiona mantener este intrincado sistema en \u00f3ptimas condiciones. Ya sea usted un guerrero de fin de semana que se recupera de un codo de tenista, un abuelo con dolor de rodillas o un trabajador de la construcci\u00f3n con un dolor de espalda persistente, entendemos el inmenso impacto que los problemas musculoesquel\u00e9ticos pueden causar en su calidad de vida.<\/p>\n<p>Nuestros especialistas en ortopedia son maestros en su oficio y est\u00e1n capacitados para diagnosticar y tratar una amplia gama de afecciones musculoesquel\u00e9ticas. Abordamos la causa ra\u00edz de su dolor, ofreciendo soluciones innovadoras adaptadas a sus necesidades individuales.<\/p>\n<ul>\n<li><strong>Fracturas:<\/strong> reparamos huesos rotos con precisi\u00f3n, utilizando las \u00faltimas t\u00e9cnicas en yeso, ferulizaci\u00f3n y reparaci\u00f3n quir\u00fargica. Tambi\u00e9n nos especializamos en fracturas complejas que requieren atenci\u00f3n especializada.<\/li>\n<li><strong>Esguinces y lesiones Distensiones:<\/strong> Le ayudamos a recuperarse de lesiones de ligamentos y m\u00fasculos con un enfoque integral que puede incluir <a href=\"https:\/\/www.gaspineortho.com\/columbus\/physical-therapy\/\">fisioterapia&lt;\/a &gt;, aparatos ortop\u00e9dicos y manejo del dolor.<\/a><\/li>\n<li><strong>Artritis:<\/strong> Ofrecemos un espectro de opciones para controlar el dolor de la artritis, desde modificaciones en el estilo de vida y medicamentos hasta procedimientos m\u00ednimamente invasivos y cirug\u00eda de reemplazo de articulaciones.<\/li>\n<li><strong>Dolor de espalda y cuello:<\/strong> profundizamos para descubrir la fuente de su dolor, utilizando herramientas avanzadas de diagn\u00f3stico e im\u00e1genes. Ofrecemos una variedad de tratamientos, que incluyen fisioterapia, inyecciones y cirug\u00eda de columna m\u00ednimamente invasiva.<\/li>\n<li><strong>Lesiones deportivas:<\/strong> Entendemos el impulso de competir y la frustraci\u00f3n de quedar marginado. Nuestros especialistas en medicina deportiva se dedican a ayudar a los atletas a recuperarse de forma r\u00e1pida y segura, utilizando las \u00faltimas t\u00e9cnicas en prevenci\u00f3n y rehabilitaci\u00f3n de lesiones.<\/li>\n<li><strong>Reemplazos de articulaciones:<\/strong> Ofrecemos procedimientos de reemplazo de articulaciones de \u00faltima generaci\u00f3n para caderas, rodillas, hombros y otras articulaciones. Nuestros cirujanos son expertos en t\u00e9cnicas m\u00ednimamente invasivas que promueven una recuperaci\u00f3n m\u00e1s r\u00e1pida y mejores resultados.<\/li>\n<li><strong>Da\u00f1o del cart\u00edlago:<\/strong> Estamos a la vanguardia de la reparaci\u00f3n y regeneraci\u00f3n del cart\u00edlago y ofrecemos tratamientos innovadores que pueden ayudar a retrasar o incluso prevenir la necesidad de una cirug\u00eda de reemplazo de articulaciones.<\/li>\n<\/ul>\n<p>&nbsp;<\/p>\n<p>Creemos que todos merecen moverse libremente y sin dolor. Si tiene problemas con una afecci\u00f3n musculoesquel\u00e9tica, lo invitamos a experimentar Georgia Spine &amp; Diferencia de ortopedia.<\/p>\n<h2>\u00bfPor qu\u00e9 deber\u00eda consultar a un m\u00e9dico ortop\u00e9dico de Atlanta?<\/h2>\n<p><img decoding=\"async\" width=\"1000\" height=\"667\" class=\"alignnone wp-image-3348\" src=\"https:\/\/www.gaspineortho.com\/wp-content\/uploads\/2024\/05\/shutterstock_1416519773-copy.webp\" alt=\"un cirujano ortop\u00e9dico inspecciona el codo de un hombre \" srcset=\"https:\/\/www.gaspineortho.com\/wp-content\/uploads\/2024\/05\/shutterstock_1416519773-copy.webp 1000w, https:\/\/www.gaspineortho.com\/wp-content\/uploads\/2024\/05\/shutterstock_1416519773-copy-300x200.webp 300w, https:\/\/www.gaspineortho.com\/wp-content\/uploads\/2024\/05\/shutterstock_1416519773-copy-768x512.webp 768w\" sizes=\"(max-width: 1000px) 100vw, 1000px\" \/><\/p>\n<p>Ignorar ese dolor persistente o esa rigidez persistente es como tratar de silenciar una alarma de humo con una almohada: podr\u00eda amortiguar el ruido temporalmente, pero el problema subyacente s\u00f3lo empeora.<\/p>\n<p>Tu cuerpo te est\u00e1 enviando un mensaje y es aconsejable escucharlo. Ah\u00ed es donde entra en juego la experiencia de un m\u00e9dico ortop\u00e9dico. Entendemos que el sistema musculoesquel\u00e9tico es complejo e incluso los problemas aparentemente menores pueden tener consecuencias de gran alcance si no se abordan.<\/p>\n<p>As\u00ed es como podemos ayudarle a reescribir su historia de movimiento:<\/p>\n<h3>Comprender tu dolor<\/h3>\n<p>Nos tomamos el tiempo para escuchar su historia y comprender c\u00f3mo su dolor est\u00e1 impactando su vida.A trav\u00e9s de evaluaciones exhaustivas, im\u00e1genes avanzadas y un profundo conocimiento de la biomec\u00e1nica, identificaremos la causa ra\u00edz de su malestar, en lugar de simplemente enmascarar los s\u00edntomas.<\/p>\n<h3>Planes de tratamiento personalizados<\/h3>\n<p>Creemos que cada individuo es \u00fanico y tambi\u00e9n lo es su camino hacia la curaci\u00f3n.Trabajaremos con usted para crear un plan de tratamiento que se ajuste a su estilo de vida,\u00a0objetivos\u00a0y preferencias.<\/p>\n<p>Ya sea que se trate de fisioterapia dirigida, terapias regenerativas innovadoras, procedimientos m\u00ednimamente invasivos o cirug\u00eda de precisi\u00f3n, lo guiaremos hacia la soluci\u00f3n m\u00e1s efectiva para su caso individual.<\/p>\n<h3>Manejo Integral del Dolor<\/h3>\n<p>El dolor cr\u00f3nico arroja una sombra sobre todos los aspectos de su vida.Nos dedicamos a ayudarle a recuperar su alegr\u00eda y libertad empleando un enfoque m\u00faltiple para el manejo del dolor.<\/p>\n<p>Exploraremos una variedad de opciones, incluidos medicamentos, fisioterapia, inyecciones y bloqueos nerviosos, para encontrar la combinaci\u00f3n adecuada que funcione para usted.<\/p>\n<h3>Restaurando tu movilidad<\/h3>\n<p>Ya sea que sea un guerrero de fin de semana que anhela conquistar los senderos o un profesional ocupado que se esfuerza por mantenerse al d\u00eda con las demandas diarias, queremos ayudarlo a moverse con gracia, facilidad y confianza.<\/p>\n<p>Abordaremos los desequilibrios subyacentes, fortaleceremos las debilidades y mejoraremos la resiliencia natural de su cuerpo para que pueda recuperar su estilo de vida activo y abrazar las aventuras de la vida.<\/p>\n<h3>Protegiendo su salud futura<\/h3>\n<p>Le equipamos con el conocimiento y las herramientas para salvaguardar su salud musculoesquel\u00e9tica a largo plazo.Le ense\u00f1aremos c\u00f3mo moverse con la forma adecuada, desarrollar fuerza mediante ejercicios espec\u00edficos y elegir estilos de vida que promuevan una salud duradera de las articulaciones y la columna.<\/p>\n<p>Su viaje hacia una vida activa y sin dolor comienza con un solo paso. Cont\u00e1ctenos hoy y deje que los expertos en ortopedia de Georgia Spine &amp; La ortopedia sea su socio de confianza en la salud y la curaci\u00f3n.<\/p>\n<h2>Columna vertebral com\u00fan y Problemas articulares<\/h2>\n<p><img decoding=\"async\" class=\"alignnone wp-image-3345\" src=\"https:\/\/www.gaspineortho.com\/wp-content\/uploads\/2024\/05\/shutterstock_1149639419-copy.webp\" alt=\"orthopedic specialist takes a look at diagnostic imaging of a man's spine\" width=\"500\" height=\"344\" srcset=\"https:\/\/www.gaspineortho.com\/wp-content\/uploads\/2024\/05\/shutterstock_1149639419-copy.webp 1000w, https:\/\/www.gaspineortho.com\/wp-content\/uploads\/2024\/05\/shutterstock_1149639419-copy-300x206.webp 300w, https:\/\/www.gaspineortho.com\/wp-content\/uploads\/2024\/05\/shutterstock_1149639419-copy-768x528.webp 768w\" sizes=\"(max-width: 500px) 100vw, 500px\" \/><\/p>\n<p>Su columna vertebral y sus articulaciones son los h\u00e9roes an\u00f3nimos de su vida diaria y orquestan cada giro, giro y zancada. Pero cuando no funcionan de manera \u00f3ptima, el impacto puede ser de gran alcance y afectar todo, desde su trote matutino hasta su capacidad para levantar a su nieto.<\/p>\n<p>En Georgia Spine &amp; En ortopedia, nos especializamos en comprender y tratar las complejas condiciones que pueden surgir dentro de estas intrincadas estructuras.<\/p>\n<p>\u00c9stos son algunos de los culpables comunes detr\u00e1s de sus dolores y molestias que abordamos con frecuencia:<\/p>\n<ul>\n<li><strong>Hernias de disco:<\/strong>\u00a0piense en ellas como los amortiguadores de su columna vertebral.Cuando se rompen, pueden presionar los nervios cercanos y provocar descargas de dolor, entumecimiento u hormigueo en las extremidades.<\/li>\n<li><strong>Estenosis espinal:<\/strong>\u00a0con el tiempo,\u00a0el canal espinal puede estrecharse,\u00a0lo que ejerce presi\u00f3n sobre la m\u00e9dula espinal y los nervios.Esto puede provocar dolor persistente, debilidad en las piernas e incluso dificultad para caminar.<\/li>\n<li><strong>Enfermedad degenerativa del disco:<\/strong>\u00a0al igual que los neum\u00e1ticos de un autom\u00f3vil,\u00a0los discos de la columna pueden desgastarse con la edad y el uso.Esto puede provocar dolor,\u00a0rigidez\u00a0y movilidad limitada.<\/li>\n<li><strong>Osteoartritis:<\/strong>\u00a0Esta forma com\u00fan de artritis erosiona gradualmente el cart\u00edlago liso que amortigua las articulaciones.\u00bfEl resultado?Fricci\u00f3n dolorosa,\u00a0rigidez\u00a0e hinchaz\u00f3n que pueden hacer que las tareas cotidianas sean un desaf\u00edo.<\/li>\n<li><strong>Artritis reumatoide:<\/strong>\u00a0una afecci\u00f3n inflamatoria cr\u00f3nica en la que el sistema inmunol\u00f3gico ataca por error las articulaciones,\u00a0provocando dolor,\u00a0hinchaz\u00f3n\u00a0y rigidez.<\/li>\n<li><strong>Tendinitis:<\/strong>\u00a0el uso excesivo o los movimientos repetitivos pueden inflamar los tendones,\u00a0los fuertes cordones que conectan el m\u00fasculo con el hueso.Esto provoca dolor y sensibilidad, especialmente con el movimiento.<\/li>\n<li><strong>Bursitis:<\/strong>\u00a0las bolsas,\u00a0peque\u00f1os sacos llenos de l\u00edquido que amortiguan las articulaciones,\u00a0pueden inflamarse,\u00a0provocando dolor e hinchaz\u00f3n localizados.<\/li>\n<\/ul>\n<p>&nbsp;<\/p>\n<p>Esto es s\u00f3lo un vistazo al mundo de las enfermedades musculoesquel\u00e9ticas. Si sientes alguna molestia o limitaci\u00f3n en tu espalda, cuello o articulaciones, no dudes en buscar ayuda.<\/p>\n<p>Nuestro equipo de especialistas en ortopedia se dedica a llegar a la ra\u00edz de su problema y brindarle atenci\u00f3n personalizada para que pueda volver a vivir su vida al m\u00e1ximo.<\/p>\n<h2>C\u00f3mo nuestros cirujanos ortop\u00e9dicos de Atlanta tratan estas afecciones<\/h2>\n<p>En Georgia Spine &amp; En ortopedia, creemos en un enfoque integral de la curaci\u00f3n. Nuestros cirujanos ortop\u00e9dicos emplean una estrategia multifac\u00e9tica para abordar los problemas de la columna y las articulaciones, priorizando siempre los m\u00e9todos conservadores siempre que sea posible. Esto podr\u00eda incluir:<\/p>\n<ul>\n<li><strong>Fisioterapia:<\/strong> programas de ejercicios personalizados y t\u00e9cnicas manuales para mejorar la fuerza, la flexibilidad y el rango de movimiento.<\/li>\n<li><strong>Medicamentos:<\/strong> medicamentos antiinflamatorios, analg\u00e9sicos y otros medicamentos para controlar los s\u00edntomas y promover la curaci\u00f3n.<\/li>\n<li><strong>Inyecciones:<\/strong> inyecciones dirigidas de corticosteroides u otras sustancias para reducir la inflamaci\u00f3n y aliviar el dolor.<\/li>\n<li><strong>Medicina regenerativa:<\/strong> terapias innovadoras como plasma rico en plaquetas (PRP) e inyecciones de c\u00e9lulas madre para estimular los procesos curativos naturales del cuerpo.<\/li>\n<\/ul>\n<p>&nbsp;<\/p>\n<p>Si los tratamientos conservadores no brindan suficiente alivio, nuestros cirujanos est\u00e1n capacitados en una amplia gama de procedimientos quir\u00fargicos avanzados, incluidas t\u00e9cnicas m\u00ednimamente invasivas que ofrecen tiempos de recuperaci\u00f3n m\u00e1s r\u00e1pidos y menos dolor posoperatorio.<\/p>\n<p>Discutiremos todas sus opciones a fondo y lo ayudaremos a elegir el camino adecuado para usted.<\/p>\n<h2>\u00bfCu\u00e1l es la diferencia entre un quiropr\u00e1ctico y un m\u00e9dico ortop\u00e9dico?<\/h2>\n<p>Si bien tanto los quiropr\u00e1cticos como los m\u00e9dicos ortop\u00e9dicos se centran en cuestiones musculoesquel\u00e9ticas, existen distinciones importantes en su formaci\u00f3n, enfoque y alcance de la pr\u00e1ctica:<\/p>\n<h3>Entrenamiento<\/h3>\n<p>Los m\u00e9dicos ortop\u00e9dicos son m\u00e9dicos (MD o DO) que han completado una amplia formaci\u00f3n en el diagn\u00f3stico y tratamiento de afecciones musculoesquel\u00e9ticas, incluida la cirug\u00eda.Los quiropr\u00e1cticos tienen un t\u00edtulo de Doctor en Quiropr\u00e1ctica (DC) y se centran principalmente en los ajustes manuales de la columna.<\/p>\n<h3>Enfoque<\/h3>\n<p>Los m\u00e9dicos ortop\u00e9dicos adoptan un enfoque integral que puede incluir medicamentos, fisioterapia, inyecciones y cirug\u00eda.Los quiropr\u00e1cticos se centran principalmente en la manipulaci\u00f3n de la columna y tambi\u00e9n pueden ofrecer consejos sobre estilo de vida y asesoramiento nutricional.<\/p>\n<h3>\u00c1mbito de pr\u00e1ctica<\/h3>\n<p>Los m\u00e9dicos ortop\u00e9dicos pueden tratar una gama m\u00e1s amplia de afecciones,\u00a0incluidas fracturas,\u00a0<a href=\"https:\/\/www.webmd.com\/arthritis\/default.htm\" target=\"_blank\" rel=\"noopener\">artritis<\/a>. ,\u00a0lesiones deportivas y problemas complejos de columna.Los quiropr\u00e1cticos suelen centrarse en cuestiones relacionadas con la columna y el sistema nervioso.<\/p>\n<p>Si no est\u00e1 seguro de qu\u00e9 tipo de m\u00e9dico es el adecuado para usted, estaremos encantados de analizar sus opciones durante una consulta. Nuestro objetivo es ayudarle a encontrar la atenci\u00f3n que mejor se adapte a sus necesidades y preferencias individuales.<\/p>\n<h2>Llame al cirujano ortop\u00e9dico de Columbus de mayor confianza<\/h2>\n<p>Sabemos que lidiar con el dolor y las lesiones es dif\u00edcil. Es por eso que ofrecemos m\u00e1s que solo experiencia m\u00e9dica: ofrecemos un o\u00eddo atento, un equipo de apoyo y un plan personalizado que prioriza sus necesidades.<\/p>\n<p>Llame a Georgia Spine &amp; Ortopedia al [tel\u00e9fono] y perm\u00edtanos mostrarle c\u00f3mo la atenci\u00f3n ortop\u00e9dica compasiva puede marcar la diferencia en su recuperaci\u00f3n.<\/p>\n","protected":false},"excerpt":{"rendered":"<p>En Col\u00f3n mereces una vida sin dolor. Ya sea un \u00e1vido corredor recorriendo el Chattahoochee RiverWalk, un padre devoto que persigue a sus peque\u00f1os en el Museo de Col\u00f3n o un profesional dedicado que recorre el bullicioso centro de la ciudad, los dolores de espalda persistentes, la rigidez en las articulaciones o las lesiones deportivas [&hellip;]<\/p>\n","protected":false},"author":44,"featured_media":0,"parent":7584,"menu_order":0,"comment_status":"closed","ping_status":"closed","template":"","meta":{"_acf_changed":false,"footnotes":""},"categories":[],"tags":[],"class_list":["post-8041","page","type-page","status-publish","hentry"],"acf":[],"_links":{"self":[{"href":"https:\/\/www.gaspineortho.com\/es\/wp-json\/wp\/v2\/pages\/8041","targetHints":{"allow":["GET"]}}],"collection":[{"href":"https:\/\/www.gaspineortho.com\/es\/wp-json\/wp\/v2\/pages"}],"about":[{"href":"https:\/\/www.gaspineortho.com\/es\/wp-json\/wp\/v2\/types\/page"}],"author":[{"embeddable":true,"href":"https:\/\/www.gaspineortho.com\/es\/wp-json\/wp\/v2\/users\/44"}],"replies":[{"embeddable":true,"href":"https:\/\/www.gaspineortho.com\/es\/wp-json\/wp\/v2\/comments?post=8041"}],"version-history":[{"count":5,"href":"https:\/\/www.gaspineortho.com\/es\/wp-json\/wp\/v2\/pages\/8041\/revisions"}],"predecessor-version":[{"id":9420,"href":"https:\/\/www.gaspineortho.com\/es\/wp-json\/wp\/v2\/pages\/8041\/revisions\/9420"}],"up":[{"embeddable":true,"href":"https:\/\/www.gaspineortho.com\/es\/wp-json\/wp\/v2\/pages\/7584"}],"wp:attachment":[{"href":"https:\/\/www.gaspineortho.com\/es\/wp-json\/wp\/v2\/media?parent=8041"}],"wp:term":[{"taxonomy":"category","embeddable":true,"href":"https:\/\/www.gaspineortho.com\/es\/wp-json\/wp\/v2\/categories?post=8041"},{"taxonomy":"post_tag","embeddable":true,"href":"https:\/\/www.gaspineortho.com\/es\/wp-json\/wp\/v2\/tags?post=8041"}],"curies":[{"name":"wp","href":"https:\/\/api.w.org\/{rel}","templated":true}]}}