{"id":8034,"date":"2024-05-14T08:31:13","date_gmt":"2024-05-14T13:31:13","guid":{"rendered":"https:\/\/www.gaspineortho.com\/columbus\/motorcycle-accident-injury-treatment\/"},"modified":"2024-09-09T14:13:08","modified_gmt":"2024-09-09T19:13:08","slug":"tratamiento-de-lesiones-accidentes-de-motocicleta","status":"publish","type":"page","link":"https:\/\/www.gaspineortho.com\/es\/columbus\/tratamiento-de-lesiones-accidentes-de-motocicleta\/","title":{"rendered":"Tratamiento de accidentes de motocicleta en Columbus"},"content":{"rendered":"<h2>Tratamiento de accidentes de motocicleta en Columbus, GA<\/h2>\n<p>Las motocicletas son un medio de transporte popular en Georgia. Sin embargo, son m\u00e1s que un simple medio de transporte; son un s\u00edmbolo de libertad y aventura. Pero si bien representan s\u00f3lo el 2% de los veh\u00edculos matriculados en Georgia, representan un n\u00famero desproporcionado de muertes en accidentes de tr\u00e1nsito.<\/p>\n<p>En 2019, los motociclistas representaron el 11% del total de muertes en accidentes de tr\u00e1nsito y el 21% del total de muertes de conductores. Las muertes de motociclistas han aumentado constantemente en los \u00faltimos a\u00f1os, de 139 en 2017 a 179 en 2020.<\/p>\n<p>Los accidentes de motocicleta pueden provocar una amplia gama de lesiones que a menudo requieren atenci\u00f3n m\u00e9dica especializada e inmediata.<\/p>\n<p>En Georgia Spine &amp; En Ortopedia, entendemos los desaf\u00edos que enfrentan los motociclistas en la carretera y nos dedicamos a brindar atenci\u00f3n integral a las personas lesionadas en accidentes de motocicleta.<\/p>\n<p>Nuestras instalaciones est\u00e1n bien equipadas con instalaciones de \u00faltima generaci\u00f3n y un equipo de especialistas ortop\u00e9dicos experimentados que est\u00e1n capacitados para diagnosticar y tratar una amplia gama de lesiones relacionadas con motocicletas. Desde fracturas complejas hasta lesiones de la columna, ofrecemos planes de tratamiento personalizados adaptados a las necesidades \u00fanicas de cada paciente.<\/p>\n<p>Si usted o un ser querido ha estado involucrado en un accidente de motocicleta, es de suma importancia obtener atenci\u00f3n m\u00e9dica adecuada.<\/p>\n<p>Creemos en un <a href=\"https:\/\/www.ncbi.nlm.nih.gov\/pmc\/articles\/PMC10761132\/\" target=\"_blank\" rel=\"noopener\">enfoque multidisciplinario<\/a> de la atenci\u00f3n, colaborando con fisioterapeutas, especialistas en el manejo del dolor y otros profesionales de la salud para garantizar que nuestros pacientes reciban tratamiento y apoyo integrales durante su proceso de recuperaci\u00f3n.<\/p>\n<p>Nuestro objetivo es ayudar a los pacientes a recuperar la funci\u00f3n, reducir el dolor y regresar a sus actividades diarias de la forma m\u00e1s r\u00e1pida y segura posible. P\u00f3ngase en contacto con nosotros hoy al [tel\u00e9fono] para programar una cita y comenzar su viaje hacia una recuperaci\u00f3n r\u00e1pida y completa. recuperaci\u00f3n.<\/p>\n<p><img fetchpriority=\"high\" decoding=\"async\" class=\"alignnone wp-image-4273\" src=\"https:\/\/www.gaspineortho.com\/wp-content\/uploads\/2024\/05\/columbus-motorcycle-accident-treatment-300x123.webp\" alt=\"Orthopaedic specialist at Georgia Spine &amp; Orthopaedics during a motorcycle accident treatment.\" width=\"500\" height=\"205\" srcset=\"https:\/\/www.gaspineortho.com\/wp-content\/uploads\/2024\/05\/columbus-motorcycle-accident-treatment-300x123.webp 300w, https:\/\/www.gaspineortho.com\/wp-content\/uploads\/2024\/05\/columbus-motorcycle-accident-treatment-768x315.webp 768w, https:\/\/www.gaspineortho.com\/wp-content\/uploads\/2024\/05\/columbus-motorcycle-accident-treatment.webp 1000w\" sizes=\"(max-width: 500px) 100vw, 500px\" \/><\/p>\n<h2>Tipos de lesiones por accidentes de motocicleta<\/h2>\n<p>Los accidentes de motocicleta pueden provocar una amplia gama de lesiones. Estos son algunos de los tipos comunes de lesiones en motocicletas:<\/p>\n<h3>Erupci\u00f3n en la carretera<\/h3>\n<p>Este es uno de los tipos de lesiones m\u00e1s comunes en accidentes de motocicleta. Ocurre cuando la piel del conductor entra en contacto con la superficie de la carretera durante un accidente. Esta fricci\u00f3n puede causar abrasiones, laceraciones e incluso da\u00f1os en los tejidos profundos, lo que requiere atenci\u00f3n m\u00e9dica para prevenir infecciones y promover la curaci\u00f3n.<\/p>\n<h3>Fracturas<\/h3>\n<p>Las altas fuerzas de impacto involucradas en los accidentes de motocicleta pueden provocar fracturas o roturas de huesos en todo el cuerpo. Los sitios de fractura comunes ocurren en piernas, brazos, mu\u00f1ecas, costillas y clav\u00edculas. Las fracturas pueden variar desde peque\u00f1as grietas finas hasta fracturas compuestas graves que penetran la piel.<\/p>\n<h3>Lesiones en la cabeza<\/h3>\n<p>Las lesiones en la cabeza son una preocupaci\u00f3n importante en los accidentes de motocicleta, ya que los conductores son m\u00e1s vulnerables a sufrir una lesi\u00f3n cerebral traum\u00e1tica (TBI) sin la protecci\u00f3n de un casco.<\/p>\n<p>Incluso con el uso del casco, a\u00fan pueden ocurrir traumatismos craneales, que van desde conmociones cerebrales hasta lesiones cerebrales m\u00e1s graves con implicaciones cognitivas y neurol\u00f3gicas a largo plazo.<\/p>\n<h3>Lesiones de tejidos blandos<\/h3>\n<p>Los accidentes de motocicleta pueden causar da\u00f1os a los tejidos blandos como m\u00fasculos, tendones y ligamentos. Esto incluye lesiones como esguinces, torceduras y contusiones, que pueden provocar dolor, hinchaz\u00f3n y movilidad limitada.<\/p>\n<h3>Lesiones de la m\u00e9dula espinal<\/h3>\n<p>La m\u00e9dula espinal es particularmente vulnerable en accidentes de motocicleta, especialmente en colisiones a alta velocidad o impactos laterales o traseros. Las lesiones de la m\u00e9dula espinal pueden provocar una par\u00e1lisis parcial o completa, afectando la funci\u00f3n motora, la sensaci\u00f3n y el control de los \u00f3rganos por debajo del nivel de la lesi\u00f3n.<\/p>\n<h3>Quemaduras<\/h3>\n<p>En accidentes que involucran incendios, explosiones o contacto con superficies calientes, los pasajeros pueden sufrir quemaduras t\u00e9rmicas por llamas, tubos de escape calientes o fricci\u00f3n. Estas quemaduras pueden variar en gravedad, desde quemaduras superficiales de primer grado hasta da\u00f1os en los tejidos profundos que requieren intervenci\u00f3n quir\u00fargica e injertos de piel.<\/p>\n<h3>Trauma psicol\u00f3gico<\/h3>\n<p>Adem\u00e1s de las lesiones f\u00edsicas, los accidentes de motocicleta tambi\u00e9n pueden causar importantes traumas psicol\u00f3gicos, incluido el trastorno de estr\u00e9s postraum\u00e1tico (TEPT), ansiedad, depresi\u00f3n y <a href=\"https:\/\/www.ncbi.nlm.nih.gov\/pmc\/articles \/PMC10590163\/#:~:text=La%20culpa%20delsuperviviente%20is%20la%20respuesta, los trastornos%20deansiedad%2C%20y%20complicated%20grief.\" target=\"_blank\" rel=\"noopener\">la culpa del superviviente<\/a>.<\/p>\n<p>El apoyo a la salud mental es esencial para que los conductores y sus seres queridos puedan afrontar las consecuencias emocionales de un accidente traum\u00e1tico.<\/p>\n<h2>Tratamientos que ofrecemos para lesiones de motocicleta<\/h2>\n<p>Columna vertebral de Georgia y La ortopedia ofrece una amplia gama de tratamientos para lesiones de motocicleta. Estos son algunos de los tratamientos que ofrecemos GSO:<\/p>\n<h3>Manejo del dolor<\/h3>\n<p><a href=\"https:\/\/www.gaspineortho.com\/es\/columbus\/el-manejo-del-dolor\/\" target=\"_blank\" rel=\"noopener\">El manejo del dolor<\/a> es un aspecto cr\u00edtico de la recuperaci\u00f3n para quienes han resultado heridos en un accidente de motocicleta.<\/p>\n<p>Esto puede implicar una combinaci\u00f3n de medicamentos recetados o de venta libre, terapia de fr\u00edo y calor, ejercicio suave, terapia de masajes, analg\u00e9sicos t\u00f3picos, suplementos y terapias profesionales como fisioterapia o atenci\u00f3n quiropr\u00e1ctica.<\/p>\n<p>Trabajar en estrecha colaboraci\u00f3n con los proveedores de atenci\u00f3n m\u00e9dica para desarrollar un plan personalizado de manejo del dolor puede ayudar a las personas a controlar el dolor de manera efectiva, reducir la inflamaci\u00f3n y respaldar el proceso de recuperaci\u00f3n despu\u00e9s de un accidente de motocicleta.<\/p>\n<h3>Restaurar la movilidad<\/h3>\n<p>Los accidentes de motocicleta tambi\u00e9n pueden provocar da\u00f1os graves en las articulaciones, especialmente en los hombros, las caderas y las rodillas. En Georgia Spine &amp; Ortopedia, ofrecemos una gama de servicios articulares dise\u00f1ados para restaurar la movilidad y aliviar el dolor.<\/p>\n<p>Nuestros especialistas pueden recomendar procedimientos m\u00ednimamente invasivos para corregir problemas articulares, como la cirug\u00eda artrosc\u00f3pica para reparar ligamentos o cart\u00edlagos desgarrados. En casos de da\u00f1o articular grave, podemos recomendar una cirug\u00eda de reemplazo total de la articulaci\u00f3n para brindar un alivio duradero y una mejor funci\u00f3n.<\/p>\n<h3>Funci\u00f3n de restauraci\u00f3n<\/h3>\n<p>Las lesiones en las manos y los antebrazos son comunes en los accidentes de motocicleta y pueden tener un impacto significativo en la capacidad de una persona para realizar las tareas cotidianas.<\/p>\n<p>En Georgia Spine &amp; Ortopedia, nuestros especialistas en manos y ortopl\u00e1sticos est\u00e1n capacitados en las \u00faltimas t\u00e9cnicas para el tratamiento de afecciones como lesiones en las yemas de los dedos, laceraciones nerviosas y lesiones de ligamentos.<\/p>\n<p>Podemos recomendar procedimientos como reparaci\u00f3n de nervios, reparaci\u00f3n de tendones o injertos de piel para restaurar la funci\u00f3n y la apariencia del \u00e1rea afectada.<\/p>\n<h3>Prevenir m\u00e1s lesiones<\/h3>\n<p>Las lesiones en las articulaciones de las extremidades son comunes en los accidentes de motocicleta y pueden provocar dolor cr\u00f3nico e inestabilidad si no se tratan adecuadamente.<\/p>\n<p>En Georgia Spine &amp; Ortopedia, nuestros especialistas en pie y tobillo est\u00e1n capacitados en las \u00faltimas t\u00e9cnicas para el tratamiento de esguinces, torceduras, fracturas y lesiones de tendones. Podemos recomendar procedimientos como reparaci\u00f3n de ligamentos, reparaci\u00f3n de tendones o fijaci\u00f3n de fracturas para restaurar la estabilidad y prevenir m\u00e1s lesiones.<\/p>\n<h3>Terapia de rehabilitaci\u00f3n<\/h3>\n<p>En Georgia Spine &amp; La terapia de rehabilitaci\u00f3n y ortopedia es una parte integral de nuestro enfoque integral para el tratamiento de las lesiones por accidentes de motocicleta. Sus servicios de rehabilitaci\u00f3n incluyen fisioterapia con terapia manual, ejercicios dirigidos, entrenamiento postural y terapia Astym para recuperar la fuerza y \u200b\u200bla movilidad.<\/p>\n<p><img decoding=\"async\" class=\"alignnone wp-image-3365 size-full\" src=\"https:\/\/www.gaspineortho.com\/wp-content\/uploads\/2024\/05\/shutterstock_347439827-min.jpg\" alt=\"Consultation session with a spine expert for a motorcycle injury patient in Columbus.\" width=\"500\" height=\"334\" srcset=\"https:\/\/www.gaspineortho.com\/wp-content\/uploads\/2024\/05\/shutterstock_347439827-min.jpg 500w, https:\/\/www.gaspineortho.com\/wp-content\/uploads\/2024\/05\/shutterstock_347439827-min-300x200.jpg 300w\" sizes=\"(max-width: 500px) 100vw, 500px\" \/><\/p>\n<h2>Causas de los accidentes de motocicleta<\/h2>\n<h3>Exceso de velocidad<\/h3>\n<p>El exceso de velocidad, ya sea por parte del motociclista o de otros conductores, es un factor importante en los accidentes de motocicleta, provocando dificultades para manejar el veh\u00edculo, realizar maniobras de emergencia y frenar r\u00e1pidamente. Las motocicletas de alto rendimiento capaces de alcanzar velocidades extremas pueden contribuir a la gravedad de los accidentes<\/p>\n<h3>DUI<\/h3>\n<p>Conducir bajo la influencia del alcohol es un factor de riesgo importante en los accidentes de motocicleta, ya que casi el 30% de los motociclistas en accidentes fatales est\u00e1n bajo los efectos del alcohol. El alcohol afecta el juicio, la coordinaci\u00f3n y los tiempos de reacci\u00f3n, aumentando la probabilidad de accidentes\/<\/p>\n<h3>Divisi\u00f3n de carriles<\/h3>\n<p>El zigzagueo entre carriles de autom\u00f3viles detenidos o que circulan lentamente, conocido como divisi\u00f3n de carril, es una causa com\u00fan de accidentes de motocicleta. Los coches a menudo no esperan que una motocicleta les pase en espacios tan reducidos, lo que genera situaciones peligrosas para los motociclistas.<\/p>\n<h3>Condiciones inseguras de la carretera<\/h3>\n<p>Las malas condiciones de las carreteras, como baches, escombros, superficies irregulares o pavimento resbaladizo debido a la lluvia, el aceite o la grava, representan un peligro para los motociclistas. Estas condiciones pueden causar p\u00e9rdida de tracci\u00f3n, p\u00e9rdida de control o cambios repentinos de direcci\u00f3n, lo que resulta en accidentes, especialmente a velocidades m\u00e1s altas.<\/p>\n<h3>Inexperiencia<\/h3>\n<p>La falta de experiencia o una formaci\u00f3n inadecuada pueden contribuir a los accidentes de motocicleta, ya que los conductores novatos pueden tener dificultades para manejar las complejidades del funcionamiento, el equilibrio y las maniobras de la motocicleta. La inexperiencia puede provocar errores al frenar, tomar curvas o sortear obst\u00e1culos, aumentando la probabilidad de accidentes.<\/p>\n<h2>\u00bfCu\u00e1nto tiempo tarda en resolverse un caso t\u00edpico de accidente de motocicleta?<\/h2>\n<p>El cronograma para resolver un caso de accidente de motocicleta puede variar dependiendo de factores como la gravedad de las lesiones, la voluntad de las partes de negociar y los procesos legales involucrados.<\/p>\n<p>Si bien algunos casos pueden resolverse con relativa rapidez, otros pueden tardar meses o incluso a\u00f1os en llegar a un acuerdo o ir a juicio. Si el caso llega a juicio, el plazo puede ampliarse significativamente. Dependiendo de la programaci\u00f3n del tribunal y otros factores, un juicio puede tardar varios d\u00edas o incluso semanas en completarse.<\/p>\n<p>Despu\u00e9s del juicio, puede haber mociones y procedimientos posteriores al juicio, as\u00ed como la posibilidad de apelaciones, ampliando a\u00fan m\u00e1s el plazo para la resoluci\u00f3n.<\/p>\n<h2>Por qu\u00e9 elegir Georgia Spine &amp; \u00bfOrtopedia?<\/h2>\n<p>Columna vertebral de Georgia y Orthopaedics es un proveedor de atenci\u00f3n m\u00e9dica l\u00edder en Georgia y ofrece una amplia gama de servicios para afecciones ortop\u00e9dicas y de la columna. Contamos con un equipo de <a href=\"https:\/\/www.cigna.com\/knowledge-center\/hw\/board-certified-specialists-ps1893\" target=\"_blank\" rel=\"noopener\">especialistas certificados<\/a> que brindan un tratamiento integral adaptado a su necesidad.<\/p>\n<p>Se especializan en el cuidado de la columna y las articulaciones y est\u00e1n bien equipados con tecnolog\u00eda avanzada de diagn\u00f3stico y tratamiento. Adem\u00e1s, ofrecen atenci\u00f3n personalizada adaptada a sus necesidades de salud espec\u00edficas.<\/p>\n<p>Adem\u00e1s de sus servicios integrales de atenci\u00f3n m\u00e9dica, Georgia Spine &amp; Ortopedia ha establecido una gran red de referencias de los mejores abogados de Georgia. Esta red garantiza que los pacientes tengan acceso a experiencia y apoyo legal si necesitan emprender acciones legales relacionadas con sus lesiones.<\/p>\n<h2>\u00a1Obtenga el tratamiento por accidente de motocicleta que necesita hoy!<\/h2>\n<p>Los accidentes de motocicleta pueden tener consecuencias devastadoras y provocar lesiones graves que requieren atenci\u00f3n m\u00e9dica inmediata y especializada.<\/p>\n<p>En Georgia Spine &amp; Ortopedia, nos dedicamos a brindar atenci\u00f3n integral a las personas lesionadas en accidentes de motocicleta, ofreciendo una amplia gama de tratamientos adaptados a las necesidades \u00fanicas de cada paciente.<\/p>\n<p>Nuestro equipo de especialistas en ortopedia con experiencia est\u00e1 equipado para diagnosticar y tratar una variedad de lesiones, desde fracturas y dislocaciones hasta lesiones de la m\u00e9dula espinal y lesiones cerebrales traum\u00e1ticas.<\/p>\n<p>Utilizamos pruebas e im\u00e1genes de diagn\u00f3stico de \u00faltima generaci\u00f3n para garantizar un diagn\u00f3stico preciso y desarrollar planes de tratamiento personalizados que aborden las necesidades espec\u00edficas de cada paciente.<\/p>\n<p>P\u00f3ngase en contacto con nosotros hoy al [tel\u00e9fono] para programar una cita y comenzar su camino hacia la recuperaci\u00f3n.<\/p>\n","protected":false},"excerpt":{"rendered":"<p>Tratamiento de accidentes de motocicleta en Columbus, GA Las motocicletas son un medio de transporte popular en Georgia. Sin embargo, son m\u00e1s que un simple medio de transporte; son un s\u00edmbolo de libertad y aventura. Pero si bien representan s\u00f3lo el 2% de los veh\u00edculos matriculados en Georgia, representan un n\u00famero desproporcionado de muertes en [&hellip;]<\/p>\n","protected":false},"author":44,"featured_media":0,"parent":7584,"menu_order":0,"comment_status":"closed","ping_status":"closed","template":"","meta":{"_acf_changed":false,"footnotes":""},"categories":[],"tags":[],"class_list":["post-8034","page","type-page","status-publish","hentry"],"acf":[],"_links":{"self":[{"href":"https:\/\/www.gaspineortho.com\/es\/wp-json\/wp\/v2\/pages\/8034","targetHints":{"allow":["GET"]}}],"collection":[{"href":"https:\/\/www.gaspineortho.com\/es\/wp-json\/wp\/v2\/pages"}],"about":[{"href":"https:\/\/www.gaspineortho.com\/es\/wp-json\/wp\/v2\/types\/page"}],"author":[{"embeddable":true,"href":"https:\/\/www.gaspineortho.com\/es\/wp-json\/wp\/v2\/users\/44"}],"replies":[{"embeddable":true,"href":"https:\/\/www.gaspineortho.com\/es\/wp-json\/wp\/v2\/comments?post=8034"}],"version-history":[{"count":5,"href":"https:\/\/www.gaspineortho.com\/es\/wp-json\/wp\/v2\/pages\/8034\/revisions"}],"predecessor-version":[{"id":9408,"href":"https:\/\/www.gaspineortho.com\/es\/wp-json\/wp\/v2\/pages\/8034\/revisions\/9408"}],"up":[{"embeddable":true,"href":"https:\/\/www.gaspineortho.com\/es\/wp-json\/wp\/v2\/pages\/7584"}],"wp:attachment":[{"href":"https:\/\/www.gaspineortho.com\/es\/wp-json\/wp\/v2\/media?parent=8034"}],"wp:term":[{"taxonomy":"category","embeddable":true,"href":"https:\/\/www.gaspineortho.com\/es\/wp-json\/wp\/v2\/categories?post=8034"},{"taxonomy":"post_tag","embeddable":true,"href":"https:\/\/www.gaspineortho.com\/es\/wp-json\/wp\/v2\/tags?post=8034"}],"curies":[{"name":"wp","href":"https:\/\/api.w.org\/{rel}","templated":true}]}}