{"id":8027,"date":"2024-05-14T08:23:29","date_gmt":"2024-05-14T13:23:29","guid":{"rendered":"https:\/\/www.gaspineortho.com\/columbus\/medical-clinic\/"},"modified":"2024-09-09T14:32:04","modified_gmt":"2024-09-09T19:32:04","slug":"clinica-medica","status":"publish","type":"page","link":"https:\/\/www.gaspineortho.com\/es\/columbus\/clinica-medica\/","title":{"rendered":"Cl\u00ednica M\u00e9dica Col\u00f3n"},"content":{"rendered":"<p>Columna vertebral de Georgia y Ortopedia es l\u00edder en brindar atenci\u00f3n ortop\u00e9dica y de columna personalizada y de alta calidad. Nuestra Cl\u00ednica M\u00e9dica de Columbus se enorgullece de brindarle la atenci\u00f3n que necesita para que regrese a su estado sin dolor con los tratamientos adecuados de los especialistas adecuados.<\/p>\n<p>Cada paciente es \u00fanico y nuestro enfoque tambi\u00e9n lo es. No importa cu\u00e1n grave sea su lesi\u00f3n o condici\u00f3n, estamos aqu\u00ed para ofrecerle atenci\u00f3n y atenci\u00f3n personalizadas. Escuchamos sus inquietudes, necesidades y objetivos espec\u00edficos y personalizamos su atenci\u00f3n para garantizar los mejores resultados posibles.<\/p>\n<p>Si tiene preguntas o inquietudes sobre un diagn\u00f3stico o s\u00edntoma en particular, podemos ayudarlo. Consulte nuestra gu\u00eda a continuaci\u00f3n sobre los servicios m\u00e9dicos que ofrecemos y la gama de tratamientos disponibles en nuestra Cl\u00ednica M\u00e9dica Columbus.<\/p>\n<h2>Servicios m\u00e9dicos que ofrecemos<\/h2>\n<p><img fetchpriority=\"high\" decoding=\"async\" class=\"alignnone wp-image-3928 size-full\" src=\"https:\/\/www.gaspineortho.com\/wp-content\/uploads\/2024\/05\/shutterstock_435746674-min-1.jpg\" alt=\"Patient consultation for spine health at Georgia Spine &amp; Orthopaedics, Columbus\" width=\"500\" height=\"334\" srcset=\"https:\/\/www.gaspineortho.com\/wp-content\/uploads\/2024\/05\/shutterstock_435746674-min-1.jpg 500w, https:\/\/www.gaspineortho.com\/wp-content\/uploads\/2024\/05\/shutterstock_435746674-min-1-300x200.jpg 300w\" sizes=\"(max-width: 500px) 100vw, 500px\" \/><\/p>\n<h3>Ortopedia<\/h3>\n<p>La atenci\u00f3n ortop\u00e9dica se centra en diagnosticar, tratar, rehabilitar y prevenir lesiones y afecciones que afectan el sistema musculoesquel\u00e9tico. Este sistema abarca m\u00fasculos, tendones, ligamentos, huesos y nervios, vitales para el soporte, la estabilidad y el movimiento.<\/p>\n<p>En Georgia Spine &amp; Ortopedia, nuestros tratamientos, tanto quir\u00fargicos como no quir\u00fargicos, tienen como objetivo restaurar la funci\u00f3n normal y aliviar el dolor. De esta manera, ayudamos a las personas a recuperar su calidad de vida y disfrutar de actividades sin dolor ni molestias.<\/p>\n<h3>Manejo del dolor<\/h3>\n<p>El manejo del dolor implica tratar afecciones subyacentes con diversos medicamentos y aliviar el dolor mediante diversas t\u00e9cnicas como acupuntura, hielo, calor y masajes. Nuestro equipo de manejo del dolor de Columbus Medical Clinic comprende el impacto del dolor en la vida diaria.<\/p>\n<p>Ofrecemos planes de tratamiento personalizados que combinan medicamentos, fisioterapia e intervenciones para ayudar a abordar la causa subyacente del dolor.<\/p>\n<h3>Neurolog\u00eda<\/h3>\n<p>Nuestros neur\u00f3logos brindan atenci\u00f3n avanzada para lesiones y trastornos del cerebro, la m\u00e9dula espinal y el sistema nervioso.<\/p>\n<p>Utilizando tecnolog\u00eda y t\u00e9cnicas quir\u00fargicas de \u00faltima generaci\u00f3n, se esfuerzan por ofrecer atenci\u00f3n de alta calidad y bajo riesgo. Nuestros neurocirujanos expertos tienen mucha experiencia y se asegurar\u00e1n de que usted tenga las mejores posibilidades de tener una recuperaci\u00f3n exitosa.<\/p>\n<p>Sabemos que las lesiones neurol\u00f3gicas pueden afectar diferentes partes del sistema nervioso. Nuestro equipo de atenci\u00f3n neurol\u00f3gica incluye especialistas en enfermedades del cerebro y la m\u00e9dula espinal, afecciones de las articulaciones y los m\u00fasculos, y otras especialidades para brindar atenci\u00f3n personalizada de espectro completo.<\/p>\n<h3>Atenci\u00f3n quiropr\u00e1ctica<\/h3>\n<p>El cuidado quiropr\u00e1ctico ofrece soluciones naturales para el dolor de espalda, cuello, extremidades y articulaciones. Es un enfoque natural de la atenci\u00f3n m\u00e9dica que ayuda a restaurar la funci\u00f3n normal de la columna y otras articulaciones, y a mantener el movimiento de los tejidos blandos.<\/p>\n<p>Nuestros quiropr\u00e1cticos utilizan diversas terapias pr\u00e1cticas para restaurar la funci\u00f3n de la columna y las articulaciones, ofreciendo alivio del dolor agudo o cr\u00f3nico.<\/p>\n<p>Nuestra Cl\u00ednica M\u00e9dica de Columbus ofrece opciones de tratamiento no quir\u00fargico que incluyen manipulaci\u00f3n de articulaciones, terapias de tejidos blandos y planes de ejercicio personalizados para ayudar a curar lesiones y aliviar cualquier dolor.<\/p>\n<h3>Fisioterapia<\/h3>\n<p>Si busca recuperar el movimiento, la movilidad, la fuerza o el equilibrio despu\u00e9s de una enfermedad o lesi\u00f3n, podemos ayudarlo. Nuestro equipo de fisioterapia esencialmente trabajar\u00e1 en estrecha colaboraci\u00f3n con otros miembros de su equipo m\u00e9dico para ayudarlo a mejorar su rango de movimiento y movilidad.<\/p>\n<p>Nuestro departamento de fisioterapia ofrece una variedad de tratamientos para mejorar la movilidad, reducir el dolor y mejorar la funci\u00f3n f\u00edsica.<\/p>\n<p>Utilizando enfoques de tratamiento como compresi\u00f3n terap\u00e9utica, terapia del desarrollo y movilizaci\u00f3n de tejidos blandos, nuestros terapeutas dise\u00f1an programas personalizados para lograr resultados \u00f3ptimos, ayudando a menudo a los pacientes a evitar la cirug\u00eda.<\/p>\n<p>Nuestro programa de fisioterapia permite a los fisiatras prescribir rutinas de ejercicios en el hogar y pueden recomendar equipos de adaptaci\u00f3n, como ayudas para la movilidad. Tambi\u00e9n ofrecemos fisioterapia general ambulatoria para pacientes postoperatorios, preoperatorios y no quir\u00fargicos. Tambi\u00e9n se ofrece terapia ocupacional.<\/p>\n<h3>Servicios de resonancia magn\u00e9tica<\/h3>\n<p>La resonancia magn\u00e9tica (MRI) proporciona im\u00e1genes detalladas del cuerpo con el uso de potentes imanes y ondas de radio. Combinado con otros m\u00e9todos de im\u00e1genes, ayuda a realizar un diagn\u00f3stico preciso.<\/p>\n<p>Las resonancias magn\u00e9ticas tomadas despu\u00e9s de la administraci\u00f3n de un medio de contraste especial ofrecen informaci\u00f3n adicional sobre los vasos sangu\u00edneos.<\/p>\n<h3>Servicios de rayos X<\/h3>\n<p>Nuestros servicios internos de rayos X ofrecen una evaluaci\u00f3n conveniente y oportuna de las lesiones. Con equipos de \u00faltima generaci\u00f3n, las im\u00e1genes digitales est\u00e1n disponibles casi de inmediato para su revisi\u00f3n, lo que garantiza un diagn\u00f3stico y una planificaci\u00f3n del tratamiento eficientes.<\/p>\n<h3>Inyecciones m\u00e9dicas<\/h3>\n<p>Las inyecciones administran el medicamento directamente a la fuente del dolor, proporcionando un alivio espec\u00edfico. Usados \u200b\u200ba menudo como una opci\u00f3n conservadora antes de la cirug\u00eda, pueden eliminar o retrasar la necesidad de procedimientos invasivos, maximizando los beneficios cuando se combinan con fisioterapia y medicamentos.<\/p>\n<p>En Georgia Spine &amp; En Ortopedia, entendemos que la recuperaci\u00f3n es a veces un proceso a largo plazo que puede requerir una gesti\u00f3n continua y un seguimiento regular para garantizar los mejores resultados.<\/p>\n<p>No importa qu\u00e9 tipo de seguimiento necesite, puede estar seguro de que siempre estaremos ah\u00ed para controlar su progreso y brindarle apoyo. Siempre estaremos encantados de ayudarle si tiene alguna inquietud o pregunta sobre su atenci\u00f3n.<\/p>\n<h2>Tratamientos disponibles<\/h2>\n<p><img decoding=\"async\" class=\"alignnone wp-image-3350\" src=\"https:\/\/www.gaspineortho.com\/wp-content\/uploads\/2024\/05\/shutterstock_2128527452-copy.webp\" alt=\"Post-operative care session at Columbus Medical Clinic's orthopaedic recovery room\" width=\"500\" height=\"364\" srcset=\"https:\/\/www.gaspineortho.com\/wp-content\/uploads\/2024\/05\/shutterstock_2128527452-copy.webp 1000w, https:\/\/www.gaspineortho.com\/wp-content\/uploads\/2024\/05\/shutterstock_2128527452-copy-300x218.webp 300w, https:\/\/www.gaspineortho.com\/wp-content\/uploads\/2024\/05\/shutterstock_2128527452-copy-768x559.webp 768w\" sizes=\"(max-width: 500px) 100vw, 500px\" \/><\/p>\n<h3>Cabeza<\/h3>\n<p>Las <a href=\"https:\/\/www.gaspineortho.com\/es\/lesion-craneal\/\" target=\"_blank\" rel=\"noopener\">Lesiones en la cabeza<\/a>, que van desde menores hasta graves, pueden ser el resultado de ca\u00eddas o accidentes. Si bien es posible que las lesiones menores no requieran atenci\u00f3n m\u00e9dica, es importante buscar ayuda para las lesiones en la cabeza de moderadas a graves.<\/p>\n<p>Estas lesiones pueden ser internas (que afectan el cr\u00e1neo o el cerebro) o externas (que afectan el cuero cabelludo) y pueden clasificarse como cerradas (cr\u00e1neo intacto) o abiertas (fractura de cr\u00e1neo).<\/p>\n<p>Ejemplos de lesiones en la cabeza incluyen conmociones cerebrales, heridas en el cuero cabelludo, fracturas de cr\u00e1neo y hemorragia cerebral. Si ha sufrido una lesi\u00f3n en la cabeza, consultar a un m\u00e9dico de inmediato es esencial para una evaluaci\u00f3n y tratamiento adecuados.<\/p>\n<h3>Cuello<\/h3>\n<p>El dolor de cuello, que a menudo es causado por espasmos musculares, distensiones o mala alineaci\u00f3n de la columna, es una afecci\u00f3n com\u00fan. Los s\u00edntomas var\u00edan desde una sensibilidad leve hasta dolor o rigidez intensos, a veces provocados por movimientos o actividades espec\u00edficas.<\/p>\n<p>Nuestros especialistas en ortopedia ofrecen atenci\u00f3n integral para el dolor y las lesiones de cuello, incluido el latigazo cervical.<\/p>\n<p>Ya sea que su malestar sea ocasional o persistente, nuestros m\u00e9dicos pueden brindarle alivio y opciones de tratamiento personalizadas. Busque un especialista en ortopedia cercano para tratar su dolor de cuello de manera efectiva.<\/p>\n<h3>Columna vertebral<\/h3>\n<p>Las afecciones o lesiones de la columna pueden afectar significativamente la movilidad y la calidad de vida. Nuestros especialistas en columna se dedican a ayudar a los pacientes a superar estos desaf\u00edos y recuperar su estilo de vida activo y sin dolor.<\/p>\n<p>Brindamos instalaciones integrales para el cuidado de la columna bajo un mismo techo, que incluyen diagn\u00f3stico por im\u00e1genes, inyecciones espinales dirigidas, intervenciones quir\u00fargicas para pacientes hospitalizados y ambulatorios, atenci\u00f3n quiropr\u00e1ctica y fisioterapia.<\/p>\n<p>Con un equipo centrado exclusivamente en la atenci\u00f3n ortop\u00e9dica, garantizamos un tratamiento hol\u00edstico adaptado a sus necesidades individuales.<\/p>\n<h3>Espalda Baja<\/h3>\n<p>El <a href=\"https:\/\/www.gaspineortho.com\/es\/lesion-de-espalda\/\" target=\"_blank\" rel=\"noopener\">El dolor lumbar<\/a> afecta principalmente a la columna lumbar, una zona que soporta gran parte del peso de la parte superior del cuerpo. La afecci\u00f3n afecta a muchas personas, con una intensidad que var\u00eda de leve a grave y puede ser de corta duraci\u00f3n o cr\u00f3nica.<\/p>\n<p>Ya sea persistente o intermitente, el dolor lumbar puede dificultar sus actividades diarias. Pero no es necesario: hable hoy con un m\u00e9dico de Columbus Medical Clinic.<\/p>\n<h3>Hombro<\/h3>\n<p>El dolor o la lesi\u00f3n en el hombro pueden afectar el movimiento normal del brazo, dificultando sus actividades diarias. Los s\u00edntomas pueden variar desde un dolor sordo y gradual hasta un dolor repentino y agudo.<\/p>\n<p>Ya sea que est\u00e9 lidiando con un desgarro del manguito rotador, un hombro congelado u otras afecciones del hombro, nuestra cl\u00ednica ofrece opciones integrales de diagn\u00f3stico y tratamiento.<\/p>\n<h3>Codo<\/h3>\n<p>El dolor de codo suele ser causado por da\u00f1os en las estructuras intrincadas de la articulaci\u00f3n del codo, lo que afecta su flexibilidad y funcionalidad. Nuestro equipo ortop\u00e9dico se especializa en prevenir, diagnosticar y tratar lesiones y afecciones del codo.<\/p>\n<p>Si tiene molestias en el codo, comun\u00edquese con uno de nuestros m\u00e9dicos de Columbus Medical Clinic para recibir atenci\u00f3n personalizada.<\/p>\n<h3>Mu\u00f1eca<\/h3>\n<p>La articulaci\u00f3n de la mu\u00f1eca, compuesta por ocho peque\u00f1os huesos y ligamentos, facilita el movimiento de la mano y el antebrazo. El da\u00f1o a cualquier parte de estas estructuras puede causar dolor y limitar el uso de la mu\u00f1eca y la mano.<\/p>\n<p>Un m\u00e9dico ortop\u00e9dico de Columbus Medical Clinic puede diagnosticar el problema subyacente y desarrollar un plan de tratamiento personalizado para que usted aborde el dolor o la lesi\u00f3n en la mu\u00f1eca de manera efectiva.<\/p>\n<h3>Mano<\/h3>\n<p>Nuestra cl\u00ednica se especializa en abordar una amplia gama de lesiones en las manos, desde dedos rotos hasta fracturas complejas y da\u00f1os a los nervios.<\/p>\n<p>Nuestro equipo est\u00e1 disponible las 24 horas del d\u00eda, los 7 d\u00edas de la semana para brindar cirug\u00eda de emergencia en casos graves, incluida cirug\u00eda compleja de la mano, preservaci\u00f3n de extremidades y cirug\u00eda microquir\u00fargica de colgajo reconstructivo.<\/p>\n<p>Adem\u00e1s, nuestra Cl\u00ednica M\u00e9dica de Columbus ofrece tratamiento para lesiones comunes de manos y mu\u00f1ecas, como fracturas de dedos, manos o mu\u00f1ecas, lesiones o amputaciones en las puntas de los dedos, lesiones nerviosas y lesiones de tendones.<\/p>\n<p>Ofrecemos opciones de tratamiento integrales que incluyen yesos, terapia f\u00edsica y ocupacional, aparatos ortop\u00e9dicos y cirug\u00edas avanzadas de la mano para reparar nervios y tendones. Puede confiar en nosotros para la restauraci\u00f3n completa de la funci\u00f3n de su mano y el alivio del dolor posterior a la lesi\u00f3n.<\/p>\n<h3>Cadera<\/h3>\n<p>El dolor de cadera puede afectar varias \u00e1reas que rodean la articulaci\u00f3n de la cadera. En muchos casos, no sentir\u00e1s el dolor directamente en la cadera, sino que lo sentir\u00e1s en la zona del muslo, la ingle o la rodilla.<\/p>\n<p>Nuestro equipo ortop\u00e9dico tiene experiencia en el manejo de todo tipo de procedimientos y tratamientos de cadera y puede ayudar a abordar problemas provenientes de los huesos o cart\u00edlagos de la articulaci\u00f3n de la cadera.<\/p>\n<h3>Rodilla<\/h3>\n<p>El dolor de rodilla es una afecci\u00f3n musculoesquel\u00e9tica com\u00fan que a menudo resulta de una lesi\u00f3n, el uso excesivo o la edad. Dada la funci\u00f3n de la rodilla de soportar el peso corporal y absorber la fuerza durante actividades como correr o saltar, es bastante vulnerable a las lesiones.<\/p>\n<p>Nuestros especialistas en ortopedia de Columbus Medical Clinic est\u00e1n equipados para tratar una amplia gama de afecciones de pies y tobillos, desde lesiones agudas como ca\u00eddas o lesiones relacionadas con deportes hasta problemas cr\u00f3nicos causados \u200b\u200bpor afecciones como c\u00e1ncer, infecciones o artritis.<\/p>\n<h2>Cl\u00ednica M\u00e9dica de Columbus: atenci\u00f3n de calidad en la que puede confiar<\/h2>\n<p>Columna vertebral de Georgia y La ortopedia se ha convertido en uno de los mejores centros de atenci\u00f3n ortop\u00e9dica y de columna de Georgia. Hemos ayudado a innumerables pacientes que sufren todo tipo de dolores y afecciones a recuperarse por completo.<\/p>\n<p>\u00a1Nosotros podemos ayudarte tambi\u00e9n! P\u00f3ngase en contacto con nosotros hoy al [tel\u00e9fono] para obtener m\u00e1s informaci\u00f3n sobre nuestros servicios y programar una consulta con un especialista.<\/p>\n","protected":false},"excerpt":{"rendered":"<p>Columna vertebral de Georgia y Ortopedia es l\u00edder en brindar atenci\u00f3n ortop\u00e9dica y de columna personalizada y de alta calidad. Nuestra Cl\u00ednica M\u00e9dica de Columbus se enorgullece de brindarle la atenci\u00f3n que necesita para que regrese a su estado sin dolor con los tratamientos adecuados de los especialistas adecuados. Cada paciente es \u00fanico y nuestro [&hellip;]<\/p>\n","protected":false},"author":44,"featured_media":0,"parent":7584,"menu_order":0,"comment_status":"closed","ping_status":"closed","template":"","meta":{"_acf_changed":false,"footnotes":""},"categories":[],"tags":[],"class_list":["post-8027","page","type-page","status-publish","hentry"],"acf":[],"_links":{"self":[{"href":"https:\/\/www.gaspineortho.com\/es\/wp-json\/wp\/v2\/pages\/8027","targetHints":{"allow":["GET"]}}],"collection":[{"href":"https:\/\/www.gaspineortho.com\/es\/wp-json\/wp\/v2\/pages"}],"about":[{"href":"https:\/\/www.gaspineortho.com\/es\/wp-json\/wp\/v2\/types\/page"}],"author":[{"embeddable":true,"href":"https:\/\/www.gaspineortho.com\/es\/wp-json\/wp\/v2\/users\/44"}],"replies":[{"embeddable":true,"href":"https:\/\/www.gaspineortho.com\/es\/wp-json\/wp\/v2\/comments?post=8027"}],"version-history":[{"count":4,"href":"https:\/\/www.gaspineortho.com\/es\/wp-json\/wp\/v2\/pages\/8027\/revisions"}],"predecessor-version":[{"id":9419,"href":"https:\/\/www.gaspineortho.com\/es\/wp-json\/wp\/v2\/pages\/8027\/revisions\/9419"}],"up":[{"embeddable":true,"href":"https:\/\/www.gaspineortho.com\/es\/wp-json\/wp\/v2\/pages\/7584"}],"wp:attachment":[{"href":"https:\/\/www.gaspineortho.com\/es\/wp-json\/wp\/v2\/media?parent=8027"}],"wp:term":[{"taxonomy":"category","embeddable":true,"href":"https:\/\/www.gaspineortho.com\/es\/wp-json\/wp\/v2\/categories?post=8027"},{"taxonomy":"post_tag","embeddable":true,"href":"https:\/\/www.gaspineortho.com\/es\/wp-json\/wp\/v2\/tags?post=8027"}],"curies":[{"name":"wp","href":"https:\/\/api.w.org\/{rel}","templated":true}]}}