{"id":8024,"date":"2025-07-25T08:00:52","date_gmt":"2025-07-25T13:00:52","guid":{"rendered":"https:\/\/www.gaspineortho.com\/columbus\/chiropractor\/"},"modified":"2024-09-09T14:30:30","modified_gmt":"2024-09-09T19:30:30","slug":"quiropractico-de-colon","status":"publish","type":"page","link":"https:\/\/www.gaspineortho.com\/es\/columbus\/quiropractico-de-colon\/","title":{"rendered":"Quiropr\u00e1ctico de Col\u00f3n"},"content":{"rendered":"<p>\u00bfHa estado involucrado en un accidente recientemente? \u00bfEl dolor, la molestia y la inflamaci\u00f3n afectan su calidad de vida? \u00bfEst\u00e1 buscando formas de tratar el dolor sin depender demasiado de los medicamentos recetados? Deber\u00eda considerar buscar la mejor atenci\u00f3n quiropr\u00e1ctica de Columbus en Georgia Spine &amp; Ortoped\u00eda.<\/p>\n<p>Ofrecemos atenci\u00f3n quiropr\u00e1ctica especializada optimizada y personalizada seg\u00fan las necesidades de las v\u00edctimas de accidentes automovil\u00edsticos. Adem\u00e1s, nuestros quiropr\u00e1cticos experimentados trabajan mano a mano con ortopedistas para desarrollar un tratamiento hol\u00edstico que mejore su capacidad para recuperarse por completo.<\/p>\n<p>Ll\u00e1menos hoy al [tel\u00e9fono] para obtener la mejor atenci\u00f3n quiropr\u00e1ctica en Columbus.<\/p>\n<h2>\u00bfQu\u00e9 es la atenci\u00f3n quiropr\u00e1ctica?<\/h2>\n<p><img fetchpriority=\"high\" decoding=\"async\" class=\"alignnone wp-image-3676 size-full\" src=\"https:\/\/www.gaspineortho.com\/wp-content\/uploads\/2024\/05\/shutterstock_769605700-min.jpg\" alt=\"Columbus Chiropractor Care\" width=\"500\" height=\"334\" srcset=\"https:\/\/www.gaspineortho.com\/wp-content\/uploads\/2024\/05\/shutterstock_769605700-min.jpg 500w, https:\/\/www.gaspineortho.com\/wp-content\/uploads\/2024\/05\/shutterstock_769605700-min-300x200.jpg 300w\" sizes=\"(max-width: 500px) 100vw, 500px\" \/><\/p>\n<p>La atenci\u00f3n quiropr\u00e1ctica es un tratamiento no invasivo centrado en el paciente que se centra en el tratamiento de problemas musculoesquel\u00e9ticos (problemas relacionados con los huesos, las articulaciones, los tendones, los ligamentos, los m\u00fasculos y los nervios) que enfatiza y aprovecha la capacidad del cuerpo para curarse a s\u00ed mismo.<\/p>\n<p>Los quiropr\u00e1cticos suelen utilizar sus manos y equipo especializado para diagnosticar problemas que afectan el movimiento del cuerpo y manipularlo y realinearlo a su posici\u00f3n natural para restaurar la integridad estructural de las \u00e1reas afectadas.<\/p>\n<p>La gama de servicios de atenci\u00f3n quiropr\u00e1ctica incluye manipulaciones, ejercicios y estiramientos de la columna o las articulaciones, terapias de tejidos blandos y cinta Kinesio o aparatos ortop\u00e9dicos para las articulaciones.<\/p>\n<h2>Beneficios de la atenci\u00f3n quiropr\u00e1ctica despu\u00e9s de un accidente automovil\u00edstico<\/h2>\n<p>A continuaci\u00f3n se detallan algunos de los beneficios notables de buscar atenci\u00f3n quiropr\u00e1ctica despu\u00e9s de un accidente en Columbus:<\/p>\n<h3>#1. Tratamiento no invasivo<\/h3>\n<p>El tratamiento quiropr\u00e1ctico es eficaz para tratar la desalineaci\u00f3n de la columna resultante de accidentes automovil\u00edsticos. Por ejemplo, la <a href=\"https:\/\/www.spine-health.com\/treatment\/chiropractic\/manipulation-under-anesthesia-spinal-pain\" target=\"_blank\" rel=\"noopener\">manipulaci\u00f3n espinal bajo anestesia ( MUA)<\/a> se recomienda para aliviar el dolor cr\u00f3nico de espalda y cuello causado por hernias de disco cuando otras soluciones s\u00ed funcionan.<\/p>\n<p>Es importante destacar que la manipulaci\u00f3n manual de las articulaciones y la columna ofrece un <a href=\"https:\/\/www.gaspineortho.com\/es\/columbus\/tratamiento-de-lesiones-laborales\/\">tratamiento de lesiones<\/a> eficaz despu\u00e9s de un accidente sin necesidad de procedimientos invasivos. .<\/p>\n<h3>#2. Tratamiento sin drogas<\/h3>\n<p>La epidemia de opioides ha puesto de manifiesto los peligros de una dependencia excesiva de los analg\u00e9sicos. Como tal, es natural que sienta aprensi\u00f3n de depender \u00fanicamente de los analg\u00e9sicos mientras trabaja para recuperarse de sus lesiones.<\/p>\n<p>Le alegrar\u00eda saber que la atenci\u00f3n quiropr\u00e1ctica en accidentes le ofrece una alternativa viable o, al menos, un complemento a los analg\u00e9sicos. La atenci\u00f3n quiropr\u00e1ctica especializada en accidentes brinda una opci\u00f3n de tratamiento hol\u00edstico para lidiar con el dolor y el estr\u00e9s y, al mismo tiempo, permitir que su cuerpo se recupere al abordar la causa ra\u00edz del dolor.<\/p>\n<p>Normalmente, en un <a href=\"https:\/\/www.gaspineortho.com\/columbus\/car-accident-injury-treatment\/\">accidente automovil\u00edstico<\/a>, la fuerza de la colisi\u00f3n desalinear\u00e1 la columna, el cuello y las articulaciones. , lo que resulta en puntos gatillo que crean dolor. La manipulaci\u00f3n quiropr\u00e1ctica puede ayudar a realinear las articulaciones, aliviando gran parte del dolor ocasionado por un accidente automovil\u00edstico sin tener que utilizar analg\u00e9sicos potentes.<\/p>\n<h3>#3. Alivio r\u00e1pido del dolor<\/h3>\n<p>El ajuste quiropr\u00e1ctico en accidentes automovil\u00edsticos puede tener un efecto profundo y positivo en su <a href=\"https:\/\/www.gaspineortho.com\/es\/columbus\/el-manejo-del-dolor\/\">manejo del dolor<\/a> despu\u00e9s de un accidente, como se mencion\u00f3 arriba. Es importante destacar que el ajuste puede producir un impacto positivo con bastante rapidez en comparaci\u00f3n con otras opciones de tratamiento.<\/p>\n<p>Por ejemplo, la <a href=\"https:\/\/www.gaspineortho.com\/es\/columbus\/fisioterapia\/\">fisioterapia<\/a> utiliza los m\u00fasculos para ayudar a colocar las articulaciones en su lugar. Para ello, los m\u00fasculos primero deben sanar y recuperar su fuerza antes de que puedan realinear eficazmente las articulaciones en un proceso que puede llevar meses. Sin embargo, el ajuste quiropr\u00e1ctico puede realinear las articulaciones en unas pocas sesiones, reduciendo la inflamaci\u00f3n y el estr\u00e9s en las articulaciones.<\/p>\n<h3>#4. Reducir la inflamaci\u00f3n<\/h3>\n<p>La desalineaci\u00f3n de las articulaciones y la columna debido a un accidente suele desencadenar inflamaci\u00f3n como respuesta inmune. Una articulaci\u00f3n o columna desalineada comprime los nervios, tejidos, m\u00fasculos y ligamentos circundantes, provocando inflamaci\u00f3n.<\/p>\n<p>Realinear la estructura de la columna y las articulaciones elimina la tensi\u00f3n sobre el sistema nervioso, los m\u00fasculos y los tejidos. En consecuencia, el ajuste quiropr\u00e1ctico restablece la normalidad en las conexiones nerviosas al tiempo que reduce la tensi\u00f3n en los m\u00fasculos y tejidos, permitiendo que la inflamaci\u00f3n se disipe de forma natural.<\/p>\n<h3>#5. Reducir el estr\u00e9s<\/h3>\n<p>Ya sea que una v\u00edctima de un accidente automovil\u00edstico resulte lesionada o no, experimentar\u00e1 un profundo estr\u00e9s y ansiedad que surgen de la terrible experiencia.<\/p>\n<p>Desde la tensi\u00f3n mental de tener que recuperarse de las lesiones hasta el papeleo necesario para recibir una compensaci\u00f3n y el costo emocional de haber sufrido un accidente, existen muchas fuentes de estr\u00e9s para las v\u00edctimas de accidentes.<\/p>\n<p>Si bien el estr\u00e9s afecta el bienestar mental de muchas v\u00edctimas de accidentes, tambi\u00e9n tiene una manifestaci\u00f3n f\u00edsica.<\/p>\n<p>Por ejemplo, durante un accidente, puede apretar la mand\u00edbula y tensar el cuerpo en el momento del impacto para prepararse para el accidente. Esta reacci\u00f3n inconsciente y natural lo deja tenso y dolorido mucho despu\u00e9s del accidente.<\/p>\n<p>La atenci\u00f3n quiropr\u00e1ctica puede ayudar a liberar esta tensi\u00f3n y aliviar el estr\u00e9s, mejorando la capacidad y el ritmo de curaci\u00f3n de su cuerpo. Un <a href=\"https:\/\/www.ncbi.nlm.nih.gov\/pubmed\/22314714\" target=\"_blank\" rel=\"noopener\">estudio de 2011 realizado en Jap\u00f3n<\/a> encontr\u00f3 que los sujetos que se sometieron a quiropr\u00e1ctica La manipulaci\u00f3n espinal report\u00f3 una mejor calidad de vida y menores niveles de estr\u00e9s.<\/p>\n<h3>#6. Restaurar rango de movimiento<\/h3>\n<p>Un efecto notable de una columna o articulaciones desalineadas es un rango de movimiento reducido. Es poco probable que pueda mover el cuello, la espalda o las articulaciones como lo har\u00eda normalmente si las articulaciones est\u00e1n desalineadas.<\/p>\n<p>Teniendo esto en cuenta, los ajustes quiropr\u00e1cticos le beneficiar\u00e1n enormemente al mejorar su rango de movimiento. Manipular la columna vertebral y\/o las articulaciones para volver a alinearlas, restaurando su rango de movimiento.<\/p>\n<p>Adem\u00e1s de los beneficios enumerados de la atenci\u00f3n quiropr\u00e1ctica en caso de accidente, hemos se\u00f1alado anteriormente que usted tambi\u00e9n podr\u00eda beneficiarse al reducir el tejido cicatricial, revelar problemas subyacentes y, potencialmente, recibir una mejor compensaci\u00f3n durante su reclamo por lesiones personales.<\/p>\n<h2>\u00bfCu\u00e1nto tiempo despu\u00e9s de un accidente automovil\u00edstico deber\u00eda consultar a un quiropr\u00e1ctico?<\/h2>\n<p><img decoding=\"async\" class=\"alignnone wp-image-3365 size-full\" src=\"https:\/\/www.gaspineortho.com\/wp-content\/uploads\/2024\/05\/shutterstock_347439827-min.jpg\" alt=\"Chiropractor check the mobility of a woman's neck\" width=\"500\" height=\"334\" srcset=\"https:\/\/www.gaspineortho.com\/wp-content\/uploads\/2024\/05\/shutterstock_347439827-min.jpg 500w, https:\/\/www.gaspineortho.com\/wp-content\/uploads\/2024\/05\/shutterstock_347439827-min-300x200.jpg 300w\" sizes=\"(max-width: 500px) 100vw, 500px\" \/><\/p>\n<p>Se recomienda que visite nuestro equipo en Georgia Spine &amp; Ortopedia lo antes posible para sacarle el m\u00e1ximo partido al tratamiento quiropr\u00e1ctico. La intervenci\u00f3n temprana es fundamental para una recuperaci\u00f3n m\u00e1s r\u00e1pida y completa. El tratamiento temprano tambi\u00e9n es esencial para evitar que surjan nuevas lesiones.<\/p>\n<p>Aparte de los beneficios f\u00edsicos que se obtienen al buscar tratamiento temprano, tambi\u00e9n existe una cuesti\u00f3n de cobertura del seguro. La mayor\u00eda de las compa\u00f1\u00edas de seguros esperan que las v\u00edctimas de accidentes busquen atenci\u00f3n m\u00e9dica dentro de las 72 horas. Como tal, buscar un tratamiento quiropr\u00e1ctico inmediato es un buen augurio para su reclamaci\u00f3n por da\u00f1os y perjuicios en el futuro.<\/p>\n<p>Si bien la intervenci\u00f3n temprana es crucial para su recuperaci\u00f3n, el tiempo que tendr\u00e1 que ver a su quiropr\u00e1ctico depender\u00e1 de sus lesiones. Algunos pacientes experimentan una mejora notable en unas pocas sesiones, mientras que otros tardan m\u00e1s.<\/p>\n<p>De cualquier manera, cuanto antes busque nuestra ayuda, antes comenzar\u00e1 su camino hacia la recuperaci\u00f3n.<\/p>\n<h2>\u00bfC\u00f3mo ayuda la atenci\u00f3n quiropr\u00e1ctica despu\u00e9s de un accidente automovil\u00edstico?<\/h2>\n<p>Un aspecto central de la atenci\u00f3n quiropr\u00e1ctica es adoptar un enfoque hol\u00edstico del tratamiento. Nuestros especialistas se toman el tiempo para comprender sus lesiones y desarrollar un plan de tratamiento adecuado para sus lesiones espec\u00edficas.<\/p>\n<p>Dicho esto, la atenci\u00f3n quiropr\u00e1ctica puede ayudar a aliviar el dolor, la inflamaci\u00f3n, la hinchaz\u00f3n y las molestias alrededor de la columna, el cuello y otras articulaciones.<\/p>\n<p>Adem\u00e1s de ayudarlo a lidiar con el dolor y las molestias, la atenci\u00f3n quiropr\u00e1ctica puede ayudarlo a restaurar su rango de movimiento, reducir el estr\u00e9s f\u00edsico y mental y mejorar la calidad del sue\u00f1o despu\u00e9s de un accidente.<\/p>\n<p>Es importante destacar que, al combinar todos los beneficios de la atenci\u00f3n quiropr\u00e1ctica, ayudamos a nuestros pacientes a recuperarse de lesiones por accidentes automovil\u00edsticos mucho m\u00e1s r\u00e1pido, permiti\u00e9ndoles reanudar sus vidas.<\/p>\n<h2>Lesiones t\u00edpicas que tratan los quiropr\u00e1cticos despu\u00e9s de un accidente automovil\u00edstico<\/h2>\n<p><img decoding=\"async\" class=\"alignnone wp-image-3308\" src=\"https:\/\/www.gaspineortho.com\/wp-content\/uploads\/2024\/05\/shutterstock_1018935985-copy.webp\" alt=\"Woman grabs at her neck and lower back in pain\" width=\"500\" height=\"360\" srcset=\"https:\/\/www.gaspineortho.com\/wp-content\/uploads\/2024\/05\/shutterstock_1018935985-copy.webp 1000w, https:\/\/www.gaspineortho.com\/wp-content\/uploads\/2024\/05\/shutterstock_1018935985-copy-300x216.webp 300w, https:\/\/www.gaspineortho.com\/wp-content\/uploads\/2024\/05\/shutterstock_1018935985-copy-768x553.webp 768w\" sizes=\"(max-width: 500px) 100vw, 500px\" \/><\/p>\n<p>La atenci\u00f3n quiropr\u00e1ctica en accidentes automovil\u00edsticos gira en torno al tratamiento de las lesiones musculoesquel\u00e9ticas t\u00edpicas de un accidente automovil\u00edstico. Las fuerzas involucradas en cualquier accidente automovil\u00edstico son inmensas y pueden provocar una amplia gama de lesiones. Algunas de las lesiones que tratan los quiropr\u00e1cticos incluyen:<\/p>\n<ul>\n<li><strong>Latigazo cervical:<\/strong> El latigazo cervical es una de las lesiones m\u00e1s comunes en accidentes automovil\u00edsticos. Es causada por un movimiento repentino y contundente de la cabeza hacia adelante, hacia atr\u00e1s o hacia los lados, lo que hace que los ligamentos y m\u00fasculos del cuello se estiren m\u00e1s all\u00e1 de su rango normal. Los quiropr\u00e1cticos ayudan a los pacientes a tratar el dolor de cuello y la rigidez resultantes, ayudando as\u00ed a aliviar los dolores de cabeza y los mareos que acompa\u00f1an a los latigazos cervicales.<\/li>\n<li><strong>Lesiones de la m\u00e9dula espinal:<\/strong>\u00a0las hernias de disco son un problema com\u00fan que enfrentan las v\u00edctimas de accidentes automovil\u00edsticos. Para tratar estos problemas, los quiropr\u00e1cticos ajustan la columna y la espalda para realinear las v\u00e9rtebras, aliviando la presi\u00f3n sobre los nervios y reduciendo el dolor y la inflamaci\u00f3n. Los ajustes y la manipulaci\u00f3n quiropr\u00e1ctica tambi\u00e9n ayudan a liberar la tensi\u00f3n muscular y de ligamentos, aliviando a\u00fan m\u00e1s el dolor de espalda, aumentando la flexibilidad y restaurando el rango de movimiento.<\/li>\n<li><strong>Dolor lumbar:<\/strong> similar a los latigazos cervicales, la sacudida repentina que se experimenta en los accidentes automovil\u00edsticos t\u00edpicos puede afectar la espalda baja, lo que provoca molestias y dolor al sentarse, pararse o caminar. Los quiropr\u00e1cticos ajustan la parte baja de la espalda para realinear las articulaciones de la cadera y la espalda para aliviar el dolor y el rango de movimiento restringido.<\/li>\n<li><strong>Dolor y molestias musculares:<\/strong> Los esguinces y las torceduras sufridas en un accidente son lesiones comunes entre las v\u00edctimas de accidentes. Las distensiones son causadas por un estiramiento excesivo y\/o desgarro de tendones, m\u00fasculos o ambos. Por otro lado, los esguinces son causados \u200b\u200bpor un estiramiento excesivo y\/o desgarro de los ligamentos. Desafortunadamente, si no se tratan, estas lesiones tienden a empeorar con el tiempo y afectan su calidad de vida. La atenci\u00f3n quiropr\u00e1ctica puede manipular los m\u00fasculos y ligamentos afectados para reducir el dolor y ayudarle a sanar m\u00e1s r\u00e1pido.<\/li>\n<li><strong>Dolor de pecho:<\/strong> Los dolores de pecho son una queja com\u00fan entre las v\u00edctimas de accidentes automovil\u00edsticos. Por lo general, son causados \u200b\u200bpor hematomas y dolor como resultado del ajuste de los cinturones de seguridad y el despliegue de las bolsas de aire. En algunos accidentes de alto impacto, el despliegue de estos elementos de seguridad puede provocar fracturas y dislocaci\u00f3n de costillas.<\/li>\n<\/ul>\n<p>&nbsp;<\/p>\n<p>Los quiropr\u00e1cticos pueden ajustar los huesos alrededor del pecho y la parte superior de la espalda para reducir la inflamaci\u00f3n y garantizar una r\u00e1pida recuperaci\u00f3n muscular mientras se recupera el rango de movimiento del paciente.<\/p>\n<p>Otras lesiones comunes de las que los quiropr\u00e1cticos pueden ayudarle a recuperarse incluyen lesiones de hombro, rodilla, brazo y pierna.<\/p>\n<h2>Columna vertebral y columna vertebral de Georgia Ortopedia: atenci\u00f3n quiropr\u00e1ctica eficaz de Columbus<\/h2>\n<p>Los accidentes automovil\u00edsticos pueden tener un costo duradero en su cuerpo. La atenci\u00f3n quiropr\u00e1ctica puede ayudarle a recuperarse por completo ayud\u00e1ndole a lidiar con los trastornos biomec\u00e1nicos y estructurales que causan dolor, molestias e inflamaci\u00f3n.<\/p>\n<p>Al restaurar la integridad estructural de su columna y articulaciones, podemos ayudarlo a mejorar significativamente su salud y bienestar.<\/p>\n<p>Cont\u00e1ctenos hoy para programar una cita [tel\u00e9fono]<\/p>\n","protected":false},"excerpt":{"rendered":"<p>\u00bfHa estado involucrado en un accidente recientemente? \u00bfEl dolor, la molestia y la inflamaci\u00f3n afectan su calidad de vida? \u00bfEst\u00e1 buscando formas de tratar el dolor sin depender demasiado de los medicamentos recetados? Deber\u00eda considerar buscar la mejor atenci\u00f3n quiropr\u00e1ctica de Columbus en Georgia Spine &amp; Ortoped\u00eda. Ofrecemos atenci\u00f3n quiropr\u00e1ctica especializada optimizada y personalizada seg\u00fan [&hellip;]<\/p>\n","protected":false},"author":44,"featured_media":0,"parent":7584,"menu_order":0,"comment_status":"closed","ping_status":"closed","template":"","meta":{"_acf_changed":false,"footnotes":""},"categories":[],"tags":[],"class_list":["post-8024","page","type-page","status-publish","hentry"],"acf":[],"_links":{"self":[{"href":"https:\/\/www.gaspineortho.com\/es\/wp-json\/wp\/v2\/pages\/8024","targetHints":{"allow":["GET"]}}],"collection":[{"href":"https:\/\/www.gaspineortho.com\/es\/wp-json\/wp\/v2\/pages"}],"about":[{"href":"https:\/\/www.gaspineortho.com\/es\/wp-json\/wp\/v2\/types\/page"}],"author":[{"embeddable":true,"href":"https:\/\/www.gaspineortho.com\/es\/wp-json\/wp\/v2\/users\/44"}],"replies":[{"embeddable":true,"href":"https:\/\/www.gaspineortho.com\/es\/wp-json\/wp\/v2\/comments?post=8024"}],"version-history":[{"count":5,"href":"https:\/\/www.gaspineortho.com\/es\/wp-json\/wp\/v2\/pages\/8024\/revisions"}],"predecessor-version":[{"id":9416,"href":"https:\/\/www.gaspineortho.com\/es\/wp-json\/wp\/v2\/pages\/8024\/revisions\/9416"}],"up":[{"embeddable":true,"href":"https:\/\/www.gaspineortho.com\/es\/wp-json\/wp\/v2\/pages\/7584"}],"wp:attachment":[{"href":"https:\/\/www.gaspineortho.com\/es\/wp-json\/wp\/v2\/media?parent=8024"}],"wp:term":[{"taxonomy":"category","embeddable":true,"href":"https:\/\/www.gaspineortho.com\/es\/wp-json\/wp\/v2\/categories?post=8024"},{"taxonomy":"post_tag","embeddable":true,"href":"https:\/\/www.gaspineortho.com\/es\/wp-json\/wp\/v2\/tags?post=8024"}],"curies":[{"name":"wp","href":"https:\/\/api.w.org\/{rel}","templated":true}]}}