{"id":8023,"date":"2025-05-15T03:20:35","date_gmt":"2025-05-15T08:20:35","guid":{"rendered":"https:\/\/www.gaspineortho.com\/columbus\/car-accident-injury-treatment\/"},"modified":"2024-09-09T14:13:39","modified_gmt":"2024-09-09T19:13:39","slug":"tratamiento-de-lesiones-por-accidentes-automovilisticos-en-columbus","status":"publish","type":"page","link":"https:\/\/www.gaspineortho.com\/es\/columbus\/tratamiento-de-lesiones-por-accidentes-automovilisticos-en-columbus\/","title":{"rendered":"Tratamiento de lesiones por accidentes automovil\u00edsticos en Columbus"},"content":{"rendered":"<h1>Tratamiento de accidentes automovil\u00edsticos en Columbus, GA<\/h1>\n<p>Los accidentes automovil\u00edsticos son experiencias devastadoras que pueden dejar cicatrices emocionales y f\u00edsicas duraderas en los afectados. Lamentablemente, son demasiado comunes y, seg\u00fan el Departamento de Salud P\u00fablica de Georgia, son la segunda causa principal de todas las visitas a las salas de emergencia relacionadas con lesiones en Georgia.<\/p>\n<p>Incluso los accidentes aparentemente menores pueden tener implicaciones mucho peores que una visita a la sala de emergencias: podr\u00edan significar lesiones que cambian la vida, algunas de las cuales (como latigazo cervical, hemorragia interna y lesi\u00f3n cerebral traum\u00e1tica) pueden no manifestarse de inmediato.<\/p>\n<p>Todas las lesiones son \u00fanicas. Esto significa que las lesiones sufridas en accidentes automovil\u00edsticos son diferentes de otros tipos de lesiones. Pero tambi\u00e9n significa que las lesiones sufridas por accidentes automovil\u00edsticos son diferentes de las lesiones sufridas por otras v\u00edctimas de accidentes automovil\u00edsticos.<\/p>\n<p>Adem\u00e1s de ser esencial para el diagn\u00f3stico, comprender sus s\u00edntomas \u00fanicos y las opciones de tratamiento temprano es sin duda crucial para obtener un tratamiento eficaz.<\/p>\n<p>Despu\u00e9s de un accidente automovil\u00edstico en Columbus, GA, los especialistas de Georgia Spine &amp; La ortopedia brinda la atenci\u00f3n experta que necesita. Evaluamos y tratamos lesiones comunes por accidentes automovil\u00edsticos, incluidas lesiones ortop\u00e9dicas y neurol\u00f3gicas, como fracturas y conmociones cerebrales, respectivamente.<\/p>\n<p>En Georgia Spine &amp; En ortopedia, adoptamos un enfoque individual en el tratamiento de lesiones relacionadas con accidentes automovil\u00edsticos.<\/p>\n<p>Es por eso que los pacientes cuentan con nosotros para ofrecer una gama completa de opciones de tratamiento de accidentes automovil\u00edsticos en Columbus para que siempre obtenga lo mejor, lo m\u00e1s apropiado y lo m\u00e1s efectivo para usted. Para obtener un tratamiento de accidentes automovil\u00edsticos que se adapte a sus necesidades, ll\u00e1menos al [tel\u00e9fono].<\/p>\n<h2>Tipos comunes de lesiones por accidentes automovil\u00edsticos<\/h2>\n<p><img fetchpriority=\"high\" decoding=\"async\" class=\"alignnone wp-image-3344\" src=\"https:\/\/www.gaspineortho.com\/wp-content\/uploads\/2024\/05\/shutterstock_1070432666-copy.webp\" alt=\"Doctor at Columbus Medical Clinic evaluating a patient for car accident-related injuries\" width=\"500\" height=\"334\" srcset=\"https:\/\/www.gaspineortho.com\/wp-content\/uploads\/2024\/05\/shutterstock_1070432666-copy.webp 1000w, https:\/\/www.gaspineortho.com\/wp-content\/uploads\/2024\/05\/shutterstock_1070432666-copy-300x200.webp 300w, https:\/\/www.gaspineortho.com\/wp-content\/uploads\/2024\/05\/shutterstock_1070432666-copy-768x513.webp 768w\" sizes=\"(max-width: 500px) 100vw, 500px\" \/><\/p>\n<p>En los accidentes automovil\u00edsticos, las personas pueden sufrir diversas lesiones ortop\u00e9dicas y neurol\u00f3gicas, cada una de las cuales presenta s\u00edntomas \u00fanicos y requiere enfoques de tratamiento espec\u00edficos. Algunos de los diferentes tipos de lesiones que vemos y tratamos en Georgia Spine &amp; La ortopedia incluye:<\/p>\n<h3>Lesiones ortop\u00e9dicas:<\/h3>\n<p>Las lesiones ortop\u00e9dicas son lesiones que afectan el sistema musculoesquel\u00e9tico, que incluye huesos, m\u00fasculos, ligamentos, tendones y articulaciones. Estas lesiones son comunes en accidentes automovil\u00edsticos debido a las fuerzas repentinas y a menudo violentas involucradas en las colisiones.<\/p>\n<p>Varios factores contribuyen a la prevalencia de lesiones ortop\u00e9dicas en accidentes automovil\u00edsticos en Georgia, entre ellos:<\/p>\n<ul>\n<li>Fuerzas de alto impacto<\/li>\n<li>Deformaci\u00f3n del veh\u00edculo<\/li>\n<li>Colisiones secundarias y eyecciones<\/li>\n<li>Fuerzas del cintur\u00f3n de seguridad y del airbag<\/li>\n<\/ul>\n<p>&nbsp;<\/p>\n<h4>Algunos tipos comunes de lesiones ortop\u00e9dicas incluyen:<\/h4>\n<p>1. <strong>Fracturas<\/strong>: Las fracturas son roturas de huesos y pueden ocurrir en diferentes partes del cuerpo debido al impacto del accidente. Los s\u00edntomas incluyen:<\/p>\n<ul>\n<li>Dolor y sensibilidad en el lugar de la lesi\u00f3n<\/li>\n<li>Hinchaz\u00f3n y hematomas<\/li>\n<li>Deformidad o desalineaci\u00f3n visible<\/li>\n<li>Dificultad para mover la zona afectada<\/li>\n<\/ul>\n<p>&nbsp;<\/p>\n<p>2. <strong>Lesiones de tejidos blandos<\/strong>: Las lesiones de tejidos blandos implican da\u00f1o a m\u00fasculos, ligamentos y tendones. Estos pueden manifestarse como:<\/p>\n<ul>\n<li>Dolor y sensibilidad<\/li>\n<li>Hinchaz\u00f3n e inflamaci\u00f3n<\/li>\n<li>Rango de movimiento restringido<\/li>\n<li>Espasmos musculares<\/li>\n<\/ul>\n<p>&nbsp;<\/p>\n<p>3. <strong>Lesiones de la m\u00e9dula espinal (LME)<\/strong>: las LME pueden ocurrir cuando hay da\u00f1o en la m\u00e9dula espinal debido a un trauma. Los s\u00edntomas dependen de la ubicaci\u00f3n y la gravedad de la lesi\u00f3n y pueden incluir: P\u00e9rdida parcial o completa de la sensaci\u00f3n y la funci\u00f3n motora debajo del sitio de la lesi\u00f3n Disfunci\u00f3n intestinal y de la vejiga Dificultad para respirar, en casos graves.<\/p>\n<p><strong>Otras lesiones ortop\u00e9dicas por accidentes automovil\u00edsticos incluyen:<\/strong><\/p>\n<ul>\n<li><a href=\"https:\/\/www.gaspineortho.com\/es\/lesion-de-rodilla\/\" target=\"_blank\" rel=\"noopener\">Lesiones de rodilla<\/a><\/li>\n<li><a href=\"https:\/\/www.gaspineortho.com\/es\/lesion-de-espalda\/\" target=\"_blank\" rel=\"noopener\">Lesiones de espalda<\/a><\/li>\n<\/ul>\n<h2>Lesiones neurol\u00f3gicas<\/h2>\n<p>1. <strong>Lesi\u00f3n cerebral traum\u00e1tica (TBI)<\/strong>: Las TBI son el resultado de un impacto repentino o una sacudida violenta en la cabeza. Los s\u00edntomas pueden variar ampliamente y pueden incluir:<\/p>\n<ul>\n<li>Dolores de cabeza, mareos y v\u00e9rtigo<\/li>\n<li>Confusi\u00f3n y desorientaci\u00f3n<\/li>\n<li>Problemas de memoria y dificultad para concentrarse<\/li>\n<li>N\u00e1useas o v\u00f3mitos<\/li>\n<\/ul>\n<p>&nbsp;<\/p>\n<p>2. <strong>Conmoci\u00f3n cerebral<\/strong>: Las conmociones cerebrales son un tipo de lesi\u00f3n cerebral traum\u00e1tica leve y pueden ocurrir incluso sin un impacto directo en la cabeza. Los s\u00edntomas suelen incluir:<\/p>\n<ul>\n<li>Dolores de cabeza Sensibilidad a la luz y al ruido<\/li>\n<li>N\u00e1useas o v\u00f3mitos<\/li>\n<li>Dificultad para concentrarse y problemas de memoria<\/li>\n<li>Fatiga y alteraciones del sue\u00f1o<\/li>\n<\/ul>\n<p>&nbsp;<\/p>\n<p>3. <strong>Lesiones de los nervios perif\u00e9ricos<\/strong>: estas lesiones afectan los nervios fuera del cerebro y la m\u00e9dula espinal. Los s\u00edntomas pueden incluir:<\/p>\n<ul>\n<li>Dolor, hormigueo o entumecimiento en la zona afectada<\/li>\n<li>Debilidad o par\u00e1lisis de los m\u00fasculos controlados por los nervios afectados<\/li>\n<li>P\u00e9rdida de reflejos<\/li>\n<li>Dificultad con la motricidad fina<\/li>\n<\/ul>\n<p>&nbsp;<\/p>\n<p>Las lesiones por accidentes automovil\u00edsticos pueden afectar significativamente la movilidad, la funci\u00f3n y el bienestar f\u00edsico, cognitivo y emocional de un individuo. Una evaluaci\u00f3n m\u00e9dica inmediata y un tratamiento adecuado para accidentes automovil\u00edsticos en Columbus son esenciales para controlar estas lesiones, prevenir complicaciones y promover mejores resultados de recuperaci\u00f3n para usted o un ser querido despu\u00e9s de un accidente automovil\u00edstico.<\/p>\n<h2>Nuestros tratamientos para lesiones por accidentes automovil\u00edsticos<\/h2>\n<p><img decoding=\"async\" class=\"alignnone wp-image-3341\" src=\"https:\/\/www.gaspineortho.com\/wp-content\/uploads\/2024\/05\/shutterstock_557005753-copy.webp\" alt=\"Close-up of a car accident treatment physiotherapy session at Georgia Spine &amp; Orthopaedics.\" width=\"500\" height=\"334\" srcset=\"https:\/\/www.gaspineortho.com\/wp-content\/uploads\/2024\/05\/shutterstock_557005753-copy.webp 1000w, https:\/\/www.gaspineortho.com\/wp-content\/uploads\/2024\/05\/shutterstock_557005753-copy-300x200.webp 300w, https:\/\/www.gaspineortho.com\/wp-content\/uploads\/2024\/05\/shutterstock_557005753-copy-768x512.webp 768w\" sizes=\"(max-width: 500px) 100vw, 500px\" \/><\/p>\n<p>Los accidentes automovil\u00edsticos pueden imponer una tensi\u00f3n f\u00edsica y emocional significativa, incluso cuando las lesiones no parecen graves. En Georgia Spine &amp; Ortopedia, nuestro dedicado equipo de m\u00e9dicos ortop\u00e9dicos, cirujanos y fisioterapeutas se dedica a brindar atenci\u00f3n de primer nivel para las lesiones resultantes de accidentes automovil\u00edsticos. Gracias a nuestros especialistas cualificados, poseemos los conocimientos y la experiencia necesarios para facilitar su viaje de recuperaci\u00f3n.<\/p>\n<p>Entendemos que no existe un enfoque de tratamiento \u00fanico para todos, por lo que nuestro equipo trabajar\u00e1 estrechamente con usted para desarrollar planes de tratamiento personalizados que produzcan resultados inigualables. Ofrecemos una amplia gama de intervenciones para abordar las lesiones ortop\u00e9dicas y neurol\u00f3gicas sufridas en accidentes automovil\u00edsticos que incluyen, entre otras:<\/p>\n<h3>1. Gesti\u00f3n de medicamentos<\/h3>\n<p>El manejo de medicamentos implica el uso de medicamentos para tratar una lesi\u00f3n o condici\u00f3n m\u00e9dica. En caso de sufrir una lesi\u00f3n por accidente automovil\u00edstico, se pueden recetar medicamentos para aliviar el dolor o facilitar la curaci\u00f3n.<\/p>\n<p>Por ejemplo, si sufre una fractura de tobillo, su ortopedista podr\u00eda recomendarle medicamentos para reducir la hinchaz\u00f3n, aliviar el dolor y aliviar la inflamaci\u00f3n. Del mismo modo, si sufre conmociones cerebrales, su m\u00e9dico puede recetarle medicamentos destinados a controlar los s\u00edntomas. Si bien dicho tratamiento puede ser ventajoso, es esencial reconocer los riesgos potenciales, como la posibilidad de desarrollar dependencia.<\/p>\n<h3>2. Cirug\u00eda<\/h3>\n<p>Despu\u00e9s de un accidente automovil\u00edstico, se pueden considerar diversos procedimientos ortop\u00e9dicos, incluida la cirug\u00eda m\u00ednimamente invasiva, la reconstrucci\u00f3n quir\u00fargica y los tratamientos artrosc\u00f3picos, para las lesiones de hombros, rodillas, pies y manos. En casos espec\u00edficos, nuestros especialistas pueden utilizar la cirug\u00eda artrosc\u00f3pica, que ofrece ventajas adicionales a los pacientes, como per\u00edodos de recuperaci\u00f3n m\u00e1s r\u00e1pidos y reducci\u00f3n del dolor en comparaci\u00f3n con los abordajes quir\u00fargicos tradicionales.<\/p>\n<h4>Ejemplos de opciones de cirug\u00eda ortop\u00e9dica de extremidades incluyen:<\/h4>\n<ul>\n<li>Artroscopia de hombro<\/li>\n<li>Manguito rotador de desbridamiento limitado<\/li>\n<li>Reparaci\u00f3n de lesi\u00f3n SLAP<\/li>\n<li>Meniscectom\u00eda de rodilla<\/li>\n<li>Liberaci\u00f3n del t\u00fanel carpiano<\/li>\n<li>Reparaci\u00f3n de sinovectom\u00eda parcial<\/li>\n<li>Meniscectom\u00eda de rodilla que incluye afeitado y reparaci\u00f3n del LCA<\/li>\n<\/ul>\n<p>&nbsp;<\/p>\n<p>Adem\u00e1s de los procedimientos ortop\u00e9dicos, tambi\u00e9n se pueden realizar ciertas cirug\u00edas neurol\u00f3gicas despu\u00e9s de un accidente automovil\u00edstico para tratar lesiones en el cerebro o la m\u00e9dula espinal. Estas cirug\u00edas pueden incluir:<\/p>\n<ul>\n<li><strong>Craniectom\u00eda descompresiva:<\/strong> procedimiento para aliviar la presi\u00f3n sobre el cerebro mediante la extirpaci\u00f3n de parte del cr\u00e1neo.<\/li>\n<li><strong>Fusi\u00f3n espinal:<\/strong> Cirug\u00eda para estabilizar y fusionar las v\u00e9rtebras de la columna, a menudo utilizada para tratar fracturas o inestabilidad de la columna.<\/li>\n<li><strong>Cirug\u00eda de hernia de disco:<\/strong> procedimientos como discectom\u00eda o laminectom\u00eda para extirpar o reparar hernias de disco en la columna, aliviando la presi\u00f3n sobre los nervios.<\/li>\n<li><strong>Neuroestimulaci\u00f3n:<\/strong> Implantaci\u00f3n de dispositivos para enviar se\u00f1ales el\u00e9ctricas al sistema nervioso, ayudando a controlar el dolor cr\u00f3nico o los s\u00edntomas neurol\u00f3gicos.<\/li>\n<\/ul>\n<h3>3. Manejo intervencionista del dolor<\/h3>\n<p>El manejo intervencionista del dolor abarca una variedad de procedimientos m\u00e9dicos m\u00ednimamente invasivos destinados a aliviar el dolor asociado con las lesiones por accidentes automovil\u00edsticos. Nuestro objetivo es apoyar a las v\u00edctimas de lesiones o a sus seres queridos lesionados en su camino hacia la recuperaci\u00f3n restaurando la funci\u00f3n y, en \u00faltima instancia, permiti\u00e9ndoles reanudar sus actividades diarias sin molestias.<\/p>\n<p>Despu\u00e9s de un examen y una revisi\u00f3n exhaustivos de los hallazgos de la resonancia magn\u00e9tica y los rayos X, nuestros atentos y experimentados especialistas en el manejo del dolor en Columbus pueden realizar los siguientes procedimientos para ayudar a mitigar el dolor despu\u00e9s de un accidente automovil\u00edstico:<\/p>\n<ul>\n<li>Inyecci\u00f3n epidural de esteroides\n<ul>\n<li>Neurotom\u00eda por radiofrecuencia<\/li>\n<\/ul>\n<\/li>\n<li>Bloqueo de faceta y rama medial<\/li>\n<li>Inyecci\u00f3n de esteroides en articulaciones grandes<\/li>\n<li>Inyecciones en puntos gatillo<\/li>\n<\/ul>\n<h2>\u00bfCu\u00e1ndo deber\u00eda buscar tratamiento por accidente automovil\u00edstico?<\/h2>\n<p>El tratamiento y la recuperaci\u00f3n de una lesi\u00f3n por accidente automovil\u00edstico comienza con conocer el alcance de su lesi\u00f3n. Entonces, despu\u00e9s de un accidente automovil\u00edstico, para su bienestar, por supuesto, pero tambi\u00e9n para su caso de lesiones personales, es crucial buscar tratamiento lo antes posible no solo para garantizar que sus lesiones se diagnostiquen y traten correctamente, sino que tambi\u00e9n se documenten exhaustivamente.<\/p>\n<h2>\u00bfCu\u00e1nto tiempo tienes para ir al m\u00e9dico despu\u00e9s de un accidente automovil\u00edstico en Georgia?<\/h2>\n<p>No existe una fecha l\u00edmite ni un l\u00edmite de tiempo espec\u00edficos para consultar a un m\u00e9dico despu\u00e9s de un accidente automovil\u00edstico. Algunas compa\u00f1\u00edas de seguros permitir\u00e1n a los asegurados aproximadamente una semana para buscar tratamiento y a\u00fan tener sus reclamos cubiertos. Sin embargo, buscar tratamiento de inmediato o dentro de las 24 horas es lo mejor para su bienestar y para evitar restricciones del seguro.<\/p>\n<p>Adem\u00e1s, si resulta lesionado en un accidente automovil\u00edstico pero no busca atenci\u00f3n m\u00e9dica inmediata, deja espacio para que la parte responsable del accidente socave su caso y reclame:<\/p>\n<ul>\n<li>Sufriste la lesi\u00f3n en otro lugar despu\u00e9s del accidente pero antes de buscar tratamiento.<\/li>\n<li>El dolor o la lesi\u00f3n de la que se queja exist\u00eda antes del accidente automovil\u00edstico.<\/li>\n<li>Usted no sufri\u00f3 ninguna lesi\u00f3n en el accidente y reci\u00e9n ahora est\u00e1 compensando sus supuestas lesiones o dolor para respaldar su reclamo o demanda por accidente automovil\u00edstico.<\/li>\n<\/ul>\n<p>&nbsp;<\/p>\n<p>Para evitar tener que defender este tipo de afirmaciones y ayudar a acelerar su recuperaci\u00f3n, es importante que busque tratamiento inmediatamente despu\u00e9s de un accidente. Adem\u00e1s, abordar cualquier lesi\u00f3n potencial con prontitud, incluso si no surge inicialmente, demuestra su enfoque proactivo para proteger su salud y bienestar despu\u00e9s de un accidente. Solicitar una evaluaci\u00f3n m\u00e9dica desde el principio refleja su escrupulosidad con respecto a los posibles da\u00f1os, al mismo tiempo que permite a los profesionales m\u00e9dicos determinar la probabilidad de que se produzcan lesiones tard\u00edas, un fen\u00f3meno que se observa a menudo en este tipo de incidentes.<\/p>\n<p>La b\u00fasqueda de atenci\u00f3n m\u00e9dica urgente tambi\u00e9n establece un registro documentado de su consulta m\u00e9dica y tratamiento, lo que potencialmente crea evidencia de lesiones latentes o internas que requieren una intervenci\u00f3n m\u00e9dica posterior. Registrar meticulosamente cada cita m\u00e9dica y sesi\u00f3n de tratamiento ser\u00e1 de gran ayuda para respaldar su reclamo por accidente automovil\u00edstico.<\/p>\n<h2>Por qu\u00e9 elegirnos para tratar sus lesiones por accidentes automovil\u00edsticos<\/h2>\n<p>En Georgia Spine &amp; En Ortopedia, priorizamos no s\u00f3lo tu bienestar f\u00edsico sino tambi\u00e9n tu confort emocional durante todo el proceso de curaci\u00f3n. Estamos aqu\u00ed para brindarle atenci\u00f3n y apoyo compasivos mientras recorre su viaje de recuperaci\u00f3n.<\/p>\n<p>Nuestro objetivo es colaborar con usted durante todo su proceso de recuperaci\u00f3n, desde el diagn\u00f3stico hasta el tratamiento y m\u00e1s all\u00e1, asegurando que reciba la atenci\u00f3n y el apoyo adecuados en cada paso del camino.<\/p>\n<h2>P\u00f3ngase en contacto con Georgia Spine &amp; Ortopedia para el tratamiento r\u00e1pido de lesiones por accidentes automovil\u00edsticos en Columbus, GA<\/h2>\n<p>Aunque un accidente automovil\u00edstico es un evento grave y que a menudo cambia la vida, es posible que usted o su ser querido lesionado se recuperen y sigan adelante con sus vidas. El mejor lugar para comenzar es con un Georgia Spine &amp; La evaluaci\u00f3n del m\u00e9dico ortopedista, despu\u00e9s de todo, la intervenci\u00f3n temprana es la clave para la recuperaci\u00f3n.<\/p>\n<p>Nuestro compromiso es brindar atenci\u00f3n personalizada, atenci\u00f3n compasiva y opciones excepcionales de tratamiento de accidentes automovil\u00edsticos en Columbus. Si bien una colisi\u00f3n vehicular puede ser una experiencia angustiosa, es importante mantener la calma y recordar que nuestro experimentado equipo de m\u00e9dicos est\u00e1 aqu\u00ed para ayudarlo a recuperarse. La recuperaci\u00f3n es posible y nos dedicamos a identificar estrategias para reducir el dolor, mejorar la movilidad y apoyar su proceso de recuperaci\u00f3n despu\u00e9s del accidente automovil\u00edstico. Ll\u00e1menos al [tel\u00e9fono] para programar una cita.<\/p>\n","protected":false},"excerpt":{"rendered":"<p>Tratamiento de accidentes automovil\u00edsticos en Columbus, GA Los accidentes automovil\u00edsticos son experiencias devastadoras que pueden dejar cicatrices emocionales y f\u00edsicas duraderas en los afectados. Lamentablemente, son demasiado comunes y, seg\u00fan el Departamento de Salud P\u00fablica de Georgia, son la segunda causa principal de todas las visitas a las salas de emergencia relacionadas con lesiones en [&hellip;]<\/p>\n","protected":false},"author":44,"featured_media":0,"parent":7584,"menu_order":0,"comment_status":"closed","ping_status":"closed","template":"","meta":{"_acf_changed":false,"footnotes":""},"categories":[],"tags":[],"class_list":["post-8023","page","type-page","status-publish","hentry"],"acf":[],"_links":{"self":[{"href":"https:\/\/www.gaspineortho.com\/es\/wp-json\/wp\/v2\/pages\/8023","targetHints":{"allow":["GET"]}}],"collection":[{"href":"https:\/\/www.gaspineortho.com\/es\/wp-json\/wp\/v2\/pages"}],"about":[{"href":"https:\/\/www.gaspineortho.com\/es\/wp-json\/wp\/v2\/types\/page"}],"author":[{"embeddable":true,"href":"https:\/\/www.gaspineortho.com\/es\/wp-json\/wp\/v2\/users\/44"}],"replies":[{"embeddable":true,"href":"https:\/\/www.gaspineortho.com\/es\/wp-json\/wp\/v2\/comments?post=8023"}],"version-history":[{"count":3,"href":"https:\/\/www.gaspineortho.com\/es\/wp-json\/wp\/v2\/pages\/8023\/revisions"}],"predecessor-version":[{"id":9409,"href":"https:\/\/www.gaspineortho.com\/es\/wp-json\/wp\/v2\/pages\/8023\/revisions\/9409"}],"up":[{"embeddable":true,"href":"https:\/\/www.gaspineortho.com\/es\/wp-json\/wp\/v2\/pages\/7584"}],"wp:attachment":[{"href":"https:\/\/www.gaspineortho.com\/es\/wp-json\/wp\/v2\/media?parent=8023"}],"wp:term":[{"taxonomy":"category","embeddable":true,"href":"https:\/\/www.gaspineortho.com\/es\/wp-json\/wp\/v2\/categories?post=8023"},{"taxonomy":"post_tag","embeddable":true,"href":"https:\/\/www.gaspineortho.com\/es\/wp-json\/wp\/v2\/tags?post=8023"}],"curies":[{"name":"wp","href":"https:\/\/api.w.org\/{rel}","templated":true}]}}