{"id":8020,"date":"2025-08-01T09:00:20","date_gmt":"2025-08-01T14:00:20","guid":{"rendered":"https:\/\/www.gaspineortho.com\/columbus\/car-accident-doctor\/"},"modified":"2024-09-09T14:14:52","modified_gmt":"2024-09-09T19:14:52","slug":"medico-accidente-automovilistico","status":"publish","type":"page","link":"https:\/\/www.gaspineortho.com\/es\/columbus\/medico-accidente-automovilistico\/","title":{"rendered":"M\u00e9dico de accidentes automovil\u00edsticos de Columbus"},"content":{"rendered":"<p>Los accidentes automovil\u00edsticos, desde golpes menores en guardabarros hasta aquellos que involucran lesiones graves, dejan alg\u00fan tipo de trauma a los involucrados. A veces, este trauma es solo mental y emocional, mientras que en otras es f\u00edsico y se presenta en forma de lesi\u00f3n.<\/p>\n<p>Si usted o un ser querido result\u00f3 herido en un accidente automovil\u00edstico, lo m\u00e1s importante es buscar atenci\u00f3n m\u00e9dica lo antes posible despu\u00e9s del accidente. Si se pregunta por d\u00f3nde empezar si necesita encontrar un m\u00e9dico especialista en accidentes, est\u00e1 en la p\u00e1gina correcta.<\/p>\n<p>Columna vertebral de Georgia y Ortopedia es un centro m\u00e9dico de servicio completo con m\u00e9dicos especializados comprometidos a ayudar a los pacientes a recuperarse de lesiones por accidentes automovil\u00edsticos. Llame al [tel\u00e9fono] para hablar con un m\u00e9dico con experiencia en lesiones en Columbus, GA y sus alrededores.<\/p>\n<h2>Qu\u00e9 decirle a su m\u00e9dico despu\u00e9s de un accidente automovil\u00edstico<\/h2>\n<p><img fetchpriority=\"high\" decoding=\"async\" class=\"alignnone wp-image-4187 size-full\" src=\"https:\/\/www.gaspineortho.com\/wp-content\/uploads\/2020\/12\/hp-orthopedics-copy.webp\" alt=\"An orthopedic surgeon shows imaging results to a patient\" width=\"500\" height=\"334\" srcset=\"https:\/\/www.gaspineortho.com\/wp-content\/uploads\/2020\/12\/hp-orthopedics-copy.webp 500w, https:\/\/www.gaspineortho.com\/wp-content\/uploads\/2020\/12\/hp-orthopedics-copy-300x200.webp 300w\" sizes=\"(max-width: 500px) 100vw, 500px\" \/><\/p>\n<p>Su proceso de recuperaci\u00f3n y su cronograma dependen de ser honesto con su m\u00e9dico. Es posible que le hagan muchas preguntas durante su visita inicial para ayudar a establecer su condici\u00f3n y el alcance de sus lesiones.<\/p>\n<p>Ser honesto y brindar informaci\u00f3n exhaustiva garantizar\u00e1 que tengan suficiente informaci\u00f3n para realizar el diagn\u00f3stico necesario y crear un plan de tratamiento personalizado.<\/p>\n<p>Est\u00e9 preparado para ser comunicativo con informaci\u00f3n sobre los siguientes temas.<\/p>\n<h3>Detalles del accidente<\/h3>\n<p>Con muchos a\u00f1os de experiencia brindando <a href=\"https:\/\/www.gaspineortho.com\/columbus\/uber-accident-injury-treatment\/\">tratamiento de accidentes<\/a> de autom\u00f3viles, los m\u00e9dicos comprenden las complejidades de verse involucrados en este tipo de accidentes. Proporcionarles informaci\u00f3n espec\u00edfica sobre la colisi\u00f3n les permite comprender mejor la naturaleza de sus lesiones y los posibles problemas que podr\u00edan originarse a ra\u00edz del accidente.<\/p>\n<p><strong>Durante su visita inicial, es importante compartir detalles importantes sobre el accidente, que incluyen:<\/strong><\/p>\n<ul>\n<li>Su posici\u00f3n de asiento en el veh\u00edculo.<\/li>\n<li>Tu postura en el momento del impacto.<\/li>\n<li>Si llevabas o no cintur\u00f3n de seguridad.<\/li>\n<li>Si usted era peat\u00f3n, pasajero, conductor o ciclista en el accidente.<\/li>\n<\/ul>\n<p>Vale la pena se\u00f1alar que debes compartir estos detalles sin temor a ser juzgado. Se trata de asegurarnos de que nuestros m\u00e9dicos tengan la informaci\u00f3n para realizar un diagn\u00f3stico preciso.<\/p>\n<p>Esto es muy importante considerando que ciertas lesiones pueden no producir s\u00edntomas inmediatos, por lo que cada detalle ayuda en nuestra evaluaci\u00f3n. Incluso si recordar el incidente le resulta abrumador, trate siempre de proporcionar la mayor cantidad de informaci\u00f3n posible.<\/p>\n<h3>C\u00f3mo se sinti\u00f3 despu\u00e9s del accidente<\/h3>\n<p>Inmediatamente despu\u00e9s de la colisi\u00f3n, hay una oleada de adrenalina en el cuerpo que puede enmascarar los s\u00edntomas de la lesi\u00f3n y retrasar su aparici\u00f3n. Es com\u00fan que los conductores y pasajeros lesionados solo noten dolor, molestias u otros s\u00edntomas despu\u00e9s de 24 horas.<\/p>\n<p>Antes de su cita, tome nota de cu\u00e1ndo aparecieron los primeros s\u00edntomas. Puede resultar beneficioso documentar el tipo, la gravedad y la duraci\u00f3n de los s\u00edntomas.<\/p>\n<p>Por ejemplo, puede experimentar dolores de cabeza acompa\u00f1ados de sensibilidad a la luz, el ruido o los olores, molestias en el cuello y los hombros y otros dolores o molestias corporales. Hacer un seguimiento de estos s\u00edntomas ayudar\u00e1 en tus consultas con nuestros especialistas durante tu cita.<\/p>\n<h3>S\u00edntomas de aparici\u00f3n tard\u00eda<\/h3>\n<p>La ausencia de s\u00edntomas inmediatos dentro de las 24 horas no descarta la presencia de lesiones. Algunas condiciones tardan en manifestar se\u00f1ales de advertencia.<\/p>\n<p><strong>Las lesiones comunes por accidentes automovil\u00edsticos con s\u00edntomas tard\u00edos incluyen:<\/strong><\/p>\n<ul>\n<li>Lesiones traum\u00e1ticas en la cabeza y el cerebro<\/li>\n<li>Lesiones de cuello y espalda<\/li>\n<li>Traumatismo espinal<\/li>\n<li>Latigazo cervical<\/li>\n<li>Esguinces<\/li>\n<\/ul>\n<p>&nbsp;<\/p>\n<p>Es posible que algunos s\u00edntomas de lesiones cerebrales o en la cabeza no sean evidentes de inmediato, pero podr\u00edan incluir fatiga, alteraciones del sue\u00f1o, problemas de memoria, dolor persistente en los hombros, la espalda o el cuello, dolores de cabeza cr\u00f3nicos y cambios en el comportamiento o la personalidad.<\/p>\n<p>Adem\u00e1s, afecciones de salud mental como <a href=\"https:\/\/www.webmd.com\/mental-health\/post-traumatic-stress-disorder\" target=\"_blank\" rel=\"noopener\">trastorno de estr\u00e9s postraum\u00e1tico (TEPT)<\/a> o ansiedad pueden surgir despu\u00e9s de un accidente traum\u00e1tico. Si experimenta alguno de estos s\u00edntomas, es fundamental que se lo comunique a su m\u00e9dico, incluso si aparecen d\u00edas o semanas despu\u00e9s del accidente.<\/p>\n<p>Mantenerse atento a cualquier cambio en su cuerpo y brindar informaci\u00f3n detallada a sus m\u00e9dicos permitir\u00e1 a nuestros especialistas brindarle la mejor atenci\u00f3n posible y garantizar que se recupere por completo.<\/p>\n<h2>\u00bfQu\u00e9 comprueban los m\u00e9dicos despu\u00e9s de un accidente automovil\u00edstico?<\/h2>\n<p><img decoding=\"async\" class=\"alignnone wp-image-3935 size-full\" src=\"https:\/\/www.gaspineortho.com\/wp-content\/uploads\/2024\/05\/shutterstock_1789461236-min.jpg\" alt=\"Columbus car accident doctor views the results or a neck x-ray\" width=\"500\" height=\"334\" srcset=\"https:\/\/www.gaspineortho.com\/wp-content\/uploads\/2024\/05\/shutterstock_1789461236-min.jpg 500w, https:\/\/www.gaspineortho.com\/wp-content\/uploads\/2024\/05\/shutterstock_1789461236-min-300x200.jpg 300w\" sizes=\"(max-width: 500px) 100vw, 500px\" \/><\/p>\n<p>Cuando visite Georgia Spine &amp; En nuestra cl\u00ednica de ortopedia, puede estar seguro de que est\u00e1 en manos de personal capacitado y compasivo. Dependiendo de la gravedad y la naturaleza de sus lesiones, podemos hacerle preguntas y realizar pruebas de diagn\u00f3stico para un diagn\u00f3stico oficial.<\/p>\n<p><strong>La evaluaci\u00f3n inicial con un m\u00e9dico normalmente incluir\u00e1:<\/strong><\/p>\n<ul>\n<li>Hable sobre su historial m\u00e9dico y su condici\u00f3n actual.<\/li>\n<li>Preguntas sobre las circunstancias de su accidente.<\/li>\n<li>Un examen f\u00edsico que puede incluir seguir instrucciones y realizar varios movimientos.<\/li>\n<li>Establezca su estilo de vida y sus h\u00e1bitos, junto con cualquier problema o condici\u00f3n m\u00e9dica existente.<\/li>\n<li>Pruebas de diagn\u00f3stico como resonancia magn\u00e9tica y tomograf\u00eda computarizada.<\/li>\n<\/ul>\n<p>&nbsp;<\/p>\n<p>En t\u00e9rminos generales, cuanto antes reciba un diagn\u00f3stico m\u00e9dico profesional, antes podr\u00e1 volver a vivir la vida en sus propios t\u00e9rminos. Retrasar el tratamiento podr\u00eda empeorar la afecci\u00f3n y\/o retrasar el cronograma de recuperaci\u00f3n.<\/p>\n<p>Si bien su m\u00e9dico puede sugerir un per\u00edodo de recuperaci\u00f3n para sus lesiones, no puede garantizar un cronograma exacto. Pero puede esperar que su m\u00e9dico le d\u00e9 una idea de c\u00f3mo ser\u00e1 su proceso de curaci\u00f3n y recuperaci\u00f3n.<\/p>\n<h2>Tipos de lesiones por accidentes automovil\u00edsticos<\/h2>\n<p><img decoding=\"async\" class=\"alignnone wp-image-3524 size-full\" src=\"https:\/\/www.gaspineortho.com\/wp-content\/uploads\/2024\/05\/shutterstock_1201292977-min.jpg\" alt=\"Woman grabs her neck after suffering whiplash in a car accident\" width=\"500\" height=\"334\" srcset=\"https:\/\/www.gaspineortho.com\/wp-content\/uploads\/2024\/05\/shutterstock_1201292977-min.jpg 500w, https:\/\/www.gaspineortho.com\/wp-content\/uploads\/2024\/05\/shutterstock_1201292977-min-300x200.jpg 300w\" sizes=\"(max-width: 500px) 100vw, 500px\" \/><\/p>\n<p>Algunas lesiones son m\u00e1s comunes en accidentes automovil\u00edsticos que otras. Cuando visite nuestra cl\u00ednica, nuestro equipo buscar\u00e1 s\u00edntomas, signos y otros indicadores de lesiones.<\/p>\n<p>Si bien cada paciente es \u00fanico, hay varias cosas que analizamos para diagnosticar todo tipo de lesiones. Los tipos m\u00e1s comunes de lesiones por accidentes automovil\u00edsticos incluyen:<\/p>\n<h3>Lesiones externas<\/h3>\n<p>Despu\u00e9s de un accidente, las lesiones externas visibles pueden incluir cortes, magulladuras, quemaduras y erupciones en la carretera. Si bien estas lesiones pueden parecer sencillas, es importante hablar abiertamente con su m\u00e9dico sobre su gravedad y cualquier dolor asociado que sienta.<\/p>\n<h3>Fracturas<\/h3>\n<p>Los huesos rotos, a menudo como resultado de un impacto, son bastante comunes despu\u00e9s de un accidente. Algunas fracturas, especialmente las peque\u00f1as, pueden no ser evidentes de inmediato, por lo que se requieren radiograf\u00edas u otras pruebas de imagen para un diagn\u00f3stico preciso.<\/p>\n<h3>Lesiones de tejidos blandos, incluido el latigazo cervical<\/h3>\n<p>Las lesiones de tejidos blandos afectan tendones, ligamentos y m\u00fasculos, y son frecuentes en accidentes debidos a movimientos repentinos y contundentes. El latigazo cervical, una lesi\u00f3n com\u00fan de los tejidos blandos, puede manifestarse como dolor de cuello o dolores de cabeza despu\u00e9s del accidente.<\/p>\n<p>Si siente alguno de estos s\u00edntomas, debe buscar atenci\u00f3n m\u00e9dica inmediata.<\/p>\n<h3>Lesiones cerebrales<\/h3>\n<p>El impacto en la cabeza durante los accidentes puede provocar lesiones cerebrales traum\u00e1ticas (LCT), que van desde conmociones cerebrales hasta afecciones m\u00e1s graves. Incluso sin un impacto directo, el cerebro puede sufrir un traumatismo por la fuerza del accidente.<\/p>\n<p>Las pruebas cognitivas pueden ayudar a evaluar cualquier impacto potencial en la funci\u00f3n cerebral.<\/p>\n<h3>Lesiones de la columna<\/h3>\n<p>La intrincada estructura de la columna la hace vulnerable a diversas lesiones, como hernias discales, donde los discos blandos parecidos a gel entre las v\u00e9rtebras se desplazan o se rompen.<\/p>\n<p>Si bien no siempre es evidente de inmediato, un examen exhaustivo realizado por un m\u00e9dico o quiropr\u00e1ctico experimentado es crucial para evaluar la salud de la columna y detectar cualquier lesi\u00f3n.<\/p>\n<h2>Qu\u00e9 puede hacer nuestro equipo para ayudar<\/h2>\n<p><img loading=\"lazy\" decoding=\"async\" class=\"alignnone wp-image-3350\" src=\"https:\/\/www.gaspineortho.com\/wp-content\/uploads\/2024\/05\/shutterstock_2128527452-copy.webp\" alt=\"Columbus doctor assesses an injured patient\" width=\"500\" height=\"364\" srcset=\"https:\/\/www.gaspineortho.com\/wp-content\/uploads\/2024\/05\/shutterstock_2128527452-copy.webp 1000w, https:\/\/www.gaspineortho.com\/wp-content\/uploads\/2024\/05\/shutterstock_2128527452-copy-300x218.webp 300w, https:\/\/www.gaspineortho.com\/wp-content\/uploads\/2024\/05\/shutterstock_2128527452-copy-768x559.webp 768w\" sizes=\"(max-width: 500px) 100vw, 500px\" \/><\/p>\n<p>Nuestros m\u00e9dicos, neur\u00f3logos, ortopedistas, quiropr\u00e1cticos, terapeutas y enfermeras altamente capacitados y con experiencia en accidentes automovil\u00edsticos ofrecen atenci\u00f3n integral para una amplia variedad de lesiones y afecciones.<\/p>\n<p>Dependiendo de la gravedad y la naturaleza de su lesi\u00f3n, nuestro equipo desarrollar\u00e1 un plan de tratamiento personalizado para garantizar que pueda recuperarse por completo.<\/p>\n<p>Si siente dolor, nuestros m\u00e9dicos le sugerir\u00e1n m\u00e9todos de tratamiento no invasivos, como reposo y analg\u00e9sicos de venta libre, que son seguros y no crean h\u00e1bito, para abordar las formas comunes de dolor posterior a un accidente, como calambres musculares y dolores de cabeza.<\/p>\n<p>Para lesiones como hematomas, laceraciones, fracturas y quemaduras, podemos recetarle antibi\u00f3ticos para protegerlo de desarrollar una infecci\u00f3n.<\/p>\n<p><strong>Nuestros tratamientos incluyen:<\/strong><\/p>\n<ul>\n<li>Cuidado quiropr\u00e1ctico<\/li>\n<li>Inyecciones en puntos gatillo y articulaciones<\/li>\n<li>Fisioterapia<\/li>\n<li>Rehabilitaci\u00f3n de lesiones automovil\u00edsticas<\/li>\n<li>Medicina regenerativa<\/li>\n<li>Tratamiento no quir\u00fargico<\/li>\n<li>Descompresi\u00f3n espinal<\/li>\n<li>Masaje terap\u00e9utico<\/li>\n<\/ul>\n<p>&nbsp;<\/p>\n<p>Podemos trabajar con embargos m\u00e9dicos, lo que significa que podemos esperar hasta que se resuelva su caso antes de solicitar el pago. Podemos trabajar con su abogado o ayudarlo a encontrar uno bueno si eso es lo que necesita para su caso.<\/p>\n<h2>\u00bfCu\u00e1ndo deber\u00eda ir al hospital despu\u00e9s de un accidente automovil\u00edstico?<\/h2>\n<p>Como regla general, es mejor buscar atenci\u00f3n m\u00e9dica lo antes posible despu\u00e9s del accidente. Esto se aplica incluso si las lesiones no parecen graves. Sin embargo, la mayor\u00eda de las compa\u00f1\u00edas de seguros esperan que las v\u00edctimas de accidentes automovil\u00edsticos busquen atenci\u00f3n m\u00e9dica dentro de las 72 horas posteriores al accidente.<\/p>\n<p>Si demora en buscar atenci\u00f3n m\u00e9dica, podr\u00eda correr el riesgo de desarrollar complicaciones a largo plazo, incluido dolor cr\u00f3nico y movilidad limitada. Adem\u00e1s, las compa\u00f1\u00edas de seguros y la parte culpable del accidente pueden utilizar el tratamiento retrasado como prueba de que las lesiones no son tan graves como usted afirma.<\/p>\n<p>Columna vertebral de Georgia y Ortopedia ofrece citas, diagn\u00f3stico y tratamiento el mismo d\u00eda, convenientemente en una sola instalaci\u00f3n. Podemos ayudarlo a obtener la atenci\u00f3n de urgencia que necesita inmediatamente despu\u00e9s de un accidente en Columbus, GA, y apoyarlo durante todo su viaje hacia una recuperaci\u00f3n completa.<\/p>\n<h2>Consiga un m\u00e9dico con experiencia en accidentes automovil\u00edsticos<\/h2>\n<p>Nuestros m\u00e9dicos de accidentes automovil\u00edsticos de Columbus, Georgia en Georgia Spine &amp; Los ortop\u00e9dicos est\u00e1n listos para ayudarlo a recuperarse despu\u00e9s de un accidente. Bajo nuestro cuidado, puede estar seguro de que est\u00e1 trabajando con profesionales que entienden c\u00f3mo diagnosticar y tratar las lesiones resultantes de accidentes automovil\u00edsticos.<\/p>\n<p>Es posible que los m\u00e9dicos generales no puedan decir d\u00f3nde buscar pistas que puedan indicar lesiones graves. Al combinar t\u00e9cnicas m\u00e9dicas tradicionales, atenci\u00f3n quiropr\u00e1ctica y tratamientos ortop\u00e9dicos, nuestro equipo puede brindar tratamientos hol\u00edsticos altamente efectivos pero no invasivos.<\/p>\n<p>Llame al [tel\u00e9fono] hoy para hablar con uno de nuestros m\u00e9dicos de accidentes automovil\u00edsticos en Columbus.<\/p>\n","protected":false},"excerpt":{"rendered":"<p>Los accidentes automovil\u00edsticos, desde golpes menores en guardabarros hasta aquellos que involucran lesiones graves, dejan alg\u00fan tipo de trauma a los involucrados. A veces, este trauma es solo mental y emocional, mientras que en otras es f\u00edsico y se presenta en forma de lesi\u00f3n. Si usted o un ser querido result\u00f3 herido en un accidente [&hellip;]<\/p>\n","protected":false},"author":44,"featured_media":0,"parent":7584,"menu_order":0,"comment_status":"closed","ping_status":"closed","template":"","meta":{"_acf_changed":false,"footnotes":""},"categories":[],"tags":[],"class_list":["post-8020","page","type-page","status-publish","hentry"],"acf":[],"_links":{"self":[{"href":"https:\/\/www.gaspineortho.com\/es\/wp-json\/wp\/v2\/pages\/8020","targetHints":{"allow":["GET"]}}],"collection":[{"href":"https:\/\/www.gaspineortho.com\/es\/wp-json\/wp\/v2\/pages"}],"about":[{"href":"https:\/\/www.gaspineortho.com\/es\/wp-json\/wp\/v2\/types\/page"}],"author":[{"embeddable":true,"href":"https:\/\/www.gaspineortho.com\/es\/wp-json\/wp\/v2\/users\/44"}],"replies":[{"embeddable":true,"href":"https:\/\/www.gaspineortho.com\/es\/wp-json\/wp\/v2\/comments?post=8020"}],"version-history":[{"count":3,"href":"https:\/\/www.gaspineortho.com\/es\/wp-json\/wp\/v2\/pages\/8020\/revisions"}],"predecessor-version":[{"id":9411,"href":"https:\/\/www.gaspineortho.com\/es\/wp-json\/wp\/v2\/pages\/8020\/revisions\/9411"}],"up":[{"embeddable":true,"href":"https:\/\/www.gaspineortho.com\/es\/wp-json\/wp\/v2\/pages\/7584"}],"wp:attachment":[{"href":"https:\/\/www.gaspineortho.com\/es\/wp-json\/wp\/v2\/media?parent=8020"}],"wp:term":[{"taxonomy":"category","embeddable":true,"href":"https:\/\/www.gaspineortho.com\/es\/wp-json\/wp\/v2\/categories?post=8020"},{"taxonomy":"post_tag","embeddable":true,"href":"https:\/\/www.gaspineortho.com\/es\/wp-json\/wp\/v2\/tags?post=8020"}],"curies":[{"name":"wp","href":"https:\/\/api.w.org\/{rel}","templated":true}]}}