{"id":8007,"date":"2024-05-16T10:21:34","date_gmt":"2024-05-16T15:21:34","guid":{"rendered":"https:\/\/www.gaspineortho.com\/stockbridge\/uber-accident-treatment\/"},"modified":"2025-05-09T06:45:55","modified_gmt":"2025-05-09T11:45:55","slug":"tratamiento-uber-accidente","status":"publish","type":"page","link":"https:\/\/www.gaspineortho.com\/es\/stockbridge\/tratamiento-uber-accidente\/","title":{"rendered":"Tratamiento de lesiones por accidentes de Uber en Stockbridge"},"content":{"rendered":"<p>\u00bfResult\u00f3 herido en un accidente de Uber? No est\u00e1s solo. Con la creciente popularidad de los servicios de viajes compartidos como Uber y Lyft, los accidentes son cada vez m\u00e1s comunes. Si est\u00e1 herido, recibir la atenci\u00f3n adecuada es esencial para su recuperaci\u00f3n.<\/p>\n<p>En Georgia Spine &amp; En Ortopedia en Stockbridge, entendemos los problemas \u00fanicos relacionados con los accidentes de viajes compartidos y estamos comprometidos a ayudarlo a sanar. Comience su viaje de recuperaci\u00f3n hoy llam\u00e1ndonos al [tel\u00e9fono] para programar una consulta.<\/p>\n<h2>Importancia del tratamiento despu\u00e9s de un accidente de Uber en Stockbridge, GA<\/h2>\n<h3>Dolor reducido y movilidad mejorada<\/h3>\n<p>Despu\u00e9s de un accidente, nuestros m\u00e9dicos experimentados diagnosticar\u00e1n sus lesiones y elaborar\u00e1n un plan de recuperaci\u00f3n adaptado a sus necesidades. Este plan puede incluir medicamentos, <a href=\"https:\/\/www.gaspineortho.com\/es\/stockbridge\/fisiterapia\/\">fisioterapia<\/a>, inyecciones u otros tratamientos no quir\u00fargicos. El objetivo es controlar el dolor y restaurar su rango de movimiento.<\/p>\n<h3>Documentaci\u00f3n crucial para reclamaciones legales<\/h3>\n<p>La atenci\u00f3n m\u00e9dica inmediata crea un registro documentado de sus lesiones, detallando el tipo, la gravedad y la fecha. Esta documentaci\u00f3n es vital si decide emprender acciones legales, ayud\u00e1ndolo a reclamar una compensaci\u00f3n por facturas m\u00e9dicas, salarios perdidos y otros da\u00f1os.<\/p>\n<h3>Tranquilidad<\/h3>\n<p>Recibir la atenci\u00f3n adecuada por parte de profesionales calificados reduce el estr\u00e9s despu\u00e9s de una experiencia traum\u00e1tica. Un diagn\u00f3stico r\u00e1pido y un plan de tratamiento pueden ayudarle a sentirse m\u00e1s en control de su proceso de recuperaci\u00f3n.<\/p>\n<h3>Lesiones comunes por accidentes de Uber<\/h3>\n<p>Los accidentes de viajes compartidos pueden provocar diversas lesiones, seg\u00fan la gravedad del accidente y su ubicaci\u00f3n en el veh\u00edculo. Estas son algunas de las lesiones m\u00e1s comunes que encontramos:<\/p>\n<h3>Latigazo cervical<\/h3>\n<p>El latigazo cervical es una <a href=\"https:\/\/www.gaspineortho.com\/es\/lesion-en-el-cuello\/\">lesi\u00f3n en el cuello<\/a> causada por un movimiento brusco y contundente. Los s\u00edntomas incluyen dolor de cuello, rigidez, dolores de cabeza y mareos. Esta condici\u00f3n puede alterar significativamente las actividades diarias, haciendo que las tareas simples sean desafiantes.<\/p>\n<h3>Lesiones de espalda y columna<\/h3>\n<p>Estas lesiones van desde torceduras y esguinces menores hasta afecciones graves como hernias de disco o fracturas de columna. El dolor de espalda es un problema frecuente tras <a href=\"https:\/\/www.gaspineortho.com\/es\/stockbridge\/tratamiento-de-accidente-automovilistico\/\">accidentes de tr\u00e1fico<\/a>.<\/p>\n<p>La fuerza de un accidente de viaje compartido puede da\u00f1ar los m\u00fasculos, ligamentos y discos de la columna, provocando s\u00edntomas como dolor, entumecimiento y debilidad.<\/p>\n<h3>Lesiones en la cabeza<\/h3>\n<p>Las <a href=\"https:\/\/www.gaspineortho.com\/es\/lesion-craneal\/\">lesiones en la cabeza<\/a> comunes incluyen conmociones cerebrales, cortes y hematomas. Incluso los traumatismos craneoencef\u00e1licos menores deben ser evaluados por un profesional de la salud para descartar complicaciones. Las conmociones cerebrales pueden causar dolores de cabeza, mareos, n\u00e1useas, problemas de memoria y dificultades de concentraci\u00f3n.<\/p>\n<h3>Lesiones de tejidos blandos<\/h3>\n<p>Estos implican torceduras, esguinces y contusiones (moretones) que afectan m\u00fasculos, ligamentos y tendones. Los s\u00edntomas suelen incluir dolor, hinchaz\u00f3n y dificultad para mover el \u00e1rea afectada.<\/p>\n<h3>Huesos rotos<\/h3>\n<p>Las fracturas pueden ocurrir en cualquier hueso durante un accidente automovil\u00edstico. La gravedad depende del tipo de fractura y la ubicaci\u00f3n del hueso. Las fracturas pueden causar dolor, hinchaz\u00f3n y p\u00e9rdida de funci\u00f3n importantes, lo que requiere una intervenci\u00f3n m\u00e9dica inmediata.<\/p>\n<h3>Trauma psicol\u00f3gico<\/h3>\n<p>Los accidentes automovil\u00edsticos tambi\u00e9n pueden provocar problemas psicol\u00f3gicos como ansiedad, depresi\u00f3n y trastorno de estr\u00e9s postraum\u00e1tico (TEPT). Es esencial buscar ayuda profesional si experimenta angustia emocional despu\u00e9s de un accidente de viaje compartido.<\/p>\n<p><img fetchpriority=\"high\" decoding=\"async\" class=\"alignnone wp-image-5844 size-full\" src=\"https:\/\/www.gaspineortho.com\/wp-content\/uploads\/2024\/05\/uber-accident-injury-treatment.webp\" alt=\"Doctor in Stockbridge discussing pain management options with an Uber accident victim.\" width=\"500\" height=\"334\" srcset=\"https:\/\/www.gaspineortho.com\/wp-content\/uploads\/2024\/05\/uber-accident-injury-treatment.webp 500w, https:\/\/www.gaspineortho.com\/wp-content\/uploads\/2024\/05\/uber-accident-injury-treatment-300x200.webp 300w\" sizes=\"(max-width: 500px) 100vw, 500px\" \/><\/p>\n<h2>Opciones de tratamiento en Georgia Spine &amp; Ortopedia<\/h2>\n<h3>Manejo del dolor<\/h3>\n<p>Nuestro equipo utiliza diversos m\u00e9todos para controlar el dolor, incluidos medicamentos, fisioterapia, <a href=\"https:\/\/www.gaspineortho.com\/es\/stockbridge\/inyecciones-medicas\/\" target=\"_blank\" rel=\"noopener\"> inyecciones<\/a> y otras intervenciones no quir\u00fargicas.<\/p>\n<h3>Fisioterapia<\/h3>\n<p>La <a href=\"https:\/\/www.gaspineortho.com\/es\/stockbridge\/fisiterapia\/\" target=\"_blank\" rel=\"noopener\">fisioterapia<\/a> ayuda a mejorar tu rango de movimiento, flexibilidad y fuerza , mejorando significativamente tu vida diaria.<\/p>\n<h3>Atenci\u00f3n quiropr\u00e1ctica<\/h3>\n<p><a href=\"https:\/\/www.gaspineortho.com\/es\/stockbridge\/quiropractico\/\" target=\"_blank\" rel=\"noopener\">Ajustes quiropr\u00e1cticos<\/a> pueden mejorar la alineaci\u00f3n y funci\u00f3n de la columna, aliviando el dolor y mejorando movilidad.<\/p>\n<h3>Cirug\u00eda Ortop\u00e9dica<\/h3>\n<p>En casos concretos, puede ser necesaria una <a href=\"https:\/\/www.gaspineortho.com\/es\/stockbridge\/cirugia-ortopedica\/\" target=\"_blank\" rel=\"noopener\">cirug\u00eda ortop\u00e9dica<\/a> para reparar huesos, ligamentos o tendones da\u00f1ados. Nuestro equipo lo guiar\u00e1 a trav\u00e9s del proceso si se requiere cirug\u00eda.<\/p>\n<p>Personalizamos nuestros planes de tratamiento para abordar sus necesidades y lesiones espec\u00edficas, con el objetivo de ayudarlo a recuperarse por completo.<\/p>\n<h2>Pasos a seguir despu\u00e9s de un accidente de Uber<\/h2>\n<h3>Buscar atenci\u00f3n m\u00e9dica<\/h3>\n<p>Tu salud es la prioridad. Llame al 911 o vaya a la sala de emergencias m\u00e1s cercana en caso de lesiones graves. Incluso si las lesiones parecen menores, es importante obtener una evaluaci\u00f3n completa de un m\u00e9dico.<\/p>\n<h3>Reportar el accidente<\/h3>\n<p>Presenta un informe a la polic\u00eda e informa a Uber o Lyft a trav\u00e9s de su aplicaci\u00f3n sobre el accidente.<\/p>\n<h3>Documentar la escena<\/h3>\n<p>Tome fotograf\u00edas de la escena del accidente, sus lesiones y cualquier da\u00f1o del veh\u00edculo. Esta documentaci\u00f3n puede ser crucial para futuros reclamos legales.<\/p>\n<h3>Recopilar informaci\u00f3n<\/h3>\n<p>Recopile los nombres y datos de contacto de todos los involucrados en el accidente, incluidos el otro conductor, los pasajeros y los testigos.<\/p>\n<h3>Comun\u00edquese con su compa\u00f1\u00eda de seguros<\/h3>\n<p>Notifique a su proveedor de seguros sobre el accidente lo antes posible.<\/p>\n<h3>Considere la posibilidad de recibir ayuda legal<\/h3>\n<p>Un abogado experimentado en <a href=\"https:\/\/www.gaspineortho.com\/es\/stockbridge\/medico-de-lesiones-personales\/\">lesiones personales<\/a> puede guiarlo a trav\u00e9s del proceso legal y garantizar que reciba una atenci\u00f3n justa. compensaci\u00f3n por sus lesiones.<\/p>\n<h2>\u00bfDeber\u00eda ir a urgencias despu\u00e9s de un accidente de Uber?<\/h2>\n<p>Busque atenci\u00f3n m\u00e9dica de emergencia de inmediato si experimenta cualquiera de los siguientes s\u00edntomas:<\/p>\n<ul>\n<li>P\u00e9rdida del conocimiento<\/li>\n<li>Dificultad para respirar<\/li>\n<li>Dolor intenso<\/li>\n<li>Sangrado incontrolable<\/li>\n<li>Lesi\u00f3n en la cabeza<\/li>\n<li>Entumecimiento u hormigueo<\/li>\n<\/ul>\n<p>&nbsp;<\/p>\n<p>Si sus lesiones no ponen en peligro su vida pero le causan dolor o malestar, vis\u00edtenos en Georgia Spine &amp; Ortopedia en Stockbridge. Ofrecemos evaluaciones exhaustivas y creamos planes de tratamiento para ayudarlo a recuperarse r\u00e1pidamente.<\/p>\n<p><img decoding=\"async\" class=\"alignnone wp-image-4423 size-full\" src=\"https:\/\/www.gaspineortho.com\/wp-content\/uploads\/2024\/05\/GSO-car-accident-doctor-e1715805328124.webp\" alt=\"Stockbridge Uber Accident Injury Treatment specialist providing personalized care.\" width=\"500\" height=\"349\" \/><\/p>\n<h2>La importancia de la intervenci\u00f3n temprana<\/h2>\n<h3>Diagn\u00f3stico y tratamiento precisos<\/h3>\n<p>La evaluaci\u00f3n m\u00e9dica temprana garantiza un diagn\u00f3stico preciso de sus lesiones. Esto facilita el desarrollo de un plan de tratamiento que se adapte a sus necesidades espec\u00edficas, acelerando su recuperaci\u00f3n.<\/p>\n<h3>Mejores resultados del tratamiento<\/h3>\n<p>Una intervenci\u00f3n oportuna conduce a mejores resultados del tratamiento y a una recuperaci\u00f3n m\u00e1s r\u00e1pida. La fisioterapia temprana o <a href=\"https:\/\/www.gaspineortho.com\/es\/stockbridge\/el-manejo-del-dolor\/\">manejo del dolor<\/a> puede reducir el dolor y la rigidez, previniendo complicaciones a largo plazo .<\/p>\n<h3>Documentaci\u00f3n legal<\/h3>\n<p>Buscar atenci\u00f3n m\u00e9dica inmediata crea un registro documentado de sus lesiones. Esta documentaci\u00f3n es crucial si decide emprender acciones legales contra la parte culpable del accidente, ya que sirve como prueba invaluable.<\/p>\n<h2>Por qu\u00e9 elegir Georgia Spine &amp; \u00bfOrtopedia para la recuperaci\u00f3n?<\/h2>\n<h3>Experiencia en columna y ortopedia<\/h3>\n<p>Nuestro equipo est\u00e1 formado por m\u00e9dicos altamente cualificados que se especializan en el diagn\u00f3stico y tratamiento de diversas <a href=\"https:\/\/www.gaspineortho.com\/es\/lesion-en-la-columna\/\">lesiones de columna y musculoesquel\u00e9ticas<\/a>. Ya sea que sufras de <a href=\"https:\/\/www.gaspineortho.com\/es\/lesion-por-latigazo-cervical\/\">latigazo<\/a>, dolor de espalda o una lesi\u00f3n compleja, tenemos la experiencia para ayudarle a recuperarse.<\/p>\n<h3>Atenci\u00f3n personalizada<\/h3>\n<p>Nos tomamos el tiempo para comprender su situaci\u00f3n espec\u00edfica y desarrollar un plan de tratamiento personalizado que satisfaga sus necesidades y objetivos. La comunicaci\u00f3n abierta es clave y trabajamos estrechamente con usted durante todo su viaje de recuperaci\u00f3n.<\/p>\n<h3>Centrarse en el manejo del dolor<\/h3>\n<p>Nuestra prioridad es ayudarle a controlar el dolor y volver a ser lo mejor de s\u00ed mismo. Ofrecemos varias opciones para el manejo del dolor, incluidos medicamentos, fisioterapia, inyecciones y otros tratamientos no quir\u00fargicos.<\/p>\n<h3>Compromiso con soluciones no quir\u00fargicas<\/h3>\n<p>Siempre que es posible, utilizamos enfoques no quir\u00fargicos para promover la curaci\u00f3n y reducir el tiempo de recuperaci\u00f3n. Nuestro equipo se destaca en diversas t\u00e9cnicas no quir\u00fargicas, como fisioterapia y atenci\u00f3n quiropr\u00e1ctica, mejorando significativamente el dolor y la movilidad.<\/p>\n<h3>Experiencia en casos de accidentes de viajes compartidos<\/h3>\n<p>Tenemos amplia experiencia en el tratamiento de pacientes lesionados en accidentes de viajes compartidos. Entendemos los desaf\u00edos \u00fanicos involucrados en estos reclamos y podemos ayudarlo a navegar el proceso legal.<\/p>\n<h3>S\u00f3lida red de referencias legales<\/h3>\n<p>Adem\u00e1s de nuestra experiencia interna, tenemos conexiones con algunos de los mejores abogados de lesiones personales de Georgia. Si decide emprender acciones legales por sus lesiones, podemos conectarlo con un abogado calificado que pueda luchar por su compensaci\u00f3n.<\/p>\n<h2>Vuelva a ponerse de pie con Georgia Spine &amp; Ortopedia<\/h2>\n<p><img decoding=\"async\" class=\"alignnone wp-image-3286 size-full\" src=\"https:\/\/www.gaspineortho.com\/wp-content\/uploads\/2020\/12\/ga-spine-ortho-docs-e1715801958933.webp\" alt=\"The Uber Accident Injury Treatment Team of Georgia Spine &amp; Orthopaedics\" width=\"500\" height=\"273\" \/><\/p>\n<p>No permita que un accidente de Uber afecte su vida. En Georgia Spine &amp; Ortopedia en <a href=\"https:\/\/stockbridgega.org\/\" target=\"_blank\" rel=\"noopener\">Stockbridge<\/a>, estamos comprometidos a ayudarlo a recuperarse y volver a disfrutar de las actividades que ama.<\/p>\n<p>Con nuestra gama de opciones de tratamiento, atenci\u00f3n compasiva y dedicaci\u00f3n a su bienestar, estamos aqu\u00ed para apoyarlo en cada paso del camino. Ll\u00e1menos al [tel\u00e9fono] hoy para programar una consulta y comenzar su camino hacia la recuperaci\u00f3n.<\/p>\n","protected":false},"excerpt":{"rendered":"<p>\u00bfResult\u00f3 herido en un accidente de Uber? No est\u00e1s solo. Con la creciente popularidad de los servicios de viajes compartidos como Uber y Lyft, los accidentes son cada vez m\u00e1s comunes. Si est\u00e1 herido, recibir la atenci\u00f3n adecuada es esencial para su recuperaci\u00f3n. En Georgia Spine &amp; En Ortopedia en Stockbridge, entendemos los problemas \u00fanicos [&hellip;]<\/p>\n","protected":false},"author":25,"featured_media":0,"parent":7603,"menu_order":0,"comment_status":"closed","ping_status":"closed","template":"","meta":{"_acf_changed":false,"footnotes":""},"categories":[],"tags":[],"class_list":["post-8007","page","type-page","status-publish","hentry"],"acf":[],"_links":{"self":[{"href":"https:\/\/www.gaspineortho.com\/es\/wp-json\/wp\/v2\/pages\/8007","targetHints":{"allow":["GET"]}}],"collection":[{"href":"https:\/\/www.gaspineortho.com\/es\/wp-json\/wp\/v2\/pages"}],"about":[{"href":"https:\/\/www.gaspineortho.com\/es\/wp-json\/wp\/v2\/types\/page"}],"author":[{"embeddable":true,"href":"https:\/\/www.gaspineortho.com\/es\/wp-json\/wp\/v2\/users\/25"}],"replies":[{"embeddable":true,"href":"https:\/\/www.gaspineortho.com\/es\/wp-json\/wp\/v2\/comments?post=8007"}],"version-history":[{"count":4,"href":"https:\/\/www.gaspineortho.com\/es\/wp-json\/wp\/v2\/pages\/8007\/revisions"}],"predecessor-version":[{"id":12122,"href":"https:\/\/www.gaspineortho.com\/es\/wp-json\/wp\/v2\/pages\/8007\/revisions\/12122"}],"up":[{"embeddable":true,"href":"https:\/\/www.gaspineortho.com\/es\/wp-json\/wp\/v2\/pages\/7603"}],"wp:attachment":[{"href":"https:\/\/www.gaspineortho.com\/es\/wp-json\/wp\/v2\/media?parent=8007"}],"wp:term":[{"taxonomy":"category","embeddable":true,"href":"https:\/\/www.gaspineortho.com\/es\/wp-json\/wp\/v2\/categories?post=8007"},{"taxonomy":"post_tag","embeddable":true,"href":"https:\/\/www.gaspineortho.com\/es\/wp-json\/wp\/v2\/tags?post=8007"}],"curies":[{"name":"wp","href":"https:\/\/api.w.org\/{rel}","templated":true}]}}