{"id":8003,"date":"2024-05-16T11:53:02","date_gmt":"2024-05-16T16:53:02","guid":{"rendered":"https:\/\/www.gaspineortho.com\/stockbridge\/personal-injury-doctor\/"},"modified":"2024-06-03T16:22:39","modified_gmt":"2024-06-03T21:22:39","slug":"medico-de-lesiones-personales","status":"publish","type":"page","link":"https:\/\/www.gaspineortho.com\/es\/stockbridge\/medico-de-lesiones-personales\/","title":{"rendered":"M\u00e9dico de lesiones personales de Stockbridge"},"content":{"rendered":"<h2>M\u00e9dico de lesiones personales Stockbridge, GA<\/h2>\n<p><img fetchpriority=\"high\" decoding=\"async\" class=\"alignnone wp-image-4441 size-full\" src=\"https:\/\/www.gaspineortho.com\/wp-content\/uploads\/2024\/05\/services-personal-injury-copy.webp\" alt=\"Personal Injury Doctor in Stockbridge evaluating a patient's injury at Georgia Spine &amp; Orthopaedics.\" width=\"600\" height=\"400\" srcset=\"https:\/\/www.gaspineortho.com\/wp-content\/uploads\/2024\/05\/services-personal-injury-copy.webp 600w, https:\/\/www.gaspineortho.com\/wp-content\/uploads\/2024\/05\/services-personal-injury-copy-300x200.webp 300w\" sizes=\"(max-width: 600px) 100vw, 600px\" \/><\/p>\n<p>Cada a\u00f1o, miles de personas sufren diversos tipos de accidentes que provocan numerosas lesiones personales. Adem\u00e1s de la tensi\u00f3n mental y emocional, las v\u00edctimas sufren dolor f\u00edsico debido a estas lesiones. Nuestro m\u00e9dico de lesiones personales de Stockbridge se especializa en el tratamiento de lesiones musculoesquel\u00e9ticas que afectan las extremidades, la espalda y el cuello.<\/p>\n<p>Nuestro equipo ofrece diversos tratamientos para ayudar a controlar el dolor y el malestar causado por las lesiones. Adem\u00e1s de brindar testimonio experto, nuestros especialistas experimentados lo ayudan a recopilar todos los documentos m\u00e9dicos necesarios para reclamos por lesiones personales, ayud\u00e1ndolo a obtener una compensaci\u00f3n merecida.<\/p>\n<p>Si ha sufrido lesiones personales debido a las acciones il\u00edcitas, descuidadas o negligentes de otra persona, Georgia Spine &amp; La ortopedia est\u00e1 aqu\u00ed para ayudar. Llame al [tel\u00e9fono] hoy para hablar con uno de nuestros especialistas en lesiones personales con experiencia o para programar una consulta.<\/p>\n<h2>\u00bfQu\u00e9 es un m\u00e9dico de lesiones personales?<\/h2>\n<p>Un m\u00e9dico de lesiones personales se enfoca en tratar diversas afecciones a trav\u00e9s de diferentes enfoques m\u00e9dicos. Es posible que necesite un especialista de este tipo si ha estado involucrado en un accidente que result\u00f3 en lesiones personales.<\/p>\n<p>Las lesiones personales ocurren cuando alguien resulta perjudicado debido al comportamiento negligente de otra parte. Este t\u00e9rmino cubre las lesiones f\u00edsicas infligidas al cuerpo de un individuo. Los ejemplos comunes incluyen lesiones por negligencia m\u00e9dica, incidentes de resbalones y ca\u00eddas y <a href=\"https:\/\/www.gaspineortho.com\/es\/stockbridge\/tratamiento-de-accidente-automovilistico\/\" target=\"_blank\" rel=\"noopener\">accidentes de coche<\/a>.<\/p>\n<p>Los m\u00e9dicos que atienden lesiones personales desempe\u00f1an un papel crucial en la recuperaci\u00f3n del paciente. Estos expertos tambi\u00e9n influyen en cualquier reclamaci\u00f3n legal que decida presentar contra la parte responsable.<\/p>\n<h2>\u00bfPor qu\u00e9 deber\u00eda recibir atenci\u00f3n m\u00e9dica despu\u00e9s de una lesi\u00f3n personal?<\/h2>\n<p>Sentirse confundido y abrumado despu\u00e9s de un accidente es normal, especialmente dada la naturaleza inesperada de estos eventos. Sin embargo, priorizar su salud buscando atenci\u00f3n m\u00e9dica inmediata es esencial. Esto no s\u00f3lo protege su salud en general, sino que tambi\u00e9n afecta cualquier reclamo legal que pueda presentar m\u00e1s adelante.<\/p>\n<p>Los accidentes pueden provocar conmociones y lesiones internas que no se notan de inmediato. Incluso si no siente dolor ni molestias, buscar atenci\u00f3n m\u00e9dica es vital. Un m\u00e9dico de lesiones personales puede examinar su cuerpo e identificar lesiones, sin importar cu\u00e1n menores parezcan. Adem\u00e1s, una evaluaci\u00f3n m\u00e9dica integral puede ayudar a establecer un v\u00ednculo entre sus lesiones y el accidente si busca una compensaci\u00f3n por su sufrimiento y dolor.<\/p>\n<h2>Beneficios del tratamiento m\u00e9dico despu\u00e9s de una lesi\u00f3n personal<\/h2>\n<p>Existen numerosas ventajas de consultar a un m\u00e9dico especialista en lesiones personales despu\u00e9s de un accidente. Los beneficios clave incluyen:<\/p>\n<h3>Tratamiento adecuado de las lesiones<\/h3>\n<p>Incluso las lesiones menores pueden causar dolor o provocar discapacidad. Identificar y tratar sus lesiones es crucial despu\u00e9s de una lesi\u00f3n personal. Sin formaci\u00f3n m\u00e9dica, y debido a la adrenalina y el shock que provocan los accidentes, es posible que no puedas evaluar adecuadamente tu estado.<\/p>\n<p>Cuando busque tratamiento, los proveedores de atenci\u00f3n m\u00e9dica lo evaluar\u00e1n cuidadosamente e identificar\u00e1n lesiones aparentes u ocultas. El tratamiento oportuno de estas lesiones ayuda a garantizar su bienestar general.<\/p>\n<h3>Prevenir m\u00e1s lesiones<\/h3>\n<p>Los accidentes pueden provocar diversas lesiones musculoesquel\u00e9ticas en brazos, piernas y espalda. Algunas lesiones, como el latigazo cervical, pueden empeorar sin un tratamiento oportuno. No asistir a las citas de seguimiento o no seguir las recomendaciones de tratamiento puede afectar negativamente su recuperaci\u00f3n.<\/p>\n<h3>Documentaci\u00f3n de sus lesiones<\/h3>\n<p>Si decide reclamar una indemnizaci\u00f3n presentando un reclamo legal contra la parte responsable, los registros m\u00e9dicos de su evaluaci\u00f3n y tratamiento pueden servir como prueba. Mantener un registro detallado de todas las recetas, tratamientos y visitas m\u00e9dicas fortalece su caso.<\/p>\n<p>Adem\u00e1s, si no busca atenci\u00f3n m\u00e9dica ni realiza un seguimiento del tratamiento, se puede argumentar que no sufri\u00f3 ninguna lesi\u00f3n en el accidente, lo que debilita significativamente su caso.<\/p>\n<p><img decoding=\"async\" class=\"alignnone wp-image-4422 size-full\" src=\"https:\/\/www.gaspineortho.com\/wp-content\/uploads\/2024\/05\/car-accident-doctor.jpeg\" alt=\"Patient receiving ergonomic advice from a Personal Injury Doctor in Stockbridge to prevent future injuries.\" width=\"500\" height=\"334\" srcset=\"https:\/\/www.gaspineortho.com\/wp-content\/uploads\/2024\/05\/car-accident-doctor.jpeg 500w, https:\/\/www.gaspineortho.com\/wp-content\/uploads\/2024\/05\/car-accident-doctor-300x200.jpeg 300w\" sizes=\"(max-width: 500px) 100vw, 500px\" \/><\/p>\n<h2>Las lesiones comunes derivadas de accidentes con lesiones personales incluyen:<\/h2>\n<ul>\n<li><strong>Lesiones de tejidos blandos<\/strong>: las lesiones m\u00e1s comunes sufridas en accidentes implican da\u00f1os a tendones, ligamentos y m\u00fasculos. El <a href=\"https:\/\/www.gaspineortho.com\/es\/lesion-por-latigazo-cervical\/\" target=\"_blank\" rel=\"noopener\">Whiplash<\/a> es un ejemplo de lesi\u00f3n de tejidos blandos causando dolor severo en la parte baja y media de la espalda.<\/li>\n<li><strong>Lesiones en el pecho<\/strong>: la fuerza del cintur\u00f3n de seguridad o el impacto con el tablero o el volante pueden causar lesiones en el pecho, como hematomas y contusiones. Los casos graves pueden implicar lesiones internas y costillas rotas.<\/li>\n<li><strong>Lesiones de cuello y espalda<\/strong>: el latigazo cervical, caracterizado por una tensi\u00f3n menor o un da\u00f1o m\u00e1s grave, es com\u00fan en los accidentes automovil\u00edsticos. Las v\u00edctimas de accidentes automovil\u00edsticos tambi\u00e9n pueden sufrir hernias discales a lo largo del <a href=\"https:\/\/www.gaspineortho.com\/es\/lesion-de-espalda\/\" target=\"_blank\" rel=\"noopener\">cuello y espalda<\/ a>.<\/li>\n<li><strong>Lesiones en las rodillas:<\/strong> los ocupantes de los asientos delanteros pueden sufrir lesiones en las rodillas, como un menisco desgarrado, una r\u00f3tula rota o un cart\u00edlago da\u00f1ado, cuando son empujados contra el tablero.<\/li>\n<li><strong>Lesiones en el hombro<\/strong>: estas lesiones incluyen rotura de ligamentos, distensi\u00f3n en el hombro y hematomas profundos, como resultado de la torsi\u00f3n del cuerpo debido a la fuerza del cintur\u00f3n de seguridad. El aumento de la gravedad con el tiempo puede provocar dolor cr\u00f3nico.<\/li>\n<li><strong>Lesiones en la cabeza:<\/strong> Los cambios de direcci\u00f3n o las paradas repentinas pueden provocar movimientos antinaturales de la cabeza, lo que provoca distensiones musculares en la espalda y el cuello. Las v\u00edctimas tambi\u00e9n pueden sufrir lesiones cerebrales o conmociones cerebrales si se golpean la cabeza. Las lesiones en la cabeza pueden variar de leves a graves.<\/li>\n<li><strong>Lesiones en piernas y brazos:<\/strong> Las v\u00edctimas de accidentes pueden sufrir fracturas de huesos, esguinces y hematomas en las extremidades cuando son empujadas contra el interior del veh\u00edculo.<\/li>\n<\/ul>\n<h2>Por qu\u00e9 es crucial conectarse con un abogado calificado en lesiones personales<\/h2>\n<p>Las lesiones personales pueden cambiar la vida. M\u00e1s all\u00e1 del dolor f\u00edsico, las v\u00edctimas pueden enfrentar la p\u00e9rdida de trabajo, salarios y costos m\u00e9dicos crecientes. Si ha sufrido una lesi\u00f3n debido a la negligencia de otra parte, un accidente automovil\u00edstico o un incidente relacionado con el trabajo, es vital tener a alguien que luche por sus derechos.<\/p>\n<p>Un abogado calificado puede ayudarlo a superar los desaf\u00edos legales de un reclamo por lesiones personales. Con su amplia experiencia en casos de lesiones personales, estos profesionales pueden evaluar su situaci\u00f3n y recomendar el mejor curso de acci\u00f3n. Abogados experimentados pueden representarlo ante el tribunal y negociar el acuerdo m\u00e1s alto posible. Tambi\u00e9n pueden aliviar la carga y el estr\u00e9s, permiti\u00e9ndole concentrarse en la recuperaci\u00f3n.<\/p>\n<p>En Georgia Spine &amp; Ortopedia, reconocemos la importancia de trabajar con un abogado capacitado en lesiones personales. Tenemos la mejor red de referencias en Georgia. Para fortalecer su caso, proporcionamos toda la documentaci\u00f3n m\u00e9dica necesaria sobre sus lesiones.<\/p>\n<h2>Hable hoy con un m\u00e9dico con experiencia en lesiones personales<\/h2>\n<p><img decoding=\"async\" class=\"alignnone wp-image-3286 size-full\" src=\"https:\/\/www.gaspineortho.com\/wp-content\/uploads\/2020\/12\/ga-spine-ortho-docs-e1715801958933.webp\" alt=\"The Team of personal injury doctors at Georgia Spine &amp; Orthopaedics\" width=\"500\" height=\"273\" \/><\/p>\n<p>Las lesiones personales causan dolor y sufrimiento significativos. Si ha resultado lesionado debido a la negligencia o el descuido de otra persona, es fundamental buscar atenci\u00f3n m\u00e9dica de un especialista calificado. Un m\u00e9dico de lesiones personales puede identificar sus lesiones y prescribir tratamientos efectivos. Si decide presentar un reclamo legal, estos m\u00e9dicos pueden respaldar su caso con documentaci\u00f3n m\u00e9dica relevante y testimonio de expertos. P\u00f3ngase en contacto con Georgia Spine &amp; Ortopedia si ha estado en un accidente laboral o automovil\u00edstico o ha sufrido lesiones causadas por otra parte. Llame al [tel\u00e9fono] hoy para hablar con un m\u00e9dico con experiencia en lesiones personales de Stockbridge o para programar una consulta.<\/p>\n","protected":false},"excerpt":{"rendered":"<p>M\u00e9dico de lesiones personales Stockbridge, GA Cada a\u00f1o, miles de personas sufren diversos tipos de accidentes que provocan numerosas lesiones personales. Adem\u00e1s de la tensi\u00f3n mental y emocional, las v\u00edctimas sufren dolor f\u00edsico debido a estas lesiones. Nuestro m\u00e9dico de lesiones personales de Stockbridge se especializa en el tratamiento de lesiones musculoesquel\u00e9ticas que afectan las [&hellip;]<\/p>\n","protected":false},"author":44,"featured_media":0,"parent":7603,"menu_order":0,"comment_status":"closed","ping_status":"closed","template":"","meta":{"_acf_changed":false,"footnotes":""},"categories":[],"tags":[],"class_list":["post-8003","page","type-page","status-publish","hentry"],"acf":[],"_links":{"self":[{"href":"https:\/\/www.gaspineortho.com\/es\/wp-json\/wp\/v2\/pages\/8003","targetHints":{"allow":["GET"]}}],"collection":[{"href":"https:\/\/www.gaspineortho.com\/es\/wp-json\/wp\/v2\/pages"}],"about":[{"href":"https:\/\/www.gaspineortho.com\/es\/wp-json\/wp\/v2\/types\/page"}],"author":[{"embeddable":true,"href":"https:\/\/www.gaspineortho.com\/es\/wp-json\/wp\/v2\/users\/44"}],"replies":[{"embeddable":true,"href":"https:\/\/www.gaspineortho.com\/es\/wp-json\/wp\/v2\/comments?post=8003"}],"version-history":[{"count":3,"href":"https:\/\/www.gaspineortho.com\/es\/wp-json\/wp\/v2\/pages\/8003\/revisions"}],"predecessor-version":[{"id":8006,"href":"https:\/\/www.gaspineortho.com\/es\/wp-json\/wp\/v2\/pages\/8003\/revisions\/8006"}],"up":[{"embeddable":true,"href":"https:\/\/www.gaspineortho.com\/es\/wp-json\/wp\/v2\/pages\/7603"}],"wp:attachment":[{"href":"https:\/\/www.gaspineortho.com\/es\/wp-json\/wp\/v2\/media?parent=8003"}],"wp:term":[{"taxonomy":"category","embeddable":true,"href":"https:\/\/www.gaspineortho.com\/es\/wp-json\/wp\/v2\/categories?post=8003"},{"taxonomy":"post_tag","embeddable":true,"href":"https:\/\/www.gaspineortho.com\/es\/wp-json\/wp\/v2\/tags?post=8003"}],"curies":[{"name":"wp","href":"https:\/\/api.w.org\/{rel}","templated":true}]}}