{"id":7998,"date":"2024-05-16T11:33:49","date_gmt":"2024-05-16T16:33:49","guid":{"rendered":"https:\/\/www.gaspineortho.com\/stockbridge\/neurology\/"},"modified":"2024-06-04T13:00:54","modified_gmt":"2024-06-04T18:00:54","slug":"neurologia","status":"publish","type":"page","link":"https:\/\/www.gaspineortho.com\/es\/stockbridge\/neurologia\/","title":{"rendered":"Neurolog\u00eda de Stockbridge"},"content":{"rendered":"<h2>Especialistas en neurolog\u00eda Stockbridge, GA<\/h2>\n<p><img fetchpriority=\"high\" decoding=\"async\" class=\"alignnone wp-image-4406 size-full\" src=\"https:\/\/www.gaspineortho.com\/wp-content\/uploads\/2024\/05\/services-neurology-copy.webp\" alt=\"Doctor in Stockbridge reviewing MRI results for a neurology patient.\" width=\"600\" height=\"400\" srcset=\"https:\/\/www.gaspineortho.com\/wp-content\/uploads\/2024\/05\/services-neurology-copy.webp 600w, https:\/\/www.gaspineortho.com\/wp-content\/uploads\/2024\/05\/services-neurology-copy-300x200.webp 300w\" sizes=\"(max-width: 600px) 100vw, 600px\" \/><\/p>\n<p>\u00bfSufres de migra\u00f1as, mareos inexplicables o entumecimiento persistente? \u00bfEst\u00e1 experimentando los efectos persistentes de un accidente automovil\u00edstico o una lesi\u00f3n deportiva? En Georgia Spine &amp; Ortopedia, nuestro equipo de neurolog\u00eda de Stockbridge est\u00e1 aqu\u00ed para brindar evaluaci\u00f3n y tratamiento integrales para una amplia gama de afecciones neurol\u00f3gicas.<\/p>\n<p>Entendemos cu\u00e1n perjudiciales pueden ser estos problemas para su vida diaria. Es por eso que ofrecemos herramientas de diagn\u00f3stico avanzadas, planes de tratamiento personalizados y atenci\u00f3n compasiva para que vuelva a sentirse mejor. Nuestros especialistas trabajan en colaboraci\u00f3n con otras disciplinas dentro de nuestra pr\u00e1ctica para garantizar que reciba la atenci\u00f3n m\u00e1s integral posible.<\/p>\n<p>No dejes que las preocupaciones neurol\u00f3gicas te detengan. Da el primer paso para recuperar el control de tu salud y bienestar. Llame al [tel\u00e9fono] hoy para programar una consulta con nuestro experimentado equipo de neurolog\u00eda en Stockbridge.<\/p>\n<h2>\u00bfQu\u00e9 es un Neur\u00f3logo?<\/h2>\n<p>Un <a href=\"https:\/\/www.aan.com\/tools-resources\/what-is-a-neurologist#:~:text=A%20neurologist%20is%20a%20medical,%2C%20Parkinson&#039;s%20disease% 2C%20y%20strozo.\" target=\"_blank\" rel=\"noopener\">neur\u00f3logo<\/a> es un profesional m\u00e9dico especializado enfocado en diagnosticar y tratar afecciones relacionadas con el cerebro, la m\u00e9dula espinal y los nervios. Cuando surgen problemas como entumecimiento persistente, mareos inexplicables o migra\u00f1as intensas, es posible que un m\u00e9dico de cabecera no sea suficiente. En cambio, la experiencia \u00fanica de los neur\u00f3logos de Georgia Spine &amp; La ortopedia (GSO) garantiza un tratamiento preciso y eficaz.<\/p>\n<p>Nuestro equipo, incluido el competente Dr. Laviel Fern\u00e1ndez, se somete a un aprendizaje continuo para mantenerse al tanto de los \u00faltimos avances en neurolog\u00eda. Esta apuesta por la innovaci\u00f3n nos permite ofrecer una atenci\u00f3n de vanguardia adaptada a las necesidades de cada paciente. En GSO creemos en la atenci\u00f3n compasiva y centrada en el paciente. Los planes de tratamiento personalizados han tenido un impacto positivo en muchos, ayud\u00e1ndolos a recuperar el control de sus vidas. Nuestro personal multiling\u00fce, que habla ingl\u00e9s y espa\u00f1ol con fluidez, garantiza que diversas poblaciones de pacientes reciban la mejor atenci\u00f3n posible.<\/p>\n<h3>Especializaci\u00f3n<\/h3>\n<p>Cuando se trata de problemas cerebrales, nerviosos o de m\u00e9dula espinal, un neur\u00f3logo especializado es fundamental. A diferencia de los m\u00e9dicos generales, los neur\u00f3logos de Georgia Spine &amp; Los ortopedistas tienen la experiencia para diagnosticar y tratar afecciones neurol\u00f3gicas complejas. Ya sea que est\u00e9 lidiando con migra\u00f1as cr\u00f3nicas, mareos inexplicables o las secuelas de un <a href=\"https:\/\/www.gaspineortho.com\/es\/stockbridge\/tratamiento-de-accidente-automovilistico\/\" target=\"_blank\" rel=\"noopener\">colisi\u00f3n de veh\u00edculos motorizados<\/a>, nuestro equipo brinda atenci\u00f3n avanzada y espec\u00edfica que los m\u00e9dicos generales simplemente no pueden ofrecer.<\/p>\n<p>Las complejidades del sistema nervioso exigen un enfoque centrado que s\u00f3lo los especialistas pueden ofrecer. Con nuestra metodolog\u00eda hol\u00edstica, nos aseguramos de que reciba una atenci\u00f3n integral para recuperar su calidad de vida.<\/p>\n<h3>Experiencia<\/h3>\n<p>En Georgia Spine &amp; Ortopedia, nuestros neur\u00f3logos aportan experiencia y capacitaci\u00f3n incomparables para abordar sus necesidades neurol\u00f3gicas. Nuestro equipo es competente en el diagn\u00f3stico y tratamiento de afecciones complejas que involucran el cerebro, la columna y los nervios, lo que garantiza que reciba el m\u00e1s alto nivel de atenci\u00f3n. Se mantienen a la vanguardia de los avances m\u00e9dicos a trav\u00e9s del aprendizaje continuo y la capacitaci\u00f3n especializada, asegurando que emplean las \u00faltimas t\u00e9cnicas y tecnolog\u00edas en su pr\u00e1ctica.<\/p>\n<p>Este compromiso con la excelencia nos permite brindar tratamientos neurol\u00f3gicos de \u00faltima generaci\u00f3n que restauran la funcionalidad y mejoran su calidad de vida. Conf\u00ede en nuestras habilidades para gestionar su salud neurol\u00f3gica de forma eficaz.<\/p>\n<h3>Atenci\u00f3n centrada en el paciente<\/h3>\n<p>En Georgia Spine &amp; Ortopedia, nuestro equipo de neurolog\u00eda de Stockbridge prioriza la atenci\u00f3n compasiva y centrada en el paciente. Sabemos que cada paciente es \u00fanico y nos tomamos el tiempo para comprender sus necesidades e inquietudes espec\u00edficas. Este enfoque hol\u00edstico nos permite crear planes de tratamiento personalizados que no solo abordan sus s\u00edntomas sino que tambi\u00e9n apuntan a mejorar su calidad de vida en general.<\/p>\n<p>Nuestro dedicado equipo de neur\u00f3logos se asegura de que reciba tratamientos neurol\u00f3gicos y ortop\u00e9dicos avanzados adaptados a su afecci\u00f3n. Los pacientes que sufren dolor cr\u00f3nico o problemas de movilidad a menudo se benefician de nuestras <a href=\"https:\/\/www.gaspineortho.com\/es\/stockbridge\/inyecciones-medicas\/\" target=\"_blank\" rel=\"noopener\">inyecciones m\u00e9dicas. <\/a> y <a href=\"https:\/\/www.gaspineortho.com\/es\/stockbridge\/el-manejo-del-dolor\/\" target=\"_blank\" rel=\"noopener\">t\u00e9cnicas para aliviar el dolor<\/a>. Nuestro personal multiling\u00fce, competente tanto en ingl\u00e9s como en espa\u00f1ol, garantiza a\u00fan m\u00e1s una atenci\u00f3n integral y accesible para nuestra diversa base de pacientes.<\/p>\n<p>\u00abLa habilidad para sanar, el coraz\u00f3n para cuidar\u00bb no es s\u00f3lo un lema: es nuestro compromiso con usted. Experimente la diferencia de una atenci\u00f3n personalizada y emp\u00e1tica en Georgia Spine &amp; Ortoped\u00eda.<\/p>\n<h2>Razones para consultar a un especialista en neurolog\u00eda de Stockbridge<\/h2>\n<p><img decoding=\"async\" class=\"alignnone wp-image-4189 size-full\" src=\"https:\/\/www.gaspineortho.com\/wp-content\/uploads\/2020\/12\/hp-neurology-copy.webp\" alt=\"Doctor in Stockbridge using advanced diagnostic tools for neurological assessment.\" width=\"500\" height=\"334\" srcset=\"https:\/\/www.gaspineortho.com\/wp-content\/uploads\/2020\/12\/hp-neurology-copy.webp 500w, https:\/\/www.gaspineortho.com\/wp-content\/uploads\/2020\/12\/hp-neurology-copy-300x200.webp 300w\" sizes=\"(max-width: 500px) 100vw, 500px\" \/><\/p>\n<h3>Centro de control<\/h3>\n<p>Su cerebro, columna y nervios son los centros de control de su cuerpo y orquestan cada movimiento, sensaci\u00f3n y pensamiento. En Georgia Spine &amp; Ortopedia en Stockbridge, nuestro equipo de neurolog\u00eda comprende la importancia cr\u00edtica de mantener la salud de estos centros de control. Ya sea que tenga dolores de cabeza, entumecimiento inexplicable o complicaciones por una colisi\u00f3n automovil\u00edstica, nuestros especialistas est\u00e1n equipados con la experiencia y las herramientas de diagn\u00f3stico avanzadas necesarias para abordar sus inquietudes.<\/p>\n<p>Adoptamos un enfoque hol\u00edstico de la neurolog\u00eda, integrando el manejo del dolor y la atenci\u00f3n ortop\u00e9dica para brindar planes de tratamiento integrales. Nuestro objetivo es restaurar su funcionalidad y mejorar su calidad de vida. Con nuestro personal multiling\u00fce garantizamos una atenci\u00f3n accesible y compasiva para nuestra diversa base de pacientes. Tome el control de la salud de su cerebro, columna y nervios hoy programando una consulta con nuestro equipo dedicado.<\/p>\n<h3>Reconocimiento de s\u00edntomas<\/h3>\n<p>Reconocer los primeros signos de malestar neurol\u00f3gico es crucial para un tratamiento eficaz. Los s\u00edntomas comunes, como dolores de cabeza persistentes, mareos inexplicables o entumecimiento, a menudo pueden indicar problemas m\u00e1s profundos que requieren atenci\u00f3n inmediata. En Georgia Spine &amp; En Ortopedia en Stockbridge, nuestros especialistas en neurolog\u00eda enfatizan la importancia de no descartar estos signos.<\/p>\n<p>La intervenci\u00f3n temprana puede evitar que problemas neurol\u00f3gicos menores se conviertan en afecciones m\u00e1s graves. Si experimenta estos s\u00edntomas, consulte con nuestro equipo experimentado para asegurarse de que la salud de su cerebro, columna y nervios est\u00e9 en \u00f3ptimas condiciones. No espere: su bienestar depende de una atenci\u00f3n proactiva.<\/p>\n<h3>Cuidado proactivo<\/h3>\n<p>Adoptar un enfoque proactivo para su salud neurol\u00f3gica es crucial. Consulta temprana con nuestros especialistas en neurolog\u00eda de Stockbridge en Georgia Spine &amp; La ortopedia puede evitar que problemas menores se conviertan en problemas mayores. Al abordar r\u00e1pidamente s\u00edntomas como dolores de cabeza persistentes, mareos inexplicables o entumecimiento, podemos implementar medidas preventivas adaptadas a sus necesidades.<\/p>\n<p>Nuestro equipo emplea herramientas de diagn\u00f3stico avanzadas para detectar problemas potenciales de manera temprana, garantizando planes de tratamiento efectivos. No espere a que los s\u00edntomas empeoren: comun\u00edquese hoy y tome el control de su salud con nuestra atenci\u00f3n experta y compasiva.<\/p>\n<h2>S\u00edntomas comunes<\/h2>\n<p>Reconocer temprano los signos de problemas neurol\u00f3gicos puede marcar una diferencia significativa en los resultados del tratamiento. En Georgia Spine &amp; Ortopedia en Stockbridge, le recomendamos que busque una consulta si experimenta alguno de los siguientes s\u00edntomas:<\/p>\n<ul>\n<li><strong>Dolores de cabeza persistentes<\/strong>: migra\u00f1as cr\u00f3nicas que interrumpen tus actividades diarias.<\/li>\n<li><strong>Entumecimiento u hormigueo<\/strong>: sensaciones inexplicables en las manos, los pies u otras partes del cuerpo.<\/li>\n<li><strong>Problemas de memoria<\/strong>: dificultad para recordar informaci\u00f3n u olvidos frecuentes.<\/li>\n<li><strong>Mareos o v\u00e9rtigo<\/strong>: sensaci\u00f3n de inestabilidad o sensaci\u00f3n de dar vueltas.<\/li>\n<li><strong>Debilidad muscular o temblores:<\/strong> Fatiga inusual o temblores involuntarios.<\/li>\n<\/ul>\n<p>Estos s\u00edntomas pueden indicar afecciones neurol\u00f3gicas subyacentes que requieren atenci\u00f3n profesional. Nuestro equipo de neurolog\u00eda especializado emplea herramientas de diagn\u00f3stico avanzadas y planes de tratamiento personalizados para abordar estas inquietudes de manera efectiva. No ignore estas se\u00f1ales de advertencia: comun\u00edquese con Georgia Spine &amp; La ortopedia para garantizar tu salud neurol\u00f3gica est\u00e1 en manos expertas.<\/p>\n<h2>Planes de tratamiento de neurolog\u00eda personalizados<\/h2>\n<p>En Georgia Spine &amp; En ortopedia, creemos que no hay dos pacientes iguales, especialmente cuando se trata de afecciones neurol\u00f3gicas. Nuestro equipo de neurolog\u00eda de Stockbridge se compromete a crear planes de tratamiento personalizados adaptados a sus necesidades espec\u00edficas. Al aprovechar herramientas de diagn\u00f3stico avanzadas y t\u00e9cnicas de alivio del dolor de \u00faltima generaci\u00f3n, como inyecciones dirigidas, garantizamos que cada paciente reciba la atenci\u00f3n m\u00e1s eficaz posible.<\/p>\n<p>Nuestro enfoque es hol\u00edstico e integra la ortopedia y la neurolog\u00eda para abordar afecciones complejas derivadas de colisiones automovil\u00edsticas o lesiones relacionadas con el trabajo. Hacemos hincapi\u00e9 en la atenci\u00f3n compasiva y centrada en el paciente y trabajamos estrechamente con usted para optimizar su recuperaci\u00f3n y calidad de vida. Conf\u00ede en nuestro equipo para brindarle la habilidad de sanar y el coraz\u00f3n para cuidar.<br \/>\nPara una consulta personalizada, llame al [tel\u00e9fono] hoy y d\u00e9 el primer paso para recuperar el control de su salud.<\/p>\n<h3>Enfoque colaborativo<\/h3>\n<p>En Georgia Spine &amp; Ortopedia, nuestro enfoque colaborativo garantiza que reciba el tratamiento m\u00e1s eficaz para su afecci\u00f3n neurol\u00f3gica. Nuestro equipo de neurolog\u00eda de Stockbridge trabaja mano a mano con especialistas en ortopedia y manejo del dolor para brindar un plan de atenci\u00f3n integral. Este m\u00e9todo integrado nos permite abordar no solo los s\u00edntomas sino tambi\u00e9n las causas fundamentales de su afecci\u00f3n.<\/p>\n<p>Al combinar experiencia en neurolog\u00eda, ortopedia y manejo del dolor, optimizamos la recuperaci\u00f3n y mejoramos los resultados generales de los pacientes. Ya sea mediante inyecciones dirigidas, diagn\u00f3sticos avanzados o programas de rehabilitaci\u00f3n personalizados, nuestro objetivo es restaurar su funcionalidad y mejorar su calidad de vida.<\/p>\n<h2>Opciones de tratamiento<\/h2>\n<h3>Medicamentos<\/h3>\n<p>En Georgia Spine &amp; En ortopedia, creemos en un enfoque hol\u00edstico de los tratamientos de neurolog\u00eda. Nuestro equipo de neurolog\u00eda de Stockbridge utiliza una variedad de medicamentos adaptados a las necesidades de cada paciente. Ya sea que se trate de manejo del dolor, espasmos musculares u otros s\u00edntomas neurol\u00f3gicos, nuestros especialistas seleccionan cuidadosamente las opciones farmac\u00e9uticas m\u00e1s efectivas.<\/p>\n<p>Proporcionamos <a href=\"https:\/\/www.gaspineortho.com\/es\/stockbridge\/inyecciones-medicas\/\" target=\"_blank\" rel=\"noopener\">inyecciones dirigidas<\/a> para aliviar el dolor y gestionar reg\u00edmenes complejos para garantizar resultados \u00f3ptimos. Nuestros profesionales experimentados, incluido el reci\u00e9n incorporado cirujano de columna Dr. Laviel Fern\u00e1ndez, actualizan continuamente sus conocimientos para incorporar los \u00faltimos avances en neurolog\u00eda. Este compromiso garantiza que nuestros pacientes reciban una atenci\u00f3n de primer nivel adaptada a sus condiciones espec\u00edficas. No dejes que los problemas neurol\u00f3gicos controlen tu vida. Conf\u00ede en Georgia Spine &amp; Ortopedia para brindarle la atenci\u00f3n compasiva y experta que se merece.<\/p>\n<h3>T\u00e9cnicas avanzadas<\/h3>\n<p>Adem\u00e1s de los medicamentos, utilizamos t\u00e9cnicas de \u00faltima generaci\u00f3n, como inyecciones dirigidas y m\u00e9todos avanzados para aliviar el dolor. Estos tratamientos de vanguardia ayudan a restaurar la funcionalidad y mejorar su calidad de vida.<\/p>\n<h2>Programe su atenci\u00f3n neurol\u00f3gica experta en Stockbridge<\/h2>\n<p>Reciba el m\u00e1s alto nivel de atenci\u00f3n neurol\u00f3gica en <a href=\"https:\/\/www.gaspineortho.com\/es\/stockbridge\/clinica-medica-de-stockbridge\/\" target=\"_blank\" rel=\"noopener\">Georgia Spine &#038;amp ; Ortopedia en Stockbridge<\/a>. Nuestro equipo de especialistas est\u00e1 equipado para diagnosticar y tratar una amplia gama de afecciones neurol\u00f3gicas con precisi\u00f3n y compasi\u00f3n. Utilizando herramientas de diagn\u00f3stico avanzadas y planes de tratamiento personalizados, nos enfocamos en optimizar su salud neurol\u00f3gica y mejorar su calidad de vida. Cont\u00e1ctenos al [tel\u00e9fono] para programar su cita hoy y experimentar una atenci\u00f3n neurol\u00f3gica integral centrada en el paciente.<\/p>\n","protected":false},"excerpt":{"rendered":"<p>Especialistas en neurolog\u00eda Stockbridge, GA \u00bfSufres de migra\u00f1as, mareos inexplicables o entumecimiento persistente? \u00bfEst\u00e1 experimentando los efectos persistentes de un accidente automovil\u00edstico o una lesi\u00f3n deportiva? En Georgia Spine &amp; Ortopedia, nuestro equipo de neurolog\u00eda de Stockbridge est\u00e1 aqu\u00ed para brindar evaluaci\u00f3n y tratamiento integrales para una amplia gama de afecciones neurol\u00f3gicas. Entendemos cu\u00e1n perjudiciales [&hellip;]<\/p>\n","protected":false},"author":44,"featured_media":0,"parent":7603,"menu_order":0,"comment_status":"closed","ping_status":"closed","template":"","meta":{"_acf_changed":false,"footnotes":""},"categories":[],"tags":[],"class_list":["post-7998","page","type-page","status-publish","hentry"],"acf":[],"_links":{"self":[{"href":"https:\/\/www.gaspineortho.com\/es\/wp-json\/wp\/v2\/pages\/7998","targetHints":{"allow":["GET"]}}],"collection":[{"href":"https:\/\/www.gaspineortho.com\/es\/wp-json\/wp\/v2\/pages"}],"about":[{"href":"https:\/\/www.gaspineortho.com\/es\/wp-json\/wp\/v2\/types\/page"}],"author":[{"embeddable":true,"href":"https:\/\/www.gaspineortho.com\/es\/wp-json\/wp\/v2\/users\/44"}],"replies":[{"embeddable":true,"href":"https:\/\/www.gaspineortho.com\/es\/wp-json\/wp\/v2\/comments?post=7998"}],"version-history":[{"count":4,"href":"https:\/\/www.gaspineortho.com\/es\/wp-json\/wp\/v2\/pages\/7998\/revisions"}],"predecessor-version":[{"id":8128,"href":"https:\/\/www.gaspineortho.com\/es\/wp-json\/wp\/v2\/pages\/7998\/revisions\/8128"}],"up":[{"embeddable":true,"href":"https:\/\/www.gaspineortho.com\/es\/wp-json\/wp\/v2\/pages\/7603"}],"wp:attachment":[{"href":"https:\/\/www.gaspineortho.com\/es\/wp-json\/wp\/v2\/media?parent=7998"}],"wp:term":[{"taxonomy":"category","embeddable":true,"href":"https:\/\/www.gaspineortho.com\/es\/wp-json\/wp\/v2\/categories?post=7998"},{"taxonomy":"post_tag","embeddable":true,"href":"https:\/\/www.gaspineortho.com\/es\/wp-json\/wp\/v2\/tags?post=7998"}],"curies":[{"name":"wp","href":"https:\/\/api.w.org\/{rel}","templated":true}]}}