{"id":7995,"date":"2024-05-16T11:12:21","date_gmt":"2024-05-16T16:12:21","guid":{"rendered":"https:\/\/www.gaspineortho.com\/stockbridge\/motorcycle-accident-injury-treatment\/"},"modified":"2024-06-03T16:15:57","modified_gmt":"2024-06-03T21:15:57","slug":"tratamiento-de-lesiones-por-accidentes-de-motocicleta-en-stockbridge","status":"publish","type":"page","link":"https:\/\/www.gaspineortho.com\/es\/stockbridge\/tratamiento-de-lesiones-por-accidentes-de-motocicleta-en-stockbridge\/","title":{"rendered":"Tratamiento de lesiones por accidentes de motocicleta en Stockbridge"},"content":{"rendered":"<p><span style=\"font-weight: 400;\">Los motociclistas enfrentan riesgos importantes y, a menudo, lesiones graves en accidentes. Sin la protecci\u00f3n que brindan los autom\u00f3viles, los motociclistas son vulnerables a sufrir lesiones que les cambian la vida.<\/span><\/p>\n<p><span style=\"font-weight: 400;\">Si tiene lesiones por accidentes de motocicleta en Stockbridge, comun\u00edquese con Georgia Spine &amp; Ortoped\u00eda. Somos un centro de tratamiento de primer nivel especializado en estas lesiones. Evaluaremos su condici\u00f3n y le sugeriremos tratamientos apropiados para ayudarlo en su recuperaci\u00f3n.<\/span><\/p>\n<p><span style=\"font-weight: 400;\">Para obtener m\u00e1s informaci\u00f3n sobre nuestro tratamiento y terapias para lesiones por accidentes de motocicleta o para programar una cita, ll\u00e1menos ahora al [tel\u00e9fono].<\/span><\/p>\n<h2>Lesiones comunes por accidentes de motocicleta<\/h2>\n<p><span style=\"font-weight: 400;\">Los accidentes de motocicleta, incluidos los de Stockbridge, suelen provocar diversas lesiones graves. Los cascos y el equipo de protecci\u00f3n ayudan, pero no pueden prevenir todas las lesiones. \u00c9stos son algunos de los m\u00e1s comunes:<\/span><\/p>\n<ul>\n<li estilo=\"font-weight: 400;\" aria-level=\"1\"><b>Erupci\u00f3n en la carretera<\/b><span style=\"font-weight: 400;\">: ocurre cuando la piel raspa el pavimento. La lesi\u00f3n puede ser grave y parecerse a quemaduras. En casos graves, pueden ser necesarios injertos de piel para reparar el da\u00f1o. El tratamiento r\u00e1pido es fundamental para evitar infecciones por desechos.<\/span><\/li>\n<li estilo=\"font-weight: 400;\" aria-level=\"1\"><b>Fracturas<\/b><span style=\"font-weight: 400;\">: los huesos pueden romperse f\u00e1cilmente durante un accidente. Las piernas, los brazos y las mu\u00f1ecas son los m\u00e1s com\u00fanmente afectados, particularmente cuando la bicicleta cae sobre el ciclista o cuando se usan las extremidades para frenar una ca\u00edda.<\/span><\/li>\n<li estilo=\"font-weight: 400;\" aria-level=\"1\"><b>Lesiones internas<\/b><span style=\"font-weight: 400;\">: los accidentes pueden causar hemorragias internas y da\u00f1os a los \u00f3rganos debido a un traumatismo contundente.<\/span> <\/li>\n<li estilo=\"font-weight: 400;\" aria-level=\"1\"><b>Lesiones en la cabeza<\/b><span style=\"font-weight: 400;\">: Las lesiones en la cabeza, la cara y el cuello pueden ser graves y provocar da\u00f1os cerebrales, craneales y fracturas o par\u00e1lisis. Las lesiones faciales pueden requerir cirug\u00eda reconstructiva.<\/span><\/li>\n<li estilo=\"font-weight: 400;\" aria-level=\"1\"><b>Lesi\u00f3n cerebral traum\u00e1tica (TBI)<\/b><span style=\"font-weight: 400;\">: Un golpe en la cabeza puede provocar una TBI, que puede afectar el cuerpo. funciones y calidad de vida.<\/span><\/li>\n<li estilo=\"font-weight: 400;\" aria-level=\"1\"><a href=\"https:\/\/www.webmd.com\/brain\/spinal-cord-what-to-know\" target=\"_blank\" rel=\"noopener\"><b>Espinal Lesiones de la m\u00e9dula espinal<\/b><\/a><span style=\"font-weight: 400;\">: el da\u00f1o a la m\u00e9dula espinal puede causar p\u00e9rdida de funci\u00f3n y sensaci\u00f3n debajo de la lesi\u00f3n, lo que lleva a problemas de salud cr\u00f3nicos.<\/span> <\/li>\n<\/ul>\n<p>&nbsp;<\/p>\n<p><img fetchpriority=\"high\" decoding=\"async\" class=\"size-full wp-image-5539 alignnone\" src=\"https:\/\/www.gaspineortho.com\/wp-content\/uploads\/2024\/05\/stockbridge-motorcycle-accident.jpg\" alt=\"stockbridge motorcycle accident injury treatment\" width=\"500\" height=\"334\" srcset=\"https:\/\/www.gaspineortho.com\/wp-content\/uploads\/2024\/05\/stockbridge-motorcycle-accident.jpg 500w, https:\/\/www.gaspineortho.com\/wp-content\/uploads\/2024\/05\/stockbridge-motorcycle-accident-300x200.jpg 300w\" sizes=\"(max-width: 500px) 100vw, 500px\" \/><\/p>\n<h2>Pasos a seguir despu\u00e9s de un accidente de motocicleta en Stockbridge<\/h2>\n<p><span style=\"font-weight: 400;\">Si se ve involucrado en un accidente de motocicleta en <a href=\"https:\/\/stockbridgega.org\/\" target=\"_blank\" rel=\"noopener\">Stockbridge< \/a>, sigue estos pasos:<\/span><\/p>\n<ol>\n<li estilo=\"font-weight: 400;\" aria-level=\"1\"><b>Llame al 911<\/b><span style=\"font-weight: 400;\">: informe el accidente y solicite ayuda m\u00e9dica. La polic\u00eda documentar\u00e1 el incidente.<\/span><\/li>\n<li estilo=\"font-weight: 400;\" aria-level=\"1\"><b>Busque atenci\u00f3n m\u00e9dica<\/b><span style=\"font-weight: 400;\">: incluso si se siente bien, h\u00e1gase un chequeo para detectar lesiones internas. El diagn\u00f3stico temprano es crucial.<\/span><\/li>\n<li estilo=\"font-weight: 400;\" aria-level=\"1\"><b>Re\u00fana pruebas<\/b><span style=\"font-weight: 400;\">: fotograf\u00ede la escena del accidente, los veh\u00edculos, las lesiones y las condiciones de la carretera. Intercambie datos de contacto y de seguro con otras personas involucradas y recopile declaraciones de testigos.<\/span><\/li>\n<li estilo=\"font-weight: 400;\" aria-level=\"1\"><b>Comun\u00edquese con su compa\u00f1\u00eda de seguros<\/b><span style=\"font-weight: 400;\">: inf\u00f3rmeles sobre el accidente con detalles precisos.<\/span><\/li>\n<li estilo=\"font-weight: 400;\" aria-level=\"1\"><b>Consulte a un abogado<\/b><span style=\"font-weight: 400;\">: un abogado con experiencia en accidentes de motocicleta puede ayudarlo con las complejidades de los reclamos y la b\u00fasqueda de una compensaci\u00f3n.<\/ span><\/li>\n<\/ol>\n<h2>Consejos de seguridad para prevenir accidentes de motocicleta<\/h2>\n<ul>\n<li estilo=\"font-weight: 400;\" aria-level=\"1\"><b>Use casco<\/b><span style=\"font-weight: 400;\">: proteja su cabeza para minimizar el riesgo de sufrir lesiones graves en la cabeza.<\/span><\/ li>\n<li estilo=\"font-weight: 400;\" aria-level=\"1\"><b>Use el equipo adecuado<\/b><span style=\"font-weight: 400;\">: use ropa, zapatos, guantes y gafas adecuados para protegerse.<\/span>< \/li>\n<li estilo=\"font-weight: 400;\" aria-level=\"1\"><b>Est\u00e9 alerta<\/b><span style=\"font-weight: 400;\">: mant\u00e9ngase alerta y consciente de su entorno para anticipar peligros.<\/span><\/li>\n<li estilo=\"font-weight: 400;\" aria-level=\"1\"><b>Evite la conducci\u00f3n en estado de ebriedad<\/b><span style=\"font-weight: 400;\">: nunca conduzca bajo la influencia del alcohol o las drogas.<\/span><\/li>\n<li estilo=\"font-weight: 400;\" aria-level=\"1\"><b>Tenga cuidado con el mal tiempo<\/b><span style=\"font-weight: 400;\">: evite conducir en condiciones que hagan que las carreteras est\u00e9n resbaladizas y aumenten el riesgo de accidentes.<\/span >>li>\n<\/ul>\n<p>&nbsp;<\/p>\n<p><span style=\"font-weight: 400;\">Para lesiones por accidentes de motocicleta en Stockbridge, comun\u00edquese con Georgia Spine &amp; Ortopedia para tratamiento y apoyo expertos. Ll\u00e1menos al [tel\u00e9fono] para programar una consulta.<\/span><\/p>\n<h2>C\u00f3mo Georgia Spine &amp; La ortopedia puede ayudar<\/h2>\n<p><span style=\"font-weight: 400;\">Georgia Spine &amp; La ortopedia trata una amplia gama de lesiones por accidentes de motocicleta. Nuestros profesionales m\u00e9dicos est\u00e1n dedicados a ayudarlo a recuperarse y recuperar su calidad de vida.<\/span><\/p>\n<h3>Evaluaci\u00f3n Integral<\/h3>\n<p><span style=\"font-weight: 400;\">Comenzamos con una evaluaci\u00f3n exhaustiva, que incluye pruebas de diagn\u00f3stico y evaluaciones f\u00edsicas, para comprender y diagnosticar con precisi\u00f3n sus lesiones.<\/span><\/p>\n<h3>Enfoque de tratamiento multidisciplinario<\/h3>\n<p><span style=\"font-weight: 400;\">Nuestro equipo colabora para brindar una atenci\u00f3n integral, utilizando intervenciones ortop\u00e9dicas, <a href=\"https:\/\/www.gaspineortho.com\/es\/stockbridge\/el-manejo-del- dolor\/\">manejo del dolor<\/a>, fisioterapia y servicios de rehabilitaci\u00f3n adaptados a sus necesidades espec\u00edficas.<\/span><\/p>\n<h3>Opciones de tratamiento avanzadas<\/h3>\n<p><span style=\"font-weight: 400;\">Ofrecemos una variedad de tratamientos avanzados, desde procedimientos m\u00ednimamente invasivos hasta intervenciones quir\u00fargicas, utilizando las \u00faltimas t\u00e9cnicas y tecnolog\u00edas.<\/span><\/p>\n<h3>Atenci\u00f3n centrada en el paciente<\/h3>\n<p><span style=\"font-weight: 400;\">Priorizamos la atenci\u00f3n y el apoyo individualizados durante todo su proceso de recuperaci\u00f3n.<\/span><\/p>\n<h3>Rehabilitaci\u00f3n y Recuperaci\u00f3n<\/h3>\n<p><span style=\"font-weight: 400;\">Nuestros servicios de rehabilitaci\u00f3n se centran en recuperar fuerza, movilidad y funci\u00f3n. Terapeutas expertos crean planes personalizados para restaurar su independencia.<\/span><\/p>\n<h3>Apoyo jur\u00eddico<\/h3>\n<p><span style=\"font-weight: 400;\">Podemos ayudarle con documentaci\u00f3n m\u00e9dica y testimonio de expertos si est\u00e1 presentando un reclamo legal.<\/span><\/p>\n<h2>Obtenga ayuda para accidentes de motocicleta ahora<\/h2>\n<p><span style=\"font-weight: 400;\">Afrontar las consecuencias de un accidente de motocicleta en Stockbridge puede ser un desaf\u00edo. Columna vertebral de Georgia y La ortopedia est\u00e1 aqu\u00ed para apoyarle. Nuestros profesionales m\u00e9dicos brindan atenci\u00f3n personalizada para lesiones como erupciones en la carretera, fracturas y m\u00e1s. <\/span><\/p>\n<p><span style=\"font-weight: 400;\"><a href=\"https:\/\/www.gaspineortho.com\/es\/contacto\/\">Cont\u00e1ctenos<\/a> al [tel\u00e9fono] para programar una consulta gratuita y discutir sus opciones de tratamiento. Comience su viaje hacia la recuperaci\u00f3n hoy.<\/span><\/p>\n","protected":false},"excerpt":{"rendered":"<p>Los motociclistas enfrentan riesgos importantes y, a menudo, lesiones graves en accidentes. Sin la protecci\u00f3n que brindan los autom\u00f3viles, los motociclistas son vulnerables a sufrir lesiones que les cambian la vida. Si tiene lesiones por accidentes de motocicleta en Stockbridge, comun\u00edquese con Georgia Spine &amp; Ortoped\u00eda. Somos un centro de tratamiento de primer nivel especializado [&hellip;]<\/p>\n","protected":false},"author":44,"featured_media":0,"parent":7603,"menu_order":0,"comment_status":"closed","ping_status":"closed","template":"","meta":{"_acf_changed":false,"footnotes":""},"categories":[],"tags":[],"class_list":["post-7995","page","type-page","status-publish","hentry"],"acf":[],"_links":{"self":[{"href":"https:\/\/www.gaspineortho.com\/es\/wp-json\/wp\/v2\/pages\/7995","targetHints":{"allow":["GET"]}}],"collection":[{"href":"https:\/\/www.gaspineortho.com\/es\/wp-json\/wp\/v2\/pages"}],"about":[{"href":"https:\/\/www.gaspineortho.com\/es\/wp-json\/wp\/v2\/types\/page"}],"author":[{"embeddable":true,"href":"https:\/\/www.gaspineortho.com\/es\/wp-json\/wp\/v2\/users\/44"}],"replies":[{"embeddable":true,"href":"https:\/\/www.gaspineortho.com\/es\/wp-json\/wp\/v2\/comments?post=7995"}],"version-history":[{"count":2,"href":"https:\/\/www.gaspineortho.com\/es\/wp-json\/wp\/v2\/pages\/7995\/revisions"}],"predecessor-version":[{"id":7997,"href":"https:\/\/www.gaspineortho.com\/es\/wp-json\/wp\/v2\/pages\/7995\/revisions\/7997"}],"up":[{"embeddable":true,"href":"https:\/\/www.gaspineortho.com\/es\/wp-json\/wp\/v2\/pages\/7603"}],"wp:attachment":[{"href":"https:\/\/www.gaspineortho.com\/es\/wp-json\/wp\/v2\/media?parent=7995"}],"wp:term":[{"taxonomy":"category","embeddable":true,"href":"https:\/\/www.gaspineortho.com\/es\/wp-json\/wp\/v2\/categories?post=7995"},{"taxonomy":"post_tag","embeddable":true,"href":"https:\/\/www.gaspineortho.com\/es\/wp-json\/wp\/v2\/tags?post=7995"}],"curies":[{"name":"wp","href":"https:\/\/api.w.org\/{rel}","templated":true}]}}