{"id":7985,"date":"2024-05-16T12:49:52","date_gmt":"2024-05-16T17:49:52","guid":{"rendered":"https:\/\/www.gaspineortho.com\/tucker\/truck-accident-injury-treatment\/"},"modified":"2025-07-31T10:26:45","modified_gmt":"2025-07-31T15:26:45","slug":"tratamiento-de-lesiones-por-accidente-de-camion","status":"publish","type":"page","link":"https:\/\/www.gaspineortho.com\/es\/tucker\/tratamiento-de-lesiones-por-accidente-de-camion\/","title":{"rendered":"Tratamiento de lesiones por accidentes de camiones Tucker"},"content":{"rendered":"<p>Verse involucrado en un accidente de cami\u00f3n es la peor pesadilla de todo usuario de la v\u00eda. Dado el tama\u00f1o y el peso de estos veh\u00edculos, las lesiones por accidentes de camiones tienden a ser m\u00e1s graves que las sufridas en accidentes automovil\u00edsticos normales y, a menudo, tienen consecuencias a largo plazo en las vidas de las v\u00edctimas.<\/p>\n<p>Si ha estado involucrado en un accidente de cami\u00f3n Tucker, necesita atenci\u00f3n m\u00e9dica inmediata y profesional para recuperar su salud y minimizar el impacto en su vida diaria. En Georgia Spine and Orthopaedics en Tucker, nos especializamos en el tratamiento de lesiones por accidentes de camiones resultantes de accidentes de camiones. Nuestro equipo se dedica a ayudar a las v\u00edctimas a lidiar con el dolor y el malestar, restaurar la fuerza y \u200b\u200bla funci\u00f3n en las \u00e1reas afectadas, mejorar su calidad de vida general y lograr una recuperaci\u00f3n r\u00e1pida y completa a trav\u00e9s de planes de tratamiento personalizados, estrategias de rehabilitaci\u00f3n efectivas y atenci\u00f3n compasiva.<\/p>\n<p><strong>\u00bfPor qu\u00e9 esperar? Cont\u00e1ctenos hoy al [tel\u00e9fono] para comenzar su viaje de recuperaci\u00f3n.<\/strong><\/p>\n<h2>Pasos a seguir despu\u00e9s de un accidente de cami\u00f3n<\/h2>\n<p>Estar involucrado en un accidente de cami\u00f3n es sin duda una de las experiencias m\u00e1s aterradoras y abrumadoras. Sin embargo, es fundamental mantener la calma en medio del caos y tomar las medidas necesarias para proteger sus derechos legales y su bienestar.<\/p>\n<p><img fetchpriority=\"high\" decoding=\"async\" class=\"alignnone wp-image-4763 size-full\" src=\"https:\/\/www.gaspineortho.com\/wp-content\/uploads\/2024\/05\/truck-accident-treatment-1.webp\" alt=\"Tucker Truck Accident Injury Treatment team providing comprehensive care to a collision victim.\" width=\"500\" height=\"340\" srcset=\"https:\/\/www.gaspineortho.com\/wp-content\/uploads\/2024\/05\/truck-accident-treatment-1.webp 500w, https:\/\/www.gaspineortho.com\/wp-content\/uploads\/2024\/05\/truck-accident-treatment-1-300x204.webp 300w\" sizes=\"(max-width: 500px) 100vw, 500px\" \/><\/p>\n<h3>Esto es lo que debe hacer despu\u00e9s de un accidente de cami\u00f3n:<\/h3>\n<ol>\n<li><strong>Contacta con la polic\u00eda<\/strong>: El primer paso que debes dar es contactar con los servicios de emergencia. Involucrar a la polic\u00eda garantiza que el accidente quede documentado oficialmente, usted reciba la asistencia necesaria y la situaci\u00f3n se maneje de manera segura. Los agentes de polic\u00eda que respondan recopilar\u00e1n toda la informaci\u00f3n disponible, evaluar\u00e1n las lesiones y crear\u00e1n un informe formal del accidente. Este informe puede resultar muy valioso para reclamaciones de seguros y procedimientos legales.<\/li>\n<li><strong>Verifique a otras partes involucradas (permanezca en la escena):<\/strong> si puede hacerlo de manera segura, verifique el bienestar de otras personas involucradas. Si alguien resulta herido, solicite asistencia m\u00e9dica de inmediato. Ya sea que crea que tiene la culpa o no, permanezca en el lugar hasta que llegue la polic\u00eda para evitar complicaciones legales.<\/li>\n<li><strong>Intercambio de informaci\u00f3n<\/strong>: aseg\u00farese de intercambiar datos de contacto, informaci\u00f3n del seguro y de la licencia de conducir con el conductor del cami\u00f3n y cualquier otra parte involucrada. Anota o fotograf\u00eda la matr\u00edcula, la marca, el modelo y el color del cami\u00f3n. Adem\u00e1s, recopile informaci\u00f3n de contacto de testigos que puedan haber observado el accidente.<\/li>\n<li><strong>Documente la escena<\/strong>: con su c\u00e1mara o tel\u00e9fono inteligente, tome fotograf\u00edas o v\u00eddeos de la escena desde diferentes \u00e1ngulos. Capture im\u00e1genes de da\u00f1os en veh\u00edculos, marcas de derrape, condiciones de la carretera, se\u00f1ales de tr\u00e1fico y detalles relevantes. Estas im\u00e1genes son evidencia crucial durante el proceso de reclamaci\u00f3n de seguros o procedimientos legales.<\/li>\n<li><strong>Evite admitir la culpa<\/strong>: no admita la culpa ni haga declaraciones que puedan interpretarse como una admisi\u00f3n de responsabilidad. Incluso si cree que contribuy\u00f3 al accidente, evite disculparse o discutir la culpa con otras partes o con la polic\u00eda. Proporcione \u00fanicamente informaci\u00f3n objetiva sobre lo ocurrido sin asignar culpas.<\/li>\n<li><strong>Busque atenci\u00f3n m\u00e9dica<\/strong>: Buscar atenci\u00f3n m\u00e9dica es fundamental para su bienestar y su derecho legal a una compensaci\u00f3n. Incluso si no se siente gravemente herido, aseg\u00farese de obtener una evaluaci\u00f3n m\u00e9dica profesional. Es posible que algunas lesiones, como el latigazo cervical o el trauma interno, no manifiesten s\u00edntomas de inmediato. Una evaluaci\u00f3n m\u00e9dica exhaustiva ayudar\u00e1 a identificar lesiones ocultas y garantizar\u00e1 el tratamiento adecuado. Los registros de esta evaluaci\u00f3n pueden servir como evidencia de sus lesiones durante las negociaciones del seguro o procedimientos legales.<\/li>\n<li><strong>Comun\u00edquese con un abogado especializado en accidentes de camiones en Tucker<\/strong>: despu\u00e9s del incidente, ponerse en contacto con un abogado especializado en accidentes de camiones en Tucker debe ser una m\u00e1xima prioridad. Los accidentes de camiones a menudo implican cuestiones legales complejas y contar con un abogado experimentado puede marcar una diferencia significativa en el resultado de su caso. Un abogado experto le ayudar\u00e1 a gestionar reclamaciones de seguros, reunir pruebas, negociar con aseguradoras y representarle ante el tribunal si es necesario.<\/li>\n<\/ol>\n<h2>Lesiones comunes por accidentes de camiones<\/h2>\n<p>Las v\u00edctimas de accidentes de camiones pueden sufrir una amplia gama de lesiones, que var\u00edan en gravedad, desde cortes menores hasta discapacidades o muertes que alteran sus vidas. M\u00e1s del 70% de todas las lesiones y muertes por accidentes de camiones son ocupantes de veh\u00edculos de pasajeros. Algunas lesiones comunes incluyen:<\/p>\n<ul>\n<li><strong>Latigazo cervical<\/strong>: causado por sacudidas repentinas de la cabeza y el cuello, que provocan tensi\u00f3n o da\u00f1o a los m\u00fasculos, tendones y ligamentos.<\/li>\n<li><strong>Lesiones cerebrales traum\u00e1ticas (LCT):<\/strong> la fuerza del impacto puede hacer que el cerebro choque con el interior del cr\u00e1neo, lo que provoca graves deterioros f\u00edsicos y cognitivos.<\/li>\n<li><strong>Huesos rotos y fracturas<\/strong>: las v\u00edctimas pueden sufrir fracturas en brazos, piernas, costillas, pelvis y columna, lo que requiere tratamiento m\u00e9dico extenso.<\/li>\n<li><strong>Lesiones de la m\u00e9dula espinal<\/strong>: un traumatismo grave en la m\u00e9dula espinal puede provocar una par\u00e1lisis parcial o completa.<\/li>\n<li><strong>Lesiones de tejidos blandos<\/strong>: las torceduras, esguinces o desgarros de m\u00fasculos, tendones y ligamentos pueden afectar significativamente la movilidad.<\/li>\n<li><strong>Lesiones por quemaduras<\/strong>: si un accidente de cami\u00f3n provoca un incendio o una explosi\u00f3n, los ocupantes pueden sufrir quemaduras, que van desde quemaduras leves hasta quemaduras graves de tercer grado.<\/li>\n<li><strong>Lesiones por aplastamiento<\/strong>: quedar atrapado o inmovilizado debajo de un cami\u00f3n puede causar da\u00f1os importantes a m\u00fasculos, huesos y \u00f3rganos internos.<\/li>\n<li><strong>Lesiones internas<\/strong>: un traumatismo contundente puede provocar hemorragia interna y da\u00f1o a \u00f3rganos, lo que puede poner en peligro la vida si no se trata de inmediato.<\/li>\n<\/ul>\n<p>&nbsp;<\/p>\n<p><img decoding=\"async\" class=\"alignnone wp-image-4766 size-full\" src=\"https:\/\/www.gaspineortho.com\/wp-content\/uploads\/2024\/05\/truck-accident-injury-treatment.webp\" alt=\"Specialist in Tucker preparing a treatment plan for truck accident injuries at Georgia Spine &amp; Orthopaedics.\" width=\"500\" height=\"349\" srcset=\"https:\/\/www.gaspineortho.com\/wp-content\/uploads\/2024\/05\/truck-accident-injury-treatment.webp 500w, https:\/\/www.gaspineortho.com\/wp-content\/uploads\/2024\/05\/truck-accident-injury-treatment-300x209.webp 300w\" sizes=\"(max-width: 500px) 100vw, 500px\" \/><\/p>\n<h2>\u00bfDebo ir a la sala de emergencias o a Georgia Spine &amp; \u00bfOrtopedia despu\u00e9s de un accidente de cami\u00f3n?<\/h2>\n<p>Si ha estado involucrado en un accidente de cami\u00f3n, se recomienda buscar atenci\u00f3n m\u00e9dica de inmediato. En caso de lesiones graves o potencialmente mortales, vaya a la sala de emergencias para recibir atenci\u00f3n de urgencia. Una vez que haya recibido el tratamiento inicial, consulte con un m\u00e9dico ortop\u00e9dico en nuestro centro para una evaluaci\u00f3n adicional y atenci\u00f3n continua, especialmente si tiene lesiones ortop\u00e9dicas como huesos rotos, lesiones de la m\u00e9dula espinal o da\u00f1os en los tejidos blandos.<\/p>\n<p>En Georgia Spine and Orthopaedics, nos especializamos en la atenci\u00f3n integral de lesiones musculoesquel\u00e9ticas resultantes de accidentes automovil\u00edsticos. Ofrecemos evaluaciones exhaustivas, pruebas de diagn\u00f3stico como resonancias magn\u00e9ticas y rayos X, y planes de tratamiento personalizados para abordar diversas lesiones y promover una recuperaci\u00f3n r\u00e1pida y completa.<\/p>\n<h2>C\u00f3mo pueden ayudar nuestros m\u00e9dicos especializados en accidentes de camiones Tucker<\/h2>\n<p>En Georgia Spine and Orthopaedics, ofrecemos atenci\u00f3n especializada adaptada a sus lesiones y necesidades m\u00e9dicas espec\u00edficas. As\u00ed es como podemos ayudarlo en su viaje de recuperaci\u00f3n despu\u00e9s de un accidente de cami\u00f3n Tucker:<\/p>\n<ul>\n<li><strong><a href=\"https:\/\/www.gaspineortho.com\/es\/tucker\/el-manejo-del-dolor\/\">Gesti\u00f3n del dolor<\/a><\/strong>: Utilizamos un sistema multimodal abordaje para el manejo del dolor, incorporando estrategias como manejo de medicamentos, procedimientos intervencionistas como <a href=\"https:\/\/www.gaspineortho.com\/es\/tucker\/inyecciones-medicas\/\" target=\"_blank\" rel=\"noopener\"> inyecciones epidurales<\/a> o bloqueos nerviosos, <a href=\"https:\/\/www.gaspineortho.com\/es\/tucker\/fisioterapia\/\">fisioterapia<\/a>, <a href=\"https:\/\/www.gaspineortho.com\/es\/tucker\/quiropractico\/\" target=\"_blank\" rel=\"noopener\">atenci\u00f3n quiropr\u00e1ctica<\/a>, acupuntura y otros tratamientos no quir\u00fargicos.<\/li>\n<li><strong>Prevenci\u00f3n de da\u00f1os a largo plazo<\/strong>: mediante intervenci\u00f3n m\u00e9dica oportuna, planes de tratamiento personalizados y programas de rehabilitaci\u00f3n, ayudamos a prevenir problemas a largo plazo como <a href=\"https:\/\/www.gaspineortho.com\/es\/tucker\/el-manejo-del-dolor\/\" target=\"_blank\" rel=\"noopener\">dolor cr\u00f3nico<\/a>, deterioro funcional, cambios musculoesquel\u00e9ticos degenerativos, complicaciones neurol\u00f3gicas y discapacidad. Brindamos monitoreo continuo y atenci\u00f3n de seguimiento para garantizar que sus lesiones se curen correctamente y para abordar cualquier s\u00edntoma o inquietud nueva que pueda surgir.<\/li>\n<\/ul>\n<h2>Llame a Georgia Spine &amp; \u00a1Ortopedia para el tratamiento de lesiones por accidentes de camiones hoy!<\/h2>\n<p>Las lesiones por accidentes de camiones pueden afectar profundamente su vida. Obtener atenci\u00f3n m\u00e9dica buena e inmediata es de suma importancia. Georgia Spine and Orthopaedics se compromete a brindar atenci\u00f3n integral a personas con lesiones musculoesquel\u00e9ticas por accidentes de camiones. Nuestro equipo con sede en Tucker ofrece evaluaciones de expertos, planes de tratamiento personalizados y apoyo continuo para ayudar a los pacientes a controlar el dolor, evitar da\u00f1os a largo plazo y recuperarse por completo.<\/p>\n<p>Si ha estado involucrado en un accidente de cami\u00f3n y experimenta dolor o problemas de movilidad, no espere para buscar ayuda. Comun\u00edquese con Georgia Spine and Orthopaedics hoy al [tel\u00e9fono] para programar una consulta con nuestro equipo experimentado. Desarrollaremos un plan de tratamiento para sus lesiones por accidente de cami\u00f3n y lo devolveremos al camino hacia la salud y el bienestar.<\/p>\n","protected":false},"excerpt":{"rendered":"<p>Verse involucrado en un accidente de cami\u00f3n es la peor pesadilla de todo usuario de la v\u00eda. Dado el tama\u00f1o y el peso de estos veh\u00edculos, las lesiones por accidentes de camiones tienden a ser m\u00e1s graves que las sufridas en accidentes automovil\u00edsticos normales y, a menudo, tienen consecuencias a largo plazo en las vidas [&hellip;]<\/p>\n","protected":false},"author":44,"featured_media":0,"parent":7581,"menu_order":0,"comment_status":"closed","ping_status":"closed","template":"","meta":{"_acf_changed":false,"footnotes":""},"categories":[],"tags":[],"class_list":["post-7985","page","type-page","status-publish","hentry"],"acf":[],"_links":{"self":[{"href":"https:\/\/www.gaspineortho.com\/es\/wp-json\/wp\/v2\/pages\/7985","targetHints":{"allow":["GET"]}}],"collection":[{"href":"https:\/\/www.gaspineortho.com\/es\/wp-json\/wp\/v2\/pages"}],"about":[{"href":"https:\/\/www.gaspineortho.com\/es\/wp-json\/wp\/v2\/types\/page"}],"author":[{"embeddable":true,"href":"https:\/\/www.gaspineortho.com\/es\/wp-json\/wp\/v2\/users\/44"}],"replies":[{"embeddable":true,"href":"https:\/\/www.gaspineortho.com\/es\/wp-json\/wp\/v2\/comments?post=7985"}],"version-history":[{"count":4,"href":"https:\/\/www.gaspineortho.com\/es\/wp-json\/wp\/v2\/pages\/7985\/revisions"}],"predecessor-version":[{"id":12775,"href":"https:\/\/www.gaspineortho.com\/es\/wp-json\/wp\/v2\/pages\/7985\/revisions\/12775"}],"up":[{"embeddable":true,"href":"https:\/\/www.gaspineortho.com\/es\/wp-json\/wp\/v2\/pages\/7581"}],"wp:attachment":[{"href":"https:\/\/www.gaspineortho.com\/es\/wp-json\/wp\/v2\/media?parent=7985"}],"wp:term":[{"taxonomy":"category","embeddable":true,"href":"https:\/\/www.gaspineortho.com\/es\/wp-json\/wp\/v2\/categories?post=7985"},{"taxonomy":"post_tag","embeddable":true,"href":"https:\/\/www.gaspineortho.com\/es\/wp-json\/wp\/v2\/tags?post=7985"}],"curies":[{"name":"wp","href":"https:\/\/api.w.org\/{rel}","templated":true}]}}