{"id":7980,"date":"2024-05-16T08:27:42","date_gmt":"2024-05-16T13:27:42","guid":{"rendered":"https:\/\/www.gaspineortho.com\/tucker\/personal-injury-doctor\/"},"modified":"2024-07-26T15:53:08","modified_gmt":"2024-07-26T20:53:08","slug":"medico-de-lesiones-personales","status":"publish","type":"page","link":"https:\/\/www.gaspineortho.com\/es\/tucker\/medico-de-lesiones-personales\/","title":{"rendered":"Tucker Doctor en Lesiones Personales"},"content":{"rendered":"<h2>M\u00e9dico de lesiones personales: qui\u00e9nes son y qu\u00e9 hacen<\/h2>\n<p>Un m\u00e9dico de lesiones personales se especializa en diagnosticar y tratar lesiones derivadas de accidentes, como colisiones de veh\u00edculos motorizados e incidentes laborales. Su papel es crucial no s\u00f3lo en la recuperaci\u00f3n m\u00e9dica de los pacientes sino tambi\u00e9n en el apoyo a reclamaciones legales relacionadas con la lesi\u00f3n. Un m\u00e9dico de lesiones personales realiza evaluaciones integrales para determinar el alcance total de una lesi\u00f3n, lo cual es esencial para dise\u00f1ar un plan de tratamiento eficaz.<\/p>\n<p>Adem\u00e1s, los m\u00e9dicos de lesiones personales como los de Georgia Spine &amp; Ortopedia (GSO) documenta todos los hallazgos meticulosamente y proporciona evidencia crucial necesaria para los litigios por lesiones personales. El equipo de GSO, equipado con conocimientos especializados en ortopedia y neurolog\u00eda, desempe\u00f1a un papel fundamental tanto en la recuperaci\u00f3n del paciente como en los procedimientos legales, garantizando que todos los aspectos de la atenci\u00f3n del paciente se gestionen con experiencia y compasi\u00f3n. Su enfoque hol\u00edstico refuerza su lema, \u00abLa habilidad para sanar, el coraz\u00f3n para cuidar\u00bb, lo que los convierte en la mejor opci\u00f3n para las v\u00edctimas de lesiones personales que buscan apoyo m\u00e9dico y legal integral.<\/p>\n<h2>Importancia de recibir atenci\u00f3n m\u00e9dica despu\u00e9s de una lesi\u00f3n personal<\/h2>\n<p>Si ha sufrido una lesi\u00f3n personal, es fundamental que busque atenci\u00f3n m\u00e9dica de inmediato de un m\u00e9dico especialista en lesiones personales, incluso si se siente bien. Muchas lesiones, como las relacionadas con la columna o los \u00f3rganos internos, pueden no presentar s\u00edntomas de inmediato. Retrasar la atenci\u00f3n puede provocar complicaciones, prolongar el tiempo de recuperaci\u00f3n y potencialmente afectar su salud a largo plazo.<\/p>\n<p>Adem\u00e1s, una evaluaci\u00f3n m\u00e9dica exhaustiva inmediatamente despu\u00e9s de una lesi\u00f3n no se trata s\u00f3lo de salud; Tambi\u00e9n es crucial en el contexto de reclamaciones legales. Documentar sus lesiones poco despu\u00e9s de un accidente con un m\u00e9dico calificado en lesiones personales como Georgia Spine &amp; La ortopedia puede ayudar significativamente a establecer un v\u00ednculo claro entre el incidente y sus lesiones, lo cual es fundamental en los litigios por lesiones personales. Recuerde, cuanto m\u00e1s espere, m\u00e1s dif\u00edcil ser\u00e1 demostrar que sus lesiones fueron el resultado del accidente.<\/p>\n<h2>Beneficios del tratamiento m\u00e9dico despu\u00e9s de una lesi\u00f3n personal<\/h2>\n<p>Buscar atenci\u00f3n m\u00e9dica inmediata despu\u00e9s de una lesi\u00f3n personal no s\u00f3lo es vital: es crucial para mitigar posibles impactos a largo plazo. En Georgia Spine &amp; En ortopedia, priorizamos la respuesta r\u00e1pida a las lesiones para evitar que las condiciones empeoren. La intervenci\u00f3n temprana a menudo se traduce en un manejo m\u00e1s eficaz del dolor y per\u00edodos de recuperaci\u00f3n m\u00e1s r\u00e1pidos.<\/p>\n<p>Es importante destacar que la documentaci\u00f3n m\u00e9dica completa proporcionada por nuestro equipo de expertos desempe\u00f1a un papel fundamental en las reclamaciones por lesiones personales. Esta documentaci\u00f3n solidifica la realidad y el alcance de sus lesiones, convirti\u00e9ndola en una herramienta indispensable en contextos legales. Al abordar las lesiones de manera r\u00e1pida y completa, usted protege su salud y fortalece su postura legal, asegurando que no quede vulnerable en ninguna de las \u00e1reas.<\/p>\n<h2>Da\u00f1os comunes en la carrocer\u00eda tras un accidente automovil\u00edstico<\/h2>\n<p>Los accidentes automovil\u00edsticos a menudo resultan en una variedad de lesiones, algunas de las cuales pueden no ser evidentes de inmediato. Las lesiones comunes suelen afectar al sistema musculoesquel\u00e9tico, incluido el latigazo cervical, que afecta el cuello debido al r\u00e1pido movimiento hacia adelante y hacia atr\u00e1s. Las lesiones de la columna, incluidas las hernias de disco, tambi\u00e9n son frecuentes y pueden afectar la movilidad a largo plazo si no se tratan con prontitud.<\/p>\n<p>Las extremidades no se salvan; Con frecuencia se informan fracturas y dislocaciones en brazos y piernas despu\u00e9s de una colisi\u00f3n. Adem\u00e1s, a menudo se producen lesiones de tejidos blandos, como esguinces y torceduras, que provocan importantes molestias y limitaciones funcionales. Cada una de estas lesiones requiere un enfoque de tratamiento personalizado, enfatizando la necesidad de una evaluaci\u00f3n integral y atenci\u00f3n especializada despu\u00e9s del accidente para garantizar una recuperaci\u00f3n y documentaci\u00f3n \u00f3ptimas para cualquier reclamo por lesiones personales relacionadas. Columna vertebral de Georgia y La ortopedia se destaca en el manejo de estas condiciones complejas con precisi\u00f3n y un esp\u00edritu centrado en el paciente.<\/p>\n<p><a href=\"https:\/\/www.gaspineortho.com\/wp-content\/uploads\/2024\/05\/shutterstock_2230191741.webp\"><img fetchpriority=\"high\" decoding=\"async\" class=\"alignnone wp-image-6675 size-full\" src=\"https:\/\/www.gaspineortho.com\/wp-content\/uploads\/2024\/05\/shutterstock_2230191741.webp\" alt=\"Personal injury doctor lawyer shot\" width=\"500\" height=\"334\" srcset=\"https:\/\/www.gaspineortho.com\/wp-content\/uploads\/2024\/05\/shutterstock_2230191741.webp 500w, https:\/\/www.gaspineortho.com\/wp-content\/uploads\/2024\/05\/shutterstock_2230191741-300x200.webp 300w, https:\/\/www.gaspineortho.com\/wp-content\/uploads\/2024\/05\/shutterstock_2230191741-18x12.webp 18w\" sizes=\"(max-width: 500px) 100vw, 500px\" \/><\/a><\/p>\n<h2>Importancia de un abogado calificado en lesiones personales<\/h2>\n<p>Conseguir un abogado experimentado en lesiones personales es fundamental, especialmente despu\u00e9s de incidentes que le dejan con lesiones importantes. Un abogado confiable no se limita a defender su caso; entienden los matices de las reclamaciones por lesiones y garantizan que usted reciba la compensaci\u00f3n adecuada. En Georgia Spine &amp; En ortopedia, reconocemos la sinergia entre el tratamiento m\u00e9dico experto y la representaci\u00f3n legal de primer nivel.<\/p>\n<p>Por lo tanto, mantenemos una s\u00f3lida red de abogados con experiencia en lesiones personales, bien versados \u200b\u200ben aprovechar nuestros documentos m\u00e9dicos detallados para fortalecer su caso. Al elegir un abogado a trav\u00e9s de nuestras referencias, se asegura de que su representaci\u00f3n legal est\u00e9 completamente informada sobre los detalles m\u00e9dicos de su caso, lo que facilita un reclamo legal m\u00e1s preciso y convincente. Recuerde, cuando se trata de situaciones de lesiones personales, la calidad de su abogado puede influir significativamente en el resultado de sus batallas legales.<\/p>\n<h2>Por qu\u00e9 elegir Georgia Spine &amp; Ortopedia para atenci\u00f3n m\u00e9dica de lesiones personales<\/h2>\n<p>Cuando busque un m\u00e9dico de lesiones personales de primer nivel, busque en Georgia Spine &amp; Ortopedia (GSO), su elecci\u00f3n experta para el manejo de lesiones complejas. Reconocida por su enfoque hol\u00edstico, GSO integra <a href=\"https:\/\/www.gaspineortho.com\/es\/atlanta\/el-manejo-del-dolor\/\">manejo del dolor<\/a>, <a href=\"https:\/\/www.gaspineortho.com\/es\/atlanta\/cirugia-ortopedica\/\">ortopedia<\/a> y <a href=\"https:\/\/www.gaspineortho.com\/es\/atlanta\/neurologia\/\">neurolog\u00eda <\/a> para abordar h\u00e1bilmente las condiciones que a menudo se presentan durante las colisiones de veh\u00edculos de motor o accidentes relacionados con el trabajo. Su alivio del dolor de \u00faltima generaci\u00f3n y sus t\u00e9cnicas ortop\u00e9dicas avanzadas son esenciales para quienes necesitan un tratamiento integral y eficaz.<\/p>\n<p>Su equipo multiling\u00fce mejora la comunicaci\u00f3n con los pacientes tanto en ingl\u00e9s como en espa\u00f1ol, haciendo que GSO sea accesible a una comunidad m\u00e1s diversa. La dedicaci\u00f3n del equipo se alinea con su esp\u00edritu, \u00abLa habilidad para sanar, el coraz\u00f3n para cuidar\u00bb, garantizando que cada paciente reciba una atenci\u00f3n t\u00e9cnicamente excelente y compasiva. Elija GSO no solo por su experiencia m\u00e9dica sino por su enfoque multidisciplinario comprometido para ayudarlo a recuperar la funcionalidad y mejorar su calidad de vida despu\u00e9s de una lesi\u00f3n.<\/p>\n<h2>P\u00f3ngase en contacto con Georgia Spine &amp; Ortopedia<\/h2>\n<p>Si ha sufrido una lesi\u00f3n personal en <a href=\"https:\/\/www.tuckerga.gov\" target=\"_blank\" rel=\"noopener\">Tucker<\/a>, no demore en buscar la atenci\u00f3n m\u00e9dica experta que necesita. En Georgia Spine &amp; En ortopedia, no s\u00f3lo estamos equipados con t\u00e9cnicas avanzadas para aliviar el dolor; Nuestro enfoque integral cubre ortopedia y neurolog\u00eda para garantizar que recupere no solo la funcionalidad sino tambi\u00e9n la calidad de vida. <a href=\"https:\/\/www.gaspineortho.com\/es\/contacto\/\">Cont\u00e1ctanos<\/a> para conocer m\u00e1s sobre c\u00f3mo funcionan nuestros servicios biling\u00fces.<\/p>\n","protected":false},"excerpt":{"rendered":"<p>M\u00e9dico de lesiones personales: qui\u00e9nes son y qu\u00e9 hacen Un m\u00e9dico de lesiones personales se especializa en diagnosticar y tratar lesiones derivadas de accidentes, como colisiones de veh\u00edculos motorizados e incidentes laborales. Su papel es crucial no s\u00f3lo en la recuperaci\u00f3n m\u00e9dica de los pacientes sino tambi\u00e9n en el apoyo a reclamaciones legales relacionadas con [&hellip;]<\/p>\n","protected":false},"author":25,"featured_media":0,"parent":7581,"menu_order":0,"comment_status":"closed","ping_status":"closed","template":"","meta":{"_acf_changed":false,"footnotes":""},"categories":[],"tags":[],"class_list":["post-7980","page","type-page","status-publish","hentry"],"acf":[],"_links":{"self":[{"href":"https:\/\/www.gaspineortho.com\/es\/wp-json\/wp\/v2\/pages\/7980","targetHints":{"allow":["GET"]}}],"collection":[{"href":"https:\/\/www.gaspineortho.com\/es\/wp-json\/wp\/v2\/pages"}],"about":[{"href":"https:\/\/www.gaspineortho.com\/es\/wp-json\/wp\/v2\/types\/page"}],"author":[{"embeddable":true,"href":"https:\/\/www.gaspineortho.com\/es\/wp-json\/wp\/v2\/users\/25"}],"replies":[{"embeddable":true,"href":"https:\/\/www.gaspineortho.com\/es\/wp-json\/wp\/v2\/comments?post=7980"}],"version-history":[{"count":5,"href":"https:\/\/www.gaspineortho.com\/es\/wp-json\/wp\/v2\/pages\/7980\/revisions"}],"predecessor-version":[{"id":9086,"href":"https:\/\/www.gaspineortho.com\/es\/wp-json\/wp\/v2\/pages\/7980\/revisions\/9086"}],"up":[{"embeddable":true,"href":"https:\/\/www.gaspineortho.com\/es\/wp-json\/wp\/v2\/pages\/7581"}],"wp:attachment":[{"href":"https:\/\/www.gaspineortho.com\/es\/wp-json\/wp\/v2\/media?parent=7980"}],"wp:term":[{"taxonomy":"category","embeddable":true,"href":"https:\/\/www.gaspineortho.com\/es\/wp-json\/wp\/v2\/categories?post=7980"},{"taxonomy":"post_tag","embeddable":true,"href":"https:\/\/www.gaspineortho.com\/es\/wp-json\/wp\/v2\/tags?post=7980"}],"curies":[{"name":"wp","href":"https:\/\/api.w.org\/{rel}","templated":true}]}}