{"id":7974,"date":"2024-05-16T08:25:47","date_gmt":"2024-05-16T13:25:47","guid":{"rendered":"https:\/\/www.gaspineortho.com\/tucker\/pedestrian-accident-injury-treatment\/"},"modified":"2024-06-03T16:02:06","modified_gmt":"2024-06-03T21:02:06","slug":"tratamiento-de-lesiones-por-accidentes-de-peatones","status":"publish","type":"page","link":"https:\/\/www.gaspineortho.com\/es\/tucker\/tratamiento-de-lesiones-por-accidentes-de-peatones\/","title":{"rendered":"Tratamiento de lesiones por accidentes de peatones en Tucker"},"content":{"rendered":"<p>Los peatones en <a href=\"https:\/\/www.tuckerga.gov\" target=\"_blank\" rel=\"noopener\">Tucker<\/a> enfrentan una vulnerabilidad significativa al circular por calles concurridas. Columna vertebral de Georgia y La ortopedia (GSO) desempe\u00f1a un papel crucial al brindar tratamiento especializado para las lesiones sufridas en un accidente de peatones en Tucker.<\/p>\n<p>En GSO se emplea un enfoque hol\u00edstico, combinando <a href=\"https:\/\/www.gaspineortho.com\/es\/atlanta\/el-manejo-del-dolor\/\">manejo del dolor<\/a>, <a href=\"https:\/\/www.gaspineortho.com\/es\/atlanta\/cirugia-ortopedica\/\">ortopedia<\/a>, y <a href=\"https:\/\/www.gaspineortho.com\/es\/atlanta\/neurologia\/\">neurolog\u00eda<\/a> para abordar enfermedades complejas de forma eficaz. Esto garantiza que los pacientes reciban una atenci\u00f3n integral, desde la evaluaci\u00f3n inicial hasta las \u00faltimas t\u00e9cnicas de alivio del dolor y tratamientos avanzados.<\/p>\n<p>Ya sea que se trate de lesiones por colisiones automovil\u00edsticas o incidentes relacionados con el trabajo, nuestro equipo ofrece atenci\u00f3n de vanguardia. Mantenemos nuestro esp\u00edritu, \u00abLa habilidad para sanar, el coraz\u00f3n para cuidar\u00bb, asegurando que cada paciente recupere la funcionalidad y la calidad de vida.<\/p>\n<p>Con personal multiling\u00fce que domina el ingl\u00e9s y el espa\u00f1ol, nuestras m\u00faltiples ubicaciones en Metro Atlanta hacen que la atenci\u00f3n experta sea accesible y conveniente para todos. Conf\u00ede en Georgia Spine &amp; Ortopedia para un tratamiento dedicado y compasivo de las lesiones por accidentes de peatones en Tucker.<\/p>\n<h2>Causas de un accidente de peat\u00f3n en Tucker<\/h2>\n<p>Comprender las principales causas de los accidentes de peatones en Georgia es clave para la prevenci\u00f3n:<\/p>\n<ul>\n<li><strong>No ceder el paso:<\/strong> los automovilistas a menudo no ceden el paso, lo que provoca lesiones importantes a los peatones.<\/li>\n<li><strong>Influencia de las drogas y el alcohol:<\/strong> el deterioro reduce los tiempos de reacci\u00f3n y aumenta la probabilidad de accidentes.<\/li>\n<li><strong>Condiciones de mala visibilidad:<\/strong> la poca luz y el clima adverso dificultan que los conductores vean a los peatones.<\/li>\n<li><strong>Falta de aceras adecuadas:<\/strong> las \u00e1reas sin aceras adecuadas obligan a los peatones a caminar por la v\u00eda, lo que aumenta el riesgo.<\/li>\n<\/ul>\n<p>&nbsp;<\/p>\n<p>Columna vertebral de Georgia y La ortopedia (GSO) se dedica al tratamiento de lesiones resultantes de estas causas comunes. Al abordar los problemas de ra\u00edz, GSO tiene como objetivo mejorar los resultados de los pacientes y mejorar la seguridad general. Su enfoque hol\u00edstico incluye manejo del dolor, ortopedia y neurolog\u00eda, asegurando una atenci\u00f3n integral para todos los pacientes. Comprender estas causas tambi\u00e9n puede ayudar a los peatones a tomar medidas preventivas para evitar accidentes.<\/p>\n<p><a href=\"https:\/\/www.gaspineortho.com\/wp-content\/uploads\/2024\/05\/shutterstock_2231493333.webp\"><img fetchpriority=\"high\" decoding=\"async\" class=\"alignnone wp-image-6633 size-full\" src=\"https: \/\/www.gaspineortho.com\/wp-content\/uploads\/2024\/05\/shutterstock_2231493333.webp\" alt=\"Foto de acci\u00f3n del accidente de peatones de Tucker\" width=\"500\" height=\"334\" srcset=\"https:\/\/www.gaspineortho.com\/wp-content\/uploads\/2024\/05\/shutterstock_2231493333.webp 500w, https:\/\/www.gaspineortho.com\/wp-content\/uploads\/2024\/05\/shutterstock_2231493333-300x200.webp 300w, https:\/\/www.gaspineortho.com\/wp-content\/uploads\/2024\/05\/shutterstock_2231493333-18x12.webp 18w\" sizes=\"(max-width: 500px) 100vw, 500px\" \/><\/a><\/p>\n<h2>El papel del peat\u00f3n en un accidente de peat\u00f3n en Tucker<\/h2>\n<p>Los peatones tambi\u00e9n pueden contribuir inadvertidamente a los accidentes. Los factores clave incluyen elecciones de ropa inapropiadas, como vestimenta oscura por la noche, lo que reduce la visibilidad. Caminar distra\u00eddo, como usar dispositivos m\u00f3viles, plantea otro riesgo importante. Adem\u00e1s, los h\u00e1bitos inadecuados para cruzar, como cruzar imprudentemente o no utilizar los cruces peatonales designados, pueden provocar situaciones peligrosas. Pararse o jugar en la carretera tambi\u00e9n aumenta las posibilidades de sufrir accidentes.<\/p>\n<p>En Georgia Spine &amp; Ortopedia, entendemos las complejidades involucradas y ofrecemos tratamiento especializado en lesiones por accidentes de peatones. Nuestro enfoque hol\u00edstico garantiza una atenci\u00f3n integral, centr\u00e1ndose tanto en el alivio inmediato del dolor como en la recuperaci\u00f3n a largo plazo. Nuestro equipo domina el ingl\u00e9s y el espa\u00f1ol, lo que hace que nuestros servicios sean accesibles para una base diversa de pacientes en el \u00e1rea metropolitana de Atlanta.<\/p>\n<h2>Prevenci\u00f3n de accidentes de peatones<\/h2>\n<p>La prevenci\u00f3n de accidentes de peatones requiere esfuerzos concertados tanto de peatones como de automovilistas. Las medidas de seguridad incluyen:<\/p>\n<ul>\n<li><strong>Siga las se\u00f1ales de tr\u00e1fico:<\/strong> respete siempre los sem\u00e1foros y las se\u00f1ales de tr\u00e1fico para garantizar la seguridad.<\/li>\n<li><strong>Use ropa brillante:<\/strong> opte por ropa brillante o reflectante para aumentar la visibilidad, especialmente de noche.<\/li>\n<li><strong>Evite distracciones:<\/strong> mant\u00e9ngase alejado de los dispositivos m\u00f3viles mientras camina para concentrarse en su entorno.<\/li>\n<li><strong>Utilice los cruces peatonales:<\/strong> Utilice siempre los cruces peatonales y las aceras designados para evitar peligros de tr\u00e1fico inesperados.<\/li>\n<li><strong>Mant\u00e9ngase alerta:<\/strong> preste especial atenci\u00f3n en \u00e1reas de mucho tr\u00e1fico y en condiciones de poca visibilidad.<\/li>\n<\/ul>\n<p>&nbsp;<\/p>\n<p>Al implementar estas precauciones, el riesgo de accidentes de peatones se puede reducir significativamente. Columna vertebral de Georgia y Ortopedia (GSO) enfatiza la importancia de la seguridad proactiva para prevenir lesiones y mejorar la calidad de vida de los residentes de Tucker.<\/p>\n<p><a href=\"https:\/\/www.gaspineortho.com\/wp-content\/uploads\/2024\/05\/shutterstock_1135936430.webp\"><img decoding=\"async\" class=\"alignnone wp-image-6643 size-full\" src=\"https: \/\/www.gaspineortho.com\/wp-content\/uploads\/2024\/05\/shutterstock_1135936430.webp\" alt=\"Foto de acci\u00f3n del accidente de peat\u00f3n de Tucker\" width=\"500\" height=\"334\" srcset=\"https:\/\/www.gaspineortho.com\/wp-content\/uploads\/2024\/05\/shutterstock_1135936430.webp 500w, https:\/\/www.gaspineortho.com\/wp-content\/uploads\/2024\/05\/shutterstock_1135936430-300x200.webp 300w, https:\/\/www.gaspineortho.com\/wp-content\/uploads\/2024\/05\/shutterstock_1135936430-18x12.webp 18w\" sizes=\"(max-width: 500px) 100vw, 500px\" \/><\/a><\/p>\n<h2>Evaluaci\u00f3n de lesiones por accidentes de peatones<\/h2>\n<p>En Georgia Spine &amp; Ortopedia, la evaluaci\u00f3n de las lesiones por accidentes de peatones en Tucker es un proceso meticuloso que garantiza una atenci\u00f3n integral. Nuestro equipo de expertos emplea una variedad de herramientas de diagn\u00f3stico avanzadas para evaluar con precisi\u00f3n la condici\u00f3n de cada paciente. Esto incluye ex\u00e1menes f\u00edsicos exhaustivos para identificar problemas visibles y palpables.<\/p>\n<p>Adem\u00e1s, nuestras pruebas de im\u00e1genes de \u00faltima generaci\u00f3n, como rayos X, resonancias magn\u00e9ticas y tomograf\u00edas computarizadas, brindan informaci\u00f3n detallada sobre cualquier da\u00f1o interno sufrido en un accidente de peat\u00f3n en Tucker. Las evaluaciones neurol\u00f3gicas tambi\u00e9n son cruciales, especialmente cuando se trata de posibles lesiones cerebrales traum\u00e1ticas o problemas de la m\u00e9dula espinal. Nuestro enfoque hol\u00edstico garantiza que cada aspecto de una lesi\u00f3n por accidente de peat\u00f3n se eval\u00fae minuciosamente, preparando el escenario para un plan de tratamiento eficaz y personalizado.<\/p>\n<h2>Lesiones comunes por accidentes de peatones en Tucker<\/h2>\n<p>Un accidente de peat\u00f3n en Tucker a menudo puede provocar una variedad de lesiones, cada una de las cuales requiere atenci\u00f3n especializada. En Georgia Spine &amp; En ortopedia, tratamos frecuentemente fracturas y fracturas de huesos, que son habituales en estos incidentes. Las lesiones cerebrales traum\u00e1ticas (LCT) son otra preocupaci\u00f3n grave que puede provocar complicaciones a largo plazo.<\/p>\n<p>Las lesiones de la m\u00e9dula espinal, que a menudo resultan de impactos graves, pueden afectar la movilidad y la funcionalidad general.<br \/>\nLas lesiones de tejidos blandos, incluidos esguinces, torceduras y hematomas, tambi\u00e9n son comunes y pueden dificultar las actividades diarias. Las lesiones internas, aunque menos visibles, plantean riesgos importantes y requieren atenci\u00f3n inmediata.<\/p>\n<p>Nuestro enfoque hol\u00edstico garantiza que cada lesi\u00f3n sea evaluada y tratada meticulosamente, promoviendo una recuperaci\u00f3n integral.<\/p>\n<p>Columna vertebral de Georgia y La ortopedia se destaca por integrar tratamientos ortop\u00e9dicos avanzados, atenci\u00f3n neurol\u00f3gica y estrategias de manejo del dolor. Ya sea que est\u00e9 lidiando con un esguince menor o una lesi\u00f3n importante en la columna, nuestro equipo est\u00e1 equipado con la habilidad para sanar y el coraz\u00f3n para cuidar.<\/p>\n<h2>Tratamiento de las lesiones por accidentes de peatones en Tucker<\/h2>\n<p>En Georgia Spine &amp; Ortopedia (GSO), utilizamos un enfoque multidisciplinario para tratar las lesiones por accidentes de peatones, garantizando una atenci\u00f3n integral a nuestros pacientes. Nuestro equipo de expertos se especializa en atenci\u00f3n neurol\u00f3gica, atenci\u00f3n ortop\u00e9dica y manejo del dolor para abordar todo el espectro de lesiones. Empleamos herramientas y t\u00e9cnicas de diagn\u00f3stico de \u00faltima generaci\u00f3n, incluidas inyecciones dirigidas e im\u00e1genes avanzadas, para crear planes de tratamiento personalizados que promuevan una recuperaci\u00f3n \u00f3ptima.<\/p>\n<p>Nuestro r\u00e9gimen de tratamiento a menudo incluye fisioterapia y programas de rehabilitaci\u00f3n dise\u00f1ados para restaurar la funcionalidad y mejorar la calidad de vida. Con un personal compasivo y multiling\u00fce que domina tanto el ingl\u00e9s como el espa\u00f1ol, GSO garantiza que cada paciente reciba una atenci\u00f3n emp\u00e1tica y accesible. Ya sea que se trate de fracturas, lesiones de la columna o da\u00f1os en los tejidos blandos, nuestro compromiso con \u00abLa habilidad para curar, el coraz\u00f3n para cuidar\u00bb garantiza que estar\u00e1 en manos expertas.<\/p>\n<h2>Por qu\u00e9 elegir Georgia Spine &amp; Ortopedia<\/h2>\n<p>Hay varias razones para elegir Georgia Spine &amp; Ortopedia para el tratamiento de lesiones por accidentes de peatones en Tucker:<\/p>\n<ul>\n<li><strong>Experiencia:<\/strong> Nuestro equipo especializado se destaca en el tratamiento de lesiones ortop\u00e9dicas y neurol\u00f3gicas complejas.<\/li>\n<li><strong>Herramientas de diagn\u00f3stico avanzadas:<\/strong> empleamos equipos de diagn\u00f3stico e im\u00e1genes de \u00faltima generaci\u00f3n para identificar problemas con precisi\u00f3n.<\/li>\n<li><strong>Atenci\u00f3n personalizada:<\/strong> Los planes de tratamiento personalizados est\u00e1n dise\u00f1ados para una recuperaci\u00f3n \u00f3ptima y abordan las necesidades \u00fanicas de cada paciente.<\/li>\n<li><strong>Equipo integral:<\/strong> Nuestro equipo capacitado incluye cirujanos ortop\u00e9dicos, neur\u00f3logos y especialistas en el manejo del dolor.<\/li>\n<li><strong>Soporte multiling\u00fce:<\/strong> Nuestro personal habla ingl\u00e9s y espa\u00f1ol, lo que garantiza una comunicaci\u00f3n clara y una atenci\u00f3n compasiva.<\/li>\n<li><strong>Ubicaciones convenientes:<\/strong> M\u00faltiples ubicaciones en Metro Atlanta facilitan el acceso a nuestra diversa base de pacientes.<\/li>\n<\/ul>\n<p>&nbsp;<\/p>\n<p>En Georgia Spine &amp; Ortopedia, encarnamos nuestro esp\u00edritu, \u00abLa habilidad para sanar, el coraz\u00f3n para cuidar\u00bb, garantizando que usted reciba la m\u00e1s alta calidad de atenci\u00f3n. Conf\u00ede en nosotros para ayudarle a recuperar la funcionalidad y mejorar su calidad de vida despu\u00e9s de un accidente de peatones.<\/p>\n","protected":false},"excerpt":{"rendered":"<p>Los peatones en Tucker enfrentan una vulnerabilidad significativa al circular por calles concurridas. Columna vertebral de Georgia y La ortopedia (GSO) desempe\u00f1a un papel crucial al brindar tratamiento especializado para las lesiones sufridas en un accidente de peatones en Tucker. En GSO se emplea un enfoque hol\u00edstico, combinando manejo del dolor, ortopedia, y neurolog\u00eda para [&hellip;]<\/p>\n","protected":false},"author":25,"featured_media":0,"parent":7581,"menu_order":0,"comment_status":"closed","ping_status":"closed","template":"","meta":{"_acf_changed":false,"footnotes":""},"categories":[],"tags":[],"class_list":["post-7974","page","type-page","status-publish","hentry"],"acf":[],"_links":{"self":[{"href":"https:\/\/www.gaspineortho.com\/es\/wp-json\/wp\/v2\/pages\/7974","targetHints":{"allow":["GET"]}}],"collection":[{"href":"https:\/\/www.gaspineortho.com\/es\/wp-json\/wp\/v2\/pages"}],"about":[{"href":"https:\/\/www.gaspineortho.com\/es\/wp-json\/wp\/v2\/types\/page"}],"author":[{"embeddable":true,"href":"https:\/\/www.gaspineortho.com\/es\/wp-json\/wp\/v2\/users\/25"}],"replies":[{"embeddable":true,"href":"https:\/\/www.gaspineortho.com\/es\/wp-json\/wp\/v2\/comments?post=7974"}],"version-history":[{"count":3,"href":"https:\/\/www.gaspineortho.com\/es\/wp-json\/wp\/v2\/pages\/7974\/revisions"}],"predecessor-version":[{"id":7979,"href":"https:\/\/www.gaspineortho.com\/es\/wp-json\/wp\/v2\/pages\/7974\/revisions\/7979"}],"up":[{"embeddable":true,"href":"https:\/\/www.gaspineortho.com\/es\/wp-json\/wp\/v2\/pages\/7581"}],"wp:attachment":[{"href":"https:\/\/www.gaspineortho.com\/es\/wp-json\/wp\/v2\/media?parent=7974"}],"wp:term":[{"taxonomy":"category","embeddable":true,"href":"https:\/\/www.gaspineortho.com\/es\/wp-json\/wp\/v2\/categories?post=7974"},{"taxonomy":"post_tag","embeddable":true,"href":"https:\/\/www.gaspineortho.com\/es\/wp-json\/wp\/v2\/tags?post=7974"}],"curies":[{"name":"wp","href":"https:\/\/api.w.org\/{rel}","templated":true}]}}