{"id":7964,"date":"2024-05-16T11:18:20","date_gmt":"2024-05-16T16:18:20","guid":{"rendered":"https:\/\/www.gaspineortho.com\/tucker\/motorcycle-accident-injury-treatment\/"},"modified":"2024-06-03T15:57:29","modified_gmt":"2024-06-03T20:57:29","slug":"tratamiento-de-lesiones-accidentes-de-motocicleta","status":"publish","type":"page","link":"https:\/\/www.gaspineortho.com\/es\/tucker\/tratamiento-de-lesiones-accidentes-de-motocicleta\/","title":{"rendered":"Tratamiento de lesiones por accidentes de motocicleta en Tucker"},"content":{"rendered":"<p>Las motocicletas ofrecen tanto un medio de transporte como una sensaci\u00f3n de libertad y aventura. En Georgia, si bien las motocicletas constituyen una peque\u00f1a fracci\u00f3n de los veh\u00edculos registrados, representan una parte importante de las muertes en accidentes de tr\u00e1nsito. En Georgia Spine &amp; Ortopedia en Tucker, entendemos los riesgos \u00fanicos que enfrentan los motociclistas y estamos dedicados a brindar tratamiento especializado en lesiones por accidentes de motocicleta a quienes resultan heridos en accidentes de motocicleta.<\/p>\n<h2>Por qu\u00e9 la atenci\u00f3n m\u00e9dica inmediata es crucial<\/h2>\n<p>Los accidentes de motocicleta suelen provocar lesiones graves que requieren atenci\u00f3n m\u00e9dica inmediata y especializada. Nuestras instalaciones de Tucker est\u00e1n equipadas con tecnolog\u00eda de punta y un equipo de especialistas ortop\u00e9dicos experimentados. Diagnosticamos y tratamos una amplia gama de lesiones, desde fracturas complejas hasta problemas de columna, con planes de tratamiento personalizados adaptados a las necesidades de cada paciente.<br \/>\n<img fetchpriority=\"high\" decoding=\"async\" class=\"alignnone wp-image-6698 size-full\" src=\"https:\/\/www.gaspineortho.com\/wp-content\/uploads\/2024\/05\/motorcycle-accident-treatment-1-e1716234527847.webp\" alt=\"Specialist in Tucker preparing a treatment plan for motorcycle accident injuries at Georgia Spine &amp; Orthopaedics.\" width=\"500\" height=\"205\" \/><\/p>\n<p>Si usted o un ser querido ha estado involucrado en un accidente de motocicleta, la atenci\u00f3n m\u00e9dica r\u00e1pida es vital. Nuestro enfoque multidisciplinar incluye la colaboraci\u00f3n con fisioterapeutas, expertos en <a href=\"https:\/\/www.gaspineortho.com\/es\/tucker\/el-manejo-del-dolor\/\">manejo del dolor<\/a> y otros profesionales sanitarios. para ayudar a los pacientes a recuperar la funci\u00f3n, reducir el dolor y regresar a sus actividades diarias lo m\u00e1s r\u00e1pido posible.<\/p>\n<p><strong>Programe una cita hoy<\/strong><br \/>\nNo espere para recibir el tratamiento que necesita para lesiones por accidentes de motocicleta. Ll\u00e1menos al [tel\u00e9fono] para programar una cita y comenzar su viaje de recuperaci\u00f3n.<\/p>\n<h2>Lesiones comunes por accidentes de motocicleta<\/h2>\n<p>Los accidentes de motocicleta pueden causar una variedad de lesiones. Aqu\u00ed hay algunos de los m\u00e1s comunes:<\/p>\n<h3>Erupci\u00f3n en la carretera<\/h3>\n<p>Ocurre cuando la piel de un ciclista entra en contacto con la superficie de la carretera durante un choque. Esta fricci\u00f3n puede provocar abrasiones, laceraciones y da\u00f1os en los tejidos profundos, lo que requiere atenci\u00f3n m\u00e9dica para prevenir infecciones y promover la curaci\u00f3n.<\/p>\n<h3>Fracturas<\/h3>\n<p>Las fuerzas de alto impacto en accidentes de motocicleta pueden provocar fracturas en todo el cuerpo. Los sitios de fractura comunes incluyen piernas, brazos, mu\u00f1ecas, costillas y clav\u00edculas. Las fracturas pueden variar desde peque\u00f1as grietas finas hasta fracturas compuestas graves.<\/p>\n<h3>Lesiones en la cabeza<\/h3>\n<p>Incluso con el uso de casco, los ciclistas son vulnerables a sufrir lesiones cerebrales traum\u00e1ticas (TBI), que van desde conmociones cerebrales hasta lesiones cerebrales m\u00e1s graves con efectos cognitivos y neurol\u00f3gicos a largo plazo.<\/p>\n<h3>Lesiones de tejidos blandos<\/h3>\n<p>Los accidentes pueden da\u00f1ar m\u00fasculos, tendones y ligamentos, lo que provoca esguinces, torceduras y contusiones, que provocan dolor, hinchaz\u00f3n y movilidad limitada.<\/p>\n<h3>Lesiones de la m\u00e9dula espinal<\/h3>\n<p>La m\u00e9dula espinal es particularmente vulnerable en accidentes de motocicleta, especialmente en colisiones a alta velocidad o impactos laterales. Las lesiones de la m\u00e9dula espinal pueden provocar una par\u00e1lisis parcial o completa.<\/p>\n<h3>Quemaduras<\/h3>\n<p>En accidentes que involucran incendios, explosiones o contacto con superficies calientes, los pasajeros pueden sufrir quemaduras, que van desde quemaduras superficiales de primer grado hasta da\u00f1os profundos en los tejidos que requieren intervenci\u00f3n quir\u00fargica e injertos de piel.<\/p>\n<h3>Trauma psicol\u00f3gico<\/h3>\n<p>Los accidentes de motocicleta pueden causar un trauma psicol\u00f3gico importante, incluido el trastorno de estr\u00e9s postraum\u00e1tico (TEPT), ansiedad, depresi\u00f3n y culpa del sobreviviente. El apoyo a la salud mental es esencial para los pasajeros y sus seres queridos.<\/p>\n<p><img decoding=\"async\" class=\"alignnone wp-image-6704 size-full\" src=\"https:\/\/www.gaspineortho.com\/wp-content\/uploads\/2024\/05\/motorcycle-accident-treatment.webp\" alt=\"Tucker Motorcycle Accident Injury Treatment team providing comprehensive care to a collision victim.\" width=\"500\" height=\"349\" srcset=\"https:\/\/www.gaspineortho.com\/wp-content\/uploads\/2024\/05\/motorcycle-accident-treatment.webp 500w, https:\/\/www.gaspineortho.com\/wp-content\/uploads\/2024\/05\/motorcycle-accident-treatment-300x209.webp 300w, https:\/\/www.gaspineortho.com\/wp-content\/uploads\/2024\/05\/motorcycle-accident-treatment-18x12.webp 18w\" sizes=\"(max-width: 500px) 100vw, 500px\" \/><\/p>\n<h2>Opciones de tratamiento de lesiones por accidentes de motocicleta<\/h2>\n<h3>Manejo del dolor<\/h3>\n<p>El tratamiento de lesiones por accidentes de motocicleta puede incluir medicamentos recetados o de venta libre, terapia de fr\u00edo y calor, ejercicio suave, terapia de masajes, analg\u00e9sicos t\u00f3picos, suplementos y terapias profesionales como <a href=\"https:\/\/www.gaspineortho.com \/es\/tucker\/fisioterapia\/\">fisioterapia<\/a> o cuidados quiropr\u00e1cticos.<\/p>\n<h3>Restaurar la movilidad<\/h3>\n<p>Nuestros especialistas recomiendan procedimientos m\u00ednimamente invasivos para corregir problemas articulares, como la cirug\u00eda artrosc\u00f3pica para ligamentos o cart\u00edlagos desgarrados. En casos graves, se puede sugerir una cirug\u00eda de reemplazo total de articulaciones para un alivio duradero y una mejor funci\u00f3n.<\/p>\n<h3>Funci\u00f3n de restauraci\u00f3n<\/h3>\n<p>Nuestros especialistas en ortoplastia y manos utilizan t\u00e9cnicas avanzadas para tratar afecciones como lesiones en las puntas de los dedos, laceraciones nerviosas y lesiones de ligamentos. Los tratamientos pueden incluir reparaci\u00f3n de nervios, reparaci\u00f3n de tendones o injertos de piel para restaurar la funci\u00f3n y la apariencia.<\/p>\n<h3>Prevenir m\u00e1s lesiones<\/h3>\n<p>Nuestros especialistas en pie y tobillo utilizan las \u00faltimas t\u00e9cnicas para tratar esguinces, torceduras, fracturas y lesiones de tendones. Los procedimientos pueden incluir reparaci\u00f3n de ligamentos, reparaci\u00f3n de tendones o fijaci\u00f3n de fracturas para restaurar la estabilidad y prevenir m\u00e1s problemas.<\/p>\n<h3>Terapia de rehabilitaci\u00f3n<\/h3>\n<p>Los servicios incluyen fisioterapia con terapia manual, ejercicios espec\u00edficos, entrenamiento postural y terapia Astym para restaurar la fuerza y \u200b\u200bla movilidad.<\/p>\n<h2>Causas de los accidentes de motocicleta<\/h2>\n<h3>Exceso de velocidad<\/h3>\n<p>El exceso de velocidad, ya sea por parte del motociclista u otros conductores, es un factor importante en los accidentes. Las motocicletas de alto rendimiento capaces de alcanzar velocidades extremas pueden agravar la gravedad de los accidentes.<\/p>\n<h3>DUI<\/h3>\n<p>Conducir bajo los efectos del alcohol aumenta enormemente el riesgo de sufrir accidentes. Casi el 30% de los accidentes fatales de motocicleta involucran a conductores bajo los efectos del alcohol.<\/p>\n<h3>Divisi\u00f3n de carriles<\/h3>\n<p>Zigzaguear entre carriles de autom\u00f3viles detenidos o que circulan lentamente es una causa com\u00fan de accidentes, ya que los autom\u00f3viles a menudo no esperan que las motocicletas pasen en espacios tan cercanos.<\/p>\n<h3>Condiciones inseguras de la carretera<\/h3>\n<p>Las malas condiciones de las carreteras, como baches, escombros, superficies irregulares o pavimento resbaladizo, plantean riesgos importantes para los motociclistas.<\/p>\n<h3>Inexperiencia<\/h3>\n<p>La falta de experiencia o una formaci\u00f3n inadecuada contribuyen a los accidentes de motocicleta. Los conductores novatos pueden tener dificultades con el manejo, el equilibrio y las maniobras de la motocicleta.<\/p>\n<h2>Por qu\u00e9 elegir Georgia Spine &amp; \u00bfOrtopedia en Tucker?<\/h2>\n<p>Columna vertebral de Georgia y Orthopaedics es un proveedor l\u00edder de tratamiento de lesiones por accidentes de motocicleta que ofrece servicios integrales para afecciones ortop\u00e9dicas y de la columna. Nuestros especialistas certificados brindan tratamientos adaptados a sus necesidades, utilizando tecnolog\u00eda avanzada de diagn\u00f3stico y tratamiento.<br \/>\nTambi\u00e9n contamos con una red de referencias de los mejores abogados de Georgia, lo que garantiza que los pacientes tengan acceso a experiencia legal si es necesario.<\/p>\n<h2>Obtenga tratamiento por accidente de motocicleta hoy<\/h2>\n<p><img decoding=\"async\" class=\"alignnone wp-image-3286 size-full\" src=\"https:\/\/www.gaspineortho.com\/wp-content\/uploads\/2020\/12\/ga-spine-ortho-docs-e1715801958933.webp\" alt=\"Medical staff performing an treatment on injured motorcycle accident victims at Tucker clinic.\" width=\"500\" height=\"273\" \/><\/p>\n<p>Los accidentes de motocicleta pueden provocar lesiones graves que requieren atenci\u00f3n m\u00e9dica especializada y inmediata. En Georgia Spine &amp; Ortopedia en Tucker, brindamos atenci\u00f3n integral a las personas lesionadas en accidentes de motocicleta. Nuestro equipo experimentado diagnostica y trata una variedad de lesiones, desde fracturas hasta lesiones de la m\u00e9dula espinal, utilizando diagn\u00f3stico por im\u00e1genes de \u00faltima generaci\u00f3n y planes de tratamiento personalizados.<\/p>\n<p>Ll\u00e1menos hoy al [tel\u00e9fono] para programar una cita y comenzar su camino hacia la recuperaci\u00f3n.<\/p>\n","protected":false},"excerpt":{"rendered":"<p>Las motocicletas ofrecen tanto un medio de transporte como una sensaci\u00f3n de libertad y aventura. En Georgia, si bien las motocicletas constituyen una peque\u00f1a fracci\u00f3n de los veh\u00edculos registrados, representan una parte importante de las muertes en accidentes de tr\u00e1nsito. En Georgia Spine &amp; Ortopedia en Tucker, entendemos los riesgos \u00fanicos que enfrentan los motociclistas [&hellip;]<\/p>\n","protected":false},"author":44,"featured_media":0,"parent":7581,"menu_order":0,"comment_status":"closed","ping_status":"closed","template":"","meta":{"_acf_changed":false,"footnotes":""},"categories":[],"tags":[],"class_list":["post-7964","page","type-page","status-publish","hentry"],"acf":[],"_links":{"self":[{"href":"https:\/\/www.gaspineortho.com\/es\/wp-json\/wp\/v2\/pages\/7964","targetHints":{"allow":["GET"]}}],"collection":[{"href":"https:\/\/www.gaspineortho.com\/es\/wp-json\/wp\/v2\/pages"}],"about":[{"href":"https:\/\/www.gaspineortho.com\/es\/wp-json\/wp\/v2\/types\/page"}],"author":[{"embeddable":true,"href":"https:\/\/www.gaspineortho.com\/es\/wp-json\/wp\/v2\/users\/44"}],"replies":[{"embeddable":true,"href":"https:\/\/www.gaspineortho.com\/es\/wp-json\/wp\/v2\/comments?post=7964"}],"version-history":[{"count":3,"href":"https:\/\/www.gaspineortho.com\/es\/wp-json\/wp\/v2\/pages\/7964\/revisions"}],"predecessor-version":[{"id":7970,"href":"https:\/\/www.gaspineortho.com\/es\/wp-json\/wp\/v2\/pages\/7964\/revisions\/7970"}],"up":[{"embeddable":true,"href":"https:\/\/www.gaspineortho.com\/es\/wp-json\/wp\/v2\/pages\/7581"}],"wp:attachment":[{"href":"https:\/\/www.gaspineortho.com\/es\/wp-json\/wp\/v2\/media?parent=7964"}],"wp:term":[{"taxonomy":"category","embeddable":true,"href":"https:\/\/www.gaspineortho.com\/es\/wp-json\/wp\/v2\/categories?post=7964"},{"taxonomy":"post_tag","embeddable":true,"href":"https:\/\/www.gaspineortho.com\/es\/wp-json\/wp\/v2\/tags?post=7964"}],"curies":[{"name":"wp","href":"https:\/\/api.w.org\/{rel}","templated":true}]}}