{"id":7953,"date":"2024-05-16T07:52:48","date_gmt":"2024-05-16T12:52:48","guid":{"rendered":"https:\/\/www.gaspineortho.com\/tucker\/tucker-medical-clinic\/"},"modified":"2024-06-03T15:52:19","modified_gmt":"2024-06-03T20:52:19","slug":"clinica-medica-tucker","status":"publish","type":"page","link":"https:\/\/www.gaspineortho.com\/es\/tucker\/clinica-medica-tucker\/","title":{"rendered":"Cl\u00ednica M\u00e9dica Tucker"},"content":{"rendered":"<p><span style=\"font-weight: 400;\">El dolor es algo que tomamos en serio en Georgia Spine &amp; Cl\u00ednica m\u00e9dica <a href=\"https:\/\/www.tuckerga.gov\/\" target=\"_blank\" rel=\"noopener\">Tucker<\/a> de ortopedia. A diferencia de otras cl\u00ednicas, priorizamos tratamientos menos invasivos y rentables antes de considerar la cirug\u00eda.<\/span><\/p>\n<p><span style=\"font-weight: 400;\">Si el dolor persiste a pesar de consultar a su m\u00e9dico de atenci\u00f3n primaria, considere programar una cita con nuestros especialistas en manejo del dolor en la cl\u00ednica m\u00e9dica de Tucker llamando al [tel\u00e9fono]. Nuestro equipo est\u00e1 capacitado para ayudar a las personas que enfrentan dolor cr\u00f3nico.<\/span><\/p>\n<h2>Nuestros servicios m\u00e9dicos<\/h2>\n<p><span style=\"font-weight: 400;\">Ofrecemos diversos servicios destinados a controlar el dolor cr\u00f3nico:<\/span><\/p>\n<h3>Tratamiento ortop\u00e9dico<\/h3>\n<p><span style=\"font-weight: 400;\">La ortopedia implica el tratamiento de lesiones o enfermedades que afectan el sistema musculoesquel\u00e9tico, incluidas las articulaciones, los huesos, los m\u00fasculos, los ligamentos, los nervios y los tendones. Nuestros ortopedistas son especialistas en el manejo de una amplia gama de afecciones musculoesquel\u00e9ticas.<\/span><\/p>\n<h3>Manejo del dolor<\/h3>\n<p><span style=\"font-weight: 400;\">El manejo del dolor es nuestro principal objetivo. Nuestros especialistas brindan terapias y tratamientos avanzados dirigidos a los impactos del dolor sensorial y emocional mientras restauran la funci\u00f3n.<\/span><\/p>\n<h3>Neurolog\u00eda<\/h3>\n<p><span style=\"font-weight: 400;\">La neurolog\u00eda se ocupa del estudio de los nervios y el sistema nervioso, centr\u00e1ndose en la comunicaci\u00f3n cerebro-cuerpo. Diagnosticamos y tratamos problemas neurol\u00f3gicos, desde dolores de cabeza hasta enfermedades m\u00e1s complejas.<\/span><\/p>\n<h3>Quiropr\u00e1ctico<\/h3>\n<p><span style=\"font-weight: 400;\">La atenci\u00f3n quiropr\u00e1ctica implica ajustes manuales para restaurar la funci\u00f3n y aliviar el dolor cr\u00f3nico. Un <a href=\"https:\/\/www.gaspineortho.com\/es\/tucker\/quiropractico\/\">quiropr\u00e1ctico<\/a> utiliza fuerza controlada para ajustar las articulaciones, mejorando la calidad del movimiento y aliviando el dolor.<\/span><\/p>\n<h3>Fisioterapia<\/h3>\n<p><span style=\"font-weight: 400;\">La fisioterapia o fisioterapia utiliza fuerza mec\u00e1nica, movimientos, ejercicio y electroterapia para mejorar la movilidad y la funci\u00f3n. Ofrecemos tratamientos de fisioterapia personalizados, no invasivos y sin medicamentos que se adaptan a su situaci\u00f3n.<\/span><\/p>\n<h3>Resonancia magn\u00e9tica<\/h3>\n<p><span style=\"font-weight: 400;\">La resonancia magn\u00e9tica (MRI) captura im\u00e1genes detalladas de \u00f3rganos internos, estructuras y tejidos blandos. Las resonancias magn\u00e9ticas ayudan a identificar la causa exacta del dolor y su ubicaci\u00f3n para un tratamiento eficaz.<\/span><\/p>\n<h3>Rayos X<\/h3>\n<p><span style=\"font-weight: 400;\">Los rayos X son eficaces para mostrar estructuras \u00f3seas y ayudar a detectar fracturas, tumores o anomal\u00edas. Proporcionan una imagen clara para un diagn\u00f3stico preciso y una planificaci\u00f3n del tratamiento.<\/span><\/p>\n<h3>Inyecciones m\u00e9dicas<\/h3>\n<p><span style=\"font-weight: 400;\">Utilizamos inyecciones m\u00e9dicas para ofrecer alivio temporal al administrar medicamentos potentes directamente a las fuentes del dolor. Las inyecciones epidurales de esteroides se usan com\u00fanmente para aliviar el dolor radicular.<\/span><\/p>\n<p><img fetchpriority=\"high\" decoding=\"async\" class=\"alignnone size-full wp-image-3286\" src=\"https:\/\/www.gaspineortho.com\/wp-content\/uploads\/2020\/12\/ga-spine-ortho-docs-e1715801958933.webp\" alt=\"The Team of Georgia Spine &amp; Orthopaedics\" width=\"500\" height=\"273\" \/><\/p>\n<h2>Lesiones que tratamos en Tucker Medical Clinic<\/h2>\n<p><span style=\"font-weight: 400;\">Tratamos diversas lesiones, incluidas lesiones de cabeza, cuello, columna, espalda baja, hombros, codo, mu\u00f1eca, mano, cadera, rodilla, tobillo y pie.<\/span><\/p>\n<h3>Lesiones en la cabeza<\/h3>\n<p><span style=\"font-weight: 400;\">Las lesiones en la cabeza pueden variar de leves a graves. Tratamos todo tipo de lesiones en la cabeza, identificando la causa ra\u00edz y brindando un plan de tratamiento eficaz.<\/span><\/p>\n<h3>Lesiones en el cuello<\/h3>\n<p><span style=\"font-weight: 400;\">Las lesiones de cuello, a menudo causadas por accidentes o deportes, pueden causar dolor y movilidad limitada. El diagn\u00f3stico y tratamiento adecuados son esenciales para la recuperaci\u00f3n. Nuestros expertos ayudan a aliviar el dolor y prevenir recurrencias.<\/span><\/p>\n<h3>Lesiones de la columna<\/h3>\n<p><span style=\"font-weight: 400;\">Las lesiones de la columna son graves y a menudo causan da\u00f1o a la m\u00e9dula espinal. Trabajamos con varios profesionales para brindar atenci\u00f3n avanzada para todo tipo de lesiones de la columna.<\/span><\/p>\n<p><a href=\"https:\/\/www.gaspineortho.com\/wp-content\/uploads\/2024\/05\/shutterstock_1537703249-copy.webp\"><img decoding=\"async\" class=\"alignnone wp-image-3316\" src=\"https:\/\/www.gaspineortho.com\/wp-content\/uploads\/2024\/05\/shutterstock_1537703249-copy-300x200.webp\" alt=\"spine injury treatment at tucker medical clinic\" width=\"500\" height=\"334\" srcset=\"https:\/\/www.gaspineortho.com\/wp-content\/uploads\/2024\/05\/shutterstock_1537703249-copy-300x200.webp 300w, https:\/\/www.gaspineortho.com\/wp-content\/uploads\/2024\/05\/shutterstock_1537703249-copy-768x512.webp 768w, https:\/\/www.gaspineortho.com\/wp-content\/uploads\/2024\/05\/shutterstock_1537703249-copy.webp 1000w\" sizes=\"(max-width: 500px) 100vw, 500px\" \/><\/a><\/p>\n<h3>Dolor lumbar<\/h3>\n<p><span style=\"font-weight: 400;\">El dolor lumbar generalmente surge de una lesi\u00f3n o tensi\u00f3n en los tejidos blandos. Nuestros especialistas en ortopedia ayudan a diagnosticar y tratar el dolor lumbar para mejorar su calidad de vida.<\/span><\/p>\n<h3>Lesiones en el hombro<\/h3>\n<p><span style=\"font-weight: 400;\">Las lesiones de hombro, comunes en el atletismo, causan dolor y limitaci\u00f3n de movimiento. Nuestros especialistas ofrecen diagn\u00f3stico y tratamiento efectivo para todo tipo de dolor de hombro.<\/span><\/p>\n<h3>Lesiones del codo<\/h3>\n<p><span style=\"font-weight: 400;\">Las lesiones de codo, como el codo de tenista, afectan a muchas personas, independientemente de su actividad atl\u00e9tica. Nuestro equipo dedicado brinda opciones de tratamiento personalizadas para un alivio efectivo.<\/span><\/p>\n<h3>Lesiones en la mu\u00f1eca<\/h3>\n<p><span style=\"font-weight: 400;\">Las lesiones en la mu\u00f1eca pueden ser debilitantes. Nuestros especialistas certificados ofrecen tratamientos adaptados a su dolor y lesi\u00f3n espec\u00edficos de mu\u00f1eca.<\/span><\/p>\n<h3>Lesiones en las manos<\/h3>\n<p><span style=\"font-weight: 400;\">Las causas comunes de lesiones en las manos incluyen movimientos repetitivos, lesiones deportivas y afecciones cr\u00f3nicas como la artritis. Brindamos atenci\u00f3n experta para facilitar la recuperaci\u00f3n de lesiones en la mano.<\/span><\/p>\n<h3>Lesiones de cadera<\/h3>\n<p><span style=\"font-weight: 400;\">El dolor de cadera aumenta con la edad y puede deberse a lesiones repentinas o afecciones cr\u00f3nicas como la artritis. Nuestros especialistas brindan tratamientos no quir\u00fargicos para aliviar eficazmente el dolor de cadera.<\/span><\/p>\n<h3>Lesiones de rodilla<\/h3>\n<p><span style=\"font-weight: 400;\">Las lesiones de rodilla son diversas y afectan a varios componentes de las articulaciones. Nuestros especialistas ofrecen tratamientos no quir\u00fargicos para reducir el dolor de rodilla y mejorar la funci\u00f3n.<\/span><\/p>\n<h3>Lesiones de tobillo<\/h3>\n<p><span style=\"font-weight: 400;\">Los esguinces de tobillo y otras lesiones dificultan la marcha. Ofrecemos tratamientos no invasivos para ayudarle a regresar a sus actividades.<\/span><\/p>\n<h3>Lesiones en los pies<\/h3>\n<p><span style=\"font-weight: 400;\">Las lesiones del pie afectan numerosos huesos, tendones y ligamentos. Nuestras evaluaciones exhaustivas conducen a diagn\u00f3sticos precisos y planes de tratamiento personalizados.<\/span><\/p>\n<h2>\u00bfLucha contra el dolor cr\u00f3nico? Ll\u00e1manos hoy<\/h2>\n<p><span style=\"font-weight: 400;\">Si tiene dolor en la espalda, el cuello, la cabeza, el hombro, el pie, el tobillo, la rodilla, la cadera, la mano, la mu\u00f1eca o el codo y tiene dolor cr\u00f3nico, comun\u00edquese con unas instalaciones con profesionales experimentados.<\/span><\/p>\n<p><span style=\"font-weight: 400;\">En Georgia Spine &amp; En la Cl\u00ednica M\u00e9dica Tucker de Ortopedia, ofrecemos diferentes tratamientos para brindar un alivio efectivo del dolor. Acuda a ver a un proveedor o ll\u00e1menos al [tel\u00e9fono] para programar su cita.<\/span><\/p>\n","protected":false},"excerpt":{"rendered":"<p>El dolor es algo que tomamos en serio en Georgia Spine &amp; Cl\u00ednica m\u00e9dica Tucker de ortopedia. A diferencia de otras cl\u00ednicas, priorizamos tratamientos menos invasivos y rentables antes de considerar la cirug\u00eda. Si el dolor persiste a pesar de consultar a su m\u00e9dico de atenci\u00f3n primaria, considere programar una cita con nuestros especialistas en [&hellip;]<\/p>\n","protected":false},"author":25,"featured_media":0,"parent":7581,"menu_order":0,"comment_status":"closed","ping_status":"closed","template":"","meta":{"_acf_changed":false,"footnotes":""},"categories":[],"tags":[],"class_list":["post-7953","page","type-page","status-publish","hentry"],"acf":[],"_links":{"self":[{"href":"https:\/\/www.gaspineortho.com\/es\/wp-json\/wp\/v2\/pages\/7953","targetHints":{"allow":["GET"]}}],"collection":[{"href":"https:\/\/www.gaspineortho.com\/es\/wp-json\/wp\/v2\/pages"}],"about":[{"href":"https:\/\/www.gaspineortho.com\/es\/wp-json\/wp\/v2\/types\/page"}],"author":[{"embeddable":true,"href":"https:\/\/www.gaspineortho.com\/es\/wp-json\/wp\/v2\/users\/25"}],"replies":[{"embeddable":true,"href":"https:\/\/www.gaspineortho.com\/es\/wp-json\/wp\/v2\/comments?post=7953"}],"version-history":[{"count":3,"href":"https:\/\/www.gaspineortho.com\/es\/wp-json\/wp\/v2\/pages\/7953\/revisions"}],"predecessor-version":[{"id":7958,"href":"https:\/\/www.gaspineortho.com\/es\/wp-json\/wp\/v2\/pages\/7953\/revisions\/7958"}],"up":[{"embeddable":true,"href":"https:\/\/www.gaspineortho.com\/es\/wp-json\/wp\/v2\/pages\/7581"}],"wp:attachment":[{"href":"https:\/\/www.gaspineortho.com\/es\/wp-json\/wp\/v2\/media?parent=7953"}],"wp:term":[{"taxonomy":"category","embeddable":true,"href":"https:\/\/www.gaspineortho.com\/es\/wp-json\/wp\/v2\/categories?post=7953"},{"taxonomy":"post_tag","embeddable":true,"href":"https:\/\/www.gaspineortho.com\/es\/wp-json\/wp\/v2\/tags?post=7953"}],"curies":[{"name":"wp","href":"https:\/\/api.w.org\/{rel}","templated":true}]}}