{"id":7944,"date":"2024-05-15T22:20:10","date_gmt":"2024-05-16T03:20:10","guid":{"rendered":"https:\/\/www.gaspineortho.com\/tucker\/car-accident-doctor\/"},"modified":"2025-07-31T10:50:59","modified_gmt":"2025-07-31T15:50:59","slug":"medico-accidente-automovilistico","status":"publish","type":"page","link":"https:\/\/www.gaspineortho.com\/es\/tucker\/medico-accidente-automovilistico\/","title":{"rendered":"M\u00e9dico de accidentes automovil\u00edsticos de Tucker"},"content":{"rendered":"<p>Buscar atenci\u00f3n m\u00e9dica inmediata despu\u00e9s de un accidente automovil\u00edstico no s\u00f3lo es aconsejable; es crucial. Las consecuencias de un accidente automovil\u00edstico pueden dejarlo en estado de shock, enmascarando dolor y lesiones que podr\u00edan ser graves. Consulta inmediata con los m\u00e9dicos especialistas en accidentes automovil\u00edsticos de Georgia Spine &amp; La ortopedia garantiza que cualquier posible complicaci\u00f3n se identifique tempranamente, lo que reduce el riesgo de da\u00f1os duraderos. Retrasar la intervenci\u00f3n m\u00e9dica puede exacerbar las lesiones, complicar el proceso de recuperaci\u00f3n y provocar dolor cr\u00f3nico o discapacidad. El equipo de Georgia Spine &amp; La ortopedia en <a href=\"https:\/\/www.tuckerga.gov\/\" target=\"_blank\" rel=\"noopener\">Tucker<\/a> est\u00e1 equipada para evaluar e iniciar los tratamientos necesarios r\u00e1pidamente, aprovechando su experiencia en ortopedia. y <a href=\"https:\/\/www.gaspineortho.com\/es\/tucker\/neurologia\/\">neurolog\u00eda<\/a> para ofrecer atenci\u00f3n integral adaptada a las lesiones relacionadas con accidentes automovil\u00edsticos.<\/p>\n<h2>Columna vertebral y columna vertebral de Georgia Ortopedia: su socio en la recuperaci\u00f3n de accidentes automovil\u00edsticos<\/h2>\n<p>Cuando ha sufrido un accidente automovil\u00edstico, la intervenci\u00f3n m\u00e9dica oportuna y experta es fundamental. Columna vertebral de Georgia y La ortopedia (GSO) se destaca en el tratamiento de una variedad de lesiones complejas que a menudo resultan de colisiones de veh\u00edculos. Especializada en ortopedia y neurolog\u00eda, GSO ofrece un enfoque integral de recuperaci\u00f3n que abarca el <a href=\"https:\/\/www.gaspineortho.com\/es\/tucker\/el-manejo-del-dolor\/\">manejo avanzado del dolor&lt;\/a &gt; t\u00e9cnicas y tratamientos espec\u00edficos. Ya sean problemas de columna, lesiones ortop\u00e9dicas o complicaciones neurol\u00f3gicas, su equipo est\u00e1 equipado para manejar los distintos desaf\u00edos que presenta <\/a><a href=\"https:\/\/www.gaspineortho.com\/es\/tucker\/tratamiento-de-lesiones-por-accidente-de-automovilismo\/\">lesiones por accidentes de tr\u00e1fico<\/a><a href=\"https:\/\/www.gaspineortho.com\/es\/tucker\/el-manejo-del-dolor\/\">. Con m\u00faltiples ubicaciones en el \u00e1rea metropolitana de Atlanta y un personal multiling\u00fce capacitado, GSO garantiza que todos los pacientes reciban la atenci\u00f3n que necesitan en un ambiente reconfortante y accesible.<\/a><\/p>\n<p><img fetchpriority=\"high\" decoding=\"async\" class=\"alignnone wp-image-6524 size-full\" src=\"https:\/\/www.gaspineortho.com\/wp-content\/uploads\/2024\/05\/Car-accident-doctors-signing.jpg\" alt=\"Car accident doctor in Tucker evaluating a patient's injuries at Georgia Spine &amp; Orthopaedics.\" width=\"500\" height=\"334\" srcset=\"https:\/\/www.gaspineortho.com\/wp-content\/uploads\/2024\/05\/Car-accident-doctors-signing.jpg 500w, https:\/\/www.gaspineortho.com\/wp-content\/uploads\/2024\/05\/Car-accident-doctors-signing-300x200.jpg 300w\" sizes=\"(max-width: 500px) 100vw, 500px\" \/><\/p>\n<h2>Qu\u00e9 decirle al m\u00e9dico despu\u00e9s de un accidente automovil\u00edstico<\/h2>\n<p>Cuando visites Georgia Spine &amp; En ortopedia tras un accidente automovil\u00edstico, explicar cada detalle del incidente es fundamental. Comenzar por c\u00f3mo ocurri\u00f3 el accidente puede proporcionar informaci\u00f3n sobre posibles lesiones, incluso aquellas que no son inmediatamente obvias. Mencione cualquier movimiento repentino, como prepararse para un impacto o girar bruscamente, que podr\u00eda haber afectado su columna o haber causado un latigazo cervical.<\/p>\n<p>Discuta todos los s\u00edntomas que haya experimentado desde el accidente, sin importar cu\u00e1n menores puedan parecer. Incluya cualquier malestar, mareos o alteraciones en sus funciones corporales normales. Tambi\u00e9n es esencial compartir con su m\u00e9dico especialista en accidentes automovil\u00edsticos cualquier s\u00edntoma que haya aparecido horas o d\u00edas despu\u00e9s del accidente, ya que esto podr\u00eda indicar lesiones de aparici\u00f3n tard\u00eda. Al proporcionar una divulgaci\u00f3n completa de estos detalles, ayuda a su equipo de atenci\u00f3n m\u00e9dica en Georgia Spine &amp; La ortopedia dise\u00f1a un plan de tratamiento m\u00e1s eficaz que aborda todos los posibles problemas de salud que surgen del accidente automovil\u00edstico.<\/p>\n<h3>Proporcionar detalles del accidente<\/h3>\n<p>Cuando hable con su m\u00e9dico de accidentes automovil\u00edsticos en Georgia Spine &amp; En ortopedia, es fundamental compartir descripciones detalladas y precisas de la colisi\u00f3n. Los detalles del choque, incluida la velocidad del impacto, la direcci\u00f3n de la colisi\u00f3n y la posici\u00f3n del cuerpo, desempe\u00f1an un papel importante en la identificaci\u00f3n de posibles lesiones. Por ejemplo, las colisiones traseras suelen provocar un latigazo cervical, mientras que los impactos laterales pueden provocar lesiones ortop\u00e9dicas o de columna m\u00e1s complejas. Al describir de manera integral el evento, permite a nuestros especialistas adaptar mejor sus enfoques de diagn\u00f3stico y tratamiento. Esta comprensi\u00f3n profunda ayuda a aplicar estrategias de recuperaci\u00f3n y manejo del dolor m\u00e1s r\u00e1pidas y espec\u00edficas, lo que garantiza una atenci\u00f3n y rehabilitaci\u00f3n \u00f3ptimas.<\/p>\n<h3>Discutir los sentimientos inmediatos posteriores al accidente<\/h3>\n<p>Cuando se re\u00fana con su m\u00e9dico de accidentes automovil\u00edsticos despu\u00e9s de un accidente automovil\u00edstico, es fundamental describir con precisi\u00f3n c\u00f3mo se sinti\u00f3 inmediatamente despu\u00e9s del incidente. Ya sea que haya experimentado mareos, desorientaci\u00f3n o una oleada de adrenalina que podr\u00eda haber enmascarado cualquier dolor, estas sensaciones iniciales podr\u00edan proporcionar pistas cr\u00edticas para diagnosticar posibles lesiones. Columna vertebral de Georgia y La ortopedia se centra en comprender estos primeros s\u00edntomas para adaptar mejor sus tratamientos ortop\u00e9dicos y neurol\u00f3gicos. Incluso si los s\u00edntomas parecieron menores en ese momento, como una ligera molestia o un breve entumecimiento, revelar estos detalles puede influir significativamente en el progreso y la eficacia de su plan de tratamiento.<\/p>\n<h3>Compartir s\u00edntomas de aparici\u00f3n tard\u00eda<\/h3>\n<p>Despu\u00e9s de un accidente automovil\u00edstico, no todas las lesiones se manifiestan inmediatamente. Es fundamental compartir cualquier s\u00edntoma emergente con su m\u00e9dico de Georgia Spine &amp; Ortopedia, aunque se desarrollen d\u00edas o semanas despu\u00e9s. Los s\u00edntomas de aparici\u00f3n tard\u00eda, como dolores de cabeza persistentes, mareos o entumecimiento, pueden indicar problemas subyacentes como lesiones de tejidos blandos o incluso una lesi\u00f3n cerebral traum\u00e1tica leve. Describir estos s\u00edntomas latentes con precisi\u00f3n permite a los m\u00e9dicos gestionar de forma proactiva su recuperaci\u00f3n, mejorando la eficacia de los tratamientos e intervenciones espec\u00edficos.<\/p>\n<h2>\u00bfQu\u00e9 comprueba un m\u00e9dico especialista en accidentes automovil\u00edsticos despu\u00e9s de un accidente?<\/h2>\n<p>Cuando visites Georgia Spine &amp; En ortopedia despu\u00e9s de un accidente automovil\u00edstico, la evaluaci\u00f3n inicial tiene como objetivo principal identificar lesiones comunes pero cr\u00edticas relacionadas con tales incidentes. El equipo m\u00e9dico de accidentes automovil\u00edsticos de GSO examina meticulosamente una variedad de lesiones, desde hematomas menores hasta afecciones m\u00e1s graves, como fracturas y lesiones de la columna. Los ex\u00e1menes clave incluyen la detecci\u00f3n de s\u00edntomas de latigazo cervical, una de las lesiones m\u00e1s frecuentes relacionadas con accidentes automovil\u00edsticos, que afecta la columna y el cuello. Adem\u00e1s, los <a href=\"https:\/\/www.gaspineortho.com\/es\/tucker\/medico-de-lesiones-personales\/\">los m\u00e9dicos eval\u00faan posibles lesiones cerebrales traum\u00e1ticas<\/a> (TBI), considerando la gravedad y la posici\u00f3n del impacto durante El accidente. Comprender la naturaleza y el alcance de estas lesiones desde el principio es crucial para dise\u00f1ar un plan de tratamiento eficaz y facilitar un proceso de recuperaci\u00f3n m\u00e1s fluido.<\/p>\n<p><img decoding=\"async\" class=\"alignnone wp-image-4422 size-full\" src=\"https:\/\/www.gaspineortho.com\/wp-content\/uploads\/2024\/05\/car-accident-doctor.jpeg\" alt=\"Doctor in Tucker discussing recovery options with a car accident patient.\" width=\"500\" height=\"334\" srcset=\"https:\/\/www.gaspineortho.com\/wp-content\/uploads\/2024\/05\/car-accident-doctor.jpeg 500w, https:\/\/www.gaspineortho.com\/wp-content\/uploads\/2024\/05\/car-accident-doctor-300x200.jpeg 300w\" sizes=\"(max-width: 500px) 100vw, 500px\" \/><\/p>\n<h2>Tipos de lesiones por accidentes automovil\u00edsticos<\/h2>\n<p>Los accidentes automovil\u00edsticos pueden provocar una amplia gama de lesiones, cada una de las cuales requiere experiencia espec\u00edfica para un manejo eficaz. En Georgia Spine &amp; Ortopedia, nuestro m\u00e9dico de accidentes automovil\u00edsticos se especializa en diagnosticar y tratar un amplio espectro de lesiones relacionadas con accidentes automovil\u00edsticos:<\/p>\n<ul>\n<li><strong>Lesiones externas<\/strong>: pueden variar desde raspaduras superficiales hasta laceraciones o contusiones graves. Es crucial evaluar con precisi\u00f3n el alcance de estas lesiones visibles, ya que a veces pueden enmascarar complicaciones internas m\u00e1s graves.<\/li>\n<li><strong>Fracturas<\/strong>: Las fracturas son lesiones comunes pero graves que resultan de accidentes automovil\u00edsticos. Nuestro enfoque utiliza las \u00faltimas tecnolog\u00edas de im\u00e1genes para evaluar con precisi\u00f3n la gravedad y la ubicaci\u00f3n de la rotura. Las estrategias de tratamiento pueden incluir inmovilizaci\u00f3n, inyecciones dirigidas para controlar el dolor o intervenci\u00f3n quir\u00fargica.<\/li>\n<li><strong>Lesiones de tejidos blandos, incluido latigazo cervical<\/strong>: las lesiones de tejidos blandos, como torceduras, esguinces y, en particular, latigazo cervical, son comunes entre las v\u00edctimas de accidentes automovil\u00edsticos. La intervenci\u00f3n temprana es crucial, por lo que si experimenta dolor, rigidez o p\u00e9rdida de movimiento despu\u00e9s de un accidente, es importante consultar con nuestros especialistas lo antes posible.<\/li>\n<li><strong>Lesiones cerebrales<\/strong>: sufrir un accidente automovil\u00edstico puede aumentar significativamente el riesgo de sufrir lesiones cerebrales traum\u00e1ticas (LCT), que no siempre presentan s\u00edntomas inmediatos. Nuestro equipo utiliza tecnolog\u00eda de vanguardia para evaluar con precisi\u00f3n la gravedad del trauma cerebral y brindar planes de tratamiento personalizados.<\/li>\n<li><strong>Lesiones de la columna vertebral<\/strong>: los accidentes automovil\u00edsticos con frecuencia pueden provocar diversas lesiones en la columna, que pueden no ser evidentes de inmediato. Las opciones de tratamiento var\u00edan seg\u00fan el diagn\u00f3stico y pueden incluir inyecciones dirigidas, programas de rehabilitaci\u00f3n personalizados o intervenciones quir\u00fargicas avanzadas.<\/li>\n<\/ul>\n<h2>Atenci\u00f3n integral en Georgia Spine &amp; Ortopedia<\/h2>\n<p>Cuando eliges Georgia Spine &amp; Ortopedia para tu recuperaci\u00f3n post-accidente, no solo recibes tratamiento; Recibir\u00e1 atenci\u00f3n con un enfoque hol\u00edstico que se destaca en el manejo de afecciones ortop\u00e9dicas y de la columna. Su r\u00e9gimen de tratamiento incorpora t\u00e9cnicas de alivio del dolor de \u00faltima generaci\u00f3n, que incluyen inyecciones dirigidas, atenci\u00f3n ortop\u00e9dica avanzada y terapias neurol\u00f3gicas dise\u00f1adas para combatir las secuelas de las colisiones automovil\u00edsticas. El objetivo aqu\u00ed no es s\u00f3lo aliviar los s\u00edntomas, sino tambi\u00e9n restaurar la funcionalidad y mejorar la calidad de vida. Complementando sus t\u00e9cnicas m\u00e9dicas avanzadas, el enfoque centrado en el paciente de GSO garantiza que cada plan de tratamiento sea tan \u00fanico como el propio paciente.<\/p>\n<h2>Importancia de la visita inmediata al hospital despu\u00e9s de un accidente automovil\u00edstico<\/h2>\n<p>Buscar atenci\u00f3n m\u00e9dica inmediata despu\u00e9s de un accidente automovil\u00edstico es crucial no s\u00f3lo para su salud sino tambi\u00e9n para futuras reclamaciones de seguro. Retrasar una visita a un hospital o a un especialista como Georgia Spine &amp; La ortopedia puede exacerbar las lesiones subyacentes y complicar los procesos de su seguro. Una evaluaci\u00f3n temprana ayuda a documentar con precisi\u00f3n el impacto del incidente y establece un v\u00ednculo claro entre el accidente y sus lesiones, lo cual es vital a efectos del seguro. Adem\u00e1s, la atenci\u00f3n m\u00e9dica r\u00e1pida aumenta la probabilidad de una recuperaci\u00f3n completa al abordar condiciones potencialmente mortales e iniciar el tratamiento de lesiones que de otro modo pasar\u00edan desapercibidas.<\/p>\n<h2>Prioriza tu salud despu\u00e9s de un accidente automovil\u00edstico<\/h2>\n<p>Reconocer al socio de atenci\u00f3n m\u00e9dica adecuado despu\u00e9s de un accidente es fundamental para su recuperaci\u00f3n. En Georgia Spine &amp; Ortopedia, nos especializamos en el tratamiento de personas que sufren lesiones por accidentes automovil\u00edsticos, garantizando un proceso de recuperaci\u00f3n r\u00e1pido e integral. Nuestro enfoque hol\u00edstico integra el manejo del dolor, la ortopedia y la neurolog\u00eda, espec\u00edficamente dise\u00f1ado para combatir las complicaciones de las colisiones automovil\u00edsticas. Con instalaciones de \u00faltima generaci\u00f3n y un equipo multiling\u00fce, estamos preparados para abordar sus necesidades de forma eficaz.<\/p>\n<h2>P\u00f3ngase en contacto con los m\u00e9dicos con experiencia en accidentes automovil\u00edsticos de Tucker para sus lesiones hoy<\/h2>\n<p><img decoding=\"async\" class=\"alignnone wp-image-3286 size-full\" src=\"https:\/\/www.gaspineortho.com\/wp-content\/uploads\/2020\/12\/ga-spine-ortho-docs-e1715801958933.webp\" alt=\"The Tucker car accident doctor Team of Georgia Spine &amp; Orthopaedics\" width=\"500\" height=\"273\" \/><\/p>\n<p>No se demore en atender sus lesiones; priorice su salud comunic\u00e1ndose con Georgia Spine &amp; Ortopedia de inmediato. Para obtener atenci\u00f3n experta en lesiones por accidentes automovil\u00edsticos que combine la habilidad con una atenci\u00f3n sincera, comun\u00edquese con nosotros directamente a trav\u00e9s de nuestras ubicaciones en Metro Atlanta. La intervenci\u00f3n oportuna es el mejor paso para recuperar la funcionalidad y mejorar su calidad de vida. Ll\u00e1menos hoy al [tel\u00e9fono] y d\u00e9 un paso decisivo hacia su recuperaci\u00f3n.<\/p>\n","protected":false},"excerpt":{"rendered":"<p>Buscar atenci\u00f3n m\u00e9dica inmediata despu\u00e9s de un accidente automovil\u00edstico no s\u00f3lo es aconsejable; es crucial. Las consecuencias de un accidente automovil\u00edstico pueden dejarlo en estado de shock, enmascarando dolor y lesiones que podr\u00edan ser graves. Consulta inmediata con los m\u00e9dicos especialistas en accidentes automovil\u00edsticos de Georgia Spine &amp; La ortopedia garantiza que cualquier posible complicaci\u00f3n [&hellip;]<\/p>\n","protected":false},"author":25,"featured_media":0,"parent":7581,"menu_order":0,"comment_status":"closed","ping_status":"closed","template":"","meta":{"_acf_changed":false,"footnotes":""},"categories":[],"tags":[],"class_list":["post-7944","page","type-page","status-publish","hentry"],"acf":[],"_links":{"self":[{"href":"https:\/\/www.gaspineortho.com\/es\/wp-json\/wp\/v2\/pages\/7944","targetHints":{"allow":["GET"]}}],"collection":[{"href":"https:\/\/www.gaspineortho.com\/es\/wp-json\/wp\/v2\/pages"}],"about":[{"href":"https:\/\/www.gaspineortho.com\/es\/wp-json\/wp\/v2\/types\/page"}],"author":[{"embeddable":true,"href":"https:\/\/www.gaspineortho.com\/es\/wp-json\/wp\/v2\/users\/25"}],"replies":[{"embeddable":true,"href":"https:\/\/www.gaspineortho.com\/es\/wp-json\/wp\/v2\/comments?post=7944"}],"version-history":[{"count":4,"href":"https:\/\/www.gaspineortho.com\/es\/wp-json\/wp\/v2\/pages\/7944\/revisions"}],"predecessor-version":[{"id":12777,"href":"https:\/\/www.gaspineortho.com\/es\/wp-json\/wp\/v2\/pages\/7944\/revisions\/12777"}],"up":[{"embeddable":true,"href":"https:\/\/www.gaspineortho.com\/es\/wp-json\/wp\/v2\/pages\/7581"}],"wp:attachment":[{"href":"https:\/\/www.gaspineortho.com\/es\/wp-json\/wp\/v2\/media?parent=7944"}],"wp:term":[{"taxonomy":"category","embeddable":true,"href":"https:\/\/www.gaspineortho.com\/es\/wp-json\/wp\/v2\/categories?post=7944"},{"taxonomy":"post_tag","embeddable":true,"href":"https:\/\/www.gaspineortho.com\/es\/wp-json\/wp\/v2\/tags?post=7944"}],"curies":[{"name":"wp","href":"https:\/\/api.w.org\/{rel}","templated":true}]}}