{"id":7941,"date":"2024-05-16T07:59:33","date_gmt":"2024-05-16T12:59:33","guid":{"rendered":"https:\/\/www.gaspineortho.com\/motorcycle-accidents-in-marietta\/"},"modified":"2024-06-03T15:42:03","modified_gmt":"2024-06-03T20:42:03","slug":"accidentes-de-motocicleta-en-marietta","status":"publish","type":"page","link":"https:\/\/www.gaspineortho.com\/es\/accidentes-de-motocicleta-en-marietta\/","title":{"rendered":"Accidentes de motocicleta en Marietta"},"content":{"rendered":"<p><a href=\"https:\/\/www.gaspineortho.com\/wp-content\/uploads\/2024\/05\/shutterstock_1996982603.webp\"><img fetchpriority=\"high\" decoding=\"async\" class=\"alignnone wp-image-6037 size-full\" src=\"https:\/\/www.gaspineortho.com\/wp-content\/uploads\/2024\/05\/shutterstock_1996982603.webp\" alt=\"Motorcycle accidents in marietta action shot\" width=\"500\" height=\"334\" srcset=\"https:\/\/www.gaspineortho.com\/wp-content\/uploads\/2024\/05\/shutterstock_1996982603.webp 500w, https:\/\/www.gaspineortho.com\/wp-content\/uploads\/2024\/05\/shutterstock_1996982603-300x200.webp 300w\" sizes=\"(max-width: 500px) 100vw, 500px\" \/><\/a><\/p>\n<h2><b>Popularidad y simbolismo de las motocicletas en Georgia<\/b><\/h2>\n<p><span style=\"font-weight: 400;\">Las motocicletas son m\u00e1s que un simple medio de transporte en Georgia; simbolizan la libertad y la aventura. Muchos residentes de <a href=\"https:\/\/www.mariettaga.gov\" target=\"_blank\" rel=\"noopener\">Marietta<\/a> y del \u00e1rea metropolitana de Atlanta se sienten atra\u00eddos por la emoci\u00f3n y la sensaci\u00f3n de libertad que ofrece el motociclismo. Sin embargo, esta sensaci\u00f3n de libertad conlleva mayores riesgos de sufrir accidentes de motocicleta.<\/span><\/p>\n<h2><b>N\u00famero desproporcionado de muertes en accidentes de tr\u00e1nsito que involucran a motociclistas<\/b><\/h2>\n<p><span style=\"font-weight: 400;\">Los motociclistas se ven afectados de manera desproporcionada en las muertes por accidentes de tr\u00e1nsito en comparaci\u00f3n con los ocupantes de autom\u00f3viles. Sin las barreras protectoras que proporcionan los autom\u00f3viles, los motociclistas son particularmente vulnerables, lo que resalta la necesidad urgente de mayores medidas de seguridad y concientizaci\u00f3n sobre los accidentes de motocicleta.<\/span><\/p>\n<h2><b>Estad\u00edsticas sobre muertes de motociclistas de 2017 a 2020<\/b><\/h2>\n<p><span style=\"font-weight: 400;\">De 2017 a 2020, las muertes de motociclistas han sido alarmantemente altas, lo que enfatiza los riesgos inherentes involucrados. Las estad\u00edsticas muestran que las muertes relacionadas con motocicletas son significativamente mayores en comparaci\u00f3n con otras muertes relacionadas con veh\u00edculos, lo que subraya la necesidad cr\u00edtica de atenci\u00f3n m\u00e9dica inmediata y especializada para aquellos involucrados en accidentes de motocicleta.<\/span><\/p>\n<h2><b>Importancia de la atenci\u00f3n m\u00e9dica inmediata despu\u00e9s de accidentes de motocicleta<\/b><\/h2>\n<p><span style=\"font-weight: 400;\">Los accidentes de motocicleta a menudo resultan en lesiones graves y complejas que requieren atenci\u00f3n ortop\u00e9dica especializada. En Georgia Spine &amp; Ortopedia (GSO), brindamos instalaciones de \u00faltima generaci\u00f3n y un equipo de especialistas en ortopedia experimentados para abordar estas necesidades cr\u00edticas. Nuestra infraestructura m\u00e9dica avanzada nos permite ofrecer tratamientos de vanguardia, como inyecciones dirigidas para aliviar el dolor y atenci\u00f3n neurol\u00f3gica avanzada. Los planes de tratamiento personalizados son cruciales para controlar fracturas complejas, lesiones de columna y otras afecciones graves resultantes de accidentes de motocicleta. Nuestro equipo est\u00e1 comprometido a restaurar su funcionalidad y calidad de vida a trav\u00e9s de planes de atenci\u00f3n personalizados. Con un personal multiling\u00fce que habla ingl\u00e9s y espa\u00f1ol con fluidez, la OSG garantiza que todos los pacientes reciban atenci\u00f3n compasiva y accesible.<\/span><\/p>\n<p><a href=\"https:\/\/www.gaspineortho.com\/wp-content\/uploads\/2024\/05\/shutterstock_548091676.webp\"><img decoding=\"async\" class=\"alignnone wp-image-6032 size-full\" src=\"https:\/\/www.gaspineortho.com\/wp-content\/uploads\/2024\/05\/shutterstock_548091676.webp\" alt=\"Motorcycle accidents action shot\" width=\"500\" height=\"334\" srcset=\"https:\/\/www.gaspineortho.com\/wp-content\/uploads\/2024\/05\/shutterstock_548091676.webp 500w, https:\/\/www.gaspineortho.com\/wp-content\/uploads\/2024\/05\/shutterstock_548091676-300x200.webp 300w\" sizes=\"(max-width: 500px) 100vw, 500px\" \/><\/a><\/p>\n<h2><b>Tipos de lesiones por accidentes de motocicleta<\/b><\/h2>\n<h3><b>Erupci\u00f3n en la carretera<\/b><\/h3>\n<ul>\n<li><b>Causado por el contacto de la piel con la superficie de la carretera<\/b><span style=\"font-weight: 400;\"><br \/>\n<\/span><span style=\"font-weight: 400;\">Las erupciones en la carretera ocurren cuando la piel de un motociclista entra en contacto con la superficie de la carretera durante un accidente. Esta lesi\u00f3n puede comenzar como una simple abrasi\u00f3n de la piel, pero a menudo conduce a un da\u00f1o tisular m\u00e1s profundo, lo que requiere atenci\u00f3n ortop\u00e9dica inmediata y especializada.<\/span><\/li>\n<li><b>Riesgos de abrasiones, laceraciones y da\u00f1os en los tejidos profundos<\/b><span style=\"font-weight: 400;\"><br \/>\n<\/span><b><\/b>La gravedad de las erupciones en la carretera puede variar desde abrasiones menores hasta laceraciones graves y da\u00f1os en los tejidos profundos. Las complicaciones pueden incluir infecciones y cicatrices, por lo que el tratamiento oportuno es crucial. En Georgia Spine &amp; Ortopedia, nuestro equipo experimentado utiliza t\u00e9cnicas de \u00faltima generaci\u00f3n para manejar estas lesiones de manera efectiva, minimizando el da\u00f1o a largo plazo y promoviendo una recuperaci\u00f3n m\u00e1s r\u00e1pida.<span style=\"font-weight: 400;\"><br \/>\n<\/span><b><\/b><\/li>\n<\/ul>\n<h3><b>Fracturas<\/b><\/h3>\n<p><span style=\"font-weight: 400;\">Las fuerzas de alto impacto durante los accidentes de motocicleta con frecuencia provocan fracturas \u00f3seas. La mec\u00e1nica de un choque, como la desaceleraci\u00f3n repentina y el impacto directo con la carretera u otros veh\u00edculos, a menudo resulta en lesiones ortop\u00e9dicas graves. Los sitios de fractura comunes para los motociclistas incluyen las piernas, los brazos, las mu\u00f1ecas, las costillas y las clav\u00edculas. Estas fracturas pueden variar desde simples roturas hasta lesiones complejas y multifragmentarias que requieren atenci\u00f3n ortop\u00e9dica inmediata y especializada.<\/span><\/p>\n<h3><b>Lesiones en la cabeza<\/b><\/h3>\n<p><b>Lesiones cerebrales traum\u00e1ticas (TBI) incluso con el uso de casco<\/b><\/p>\n<p><span style=\"font-weight: 400;\">Los accidentes de motocicleta pueden provocar lesiones cerebrales traum\u00e1ticas (TBI) a pesar del uso de cascos. Los cascos ofrecen una protecci\u00f3n esencial, pero no son infalibles contra impactos severos.<\/span><\/p>\n<p><b>Van desde conmociones cerebrales hasta lesiones cerebrales graves<\/b><\/p>\n<p>Las <span style=\"font-weight: 400;\"><a href=\"https:\/\/www.gaspineortho.com\/es\/lesion-craneal\/\">Las lesiones en la cabeza<\/a> en accidentes de motocicleta var\u00edan ampliamente. Los ciclistas pueden sufrir desde conmociones cerebrales leves hasta lesiones cerebrales m\u00e1s graves, que afectan las funciones cognitivas y la calidad de vida. Comprender el espectro de lesiones en la cabeza es crucial para un tratamiento y una recuperaci\u00f3n eficaces.<\/span><\/p>\n<p><span style=\"font-weight: 400;\">En Georgia Spine &amp; Ortopedia, nos especializamos en el diagn\u00f3stico y tratamiento de lesiones en la cabeza con un enfoque hol\u00edstico. Nuestro equipo de neur\u00f3logos y especialistas en ortopedia con experiencia est\u00e1 equipado para manejar incluso los casos m\u00e1s complejos, garantizando planes de atenci\u00f3n personalizados para una recuperaci\u00f3n \u00f3ptima.<\/span><\/p>\n<h3><b>Lesiones de tejidos blandos<\/b><\/h3>\n<p><span style=\"font-weight: 400;\">Las lesiones de tejidos blandos son comunes en los accidentes de motocicleta e implican da\u00f1os a m\u00fasculos, tendones y ligamentos. Estas lesiones pueden incluir esguinces, torceduras y contusiones, que a menudo resultan de las fuerzas de alto impacto experimentadas durante un accidente. Los esguinces implican un estiramiento excesivo o desgarro de ligamentos, mientras que las distensiones afectan m\u00fasculos y tendones. Las contusiones, com\u00fanmente conocidas como hematomas, ocurren cuando los vasos sangu\u00edneos debajo de la piel se da\u00f1an, lo que provoca decoloraci\u00f3n e hinchaz\u00f3n.<\/span><\/p>\n<p><span style=\"font-weight: 400;\">En Georgia Spine &amp; Ortopedia (GSO), nos especializamos en diagnosticar y tratar estas lesiones complejas de tejidos blandos. Nuestras instalaciones de \u00faltima generaci\u00f3n y especialistas ortop\u00e9dicos experimentados est\u00e1n equipados para brindar planes de tratamiento personalizados para restaurar la funcionalidad y aliviar el dolor. Ya sea que est\u00e9 sufriendo un esguince grave o una distensi\u00f3n muscular debilitante, nuestro equipo est\u00e1 comprometido a ayudarlo a recuperarse de manera r\u00e1pida y efectiva.<\/span><\/p>\n<p><span style=\"font-weight: 400;\">Al centrarse en un enfoque hol\u00edstico de la atenci\u00f3n al paciente, GSO garantiza que se aborden todos los aspectos de su recuperaci\u00f3n, promoviendo la salud y el bienestar general. <a href=\"https:\/\/www.gaspineortho.com\/es\/contacto\/\">\u00a1Cont\u00e1ctanos<\/a> hoy!<\/span><\/p>\n","protected":false},"excerpt":{"rendered":"<p>Popularidad y simbolismo de las motocicletas en Georgia Las motocicletas son m\u00e1s que un simple medio de transporte en Georgia; simbolizan la libertad y la aventura. Muchos residentes de Marietta y del \u00e1rea metropolitana de Atlanta se sienten atra\u00eddos por la emoci\u00f3n y la sensaci\u00f3n de libertad que ofrece el motociclismo. Sin embargo, esta sensaci\u00f3n [&hellip;]<\/p>\n","protected":false},"author":44,"featured_media":0,"parent":0,"menu_order":0,"comment_status":"closed","ping_status":"closed","template":"","meta":{"_acf_changed":false,"footnotes":""},"categories":[],"tags":[],"class_list":["post-7941","page","type-page","status-publish","hentry"],"acf":[],"_links":{"self":[{"href":"https:\/\/www.gaspineortho.com\/es\/wp-json\/wp\/v2\/pages\/7941","targetHints":{"allow":["GET"]}}],"collection":[{"href":"https:\/\/www.gaspineortho.com\/es\/wp-json\/wp\/v2\/pages"}],"about":[{"href":"https:\/\/www.gaspineortho.com\/es\/wp-json\/wp\/v2\/types\/page"}],"author":[{"embeddable":true,"href":"https:\/\/www.gaspineortho.com\/es\/wp-json\/wp\/v2\/users\/44"}],"replies":[{"embeddable":true,"href":"https:\/\/www.gaspineortho.com\/es\/wp-json\/wp\/v2\/comments?post=7941"}],"version-history":[{"count":2,"href":"https:\/\/www.gaspineortho.com\/es\/wp-json\/wp\/v2\/pages\/7941\/revisions"}],"predecessor-version":[{"id":7943,"href":"https:\/\/www.gaspineortho.com\/es\/wp-json\/wp\/v2\/pages\/7941\/revisions\/7943"}],"wp:attachment":[{"href":"https:\/\/www.gaspineortho.com\/es\/wp-json\/wp\/v2\/media?parent=7941"}],"wp:term":[{"taxonomy":"category","embeddable":true,"href":"https:\/\/www.gaspineortho.com\/es\/wp-json\/wp\/v2\/categories?post=7941"},{"taxonomy":"post_tag","embeddable":true,"href":"https:\/\/www.gaspineortho.com\/es\/wp-json\/wp\/v2\/tags?post=7941"}],"curies":[{"name":"wp","href":"https:\/\/api.w.org\/{rel}","templated":true}]}}