{"id":7936,"date":"2024-05-15T10:31:32","date_gmt":"2024-05-15T15:31:32","guid":{"rendered":"https:\/\/www.gaspineortho.com\/marietta\/x-ray-services\/"},"modified":"2024-06-03T15:40:04","modified_gmt":"2024-06-03T20:40:04","slug":"servicios-de-rayos-x","status":"publish","type":"page","link":"https:\/\/www.gaspineortho.com\/es\/marietta\/servicios-de-rayos-x\/","title":{"rendered":"Servicios de rayos X de Marietta"},"content":{"rendered":"<p>Bienvenido a Georgia Spine &amp; Ortopedia (GSO), donde nos dedicamos a brindar servicios de rayos X de primer nivel en Marietta. En GSO, nos especializamos en abordar afecciones espinales y ortop\u00e9dicas complejas con un enfoque hol\u00edstico de la atenci\u00f3n al paciente.<\/p>\n<p>Nuestro enfoque en el manejo del dolor, la ortopedia y la neurolog\u00eda garantiza un tratamiento integral para las afecciones resultantes de colisiones automovil\u00edsticas y lesiones relacionadas con el trabajo.<\/p>\n<p>Al emplear t\u00e9cnicas de \u00faltima generaci\u00f3n, incluidas inyecciones dirigidas y tratamientos ortop\u00e9dicos y neurol\u00f3gicos avanzados, ayudamos a nuestros pacientes a recuperar la funcionalidad y la calidad de vida.<\/p>\n<p>Con un personal multiling\u00fce que domina el ingl\u00e9s y el espa\u00f1ol, brindamos atenci\u00f3n accesible y compasiva en m\u00faltiples ubicaciones de Metro <a href=\"https:\/\/www.gaspineortho.com\/es\/atlanta\/\">Atlanta<\/a>.<\/p>\n<h2>Comprensi\u00f3n de los rayos X<\/h2>\n<p><img fetchpriority=\"high\" decoding=\"async\" class=\"alignnone wp-image-4438\" src=\"https:\/\/www.gaspineortho.com\/wp-content\/uploads\/2024\/05\/services-xray-copy.webp\" alt=\"Close-up of an X-ray showing detailed images of a patient\u2019s spine in Marietta.\" width=\"500\" height=\"333\" srcset=\"https:\/\/www.gaspineortho.com\/wp-content\/uploads\/2024\/05\/services-xray-copy.webp 600w, https:\/\/www.gaspineortho.com\/wp-content\/uploads\/2024\/05\/services-xray-copy-300x200.webp 300w\" sizes=\"(max-width: 500px) 100vw, 500px\" \/><\/p>\n<p><span style=\"font-weight: 400;\">Los rayos X son una herramienta de diagn\u00f3stico no invasiva crucial para identificar diversas afecciones m\u00e9dicas. Estos poderosos rayos penetran en el cuerpo y producen im\u00e1genes de estructuras internas como huesos y \u00f3rganos. <\/span><\/p>\n<p><span style=\"font-weight: 400;\">Al comprender c\u00f3mo funcionan los rayos X, podemos apreciar su papel en el diagn\u00f3stico moderno, especialmente en la detecci\u00f3n de fracturas y dislocaciones.<\/span><\/p>\n<p><span style=\"font-weight: 400;\">En Georgia Spine &amp; En ortopedia, la seguridad del paciente es primordial. <a href=\"https:\/\/www.gaspineortho.com\/es\/nuestro-equipo\/\">Nuestro equipo<\/a> toma estrictas precauciones para minimizar la exposici\u00f3n, utilizando tecnolog\u00eda avanzada para garantizar una seguridad \u00f3ptima. <\/span><\/p>\n<p><span style=\"font-weight: 400;\">Las preocupaciones sobre la radiaci\u00f3n son comprensibles, pero tenga la seguridad de que nuestros procedimientos de rayos X est\u00e1n dise\u00f1ados pensando en su salud. Nuestro enfoque compasivo y atenci\u00f3n experta tienen como objetivo proporcionar diagn\u00f3sticos claros y precisos y, al mismo tiempo, garantizar su tranquilidad.<\/span><\/p>\n<h2>\u00bfQu\u00e9 nos pueden decir los rayos X digitales?<\/h2>\n<p><span style=\"font-weight: 400;\">Radiograf\u00edas digitales en Georgia Spine &amp; La ortopedia (GSO) cambia las reglas del juego en el diagn\u00f3stico m\u00e9dico. A diferencia de los rayos X tradicionales, los rayos X digitales ofrecen una calidad de imagen mejorada y resultados m\u00e1s r\u00e1pidos, lo que permite diagn\u00f3sticos m\u00e1s precisos. <\/span><\/p>\n<p><span style=\"font-weight: 400;\">Estas t\u00e9cnicas de imagen avanzadas pueden revelar una amplia gama de afecciones, desde fracturas y dislocaciones hasta anomal\u00edas de las articulaciones y problemas de la columna. Las radiograf\u00edas digitales no s\u00f3lo son m\u00e1s r\u00e1pidas sino tambi\u00e9n m\u00e1s seguras y exponen a los pacientes a menos radiaci\u00f3n. <\/span><\/p>\n<p><span style=\"font-weight: 400;\">En GSO, utilizamos equipos de \u00faltima generaci\u00f3n para garantizar un diagn\u00f3stico preciso y r\u00e1pido, lo cual es crucial para una planificaci\u00f3n de tratamiento eficaz. <\/span><\/p>\n<p><span style=\"font-weight: 400;\">Esta ventaja tecnol\u00f3gica nos ayuda a abordar las lesiones y afecciones derivadas de colisiones automovil\u00edsticas e incidentes relacionados con el trabajo, garantizando que nuestros pacientes recuperen la funcionalidad y la calidad de vida r\u00e1pidamente.<\/span><\/p>\n<h2>Importancia de los rayos X despu\u00e9s de un accidente<\/h2>\n<p><img decoding=\"async\" class=\"alignnone wp-image-3935 size-full\" src=\"https:\/\/www.gaspineortho.com\/wp-content\/uploads\/2024\/05\/shutterstock_1789461236-min.jpg\" alt=\"Medical professional in Marietta reviewing X-ray results with a patient for diagnosis.\" width=\"500\" height=\"334\" srcset=\"https:\/\/www.gaspineortho.com\/wp-content\/uploads\/2024\/05\/shutterstock_1789461236-min.jpg 500w, https:\/\/www.gaspineortho.com\/wp-content\/uploads\/2024\/05\/shutterstock_1789461236-min-300x200.jpg 300w\" sizes=\"(max-width: 500px) 100vw, 500px\" \/><\/p>\n<h3>Razones por las que los rayos X son cruciales despu\u00e9s de un accidente<\/h3>\n<p><span style=\"font-weight: 400;\">Realizar una radiograf\u00eda inmediatamente despu\u00e9s de un accidente es vital para evaluar el alcance de las lesiones. En Georgia Spine &amp; Ortopedia (GSO), entendemos que las im\u00e1genes oportunas pueden ser cruciales para una planificaci\u00f3n eficaz del tratamiento. <\/span><\/p>\n<p><span style=\"font-weight: 400;\">Los rayos X permiten a nuestros especialistas ortop\u00e9dicos identificar fracturas, dislocaciones y otras lesiones ocultas que pueden no ser inmediatamente obvias.<\/span><\/p>\n<h3>Beneficios de hacerse una radiograf\u00eda despu\u00e9s de un accidente<\/h3>\n<p><span style=\"font-weight: 400;\">El diagn\u00f3stico temprano mediante rayos X ayuda a prevenir complicaciones y garantiza un camino de tratamiento claro. Adem\u00e1s, los rayos X desempe\u00f1an un papel clave en la documentaci\u00f3n de lesiones, lo que puede ser esencial para reclamaciones de seguros y fines legales. <\/span><\/p>\n<p><span style=\"font-weight: 400;\">Al elegir GSO para sus necesidades de rayos X, garantiza una evaluaci\u00f3n exhaustiva y precisa, allanando el camino para una recuperaci\u00f3n m\u00e1s r\u00e1pida y tranquilidad.<\/span><\/p>\n<p><span style=\"font-weight: 400;\">En GSO, aprovechamos la tecnolog\u00eda de rayos X digital de \u00faltima generaci\u00f3n para ofrecer resultados r\u00e1pidos y detallados, garantizando que cada paciente reciba la m\u00e1s alta calidad de atenci\u00f3n.<\/span ><\/p>\n<h2>Accidentes que podr\u00edan requerir rayos X para su tratamiento<\/h2>\n<p><span style=\"font-weight: 400;\">En Georgia Spine &amp; En ortopedia, entendemos la necesidad cr\u00edtica de realizar diagn\u00f3sticos precisos despu\u00e9s de diversos tipos de accidentes. Los rayos X suelen ser esenciales para evaluar las lesiones causadas por accidentes automovil\u00edsticos, ya que proporcionan im\u00e1genes claras para evaluar fracturas, dislocaciones y otros traumatismos. <\/span><\/p>\n<p><span style=\"font-weight: 400;\">Del mismo modo, las lesiones deportivas con frecuencia requieren im\u00e1genes de rayos X para diagnosticar problemas como desgarros de ligamentos y anomal\u00edas de las articulaciones.<\/span><\/p>\n<p><span style=\"font-weight: 400;\">Los incidentes de resbalones y ca\u00eddas son otra causa com\u00fan de lesiones que se benefician del an\u00e1lisis de rayos X inmediato, lo que ayuda a identificar cualquier da\u00f1o oculto en los huesos y tejidos blandos. <\/span><\/p>\n<p><span style=\"font-weight: 400;\">Los accidentes laborales, especialmente aquellos que involucran maquinaria pesada, tambi\u00e9n requieren ex\u00e1menes de rayos X exhaustivos para garantizar un diagn\u00f3stico preciso y una planificaci\u00f3n de tratamiento eficaz.<\/span><\/p>\n<p><span style=\"font-weight: 400;\">Al ofrecer radiograf\u00edas digitales de \u00faltima generaci\u00f3n, Georgia Spine &amp; La ortopedia garantiza evaluaciones r\u00e1pidas y precisas en estos escenarios de accidentes, lo que respalda nuestra misi\u00f3n de restaurar su salud y funcionalidad de manera eficiente.<\/span><\/p>\n<h2>Diagn\u00f3stico y tratamiento r\u00e1pidos en Georgia Spine &amp; Ortopedia<\/h2>\n<p><span style=\"font-weight: 400;\">En Georgia Spine &amp; En ortopedia, priorizamos el diagn\u00f3stico r\u00e1pido y los planes de tratamiento personalizados para acelerar su proceso de recuperaci\u00f3n. Nuestra tecnolog\u00eda de rayos X digital de \u00faltima generaci\u00f3n permite obtener im\u00e1genes r\u00e1pidas y precisas, lo que garantiza que identifiquemos las lesiones con prontitud. <\/span><\/p>\n<p><span style=\"font-weight: 400;\">Este r\u00e1pido diagn\u00f3stico permite a nuestro equipo desarrollar planes de tratamiento individualizados adaptados a sus necesidades espec\u00edficas, mejorando tanto la recuperaci\u00f3n como la calidad de vida en general.<\/span><\/p>\n<p><span style=\"font-weight: 400;\">Nuestro equipo de expertos combina profesionalismo con un enfoque compasivo en la atenci\u00f3n al paciente. <\/span><\/p>\n<p><span style=\"font-weight: 400;\">We understand the stress and discomfort that follow accidents, and our multilingual staff, fluent in English and Spanish, ensures you feel supported and understood. <\/span><\/p>\n<p><span style=\"font-weight: 400;\">En Georgia Spine &amp; En ortopedia, personificamos nuestro esp\u00edritu, \u00abLa habilidad para curar, el coraz\u00f3n para cuidar\u00bb, brindando excelencia m\u00e9dica y atenci\u00f3n sincera.<\/span><\/p>\n<h2>Concluyendo su b\u00fasqueda de servicios de rayos X de primer nivel en Marietta, GA<\/h2>\n<p>Cuando se trata de obtener servicios de rayos X de alta calidad en Marietta, Georgia Spine &amp; La ortopedia es su destino de confianza. Nos aseguramos de que cada radiograf\u00eda se realice con precisi\u00f3n y cuidado, brind\u00e1ndole resultados claros y precisos.<\/p>\n<p>Nuestro equipo est\u00e1 comprometido a apoyarlo en cada paso de su recorrido de diagn\u00f3stico, desde la programaci\u00f3n hasta la interpretaci\u00f3n de los resultados.<\/p>\n<p><span style=\"font-weight: 400;\">Elegir Georgia Spine &amp; La ortopedia para sus servicios de rayos X en Marietta le garantiza beneficiarse de im\u00e1genes digitales avanzadas, diagn\u00f3stico r\u00e1pido y planes de tratamiento personalizados. <\/span><\/p>\n<p><span style=\"font-weight: 400;\">Nuestro equipo compasivo y multiling\u00fce, que incluye expertos como el Dr. Erik Bendiks, se dedica a restaurar su salud y calidad de vida.<\/span><\/p>\n<h2>P\u00f3ngase en contacto con Georgia Spine &amp; Ortopedia para sus servicios de im\u00e1genes hoy<\/h2>\n<p><img decoding=\"async\" class=\"alignnone wp-image-3286\" src=\"https:\/\/www.gaspineortho.com\/wp-content\/uploads\/2020\/12\/ga-spine-ortho-docs.webp\" alt=\"The team experienced x-ray technicians of Georgia Spine &amp; Orthopaedics\" width=\"500\" height=\"273\" \/><\/p>\n<p><span style=\"font-weight: 400;\">Si necesita servicios de rayos X de primer nivel en Marietta, no busque m\u00e1s: Georgia Spine &amp; Ortopedia (GSO). Nuestro equipo est\u00e1 dedicado a brindar diagn\u00f3sticos precisos y oportunos para ayudarlo a recuperarse r\u00e1pidamente. <\/span><\/p>\n<p><span style=\"font-weight: 400;\">Ya sea que haya tenido un accidente automovil\u00edstico, haya sufrido una lesi\u00f3n deportiva o haya experimentado un percance en el lugar de trabajo, nuestros profesionales experimentados est\u00e1n aqu\u00ed para ayudarlo.<\/span><\/p>\n<p><span style=\"font-weight: 400;\">En GSO, nuestro enfoque hol\u00edstico integra el manejo del dolor, la ortopedia y la neurolog\u00eda para garantizar una atenci\u00f3n integral. <\/span><\/p>\n<p><span style=\"font-weight: 400;\">Nuestro personal multiling\u00fce, incluido el experto cirujano de columna Dr. Erik Bendiks, ofrece un servicio compasivo tanto en ingl\u00e9s como en espa\u00f1ol. Lo invitamos a experimentar nuestra tecnolog\u00eda de diagn\u00f3stico de \u00faltima generaci\u00f3n y planes de tratamiento personalizados dise\u00f1ados para restaurar su calidad de vida.<\/span><\/p>\n<p><span style=\"font-weight: 400;\">Para citas y consultas, cont\u00e1ctenos hoy al [tel\u00e9fono] y perm\u00edtanos brindarle la atenci\u00f3n excepcional que se merece. Columna vertebral de Georgia y Ortopedia: la habilidad para sanar, el coraz\u00f3n para cuidar.<\/span><\/p>\n","protected":false},"excerpt":{"rendered":"<p>Bienvenido a Georgia Spine &amp; Ortopedia (GSO), donde nos dedicamos a brindar servicios de rayos X de primer nivel en Marietta. En GSO, nos especializamos en abordar afecciones espinales y ortop\u00e9dicas complejas con un enfoque hol\u00edstico de la atenci\u00f3n al paciente. Nuestro enfoque en el manejo del dolor, la ortopedia y la neurolog\u00eda garantiza un [&hellip;]<\/p>\n","protected":false},"author":44,"featured_media":0,"parent":7566,"menu_order":0,"comment_status":"closed","ping_status":"closed","template":"","meta":{"_acf_changed":false,"footnotes":""},"categories":[],"tags":[],"class_list":["post-7936","page","type-page","status-publish","hentry"],"acf":[],"_links":{"self":[{"href":"https:\/\/www.gaspineortho.com\/es\/wp-json\/wp\/v2\/pages\/7936","targetHints":{"allow":["GET"]}}],"collection":[{"href":"https:\/\/www.gaspineortho.com\/es\/wp-json\/wp\/v2\/pages"}],"about":[{"href":"https:\/\/www.gaspineortho.com\/es\/wp-json\/wp\/v2\/types\/page"}],"author":[{"embeddable":true,"href":"https:\/\/www.gaspineortho.com\/es\/wp-json\/wp\/v2\/users\/44"}],"replies":[{"embeddable":true,"href":"https:\/\/www.gaspineortho.com\/es\/wp-json\/wp\/v2\/comments?post=7936"}],"version-history":[{"count":3,"href":"https:\/\/www.gaspineortho.com\/es\/wp-json\/wp\/v2\/pages\/7936\/revisions"}],"predecessor-version":[{"id":7940,"href":"https:\/\/www.gaspineortho.com\/es\/wp-json\/wp\/v2\/pages\/7936\/revisions\/7940"}],"up":[{"embeddable":true,"href":"https:\/\/www.gaspineortho.com\/es\/wp-json\/wp\/v2\/pages\/7566"}],"wp:attachment":[{"href":"https:\/\/www.gaspineortho.com\/es\/wp-json\/wp\/v2\/media?parent=7936"}],"wp:term":[{"taxonomy":"category","embeddable":true,"href":"https:\/\/www.gaspineortho.com\/es\/wp-json\/wp\/v2\/categories?post=7936"},{"taxonomy":"post_tag","embeddable":true,"href":"https:\/\/www.gaspineortho.com\/es\/wp-json\/wp\/v2\/tags?post=7936"}],"curies":[{"name":"wp","href":"https:\/\/api.w.org\/{rel}","templated":true}]}}