{"id":7930,"date":"2024-05-15T12:39:05","date_gmt":"2024-05-15T17:39:05","guid":{"rendered":"https:\/\/www.gaspineortho.com\/marietta\/workplace-injury-treatment\/"},"modified":"2024-06-03T15:37:48","modified_gmt":"2024-06-03T20:37:48","slug":"tratamiento-de-lesiones-en-el-trabajo","status":"publish","type":"page","link":"https:\/\/www.gaspineortho.com\/es\/marietta\/tratamiento-de-lesiones-en-el-trabajo\/","title":{"rendered":"Tratamiento de lesiones en el lugar de trabajo de Marietta"},"content":{"rendered":"<p>Desafortunadamente, las lesiones laborales son bastante comunes y algunas pueden ser debilitantes. Muchas lesiones laborales se deben a entornos laborales peligrosos, exposici\u00f3n a sustancias nocivas y exigencias f\u00edsicas extenuantes.<\/p>\n<p>Ya sea una ca\u00edda en el trabajo o una tendinitis por movimientos f\u00edsicos repetitivos, una lesi\u00f3n en el lugar de trabajo puede causar un dolor significativo. Descuidar tales lesiones puede conducir potencialmente a afecciones m\u00e1s graves, por lo que es fundamental que un m\u00e9dico eval\u00fae y trate la lesi\u00f3n con prontitud.<\/p>\n<p>Columna vertebral de Georgia y Ortopedia se dedica a ayudarlo a regresar a su vida normal y a trabajar de la manera m\u00e1s r\u00e1pida y sin dolor posible. Nuestro equipo se especializa en una amplia gama de condiciones y tratamientos, ofreciendo soluciones personalizadas adaptadas a sus necesidades.<\/p>\n<p>Desde opciones de atenci\u00f3n de urgencia hasta servicios quir\u00fargicos avanzados para el manejo del dolor, podemos ser su socio en su viaje para tratar y recuperarse de lesiones laborales.<\/p>\n<h2>Qu\u00e9 hacer si ha sufrido una lesi\u00f3n laboral<\/h2>\n<p><img fetchpriority=\"high\" decoding=\"async\" class=\"alignnone wp-image-3349\" src=\"https:\/\/www.gaspineortho.com\/wp-content\/uploads\/2024\/05\/shutterstock_1817043515-copy.webp\" alt=\"A young woman works with a physical therapist on her shoulder that she hurt in a workplace injury\" width=\"500\" height=\"334\" srcset=\"https:\/\/www.gaspineortho.com\/wp-content\/uploads\/2024\/05\/shutterstock_1817043515-copy.webp 1000w, https:\/\/www.gaspineortho.com\/wp-content\/uploads\/2024\/05\/shutterstock_1817043515-copy-300x200.webp 300w, https:\/\/www.gaspineortho.com\/wp-content\/uploads\/2024\/05\/shutterstock_1817043515-copy-768x512.webp 768w\" sizes=\"(max-width: 500px) 100vw, 500px\" \/><\/p>\n<p>Cuando se lesiona en el trabajo, hay varios pasos que debe seguir para salvaguardar su salud y asegurarse de recibir beneficios completos de compensaci\u00f3n laboral por la lesi\u00f3n:<\/p>\n<ul>\n<li><strong>Informe la lesi\u00f3n con prontitud:<\/strong> Notifique a su gerente o supervisor lo antes posible despu\u00e9s de la lesi\u00f3n. Lo ideal es documentar el incidente y las lesiones por escrito.<\/li>\n<li><strong>Busca atenci\u00f3n m\u00e9dica:<\/strong> Tu salud es una prioridad. Incluso las lesiones aparentemente menores deben ser examinadas por un m\u00e9dico cualificado. En caso de lesiones graves, visite una sala de emergencias o un centro de atenci\u00f3n de urgencia local.<\/li>\n<li><strong>Documente todo:<\/strong> mantenga registros de todo lo relacionado con su lesi\u00f3n, incluidos informes m\u00e9dicos, facturas y correspondencia con su empleador y su compa\u00f1\u00eda de seguros.<\/li>\n<li><strong>Regrese al trabajo solo cuando est\u00e9 completamente recuperado:<\/strong> Para minimizar el riesgo de prolongar la recuperaci\u00f3n y empeorar la lesi\u00f3n, regrese al trabajo solo despu\u00e9s de la recuperaci\u00f3n completa. Consulte con nuestro personal para obtener orientaci\u00f3n sobre c\u00f3mo determinar si est\u00e1 listo para regresar al trabajo.<\/li>\n<\/ul>\n<h2>Causas de las lesiones laborales<\/h2>\n<p>Algunos de los tipos m\u00e1s comunes de lesiones laborales que se encuentran en Georgia Spine &amp; La ortopedia incluye:<\/p>\n<ul>\n<li><strong>Lesiones por esfuerzo excesivo:<\/strong> causadas por actividades extenuantes como levantar, empujar, tirar, transportar y arrojar objetos en el trabajo.<\/li>\n<li><strong>Resbalones\/tropezones:<\/strong> lesiones resultantes de ca\u00eddas sobre superficies mojadas o resbaladizas o tropiezos con obst\u00e1culos.<\/li>\n<li><strong>Ca\u00eddas desde alturas:<\/strong> Lesiones por ca\u00eddas desde \u00e1reas elevadas como techos, escaleras o escaleras.<\/li>\n<li><strong>Lesiones por reacci\u00f3n:<\/strong> lesiones por resbalones o tropezones sin caer, que provocan distensiones musculares, traumatismos corporales y diversos problemas m\u00e9dicos.<\/li>\n<li><strong>Lesiones por ca\u00edda de objetos:<\/strong> Lesiones causadas por objetos que caen de los estantes o que otros los dejan caer, lo que a menudo resulta en lesiones graves en la cabeza.<\/li>\n<li><strong>Caminar sobre lesiones:<\/strong> colisiones accidentales con objetos estacionarios como paredes, puertas, gabinetes, mesas y sillas.<\/li>\n<li><strong>Accidentes de veh\u00edculos:<\/strong> lesiones sufridas por empleados que conducen con fines comerciales, que a menudo implican colisiones automovil\u00edsticas.<\/li>\n<li><strong>Accidentes de maquinaria:<\/strong> lesiones que ocurren en entornos de f\u00e1brica que involucran maquinaria y equipos pesados, donde las m\u00e1quinas pesadas mutilan o aplastan a un empleado.<\/li>\n<li><strong>Lesiones por movimientos repetitivos:<\/strong> da\u00f1os a largo plazo por acciones repetitivas como escribir a m\u00e1quina y usar la computadora, lo que provoca afecciones como el s\u00edndrome del t\u00fanel carpiano, problemas de visi\u00f3n, distensiones musculares y dolor de espalda.<\/li>\n<\/ul>\n<h2>Precauciones para prevenir lesiones ortop\u00e9dicas relacionadas con el trabajo<\/h2>\n<p><img decoding=\"async\" class=\"alignnone wp-image-3307\" src=\"https:\/\/www.gaspineortho.com\/wp-content\/uploads\/2024\/05\/shutterstock_726176974-copy.webp\" alt=\"Un hombre lo agarra del cuello y dolor de espalda causado por una lesi\u00f3n laboral\" width=\"500\" height=\"364\" srcset=\"https:\/\/www.gaspineortho.com\/wp-content\/uploads\/2024\/05\/shutterstock_726176974-copy.webp 1000w, https:\/\/www.gaspineortho.com\/wp-content\/uploads\/2024\/05\/shutterstock_726176974-copy-300x218.webp 300w, https:\/\/www.gaspineortho.com\/wp-content\/uploads\/2024\/05\/shutterstock_726176974-copy-768x559.webp 768w\" sizes=\"(max-width: 500px) 100vw, 500px\" \/><\/p>\n<p>Existen ciertas medidas que los trabajadores pueden tomar para ayudar a prevenir accidentes y lesiones relacionados con el trabajo:<\/p>\n<ul>\n<li><strong>Adopte la forma y la t\u00e9cnica adecuadas:<\/strong> aprenda y aplique la forma y la t\u00e9cnica correctas para diversas tareas laborales para reducir significativamente el riesgo de tensi\u00f3n y lesiones. V\u00edstase apropiadamente para el trabajo para evitar que la ropa holgada quede atrapada en m\u00e1quinas o productos qu\u00edmicos.<\/li>\n<li><strong>Incorpore descansos regulares:<\/strong> Realice varios descansos durante la jornada laboral para descansar y estirarse, reduciendo la fatiga y las lesiones por uso excesivo. Incluso en entornos de oficina, lev\u00e1ntese, mu\u00e9vase con regularidad y realice estiramientos.<\/li>\n<li><strong>Utilice el equipo adecuado:<\/strong> Emplee las herramientas y el equipo correctos para las tareas laborales para reducir el riesgo de accidentes y lesiones. Participe en capacitaci\u00f3n laboral para aprender a operar equipos de manera segura y realizar tareas laborales con riesgos m\u00ednimos.<\/li>\n<li><strong>Informe de inmediato las lesiones:<\/strong> informe de inmediato cualquier lesi\u00f3n a su supervisor para garantizar un tratamiento oportuno e implementar medidas de seguridad en el lugar de trabajo contra futuros accidentes.<\/li>\n<\/ul>\n<p>&nbsp;<\/p>\n<p>Si bien los accidentes no siempre se pueden evitar por completo, tomar medidas de precauci\u00f3n puede ayudar a protegerlo a usted y a otras personas en el lugar de trabajo.<\/p>\n<h2>Lesiones laborales comunes<\/h2>\n<p>En Georgia Spine &amp; En ortopedia, com\u00fanmente nos encontramos con las siguientes lesiones laborales:<\/p>\n<ul>\n<li><strong>Lesiones musculoesquel\u00e9ticas:<\/strong> estas lesiones afectan a m\u00fasculos, ligamentos, tendones, articulaciones y huesos y pueden resultar de movimientos repetitivos, uso excesivo o traumatismos.<\/li>\n<li><strong>Lesiones de la columna cervical:<\/strong> Lesiones en la columna cervical del cuello, cr\u00edticas pero vulnerables, a menudo causadas por accidentes deportivos y laborales.<\/li>\n<li><strong>Dislocaciones:<\/strong> Ocurren cuando un hueso es forzado a salirse de su posici\u00f3n normal, a menudo causada por <a href=\"https:\/\/www.gaspineortho.com\/es\/marietta\/medico-accidente- automovilistico\/\">accidentes automovil\u00edsticos<\/a>, ca\u00eddas y eventos traum\u00e1ticos.<\/li>\n<li><strong>Fracturas:<\/strong> huesos rotos a menudo causados \u200b\u200bpor lesiones corporales traum\u00e1ticas por accidentes como resbalones, ca\u00eddas y golpes directos al cuerpo.<\/li>\n<li><strong>Lesiones de la columna tor\u00e1cica:<\/strong> las fracturas que afectan la parte media de la espalda pueden provocar par\u00e1lisis o problemas de movilidad, a menudo derivados de accidentes impactantes.<\/li>\n<li><strong>Lesiones de la columna lumbar:<\/strong> Lesiones en la parte baja de la espalda que pueden afectar la funci\u00f3n de la cadera y las piernas, y que a veces requieren dispositivos de apoyo.<\/li>\n<li><strong>Hernia de disco:<\/strong> cuando los discos espinales se hernian, pueden comprimir los nervios, provocando dolor y entumecimiento.<\/li>\n<li><strong>Lesiones de la m\u00e9dula espinal:<\/strong> Las lesiones directas a la m\u00e9dula espinal pueden provocar par\u00e1lisis o p\u00e9rdida de funci\u00f3n, lo que requiere estabilizaci\u00f3n inmediata.<\/li>\n<\/ul>\n<h2>Tratamiento de Accidentes Laborales<\/h2>\n<p>El enfoque de tratamiento de las lesiones laborales en Georgia Spine &amp; La ortopedia var\u00eda seg\u00fan la naturaleza y gravedad de la lesi\u00f3n. Si bien las lesiones m\u00e1s graves pueden requerir tratamientos intensivos y potencialmente invasivos, siempre comenzamos con un enfoque no invasivo:<\/p>\n<ul>\n<li><strong>Tratamientos no invasivos:<\/strong> comenzamos con t\u00e9cnicas como medicamentos, ejercicio, terapia y rehabilitaci\u00f3n para abordar lesiones menores y promover la curaci\u00f3n.<\/li>\n<li><strong>M\u00e9todo RICE:<\/strong> Para lesiones menores, el tratamiento a menudo implica el <a href=\"https:\/\/www.webmd.com\/first-aid\/rice-method-injuries\" target=\"_blank \" rel=\"noopener\">M\u00e9todo RICE<\/a>: reposo, hielo, compresi\u00f3n y elevaci\u00f3n.<\/li>\n<li><strong>Intervenciones:<\/strong> Las lesiones m\u00e1s graves pueden requerir intervenciones como <a href=\"https:\/\/www.gaspineortho.com\/es\/marietta\/fisioterapia\/\">fisioterapia<\/a>, medicamentos o procedimientos quir\u00fargicos.<\/li>\n<\/ul>\n<h2>Manejo del dolor<\/h2>\n<p>En Georgia Spine &amp; En Ortopedia, ofrecemos diversos tratamientos para aliviar las molestias articulares y musculares:<\/p>\n<ul>\n<li>Ejercicios espec\u00edficos<\/li>\n<li>Planes de medicaci\u00f3n personalizados<\/li>\n<li>Reemplazo de articulaciones<\/li>\n<li>Fisioterapia<\/li>\n<li>Medicina regenerativa (p. ej., terapia con plasma rico en plaquetas)<\/li>\n<li>Tratamientos de fracturas \u00f3seas<\/li>\n<li>Refuerzo y refuerzo Fundici\u00f3n<\/li>\n<li><a href=\"https:\/\/www.gaspineortho.com\/es\/marietta\/cirugia-ortopedica-marietta\/\">Cirug\u00eda Ortop\u00e9dica<\/a><\/li>\n<li>Tratamientos no quir\u00fargicos de la columna (p. ej., inyecciones epidurales de esteroides, ablaci\u00f3n por radiofrecuencia)<\/li>\n<\/ul>\n<p>&nbsp;<\/p>\n<p>Nuestro equipo de m\u00e9dicos compasivos y capacitados personaliza los planes de tratamiento para adaptarse a la situaci\u00f3n y necesidades \u00fanicas de cada paciente.<\/p>\n<h2>Administremos su tratamiento de lesiones en el lugar de trabajo<\/h2>\n<p><img decoding=\"async\" class=\"alignnone size-full wp-image-3286\" src=\"https:\/\/www.gaspineortho.com\/wp-content\/uploads\/2020\/12\/ga-spine-ortho-docs-e1715801958933.webp\" alt=\"The Team of Georgia Spine &amp; Orthopaedics\" width=\"500\" height=\"273\" \/><\/p>\n<p>Columna vertebral de Georgia y La ortopedia comprende la importancia de la atenci\u00f3n oportuna. Cuando programe una cita con nuestra cl\u00ednica, diagnosticaremos su lesi\u00f3n, personalizaremos su tratamiento y lo conectaremos con el m\u00e9dico adecuado.<\/p>\n<p>Ll\u00e1menos hoy al [tel\u00e9fono] para programar una cita y comenzar su viaje hacia la recuperaci\u00f3n total de su lesi\u00f3n laboral.<\/p>\n","protected":false},"excerpt":{"rendered":"<p>Desafortunadamente, las lesiones laborales son bastante comunes y algunas pueden ser debilitantes. Muchas lesiones laborales se deben a entornos laborales peligrosos, exposici\u00f3n a sustancias nocivas y exigencias f\u00edsicas extenuantes. Ya sea una ca\u00edda en el trabajo o una tendinitis por movimientos f\u00edsicos repetitivos, una lesi\u00f3n en el lugar de trabajo puede causar un dolor significativo. [&hellip;]<\/p>\n","protected":false},"author":44,"featured_media":0,"parent":7566,"menu_order":0,"comment_status":"closed","ping_status":"closed","template":"","meta":{"_acf_changed":false,"footnotes":""},"categories":[],"tags":[],"class_list":["post-7930","page","type-page","status-publish","hentry"],"acf":[],"_links":{"self":[{"href":"https:\/\/www.gaspineortho.com\/es\/wp-json\/wp\/v2\/pages\/7930","targetHints":{"allow":["GET"]}}],"collection":[{"href":"https:\/\/www.gaspineortho.com\/es\/wp-json\/wp\/v2\/pages"}],"about":[{"href":"https:\/\/www.gaspineortho.com\/es\/wp-json\/wp\/v2\/types\/page"}],"author":[{"embeddable":true,"href":"https:\/\/www.gaspineortho.com\/es\/wp-json\/wp\/v2\/users\/44"}],"replies":[{"embeddable":true,"href":"https:\/\/www.gaspineortho.com\/es\/wp-json\/wp\/v2\/comments?post=7930"}],"version-history":[{"count":3,"href":"https:\/\/www.gaspineortho.com\/es\/wp-json\/wp\/v2\/pages\/7930\/revisions"}],"predecessor-version":[{"id":7935,"href":"https:\/\/www.gaspineortho.com\/es\/wp-json\/wp\/v2\/pages\/7930\/revisions\/7935"}],"up":[{"embeddable":true,"href":"https:\/\/www.gaspineortho.com\/es\/wp-json\/wp\/v2\/pages\/7566"}],"wp:attachment":[{"href":"https:\/\/www.gaspineortho.com\/es\/wp-json\/wp\/v2\/media?parent=7930"}],"wp:term":[{"taxonomy":"category","embeddable":true,"href":"https:\/\/www.gaspineortho.com\/es\/wp-json\/wp\/v2\/categories?post=7930"},{"taxonomy":"post_tag","embeddable":true,"href":"https:\/\/www.gaspineortho.com\/es\/wp-json\/wp\/v2\/tags?post=7930"}],"curies":[{"name":"wp","href":"https:\/\/api.w.org\/{rel}","templated":true}]}}