{"id":7921,"date":"2024-05-15T14:03:55","date_gmt":"2024-05-15T19:03:55","guid":{"rendered":"https:\/\/www.gaspineortho.com\/marietta\/truck-accident-injury-treatment\/"},"modified":"2024-06-03T15:32:31","modified_gmt":"2024-06-03T20:32:31","slug":"tratamiento-de-lesiones-por-accidente-de-camion","status":"publish","type":"page","link":"https:\/\/www.gaspineortho.com\/es\/marietta\/tratamiento-de-lesiones-por-accidente-de-camion\/","title":{"rendered":"Tratamiento de lesiones por accidentes de camiones en Marietta"},"content":{"rendered":"<h2>Tratamiento de lesiones por accidentes de camiones Marietta, GA<\/h2>\n<p>Los accidentes de camiones se encuentran entre los incidentes m\u00e1s devastadores en nuestras carreteras en la actualidad. El gran tama\u00f1o y peso de los camiones contribuyen significativamente a la gravedad de las lesiones y da\u00f1os a la propiedad que sufren los involucrados. En la mayor\u00eda de los casos, estos accidentes provocan lesiones catastr\u00f3ficas a los pasajeros del veh\u00edculo m\u00e1s peque\u00f1o involucrado.<\/p>\n<p>Si ha estado involucrado en un accidente de cami\u00f3n, buscar atenci\u00f3n m\u00e9dica adecuada deber\u00eda ser una de sus principales prioridades. En Georgia Spine &amp; Ortopedia, nuestros m\u00e9dicos certificados se especializan en el tratamiento de lesiones sufridas en accidentes de camiones. Nuestro centro se dedica a brindar atenci\u00f3n ortop\u00e9dica integral a personas afectadas por eventos traum\u00e1ticos de este tipo.<\/p>\n<p>Entendemos el costo f\u00edsico, emocional y financiero que puede tener un accidente de cami\u00f3n. Es por eso que estamos comprometidos a brindar atenci\u00f3n compasiva y personalizada para ayudarlo a sanar y recuperar su vida. P\u00f3ngase en contacto con nosotros al [tel\u00e9fono] para programar una cita y emprender su camino hacia la recuperaci\u00f3n.<\/p>\n<h2><img fetchpriority=\"high\" decoding=\"async\" class=\"alignnone wp-image-4763 size-full\" src=\"https:\/\/www.gaspineortho.com\/wp-content\/uploads\/2024\/05\/truck-accident-treatment-1.webp\" alt=\"Medical staff preparing a patient for an MRI scan after a truck accident in Marietta.\" width=\"500\" height=\"340\" srcset=\"https:\/\/www.gaspineortho.com\/wp-content\/uploads\/2024\/05\/truck-accident-treatment-1.webp 500w, https:\/\/www.gaspineortho.com\/wp-content\/uploads\/2024\/05\/truck-accident-treatment-1-300x204.webp 300w\" sizes=\"(max-width: 500px) 100vw, 500px\" \/><\/h2>\n<h2>Tipos de lesiones por accidentes de camiones<\/h2>\n<p>Los accidentes de camiones pueden provocar una amplia gama de lesiones. Algunos de los tipos m\u00e1s comunes de lesiones sufridas en accidentes de camiones incluyen:<\/p>\n<h3>Traumatismo cervical y latigazo cervical<\/h3>\n<p>Los traumatismos en el cuello y las lesiones por latigazo cervical ocurren con frecuencia en accidentes de camiones, y a menudo causan dolor intenso, rigidez y movilidad restringida. En Georgia Spine &amp; En ortopedia, adoptamos un enfoque integral para tratar eficazmente estas afecciones.<\/p>\n<p>Nuestros tratamientos personalizados abarcan inyecciones precisas, sesiones de fisioterapia y t\u00e9cnicas avanzadas de manejo del dolor. Nuestro objetivo es aliviar las molestias y restaurar la movilidad total del cuello, permiti\u00e9ndole retomar su vida normal. Conf\u00ede en nuestra experiencia en GSO para facilitar su recuperaci\u00f3n r\u00e1pida y segura.<\/p>\n<h3>Fracturas y roturas \u00f3seas<\/h3>\n<p>Las colisiones de camiones con alto impacto a menudo resultan en fracturas y huesos rotos, lo que representa algunas de las lesiones m\u00e1s graves. En Georgia Spine &amp; Ortopedia, nos especializamos en abordar estas condiciones debilitantes.<\/p>\n<p>Nuestras opciones de tratamiento van desde procedimientos quir\u00fargicos y m\u00e9todos precisos de inmovilizaci\u00f3n hasta extensos programas de rehabilitaci\u00f3n, asegurando una recuperaci\u00f3n \u00f3ptima.<\/p>\n<p>Con nuestros m\u00e9dicos certificados que utilizan equipos de \u00faltima generaci\u00f3n para diagn\u00f3stico y tratamiento, los pacientes reciben planes personalizados adaptados a sus necesidades \u00fanicas. Nuestro compasivo equipo est\u00e1 comprometido a controlar el dolor y acelerar la curaci\u00f3n, abordando todos los aspectos de la lesi\u00f3n de manera efectiva.<\/p>\n<h3>Traumatismos craneales y lesiones cerebrales<\/h3>\n<p>Los traumatismos craneoencef\u00e1licos y las lesiones cerebrales traum\u00e1ticas (TBI, por sus siglas en ingl\u00e9s) se encuentran entre las consecuencias m\u00e1s cr\u00edticas de los accidentes de camiones. En Georgia Spine &amp; En ortopedia, comprendemos las complejidades de estas lesiones y ofrecemos tratamientos especializados para abordarlas.<\/p>\n<p>Nuestro enfoque integra neurolog\u00eda, ortopedia y manejo del dolor en un plan de tratamiento hol\u00edstico. Empleando herramientas de diagn\u00f3stico de \u00faltima generaci\u00f3n y terapias dirigidas, nuestro objetivo es aliviar los s\u00edntomas y mejorar la salud cerebral en general.<\/p>\n<p>Ya sea mediante t\u00e9cnicas de imagen avanzadas o inyecciones innovadoras para aliviar el dolor, nuestro objetivo sigue siendo restaurar su calidad de vida.<\/p>\n<h3>Lesiones t\u00e9rmicas y quemaduras<\/h3>\n<p>Las lesiones por quemaduras resultantes de accidentes de camiones a menudo se deben a incendios o explosiones, que causan da\u00f1os graves a la piel y los tejidos subyacentes. En Georgia Spine &amp; En ortopedia, utilizamos t\u00e9cnicas de alivio del dolor de \u00faltima generaci\u00f3n y m\u00e9todos de tratamiento avanzados para tratar estas lesiones de forma eficaz.<\/p>\n<p>Nuestro equipo multidisciplinario brinda atenci\u00f3n personalizada para facilitar la recuperaci\u00f3n. Nuestro compasivo personal habla ingl\u00e9s y espa\u00f1ol con fluidez y se asegura de que cada paciente reciba el mejor tratamiento en un idioma que comprenda, facilitando el camino hacia la recuperaci\u00f3n.<\/p>\n<h3>Traumatismos de tejidos blandos<\/h3>\n<p>Las lesiones de tejidos blandos, como esguinces, torceduras y desgarros, son frecuentes en los accidentes de camiones y pueden afectar significativamente la movilidad y las funciones diarias.<\/p>\n<p>En Georgia Spine &amp; Ortopedia, nuestro equipo especializado emplea tratamientos ortop\u00e9dicos y <a href=\"https:\/\/www.gaspineortho.com\/es\/marietta\/neurologia\/\">neurol\u00f3gicos<\/a> avanzados para abordar las lesiones de tejidos blandos de forma integral. Ofrecemos t\u00e9cnicas de alivio del dolor de \u00faltima generaci\u00f3n, incluidas inyecciones dirigidas, para controlar el dolor y la inflamaci\u00f3n de forma eficaz.<\/p>\n<p>Con un compromiso con la atenci\u00f3n compasiva y un personal multiling\u00fce que habla ingl\u00e9s y espa\u00f1ol con fluidez, GSO se dedica a ayudar a los pacientes a recuperar la funcionalidad y la calidad de vida.<\/p>\n<h3>Amputaciones y p\u00e9rdida de extremidades<\/h3>\n<p>Los accidentes de camiones pueden provocar lesiones traum\u00e1ticas o amputaciones de extremidades, lo que requiere intervenci\u00f3n quir\u00fargica y el uso de pr\u00f3tesis. Estas lesiones afectan profundamente la calidad de vida de los pacientes y requieren atenci\u00f3n especializada.<\/p>\n<p>En Georgia Spine &amp; Ortopedia, adoptamos un enfoque hol\u00edstico del tratamiento, integrando el manejo del dolor, la ortopedia y la neurolog\u00eda.<\/p>\n<p>Nuestro equipo experimentado emplea t\u00e9cnicas avanzadas de alivio del dolor y tratamientos ortop\u00e9dicos para ayudar a los pacientes a recuperar la funcionalidad y mejorar su calidad de vida. Con un personal multiling\u00fce, garantizamos una atenci\u00f3n compasiva y personalizada para todos los pacientes..<\/p>\n<p><img decoding=\"async\" class=\"alignnone wp-image-4766 size-full\" src=\"https:\/\/www.gaspineortho.com\/wp-content\/uploads\/2024\/05\/truck-accident-injury-treatment.webp\" alt=\"Patient receiving a comprehensive truck accident treatment plan for accident injuries in Marietta.\" width=\"500\" height=\"349\" srcset=\"https:\/\/www.gaspineortho.com\/wp-content\/uploads\/2024\/05\/truck-accident-injury-treatment.webp 500w, https:\/\/www.gaspineortho.com\/wp-content\/uploads\/2024\/05\/truck-accident-injury-treatment-300x209.webp 300w\" sizes=\"(max-width: 500px) 100vw, 500px\" \/><\/p>\n<h2>Tratamientos para lesiones por accidentes de camiones<\/h2>\n<p>Columna vertebral de Georgia y Ortopedia (GSO) ofrece una amplia gama de tratamientos para lesiones por accidentes de camiones, garantizando que cada paciente reciba atenci\u00f3n de la m\u00e1s alta calidad. Nuestro enfoque hol\u00edstico combina el manejo del dolor, la ortopedia y la neurolog\u00eda, proporcionando t\u00e9cnicas de vanguardia para abordar afecciones complejas.<\/p>\n<p>Nos especializamos en inyecciones dirigidas para aliviar el dolor y la inflamaci\u00f3n, procedimientos ortop\u00e9dicos avanzados para reparar fracturas y lesiones de tejidos blandos y tratamientos neurol\u00f3gicos para controlar <a href=\"https:\/\/www.gaspineortho.com\/es\/lesion-craneal\/\"> lesiones en la cabeza<\/a> y TBI.<\/p>\n<p>Nuestro equipo dedicado adapta cada plan de tratamiento a las necesidades \u00fanicas del paciente, promoviendo una recuperaci\u00f3n y funcionalidad \u00f3ptimas.<\/p>\n<h2>Comience su camino hacia la recuperaci\u00f3n despu\u00e9s de un accidente de cami\u00f3n en Marietta<\/h2>\n<p>Si ha estado involucrado en un accidente de cami\u00f3n, el tratamiento m\u00e9dico r\u00e1pido y especializado es crucial para su recuperaci\u00f3n. En Georgia Spine &amp; Ortopedia, entendemos el grave impacto que estos accidentes pueden tener en su cuerpo y en su vida.<\/p>\n<p>Nuestro equipo en Marietta est\u00e1 equipado con la experiencia y la tecnolog\u00eda para abordar lesiones complejas causadas por accidentes de camiones, garantizando un enfoque integral para su salud y rehabilitaci\u00f3n.<\/p>\n<p>No espere para comenzar su viaje de recuperaci\u00f3n. Nuestro personal multiling\u00fce, que habla ingl\u00e9s y espa\u00f1ol con fluidez, garantiza una comunicaci\u00f3n clara y una atenci\u00f3n compasiva en cada paso. Operamos en m\u00faltiples ubicaciones convenientes en el \u00e1rea metropolitana de Atlanta, lo que le facilita el acceso a nuestros servicios especializados.<\/p>\n<p>Cont\u00e1ctenos hoy al [tel\u00e9fono] para programar una consulta y dejar que nuestros dedicados profesionales de Georgia Spine &amp; La ortopedia le ayuda a sanar y recuperar fuerzas.<\/p>\n","protected":false},"excerpt":{"rendered":"<p>Tratamiento de lesiones por accidentes de camiones Marietta, GA Los accidentes de camiones se encuentran entre los incidentes m\u00e1s devastadores en nuestras carreteras en la actualidad. El gran tama\u00f1o y peso de los camiones contribuyen significativamente a la gravedad de las lesiones y da\u00f1os a la propiedad que sufren los involucrados. En la mayor\u00eda de [&hellip;]<\/p>\n","protected":false},"author":44,"featured_media":0,"parent":7566,"menu_order":0,"comment_status":"closed","ping_status":"closed","template":"","meta":{"_acf_changed":false,"footnotes":""},"categories":[],"tags":[],"class_list":["post-7921","page","type-page","status-publish","hentry"],"acf":[],"_links":{"self":[{"href":"https:\/\/www.gaspineortho.com\/es\/wp-json\/wp\/v2\/pages\/7921","targetHints":{"allow":["GET"]}}],"collection":[{"href":"https:\/\/www.gaspineortho.com\/es\/wp-json\/wp\/v2\/pages"}],"about":[{"href":"https:\/\/www.gaspineortho.com\/es\/wp-json\/wp\/v2\/types\/page"}],"author":[{"embeddable":true,"href":"https:\/\/www.gaspineortho.com\/es\/wp-json\/wp\/v2\/users\/44"}],"replies":[{"embeddable":true,"href":"https:\/\/www.gaspineortho.com\/es\/wp-json\/wp\/v2\/comments?post=7921"}],"version-history":[{"count":3,"href":"https:\/\/www.gaspineortho.com\/es\/wp-json\/wp\/v2\/pages\/7921\/revisions"}],"predecessor-version":[{"id":7926,"href":"https:\/\/www.gaspineortho.com\/es\/wp-json\/wp\/v2\/pages\/7921\/revisions\/7926"}],"up":[{"embeddable":true,"href":"https:\/\/www.gaspineortho.com\/es\/wp-json\/wp\/v2\/pages\/7566"}],"wp:attachment":[{"href":"https:\/\/www.gaspineortho.com\/es\/wp-json\/wp\/v2\/media?parent=7921"}],"wp:term":[{"taxonomy":"category","embeddable":true,"href":"https:\/\/www.gaspineortho.com\/es\/wp-json\/wp\/v2\/categories?post=7921"},{"taxonomy":"post_tag","embeddable":true,"href":"https:\/\/www.gaspineortho.com\/es\/wp-json\/wp\/v2\/tags?post=7921"}],"curies":[{"name":"wp","href":"https:\/\/api.w.org\/{rel}","templated":true}]}}