{"id":7910,"date":"2024-05-15T09:28:00","date_gmt":"2024-05-15T14:28:00","guid":{"rendered":"https:\/\/www.gaspineortho.com\/marietta\/personal-injury-doctor\/"},"modified":"2024-06-03T15:25:20","modified_gmt":"2024-06-03T20:25:20","slug":"medico-de-lesiones-personales","status":"publish","type":"page","link":"https:\/\/www.gaspineortho.com\/es\/marietta\/medico-de-lesiones-personales\/","title":{"rendered":"M\u00e9dico de lesiones personales de Marietta"},"content":{"rendered":"<h2>M\u00e9dico de lesiones personales Marietta, GA<\/h2>\n<p><span style=\"font-weight: 400;\">Cuando sufre una lesi\u00f3n personal, el camino hacia la recuperaci\u00f3n puede parecer desalentador. En Georgia Spine &amp; Ortopedia (GSO), entendemos las complejidades de su situaci\u00f3n y estamos dedicados a brindar atenci\u00f3n personalizada y efectiva. A continuaci\u00f3n se detallan aspectos clave de c\u00f3mo nuestros m\u00e9dicos de lesiones personales en Marietta pueden ayudarlo en cada paso de su recuperaci\u00f3n:<\/span><\/p>\n<ul>\n<li aria-level=\"1\"><b>Diagn\u00f3stico integral<\/b><span style=\"font-weight: 400;\">: nuestro m\u00e9dico de lesiones personales utiliza la \u00faltima tecnolog\u00eda de diagn\u00f3stico para identificar con precisi\u00f3n la naturaleza y el alcance de sus lesiones. . Al comprender los detalles espec\u00edficos de su afecci\u00f3n espinal, ortop\u00e9dica o neurol\u00f3gica, que a menudo se debe a accidentes como los automovil\u00edsticos o incidentes relacionados con el trabajo, podemos trazar el mejor curso de tratamiento. Este enfoque exhaustivo garantiza que no se pase nada por alto y sienta las bases para una recuperaci\u00f3n eficaz.<\/span><\/li>\n<li aria-level=\"1\"><b>Planes de tratamiento personalizados<\/b><span style=\"font-weight: 400;\">: En GSO, creemos que cada paciente merece un plan de tratamiento que sea tan \u00fanico como su condici\u00f3n. Ya sea que se trate de t\u00e9cnicas de manejo del dolor, como inyecciones dirigidas, o atenci\u00f3n ortop\u00e9dica m\u00e1s integral, nuestros m\u00e9dicos de lesiones personales trabajan estrechamente con usted para desarrollar un plan personalizado que se alinee con sus objetivos de salud y estilo de vida.<\/span><\/li>\n<li aria-level=\"1\"><b>Atenci\u00f3n coordinada<\/b><span style=\"font-weight: 400;\">: nuestro equipo multidisciplinario, que incluye expertos como nuestro cirujano de columna, el Dr. Laviel Fern\u00e1ndez, colabora para Ofrecemos atenci\u00f3n coordinada que cubre todas las bases de sus necesidades de salud. Esta t\u00e1ctica no solo enriquece la calidad de la atenci\u00f3n, sino que tambi\u00e9n simplifica el proceso de tratamiento, haci\u00e9ndolo m\u00e1s conveniente y eficaz.<\/span><\/li>\n<li aria-level=\"1\"><b>Gu\u00eda de recuperaci\u00f3n<\/b><span style=\"font-weight: 400;\">: M\u00e1s all\u00e1 del simple tratamiento de sus lesiones, nuestro equipo en GSO brinda apoyo y orientaci\u00f3n continuos durante todo su proceso de recuperaci\u00f3n. . Al comprender que la recuperaci\u00f3n no es solo f\u00edsica sino tambi\u00e9n psicol\u00f3gica, lo acompa\u00f1amos en cada paso del camino para garantizar que recupere su plena funcionalidad y calidad de vida.<\/span><\/li>\n<li aria-level=\"1\"><b>Defensa<\/b><span style=\"font-weight: 400;\">: Reconociendo la naturaleza a menudo estresante de lidiar con lesiones personales, nuestra atenci\u00f3n compasiva se extiende a la defensa del paciente. Ayudamos a navegar a trav\u00e9s de reclamaciones de seguros y documentaci\u00f3n m\u00e9dica, aliviando algunas de las cargas administrativas que conlleva la recuperaci\u00f3n de una lesi\u00f3n. Este apoyo es crucial para permitirle concentrarse \u00fanicamente en mejorar.<\/span><\/li>\n<\/ul>\n<p><span style=\"font-weight: 400;\">En Georgia Spine &amp; Ortopedia, nuestro enfoque se resume en nuestro esp\u00edritu: \u00abLa habilidad para sanar, el coraz\u00f3n para cuidar\u00bb. Al elegirnos, no solo recibir\u00e1 tratamiento m\u00e9dico; usted est\u00e1 ganando un socio dedicado a ayudarlo a sanar y prosperar despu\u00e9s de una lesi\u00f3n.<\/span><\/p>\n<p><a href=\"https:\/\/www.gaspineortho.com\/wp-content\/uploads\/2024\/05\/GSO-car-accident-doctor-e1715805328124.webp\"><img fetchpriority=\"high\" decoding=\"async\" class=\"alignnone wp-image-4423 size-full\" src=\"https:\/\/www.gaspineortho.com\/wp-content\/uploads\/2024\/05\/GSO-car-accident-doctor-e1715805328124.webp\" alt=\"Personal Injury Doctor in Marietta examining a patient's injury at Georgia Spine &amp; Orthopaedics\" width=\"500\" height=\"349\" \/><\/a><\/p>\n<h2>Lesiones tratadas por GA Spine &amp; Ortopedia<\/h2>\n<p><span style=\"font-weight: 400;\">En Georgia Spine &amp; Ortopedia (GSO), nos especializamos en abordar una amplia gama de lesiones que com\u00fanmente surgen de incidentes desafortunados como colisiones automovil\u00edsticas y percances en el lugar de trabajo. Nuestro experimentado equipo de m\u00e9dicos de lesiones personales est\u00e1 equipado para manejar varios tipos de lesiones, asegurando que cada paciente reciba el tratamiento m\u00e1s efectivo, respaldado por los \u00faltimos avances en tecnolog\u00eda m\u00e9dica.<\/span><\/p>\n<ul>\n<li aria-level=\"1\"><b>Lesiones de la columna<\/b><span style=\"font-weight: 400;\">: Nuestros especialistas en la columna, incluido nuestro competente cirujano de columna, el Dr. Laviel Fern\u00e1ndez, son expertos en diagnosticar y tratar lesiones de la columna, que pueden variar desde hernias de disco hasta da\u00f1os m\u00e1s graves a la m\u00e9dula espinal. El tratamiento generalmente implica inyecciones dirigidas, fisioterapia o, a veces, intervenci\u00f3n quir\u00fargica, seg\u00fan la gravedad de la lesi\u00f3n y el estado de salud general del paciente.<\/span><\/li>\n<li aria-level=\"1\"><b>Lesiones de tejidos blandos<\/b><span style=\"font-weight: 400;\">: las lesiones de tejidos blandos, como esguinces, torceduras y contusiones, son comunes y pueden causar importantes problemas de incomodidad y movilidad. En GSO, empleamos diversas t\u00e9cnicas de alivio del dolor, que incluyen, entre otros, ejercicios terap\u00e9uticos especializados y procedimientos m\u00ednimamente invasivos para facilitar una curaci\u00f3n r\u00e1pida y reducir las posibilidades de recurrencia.<\/span><\/li>\n<li aria-level=\"1\"><b>Lesiones en las articulaciones<\/b><span style=\"font-weight: 400;\">: Las articulaciones pueden ser susceptibles a diversas lesiones, especialmente debido a actividades deportivas o accidentes. Nuestro equipo ortop\u00e9dico se especializa en tratamientos quir\u00fargicos y no quir\u00fargicos para problemas articulares, desde simples dislocaciones hasta fracturas complejas. La atenci\u00f3n se centra siempre en restaurar la funcionalidad y al mismo tiempo minimizar el dolor y las complicaciones futuras.<\/span><\/li>\n<li aria-level=\"1\"><b>Lesiones cerebrales traum\u00e1ticas (TBI)<\/b><span style=\"font-weight: 400;\">: las TBI requieren atenci\u00f3n inmediata y especializada, que el equipo multidisciplinario de GSO brinda diligentemente. . Las estrategias de tratamiento pueden incluir medicaci\u00f3n, terapia cognitiva y, en ciertos casos, neurocirug\u00eda, todas ellas destinadas a ayudar al paciente a recuperar la m\u00e1xima funci\u00f3n cognitiva mientras controla otros s\u00edntomas relacionados.<\/span><\/li>\n<\/ul>\n<p><span style=\"font-weight: 400;\">Nuestro equipo multiling\u00fce garantiza que ninguna barrera en la comunicaci\u00f3n obstaculice la calidad de la atenci\u00f3n. Con el lema \u00abLa habilidad para sanar, el coraz\u00f3n para cuidar\u00bb, estamos dedicados no solo a la excelencia m\u00e9dica sino tambi\u00e9n al tratamiento compasivo de todos nuestros pacientes en todo Metro Atlanta.<\/span><\/p>\n<h2>Causas y opciones de tratamiento de lesiones personales<\/h2>\n<p><span style=\"font-weight: 400;\">Al abordar lesiones personales, es vital comprender tanto las causas comunes como las opciones de tratamiento efectivas disponibles. En Georgia Spine &amp; Ortopedia (GSO), nuestro experimentado equipo de m\u00e9dicos de lesiones personales se especializa en el tratamiento de un amplio espectro de lesiones que pueden ocurrir en diversas circunstancias.<\/span><\/p>\n<p><b>Accidentes automovil\u00edsticos:<\/b><span style=\"font-weight: 400;\"> Los incidentes que involucran veh\u00edculos de motor a menudo conducen a <a href=\"https:\/\/www.gaspineortho.com\/es\/lesion- por-latigazo-cervical\/\">lesiones como latigazo<\/a>, da\u00f1o en la columna o problemas ortop\u00e9dicos. Nuestros m\u00e9dicos aprovechan su experiencia en el manejo del dolor y la atenci\u00f3n ortop\u00e9dica para dise\u00f1ar planes de tratamiento que pueden incluir medicamentos, fisioterapia personalizada o inyecciones dirigidas para aliviar el dolor y fomentar la curaci\u00f3n.<\/span><\/p>\n<p><b>Resbalones y ca\u00eddas:<\/b><span style=\"font-weight: 400;\"> Estos accidentes pueden provocar lesiones graves como fracturas o dislocaciones de articulaciones. El personal multiling\u00fce de GSO se centra en un enfoque de tratamiento hol\u00edstico que combina ortopedia, neurolog\u00eda y tratamiento del dolor para tratar estas lesiones de forma eficaz, mejorando significativamente el proceso de recuperaci\u00f3n.<\/span><\/p>\n<p><b>Accidentes laborales:<\/b><span style=\"font-weight: 400;\"> Comunes en industrias que requieren trabajo f\u00edsico, las lesiones en el lugar de trabajo pueden variar desde lesiones por esfuerzos repetitivos hasta lesiones traum\u00e1ticas. La atenci\u00f3n coordinada de GSO garantiza que los tratamientos se adapten a las necesidades individuales, incorporando t\u00e9cnicas terap\u00e9uticas avanzadas para restaurar la funcionalidad.<\/span><\/p>\n<p><b>Lesiones deportivas:<\/b><span style=\"font-weight: 400;\"> Los atletas frecuentemente sufren lesiones en las articulaciones, los m\u00fasculos o los huesos. Nuestro equipo, que incluye especialistas como el Dr. Laviel Fern\u00e1ndez, cirujano de columna recientemente incorporado, aplica tratamientos de vanguardia que incluyen cirug\u00eda, cuando es necesario, para abordar afecciones graves y facilitar el regreso al m\u00e1ximo rendimiento deportivo.<\/span><\/p>\n<h3>Opciones de tratamiento:<\/h3>\n<ul>\n<li aria-level=\"1\"><b>Medicamento:<\/b><span style=\"font-weight: 400;\"> GSO prescribe el medicamento m\u00e1s reciente y eficaz dise\u00f1ado para aliviar el dolor y reducir la inflamaci\u00f3n, lo que ayuda a una recuperaci\u00f3n m\u00e1s r\u00e1pida. .<\/span><\/li>\n<li aria-level=\"1\"><b>Terapia f\u00edsica:<\/b><span style=\"font-weight: 400;\"> Las sesiones de fisioterapia personalizadas son cruciales y est\u00e1n dise\u00f1adas de acuerdo con los perfiles de lesiones individuales para rehabilitar a los pacientes de manera efectiva.&lt; \/span&gt;<\/span><\/li>\n<li aria-level=\"1\"><b>Inyecciones:<\/b><span style=\"font-weight: 400;\"> Para el alivio espec\u00edfico del dolor, las inyecciones son una parte fundamental del r\u00e9gimen de tratamiento ofrecido en GSO, especialmente \u00fatiles en el manejo de escenarios de dolor cr\u00f3nico derivados de lesiones.<\/span><\/li>\n<li aria-level=\"1\"><b>Cirug\u00eda:<\/b><span style=\"font-weight: 400;\"> Se considera la intervenci\u00f3n quir\u00fargica cuando otras modalidades de tratamiento son insuficientes. Nuestros cirujanos utilizan t\u00e9cnicas m\u00ednimamente invasivas para garantizar tiempos de recuperaci\u00f3n m\u00e1s r\u00e1pidos y m\u00ednimas molestias.<\/span><\/li>\n<\/ul>\n<p><span style=\"font-weight: 400;\">En Georgia Spine &amp; En ortopedia, cada modalidad de tratamiento se elige en base a un diagn\u00f3stico integral y tiene como objetivo no solo tratar los s\u00edntomas inmediatos sino tambi\u00e9n prevenir las repercusiones a largo plazo. Nuestro lema, \u00abLa habilidad para sanar, el coraz\u00f3n para cuidar\u00bb, refleja nuestro compromiso de restaurar la calidad de vida de cada paciente a trav\u00e9s de una atenci\u00f3n experta y compasiva.<\/span><\/p>\n<p><img decoding=\"async\" class=\"alignnone wp-image-4188 size-full\" src=\"https:\/\/www.gaspineortho.com\/wp-content\/uploads\/2020\/12\/hp-pain-management-copy.webp\" alt=\"Marietta Personal Injury Doctor providing a joint mobility assessment after an accident.\" width=\"500\" height=\"334\" srcset=\"https:\/\/www.gaspineortho.com\/wp-content\/uploads\/2020\/12\/hp-pain-management-copy.webp 500w, https:\/\/www.gaspineortho.com\/wp-content\/uploads\/2020\/12\/hp-pain-management-copy-300x200.webp 300w\" sizes=\"(max-width: 500px) 100vw, 500px\" \/><\/p>\n<h2>Costo de visitar a un m\u00e9dico de lesiones personales<\/h2>\n<p><span style=\"font-weight: 400;\">Abordar los aspectos financieros de la atenci\u00f3n m\u00e9dica puede resultar desalentador, especialmente despu\u00e9s de sufrir una lesi\u00f3n personal. En Georgia Spine &amp; Ortopedia, entendemos que las preocupaciones sobre los costos no deber\u00edan ser una barrera para recibir atenci\u00f3n m\u00e9dica de primer nivel. Es por eso que brindamos informaci\u00f3n clara sobre la cobertura del seguro y ofrecemos opciones de pago flexibles para satisfacer las diversas necesidades de nuestros pacientes.<\/span><\/p>\n<h3>Cobertura de seguro<\/h3>\n<p><span style=\"font-weight: 400;\">La mayor\u00eda de los tratamientos de lesiones personales en Georgia Spine &amp; La ortopedia est\u00e1 cubierta por una amplia gama de planes de seguro. Colaboramos estrechamente con los proveedores de seguros para garantizar que reciba los m\u00e1ximos beneficios disponibles en su p\u00f3liza. Nuestro personal es competente en el manejo de reclamos y puede ayudarlo a administrar el papeleo involucrado, haciendo que el proceso sea lo m\u00e1s fluido posible para usted. Ya sea que su lesi\u00f3n se deba a una colisi\u00f3n automovil\u00edstica o a un accidente laboral, nos esforzamos por minimizar sus gastos de bolsillo.<\/span><\/p>\n<h3>Opciones de pago flexibles<\/h3>\n<p><span style=\"font-weight: 400;\">Para gastos no cubiertos por el seguro, Georgia Spine &amp; La ortopedia ofrece planes de pago flexibles para aliviar la tensi\u00f3n financiera. Creemos que las preocupaciones financieras no deber\u00edan impedir que nadie acceda a la atenci\u00f3n de alta calidad necesaria para recuperarse de lesiones personales. Nuestras soluciones de financiaci\u00f3n amigables para el paciente est\u00e1n dise\u00f1adas para distribuir el costo de su tratamiento durante un per\u00edodo que se ajuste a su presupuesto, permiti\u00e9ndole concentrarse en su recuperaci\u00f3n sin estr\u00e9s financiero indebido.<\/span><\/p>\n<p><span style=\"font-weight: 400;\">En Georgia Spine &amp; En Ortopedia, mantenemos nuestro esp\u00edritu \u00abLa habilidad para sanar, el coraz\u00f3n para cuidar\u00bb, asegurando que cada paciente reciba un tratamiento m\u00e9dico excelente y asistencia financiera compasiva. Estamos aqu\u00ed para ayudarlo en cada paso de su viaje hacia la recuperaci\u00f3n, incluido el manejo de los costos asociados con su atenci\u00f3n.<\/span><\/p>\n<h2>Plazo de recuperaci\u00f3n de lesiones personales<\/h2>\n<p><span style=\"font-weight: 400;\">Comprender el cronograma de recuperaci\u00f3n de lesiones personales es crucial para establecer expectativas realistas y planificar su camino de regreso a la normalidad. En Georgia Spine &amp; En ortopedia, destacamos que el tiempo de recuperaci\u00f3n puede variar significativamente en funci\u00f3n de varios factores. En primer lugar, la extensi\u00f3n de su lesi\u00f3n juega un papel fundamental; por ejemplo, la recuperaci\u00f3n de lesiones menores de tejidos blandos podr\u00eda ser m\u00e1s r\u00e1pida en comparaci\u00f3n con lesiones m\u00e1s graves de la columna o lesiones cerebrales traum\u00e1ticas (LCT), que podr\u00edan requerir un enfoque de tratamiento m\u00e1s integral que incluya medicamentos, fisioterapia o incluso cirug\u00eda.<\/span><\/p>\n<p><span style=\"font-weight: 400;\">La salud general del paciente es otro determinante cr\u00edtico. Las personas que gozaban de buena salud antes de la lesi\u00f3n suelen experimentar per\u00edodos de recuperaci\u00f3n m\u00e1s cortos debido a un mejor bienestar f\u00edsico y mental inicial. Por el contrario, las condiciones de salud subyacentes podr\u00edan prolongar el proceso de recuperaci\u00f3n.<\/span><\/p>\n<p><span style=\"font-weight: 400;\">El tipo de tratamiento implementado tambi\u00e9n es clave para la recuperaci\u00f3n. Nuestros planes de tratamiento personalizados, que pueden incluir t\u00e9cnicas avanzadas de alivio del dolor como inyecciones dirigidas, fisioterapia o cirug\u00edas de vanguardia realizadas por especialistas como nuestro cirujano de columna, el Dr. Laviel Fern\u00e1ndez, est\u00e1n dise\u00f1ados para acelerar la curaci\u00f3n y al mismo tiempo garantizar los m\u00e1s altos est\u00e1ndares de atenci\u00f3n. \/lapso&gt;<\/span><\/p>\n<p><span style=\"font-weight: 400;\">Finalmente, el cumplimiento de las pautas de recuperaci\u00f3n proporcionadas por nuestro experimentado equipo m\u00e9dico es esencial. Los pacientes que siguen de cerca sus reg\u00edmenes de tratamiento prescritos y asisten a todas las citas de seguimiento generalmente tienden a recuperarse m\u00e1s r\u00e1pido y de manera m\u00e1s efectiva. En Georgia Spine &amp; Ortopedia, nuestro dedicado personal lo apoya en cada paso del camino, asegurando que \u00abLa habilidad para sanar, el coraz\u00f3n para cuidar\u00bb no sea solo nuestro esp\u00edritu sino su realidad durante el viaje de recuperaci\u00f3n.<\/span><\/p>\n<p><span style=\"font-weight: 400;\">Comprender estos factores le ayudar\u00e1 a apreciar la naturaleza individual de los tiempos de recuperaci\u00f3n y a establecer expectativas adecuadas al comenzar su tratamiento con nosotros en GSO en el \u00e1rea metropolitana de Atlanta.<\/span><\/p>\n<h2>Primera cita con un m\u00e9dico de lesiones personales<\/h2>\n<p><span style=\"font-weight: 400;\">Prepar\u00e1ndose para su visita inicial con un m\u00e9dico de lesiones personales en Georgia Spine &amp; La ortopedia (GSO) es un paso crucial hacia su r\u00e1pida recuperaci\u00f3n. Para garantizar que su primera consulta sea lo m\u00e1s productiva e informativa posible, aqu\u00ed le presentamos algunos elementos e informaci\u00f3n esenciales que debe llevar consigo:<\/span><\/p>\n<ul>\n<li estilo=\"font-weight: 400;\" aria-level=\"1\"><b>Registros m\u00e9dicos:<\/b><span style=\"font-weight: 400;\"> Traiga todos y cada uno de los registros m\u00e9dicos relacionados con su afecci\u00f3n. Esto puede incluir resonancias magn\u00e9ticas, radiograf\u00edas e informes de otros m\u00e9dicos anteriores. Estos documentos le brindar\u00e1n a su m\u00e9dico de la OSG informaci\u00f3n sobre su historial m\u00e9dico y su estado de salud actual.<\/span><\/li>\n<li estilo=\"font-weight: 400;\" aria-level=\"1\"><b>Detalles del seguro m\u00e9dico:<\/b><span style=\"font-weight: 400;\"> Tener listos su tarjeta de seguro m\u00e9dico y los formularios de autorizaci\u00f3n necesarios ayudar\u00e1 a agilizar el proceso administrativo. permitiendo m\u00e1s tiempo para su consulta.<\/span><\/li>\n<li estilo=\"font-weight: 400;\" aria-level=\"1\"><b>Identificaci\u00f3n:<\/b><span style=\"font-weight: 400;\"> Una identificaci\u00f3n v\u00e1lida (licencia de conducir o pasaporte) es esencial para registrarse en su cita.<\/span >>li>\n<li estilo=\"font-weight: 400;\" aria-level=\"1\"><b>Cuenta del incidente:<\/b><span style=\"font-weight: 400;\"> Prepare una cuenta detallada del incidente que provoc\u00f3 su lesi\u00f3n. Esto incluye fechas, lo que estaba haciendo en ese momento y cualquier s\u00edntoma que haya experimentado desde entonces. Esta descripci\u00f3n ayudar\u00e1 a su m\u00e9dico a comprender mejor el contexto de su lesi\u00f3n.<\/span><\/li>\n<li estilo=\"font-weight: 400;\" aria-level=\"1\"><b>Lista de s\u00edntomas:<\/b><span style=\"font-weight: 400;\"> Est\u00e9 preparado para analizar todos y cada uno de los s\u00edntomas que est\u00e9 experimentando, independientemente de si cree est\u00e1n directamente relacionados con su lesi\u00f3n. Esta lista completa de s\u00edntomas ayudar\u00e1 en una evaluaci\u00f3n exhaustiva.<\/span><\/li>\n<li estilo=\"font-weight: 400;\" aria-level=\"1\"><b>Lista de medicamentos:<\/b><span style=\"font-weight: 400;\"> Incluya cualquier medicamento recetado, de venta libre o suplemento que est\u00e9 tomando actualmente. Esto ayudar\u00e1 a evaluar posibles interacciones o efectos secundarios relevantes para su plan de tratamiento.<\/span><\/li>\n<\/ul>\n<p><span style=\"font-weight: 400;\">Llegar bien preparado a su primera cita con toda la informaci\u00f3n necesaria facilitar\u00e1 una evaluaci\u00f3n m\u00e1s precisa y permitir\u00e1 a nuestros m\u00e9dicos de GSO dise\u00f1ar un plan de tratamiento personalizado que se alinee con sus necesidades espec\u00edficas. . Recuerde, nuestro objetivo no es solo tratar, sino garantizar su recuperaci\u00f3n integral y mejora de la salud.<\/span><\/p>\n<h2>Recupere su salud con un m\u00e9dico de lesiones personales de Marietta<\/h2>\n<p><span style=\"font-weight: 400;\">En Georgia Spine &amp; En ortopedia, destacamos la suma importancia de una intervenci\u00f3n m\u00e9dica oportuna para gestionar eficazmente las lesiones personales. Buscar atenci\u00f3n inmediata de un m\u00e9dico experimentado en lesiones personales en Marietta puede influir dr\u00e1sticamente en la trayectoria de recuperaci\u00f3n, asegurando que lesiones como da\u00f1os en la columna o molestias en las articulaciones sean tratadas antes de que se conviertan en condiciones m\u00e1s graves.<\/span><\/p>\n<p><span style=\"font-weight: 400;\">Nuestro equipo, compuesto por especialistas experimentados, emplea un enfoque hol\u00edstico que combina t\u00e9cnicas avanzadas de alivio del dolor con planes de tratamiento personalizados adaptados a sus necesidades espec\u00edficas. Ya sea que su lesi\u00f3n se deba a una colisi\u00f3n automovil\u00edstica, un accidente laboral o una lesi\u00f3n deportiva, nuestra estrategia de atenci\u00f3n coordinada garantiza que reciba apoyo integral durante su proceso de curaci\u00f3n.<\/span><\/p>\n<p><span style=\"font-weight: 400;\">Recuerde, la habilidad para sanar comienza con el coraz\u00f3n para cuidar. En GSO, nuestro compromiso se extiende m\u00e1s all\u00e1 de la excelencia m\u00e9dica; Estamos dedicados a garantizar que su viaje de regreso a la salud est\u00e9 respaldado en cada momento con compasi\u00f3n y experiencia. Tu salud no puede esperar y t\u00fa tampoco deber\u00edas esperar. P\u00f3ngase en contacto con Georgia Spine &amp; Ortopedia hoy llamando al [tel\u00e9fono] o completando el formulario para programar su consulta inicial y dar el primer paso hacia la recuperaci\u00f3n.<\/span><\/p>\n","protected":false},"excerpt":{"rendered":"<p>M\u00e9dico de lesiones personales Marietta, GA Cuando sufre una lesi\u00f3n personal, el camino hacia la recuperaci\u00f3n puede parecer desalentador. En Georgia Spine &amp; Ortopedia (GSO), entendemos las complejidades de su situaci\u00f3n y estamos dedicados a brindar atenci\u00f3n personalizada y efectiva. A continuaci\u00f3n se detallan aspectos clave de c\u00f3mo nuestros m\u00e9dicos de lesiones personales en Marietta [&hellip;]<\/p>\n","protected":false},"author":44,"featured_media":0,"parent":7566,"menu_order":0,"comment_status":"closed","ping_status":"closed","template":"","meta":{"_acf_changed":false,"footnotes":""},"categories":[],"tags":[],"class_list":["post-7910","page","type-page","status-publish","hentry"],"acf":[],"_links":{"self":[{"href":"https:\/\/www.gaspineortho.com\/es\/wp-json\/wp\/v2\/pages\/7910","targetHints":{"allow":["GET"]}}],"collection":[{"href":"https:\/\/www.gaspineortho.com\/es\/wp-json\/wp\/v2\/pages"}],"about":[{"href":"https:\/\/www.gaspineortho.com\/es\/wp-json\/wp\/v2\/types\/page"}],"author":[{"embeddable":true,"href":"https:\/\/www.gaspineortho.com\/es\/wp-json\/wp\/v2\/users\/44"}],"replies":[{"embeddable":true,"href":"https:\/\/www.gaspineortho.com\/es\/wp-json\/wp\/v2\/comments?post=7910"}],"version-history":[{"count":3,"href":"https:\/\/www.gaspineortho.com\/es\/wp-json\/wp\/v2\/pages\/7910\/revisions"}],"predecessor-version":[{"id":7916,"href":"https:\/\/www.gaspineortho.com\/es\/wp-json\/wp\/v2\/pages\/7910\/revisions\/7916"}],"up":[{"embeddable":true,"href":"https:\/\/www.gaspineortho.com\/es\/wp-json\/wp\/v2\/pages\/7566"}],"wp:attachment":[{"href":"https:\/\/www.gaspineortho.com\/es\/wp-json\/wp\/v2\/media?parent=7910"}],"wp:term":[{"taxonomy":"category","embeddable":true,"href":"https:\/\/www.gaspineortho.com\/es\/wp-json\/wp\/v2\/categories?post=7910"},{"taxonomy":"post_tag","embeddable":true,"href":"https:\/\/www.gaspineortho.com\/es\/wp-json\/wp\/v2\/tags?post=7910"}],"curies":[{"name":"wp","href":"https:\/\/api.w.org\/{rel}","templated":true}]}}