{"id":7909,"date":"2024-05-15T11:04:37","date_gmt":"2024-05-15T16:04:37","guid":{"rendered":"https:\/\/www.gaspineortho.com\/marietta\/pedestrian-accident-treatment\/"},"modified":"2024-06-03T15:21:19","modified_gmt":"2024-06-03T20:21:19","slug":"tratamiento-de-accidentes-de-peatones","status":"publish","type":"page","link":"https:\/\/www.gaspineortho.com\/es\/marietta\/tratamiento-de-accidentes-de-peatones\/","title":{"rendered":"Tratamiento de lesiones por accidentes de peatones en Marietta"},"content":{"rendered":"<p>Los peatones son especialmente vulnerables en los accidentes y a menudo sufren lesiones graves. En Georgia Spine &amp; Ortopedia (GSO), nos especializamos en el tratamiento de lesiones por accidentes de peatones con un enfoque hol\u00edstico. Nuestro equipo experimentado se enfoca en el manejo del dolor, la ortopedia y la neurolog\u00eda para abordar afecciones complejas que surgen de estos incidentes.<\/p>\n<p>Utilizando t\u00e9cnicas de \u00faltima generaci\u00f3n, como inyecciones dirigidas y tratamientos ortop\u00e9dicos avanzados, nuestro objetivo es restaurar la funcionalidad y mejorar la calidad de vida de nuestros pacientes. Nuestro personal compasivo y multiling\u00fce garantiza accesibilidad y conveniencia en m\u00faltiples ubicaciones de Metro Atlanta.<\/p>\n<h2>Causas de los accidentes de peatones<\/h2>\n<p><span style=\"font-weight: 400;\">Los accidentes de peatones en Georgia a menudo se deben a varias causas clave. No ceder el derecho de paso es un factor principal que provoca colisiones tr\u00e1gicas. Las drogas y el alcohol perjudican significativamente el juicio y el tiempo de reacci\u00f3n de los conductores, aumentando el riesgo de lesiones a los peatones. La mala visibilidad, especialmente durante la noche o en condiciones clim\u00e1ticas adversas, dificulta que los conductores detecten a los peatones. <\/span><\/p>\n<p><span style=\"font-weight: 400;\">Por \u00faltimo, la falta de aceras obliga a los peatones a caminar por las carreteras, haci\u00e9ndolos m\u00e1s susceptibles a accidentes. En Georgia Spine &amp; En ortopedia, entendemos estos desaf\u00edos y nos dedicamos a brindar atenci\u00f3n experta a los afectados por tales incidentes.<\/span><\/p>\n<p><img fetchpriority=\"high\" decoding=\"async\" class=\"alignnone size-full wp-image-5662\" src=\"https:\/\/www.gaspineortho.com\/wp-content\/uploads\/2024\/05\/Pedestrian-accident-marietta.jpg\" alt=\"\" width=\"500\" height=\"334\" srcset=\"https:\/\/www.gaspineortho.com\/wp-content\/uploads\/2024\/05\/Pedestrian-accident-marietta.jpg 500w, https:\/\/www.gaspineortho.com\/wp-content\/uploads\/2024\/05\/Pedestrian-accident-marietta-300x200.jpg 300w\" sizes=\"(max-width: 500px) 100vw, 500px\" \/><\/p>\n<h2>El papel del peat\u00f3n en los accidentes<\/h2>\n<p><span style=\"font-weight: 400;\">Los peatones pueden contribuir inadvertidamente a accidentes a trav\u00e9s de varios comportamientos. Usar ropa oscura o no reflectante los hace menos visibles para los conductores, especialmente de noche. Caminar distra\u00eddo, como el uso de tel\u00e9fonos inteligentes, desv\u00eda la atenci\u00f3n del tr\u00e1fico que viene en sentido contrario. El cruce inadecuado, como cruzar imprudentemente o no utilizar los cruces peatonales designados, aumenta el riesgo de accidentes. <\/span><\/p>\n<p><span style=\"font-weight: 400;\">Adem\u00e1s, estar parado o jugando en la calle puede generar peligros imprevistos. En Georgia Spine &amp; En Ortopedia, destacamos la importancia de la concienciaci\u00f3n de los peatones para prevenir lesiones. Nuestro enfoque hol\u00edstico incluye educar a los pacientes sobre estos riesgos y al mismo tiempo brindarles tratamientos de \u00faltima generaci\u00f3n para restaurar su calidad de vida.<\/span><\/p>\n<h2>Prevenci\u00f3n de accidentes de peatones<\/h2>\n<p><span style=\"font-weight: 400;\">La seguridad de los peatones es primordial. Para evitar accidentes, usar ropa brillante o reflectante mejora la visibilidad, especialmente de noche o en condiciones clim\u00e1ticas adversas. Mant\u00e9ngase alejado de su tel\u00e9fono inteligente y evite otras distracciones mientras camina; mantenerse concentrado puede evitar contratiempos. Utilice siempre los cruces peatonales y las se\u00f1ales para peatones designados para asegurarse de cruzar las calles de forma segura. Lo m\u00e1s importante es permanecer alerta en \u00e1reas con mucho tr\u00e1fico o mala visibilidad. <\/span><\/p>\n<p><span style=\"font-weight: 400;\">Esto incluye hacer contacto visual con los conductores antes de cruzar, obedecer las se\u00f1ales de tr\u00e1nsito y ser cauteloso con los autos estacionados. Si sigue estas precauciones, puede reducir significativamente el riesgo de accidentes de peatones y garantizar un entorno m\u00e1s seguro para caminar en <a href=\"https:\/\/www.mariettaga.gov\/\" target=\"_blank\" rel=\"noopener\">Marietta&lt; \/a&gt;.<\/a><\/span><\/p>\n<h2>Evaluaci\u00f3n de lesiones por accidentes de peatones<\/h2>\n<p><span style=\"font-weight: 400;\">En Georgia Spine &amp; En ortopedia, adoptamos un enfoque exhaustivo para evaluar las lesiones por accidentes de peatones. Nuestro proceso comienza con herramientas de diagn\u00f3stico avanzadas como <a href=\"https:\/\/www.gaspineortho.com\/marietta\/x-ray-services\/\">rayos X<\/a>, resonancias magn\u00e9ticas y tomograf\u00edas computarizadas para identificar la magnitud de las lesiones. Estas t\u00e9cnicas de imagen de \u00faltima generaci\u00f3n nos permiten identificar fracturas, lesiones de la m\u00e9dula espinal y da\u00f1os internos con precisi\u00f3n.<\/span><\/p>\n<p><span style=\"font-weight: 400;\">Nuestro equipo tambi\u00e9n realiza ex\u00e1menes f\u00edsicos detallados para evaluar el estado general del paciente. Al combinar tecnolog\u00eda de vanguardia con una evaluaci\u00f3n cl\u00ednica experta, garantizamos un diagn\u00f3stico preciso que es crucial para un tratamiento eficaz. Ya sea que est\u00e9 lidiando con un problema complejo de columna o una lesi\u00f3n de tejido blando, nuestros especialistas est\u00e1n equipados para brindarle la mejor atenci\u00f3n.<\/span><\/p>\n<p><span style=\"font-weight: 400;\">Puedes confiar en Georgia Spine &amp; Ortopedia para una evaluaci\u00f3n rigurosa e integral, orientada a sentar las bases para una recuperaci\u00f3n r\u00e1pida y completa. Estamos comprometidos a ayudarle a recuperar la funcionalidad y mejorar su calidad de vida.<\/span><\/p>\n<h2>Lesiones comunes por accidentes de peatones<\/h2>\n<p><span style=\"font-weight: 400;\">Los accidentes de peatones a menudo resultan en lesiones graves debido a la falta de protecci\u00f3n que tienen los peatones contra los veh\u00edculos motorizados. En Georgia Spine &amp; En ortopedia, tratamos con frecuencia fracturas y fracturas de huesos, que son frecuentes debido al impacto de las colisiones. <\/span><\/p>\n<p><span style=\"font-weight: 400;\">Lesiones en la cabeza, incluidas <a href=\"https:\/\/www.webmd.com\/brain\/ss\/slideshow-concussions-brain-injuries\" target=\"_blank\" rel=\"noopener\">conmociones cerebrales<\/a> y lesiones cerebrales traum\u00e1ticas tambi\u00e9n son comunes y requieren atenci\u00f3n inmediata. Las lesiones de la m\u00e9dula espinal pueden provocar complicaciones a largo plazo, afectando la movilidad y la calidad de vida. Las lesiones de tejidos blandos, como hematomas, esguinces y desgarros, tambi\u00e9n son t\u00edpicas en estos accidentes. <\/span><\/p>\n<p><span style=\"font-weight: 400;\">Adem\u00e1s, las lesiones internas, que pueden no ser visibles de inmediato, pueden representar riesgos importantes para la salud si no se tratan con prontitud. Nuestro equipo en GSO emplea herramientas de diagn\u00f3stico avanzadas y un enfoque hol\u00edstico para garantizar una atenci\u00f3n y recuperaci\u00f3n integrales para todos los pacientes.<\/span><\/p>\n<h2>Tratamiento de lesiones por accidentes de peatones<\/h2>\n<p><span style=\"font-weight: 400;\">En Georgia Spine &amp; Ortopedia (GSO), adoptamos un enfoque multidisciplinario para el tratamiento de lesiones por accidentes de peatones. Nuestro equipo integra <\/span><b><a href=\"https:\/\/www.gaspineortho.com\/es\/marietta\/neurologia\/\">atenci\u00f3n neurol\u00f3gica<\/a><\/b><span style=\"font- peso: 400;\">, <\/span><b>cuidado ortop\u00e9dico<\/b><span style=\"font-weight: 400;\">, <\/span><b>manejo del dolor<\/b><span style=\"font-weight: 400;\">, <\/span><b>fisioterapia<\/b><span style=\"font-weight: 400;\"> y <\/span><b>programas integrales de rehabilitaci\u00f3n&lt; \/b&gt;<span style=\"font-weight: 400;\"> para garantizar una recuperaci\u00f3n \u00f3ptima. Utilizando t\u00e9cnicas de \u00faltima generaci\u00f3n, como inyecciones dirigidas y tratamientos ortop\u00e9dicos avanzados, abordamos el dolor agudo y cr\u00f3nico de forma eficaz.<\/span><\/b><\/p>\n<p><span style=\"font-weight: 400;\">Nuestros cirujanos expertos en columna, junto con nuestro personal competente y multiling\u00fce, garantizan que cada paciente reciba atenci\u00f3n personalizada. Ya sea que se trate de lesiones de la m\u00e9dula espinal, fracturas o da\u00f1os en los tejidos blandos, nuestra metodolog\u00eda hol\u00edstica restaura la funcionalidad y mejora la calidad de vida. En la OSG, \u00abLa habilidad para sanar, el coraz\u00f3n para cuidar\u00bb no es s\u00f3lo un lema: es nuestro compromiso con usted.<\/span><\/p>\n<p><span style=\"font-weight: 400;\">Para aquellos afectados por accidentes de peatones en Marietta, GSO ofrece experiencia incomparable y atenci\u00f3n compasiva en nuestras m\u00faltiples ubicaciones en Metro Atlanta, brind\u00e1ndoles la accesibilidad que necesitan para recuperarse de manera r\u00e1pida y segura.<\/span ><\/p>\n<h2>Por qu\u00e9 elegir Georgia Spine &amp; Ortopedia<\/h2>\n<p><span style=\"font-weight: 400;\">Elegir Georgia Spine &amp; La ortopedia (GSO) para el tratamiento de lesiones por accidentes de peatones ofrece numerosas ventajas. Nuestro equipo se destaca en el manejo de un amplio espectro de lesiones con precisi\u00f3n y cuidado. Utilizando herramientas de diagn\u00f3stico avanzadas como rayos X, resonancias magn\u00e9ticas y tomograf\u00edas computarizadas, garantizamos evaluaciones precisas. Los planes de atenci\u00f3n personalizados de GSO se adaptan a las necesidades \u00fanicas de cada paciente, promoviendo una recuperaci\u00f3n r\u00e1pida y efectiva.<\/span><\/p>\n<p><span style=\"font-weight: 400;\">Nuestras instalaciones de \u00faltima generaci\u00f3n est\u00e1n equipadas con tecnolog\u00eda de punta para brindar una atenci\u00f3n de primer nivel. Desde atenci\u00f3n neurol\u00f3gica y ortop\u00e9dica hasta manejo del dolor y fisioterapia, nuestro enfoque multidisciplinario cubre todos los aspectos del tratamiento. Los profesionales experimentados de GSO est\u00e1n dedicados a una atenci\u00f3n compasiva y hablan ingl\u00e9s y espa\u00f1ol con fluidez, lo que garantiza comodidad y comunicaci\u00f3n para todos los pacientes.<\/span><\/p>\n<p><span style=\"font-weight: 400;\">En Georgia Spine &amp; En ortopedia, damos vida al esp\u00edritu de \u00abLa habilidad para sanar, el coraz\u00f3n para cuidar\u00bb, apoy\u00e1ndolo en cada paso del camino hacia la recuperaci\u00f3n.<\/span><\/p>\n<h2>Cont\u00e1ctenos hoy y obtenga la ayuda que necesita<\/h2>\n<p><span style=\"font-weight: 400;\">El tratamiento oportuno y experto de las lesiones por accidentes de peatones es crucial para una recuperaci\u00f3n \u00f3ptima. Columna vertebral de Georgia y Ortopedia (GSO) se destaca por brindar atenci\u00f3n integral para este tipo de lesiones, aprovechando un enfoque hol\u00edstico que combina el manejo del dolor, la ortopedia y la neurolog\u00eda. <\/span><\/p>\n<p><span style=\"font-weight: 400;\">Nuestro equipo experimentado utiliza herramientas de diagn\u00f3stico avanzadas como rayos X, resonancias magn\u00e9ticas y tomograf\u00edas computarizadas para evaluar y tratar las lesiones con precisi\u00f3n. Al elegir GSO, los pacientes se benefician de planes de atenci\u00f3n personalizados, instalaciones de \u00faltima generaci\u00f3n y un compromiso con un servicio compasivo y multiling\u00fce. Conf\u00ede en GSO para restaurar su funcionalidad y mejorar su calidad de vida.<\/span><\/p>\n<p><span style=\"font-weight: 400;\">No permita que una lesi\u00f3n por accidente de peat\u00f3n comprometa su calidad de vida. Cont\u00e1ctenos hoy al [tel\u00e9fono] o visite una de nuestras convenientes ubicaciones en Metro Atlanta para programar su consulta.<\/span><\/p>\n","protected":false},"excerpt":{"rendered":"<p>Los peatones son especialmente vulnerables en los accidentes y a menudo sufren lesiones graves. En Georgia Spine &amp; Ortopedia (GSO), nos especializamos en el tratamiento de lesiones por accidentes de peatones con un enfoque hol\u00edstico. Nuestro equipo experimentado se enfoca en el manejo del dolor, la ortopedia y la neurolog\u00eda para abordar afecciones complejas que [&hellip;]<\/p>\n","protected":false},"author":44,"featured_media":0,"parent":7566,"menu_order":0,"comment_status":"closed","ping_status":"closed","template":"","meta":{"_acf_changed":false,"footnotes":""},"categories":[],"tags":[],"class_list":["post-7909","page","type-page","status-publish","hentry"],"acf":[],"_links":{"self":[{"href":"https:\/\/www.gaspineortho.com\/es\/wp-json\/wp\/v2\/pages\/7909","targetHints":{"allow":["GET"]}}],"collection":[{"href":"https:\/\/www.gaspineortho.com\/es\/wp-json\/wp\/v2\/pages"}],"about":[{"href":"https:\/\/www.gaspineortho.com\/es\/wp-json\/wp\/v2\/types\/page"}],"author":[{"embeddable":true,"href":"https:\/\/www.gaspineortho.com\/es\/wp-json\/wp\/v2\/users\/44"}],"replies":[{"embeddable":true,"href":"https:\/\/www.gaspineortho.com\/es\/wp-json\/wp\/v2\/comments?post=7909"}],"version-history":[{"count":3,"href":"https:\/\/www.gaspineortho.com\/es\/wp-json\/wp\/v2\/pages\/7909\/revisions"}],"predecessor-version":[{"id":7913,"href":"https:\/\/www.gaspineortho.com\/es\/wp-json\/wp\/v2\/pages\/7909\/revisions\/7913"}],"up":[{"embeddable":true,"href":"https:\/\/www.gaspineortho.com\/es\/wp-json\/wp\/v2\/pages\/7566"}],"wp:attachment":[{"href":"https:\/\/www.gaspineortho.com\/es\/wp-json\/wp\/v2\/media?parent=7909"}],"wp:term":[{"taxonomy":"category","embeddable":true,"href":"https:\/\/www.gaspineortho.com\/es\/wp-json\/wp\/v2\/categories?post=7909"},{"taxonomy":"post_tag","embeddable":true,"href":"https:\/\/www.gaspineortho.com\/es\/wp-json\/wp\/v2\/tags?post=7909"}],"curies":[{"name":"wp","href":"https:\/\/api.w.org\/{rel}","templated":true}]}}