{"id":7869,"date":"2024-05-15T10:50:31","date_gmt":"2024-05-15T15:50:31","guid":{"rendered":"https:\/\/www.gaspineortho.com\/marietta\/medical-clinic\/"},"modified":"2024-06-03T14:58:21","modified_gmt":"2024-06-03T19:58:21","slug":"clinica-medica","status":"publish","type":"page","link":"https:\/\/www.gaspineortho.com\/es\/marietta\/clinica-medica\/","title":{"rendered":"Cl\u00ednica M\u00e9dica Marieta"},"content":{"rendered":"<h2><img fetchpriority=\"high\" decoding=\"async\" class=\"alignnone wp-image-4422 size-full\" src=\"https:\/\/www.gaspineortho.com\/wp-content\/uploads\/2024\/05\/car-accident-doctor.jpeg\" alt=\"Doctor consulting with a patient in a private examination room at Marietta Medical Clinic.\" width=\"500\" height=\"334\" srcset=\"https:\/\/www.gaspineortho.com\/wp-content\/uploads\/2024\/05\/car-accident-doctor.jpeg 500w, https:\/\/www.gaspineortho.com\/wp-content\/uploads\/2024\/05\/car-accident-doctor-300x200.jpeg 300w\" sizes=\"(max-width: 500px) 100vw, 500px\" \/><\/h2>\n<h2>Cl\u00ednica m\u00e9dica en Marietta, GA<\/h2>\n<p>En Georgia Spine &amp; En la Cl\u00ednica M\u00e9dica Marietta de Ortopedia, ofrecemos un tratamiento integral del dolor adaptado a sus necesidades \u00fanicas. Nuestras t\u00e9cnicas de alivio del dolor de \u00faltima generaci\u00f3n incluyen inyecciones dirigidas dise\u00f1adas para aliviar el malestar en su origen.<\/p>\n<p>Adem\u00e1s, brindamos tratamientos ortop\u00e9dicos y neurol\u00f3gicos avanzados para abordar una amplia gama de problemas de la columna y musculoesquel\u00e9ticos. Nuestro enfoque hol\u00edstico garantiza que se consideren todos los aspectos de su salud, ayud\u00e1ndole a recuperar la movilidad y mejorar su calidad de vida. Ya sea que se trate de lesiones por accidentes automovil\u00edsticos o incidentes laborales, nuestro equipo de expertos est\u00e1 comprometido a brindar el m\u00e1s alto nivel de atenci\u00f3n.<\/p>\n<h2>Nuestro enfoque<\/h2>\n<p>En nuestra cl\u00ednica m\u00e9dica <a href=\"https:\/\/www.mariettaga.gov\/\" target=\"_blank\" rel=\"noopener\">Marietta<\/a>, nos enorgullecemos de nuestro enfoque hol\u00edstico de la atenci\u00f3n al paciente. Nos aseguramos de que se consideren todos los aspectos de su salud integrando el manejo del dolor, la ortopedia y la neurolog\u00eda. Esta estrategia integral nos permite tratar eficazmente las afecciones causadas por colisiones de veh\u00edculos motorizados y lesiones relacionadas con el trabajo.<\/p>\n<p>Nuestro equipo emplea opciones de tratamiento m\u00ednimamente invasivas, como inyecciones dirigidas, para reducir el tiempo de recuperaci\u00f3n y mejorar la comodidad del paciente. Al combinar nuestras especializaciones, ofrecemos un enfoque \u00fanico centrado en el paciente dise\u00f1ado para ayudarlo a recuperar la funcionalidad y mejorar su calidad de vida.<\/p>\n<h3>Atenci\u00f3n personalizada al paciente<\/h3>\n<p><span style=\"font-weight: 400;\">Georgia Spine &amp; Ortopedia (GSO) prioriza su viaje de salud individual. Nuestro equipo de cl\u00ednica m\u00e9dica escucha atentamente sus inquietudes \u00fanicas y personaliza planes de tratamiento adaptados para lograr sus objetivos de salud espec\u00edficos. Ya sea que est\u00e9 lidiando con afecciones complejas de la columna o lesiones ortop\u00e9dicas por colisiones automovil\u00edsticas y accidentes laborales, nuestro enfoque hol\u00edstico garantiza que reciba atenci\u00f3n integral. <\/span><\/p>\n<p><span style=\"font-weight: 400;\">Hacemos hincapi\u00e9 en <a href=\"https:\/\/www.gaspineortho.com\/marietta\/pain-management\/\">manejo del dolor<\/a>, ortopedia y neurolog\u00eda. aprovechando t\u00e9cnicas de \u00faltima generaci\u00f3n, como inyecciones dirigidas y tratamientos avanzados. Nuestro personal multiling\u00fce, competente en ingl\u00e9s y espa\u00f1ol, garantiza una comunicaci\u00f3n efectiva y una atenci\u00f3n compasiva en todas nuestras ubicaciones en Metro Atlanta. En GSO, encarnamos \u00abLa habilidad para sanar, el coraz\u00f3n para cuidar\u00bb, garantizando tanto la excelencia m\u00e9dica como la satisfacci\u00f3n del paciente.<\/span><\/p>\n<h2>Servicios m\u00e9dicos ofrecidos en Georgia Spine &amp; Ortopedia<\/h2>\n<p>Brindamos una amplia gama de servicios m\u00e9dicos dise\u00f1ados para abordar una amplia gama de problemas ortop\u00e9dicos y de columna. Nuestro enfoque hol\u00edstico garantiza que todos los aspectos de su salud sean considerados para el tratamiento m\u00e1s eficaz.<\/p>\n<h3>Cuidado ortop\u00e9dico<\/h3>\n<p>GSO tiene experiencia en el diagn\u00f3stico, tratamiento, prevenci\u00f3n y rehabilitaci\u00f3n de lesiones y afecciones musculoesquel\u00e9ticas. Nuestro objetivo es restaurar su estilo de vida activo con planes de tratamiento personalizados que minimicen las molestias.<\/p>\n<h3>Manejo del dolor<\/h3>\n<p><span style=\"font-weight: 400;\">Nos especializamos en una variedad de t\u00e9cnicas de manejo del dolor dise\u00f1adas para aliviar su malestar y mejorar su calidad de vida. Nuestros m\u00e9todos incluyen manejo de medicamentos, fisioterapia y procedimientos intervencionistas avanzados. Empleamos inyecciones dirigidas para abordar \u00e1reas espec\u00edficas de dolor, brindando alivio y reduciendo la inflamaci\u00f3n. <\/span><\/p>\n<p><span style=\"font-weight: 400;\">Estas t\u00e9cnicas de alivio del dolor de \u00faltima generaci\u00f3n son particularmente efectivas para afecciones resultantes de colisiones automovil\u00edsticas y lesiones relacionadas con el trabajo. Nuestro enfoque hol\u00edstico integra ortopedia y neurolog\u00eda, garantizando un plan de tratamiento integral adaptado a sus necesidades. Nuestro personal multiling\u00fce, competente tanto en ingl\u00e9s como en espa\u00f1ol, est\u00e1 dedicado a brindar atenci\u00f3n compasiva que cumple con los m\u00e1s altos est\u00e1ndares de excelencia m\u00e9dica.<\/span><\/p>\n<h3>Neurolog\u00eda<\/h3>\n<p><span style=\"font-weight: 400;\">El departamento de neurolog\u00eda de GSO se destaca por brindar atenci\u00f3n avanzada para afecciones neurol\u00f3gicas complejas. Nuestro equipo se especializa en diagnosticar y tratar trastornos que afectan el cerebro, la m\u00e9dula espinal y el sistema nervioso, a menudo derivados de colisiones automovil\u00edsticas y lesiones laborales. <\/span><\/p>\n<p><span style=\"font-weight: 400;\">Utilizando tecnolog\u00eda de punta y tratamientos innovadores, ofrecemos diagn\u00f3sticos precisos para crear planes de atenci\u00f3n efectivos y personalizados. Desde inyecciones dirigidas hasta procedimientos espinales avanzados, nuestro enfoque prioriza el alivio del dolor y la restauraci\u00f3n de la funcionalidad. Nuestro equipo multiling\u00fce, incluido nuestro experto cirujano de columna, el Dr. Laviel Fern\u00e1ndez, est\u00e1 dedicado a una atenci\u00f3n compasiva, garantizando que cada paciente reciba la atenci\u00f3n y la experiencia que merece.<\/span><\/p>\n<h3>Atenci\u00f3n quiropr\u00e1ctica<\/h3>\n<p><span style=\"font-weight: 400;\">Nuestro cuidado quiropr\u00e1ctico ofrece soluciones naturales para tratar el dolor de espalda, cuello, extremidades y articulaciones. Priorizamos un enfoque hol\u00edstico de la curaci\u00f3n, enfatizando t\u00e9cnicas no invasivas para restaurar la funcionalidad y aliviar las molestias. Nuestros quiropr\u00e1cticos altamente capacitados se especializan en ajustes de la columna, manipulaci\u00f3n manual y otras modalidades terap\u00e9uticas dise\u00f1adas para promover el bienestar general. <\/span><\/p>\n<p><span style=\"font-weight: 400;\">Al centrarnos en la causa ra\u00edz de su dolor, nuestro objetivo es brindar alivio a largo plazo y mejorar su calidad de vida. Ya sea que est\u00e9 sufriendo dolor por una colisi\u00f3n automovil\u00edstica, una lesi\u00f3n laboral o una enfermedad cr\u00f3nica, nuestros servicios quiropr\u00e1cticos est\u00e1n dise\u00f1ados para satisfacer sus necesidades \u00fanicas. Experimente los beneficios del alivio natural del dolor y recupere su movilidad con nuestra atenci\u00f3n especializada.<\/span><\/p>\n<h3>Fisioterapia<\/h3>\n<p><span style=\"font-weight: 400;\"><a href=\"https:\/\/www.gaspineortho.com\/marietta\/physical-therapy\/\">fisioterapia<\/a> en Georgia Spine &amp; La ortopedia es esencial para restaurar el movimiento, la movilidad, la fuerza y \u200b\u200bel equilibrio despu\u00e9s de una enfermedad o lesi\u00f3n. Nuestros terapeutas dedicados colaboran estrechamente con cada paciente para desarrollar programas de rehabilitaci\u00f3n personalizados adaptados a sus necesidades \u00fanicas. <\/span><\/p>\n<p><span style=\"font-weight: 400;\">Ya sea que se est\u00e9 recuperando de una colisi\u00f3n automovil\u00edstica, una lesi\u00f3n relacionada con el trabajo o una afecci\u00f3n ortop\u00e9dica compleja, nuestro enfoque hol\u00edstico garantiza una atenci\u00f3n integral. Utilizando t\u00e9cnicas de \u00faltima generaci\u00f3n, nuestro objetivo es mejorar la funcionalidad y la calidad de vida, gui\u00e1ndole en cada paso del camino hacia la recuperaci\u00f3n. En GSO, creemos en \u00abLa habilidad para sanar, el coraz\u00f3n para cuidar\u00bb, asegurando que su experiencia de rehabilitaci\u00f3n sea efectiva y compasiva.<\/span><\/p>\n<h3>Servicios de resonancia magn\u00e9tica<\/h3>\n<p><span style=\"font-weight: 400;\">En Georgia Spine &amp; Ortopedia, nuestros servicios de resonancia magn\u00e9tica de \u00faltima generaci\u00f3n desempe\u00f1an un papel fundamental en el diagn\u00f3stico de afecciones ortop\u00e9dicas y de la columna complejas. La resonancia magn\u00e9tica (MRI) proporciona im\u00e1genes detalladas de tejidos y \u00f3rganos, lo que ayuda a la identificaci\u00f3n precisa de lesiones y enfermedades. <\/span><\/p>\n<p><span style=\"font-weight: 400;\">Esta t\u00e9cnica de im\u00e1genes es particularmente beneficiosa para detectar condiciones derivadas de colisiones de veh\u00edculos motorizados y lesiones relacionadas con el trabajo. Nuestra tecnolog\u00eda de resonancia magn\u00e9tica respalda la creaci\u00f3n de planes de tratamiento efectivos, asegurando una adaptaci\u00f3n precisa a sus necesidades m\u00e9dicas \u00fanicas. Con diagn\u00f3sticos avanzados, podemos ofrecer tratamiento espec\u00edfico del dolor y atenci\u00f3n ortop\u00e9dica especializada, mejorando su proceso de recuperaci\u00f3n y su calidad de vida en general.<\/span><\/p>\n<h3>Servicios de rayos X<\/h3>\n<p><span style=\"font-weight: 400;\">Nuestros <a href=\"https:\/\/www.gaspineortho.com\/marietta\/x-ray-services\/\">servicios de rayos X<\/a> internos en Georgia Spine &amp; La ortopedia brinda una experiencia perfecta y eficiente para nuestros pacientes. Con tecnolog\u00eda de im\u00e1genes de \u00faltima generaci\u00f3n disponible en el sitio, podemos diagnosticar r\u00e1pidamente una variedad de afecciones ortop\u00e9dicas y de la columna. Esto significa resultados m\u00e1s r\u00e1pidos y planes de tratamiento m\u00e1s oportunos y adaptados a sus necesidades. <\/span><\/p>\n<p><span style=\"font-weight: 400;\">Nuestros t\u00e9cnicos y radi\u00f3logos capacitados se aseguran de que cada radiograf\u00eda se realice con la m\u00e1xima precisi\u00f3n, capturando im\u00e1genes claras y detalladas para ayudar en un diagn\u00f3stico preciso. Ya sea evaluando lesiones por colisiones automovil\u00edsticas o incidentes relacionados con el trabajo, nuestras radiograf\u00edas internas agilizan el proceso, permiti\u00e9ndole recibir atenci\u00f3n sin la molestia de derivaciones externas. Disfrute de la comodidad y confiabilidad de los servicios integrales de im\u00e1genes directamente en nuestra cl\u00ednica, lo que garantiza que su camino hacia la recuperaci\u00f3n sea r\u00e1pido y efectivo.<\/span><\/p>\n<h3>Inyecciones m\u00e9dicas<\/h3>\n<p><span style=\"font-weight: 400;\">En Georgia Spine &amp; Ortopedia, nuestras inyecciones m\u00e9dicas est\u00e1n dise\u00f1adas para proporcionar un alivio espec\u00edfico del dolor. Al administrar los medicamentos directamente a la fuente del malestar, podemos reducir eficazmente la inflamaci\u00f3n y controlar el dolor, ayud\u00e1ndole a recuperarse m\u00e1s r\u00e1pido. <\/span><\/p>\n<p><span style=\"font-weight: 400;\">Nuestras t\u00e9cnicas de inyecci\u00f3n de \u00faltima generaci\u00f3n son parte de nuestra estrategia integral de manejo del dolor, enfocada en mejorar su calidad de vida. Ya sea que est\u00e9 sufriendo dolor por una colisi\u00f3n automovil\u00edstica o una lesi\u00f3n relacionada con el trabajo, nuestra atenci\u00f3n especializada garantiza que reciba el tratamiento m\u00e1s preciso y eficaz. Conf\u00ede en Georgia Spine &amp; Ortopedia para aliviar su dolor con nuestro enfoque innovador y compasivo.<\/span><\/p>\n<p><img decoding=\"async\" class=\"alignnone wp-image-4423 size-full\" src=\"https:\/\/www.gaspineortho.com\/wp-content\/uploads\/2024\/05\/GSO-car-accident-doctor-e1715805328124.webp\" alt=\"Healthcare professionals at Marietta Medical Clinic discussing a patient\u2019s treatment plan.\" width=\"500\" height=\"349\" \/><\/p>\n<h2>Por qu\u00e9 elegir Georgia Spine &amp; Ortopedia<\/h2>\n<p>En Georgia Spine &amp; En la Cl\u00ednica M\u00e9dica Marietta de Ortopedia, nos enorgullecemos de brindar atenci\u00f3n compasiva y excelencia cl\u00ednica. Nuestro esp\u00edritu, \u00abLa habilidad para sanar, el coraz\u00f3n para cuidar\u00bb, refleja nuestro compromiso inquebrantable con su bienestar. Nuestro enfoque hol\u00edstico integra el manejo avanzado del dolor, la ortopedia y la neurolog\u00eda para ofrecer tratamientos integrales adaptados a sus necesidades.<\/p>\n<p>Entendemos la importancia de la accesibilidad, raz\u00f3n por la cual nuestro personal multiling\u00fce, incluido nuestro estimado cirujano de columna, el Dr. Laviel Fern\u00e1ndez, domina tanto el ingl\u00e9s como el espa\u00f1ol. Esto garantiza que cada paciente se sienta comprendido y c\u00f3modo.<\/p>\n<p>Adem\u00e1s, con m\u00faltiples cl\u00ednicas convenientemente ubicadas en el \u00e1rea metropolitana de Atlanta, le facilitamos el acceso a atenci\u00f3n m\u00e9dica de primer nivel cerca de casa. Elija GSO para vivir una experiencia de atenci\u00f3n m\u00e9dica que combine habilidad, compasi\u00f3n y conveniencia.<\/p>\n<h2>Comun\u00edquese con la Cl\u00ednica M\u00e9dica Marietta hoy<\/h2>\n<p><img decoding=\"async\" class=\"alignnone wp-image-3286 size-full\" src=\"https:\/\/www.gaspineortho.com\/wp-content\/uploads\/2020\/12\/ga-spine-ortho-docs-e1715801958933.webp\" alt=\"Medical staff at Marietta Medical Clinic providing personalized care to a patients.\" width=\"500\" height=\"273\" \/><\/p>\n<p>\u00bfListo para dar el siguiente paso hacia una mejor salud espinal y ortop\u00e9dica? La Cl\u00ednica M\u00e9dica Marietta en Georgia Spine &amp; Ortopedia (GSO) est\u00e1 aqu\u00ed para ayudar. Nuestro equipo de especialistas est\u00e1 dedicado a brindar atenci\u00f3n excepcional, desde manejo avanzado del dolor hasta tratamientos ortop\u00e9dicos y neurol\u00f3gicos expertos.<\/p>\n<p>Ya sea que haya sufrido una colisi\u00f3n automovil\u00edstica o una lesi\u00f3n relacionada con el trabajo, nuestro enfoque hol\u00edstico garantiza un tratamiento integral adaptado a sus necesidades. \u00a1Programe su consulta llamando al [tel\u00e9fono] o completando nuestro formulario de contacto en l\u00ednea hoy!<\/p>\n","protected":false},"excerpt":{"rendered":"<p>Cl\u00ednica m\u00e9dica en Marietta, GA En Georgia Spine &amp; En la Cl\u00ednica M\u00e9dica Marietta de Ortopedia, ofrecemos un tratamiento integral del dolor adaptado a sus necesidades \u00fanicas. Nuestras t\u00e9cnicas de alivio del dolor de \u00faltima generaci\u00f3n incluyen inyecciones dirigidas dise\u00f1adas para aliviar el malestar en su origen. Adem\u00e1s, brindamos tratamientos ortop\u00e9dicos y neurol\u00f3gicos avanzados para [&hellip;]<\/p>\n","protected":false},"author":44,"featured_media":0,"parent":7566,"menu_order":0,"comment_status":"closed","ping_status":"closed","template":"","meta":{"_acf_changed":false,"footnotes":""},"categories":[],"tags":[],"class_list":["post-7869","page","type-page","status-publish","hentry"],"acf":[],"_links":{"self":[{"href":"https:\/\/www.gaspineortho.com\/es\/wp-json\/wp\/v2\/pages\/7869","targetHints":{"allow":["GET"]}}],"collection":[{"href":"https:\/\/www.gaspineortho.com\/es\/wp-json\/wp\/v2\/pages"}],"about":[{"href":"https:\/\/www.gaspineortho.com\/es\/wp-json\/wp\/v2\/types\/page"}],"author":[{"embeddable":true,"href":"https:\/\/www.gaspineortho.com\/es\/wp-json\/wp\/v2\/users\/44"}],"replies":[{"embeddable":true,"href":"https:\/\/www.gaspineortho.com\/es\/wp-json\/wp\/v2\/comments?post=7869"}],"version-history":[{"count":3,"href":"https:\/\/www.gaspineortho.com\/es\/wp-json\/wp\/v2\/pages\/7869\/revisions"}],"predecessor-version":[{"id":7878,"href":"https:\/\/www.gaspineortho.com\/es\/wp-json\/wp\/v2\/pages\/7869\/revisions\/7878"}],"up":[{"embeddable":true,"href":"https:\/\/www.gaspineortho.com\/es\/wp-json\/wp\/v2\/pages\/7566"}],"wp:attachment":[{"href":"https:\/\/www.gaspineortho.com\/es\/wp-json\/wp\/v2\/media?parent=7869"}],"wp:term":[{"taxonomy":"category","embeddable":true,"href":"https:\/\/www.gaspineortho.com\/es\/wp-json\/wp\/v2\/categories?post=7869"},{"taxonomy":"post_tag","embeddable":true,"href":"https:\/\/www.gaspineortho.com\/es\/wp-json\/wp\/v2\/tags?post=7869"}],"curies":[{"name":"wp","href":"https:\/\/api.w.org\/{rel}","templated":true}]}}