{"id":7865,"date":"2025-07-03T09:28:19","date_gmt":"2025-07-03T14:28:19","guid":{"rendered":"https:\/\/www.gaspineortho.com\/marietta\/chiropractor\/"},"modified":"2024-06-03T14:25:32","modified_gmt":"2024-06-03T19:25:32","slug":"quiropractico","status":"publish","type":"page","link":"https:\/\/www.gaspineortho.com\/es\/marietta\/quiropractico\/","title":{"rendered":"Quiropr\u00e1ctico Marietta"},"content":{"rendered":"<h2>Comprender la atenci\u00f3n quiropr\u00e1ctica de Marietta<\/h2>\n<p><span style=\"font-weight: 400;\">La atenci\u00f3n quiropr\u00e1ctica se centra en diagnosticar y tratar trastornos mec\u00e1nicos del sistema musculoesquel\u00e9tico, especialmente de la columna. En Georgia Spine &amp; Ortopedia (GSO), nuestros quiropr\u00e1cticos de Marietta brindan una variedad de servicios para abordar sus necesidades ortop\u00e9dicas y de columna. Estos incluyen ajustes de la columna, fisioterapia, terapia de tejidos blandos y asesoramiento nutricional y de estilo de vida. Nuestro equipo emplea un enfoque hol\u00edstico para la atenci\u00f3n al paciente, asegurando que todos los tratamientos se adapten para mejorar su bienestar general y calidad de vida. Ya sea que est\u00e9 sufriendo dolor por una colisi\u00f3n automovil\u00edstica o una lesi\u00f3n relacionada con el trabajo, nuestras t\u00e9cnicas de \u00faltima generaci\u00f3n tienen como objetivo ayudarle a recuperar la funcionalidad y la comodidad.<\/span><\/p>\n<h2>Beneficios de la atenci\u00f3n quiropr\u00e1ctica despu\u00e9s de un accidente automovil\u00edstico<\/h2>\n<p><span style=\"font-weight: 400;\">La atenci\u00f3n quiropr\u00e1ctica ofrece numerosos beneficios para quienes se recuperan de un accidente automovil\u00edstico. En primer lugar, proporciona un <\/span><b>tratamiento no invasivo<\/b><span style=\"font-weight: 400;\">, lo que significa que no requiere cirug\u00eda, lo que reduce el riesgo de complicaciones. Adem\u00e1s, es un <\/span><b>tratamiento libre de medicamentos<\/b><span style=\"font-weight: 400;\">, que utiliza t\u00e9cnicas naturales que evitan los efectos secundarios de los medicamentos. Uno de los beneficios inmediatos es el <\/span><b>alivio r\u00e1pido del dolor<\/b><span style=\"font-weight: 400;\">; Los ajustes de la columna pueden aliviar r\u00e1pidamente el dolor agudo. Adem\u00e1s, los m\u00e9todos quiropr\u00e1cticos ayudan a <\/span><b>reducir la inflamaci\u00f3n<\/b><span style=\"font-weight: 400;\">, un problema com\u00fan despu\u00e9s de un accidente.<\/span><\/p>\n<p><span style=\"font-weight: 400;\">Las sesiones quiropr\u00e1cticas peri\u00f3dicas tambi\u00e9n ayudan a <\/span><b>reducir el estr\u00e9s<\/b><span style=\"font-weight: 400;\">, promoviendo la relajaci\u00f3n y la recuperaci\u00f3n mental. bienestar. Otra ventaja importante es la <\/span><b>restauraci\u00f3n del rango de movimiento<\/b><span style=\"font-weight: 400;\">; Los ajustes quiropr\u00e1cticos pueden mejorar la movilidad y flexibilidad de la columna y las articulaciones, esenciales para regresar a las actividades diarias. En general, la atenci\u00f3n quiropr\u00e1ctica desempe\u00f1a un papel crucial en la recuperaci\u00f3n integral y contribuye a la salud f\u00edsica y mental.<\/span><\/p>\n<p><img fetchpriority=\"high\" decoding=\"async\" class=\"alignnone wp-image-4503 size-full\" src=\"https:\/\/www.gaspineortho.com\/wp-content\/uploads\/2024\/05\/georgia-chiropractor.webp\" alt=\"Marietta Chiropractor adjusting a patient's spine to alleviate back pain at Georgia Spine &amp; Orthopaedics.\" width=\"500\" height=\"334\" srcset=\"https:\/\/www.gaspineortho.com\/wp-content\/uploads\/2024\/05\/georgia-chiropractor.webp 500w, https:\/\/www.gaspineortho.com\/wp-content\/uploads\/2024\/05\/georgia-chiropractor-300x200.webp 300w\" sizes=\"(max-width: 500px) 100vw, 500px\" \/><\/p>\n<h2>Momento \u00f3ptimo para la atenci\u00f3n quiropr\u00e1ctica despu\u00e9s de un accidente<\/h2>\n<p><span style=\"font-weight: 400;\">La intervenci\u00f3n quiropr\u00e1ctica temprana es crucial para prevenir complicaciones a largo plazo y condiciones de dolor cr\u00f3nico. Despu\u00e9s de un accidente automovil\u00edstico, buscar atenci\u00f3n quiropr\u00e1ctica inmediata puede abordar lesiones ocultas que podr\u00edan no manifestar s\u00edntomas de inmediato. El tratamiento oportuno ayuda a una recuperaci\u00f3n m\u00e1s r\u00e1pida y puede prevenir problemas graves en el futuro.<\/span><\/p>\n<p><span style=\"font-weight: 400;\">Desde la perspectiva del seguro, la atenci\u00f3n quiropr\u00e1ctica inmediata puede agilizar el proceso de reclamaciones. Las compa\u00f1\u00edas de seguros suelen estar m\u00e1s dispuestas a cubrir los tratamientos que se inician inmediatamente despu\u00e9s de un accidente. Retrasar la atenci\u00f3n podr\u00eda provocar la denegaci\u00f3n de la cobertura, ya que muchas aseguradoras exigen documentaci\u00f3n m\u00e9dica oportuna para fundamentar las reclamaciones por lesiones. Por lo tanto, una acci\u00f3n r\u00e1pida no solo facilita la curaci\u00f3n f\u00edsica sino que tambi\u00e9n respalda el procesamiento fluido del seguro, garantizando que reciba la atenci\u00f3n necesaria sin estr\u00e9s financiero innecesario.<\/span><\/p>\n<h2>Papel de la atenci\u00f3n quiropr\u00e1ctica en la recuperaci\u00f3n despu\u00e9s de un accidente automovil\u00edstico<\/h2>\n<p><span style=\"font-weight: 400;\">La atenci\u00f3n quiropr\u00e1ctica desempe\u00f1a un papel crucial en la recuperaci\u00f3n despu\u00e9s de un accidente automovil\u00edstico al brindar alivio espec\u00edfico y respaldar el proceso de curaci\u00f3n natural del cuerpo. Mediante ajustes espinales precisos, los quiropr\u00e1cticos de Georgia Spine &amp; La ortopedia (GSO) alivia el dolor, mejora la funci\u00f3n y mejora la movilidad. Su enfoque hol\u00edstico garantiza que se consideren todos los aspectos de la salud del paciente, incluidos los factores del estilo de vida que pueden afectar la recuperaci\u00f3n. Al abordar los problemas musculoesquel\u00e9ticos y promover el bienestar general, la atenci\u00f3n quiropr\u00e1ctica en GSO ayuda a los pacientes a recuperar su calidad de vida m\u00e1s r\u00e1pidamente. Esta atenci\u00f3n integral es vital para controlar las afecciones derivadas de colisiones automovil\u00edsticas, como el latigazo cervical y el dolor lumbar, garantizando una recuperaci\u00f3n m\u00e1s suave y eficaz.<\/span><\/p>\n<p><span style=\"font-weight: 400;\">Con la inclusi\u00f3n de t\u00e9cnicas de vanguardia y un compromiso con la atenci\u00f3n compasiva, los servicios quiropr\u00e1cticos de GSO se destacan en el \u00e1rea metropolitana de Atlanta. La experiencia de su personal multiling\u00fce, dirigido por profesionales experimentados como el Dr. Erik Bendiks, garantiza que los pacientes reciban un tratamiento personalizado y eficaz, fomentando tanto el alivio inmediato como la salud a largo plazo.<\/span><\/p>\n<h2>Lesiones comunes por accidentes automovil\u00edsticos tratadas por quiropr\u00e1cticos<\/h2>\n<h3>Latigazo cervical<\/h3>\n<p><span style=\"font-weight: 400;\"><a href=\"https:\/\/www.gaspineortho.com\/es\/lesion-por-latigazo-cervical\/\" target=\"_blank\" rel=\"noopener\"> El latigazo cervical<\/a> es una lesi\u00f3n frecuente en el cuello por impactos repentinos, como los de los accidentes automovil\u00edsticos. El cuidado quiropr\u00e1ctico puede aliviar el dolor y restaurar la movilidad del cuello, ayud\u00e1ndole a recuperar la funcionalidad.<\/span><\/p>\n<h3>Lesiones de la m\u00e9dula espinal<\/h3>\n<p><span style=\"font-weight: 400;\">Las lesiones de la m\u00e9dula espinal a menudo provocan un malestar significativo. Los ajustes y terapias quiropr\u00e1cticas pueden ayudar en la recuperaci\u00f3n, reducir el dolor y mejorar la salud general de la columna.<\/span><\/p>\n<h3>Dolor lumbar<\/h3>\n<p><span style=\"font-weight: 400;\"><a href=\"https:\/\/www.gaspineortho.com\/es\/lesion-de-espalda\/\" target=\"_blank\" rel=\"noopener\">Espalda baja el dolor<\/a> es un problema com\u00fan despu\u00e9s de un accidente. Los tratamientos quiropr\u00e1cticos eficaces pueden abordar y aliviar este dolor, ayudando a una recuperaci\u00f3n m\u00e1s r\u00e1pida y a una mejor calidad de vida.<\/span><\/p>\n<h3>Dolor y molestias musculares<\/h3>\n<p><span style=\"font-weight: 400;\">El dolor y las molestias musculares suelen acompa\u00f1ar a las lesiones por accidentes. La atenci\u00f3n quiropr\u00e1ctica promueve la relajaci\u00f3n y la curaci\u00f3n, abordando la rigidez y el malestar muscular.<\/span><\/p>\n<h3>Dolor de pecho<\/h3>\n<p><span style=\"font-weight: 400;\">El dolor de pecho debido a una distensi\u00f3n muscular es otro problema que los quiropr\u00e1cticos pueden tratar. Las t\u00e9cnicas quiropr\u00e1cticas ayudan a reducir este dolor, mejorando su comodidad y recuperaci\u00f3n generales.<\/span><\/p>\n<p><img decoding=\"async\" class=\"alignnone wp-image-4188 size-full\" src=\"https:\/\/www.gaspineortho.com\/wp-content\/uploads\/2020\/12\/hp-pain-management-copy.webp\" alt=\"Close-up of a chiropractic adjustment on a patient\u2019s lumbar region in Marietta.\" width=\"500\" height=\"334\" srcset=\"https:\/\/www.gaspineortho.com\/wp-content\/uploads\/2020\/12\/hp-pain-management-copy.webp 500w, https:\/\/www.gaspineortho.com\/wp-content\/uploads\/2020\/12\/hp-pain-management-copy-300x200.webp 300w\" sizes=\"(max-width: 500px) 100vw, 500px\" \/><\/p>\n<h2>Por qu\u00e9 elegir Georgia Spine &amp; Ortopedia para sus necesidades quiropr\u00e1cticas<\/h2>\n<p>Elegir Georgia Spine &amp; Ortopedia (GSO) para sus necesidades quiropr\u00e1cticas en Marietta ofrece numerosas ventajas, lo que garantiza que reciba una atenci\u00f3n de primer nivel adaptada a sus problemas de salud espec\u00edficos. Aqu\u00ed hay varias razones convincentes para elegir la OSG:<\/p>\n<h3>Experiencia y especializaci\u00f3n<\/h3>\n<p>GSO cuenta con un equipo de quiropr\u00e1cticos altamente capacitados que se especializan en diagnosticar y tratar problemas relacionados con la columna. Su experiencia no se limita s\u00f3lo a ajustes quiropr\u00e1cticos generales; Tambi\u00e9n brindan atenci\u00f3n especializada para afecciones y lesiones de la columna m\u00e1s complejas, lo que garantiza un enfoque integral de la salud de la columna.<\/p>\n<h3>T\u00e9cnicas de \u00faltima generaci\u00f3n<\/h3>\n<p>En GSO, los pacientes se benefician de los \u00faltimos avances en atenci\u00f3n quiropr\u00e1ctica. La cl\u00ednica emplea t\u00e9cnicas y herramientas modernas para garantizar resultados de tratamiento eficaces. Estas pr\u00e1cticas de \u00faltima generaci\u00f3n ayudan a diagnosticar con precisi\u00f3n y tratar de manera eficiente diversos trastornos de la columna, con el objetivo no solo de aliviar el alivio a corto plazo sino tambi\u00e9n de mejorar la salud a largo plazo.<\/p>\n<h3>Enfoque hol\u00edstico de la atenci\u00f3n<\/h3>\n<p>Al comprender que las necesidades de cada paciente son \u00fanicas, GSO adopta un enfoque hol\u00edstico de tratamiento. Esto significa que consideran todos los aspectos de su salud al crear un plan de atenci\u00f3n personalizado. Al integrar la atenci\u00f3n quiropr\u00e1ctica con otras modalidades como la fisioterapia y el manejo del dolor, GSO garantiza un enfoque integral para su recuperaci\u00f3n y bienestar.<\/p>\n<h3>Servicio centrado en el paciente<\/h3>\n<p>GSO se compromete a brindar un servicio centrado en el paciente. Desde la consulta inicial hasta el tratamiento y el seguimiento, su atenci\u00f3n se centra en su comodidad y satisfacci\u00f3n. El personal de GSO es conocido por su atenci\u00f3n compasiva y dedicaci\u00f3n a la educaci\u00f3n del paciente, asegurando que est\u00e9 bien informado sobre sus opciones de tratamiento y qu\u00e9 esperar durante su proceso de recuperaci\u00f3n.<\/p>\n<h3>Ubicaci\u00f3n conveniente y accesibilidad<\/h3>\n<p>Ubicada en Marietta, GSO ofrece f\u00e1cil acceso a quienes viven en el \u00e1rea y sus alrededores. Las instalaciones est\u00e1n dise\u00f1adas para brindar un ambiente c\u00f3modo y acogedor, haciendo que sus visitas sean libres de estr\u00e9s. Con horarios flexibles y un enfoque en satisfacer las necesidades de sus pacientes, GSO le facilita obtener la atenci\u00f3n que necesita sin problemas.<\/p>\n<h3>Historial comprobado<\/h3>\n<p>El compromiso de GSO con la excelencia en la atenci\u00f3n quiropr\u00e1ctica se refleja en los resultados exitosos de sus tratamientos y en los testimonios positivos de los pacientes. Su trayectoria comprobada de ayudar a los pacientes a lograr mejoras significativas en la salud de su columna y su calidad de vida en general los convierte en una opci\u00f3n confiable en la comunidad de Marietta.<\/p>\n<p>Al elegir Georgia Spine &amp; Ortopedia, usted est\u00e1 optando por un equipo profesional dedicado a su salud y equipado con el conocimiento, las habilidades y los recursos para abordar de manera efectiva sus necesidades quiropr\u00e1cticas.<\/p>\n<h2>\u00bfListo para experimentar alivio y revitalizar la salud de su columna?<\/h2>\n<p><img decoding=\"async\" class=\"alignnone wp-image-3286 size-full\" src=\"https:\/\/www.gaspineortho.com\/wp-content\/uploads\/2020\/12\/ga-spine-ortho-docs.webp\" alt=\"Detailed view of a chiropractic care session focusing on joint manipulation in Marietta.\" width=\"887\" height=\"484\" \/><\/p>\n<p>No permita que las molestias y el dolor de la columna lo detengan por m\u00e1s tiempo. Programe su cita con Georgia Spine &amp; Ortopedia hoy y da el primer paso hacia una vida m\u00e1s sana y activa. Nuestro equipo dedicado en Marietta est\u00e1 listo para brindarle atenci\u00f3n personalizada y experta en un entorno de apoyo. Ya sea que padezca dolor agudo o afecciones cr\u00f3nicas, estamos aqu\u00ed para ayudarlo a lograr un alivio duradero.<\/p>\n<p>Ll\u00e1menos hoy al [tel\u00e9fono] o reserve su cita en l\u00ednea para comenzar su viaje hacia una mejor salud de la columna con Georgia Spine &amp; Ortoped\u00eda.<\/p>\n","protected":false},"excerpt":{"rendered":"<p>Comprender la atenci\u00f3n quiropr\u00e1ctica de Marietta La atenci\u00f3n quiropr\u00e1ctica se centra en diagnosticar y tratar trastornos mec\u00e1nicos del sistema musculoesquel\u00e9tico, especialmente de la columna. En Georgia Spine &amp; Ortopedia (GSO), nuestros quiropr\u00e1cticos de Marietta brindan una variedad de servicios para abordar sus necesidades ortop\u00e9dicas y de columna. Estos incluyen ajustes de la columna, fisioterapia, terapia [&hellip;]<\/p>\n","protected":false},"author":44,"featured_media":0,"parent":7566,"menu_order":0,"comment_status":"closed","ping_status":"closed","template":"","meta":{"_acf_changed":false,"footnotes":""},"categories":[],"tags":[],"class_list":["post-7865","page","type-page","status-publish","hentry"],"acf":[],"_links":{"self":[{"href":"https:\/\/www.gaspineortho.com\/es\/wp-json\/wp\/v2\/pages\/7865","targetHints":{"allow":["GET"]}}],"collection":[{"href":"https:\/\/www.gaspineortho.com\/es\/wp-json\/wp\/v2\/pages"}],"about":[{"href":"https:\/\/www.gaspineortho.com\/es\/wp-json\/wp\/v2\/types\/page"}],"author":[{"embeddable":true,"href":"https:\/\/www.gaspineortho.com\/es\/wp-json\/wp\/v2\/users\/44"}],"replies":[{"embeddable":true,"href":"https:\/\/www.gaspineortho.com\/es\/wp-json\/wp\/v2\/comments?post=7865"}],"version-history":[{"count":3,"href":"https:\/\/www.gaspineortho.com\/es\/wp-json\/wp\/v2\/pages\/7865\/revisions"}],"predecessor-version":[{"id":7868,"href":"https:\/\/www.gaspineortho.com\/es\/wp-json\/wp\/v2\/pages\/7865\/revisions\/7868"}],"up":[{"embeddable":true,"href":"https:\/\/www.gaspineortho.com\/es\/wp-json\/wp\/v2\/pages\/7566"}],"wp:attachment":[{"href":"https:\/\/www.gaspineortho.com\/es\/wp-json\/wp\/v2\/media?parent=7865"}],"wp:term":[{"taxonomy":"category","embeddable":true,"href":"https:\/\/www.gaspineortho.com\/es\/wp-json\/wp\/v2\/categories?post=7865"},{"taxonomy":"post_tag","embeddable":true,"href":"https:\/\/www.gaspineortho.com\/es\/wp-json\/wp\/v2\/tags?post=7865"}],"curies":[{"name":"wp","href":"https:\/\/api.w.org\/{rel}","templated":true}]}}