{"id":7861,"date":"2024-05-15T09:14:24","date_gmt":"2024-05-15T14:14:24","guid":{"rendered":"https:\/\/www.gaspineortho.com\/marietta\/car-accident-doctor\/"},"modified":"2024-06-03T13:46:23","modified_gmt":"2024-06-03T18:46:23","slug":"medico-accidente-automovilistico","status":"publish","type":"page","link":"https:\/\/www.gaspineortho.com\/es\/marietta\/medico-accidente-automovilistico\/","title":{"rendered":"M\u00e9dico de accidentes automovil\u00edsticos en Marietta"},"content":{"rendered":"<p><span style=\"font-weight: 400;\">Despu\u00e9s de sufrir un accidente automovil\u00edstico en Marietta, no se puede subestimar la importancia de una evaluaci\u00f3n m\u00e9dica inmediata. Muchos piensan que pueden ignorar lo que parecen dolores menores, pero la realidad es que los s\u00edntomas relacionados con los accidentes automovil\u00edsticos pueden evolucionar gradualmente, por lo que es fundamental no retrasar la b\u00fasqueda de atenci\u00f3n m\u00e9dica. <\/span><\/p>\n<p><span style=\"font-weight: 400;\">En Georgia Spine &amp; En ortopedia, nos especializamos en diagnosticar y tratar diversas lesiones que surgen de colisiones automovil\u00edsticas, garantizando que los problemas menores no se conviertan en afecciones cr\u00f3nicas.<\/span><\/p>\n<p><span style=\"font-weight: 400;\">Una evaluaci\u00f3n m\u00e9dica exhaustiva inmediatamente despu\u00e9s de un accidente cumple m\u00faltiples funciones vitales. En primer lugar, puede revelar <a href=\"https:\/\/www.gaspineortho.com\/es\/lesion-por-latigazo-cervical\/\">lesiones como latigazo<\/a>, problemas de columna o da\u00f1os internos que podr\u00edan no detectarse de inmediato. s\u00edntomas manifiestos. <\/span><\/p>\n<p><span style=\"font-weight: 400;\">La detecci\u00f3n temprana es clave para un tratamiento eficaz. En segundo lugar, atender las lesiones sin demora puede reducir significativamente el tiempo de recuperaci\u00f3n, ayudando a los pacientes a regresar a sus actividades diarias de forma r\u00e1pida y segura.<\/span><\/p>\n<p><span style=\"font-weight: 400;\">Adem\u00e1s, en el contexto de la legalidad, la documentaci\u00f3n formal de sus lesiones por parte de un proveedor de atenci\u00f3n m\u00e9dica puede ser crucial. Estos registros m\u00e9dicos forman una parte esencial de cualquier posible reclamo por lesiones personales, y sirven como evidencia del impacto del accidente y los tratamientos necesarios que se siguieron. <\/span><\/p>\n<p><span style=\"font-weight: 400;\">Buscar atenci\u00f3n inmediata demuestra un enfoque proactivo hacia su salud, lo que se refleja positivamente en escenarios legales donde la compensaci\u00f3n por gastos m\u00e9dicos se convierte en un tema de negociaci\u00f3n.<\/span><\/p>\n<p><span style=\"font-weight: 400;\">En Georgia Spine &amp; Ortopedia, nuestro enfoque est\u00e1 dise\u00f1ado para satisfacer las necesidades espec\u00edficas de cada v\u00edctima de accidente, combinando experiencia en ortopedia, neurolog\u00eda y manejo integral del dolor para dise\u00f1ar un camino de recuperaci\u00f3n que sea lo m\u00e1s indoloro y eficiente posible. <\/span><\/p>\n<p><span style=\"font-weight: 400;\">Recuerde, despu\u00e9s de un accidente automovil\u00edstico en Marietta, la decisi\u00f3n de obtener una evaluaci\u00f3n m\u00e9dica profesional no es s\u00f3lo una buena idea; es indispensable. \u00abLa habilidad para sanar, el coraz\u00f3n para cuidar\u00bb no es s\u00f3lo nuestro lema; es un compromiso para garantizar que su salud y bienestar nunca se vean comprometidos.<\/span><\/p>\n<p>Llame hoy para volver a la normalidad <span style=\"font-weight: 400;\">[tel\u00e9fono].<\/span><\/p>\n<h2>Los beneficios de buscar tratamiento m\u00e9dico despu\u00e9s de un accidente automovil\u00edstico en Marietta<\/h2>\n<p><span style=\"font-weight: 400;\">Cuando se ve involucrado en un accidente automovil\u00edstico en Marietta, no se puede subestimar la importancia de obtener un diagn\u00f3stico preciso. La intervenci\u00f3n m\u00e9dica inmediata y precisa desempe\u00f1a un papel fundamental a la hora de crear un camino hacia una recuperaci\u00f3n optimizada. <\/span><\/p>\n<p><span style=\"font-weight: 400;\">En Georgia Spine &amp; En ortopedia, entendemos que las primeras horas despu\u00e9s de un incidente son cruciales. Al buscar atenci\u00f3n m\u00e9dica inmediata, inicia el proceso de diagn\u00f3stico que identifica cualquier lesi\u00f3n subyacente que podr\u00eda no manifestar s\u00edntomas de inmediato, como latigazo cervical o contusiones internas.<\/span><\/p>\n<p><span style=\"font-weight: 400;\">Adem\u00e1s, los registros m\u00e9dicos detallados y completos generados a partir de su atenci\u00f3n posterior al accidente sirven como evidencia fundamental en caso de que necesite presentar un reclamo por lesiones personales. <\/span><\/p>\n<p><span style=\"font-weight: 400;\">Estos registros corroboran el alcance de sus lesiones y los tratamientos considerados necesarios, salvaguardando as\u00ed sus derechos legales. En el torbellino que sigue a una colisi\u00f3n, esta documentaci\u00f3n ofrece tranquilidad, ya que garantiza que todos los aspectos m\u00e9dicos se manejen y registren profesionalmente.<\/span><\/p>\n<p><span style=\"font-weight: 400;\">La atenci\u00f3n m\u00e9dica oportuna no solo proporciona documentaci\u00f3n cr\u00edtica, sino que tambi\u00e9n ofrece tranquilidad mental. Saber que sus problemas de salud est\u00e1n siendo manejados por profesionales elimina el estr\u00e9s, lo que le permite concentrarse en su recuperaci\u00f3n con menos ansiedad sobre las implicaciones de su accidente.<\/span><\/p>\n<p><a href=\"https:\/\/www.gaspineortho.com\/wp-content\/uploads\/2024\/05\/GSO-car-accident-doctor-e1715805328124.webp\"><img fetchpriority=\"high\" decoding=\"async\" class=\"alignnone wp-image-4423\" src=\"https:\/\/www.gaspineortho.com\/wp-content\/uploads\/2024\/05\/GSO-car-accident-doctor.webp\" alt=\"Car Accident Doctor in Marietta reviewing a patient's progress in rehabilitation sessions.\" width=\"500\" height=\"349\" \/><\/a><\/p>\n<p><span style=\"font-weight: 400;\">En Georgia Spine &amp; Ortopedia, nuestro compromiso de brindar evaluaciones y tratamientos m\u00e9dicos r\u00e1pidos y completos garantiza que cada paciente reciba el m\u00e1s alto nivel de atenci\u00f3n inmediatamente despu\u00e9s de un accidente automovil\u00edstico. <\/span><\/p>\n<p><span style=\"font-weight: 400;\">Con nuestro equipo de expertos, puede estar seguro de que no solo recibir\u00e1 tratamiento para lesiones obvias, sino tambi\u00e9n ex\u00e1menes para detectar problemas secundarios para prevenir problemas de salud a largo plazo. <\/span><\/p>\n<p><span style=\"font-weight: 400;\">Este enfoque es parte de nuestro esp\u00edritu, \u00abLa habilidad para sanar, el coraz\u00f3n para cuidar\u00bb, cuyo objetivo es lograr una recuperaci\u00f3n superior y la satisfacci\u00f3n del paciente en Marietta y m\u00e1s all\u00e1.<\/span><\/p>\n<h2>Planes de tratamiento personalizados en Georgia Spine &amp; Ortopedia<\/h2>\n<p><span style=\"font-weight: 400;\">En Georgia Spine &amp; En ortopedia, entendemos que cada accidente automovil\u00edstico y las lesiones de cada paciente son \u00fanicas. Es por eso que nos enorgullecemos de nuestro enfoque altamente personalizado de tratamiento despu\u00e9s de un accidente automovil\u00edstico en Marietta. <\/span><\/p>\n<p><span style=\"font-weight: 400;\">Cuando acude a nosotros, no solo recibe atenci\u00f3n gen\u00e9rica; Obtendr\u00e1 un plan de tratamiento personalizado que aborda sus necesidades y objetivos de salud espec\u00edficos.<\/span><\/p>\n<h3>Estrategias de curaci\u00f3n personalizadas<\/h3>\n<p><span style=\"font-weight: 400;\">Un plan de tratamiento en Georgia Spine &amp; La ortopedia podr\u00eda implicar una combinaci\u00f3n de servicios destinados no s\u00f3lo a aliviar el dolor sino tambi\u00e9n a restaurar la funci\u00f3n y prevenir m\u00e1s lesiones. Estos podr\u00edan incluir:<\/span><\/p>\n<ul>\n<li aria-level=\"1\"><b>Manejo espec\u00edfico del dolor<\/b><span style=\"font-weight: 400;\">: utilizando t\u00e9cnicas avanzadas y m\u00ednimamente invasivas, como inyecciones dirigidas, nos enfocamos en reducir su dolor de manera eficiente y de forma segura.<\/span><\/li>\n<li aria-level=\"1\"><b>Terapia f\u00edsica<\/b><span style=\"font-weight: 400;\">: ejercicios personalizados dise\u00f1ados para restaurar el rango de movimiento y fortalecer los m\u00fasculos alrededor de las \u00e1reas lesionadas, ayud\u00e1ndolo a recuperarse. volver a sus actividades habituales de forma segura y eficaz.<\/span><\/li>\n<li aria-level=\"1\"><b>Atenci\u00f3n neurol\u00f3gica<\/b><span style=\"font-weight: 400;\">: para las lesiones que afectan la funci\u00f3n nerviosa, nuestros tratamientos neurol\u00f3gicos son cruciales para la recuperaci\u00f3n y el bienestar a largo plazo. <\/span><\/li>\n<li aria-level=\"1\"><b>Tratamientos ortop\u00e9dicos<\/b><span style=\"font-weight: 400;\">: desde fracturas menores hasta intervenciones quir\u00fargicas mayores, nuestros servicios ortop\u00e9dicos est\u00e1n dise\u00f1ados para satisfacer las demandas espec\u00edficas de tu recuperaci\u00f3n.<\/span><\/li>\n<\/ul>\n<h3>Apoyo integral durante la recuperaci\u00f3n<\/h3>\n<p><span style=\"font-weight: 400;\">Adem\u00e1s, nuestro personal biling\u00fce garantiza que la comunicaci\u00f3n sea clara y que se aborden todas sus inquietudes, ya sea que hable ingl\u00e9s o espa\u00f1ol. No s\u00f3lo nos centramos en las consecuencias inmediatas de un accidente automovil\u00edstico, sino tambi\u00e9n en su recuperaci\u00f3n y bienestar a largo plazo. <\/span><\/p>\n<p><span style=\"font-weight: 400;\">Nuestros planes de tratamiento son din\u00e1micos y se adaptan a medida que avanza su recuperaci\u00f3n.<\/span><\/p>\n<p><span style=\"font-weight: 400;\">En Georgia Spine &amp; En ortopedia, nos comprometemos con \u00abLa habilidad para sanar, el coraz\u00f3n para cuidar\u00bb. Cuando nos conf\u00eda su atenci\u00f3n post-colisi\u00f3n, no es s\u00f3lo un n\u00famero. Usted es un miembro valioso de nuestra comunidad y estamos dedicados a ayudarlo a recuperar no solo la salud que ten\u00eda antes del accidente, sino tambi\u00e9n una calidad de vida \u00f3ptima.<\/span><\/p>\n<p><img decoding=\"async\" class=\"alignnone wp-image-4422 size-full\" src=\"https:\/\/www.gaspineortho.com\/wp-content\/uploads\/2024\/05\/car-accident-doctor.jpeg\" alt=\"Marietta Car Accident Doctor evaluating a patient's car crash injuries at Georgia Spine &amp; Orthopaedics.\" width=\"500\" height=\"334\" srcset=\"https:\/\/www.gaspineortho.com\/wp-content\/uploads\/2024\/05\/car-accident-doctor.jpeg 500w, https:\/\/www.gaspineortho.com\/wp-content\/uploads\/2024\/05\/car-accident-doctor-300x200.jpeg 300w\" sizes=\"(max-width: 500px) 100vw, 500px\" \/><\/p>\n<h2>Conozca a los especialistas en accidentes automovil\u00edsticos de Georgia Spine &amp; Ortopedia<\/h2>\n<p><span style=\"font-weight: 400;\">Al buscar atenci\u00f3n despu\u00e9s de un accidente automovil\u00edstico en Marietta, es crucial consultar con especialistas que no solo est\u00e9n versados \u200b\u200ben tratamiento m\u00e9dico general sino tambi\u00e9n en el manejo de traumatismos espec\u00edficos de accidentes automovil\u00edsticos. <\/span><\/p>\n<p><span style=\"font-weight: 400;\">En Georgia Spine &amp; Ortopedia, nuestro equipo de m\u00e9dicos y especialistas dedicados a accidentes automovil\u00edsticos est\u00e1 listo para brindar asistencia m\u00e9dica de primer nivel adaptada a estas necesidades \u00fanicas.<\/span><\/p>\n<p><span style=\"font-weight: 400;\">Nuestro equipo m\u00e9dico est\u00e1 encabezado por profesionales experimentados, incluido el recientemente incorporado cirujano de columna, el Dr. Laviel Fern\u00e1ndez. El Dr. Fern\u00e1ndez, junto con nuestros expertos neur\u00f3logos y cirujanos ortop\u00e9dicos, forma la columna vertebral de nuestra estrategia de atenci\u00f3n integral. <\/span><\/p>\n<p><span style=\"font-weight: 400;\">Aportan una profunda comprensi\u00f3n de las repercusiones mec\u00e1nicas y neurol\u00f3gicas que pueden seguir a un accidente vehicular.<\/span><\/p>\n<p><span style=\"font-weight: 400;\">Trabajando en colaboraci\u00f3n, nuestros especialistas elaboran un enfoque de tratamiento sincronizado. Esto garantiza que todos los aspectos de la atenci\u00f3n post-colisi\u00f3n del paciente, desde el manejo inicial del dolor hasta la rehabilitaci\u00f3n a largo plazo, se aborden meticulosamente. <\/span><\/p>\n<p><span style=\"font-weight: 400;\">La capacidad del equipo para comunicarse de manera efectiva tanto en ingl\u00e9s como en espa\u00f1ol garantiza que ninguna barrera impida la comodidad y la comprensi\u00f3n de nuestra diversa base de pacientes.<\/span><\/p>\n<p><span style=\"font-weight: 400;\">En Marietta, donde los accidentes automovil\u00edsticos pueden dejar a las personas lidiando con lesiones variadas y complejas, tener acceso a un equipo tan multifac\u00e9tico es indispensable. <\/span><\/p>\n<p><span style=\"font-weight: 400;\">Nuestros especialistas de Georgia Spine &amp; Los ortopedistas aprovechan su experiencia colectiva para fomentar un entorno donde se prioriza la curaci\u00f3n y el bienestar del paciente es el enfoque principal. <\/span><\/p>\n<p><span style=\"font-weight: 400;\">Su compromiso refleja nuestro esp\u00edritu, \u00abLa habilidad para sanar, el coraz\u00f3n para cuidar\u00bb, garantizando que cada paciente reciba no solo intervenciones m\u00e9dicas sino tambi\u00e9n apoyo genuino y emp\u00e1tico durante todo su proceso de recuperaci\u00f3n.&lt; \/lapso&gt;<\/span><\/p>\n<h2>Lesiones comunes por accidentes automovil\u00edsticos en Marietta<\/h2>\n<p><span style=\"font-weight: 400;\">Cuando se ve involucrado en un accidente automovil\u00edstico en Marietta, la gama de posibles lesiones puede ser amplia y variada. En Georgia Spine &amp; En ortopedia, nos encontramos con frecuencia con varias lesiones comunes que sufren las v\u00edctimas de autom\u00f3viles debido a colisiones.<\/span><\/p>\n<p><span style=\"font-weight: 400;\">Una de las lesiones m\u00e1s frecuentes incluye el latigazo cervical, un <a href=\"https:\/\/www.gaspineortho.com\/es\/lesion-en-el-cuello\/\"> Lesi\u00f3n en el cuello<\/a> causada por el movimiento brusco de la cabeza hacia adelante y hacia atr\u00e1s, similar al restallar de un l\u00e1tigo. Esto puede provocar dolor intenso y movilidad limitada del cuello. <\/span><\/p>\n<p><span style=\"font-weight: 400;\">M\u00e1s all\u00e1 del latigazo cervical, las <a href=\"https:\/\/www.gaspineortho.com\/es\/lesion-de-espalda\/\">lesiones de espalda<\/a> tambi\u00e9n son extremadamente lesiones comunes, especialmente en la parte baja de la espalda, debido a las fuerzas de impacto de un choque.<\/span><\/p>\n<p><span style=\"font-weight: 400;\">Las lesiones espinales integrales tambi\u00e9n son una preocupaci\u00f3n importante y pueden variar desde hernias de disco hasta da\u00f1os m\u00e1s graves a la m\u00e9dula espinal, lo que puede provocar problemas de movilidad temporales o permanentes. <\/span><\/p>\n<p><span style=\"font-weight: 400;\">Las <a href=\"https:\/\/www.gaspineortho.com\/es\/lesion-en-el-hombro\/\">lesiones de hombro<\/a> y Tambi\u00e9n pueden ocurrir fracturas, especialmente por impactos laterales y fuerza del cintur\u00f3n de seguridad.<\/span><\/p>\n<p><span style=\"font-weight: 400;\">Adem\u00e1s de estas, a menudo vemos lesiones cerebrales traum\u00e1ticas (TBI, por sus siglas en ingl\u00e9s), que pueden alterar dr\u00e1sticamente la vida de una persona, variando desde conmociones cerebrales leves hasta efectos m\u00e1s graves y duraderos en el cerebro. funci\u00f3n. Las <a href=\"https:\/\/www.gaspineortho.com\/es\/lesion-de-rodilla\/\">Lesiones de rodilla<\/a> tambi\u00e9n son t\u00edpicas y pueden implicar da\u00f1os complejos en ligamentos o cart\u00edlagos debido a impactos en el salpicadero.&lt;\/span &gt;<\/span><\/p>\n<p><span style=\"font-weight: 400;\">En Georgia Spine &amp; Ortopedia, estamos equipados para diagnosticar y tratar estas lesiones utilizando nuestros tratamientos ortop\u00e9dicos y neurol\u00f3gicos avanzados, asegurando que cada paciente reciba una atenci\u00f3n personalizada adaptada a sus necesidades espec\u00edficas. <\/span><\/p>\n<p><span style=\"font-weight: 400;\">Entendemos las complejidades de este tipo de lesiones y el tratamiento multifac\u00e9tico que requieren, haciendo hincapi\u00e9 en estrategias tanto m\u00e9dicas como de rehabilitaci\u00f3n para optimizar la recuperaci\u00f3n.<\/span><\/p>\n<p><span style=\"font-weight: 400;\">Al reconocer y comprender estas lesiones comunes relacionadas con accidentes, nuestro equipo dedicado est\u00e1 mejor preparado para ayudarlo en su proceso de recuperaci\u00f3n, ayud\u00e1ndolo a recuperar su funcionalidad y mejorando su calidad de vida despu\u00e9s de colisi\u00f3n.<\/span><\/p>\n<h2>Determinar el momento adecuado para buscar tratamiento m\u00e9dico despu\u00e9s de un accidente automovil\u00edstico<\/h2>\n<p><span style=\"font-weight: 400;\">Despu\u00e9s de sufrir un accidente automovil\u00edstico en Marietta, determinar el momento \u00f3ptimo para un chequeo m\u00e9dico puede parecer abrumador en medio del caos resultante. La regla general es sencilla: busque una evaluaci\u00f3n m\u00e9dica lo antes posible. <\/span><\/p>\n<p><span style=\"font-weight: 400;\">Incluso si inicialmente se siente bien, es posible que ciertas lesiones, como latigazo cervical o hematomas internos, no presenten s\u00edntomas inmediatos. Retrasar una evaluaci\u00f3n m\u00e9dica no solo puede exacerbar estas condiciones sino tambi\u00e9n complicar su camino de recuperaci\u00f3n.<\/span><\/p>\n<p><span style=\"font-weight: 400;\">En Georgia Spine &amp; En ortopedia, enfatizamos la urgencia de diagnosticar y tratar r\u00e1pidamente las lesiones por accidentes automovil\u00edsticos para prevenir complicaciones a largo plazo. <\/span><\/p>\n<p><span style=\"font-weight: 400;\">Nuestros profesionales est\u00e1n equipados para manejar una amplia gama de lesiones relacionadas con colisiones automovil\u00edsticas, brindando tratamientos espec\u00edficos que abordan tanto su malestar inmediato como sus condiciones subyacentes. <\/span><\/p>\n<p><span style=\"font-weight: 400;\">Nuestro enfoque garantiza que se tengan en cuenta todos los aspectos de su salud, desde los impactos neurol\u00f3gicos hasta las preocupaciones ortop\u00e9dicas.<\/span><\/p>\n<p><span style=\"font-weight: 400;\">Adem\u00e1s, la documentaci\u00f3n m\u00e9dica temprana desempe\u00f1a un papel crucial a la hora de facilitar las reclamaciones por lesiones personales. Al establecer un registro m\u00e9dico inmediatamente despu\u00e9s de su accidente, sienta las bases para posibles acciones legales, garantizando que todos los problemas de salud relacionados se atribuyan con precisi\u00f3n al accidente.<\/span><\/p>\n<p><span style=\"font-weight: 400;\">Recuerde, cuanto antes visite Georgia Spine &amp; Ortopedia despu\u00e9s de una colisi\u00f3n automovil\u00edstica, m\u00e1s r\u00e1pido podr\u00e1 emprender su viaje hacia la recuperaci\u00f3n. Nuestro compasivo equipo est\u00e1 listo para evaluar su condici\u00f3n y dise\u00f1ar un plan de tratamiento que mejor se adapte a las caracter\u00edsticas espec\u00edficas de sus lesiones y objetivos de salud personales. <\/span><\/p>\n<p><span style=\"font-weight: 400;\">Conf\u00ede en nosotros para guiarlo a trav\u00e9s de su atenci\u00f3n posterior a una colisi\u00f3n con experiencia y empat\u00eda.<\/span><\/p>\n<h2>Lo que Georgia Spine &amp; La ortopedia puede ayudar<\/h2>\n<p><span style=\"font-weight: 400;\">En Georgia Spine &amp; En ortopedia, entendemos que recuperarse de un accidente automovil\u00edstico no solo requiere tiempo, sino tambi\u00e9n atenci\u00f3n compasiva y especializada dise\u00f1ada espec\u00edficamente para satisfacer las necesidades individuales.<\/span><\/p>\n<p><span style=\"font-weight: 400;\">Cada paciente acude a nosotros con desaf\u00edos \u00fanicos; por lo tanto, nos enorgullecemos de ofrecer planes de tratamiento personalizados que abordan lesiones espec\u00edficas y objetivos de recuperaci\u00f3n personal. <\/span><\/p>\n<p><span style=\"font-weight: 400;\">Nuestro enfoque integra las mejores pr\u00e1cticas de manejo del dolor, ortopedia y neurolog\u00eda, lo que garantiza un proceso de recuperaci\u00f3n integral.<\/span><\/p>\n<p><span style=\"font-weight: 400;\">Nuestro equipo, incluido el experto cirujano de columna Dr. Laviel Fern\u00e1ndez, est\u00e1 totalmente equipado para manejar las complejidades de las repercusiones de un accidente automovil\u00edstico. <\/span><\/p>\n<p><span style=\"font-weight: 400;\">Ya sea que se trate de esguinces menores o de da\u00f1os neurol\u00f3gicos m\u00e1s graves, nuestros especialistas trabajan en colaboraci\u00f3n para dise\u00f1ar y ejecutar las estrategias de tratamiento m\u00e1s efectivas. Esta sinergia no solo mejora la calidad de la atenci\u00f3n brindada, sino que tambi\u00e9n promueve un per\u00edodo de recuperaci\u00f3n m\u00e1s r\u00e1pido, haciendo que el proceso de rehabilitaci\u00f3n sea lo m\u00e1s sencillo posible.<\/span><\/p>\n<p><span style=\"font-weight: 400;\">Adem\u00e1s, valoramos enormemente la comunicaci\u00f3n clara durante todo el proceso de tratamiento. Creemos que mantener a nuestros pacientes informados e involucrados en la toma de decisiones es crucial para una recuperaci\u00f3n exitosa. <\/span><\/p>\n<p><span style=\"font-weight: 400;\">Esta transparencia ayuda a formar una relaci\u00f3n de confianza y alivia la ansiedad asociada con el trauma posterior a un accidente.<\/span><\/p>\n<p><span style=\"font-weight: 400;\">Georgia Spine &amp; La ortopedia no se trata s\u00f3lo de abordar la lesi\u00f3n, sino tambi\u00e9n de fomentar un entorno que apoye el bienestar general. <\/span><\/p>\n<p><span style=\"font-weight: 400;\">Nuestro personal, competente en ingl\u00e9s y espa\u00f1ol y dedicado al esp\u00edritu \u00abLa habilidad para sanar, el coraz\u00f3n para cuidar\u00bb, est\u00e1 listo para ayudarlo y guiarlo durante su recuperaci\u00f3n. , asegurando que se satisfagan tanto sus necesidades m\u00e9dicas como emocionales.<\/span><\/p>\n<p><span style=\"font-weight: 400;\">Ya sea que tenga dolor de espalda, molestias en el cuello o cualquier otro problema ortop\u00e9dico o neurol\u00f3gico resultante de un accidente automovil\u00edstico, puede confiar en que nuestra experiencia en Georgia Spine &amp; La ortopedia le devolver\u00e1 a una vida de calidad y movilidad.<\/span><\/p>\n<h2>Comun\u00edquese con los m\u00e9dicos de accidentes automovil\u00edsticos de Marietta en Gorgia Spine &amp; Ortopedia hoy<\/h2>\n<p><img decoding=\"async\" class=\"alignnone wp-image-3286\" src=\"https:\/\/www.gaspineortho.com\/wp-content\/uploads\/2020\/12\/ga-spine-ortho-docs.webp\" alt=\"Patient in consultation with a car accident specialist in Marietta discussing treatment options.\" width=\"500\" height=\"273\" \/><\/p>\n<p><span style=\"font-weight: 400;\">Si recientemente sufri\u00f3 un accidente automovil\u00edstico en Marietta o en el \u00e1rea metropolitana circundante de Atlanta, no espere para buscar la atenci\u00f3n m\u00e9dica experta que necesita. Columna vertebral de Georgia y Ortopedia (GSO) es su principal destino para atenci\u00f3n especializada despu\u00e9s de colisiones automovil\u00edsticas. <\/span><\/p>\n<p><span style=\"font-weight: 400;\">Nuestro equipo dedicado est\u00e1 listo para ayudarlo con planes de tratamiento personalizados que aborden sus necesidades \u00fanicas de una manera integral y emp\u00e1tica.d<\/span><\/p>\n<p><span style=\"font-weight: 400;\">No comprometas tu salud y tu recuperaci\u00f3n. Deje que los profesionales capacitados de GSO lo ayuden a recuperar su calidad de vida y tranquilidad. Ll\u00e1menos ahora al [tel\u00e9fono] y d\u00e9 el primer paso hacia su viaje de recuperaci\u00f3n. En Georgia Spine &amp; Ortopedia, tenemos la habilidad de sanar y el coraz\u00f3n para cuidar.<\/span><\/p>\n","protected":false},"excerpt":{"rendered":"<p>Despu\u00e9s de sufrir un accidente automovil\u00edstico en Marietta, no se puede subestimar la importancia de una evaluaci\u00f3n m\u00e9dica inmediata. Muchos piensan que pueden ignorar lo que parecen dolores menores, pero la realidad es que los s\u00edntomas relacionados con los accidentes automovil\u00edsticos pueden evolucionar gradualmente, por lo que es fundamental no retrasar la b\u00fasqueda de atenci\u00f3n [&hellip;]<\/p>\n","protected":false},"author":44,"featured_media":0,"parent":7566,"menu_order":0,"comment_status":"closed","ping_status":"closed","template":"","meta":{"_acf_changed":false,"footnotes":""},"categories":[],"tags":[],"class_list":["post-7861","page","type-page","status-publish","hentry"],"acf":[],"_links":{"self":[{"href":"https:\/\/www.gaspineortho.com\/es\/wp-json\/wp\/v2\/pages\/7861","targetHints":{"allow":["GET"]}}],"collection":[{"href":"https:\/\/www.gaspineortho.com\/es\/wp-json\/wp\/v2\/pages"}],"about":[{"href":"https:\/\/www.gaspineortho.com\/es\/wp-json\/wp\/v2\/types\/page"}],"author":[{"embeddable":true,"href":"https:\/\/www.gaspineortho.com\/es\/wp-json\/wp\/v2\/users\/44"}],"replies":[{"embeddable":true,"href":"https:\/\/www.gaspineortho.com\/es\/wp-json\/wp\/v2\/comments?post=7861"}],"version-history":[{"count":3,"href":"https:\/\/www.gaspineortho.com\/es\/wp-json\/wp\/v2\/pages\/7861\/revisions"}],"predecessor-version":[{"id":7864,"href":"https:\/\/www.gaspineortho.com\/es\/wp-json\/wp\/v2\/pages\/7861\/revisions\/7864"}],"up":[{"embeddable":true,"href":"https:\/\/www.gaspineortho.com\/es\/wp-json\/wp\/v2\/pages\/7566"}],"wp:attachment":[{"href":"https:\/\/www.gaspineortho.com\/es\/wp-json\/wp\/v2\/media?parent=7861"}],"wp:term":[{"taxonomy":"category","embeddable":true,"href":"https:\/\/www.gaspineortho.com\/es\/wp-json\/wp\/v2\/categories?post=7861"},{"taxonomy":"post_tag","embeddable":true,"href":"https:\/\/www.gaspineortho.com\/es\/wp-json\/wp\/v2\/tags?post=7861"}],"curies":[{"name":"wp","href":"https:\/\/api.w.org\/{rel}","templated":true}]}}