{"id":7852,"date":"2024-05-15T22:18:29","date_gmt":"2024-05-16T03:18:29","guid":{"rendered":"https:\/\/www.gaspineortho.com\/suwanee\/x-ray-services\/"},"modified":"2024-06-03T13:29:02","modified_gmt":"2024-06-03T18:29:02","slug":"servicios-de-rayos-x","status":"publish","type":"page","link":"https:\/\/www.gaspineortho.com\/es\/suwanee\/servicios-de-rayos-x\/","title":{"rendered":"Servicios de rayos X de Suwanee"},"content":{"rendered":"<h2>Servicios avanzados de rayos X en Suwanee, GA<\/h2>\n<p>Los rayos X son una poderosa herramienta de diagn\u00f3stico que utiliza radiaci\u00f3n electromagn\u00e9tica para crear im\u00e1genes de las estructuras internas del cuerpo. Durante nuestros servicios de rayos X, una peque\u00f1a cantidad de radiaci\u00f3n pasa a trav\u00e9s del cuerpo, y diferentes tejidos absorben distintos niveles de radiaci\u00f3n. Este proceso da como resultado una imagen detallada en una pel\u00edcula o en un sensor digital.<\/p>\n<p>En Georgia Spine &amp; En ortopedia, enfatizamos la seguridad y empleamos precauciones como delantales de plomo para minimizar la exposici\u00f3n a la radiaci\u00f3n. Las radiograf\u00edas son generalmente seguras y brindan informaci\u00f3n cr\u00edtica sobre afecciones como fracturas, dislocaciones de articulaciones y m\u00e1s. Nuestras instalaciones de \u00faltima generaci\u00f3n garantizan que los pacientes reciban im\u00e1genes precisas y eficientes, lo que respalda planes de tratamiento eficaces.<\/p>\n<p><img fetchpriority=\"high\" decoding=\"async\" class=\"alignnone wp-image-4438 size-full\" src=\"https:\/\/www.gaspineortho.com\/wp-content\/uploads\/2024\/05\/services-xray-copy.webp\" alt=\"Suwanee X-Ray Services providing high-resolution imaging for accurate diagnosis.\" width=\"600\" height=\"400\" srcset=\"https:\/\/www.gaspineortho.com\/wp-content\/uploads\/2024\/05\/services-xray-copy.webp 600w, https:\/\/www.gaspineortho.com\/wp-content\/uploads\/2024\/05\/services-xray-copy-300x200.webp 300w\" sizes=\"(max-width: 600px) 100vw, 600px\" \/><\/p>\n<h2>\u00bfQu\u00e9 nos pueden decir los rayos X digitales?<\/h2>\n<p>Servicios de rayos X digitales en Georgia Spine &amp; La ortopedia (GSO) ofrece capacidades avanzadas de im\u00e1genes para un diagn\u00f3stico preciso. Estos rayos X de alta tecnolog\u00eda utilizan sensores digitales, que proporcionan im\u00e1genes instant\u00e1neas y claras, lo que permite una evaluaci\u00f3n y un tratamiento eficientes. Las radiograf\u00edas digitales en GSO pueden diagnosticar una amplia gama de afecciones, que incluyen:<\/p>\n<ul>\n<li>Fracturas de huesos<\/li>\n<li>Dislocaciones articulares<\/li>\n<li>Artritis<\/li>\n<li>Infecciones \u00f3seas<\/li>\n<li>Tumores<\/li>\n<li>Afecciones pulmonares como neumon\u00eda<\/li>\n<\/ul>\n<p>Esta tecnolog\u00eda es crucial para identificar la causa ra\u00edz del dolor, especialmente en los casos derivados de colisiones automovil\u00edsticas o lesiones laborales. Con nuestro enfoque hol\u00edstico, estas im\u00e1genes detalladas ayudan a nuestros expertos en <a href=\"https:\/\/www.gaspineortho.com\/es\/suwanee\/el-manejo-del-dolor\/\">manejo del dolor<\/a>, ortopedia, y neurolog\u00eda para formular planes de tratamiento integrales, asegurando que los pacientes recuperen la funcionalidad y la calidad de vida. El dominio de nuestro equipo tanto en ingl\u00e9s como en espa\u00f1ol mejora la accesibilidad de estos servicios de diagn\u00f3stico esenciales.<\/p>\n<h2>Importancia de los servicios de rayos X despu\u00e9s de un accidente<\/h2>\n<p>Los servicios de rayos X son cruciales despu\u00e9s de un accidente para identificar lesiones ocultas que podr\u00edan no ser visibles de inmediato. En Georgia Spine &amp; En ortopedia, utilizamos rayos X para garantizar una atenci\u00f3n integral, especialmente para afecciones derivadas de colisiones automovil\u00edsticas y lesiones relacionadas con el trabajo. La detecci\u00f3n temprana de fracturas, dislocaciones y otras lesiones internas puede mejorar significativamente los resultados del tratamiento. Al obtener diagn\u00f3sticos precisos r\u00e1pidamente, nuestro equipo puede desarrollar planes de tratamiento efectivos que eviten mayores complicaciones y aceleren la recuperaci\u00f3n. Este enfoque se alinea con nuestro esp\u00edritu, \u00abLa habilidad para sanar, el coraz\u00f3n para cuidar\u00bb, garantizando que cada paciente reciba la mejor atenci\u00f3n posible.<\/p>\n<h2>Accidentes que podr\u00edan requerir rayos X para su tratamiento<\/h2>\n<p>En Georgia Spine &amp; En ortopedia, entendemos la importancia de un diagn\u00f3stico oportuno y preciso despu\u00e9s de diversos accidentes. Las im\u00e1genes de rayos X son cruciales para diagnosticar lesiones por:<\/p>\n<ul>\n<li>Accidentes automovil\u00edsticos<\/li>\n<li>Lesiones deportivas<\/li>\n<li>Incidentes de resbalones y ca\u00eddas<\/li>\n<li>Accidentes laborales<\/li>\n<li>Accidentes de bicicleta<\/li>\n<\/ul>\n<p>Estos eventos a menudo resultan en fracturas ocultas, dislocaciones u otras lesiones internas que pueden no ser evidentes de inmediato. Utilizando rayos X digitales de \u00faltima generaci\u00f3n, nuestro equipo identifica y eval\u00faa eficientemente estas lesiones, asegurando que reciba el tratamiento que necesita. Al abordar estas condiciones con prontitud, ayudamos a prevenir complicaciones adicionales y acelerar su proceso de recuperaci\u00f3n. Conf\u00ede en GSO para recibir atenci\u00f3n experta en el \u00e1rea metropolitana de Atlanta, donde priorizamos su salud y bienestar.<\/p>\n<p><img decoding=\"async\" class=\"alignnone wp-image-2745 size-full\" src=\"https:\/\/www.gaspineortho.com\/wp-content\/uploads\/2024\/05\/Examining-X-ray.webp\" alt=\"Doctor in Suwanee analyzing X-ray images to plan patient treatment.\" width=\"417\" height=\"390\" srcset=\"https:\/\/www.gaspineortho.com\/wp-content\/uploads\/2024\/05\/Examining-X-ray.webp 417w, https:\/\/www.gaspineortho.com\/wp-content\/uploads\/2024\/05\/Examining-X-ray-300x281.webp 300w\" sizes=\"(max-width: 417px) 100vw, 417px\" \/><\/p>\n<h2>Diagn\u00f3stico y tratamiento r\u00e1pidos en Georgia Spine &amp; Ortopedia<\/h2>\n<p>En Georgia Spine &amp; Ortopedia (GSO), priorizamos el diagn\u00f3stico r\u00e1pido para acelerar el proceso de curaci\u00f3n, brindando planes de tratamiento personalizados y adaptados a cada paciente. Nuestros servicios de rayos X de Suwanee est\u00e1n dise\u00f1ados para un diagn\u00f3stico r\u00e1pido y preciso, lo que garantiza que reciba la mejor atenci\u00f3n posible. Ya sea que haya sufrido una colisi\u00f3n automovil\u00edstica o una lesi\u00f3n relacionada con el trabajo, nuestras radiograf\u00edas digitales de \u00faltima generaci\u00f3n ayudan a identificar fracturas, dislocaciones y otras afecciones con prontitud.<\/p>\n<p>Nuestro equipo de profesionales experimentados en servicios de rayos X garantiza una atenci\u00f3n compasiva. Con personal multiling\u00fce que habla ingl\u00e9s y espa\u00f1ol con fluidez, GSO garantiza accesibilidad y comodidad para todos los pacientes. Utilizando tecnolog\u00eda de vanguardia, creamos planes de tratamiento efectivos e individualizados para restaurar su funcionalidad y calidad de vida. En GSO, nuestro esp\u00edritu, \u00abLa habilidad para sanar, el coraz\u00f3n para cuidar\u00bb, gu\u00eda nuestra dedicaci\u00f3n tanto a la excelencia m\u00e9dica como a la satisfacci\u00f3n del paciente.<\/p>\n<h2>Preguntas frecuentes (FAQ)<\/h2>\n<h3>\u00bfQu\u00e9 debo hacer para prepararme para una radiograf\u00eda?<\/h3>\n<p>Generalmente, no se necesita ninguna preparaci\u00f3n especial para una radiograf\u00eda. Sin embargo, es posible que se le solicite que se quite cualquier joya u objeto met\u00e1lico que pueda interferir con la imagen. Dependiendo del \u00e1rea que se examine, es posible que le pidan que use una bata de hospital.<\/p>\n<h3>\u00bfSon seguros los rayos X?<\/h3>\n<p>S\u00ed, las radiograf\u00edas son seguras. Utilizan una dosis muy baja de radiaci\u00f3n para crear im\u00e1genes del interior de su cuerpo. En Georgia Spine &amp; En ortopedia utilizamos la dosis de radiaci\u00f3n m\u00e1s baja posible para lograr la calidad de imagen necesaria. Adem\u00e1s, se utilizan medidas de protecci\u00f3n como delantales de plomo para minimizar la exposici\u00f3n.<\/p>\n<h3>\u00bfCu\u00e1nto tiempo dura una radiograf\u00eda?<\/h3>\n<p>El procedimiento de rayos X en s\u00ed suele tardar s\u00f3lo unos minutos. Sin embargo, es posible que pase entre 15 y 30 minutos en las instalaciones, seg\u00fan la situaci\u00f3n espec\u00edfica y los pasos adicionales necesarios antes o despu\u00e9s de la toma de im\u00e1genes.<\/p>\n<h3>\u00bfCu\u00e1ndo recibir\u00e9 los resultados de mis radiograf\u00edas?<\/h3>\n<p>Los resultados de las radiograf\u00edas suelen estar disponibles entre unas pocas horas y un par de d\u00edas. Nuestro radi\u00f3logo revisar\u00e1 las im\u00e1genes y enviar\u00e1 un informe a su m\u00e9dico remitente, quien discutir\u00e1 los resultados con usted.<\/p>\n<h3>\u00bfQu\u00e9 afecciones pueden diagnosticar los rayos X?<\/h3>\n<p>Los rayos X pueden diagnosticar una amplia gama de afecciones, incluidas fracturas \u00f3seas, dislocaciones de articulaciones, artritis, infecciones \u00f3seas, tumores y afecciones pulmonares como la neumon\u00eda. Tambi\u00e9n son \u00fatiles para evaluar lesiones por colisiones de veh\u00edculos de motor e incidentes relacionados con el trabajo.<\/p>\n<h3>\u00bfNecesito una derivaci\u00f3n para hacerme una radiograf\u00eda?<\/h3>\n<p>S\u00ed, normalmente necesita una derivaci\u00f3n de su m\u00e9dico para hacerse una radiograf\u00eda. Esto garantiza que las im\u00e1genes sean m\u00e9dicamente necesarias y que su proveedor de atenci\u00f3n m\u00e9dica revisar\u00e1 e interpretar\u00e1 adecuadamente los resultados.<\/p>\n<h3>\u00bfC\u00f3mo programo una cita de rayos X?<\/h3>\n<p>Para programar una cita de servicios de rayos X en Georgia Spine &amp; Ortopedia, puedes llamarnos al [tel\u00e9fono] o rellenar nuestro formulario. Nuestro personal multiling\u00fce lo ayudar\u00e1 a programar un horario conveniente y responder\u00e1 cualquier pregunta adicional que pueda tener.<\/p>\n<h2>P\u00f3ngase en contacto con Georgia Spine &amp; Ortop\u00e9dicos<\/h2>\n<p><img decoding=\"async\" class=\"alignnone wp-image-3286 size-full\" src=\"https:\/\/www.gaspineortho.com\/wp-content\/uploads\/2020\/12\/ga-spine-ortho-docs-e1715801958933.webp\" alt=\"The X-ray services Team of Georgia Spine &amp; Orthopaedics\" width=\"500\" height=\"273\" \/><\/p>\n<p>Para atenci\u00f3n ortop\u00e9dica y de columna especializada, no busque m\u00e1s: Georgia Spine &amp; Ortopedia (GSO). Nuestra ubicaci\u00f3n en Suwanee est\u00e1 equipada con tecnolog\u00eda avanzada de rayos X para garantizar que reciba diagn\u00f3sticos precisos y planes de tratamiento efectivos. Ya sea que haya estado en un <a href=\"https:\/\/www.gaspineortho.com\/es\/suwanee\/medico-accidente-automovilistico\/\">accidente automovil\u00edstico<\/a>, haya sufrido una lesi\u00f3n deportiva o haya experimentado un accidente laboral. En caso de contratiempo, nuestro personal multiling\u00fce, incluido el altamente calificado Dr. Laviel Fern\u00e1ndez, est\u00e1 aqu\u00ed para ayudarlo. Priorizamos la comodidad y conveniencia del paciente, ofreciendo atenci\u00f3n compasiva tanto en ingl\u00e9s como en espa\u00f1ol. No deje que una lesi\u00f3n quede sin tratamiento: comun\u00edquese con la OSG hoy y experimente nuestro compromiso con \u00abLa habilidad para sanar, el coraz\u00f3n para cuidar\u00bb. Ll\u00e1manos ahora al [tel\u00e9fono] completa nuestro formulario de contacto para programar tu cita.<\/p>\n","protected":false},"excerpt":{"rendered":"<p>Servicios avanzados de rayos X en Suwanee, GA Los rayos X son una poderosa herramienta de diagn\u00f3stico que utiliza radiaci\u00f3n electromagn\u00e9tica para crear im\u00e1genes de las estructuras internas del cuerpo. Durante nuestros servicios de rayos X, una peque\u00f1a cantidad de radiaci\u00f3n pasa a trav\u00e9s del cuerpo, y diferentes tejidos absorben distintos niveles de radiaci\u00f3n. Este [&hellip;]<\/p>\n","protected":false},"author":25,"featured_media":0,"parent":7571,"menu_order":0,"comment_status":"closed","ping_status":"closed","template":"","meta":{"_acf_changed":false,"footnotes":""},"categories":[],"tags":[],"class_list":["post-7852","page","type-page","status-publish","hentry"],"acf":[],"_links":{"self":[{"href":"https:\/\/www.gaspineortho.com\/es\/wp-json\/wp\/v2\/pages\/7852","targetHints":{"allow":["GET"]}}],"collection":[{"href":"https:\/\/www.gaspineortho.com\/es\/wp-json\/wp\/v2\/pages"}],"about":[{"href":"https:\/\/www.gaspineortho.com\/es\/wp-json\/wp\/v2\/types\/page"}],"author":[{"embeddable":true,"href":"https:\/\/www.gaspineortho.com\/es\/wp-json\/wp\/v2\/users\/25"}],"replies":[{"embeddable":true,"href":"https:\/\/www.gaspineortho.com\/es\/wp-json\/wp\/v2\/comments?post=7852"}],"version-history":[{"count":3,"href":"https:\/\/www.gaspineortho.com\/es\/wp-json\/wp\/v2\/pages\/7852\/revisions"}],"predecessor-version":[{"id":7855,"href":"https:\/\/www.gaspineortho.com\/es\/wp-json\/wp\/v2\/pages\/7852\/revisions\/7855"}],"up":[{"embeddable":true,"href":"https:\/\/www.gaspineortho.com\/es\/wp-json\/wp\/v2\/pages\/7571"}],"wp:attachment":[{"href":"https:\/\/www.gaspineortho.com\/es\/wp-json\/wp\/v2\/media?parent=7852"}],"wp:term":[{"taxonomy":"category","embeddable":true,"href":"https:\/\/www.gaspineortho.com\/es\/wp-json\/wp\/v2\/categories?post=7852"},{"taxonomy":"post_tag","embeddable":true,"href":"https:\/\/www.gaspineortho.com\/es\/wp-json\/wp\/v2\/tags?post=7852"}],"curies":[{"name":"wp","href":"https:\/\/api.w.org\/{rel}","templated":true}]}}