{"id":7840,"date":"2024-05-16T12:16:14","date_gmt":"2024-05-16T17:16:14","guid":{"rendered":"https:\/\/www.gaspineortho.com\/suwanee\/pedestrian-accident-injury\/"},"modified":"2024-06-03T13:13:11","modified_gmt":"2024-06-03T18:13:11","slug":"accidente-de-peatones-lesiones","status":"publish","type":"page","link":"https:\/\/www.gaspineortho.com\/es\/suwanee\/accidente-de-peatones-lesiones\/","title":{"rendered":"Tratamiento de lesiones por accidentes de peatones en Suwanee"},"content":{"rendered":"<p>Bienvenido a Georgia Spine &amp; Ortopedia, el principal destino de Suwanee para el tratamiento de accidentes de peatones. Nuestro equipo adapta su enfoque a las necesidades especializadas de los peatones lesionados en accidentes, garantizando una r\u00e1pida recuperaci\u00f3n y restauraci\u00f3n de la salud. Brindamos atenci\u00f3n enfocada e individualizada que aborda sus lesiones espec\u00edficas y requisitos de rehabilitaci\u00f3n.<\/p>\n<h2>Tratamiento cr\u00edtico despu\u00e9s de un accidente de peat\u00f3n<\/h2>\n<p>Los peatones atropellados por veh\u00edculos, ya sean autom\u00f3viles, motocicletas o camiones, suelen sufrir lesiones graves. La atenci\u00f3n m\u00e9dica r\u00e1pida y eficaz es vital. Si es un peat\u00f3n que enfrenta una lesi\u00f3n en Suwanee debido a la negligencia de otra persona, busque tratamiento inmediato en Georgia Spine &amp; Ortoped\u00eda. Retrasar la atenci\u00f3n puede provocar complicaciones y tiempos de recuperaci\u00f3n prolongados.<\/p>\n<p>En Georgia Spine &amp; Ortopedia, nuestros profesionales de la salud comprenden las complejidades \u00fanicas que plantean los accidentes de peatones. Elaboramos reg\u00edmenes de tratamiento que se adaptan a sus lesiones y aceleran su recuperaci\u00f3n. Programe una cita llamando al [tel\u00e9fono].<\/p>\n<p><img fetchpriority=\"high\" decoding=\"async\" class=\"alignnone size-full wp-image-6147\" src=\"https:\/\/www.gaspineortho.com\/wp-content\/uploads\/2024\/05\/suwanee-pedestrian-accident.jpg\" alt=\"Suwanee pedestrian accident\" width=\"500\" height=\"334\" srcset=\"https:\/\/www.gaspineortho.com\/wp-content\/uploads\/2024\/05\/suwanee-pedestrian-accident.jpg 500w, https:\/\/www.gaspineortho.com\/wp-content\/uploads\/2024\/05\/suwanee-pedestrian-accident-300x200.jpg 300w\" sizes=\"(max-width: 500px) 100vw, 500px\" \/><\/p>\n<h2>Causas comunes de accidentes de peatones<\/h2>\n<p>Los accidentes de peatones suelen surgir de diversos factores, muchos de los cuales se derivan de la negligencia del conductor. El <a href=\"https:\/\/www.cdc.gov\/index.html\" target=\"_blank\" rel=\"noopener\">CDC<\/a> informa que casi 6.000 peatones estadounidenses murieron en accidentes de tr\u00e1fico en un a\u00f1o.<\/p>\n<p>Aqu\u00ed hay causas comunes:<\/p>\n<h3>No ceder<\/h3>\n<p>Tanto los conductores como los peatones tienen el derecho de paso seg\u00fan los par\u00e1metros situacionales y las ubicaciones. Los peatones cruzan la calle esperando que los veh\u00edculos se detengan; Cuando los automovilistas no ceden el paso en los cruces peatonales, pueden provocar lesiones graves.<\/p>\n<h3>Cruce de carretera incorrecto<\/h3>\n<p>Los peatones a veces cruzan las calles en lugares no designados o de manera inadecuada en los cruces peatonales, con el riesgo de posibles colisiones. Ignorar las se\u00f1ales de tr\u00e1fico o decidir cruzar en lugares peligrosos deja un tiempo de reacci\u00f3n m\u00ednimo para los conductores.<\/p>\n<h3>Permanencia en la carretera<\/h3>\n<p>Estar de pie, jugar, tumbarse o trabajar demasiado cerca de la carretera aumenta los riesgos. Los conductores pueden tener dificultades para evitar a las personas inesperadamente en la calle. Los ni\u00f1os que juegan cerca de las carreteras y los trabajadores viales sin alertas o se\u00f1ales adecuadas son particularmente vulnerables.<\/p>\n<h3>Problemas de visibilidad<\/h3>\n<p>Los accidentes ocurren con frecuencia debido a la mala visibilidad, ya sea por mal tiempo, ropa oscura usada por la noche, vistas obstruidas o la visi\u00f3n borrosa de los conductores debido a luces brillantes. Mejorar la visibilidad puede mitigar estos riesgos.<\/p>\n<h3>Entrada repentina a la carretera<\/h3>\n<p>Correr o correr bruscamente por las calles deja a los conductores poco tiempo para responder. Esto, que suele ocurrir entre ni\u00f1os y adolescentes, puede tener resultados peligrosos y, a veces, mortales.<\/p>\n<h3>Deterioro de sustancias<\/h3>\n<p>El consumo de alcohol o drogas dificulta el juicio de peatones y conductores, lo que aumenta el riesgo de accidentes. Los conductores ebrios y los peatones tienen m\u00e1s probabilidades de verse involucrados en incidentes da\u00f1inos.<\/p>\n<h2>Medidas para prevenir accidentes de peatones<\/h2>\n<p>Los accidentes se pueden prevenir si los peatones permanecen atentos. Estos son los pasos esenciales:<\/p>\n<ul>\n<li>Utilice los cruces peatonales designados y espere el sem\u00e1foro en verde.<\/li>\n<li>Mant\u00e9ngase alerta ante conductores potencialmente imprudentes.<\/li>\n<li>C\u00ed\u00f1ete a las aceras y caminos.<\/li>\n<li>Use ropa brillante o reflectante, especialmente de noche.<\/li>\n<li>Evite caminar cerca del tr\u00e1fico si est\u00e1 intoxicado.<\/li>\n<li>La disminuci\u00f3n de los accidentes de peatones comienza con la concientizaci\u00f3n y las acciones preventivas.<\/li>\n<\/ul>\n<h2>Evaluaci\u00f3n de las lesiones por accidentes de peatones<\/h2>\n<p>El tratamiento eficaz comienza con una evaluaci\u00f3n precisa. Nuestras herramientas de diagn\u00f3stico avanzadas nos ayudan a ofrecer diagn\u00f3sticos precisos:<\/p>\n<p><strong>Tomograf\u00edas computarizadas y resonancias magn\u00e9ticas:<\/strong> estas t\u00e9cnicas de im\u00e1genes identifican lesiones en la cabeza y da\u00f1os en los tejidos blandos.<\/p>\n<p><strong>Rayos X:<\/strong> Se utilizan para detectar fracturas o luxaciones \u00f3seas de forma r\u00e1pida, facilitando el tratamiento inmediato.<\/p>\n<h2>Lesiones t\u00edpicas por accidentes de peatones<\/h2>\n<p>Estos accidentes suelen provocar lesiones graves que requieren atenci\u00f3n m\u00e9dica especializada. Nuestra pr\u00e1ctica cuenta con profesionales experimentados en ortopedia, neurolog\u00eda y <a href=\"https:\/\/www.gaspineortho.com\/es\/suwanee\/el-manejo-del-dolor\/\">manejo del dolor<\/a> para cumplir con estos requisitos espec\u00edficos. necesidades. Estas son las lesiones comunes que tratamos:<\/p>\n<h3>Fracturas \u00f3seas<\/h3>\n<p>Las fracturas \u00f3seas pueden ocurrir en las piernas, mu\u00f1ecas, brazos u hombros. Van desde simples hasta graves y, en ocasiones, requieren cirug\u00edas o, en el peor de los casos, amputaciones.<\/p>\n<h3>Lesiones cerebrales traum\u00e1ticas<\/h3>\n<p>Las lesiones en el cerebro o la cabeza pueden revelar s\u00edntomas inmediatos o tard\u00edos, como mareos, dolores de cabeza, dificultades de concentraci\u00f3n o p\u00e9rdida de coordinaci\u00f3n.<\/p>\n<h3>Lesiones de tejidos blandos<\/h3>\n<p>Los esguinces, torceduras, laceraciones y contusiones entran en esta categor\u00eda. Estas lesiones pueden causar un dolor significativo y dejar cicatrices duraderas.<\/p>\n<h3>Lesiones internas<\/h3>\n<p>A menudo, las lesiones internas invisibles, como da\u00f1os a \u00f3rganos o hemorragias internas, plantean graves amenazas y exigen una intervenci\u00f3n m\u00e9dica inmediata.<\/p>\n<h3>Lesiones de la m\u00e9dula espinal<\/h3>\n<p>Las lesiones que afectan la m\u00e9dula espinal pueden afectar la fuerza, la postura y la movilidad, lo que a veces resulta en una discapacidad permanente.<\/p>\n<h2>Tratamiento Integral de Lesiones por Accidentes de Peatones<\/h2>\n<p>Nuestros especialistas experimentados tratan una variedad de lesiones por accidentes de peatones. Utilizando m\u00e9todos y tecnolog\u00edas avanzados, nuestro objetivo es aliviar el dolor sin inducir dependencia de medicamentos, facilitando as\u00ed una recuperaci\u00f3n efectiva y sostenida.<\/p>\n<h3>Manejo experto del dolor<\/h3>\n<p>El manejo del dolor sirve como un primer paso crucial. Utilizamos inyecciones dirigidas y t\u00e9cnicas avanzadas para aliviar el dolor, lo que reduce la dependencia de los analg\u00e9sicos y ayuda a los pacientes a controlar el dolor persistente.<\/p>\n<h3>Cuidado ortop\u00e9dico avanzado<\/h3>\n<p>Nuestros tratamientos ortop\u00e9dicos se basan en diagn\u00f3sticos y terapias de vanguardia. Se realizan intervenciones quir\u00fargicas especializadas seg\u00fan sea necesario para acelerar la curaci\u00f3n.<\/p>\n<h3>Experiencia neurol\u00f3gica<\/h3>\n<p>Nuestros neur\u00f3logos utilizan diagn\u00f3sticos sofisticados para evaluar y abordar las lesiones. Ofrecemos tratamiento integral, planes de rehabilitaci\u00f3n y atenci\u00f3n emp\u00e1tica, restaurando la calidad de vida de los pacientes.<\/p>\n<p><img decoding=\"async\" class=\"alignnone size-full wp-image-6149\" src=\"https:\/\/www.gaspineortho.com\/wp-content\/uploads\/2024\/05\/suwanee-neurological-treatment-for-a-pedestrian-accident.jpg\" alt=\"suwanee neurological treatment for a pedestrian accident\" width=\"500\" height=\"334\" srcset=\"https:\/\/www.gaspineortho.com\/wp-content\/uploads\/2024\/05\/suwanee-neurological-treatment-for-a-pedestrian-accident.jpg 500w, https:\/\/www.gaspineortho.com\/wp-content\/uploads\/2024\/05\/suwanee-neurological-treatment-for-a-pedestrian-accident-300x200.jpg 300w\" sizes=\"(max-width: 500px) 100vw, 500px\" \/><\/p>\n<p>La atenci\u00f3n adecuada despu\u00e9s de una lesi\u00f3n permite una recuperaci\u00f3n m\u00e1s r\u00e1pida y ayuda a evitar complicaciones de por vida. Columna vertebral de Georgia y Ortopedia se compromete a brindar el m\u00e1s alto nivel de atenci\u00f3n m\u00e9dica a las v\u00edctimas de accidentes de peatones.<\/p>\n<h2>Tratamiento esencial despu\u00e9s de un accidente de peat\u00f3n<\/h2>\n<p>Los accidentes de peatones son graves y a menudo provocan la muerte o requieren cuidados intensivos. El impacto inmediato con un veh\u00edculo en movimiento exige atenci\u00f3n m\u00e9dica inmediata. Columna vertebral de Georgia y Las respuestas r\u00e1pidas y cualificadas de los ortop\u00e9dicos ayudan a prevenir situaciones que ponen en peligro la vida.<\/p>\n<p>Nuestros especialistas comprenden la gravedad de los accidentes de peatones. Evaluamos sus lesiones a fondo y elaboramos tratamientos personalizados para abordar sus lesiones espec\u00edficas. Esto da como resultado recuperaciones m\u00e1s r\u00e1pidas y mejores resultados generales. Cont\u00e1ctenos hoy al [tel\u00e9fono] para comenzar su viaje de recuperaci\u00f3n.<\/p>\n<h2>Objetivos de rehabilitaci\u00f3n y recuperaci\u00f3n<\/h2>\n<p>Restaurar la salud despu\u00e9s de una lesi\u00f3n implica planes estrat\u00e9gicos de rehabilitaci\u00f3n. La rehabilitaci\u00f3n es clave para recuperar la movilidad perdida y garantizar la salud a largo plazo. As\u00ed es como lo logramos:<\/p>\n<h3>Programas de rehabilitaci\u00f3n personalizados<\/h3>\n<p>Los programas personalizados basados \u200b\u200ben la naturaleza espec\u00edfica y la gravedad de las lesiones garantizan que los pacientes recuperen la funci\u00f3n y la movilidad perdidas.<\/p>\n<h3>Sesiones de Fisioterapia<\/h3>\n<p>La <a href=\"https:\/\/www.gaspineortho.com\/suwanee\/physical-therapy\/\">fisioterapia<\/a> estructurada ayuda a mejorar la fuerza muscular, la flexibilidad y el rango de movimiento.<\/p>\n<h3>Uso de equipos avanzados<\/h3>\n<p>Empleamos terapias avanzadas y equipos de \u00faltima generaci\u00f3n, lo que ayuda a una recuperaci\u00f3n m\u00e1s r\u00e1pida y minimiza las molestias.<\/p>\n<h3>Apoyo psicol\u00f3gico<\/h3>\n<p>Los accidentes traen angustia emocional y psicol\u00f3gica. Nuestra atenci\u00f3n integrada incluye apoyo de salud mental que ayuda a la recuperaci\u00f3n y el bienestar general.<\/p>\n<h3>Monitoreo de salud a largo plazo<\/h3>\n<p>Despu\u00e9s de los tratamientos iniciales, el seguimiento continuo de la salud es fundamental para evitar complicaciones o reca\u00eddas. Los seguimientos regulares garantizan excelentes resultados y una recuperaci\u00f3n sostenida.<\/p>\n<h3>Revisiones rutinarias<\/h3>\n<p>Las evaluaciones peri\u00f3dicas nos ayudan a monitorear el progreso de la recuperaci\u00f3n y adaptar los planes de tratamiento si es necesario.<\/p>\n<h3>Educaci\u00f3n continua del paciente<\/h3>\n<p>Educar a los pacientes sobre ajustes en el estilo de vida y medidas preventivas fomenta el bienestar a largo plazo.<\/p>\n<h3>Equipo de expertos dedicado a su recuperaci\u00f3n<\/h3>\n<p>Nuestro equipo de expertos comprende un grupo diversificado de profesionales de la salud dedicados al tratamiento de lesiones por accidentes de peatones.<\/p>\n<h3>Cirujanos ortop\u00e9dicos<\/h3>\n<p>Especializado en el diagn\u00f3stico y tratamiento de lesiones musculoesquel\u00e9ticas garantizando intervenciones quir\u00fargicas y no quir\u00fargicas efectivas.<\/p>\n<h3>Especialistas en el manejo del dolor<\/h3>\n<p>Centrados en ofrecer alivio del dolor cr\u00f3nico a trav\u00e9s de enfoques multifac\u00e9ticos, evitan la dependencia de medicamentos.<\/p>\n<h3>Fisioterapeutas<\/h3>\n<p>Desarrollar y supervisar programas de rehabilitaci\u00f3n dise\u00f1ados para restaurar la funci\u00f3n y la flexibilidad.<\/p>\n<h3>Neur\u00f3logos<\/h3>\n<p>Maneje las lesiones cerebrales y nerviosas con herramientas de diagn\u00f3stico precisas y enfoques de tratamiento personalizados.<\/p>\n<h2>Acci\u00f3n inmediata despu\u00e9s de accidentes de peatones<\/h2>\n<p>El tiempo es crucial despu\u00e9s de un accidente de peatones. La evaluaci\u00f3n m\u00e9dica inmediata es vital para obtener resultados favorables. Las circunstancias que justifican atenci\u00f3n m\u00e9dica inmediata incluyen:<\/p>\n<ul>\n<li>P\u00e9rdida del conocimiento que indica posibles lesiones en la cabeza.<\/li>\n<li>Dolores de cabeza, mareos o confusi\u00f3n que sugieren conmociones cerebrales.<\/li>\n<li>Dolor persistente de cuello o espalda que insin\u00faa un latigazo cervical o lesiones en la columna.<\/li>\n<li>Entumecimiento que indica posible da\u00f1o a los nervios.<\/li>\n<li>Lesiones visibles como cortes o huesos rotos que requieren atenci\u00f3n inmediata.<\/li>\n<li>Dificultades respiratorias que posiblemente indiquen lesiones internas.<\/li>\n<li>Dolor persistente que requiere una evaluaci\u00f3n m\u00e9dica detallada.<\/li>\n<\/ul>\n<h2>Recuperarse con Georgia Spine &amp; Ortopedia<\/h2>\n<p>Conf\u00ede su atenci\u00f3n a los profesionales de Georgia Spine &amp; Ortoped\u00eda. Nuestro equipo est\u00e1 comprometido a brindar atenci\u00f3n dedicada que facilite una recuperaci\u00f3n r\u00e1pida y completa de las lesiones por accidentes de peatones.<\/p>\n<h3>Enfoque compasivo<\/h3>\n<p>Tratamos a cada paciente con empat\u00eda, reconociendo las tensiones f\u00edsicas y emocionales de dichos accidentes.<\/p>\n<h3>Servicios Integrales<\/h3>\n<p>Desde el diagn\u00f3stico hasta el tratamiento y la rehabilitaci\u00f3n, nuestra gama de servicios abarca todos los aspectos del tratamiento y la recuperaci\u00f3n de lesiones.<\/p>\n<h3>Atenci\u00f3n centrada en la persona<\/h3>\n<p>Los planes personalizados abordan las necesidades \u00fanicas de cada paciente, asegurando una recuperaci\u00f3n \u00f3ptima.<\/p>\n<h3>Comunicaci\u00f3n clara<\/h3>\n<p>Explicamos claramente los diagn\u00f3sticos y las opciones de tratamiento, y colaboramos con los pacientes en su proceso de recuperaci\u00f3n.<\/p>\n<h3>Profesionales experimentados<\/h3>\n<p>Nuestros profesionales de la salud aportan una amplia experiencia en el tratamiento de lesiones por accidentes de peatones, garantizando altos est\u00e1ndares de atenci\u00f3n.<\/p>\n<p><img decoding=\"async\" class=\"alignnone size-full wp-image-3286\" src=\"https:\/\/www.gaspineortho.com\/wp-content\/uploads\/2020\/12\/ga-spine-ortho-docs-e1715801958933.webp\" alt=\"The Team of Georgia Spine &amp; Orthopaedics\" width=\"500\" height=\"273\" \/><\/p>\n<h2>Comience su recuperaci\u00f3n hoy<\/h2>\n<p>Los accidentes de peatones exigen una intervenci\u00f3n m\u00e9dica r\u00e1pida y experta. Columna vertebral de Georgia y La ortopedia ofrece una atenci\u00f3n integral destinada a su r\u00e1pida recuperaci\u00f3n y regreso a la vida cotidiana.<\/p>\n<p>Reserve su consulta hoy llamando al [tel\u00e9fono].<\/p>\n<p>Tu salud y bienestar son nuestras prioridades. Nuestro equipo dedicado en <a href=\"https:\/\/www.suwanee.com\/\" target=\"_blank\" rel=\"noopener\">Suwanee<\/a> est\u00e1 aqu\u00ed para apoyarlo en cada paso de su recuperaci\u00f3n.<\/p>\n","protected":false},"excerpt":{"rendered":"<p>Bienvenido a Georgia Spine &amp; Ortopedia, el principal destino de Suwanee para el tratamiento de accidentes de peatones. Nuestro equipo adapta su enfoque a las necesidades especializadas de los peatones lesionados en accidentes, garantizando una r\u00e1pida recuperaci\u00f3n y restauraci\u00f3n de la salud. Brindamos atenci\u00f3n enfocada e individualizada que aborda sus lesiones espec\u00edficas y requisitos de [&hellip;]<\/p>\n","protected":false},"author":44,"featured_media":0,"parent":7571,"menu_order":0,"comment_status":"closed","ping_status":"closed","template":"","meta":{"_acf_changed":false,"footnotes":""},"categories":[],"tags":[],"class_list":["post-7840","page","type-page","status-publish","hentry"],"acf":[],"_links":{"self":[{"href":"https:\/\/www.gaspineortho.com\/es\/wp-json\/wp\/v2\/pages\/7840","targetHints":{"allow":["GET"]}}],"collection":[{"href":"https:\/\/www.gaspineortho.com\/es\/wp-json\/wp\/v2\/pages"}],"about":[{"href":"https:\/\/www.gaspineortho.com\/es\/wp-json\/wp\/v2\/types\/page"}],"author":[{"embeddable":true,"href":"https:\/\/www.gaspineortho.com\/es\/wp-json\/wp\/v2\/users\/44"}],"replies":[{"embeddable":true,"href":"https:\/\/www.gaspineortho.com\/es\/wp-json\/wp\/v2\/comments?post=7840"}],"version-history":[{"count":3,"href":"https:\/\/www.gaspineortho.com\/es\/wp-json\/wp\/v2\/pages\/7840\/revisions"}],"predecessor-version":[{"id":7843,"href":"https:\/\/www.gaspineortho.com\/es\/wp-json\/wp\/v2\/pages\/7840\/revisions\/7843"}],"up":[{"embeddable":true,"href":"https:\/\/www.gaspineortho.com\/es\/wp-json\/wp\/v2\/pages\/7571"}],"wp:attachment":[{"href":"https:\/\/www.gaspineortho.com\/es\/wp-json\/wp\/v2\/media?parent=7840"}],"wp:term":[{"taxonomy":"category","embeddable":true,"href":"https:\/\/www.gaspineortho.com\/es\/wp-json\/wp\/v2\/categories?post=7840"},{"taxonomy":"post_tag","embeddable":true,"href":"https:\/\/www.gaspineortho.com\/es\/wp-json\/wp\/v2\/tags?post=7840"}],"curies":[{"name":"wp","href":"https:\/\/api.w.org\/{rel}","templated":true}]}}