{"id":7836,"date":"2024-05-15T21:54:15","date_gmt":"2024-05-16T02:54:15","guid":{"rendered":"https:\/\/www.gaspineortho.com\/suwanee\/pain-management\/"},"modified":"2024-06-03T12:55:22","modified_gmt":"2024-06-03T17:55:22","slug":"el-manejo-del-dolor","status":"publish","type":"page","link":"https:\/\/www.gaspineortho.com\/es\/suwanee\/el-manejo-del-dolor\/","title":{"rendered":"Manejo del dolor en Suwanee"},"content":{"rendered":"<p>Cuando el dolor interrumpe tu vida cotidiana, <a href=\"https:\/\/www.gaspineortho.com\/es\/contacto\/\">Georgia Spine &amp; Los servicios de tratamiento del dolor de Suwanee de Orthopaedics est\u00e1n aqu\u00ed para ayudarle. Nuestro enfoque hol\u00edstico est\u00e1 dise\u00f1ado para abordar varios tipos de dolor, ya sea que surjan de colisiones automovil\u00edsticas, lesiones relacionadas con el trabajo o afecciones cr\u00f3nicas. Hacemos hincapi\u00e9 en las t\u00e9cnicas avanzadas de alivio del dolor, incluidas las inyecciones dirigidas, para abordar el malestar en su origen.<\/a><\/p>\n<p>Nuestro equipo de profesionales capacitados, incluido el cirujano de columna Dr. Laviel Fern\u00e1ndez, est\u00e1 comprometido a restaurar su funcionalidad y mejorar su calidad de vida. Nuestro personal multiling\u00fce, que habla ingl\u00e9s y espa\u00f1ol con fluidez, garantiza que todos los pacientes reciban una atenci\u00f3n compasiva y accesible. En la OSG vivimos seg\u00fan nuestro lema: \u00abLa habilidad para sanar, el coraz\u00f3n para cuidar\u00bb. Experimente el manejo del dolor de primer nivel en nuestra ubicaci\u00f3n <a href=\"https:\/\/www.suwanee.com\/\" target=\"_blank\" rel=\"noopener\">Suwanee<\/a>, donde la satisfacci\u00f3n del paciente y la excelencia m\u00e9dica van de la mano en la mano.<\/p>\n<h2>Prevalencia del dolor cr\u00f3nico<\/h2>\n<p>El dolor cr\u00f3nico afecta a casi 100 millones de estadounidenses, lo que lo convierte en un importante problema de salud p\u00fablica. Puede disminuir dr\u00e1sticamente los niveles de energ\u00eda, inhibir las actividades diarias y erosionar el disfrute general de la vida. Para los residentes de Suwanee, el tratamiento del dolor proporcionado por Georgia Spine &amp; La ortopedia ofrece un enfoque personalizado para combatir este problema generalizado. Nuestros tratamientos integrales abordan la naturaleza multifac\u00e9tica del dolor cr\u00f3nico causado por problemas como colisiones automovil\u00edsticas y lesiones relacionadas con el trabajo.<\/p>\n<p>Los pacientes se benefician de nuestras t\u00e9cnicas de alivio del dolor de \u00faltima generaci\u00f3n, que incluyen inyecciones dirigidas y tratamientos ortop\u00e9dicos y neurol\u00f3gicos avanzados. Al centrarse en un enfoque hol\u00edstico, GSO ayuda a los pacientes a recuperar la funcionalidad y la calidad de vida, garantizando que el dolor cr\u00f3nico no siga dominando su existencia.<\/p>\n<p><img fetchpriority=\"high\" decoding=\"async\" class=\"alignnone size-full wp-image-6134\" src=\"https:\/\/www.gaspineortho.com\/wp-content\/uploads\/2024\/05\/suwanee-pain-management.jpg\" alt=\"Suwanee Pain Management\" width=\"500\" height=\"334\" srcset=\"https:\/\/www.gaspineortho.com\/wp-content\/uploads\/2024\/05\/suwanee-pain-management.jpg 500w, https:\/\/www.gaspineortho.com\/wp-content\/uploads\/2024\/05\/suwanee-pain-management-300x200.jpg 300w\" sizes=\"(max-width: 500px) 100vw, 500px\" \/><\/p>\n<h2>\u00bfQu\u00e9 es el manejo del dolor?<\/h2>\n<p>El dolor es un s\u00edntoma de numerosas lesiones, enfermedades y afecciones. Suwanee Pain Management combina varias t\u00e9cnicas y tratamientos para diagnosticar y tratar las causas subyacentes del dolor. En Georgia Spine &amp; En ortopedia, enfatizamos un enfoque hol\u00edstico, integrando el manejo del dolor, la ortopedia y la neurolog\u00eda. Esta estrategia multidisciplinaria garantiza que las condiciones que surgen de las colisiones de veh\u00edculos de motor y las lesiones relacionadas con el trabajo se aborden de manera integral.<\/p>\n<p>Nuestro objetivo es brindar alivio y mejorar la calidad de vida utilizando m\u00e9todos no farmacol\u00f3gicos, recurriendo a medicamentos s\u00f3lo cuando sea necesario. Con t\u00e9cnicas de \u00faltima generaci\u00f3n para aliviar el dolor, incluidas inyecciones dirigidas, nuestro objetivo es ayudar a los pacientes a recuperar la funcionalidad y el bienestar.<\/p>\n<h2>Tipos de dolor<\/h2>\n<p>Comprender los distintos tipos de dolor es esencial para un manejo eficaz del dolor en Suwanee en Georgia Spine &amp; Ortoped\u00eda. Aqu\u00ed hay un desglose de los tipos de dolor que tratamos:<\/p>\n<h3>Dolor agudo<\/h3>\n<p>Este tipo de dolor suele ser agudo y repentino y resulta de lesiones como quemaduras, fracturas o espasmos musculares. Nuestro equipo se enfoca en tratar la causa ra\u00edz para garantizar una recuperaci\u00f3n r\u00e1pida.<\/p>\n<h3>Dolor cr\u00f3nico<\/h3>\n<p><a href=\"https:\/\/www.webmd.com\/pain-management\/video\/video-chronic-pain-explained\" target=\"_blank\" rel=\"noopener\">Dolor cr\u00f3nico<\/a> persiste durante m\u00e1s de seis meses y a menudo se debe a lesiones o enfermedades no tratadas. Puede afectar significativamente la vida diaria y requiere un enfoque integral para un manejo eficaz.<\/p>\n<h3>Dolor nociceptivo<\/h3>\n<p>Este dolor, que surge de lesiones como tirones musculares, huesos rotos o golpes en la cabeza, puede ser visceral (que afecta los \u00f3rganos internos) o som\u00e1tico (que afecta los sistemas musculoesquel\u00e9ticos).<\/p>\n<h3>Dolor neurop\u00e1tico<\/h3>\n<p>El dolor neurop\u00e1tico afecta los nervios y, a menudo, est\u00e1 relacionado con complicaciones en el sistema nervioso. Condiciones como la diabetes, el VIH y la esclerosis m\u00faltiple son culpables comunes.<\/p>\n<p>En GSO, nuestro enfoque hol\u00edstico garantiza que todos los tipos de dolor se manejen de manera efectiva, ayudando a los pacientes a recuperar su calidad de vida.<\/p>\n<h2>Causas del dolor<\/h2>\n<h3>Accidentes de carretera<\/h3>\n<p>Anualmente se reportan m\u00e1s de tres millones de lesiones por accidentes automovil\u00edsticos. Estos a menudo conducen a problemas de dolor cr\u00f3nico que requieren atenci\u00f3n especializada de Georgia Spine &amp; Equipo de tratamiento del dolor de Suwanee de ortopedia.<\/p>\n<h3>Estimulaci\u00f3n<\/h3>\n<p>La estimulaci\u00f3n de los receptores del dolor resultante de lesiones tisulares puede provocar afecciones de dolor tanto agudo como cr\u00f3nico.<\/p>\n<h3>Disfunci\u00f3n<\/h3>\n<p>El da\u00f1o al cerebro y la columna puede provocar dolor neurop\u00e1tico, que a menudo requiere tratamientos neurol\u00f3gicos avanzados.<\/p>\n<h3>Psicolog\u00eda<\/h3>\n<p>Los factores psicol\u00f3gicos, como la depresi\u00f3n y la ansiedad, pueden influir significativamente en la percepci\u00f3n y la intensidad del dolor.<\/p>\n<p>Columna vertebral de Georgia y La ortopedia ofrece soluciones integrales para el manejo del dolor que abordan las causas fundamentales del dolor. Su enfoque hol\u00edstico combina t\u00e9cnicas de alivio del dolor de \u00faltima generaci\u00f3n, incluidas inyecciones dirigidas y tratamientos ortop\u00e9dicos y neurol\u00f3gicos avanzados. Ya sea que se deban a accidentes de tr\u00e1nsito u otras causas, GSO est\u00e1 comprometida a mejorar la calidad de vida de los pacientes con una atenci\u00f3n compasiva y eficaz.<\/p>\n<h2>\u00bfQu\u00e9 hace un m\u00e9dico especialista en dolor?<\/h2>\n<p>En Georgia Spine &amp; Ortopedia, nuestros m\u00e9dicos especialistas en el tratamiento del dolor se dedican a mejorar la calidad de vida de los pacientes que enfrentan dolor agudo, cr\u00f3nico, nociceptivo y neurop\u00e1tico. Utilizando herramientas de diagn\u00f3stico de \u00faltima generaci\u00f3n, nuestros especialistas identifican las causas fundamentales del dolor, ya sea por colisiones automovil\u00edsticas, lesiones laborales u otras afecciones.<\/p>\n<p>Nuestro equipo desarrolla planes de tratamiento personalizados que incluyen inyecciones dirigidas, t\u00e9cnicas ortop\u00e9dicas avanzadas y atenci\u00f3n neurol\u00f3gica integral. Al abordar los aspectos f\u00edsicos y emocionales, nuestros especialistas garantizan una recuperaci\u00f3n integral. Hablamos ingl\u00e9s y espa\u00f1ol con fluidez y atendemos a una base diversa de pacientes, haciendo que el tratamiento del dolor de primer nivel sea accesible en toda el \u00e1rea metropolitana de Atlanta.<\/p>\n<p><img decoding=\"async\" class=\"alignnone size-full wp-image-6136\" src=\"https:\/\/www.gaspineortho.com\/wp-content\/uploads\/2024\/05\/Orthopedic-Pain-Management.jpg\" alt=\"Orthopedic Pain Management\" width=\"500\" height=\"334\" srcset=\"https:\/\/www.gaspineortho.com\/wp-content\/uploads\/2024\/05\/Orthopedic-Pain-Management.jpg 500w, https:\/\/www.gaspineortho.com\/wp-content\/uploads\/2024\/05\/Orthopedic-Pain-Management-300x200.jpg 300w\" sizes=\"(max-width: 500px) 100vw, 500px\" \/><\/p>\n<h2>Signos de que es necesario controlar el dolor<\/h2>\n<p>Reconocer los signos de que puede necesitar el tratamiento del dolor de Suwanee es crucial para una intervenci\u00f3n oportuna. El dolor persistente que interrumpe las actividades diarias como el trabajo, el sue\u00f1o o las interacciones sociales es un indicador clave. Si los medicamentos de venta libre y los remedios caseros no brindan alivio, es hora de considerar la ayuda profesional. El dolor cr\u00f3nico que dura m\u00e1s de seis meses, los dolores de cabeza recurrentes o el dolor que se irradia por accidentes y lesiones, especialmente colisiones automovil\u00edsticas, son indicadores importantes.<\/p>\n<p>El dolor neurop\u00e1tico, caracterizado por sensaciones de entumecimiento, hormigueo o ardor, tambi\u00e9n amerita la atenci\u00f3n de un especialista. Columna vertebral de Georgia y El enfoque hol\u00edstico de la ortopedia aborda estos s\u00edntomas con t\u00e9cnicas de \u00faltima generaci\u00f3n, garantizando que cada paciente reciba atenci\u00f3n individualizada.<\/p>\n<p>Nuestros servicios de Manejo del Dolor de Suwanee se enfocan en diagnosticar las causas fundamentales del dolor y brindar tratamientos espec\u00edficos para restaurar la funcionalidad y mejorar la calidad de vida. Si el dolor est\u00e1 afectando su bienestar, consulte con nuestros expertos para explorar soluciones efectivas para el manejo del dolor.<\/p>\n<h2>Recupere su vida del dolor: \u00a1p\u00f3ngase en contacto con nuestros expertos en el tratamiento del dolor de Suwanee hoy mismo!<\/h2>\n<p>Descubra soluciones hol\u00edsticas y avanzadas para aliviar el dolor adaptadas a sus necesidades en Georgia Spine &amp; Ortoped\u00eda. \u00a1Llame al [tel\u00e9fono] ahora para programar su consulta y comenzar su viaje hacia una vida sin dolor!<\/p>\n","protected":false},"excerpt":{"rendered":"<p>Cuando el dolor interrumpe tu vida cotidiana, Georgia Spine &amp; Los servicios de tratamiento del dolor de Suwanee de Orthopaedics est\u00e1n aqu\u00ed para ayudarle. Nuestro enfoque hol\u00edstico est\u00e1 dise\u00f1ado para abordar varios tipos de dolor, ya sea que surjan de colisiones automovil\u00edsticas, lesiones relacionadas con el trabajo o afecciones cr\u00f3nicas. Hacemos hincapi\u00e9 en las t\u00e9cnicas [&hellip;]<\/p>\n","protected":false},"author":25,"featured_media":0,"parent":7571,"menu_order":0,"comment_status":"closed","ping_status":"closed","template":"","meta":{"_acf_changed":false,"footnotes":""},"categories":[],"tags":[],"class_list":["post-7836","page","type-page","status-publish","hentry"],"acf":[],"_links":{"self":[{"href":"https:\/\/www.gaspineortho.com\/es\/wp-json\/wp\/v2\/pages\/7836","targetHints":{"allow":["GET"]}}],"collection":[{"href":"https:\/\/www.gaspineortho.com\/es\/wp-json\/wp\/v2\/pages"}],"about":[{"href":"https:\/\/www.gaspineortho.com\/es\/wp-json\/wp\/v2\/types\/page"}],"author":[{"embeddable":true,"href":"https:\/\/www.gaspineortho.com\/es\/wp-json\/wp\/v2\/users\/25"}],"replies":[{"embeddable":true,"href":"https:\/\/www.gaspineortho.com\/es\/wp-json\/wp\/v2\/comments?post=7836"}],"version-history":[{"count":3,"href":"https:\/\/www.gaspineortho.com\/es\/wp-json\/wp\/v2\/pages\/7836\/revisions"}],"predecessor-version":[{"id":7839,"href":"https:\/\/www.gaspineortho.com\/es\/wp-json\/wp\/v2\/pages\/7836\/revisions\/7839"}],"up":[{"embeddable":true,"href":"https:\/\/www.gaspineortho.com\/es\/wp-json\/wp\/v2\/pages\/7571"}],"wp:attachment":[{"href":"https:\/\/www.gaspineortho.com\/es\/wp-json\/wp\/v2\/media?parent=7836"}],"wp:term":[{"taxonomy":"category","embeddable":true,"href":"https:\/\/www.gaspineortho.com\/es\/wp-json\/wp\/v2\/categories?post=7836"},{"taxonomy":"post_tag","embeddable":true,"href":"https:\/\/www.gaspineortho.com\/es\/wp-json\/wp\/v2\/tags?post=7836"}],"curies":[{"name":"wp","href":"https:\/\/api.w.org\/{rel}","templated":true}]}}