{"id":7832,"date":"2024-05-15T21:51:05","date_gmt":"2024-05-16T02:51:05","guid":{"rendered":"https:\/\/www.gaspineortho.com\/suwanee\/orthopedic-surgery\/"},"modified":"2024-07-15T10:21:45","modified_gmt":"2024-07-15T15:21:45","slug":"cirugia-ortopedica","status":"publish","type":"page","link":"https:\/\/www.gaspineortho.com\/es\/suwanee\/cirugia-ortopedica\/","title":{"rendered":"Tratamiento de cirug\u00eda ortop\u00e9dica de Suwanee"},"content":{"rendered":"<p>En Georgia Spine &amp; Ortopedia, nuestro enfoque hol\u00edstico de la atenci\u00f3n al paciente garantiza que reciba un tratamiento integral adaptado a sus necesidades. Desde t\u00e9cnicas avanzadas de manejo del dolor hasta cirug\u00eda ortop\u00e9dica y tratamientos neurol\u00f3gicos de vanguardia en Suwanee, nuestro equipo est\u00e1 dedicado a restaurar su funcionalidad y calidad de vida.<\/p>\n<p>Ofrecemos experiencia tanto en ingl\u00e9s como en espa\u00f1ol para atender a una comunidad diversa. No dejes que el dolor dicte tu vida. Acuda a la OSG y experimente la diferencia que puede marcar la atenci\u00f3n compasiva y experta.<\/p>\n<h2>Nuestro Compromiso con la Comunidad<\/h2>\n<p>Nuestro departamento de cirug\u00eda ortop\u00e9dica de Suwanee est\u00e1 profundamente arraigado en esta comunidad. Hemos tratado a generaciones de familias, atletas y trabajadores, siendo testigos de primera mano del poder transformador de la experta cirug\u00eda ortop\u00e9dica de Suwanne. Ya sea a trav\u00e9s de t\u00e9cnicas avanzadas de alivio del dolor, inyecciones dirigidas o tratamientos neurol\u00f3gicos y cirug\u00eda ortop\u00e9dica de \u00faltima generaci\u00f3n en Suwanee, estamos dedicados a ayudarlo a recuperar su movilidad y calidad de vida.<\/p>\n<p>Nuestro personal multiling\u00fce, que habla ingl\u00e9s y espa\u00f1ol con fluidez, garantiza que cada paciente se sienta comprendido y atendido. Estamos comprometidos a brindar atenci\u00f3n compasiva y personalizada. En Georgia Spine &amp; Ortopedia, encarnamos el esp\u00edritu \u00abLa habilidad para sanar, el coraz\u00f3n para cuidar\u00bb, lo que nos convierte en sus socios de confianza en la vibrante comunidad de Suwanee.<\/p>\n<p><a href=\"https:\/\/www.gaspineortho.com\/wp-content\/uploads\/2024\/05\/shutterstock_2363202031.webp\"><img fetchpriority=\"high\" decoding=\"async\" class=\"alignnone wp-image-6144 size-full\" src=\"https:\/\/www.gaspineortho.com\/wp-content\/uploads\/2024\/05\/shutterstock_2363202031.webp\" alt=\"Suzanne Orthopedic Surgery action shot\" width=\"500\" height=\"334\" srcset=\"https:\/\/www.gaspineortho.com\/wp-content\/uploads\/2024\/05\/shutterstock_2363202031.webp 500w, https:\/\/www.gaspineortho.com\/wp-content\/uploads\/2024\/05\/shutterstock_2363202031-300x200.webp 300w\" sizes=\"(max-width: 500px) 100vw, 500px\" \/><\/a><\/p>\n<h2>Atenci\u00f3n ortop\u00e9dica integral de Suwanee<\/h2>\n<p>Columna vertebral de Georgia y Ortopedia (GSO) en <a href=\"https:\/\/www.suwanee.com\" target=\"_blank\" rel=\"noopener\">Suwanee<\/a> ofrece atenci\u00f3n ortop\u00e9dica integral dise\u00f1ada para abordar afecciones ortop\u00e9dicas y de la columna complejas. Nuestro enfoque integra <a href=\"https:\/\/www.gaspineortho.com\/es\/atlanta\/el-manejo-del-dolor\/\">manejo del dolor<\/a>, ortopedia y <a href=\"\/es\/atlanta\/neurologia\/\">neurolog\u00eda<\/a> para ofrecer planes de tratamiento hol\u00edsticos. Con t\u00e9cnicas avanzadas como inyecciones dirigidas y tratamientos neurol\u00f3gicos de \u00faltima generaci\u00f3n, ayudamos a los pacientes a recuperar la funcionalidad y mejorar su calidad de vida.<\/p>\n<p>Nuestro equipo capacitado domina el ingl\u00e9s y el espa\u00f1ol, lo que garantiza una atenci\u00f3n accesible y compasiva para una base diversa de pacientes en m\u00faltiples ubicaciones de Metro Atlanta. En GSO creemos en \u00abLa habilidad para sanar, el coraz\u00f3n para cuidar\u00bb, enfatizando tanto la excelencia m\u00e9dica como la satisfacci\u00f3n del paciente.<\/p>\n<h2>Cu\u00e1ndo buscar ayuda ortop\u00e9dica<\/h2>\n<p>Cuando el dolor amenace con robarte la alegr\u00eda, recuerda que hay algo que puedes hacer. Comun\u00edquese con Georgia Spine &amp; Ortopedia y perm\u00edtanos ayudarle a escribir un nuevo cap\u00edtulo en su historia de cirug\u00eda ortop\u00e9dica en Suwanee, uno en el que el dolor sea un recuerdo lejano. Ya sea dolor de espalda, molestias en las articulaciones o lesiones por colisiones automovil\u00edsticas e incidentes relacionados con el trabajo, nuestro departamento de cirug\u00eda ortop\u00e9dica de Suwanee est\u00e1 aqu\u00ed para ayudarlo.<\/p>\n<p>Utilizando t\u00e9cnicas de vanguardia para aliviar el dolor, como inyecciones dirigidas y tratamientos ortop\u00e9dicos avanzados, nos enfocamos en restaurar su funcionalidad y calidad de vida. Nuestro enfoque hol\u00edstico aborda no solo los s\u00edntomas sino tambi\u00e9n las causas subyacentes, garantizando una atenci\u00f3n integral. No dejes que el dolor dicte tu vida.<\/p>\n<p>Conf\u00ede en la experiencia de Georgia Spine &amp; Ortopedia para guiarle hacia una existencia sin dolor. Recuerde, cuanto antes busque ayuda, antes podr\u00e1 volver a disfrutar de todo lo que Suwanee tiene para ofrecer.<\/p>\n<h2>\u00bfQu\u00e9 trata la cirug\u00eda ortop\u00e9dica de Suwanee?<\/h2>\n<p>Su sistema musculoesquel\u00e9tico es clave para su vida diaria. En Georgia Spine &amp; Ortopedia, mantenemos este sistema en \u00f3ptimas condiciones. Aqu\u00ed hay algunas condiciones que tratamos:<\/p>\n<h3>Fracturas<\/h3>\n<p>En Georgia Spine &amp; Ortopedia, nuestro departamento de cirug\u00eda ortop\u00e9dica de Suwanee es experto en el tratamiento de fracturas. Ya sea una simple rotura o una lesi\u00f3n compleja, empleamos t\u00e9cnicas avanzadas para garantizar una curaci\u00f3n \u00f3ptima. Nuestro enfoque incluye yeso, ferulizaci\u00f3n y, cuando sea necesario, reparaci\u00f3n quir\u00fargica.<\/p>\n<p>Entendemos la urgencia y la incomodidad que conllevan las fracturas, por lo que priorizamos tratamientos r\u00e1pidos y eficaces para que se recupere. Aprovechando los m\u00e9todos de alivio del dolor de \u00faltima generaci\u00f3n y la atenci\u00f3n ortop\u00e9dica integral, nuestro objetivo es minimizar el tiempo de inactividad y maximizar la recuperaci\u00f3n. Conf\u00ede en Georgia Spine &amp; Ortopedia para brindarle la atenci\u00f3n experta que necesita.<\/p>\n<h3>Esguinces y lesiones Cepas<\/h3>\n<p>Los esguinces y las torceduras son lesiones comunes que pueden afectar significativamente su vida diaria. En Georgia Spine &amp; Ortopedia, brindamos un enfoque integral para la curaci\u00f3n de estas afecciones. Nuestro personal de cirug\u00eda ortop\u00e9dica de Suwanee emplea <a href=\"https:\/\/www.gaspineortho.com\/es\/atlanta\/terapia-fisica\/\">fisioterapia<\/a> para restaurar el movimiento y la fuerza, soportes para apoyar y proteger las \u00e1reas lesionadas. y t\u00e9cnicas de manejo del dolor para garantizar una recuperaci\u00f3n sin problemas.<\/p>\n<p>Ya sea que su lesi\u00f3n se deba a una colisi\u00f3n automovil\u00edstica, un incidente relacionado con el trabajo o un estilo de vida activo, nuestros m\u00e9todos de alivio del dolor de \u00faltima generaci\u00f3n y tratamientos ortop\u00e9dicos avanzados se adaptan a sus necesidades. Con nuestro enfoque hol\u00edstico, nuestro objetivo no solo es curar sino tambi\u00e9n prevenir futuras lesiones, ayud\u00e1ndole a volver a realizar las actividades que ama, sin dolor.<\/p>\n<h3>Artritis<\/h3>\n<p>La artritis puede ser una condici\u00f3n debilitante que afecta su calidad de vida. En Georgia Spine &amp; Ortopedia, nos especializamos en el manejo del dolor de la artritis a trav\u00e9s de una variedad de tratamientos. Desde modificaciones en el estilo de vida y medicamentos hasta cirug\u00eda de reemplazo de articulaciones, nuestro equipo de cirug\u00eda ortop\u00e9dica de Suwanee est\u00e1 equipado con t\u00e9cnicas de \u00faltima generaci\u00f3n para ofrecer alivio.<\/p>\n<p>Nuestro enfoque combina el manejo del dolor con cirug\u00eda ortop\u00e9dica avanzada y tratamientos neurol\u00f3gicos de Suwanee para garantizar una atenci\u00f3n integral. Ya sea que tenga osteoartritis o artritis reumatoide, nuestro objetivo es ayudarlo a recuperar la funcionalidad y disfrutar de la vida en Suwanee sin la carga constante del dolor.<\/p>\n<h3>Dolor de espalda y cuello<\/h3>\n<p>El dolor de espalda y cuello puede ser debilitante y afectar todos los aspectos de su vida diaria. En Georgia Spine &amp; En ortopedia, utilizamos herramientas avanzadas de diagn\u00f3stico e im\u00e1genes para identificar la fuente exacta de su malestar. Nuestro equipo especializado ofrece una gama de tratamientos, desde fisioterapia hasta cirug\u00eda de columna m\u00ednimamente invasiva, destinados a aliviar el dolor y restaurar la funci\u00f3n.<\/p>\n<p>Ya sea que su dolor se deba a una colisi\u00f3n automovil\u00edstica, una lesi\u00f3n laboral o una afecci\u00f3n subyacente, nuestro enfoque hol\u00edstico garantiza que reciba atenci\u00f3n personalizada que aborde tanto los s\u00edntomas como las causas fundamentales. Conf\u00ede en nuestro personal de cirug\u00eda ortop\u00e9dica de Suwanee para ayudarle a recuperar una vida sin dolor.<\/p>\n<h3>Lesiones deportivas<\/h3>\n<p>En Georgia Spine &amp; En ortopedia, entendemos que las lesiones deportivas pueden alterar su estilo de vida activo. Nuestro departamento de cirug\u00eda ortop\u00e9dica de Suwanee se especializa en el tratamiento de una amplia gama de afecciones relacionadas con el deporte, desde esguinces y torceduras hasta problemas m\u00e1s complejos como ligamentos desgarrados y huesos fracturados. Utilizando t\u00e9cnicas de \u00faltima generaci\u00f3n, nos centramos en una recuperaci\u00f3n r\u00e1pida y segura, garantizando que regrese a su deporte m\u00e1s fuerte que antes.<\/p>\n<p>Ofrecemos programas de rehabilitaci\u00f3n personalizados adaptados a sus necesidades espec\u00edficas. Ya sea que est\u00e9 lidiando con una lesi\u00f3n reciente o una condici\u00f3n cr\u00f3nica, nuestro equipo est\u00e1 comprometido a ayudarlo a recuperar su m\u00e1ximo rendimiento. Nuestro enfoque hol\u00edstico incluye manejo avanzado del dolor, fisioterapia y procedimientos m\u00ednimamente invasivos para tratar sus lesiones de manera efectiva.<\/p>\n<p>En Suwanee, una lesi\u00f3n deportiva no deber\u00eda significar el final de su trayectoria deportiva. Conf\u00ede en Georgia Spine &amp; Ortopedia para brindarle la atenci\u00f3n experta que necesita para volver al juego.<\/p>\n<h3>Reemplazos de articulaciones<\/h3>\n<p>En Georgia Spine &amp; Ortopedia (GSO), entendemos el costo que el dolor articular puede cobrar en su vida diaria. Nuestros procedimientos de reemplazo de articulaciones de \u00faltima generaci\u00f3n emplean t\u00e9cnicas m\u00ednimamente invasivas para garantizar una recuperaci\u00f3n m\u00e1s r\u00e1pida y menos tiempo de inactividad. Ya sea que tenga dolor de cadera, rodilla u hombro, nuestro cirujano ortop\u00e9dico de Suwanee, el Dr. Laviel Fern\u00e1ndez, se especializa en tratamientos ortop\u00e9dicos avanzados para restaurar su movilidad y mejorar su calidad de vida.<\/p>\n<p>Nos centramos en la atenci\u00f3n personalizada, utilizando la \u00faltima tecnolog\u00eda y m\u00e9todos de alivio del dolor para ofrecer resultados exitosos. Nuestro enfoque hol\u00edstico significa que recibir\u00e1 apoyo integral, desde consultas previas a la cirug\u00eda hasta rehabilitaci\u00f3n posoperatoria. Conf\u00ede en la OSG para que le ayude a volver a disfrutar de todo lo que Suwanee tiene para ofrecer, sin dolor. La habilidad para sanar, el coraz\u00f3n para cuidar: es lo que nos distingue.<\/p>\n<h3>Da\u00f1o del cart\u00edlago<\/h3>\n<p>El da\u00f1o del cart\u00edlago puede afectar significativamente su movilidad y calidad de vida. En Georgia Spine &amp; Ortopedia, ofrecemos tratamientos innovadores para la reparaci\u00f3n y regeneraci\u00f3n del cart\u00edlago. Utilizando t\u00e9cnicas de vanguardia como la cirug\u00eda de microfracturas, la implantaci\u00f3n de condrocitos aut\u00f3logos (ACI) y la terapia con c\u00e9lulas madre, nuestro objetivo es retrasar o prevenir la necesidad de una cirug\u00eda de reemplazo articular.<\/p>\n<p>Nuestro enfoque hol\u00edstico combina el manejo del dolor, la cirug\u00eda ortop\u00e9dica de Suwanee e intervenciones neurol\u00f3gicas avanzadas, lo que garantiza una atenci\u00f3n integral. Ya sea que est\u00e9 lidiando con lesiones deportivas o desgaste relacionado con el trabajo, nuestros cirujanos ortop\u00e9dicos de Suwanee est\u00e1n aqu\u00ed para ayudarlo a recuperar la funcionalidad y disfrutar de una vida sin dolor.<\/p>\n<p><a href=\"https:\/\/www.gaspineortho.com\/wp-content\/uploads\/2024\/05\/shutterstock_2457648895.webp\"><img decoding=\"async\" class=\"alignnone wp-image-6594 size-full\" src=\"https:\/\/www.gaspineortho.com\/wp-content\/uploads\/2024\/05\/shutterstock_2457648895.webp\" alt=\"Suwanee Orthopedic Surgery action shot\" width=\"500\" height=\"334\" srcset=\"https:\/\/www.gaspineortho.com\/wp-content\/uploads\/2024\/05\/shutterstock_2457648895.webp 500w, https:\/\/www.gaspineortho.com\/wp-content\/uploads\/2024\/05\/shutterstock_2457648895-300x200.webp 300w\" sizes=\"(max-width: 500px) 100vw, 500px\" \/><\/a><\/p>\n<h2>\u00bfPor qu\u00e9 buscar cirug\u00eda ortop\u00e9dica en Suwanee?<\/h2>\n<p>Ignorar el dolor es como silenciar una alarma de humo con una almohada. Tu cuerpo est\u00e1 intentando alertarte sobre un problema que requiere atenci\u00f3n experta. En Georgia Spine &amp; Ortopedia (GSO), nuestro departamento de cirug\u00eda ortop\u00e9dica de Suwanee se especializa en diagnosticar y tratar una variedad de afecciones musculoesquel\u00e9ticas. Ya sea que se trate de una fractura, un esguince, artritis o una lesi\u00f3n deportiva, nuestro equipo utiliza t\u00e9cnicas de \u00faltima generaci\u00f3n para brindar alivio y restaurar la funcionalidad.<\/p>\n<p>Nuestro enfoque hol\u00edstico garantiza una atenci\u00f3n integral, desde el manejo del dolor hasta tratamientos ortop\u00e9dicos y neurol\u00f3gicos avanzados. No dejes que el dolor dicte tu vida. Conf\u00ede en nuestro equipo capacitado y compasivo para ayudarlo a recuperar su calidad de vida.<\/p>\n<h2>Restaura tu movilidad con la cirug\u00eda ortop\u00e9dica experta de Suwanee. \u00a1Cont\u00e1ctanos hoy!<\/h2>\n<p>Experimente atenci\u00f3n ortop\u00e9dica de primer nivel y t\u00e9cnicas quir\u00fargicas avanzadas en Georgia Spine &amp; Ortoped\u00eda. Recupere su calidad de vida con nuestros planes de tratamiento compasivos y personalizados. \u00a1Programe su consulta llamando al [tel\u00e9fono] ahora!<\/p>\n","protected":false},"excerpt":{"rendered":"<p>En Georgia Spine &amp; Ortopedia, nuestro enfoque hol\u00edstico de la atenci\u00f3n al paciente garantiza que reciba un tratamiento integral adaptado a sus necesidades. Desde t\u00e9cnicas avanzadas de manejo del dolor hasta cirug\u00eda ortop\u00e9dica y tratamientos neurol\u00f3gicos de vanguardia en Suwanee, nuestro equipo est\u00e1 dedicado a restaurar su funcionalidad y calidad de vida. Ofrecemos experiencia tanto [&hellip;]<\/p>\n","protected":false},"author":25,"featured_media":0,"parent":7571,"menu_order":0,"comment_status":"closed","ping_status":"closed","template":"","meta":{"_acf_changed":false,"footnotes":""},"categories":[],"tags":[],"class_list":["post-7832","page","type-page","status-publish","hentry"],"acf":[],"_links":{"self":[{"href":"https:\/\/www.gaspineortho.com\/es\/wp-json\/wp\/v2\/pages\/7832","targetHints":{"allow":["GET"]}}],"collection":[{"href":"https:\/\/www.gaspineortho.com\/es\/wp-json\/wp\/v2\/pages"}],"about":[{"href":"https:\/\/www.gaspineortho.com\/es\/wp-json\/wp\/v2\/types\/page"}],"author":[{"embeddable":true,"href":"https:\/\/www.gaspineortho.com\/es\/wp-json\/wp\/v2\/users\/25"}],"replies":[{"embeddable":true,"href":"https:\/\/www.gaspineortho.com\/es\/wp-json\/wp\/v2\/comments?post=7832"}],"version-history":[{"count":4,"href":"https:\/\/www.gaspineortho.com\/es\/wp-json\/wp\/v2\/pages\/7832\/revisions"}],"predecessor-version":[{"id":8669,"href":"https:\/\/www.gaspineortho.com\/es\/wp-json\/wp\/v2\/pages\/7832\/revisions\/8669"}],"up":[{"embeddable":true,"href":"https:\/\/www.gaspineortho.com\/es\/wp-json\/wp\/v2\/pages\/7571"}],"wp:attachment":[{"href":"https:\/\/www.gaspineortho.com\/es\/wp-json\/wp\/v2\/media?parent=7832"}],"wp:term":[{"taxonomy":"category","embeddable":true,"href":"https:\/\/www.gaspineortho.com\/es\/wp-json\/wp\/v2\/categories?post=7832"},{"taxonomy":"post_tag","embeddable":true,"href":"https:\/\/www.gaspineortho.com\/es\/wp-json\/wp\/v2\/tags?post=7832"}],"curies":[{"name":"wp","href":"https:\/\/api.w.org\/{rel}","templated":true}]}}