{"id":7828,"date":"2024-05-16T11:34:20","date_gmt":"2024-05-16T16:34:20","guid":{"rendered":"https:\/\/www.gaspineortho.com\/suwanee\/neurology\/"},"modified":"2024-06-03T12:44:47","modified_gmt":"2024-06-03T17:44:47","slug":"neurologia","status":"publish","type":"page","link":"https:\/\/www.gaspineortho.com\/es\/suwanee\/neurologia\/","title":{"rendered":"Neurolog\u00eda Suwanee"},"content":{"rendered":"<p>\u00bfSiente migra\u00f1as frecuentes, mareos inexplicables o entumecimiento persistente? \u00bfHa sufrido un accidente automovil\u00edstico o una lesi\u00f3n deportiva? Columna vertebral de Georgia y La ortopedia en Suwanee est\u00e1 aqu\u00ed para ayudarlo. Nuestro equipo brinda evaluaci\u00f3n y tratamiento de primer nivel para diversas afecciones neurol\u00f3gicas.<\/p>\n<p>La vida diaria puede verse gravemente afectada por estos problemas. Es por eso que utilizamos herramientas de diagn\u00f3stico avanzadas, planes de tratamiento personalizados y atenci\u00f3n compasiva para que usted recupere una salud \u00f3ptima. Nuestros especialistas colaboran con otras disciplinas dentro de nuestra pr\u00e1ctica para brindarle una atenci\u00f3n integral.<\/p>\n<p>No dejes que las preocupaciones neurol\u00f3gicas obstaculicen tu vida. Tome el control de su salud y bienestar hoy. Llame al [tel\u00e9fono] para programar una consulta con nuestro equipo de neurolog\u00eda capacitado en Suwanee.<\/p>\n<h2>\u00bfQu\u00e9 es un Neur\u00f3logo?<\/h2>\n<p>Imag\u00ednese necesitar un mec\u00e1nico para el problema del motor de su autom\u00f3vil y, en su lugar, visitar a un carpintero. Del mismo modo, para problemas con el cerebro, los nervios o la m\u00e9dula espinal, se necesita un experto dedicado. Ah\u00ed es donde nuestros neur\u00f3logos de Georgia Spine &amp; Entra la ortopedia.<\/p>\n<p>La neurolog\u00eda es algo m\u00e1s que jerga m\u00e9dica. Requiere comprender c\u00f3mo una simple sensaci\u00f3n de hormigueo o un dolor de cabeza persistente pueden ser s\u00edntomas de un problema m\u00e1s importante. Nuestros neur\u00f3logos de Suwanee han adquirido este conocimiento especializado a trav\u00e9s de una amplia formaci\u00f3n y a\u00f1os de experiencia.<\/p>\n<p>Somos solucionadores de problemas, expertos en descifrar las complejidades de los trastornos neurol\u00f3gicos. Pero m\u00e1s all\u00e1 de nuestras habilidades, estamos comprometidos con el bienestar de nuestros pacientes. Nos tomamos el tiempo para escucharlo, educarlo y guiarlo a trav\u00e9s de las opciones de tratamiento con empat\u00eda y claridad.<\/p>\n<p>Ya sea que est\u00e9 buscando una segunda opini\u00f3n o enfrentando un nuevo diagn\u00f3stico, estamos aqu\u00ed para brindarle el apoyo y la experiencia que necesita. Piense en nosotros como sus socios en salud neurol\u00f3gica: trabajamos juntos para desarrollar soluciones que se alineen con sus necesidades y estilo de vida individuales.<br \/>\n<img fetchpriority=\"high\" decoding=\"async\" class=\"alignnone wp-image-5784 size-full\" src=\"https:\/\/www.gaspineortho.com\/wp-content\/uploads\/2024\/05\/Collaborate-Approach-Neurology.jpg\" alt=\"Doctor in Suwanee reviewing MRI results for a neurology patient.\" width=\"500\" height=\"334\" srcset=\"https:\/\/www.gaspineortho.com\/wp-content\/uploads\/2024\/05\/Collaborate-Approach-Neurology.jpg 500w, https:\/\/www.gaspineortho.com\/wp-content\/uploads\/2024\/05\/Collaborate-Approach-Neurology-300x200.jpg 300w\" sizes=\"(max-width: 500px) 100vw, 500px\" \/><\/p>\n<h2>Razones para consultar a un especialista en neurolog\u00eda de Suwanee<\/h2>\n<p>Su cerebro, columna vertebral y nervios supervisan todo lo que hace, desde pensar y sentir hasta moverse y sentir su entorno. Cuando algo sale mal en este intrincado sistema, las consecuencias pueden afectar su vida.<\/p>\n<p>Es f\u00e1cil descartar los dolores de cabeza ocasionales, los olvidos o una sensaci\u00f3n de hormigueo como mero estr\u00e9s o envejecimiento. Pero \u00bfqu\u00e9 pasa si estos s\u00edntomas son indicadores cruciales de un problema m\u00e1s profundo? Un neur\u00f3logo es el especialista que puede descifrar estas se\u00f1ales y brindarle informaci\u00f3n valiosa.<\/p>\n<p><strong>Si experimenta alguno de estos s\u00edntomas, vale la pena consultar a uno de nuestros neur\u00f3logos en Georgia Spine &amp; Ortopedia en Suwanee:<\/strong><\/p>\n<ul>\n<li><strong>Dolores de cabeza persistentes:<\/strong> \u00bfDolores sordos diarios o migra\u00f1as intensas? Identifique los factores desencadenantes y encuentre alivio.<\/li>\n<li><strong>Entumecimiento u hormigueo:<\/strong> estos podr\u00edan indicar da\u00f1o a los nervios y es vital prestar atenci\u00f3n inmediata.<\/li>\n<li><strong>Problemas de memoria o confusi\u00f3n mental:<\/strong> \u00bfTiene dificultades para recordar cosas simples? Determine la causa y explore tratamientos.<\/li>\n<li><strong>Mareos o v\u00e9rtigo:<\/strong> estos s\u00edntomas pueden alterar la vida diaria y elevar el riesgo de ca\u00eddas. Recupera tu estabilidad.<\/li>\n<li><strong>Debilidad muscular o temblores:<\/strong> signos de trastornos neurol\u00f3gicos que requieren experiencia para diagnosticarlos y tratarlos.<\/li>\n<\/ul>\n<p>Tu salud es invaluable. Si tiene alguna inquietud neurol\u00f3gica, comun\u00edquese con nosotros. Estamos aqu\u00ed para escucharlo, guiarlo y ayudarlo a tomar medidas para sentirse mejor.<\/p>\n<h2>Tratamientos de Neurolog\u00eda<\/h2>\n<p>Las condiciones neurol\u00f3gicas son tan variadas como las personas a las que afectan. Las soluciones \u00fanicas no funcionan. En Georgia Spine &amp; Ortopedia en Suwanee, nuestros neur\u00f3logos dedican tiempo a comprender sus necesidades, inquietudes y estilo de vida espec\u00edficos antes de dise\u00f1ar un plan de tratamiento solo para usted.<\/p>\n<p>Creemos en un enfoque colaborativo, en el que usted es un participante activo en su viaje de curaci\u00f3n. Explicamos sus opciones en t\u00e9rminos claros y directos para permitir decisiones informadas sobre su atenci\u00f3n.<\/p>\n<p>Piense en ello como una hoja de ruta. Trabajaremos con usted para trazar el mejor rumbo, ya sea que implique varios pasos o una ruta directa hacia la recuperaci\u00f3n.<\/p>\n<p><strong>Estas son algunas de las herramientas que podr\u00edamos utilizar:<\/strong><\/p>\n<ul>\n<li><strong>Medicamentos<\/strong>: medicamentos espec\u00edficos abordan sus s\u00edntomas, ya sea dolor, espasmos musculares o problemas cognitivos. Supervisamos su progreso y ajustamos sus medicamentos seg\u00fan sea necesario para garantizar un tratamiento eficaz.<\/li>\n<li><strong>Terapia f\u00edsica:<\/strong> Nuestros terapeutas expertos lo guiar\u00e1n a trav\u00e9s de ejercicios dise\u00f1ados para mejorar la fuerza, la flexibilidad y el equilibrio. Podr\u00e1s recuperar funciones perdidas y evitar mayores complicaciones.<\/li>\n<li><strong>Ajustes en el estilo de vida:<\/strong> cambios simples, como ajustes en la dieta, t\u00e9cnicas de manejo del estr\u00e9s o programas de ejercicio, pueden complementar sus tratamientos y mejorar el bienestar general.<\/li>\n<li><strong>Procedimientos m\u00ednimamente invasivos:<\/strong> Si es necesario, ofrecemos varios procedimientos m\u00ednimamente invasivos para un alivio espec\u00edfico, como bloqueos nerviosos para el dolor o inyecciones de Botox para los espasmos musculares.<\/li>\n<\/ul>\n<p>Nuestro objetivo es ayudarlo a controlar su condici\u00f3n neurol\u00f3gica y salir m\u00e1s fuerte y saludable. Brindamos el m\u00e1s alto nivel de atenci\u00f3n con compasi\u00f3n, experiencia e inter\u00e9s genuino en su bienestar.<\/p>\n<p><img decoding=\"async\" class=\"alignnone wp-image-4406 size-full\" src=\"https:\/\/www.gaspineortho.com\/wp-content\/uploads\/2024\/05\/services-neurology-copy.webp\" alt=\"Neurology specialist assessing a patient for nerve damage in Suwanee.\" width=\"600\" height=\"400\" srcset=\"https:\/\/www.gaspineortho.com\/wp-content\/uploads\/2024\/05\/services-neurology-copy.webp 600w, https:\/\/www.gaspineortho.com\/wp-content\/uploads\/2024\/05\/services-neurology-copy-300x200.webp 300w\" sizes=\"(max-width: 600px) 100vw, 600px\" \/><\/p>\n<h2>Por qu\u00e9 consultar a un neur\u00f3logo despu\u00e9s de un accidente automovil\u00edstico<\/h2>\n<p>Su cerebro es el centro de mando de su cuerpo, flota en un l\u00edquido y est\u00e1 protegido por una fr\u00e1gil capa de hueso. Un impacto repentino, como el de un <a href=\"https:\/\/www.gaspineortho.com\/es\/suwanee\/medico-accidente-automovilistico\/\">accidente automovil\u00edstico<\/a>, puede hacer que tu cerebro choque con ese hueso, incluso si no hay da\u00f1o visible.<\/p>\n<p>Es posible que se sienta bien inmediatamente despu\u00e9s del accidente debido a los efectos de la adrenalina. Pero los s\u00edntomas pueden aparecer gradualmente, como dolores de cabeza persistentes, dificultades de concentraci\u00f3n o mareos.<\/p>\n<p>Estos podr\u00edan indicar un problema m\u00e1s profundo. Un golpe menor en el guardabarros podr\u00eda haber causado una conmoci\u00f3n cerebral, da\u00f1o nervioso relacionado con un latigazo cervical o incluso una lesi\u00f3n cerebral traum\u00e1tica. Ignorar estos s\u00edntomas es como ignorar la luz de verificaci\u00f3n del motor de un autom\u00f3vil: puede parecer bien al principio, pero podr\u00eda provocar problemas importantes m\u00e1s adelante.<\/p>\n<p>Nuestro equipo de neurolog\u00eda en Suwanee est\u00e1 capacitado para identificar estas lesiones ocultas. Escuchamos su historia, evaluamos cuidadosamente sus s\u00edntomas y desarrollamos un plan de tratamiento personalizado.<\/p>\n<p>Ya sea que se trate de medicamentos para controlar el dolor, fisioterapia para restaurar la funci\u00f3n o tranquilidad, estamos aqu\u00ed para ayudarlo. Proteger tu cerebro despu\u00e9s de un <a href=\"https:\/\/www.gaspineortho.com\/es\/suwanee\/tratamiento-de-lesiones-por-accidente-de-automovilismo\/\">accidente automovil\u00edstico<\/a> implica algo m\u00e1s que recuperaci\u00f3n f\u00edsica: tambi\u00e9n se trata de salvaguardar su salud futura.<\/p>\n<h2>\u00bfPuede un accidente automovil\u00edstico causar problemas neurol\u00f3gicos?<\/h2>\n<p>Incluso las colisiones menores pueden afectar gravemente el cableado de su cerebro. Su cerebro, protegido por fluidos y membranas, todav\u00eda es vulnerable a los movimientos repentinos. Imag\u00ednese un huevo crudo en una jarra de agua: sacudirlo suavemente no lo romper\u00e1, pero se sacudir\u00e1.<\/p>\n<p>Ahora imagina ese huevo como tu cerebro y el batido como tu auto chocando con otro veh\u00edculo, incluso a baja velocidad. La fuerza puede hacer que el cerebro rebote contra el cr\u00e1neo, tensando las delicadas fibras nerviosas.<\/p>\n<p>Esto puede provocar diversos problemas: dolores de cabeza, mareos, confusi\u00f3n, problemas de memoria o cambios de humor. Es posible que estos s\u00edntomas no aparezcan de inmediato y permanezcan al acecho durante d\u00edas o incluso semanas despu\u00e9s del accidente.<\/p>\n<p>Por eso es fundamental acudir a un neur\u00f3logo despu\u00e9s de cualquier accidente automovil\u00edstico. En Georgia Spine &amp; Ortopedia en Suwanee, tenemos la experiencia para evaluar la salud de su cerebro, incluso sin lesiones visibles. Podemos ayudarlo a comprender su afecci\u00f3n, descartar problemas graves y dise\u00f1ar un plan para que su cerebro vuelva a funcionar.<\/p>\n<p>Nunca subestimes el impacto de un accidente automovil\u00edstico en tu cerebro. H\u00e1gase un chequeo y perm\u00edtanos ayudarle a proteger su activo m\u00e1s valioso.<\/p>\n<h2>Elecci\u00f3n de su centro de neurolog\u00eda de Suwanee<\/h2>\n<ul>\n<li><strong>Experiencia:<\/strong> Nuestros neur\u00f3logos son especialistas capacitados en el cerebro, la columna y los nervios.<\/li>\n<li><strong>Atenci\u00f3n compasiva:<\/strong> escuchamos, respondemos a sus preguntas y le apoyamos en cada paso del camino.<\/li>\n<li><strong>Tratamiento de vanguardia:<\/strong> utilizamos las \u00faltimas herramientas de diagn\u00f3stico y opciones de tratamiento para ayudarlo a recuperarse y mejorar su calidad de vida.<\/li>\n<\/ul>\n<p>Act\u00fae hoy antes de que sus s\u00edntomas neurol\u00f3gicos empeoren. Programe una consulta con nuestro equipo de neurolog\u00eda de Suwanee. Su cerebro merece la mejor atenci\u00f3n; estamos aqu\u00ed para proporcion\u00e1rsela. Llame al [tel\u00e9fono] para reservar su cita.<\/p>\n<h2>Tipos de afecciones tratadas<\/h2>\n<p>Las condiciones neurol\u00f3gicas pueden manifestarse de diversas formas, cada una de las cuales requiere atenci\u00f3n especializada. Estas son algunas afecciones comunes que tratan nuestros neur\u00f3logos de Suwanee:<\/p>\n<ul>\n<li><strong>Migra\u00f1as y dolores de cabeza<\/strong>: los dolores de cabeza persistentes, incluidas las migra\u00f1as, pueden afectar significativamente las actividades diarias. Identificamos los desencadenantes y ofrecemos tratamientos para brindar alivio.<\/li>\n<li><strong>V\u00e9rtigo y mareos:<\/strong> estos s\u00edntomas pueden ser debilitantes y, a veces, indican problemas neurol\u00f3gicos subyacentes. Diagnosticamos y tratamos la causa ra\u00edz.<\/li>\n<li><strong>Neuropat\u00eda perif\u00e9rica:<\/strong> El entumecimiento, el hormigueo o el dolor en las extremidades pueden deberse a un da\u00f1o a los nervios. El diagn\u00f3stico y el tratamiento tempranos son cruciales.<\/li>\n<li><strong>Trastornos convulsivos:<\/strong> afecciones como la epilepsia requieren un diagn\u00f3stico preciso y un tratamiento continuo para controlar las convulsiones y mejorar la calidad de vida.<\/li>\n<li><strong>Enfermedad de Parkinson:<\/strong> este trastorno progresivo afecta el movimiento. Con planes de tratamiento adecuados, podemos ayudar a controlar los s\u00edntomas y mejorar el funcionamiento diario.<\/li>\n<li><strong>Esclerosis m\u00faltiple (EM):<\/strong> Una enfermedad impredecible que afecta el sistema nervioso central. Ofrecemos atenci\u00f3n integral para controlar los s\u00edntomas y mantener la calidad de vida.<\/li>\n<\/ul>\n<p>Nuestro equipo est\u00e1 bien versado en el manejo de una amplia gama de afecciones neurol\u00f3gicas. Independientemente de la complejidad de sus s\u00edntomas, estamos aqu\u00ed para brindarle una atenci\u00f3n exhaustiva y atenta.<\/p>\n<h2>Por qu\u00e9 es importante la detecci\u00f3n temprana en problemas neurol\u00f3gicos<\/h2>\n<p>La detecci\u00f3n temprana de problemas neurol\u00f3gicos es primordial. Cuando los s\u00edntomas se detectan a tiempo, el pron\u00f3stico suele mejorar significativamente. La intervenci\u00f3n temprana puede retardar la progresi\u00f3n de enfermedades cr\u00f3nicas y, en algunos casos, conducir a una recuperaci\u00f3n completa.<\/p>\n<p>La identificaci\u00f3n temprana de los problemas tambi\u00e9n puede prevenir complicaciones. Por ejemplo, el v\u00e9rtigo no tratado puede provocar ca\u00eddas y lesiones adicionales. Los problemas de memoria pueden progresar a deterioros cognitivos m\u00e1s graves si no se tratan con prontitud.<\/p>\n<p>Nuestros neur\u00f3logos en Suwanee utilizan herramientas de diagn\u00f3stico avanzadas para identificar problemas tempranamente. Se realizan evaluaciones integrales, que incluyen ex\u00e1menes f\u00edsicos y pruebas de im\u00e1genes especializadas, para detectar y diagnosticar afecciones en una etapa temprana.<\/p>\n<p><img decoding=\"async\" class=\"alignnone wp-image-4189 size-full\" src=\"https:\/\/www.gaspineortho.com\/wp-content\/uploads\/2020\/12\/hp-neurology-copy.webp\" alt=\"Patient receiving electromyography (EMG) testing at Suwanee neurology clinic.\" width=\"500\" height=\"334\" srcset=\"https:\/\/www.gaspineortho.com\/wp-content\/uploads\/2020\/12\/hp-neurology-copy.webp 500w, https:\/\/www.gaspineortho.com\/wp-content\/uploads\/2020\/12\/hp-neurology-copy-300x200.webp 300w\" sizes=\"(max-width: 500px) 100vw, 500px\" \/><\/p>\n<h2>Beneficios de un enfoque multidisciplinario<\/h2>\n<p>En Georgia Spine &amp; En ortopedia, creemos en un enfoque multidisciplinario. Las condiciones neurol\u00f3gicas a menudo requieren la participaci\u00f3n de varios profesionales de la salud para lograr los mejores resultados.<\/p>\n<p>Nuestro equipo colabora con especialistas en ortopedia, expertos en <a href=\"https:\/\/www.gaspineortho.com\/suwanee\/pain-management\/\">manejo del dolor<\/a> y fisioterapeutas para abordar todos los aspectos de su salud. Este modelo de atenci\u00f3n integrada garantiza que cada faceta de su afecci\u00f3n se maneje de manera eficiente.<\/p>\n<ul>\n<li><strong>Especialistas en ortopedia:<\/strong> abordan los problemas musculoesquel\u00e9ticos que pueden acompa\u00f1ar a los problemas neurol\u00f3gicos.<\/li>\n<li><strong>Expertos en el manejo del dolor:<\/strong> brindan alivio del dolor cr\u00f3nico asociado con afecciones neurol\u00f3gicas.<\/li>\n<li><strong>Fisioterapeutas:<\/strong> dise\u00f1an programas de ejercicio para mejorar su fuerza, flexibilidad y calidad de vida.<\/li>\n<\/ul>\n<p>Al trabajar juntos, nuestro objetivo es brindar atenci\u00f3n integral, abordando no solo la condici\u00f3n neurol\u00f3gica sino tambi\u00e9n su impacto en todo su cuerpo y estilo de vida.<\/p>\n<h2>Herramientas de diagn\u00f3stico de vanguardia<\/h2>\n<p>El diagn\u00f3stico preciso es la base de un tratamiento eficaz. En Georgia Spine &amp; Ortopedia en Suwanee, utilizamos herramientas de diagn\u00f3stico de \u00faltima generaci\u00f3n para comprender a fondo su condici\u00f3n.<\/p>\n<h3>Nuestro arsenal de diagn\u00f3stico incluye:<\/h3>\n<ul>\n<li><strong>Resonancia magn\u00e9tica:<\/strong> im\u00e1genes detalladas para identificar anomal\u00edas estructurales en el cerebro y la columna vertebral.<\/li>\n<li><strong>Escaneos CT:<\/strong> proporcionan im\u00e1genes transversales para una visi\u00f3n en profundidad de cualquier problema.<\/li>\n<li><strong>EEG (Electroencefalograma)<\/strong>: monitoriza la actividad el\u00e9ctrica en el cerebro, \u00fatil para diagnosticar epilepsia y otros trastornos.<\/li>\n<li><strong>EMG (Electromiograf\u00eda):<\/strong> Eval\u00faa la salud de los m\u00fasculos y las c\u00e9lulas nerviosas que los controlan.<\/li>\n<li><strong>Estudios de conducci\u00f3n nerviosa:<\/strong> miden qu\u00e9 tan bien y qu\u00e9 tan r\u00e1pido los nervios pueden enviar se\u00f1ales el\u00e9ctricas.<\/li>\n<\/ul>\n<p>Estas herramientas nos permiten identificar la causa exacta de sus s\u00edntomas, lo que permite planes de tratamiento m\u00e1s espec\u00edficos y efectivos.<\/p>\n<h3>Seguimiento y Atenci\u00f3n Integral<\/h3>\n<p>La recuperaci\u00f3n de afecciones neurol\u00f3gicas a menudo requiere atenci\u00f3n continua. En Georgia Spine &amp; Ortopedia, ofrecemos un seguimiento integral para monitorear su progreso y ajustar los tratamientos seg\u00fan sea necesario.<\/p>\n<ul>\n<li><strong>Revisiones de rutina:<\/strong> visitas peri\u00f3dicas para realizar un seguimiento de sus mejoras y abordar cualquier inquietud nueva.<\/li>\n<li><strong>Ajustes a los planes de tratamiento<\/strong>: seg\u00fan su progreso, podemos modificar los medicamentos, los horarios de terapia u otros tratamientos para adaptarlos mejor a sus necesidades.<\/li>\n<li><strong>Servicios de apoyo<\/strong>: apoyo adicional, que incluye asesoramiento y educaci\u00f3n para el paciente, para ayudarle a comprender su afecci\u00f3n y controlarla de forma eficaz.<\/li>\n<\/ul>\n<p>Al brindar atenci\u00f3n continua, nuestro objetivo es garantizar el bienestar a largo plazo y prevenir cualquier recurrencia o empeoramiento de los s\u00edntomas.<\/p>\n<h3>Educaci\u00f3n y empoderamiento del paciente<\/h3>\n<p>Creemos que un paciente informado es un paciente empoderado. Nuestro objetivo es ayudarlo a comprender completamente su afecci\u00f3n y las opciones de tratamiento disponibles.<\/p>\n<ul>\n<li><strong>Educaci\u00f3n integral:<\/strong> explicaciones detalladas de su diagn\u00f3stico, la naturaleza de la afecci\u00f3n y c\u00f3mo afecta su cuerpo.<\/li>\n<li><strong>Opciones de tratamiento:<\/strong> informaci\u00f3n clara sobre su plan de tratamiento, incluidos los posibles beneficios y riesgos.<\/li>\n<li><strong>Gu\u00eda de cuidado personal:<\/strong> sugerencias y consejos pr\u00e1cticos para controlar los s\u00edntomas en casa y mejorar su salud general.<\/li>\n<\/ul>\n<h2>Comience su viaje hacia la recuperaci\u00f3n: comun\u00edquese con Suwanee Neurology en Georgia Spine &amp; Ortopedia hoy<\/h2>\n<p><img loading=\"lazy\" decoding=\"async\" class=\"alignnone wp-image-3286 size-full\" src=\"https:\/\/www.gaspineortho.com\/wp-content\/uploads\/2020\/12\/ga-spine-ortho-docs-e1715801958933.webp\" alt=\"The Neurology Team of Georgia Spine &amp; Orthopaedics\" width=\"500\" height=\"273\" \/><\/p>\n<p>Su salud neurol\u00f3gica es demasiado importante como para ignorarla. Ya sea que tenga migra\u00f1as, mareos u otros problemas neurol\u00f3gicos, Georgia Spine &amp; La ortopedia en Suwanee est\u00e1 aqu\u00ed para ayudar. Con nuestro enfoque integral, herramientas de diagn\u00f3stico avanzadas y atenci\u00f3n compasiva, nuestro objetivo es mejorar su calidad de vida.<\/p>\n<p>No espere a que los s\u00edntomas empeoren. Toma el control de tu salud hoy. Llame al [tel\u00e9fono] para programar una consulta y comenzar su viaje hacia una mejor salud neurol\u00f3gica.<\/p>\n","protected":false},"excerpt":{"rendered":"<p>\u00bfSiente migra\u00f1as frecuentes, mareos inexplicables o entumecimiento persistente? \u00bfHa sufrido un accidente automovil\u00edstico o una lesi\u00f3n deportiva? Columna vertebral de Georgia y La ortopedia en Suwanee est\u00e1 aqu\u00ed para ayudarlo. Nuestro equipo brinda evaluaci\u00f3n y tratamiento de primer nivel para diversas afecciones neurol\u00f3gicas. La vida diaria puede verse gravemente afectada por estos problemas. Es por [&hellip;]<\/p>\n","protected":false},"author":44,"featured_media":0,"parent":7571,"menu_order":0,"comment_status":"closed","ping_status":"closed","template":"","meta":{"_acf_changed":false,"footnotes":""},"categories":[],"tags":[],"class_list":["post-7828","page","type-page","status-publish","hentry"],"acf":[],"_links":{"self":[{"href":"https:\/\/www.gaspineortho.com\/es\/wp-json\/wp\/v2\/pages\/7828","targetHints":{"allow":["GET"]}}],"collection":[{"href":"https:\/\/www.gaspineortho.com\/es\/wp-json\/wp\/v2\/pages"}],"about":[{"href":"https:\/\/www.gaspineortho.com\/es\/wp-json\/wp\/v2\/types\/page"}],"author":[{"embeddable":true,"href":"https:\/\/www.gaspineortho.com\/es\/wp-json\/wp\/v2\/users\/44"}],"replies":[{"embeddable":true,"href":"https:\/\/www.gaspineortho.com\/es\/wp-json\/wp\/v2\/comments?post=7828"}],"version-history":[{"count":3,"href":"https:\/\/www.gaspineortho.com\/es\/wp-json\/wp\/v2\/pages\/7828\/revisions"}],"predecessor-version":[{"id":7831,"href":"https:\/\/www.gaspineortho.com\/es\/wp-json\/wp\/v2\/pages\/7828\/revisions\/7831"}],"up":[{"embeddable":true,"href":"https:\/\/www.gaspineortho.com\/es\/wp-json\/wp\/v2\/pages\/7571"}],"wp:attachment":[{"href":"https:\/\/www.gaspineortho.com\/es\/wp-json\/wp\/v2\/media?parent=7828"}],"wp:term":[{"taxonomy":"category","embeddable":true,"href":"https:\/\/www.gaspineortho.com\/es\/wp-json\/wp\/v2\/categories?post=7828"},{"taxonomy":"post_tag","embeddable":true,"href":"https:\/\/www.gaspineortho.com\/es\/wp-json\/wp\/v2\/tags?post=7828"}],"curies":[{"name":"wp","href":"https:\/\/api.w.org\/{rel}","templated":true}]}}