{"id":7824,"date":"2024-05-16T11:16:40","date_gmt":"2024-05-16T16:16:40","guid":{"rendered":"https:\/\/www.gaspineortho.com\/suwanee\/motorcycle-accident-treatment\/"},"modified":"2024-06-03T12:41:02","modified_gmt":"2024-06-03T17:41:02","slug":"tratamiento-accidente-de-moto","status":"publish","type":"page","link":"https:\/\/www.gaspineortho.com\/es\/suwanee\/tratamiento-accidente-de-moto\/","title":{"rendered":"Tratamiento de lesiones por accidentes de motocicleta en Suwanee"},"content":{"rendered":"<p>Los motociclistas enfrentan riesgos \u00fanicos en las carreteras. La falta de medidas de protecci\u00f3n los pone en mayor riesgo de sufrir lesiones graves. En Suwanee, Georgia, los accidentes que involucran motocicletas pueden provocar problemas m\u00e9dicos graves. Si result\u00f3 lesionado en un accidente de motocicleta, Georgia Spine &amp; La ortopedia en Suwanee est\u00e1 aqu\u00ed para ayudar. Nuestras instalaciones se especializan en el tratamiento de estas lesiones, garantizando que usted reciba la atenci\u00f3n que necesita para una recuperaci\u00f3n \u00f3ptima. Para obtener m\u00e1s detalles sobre nuestro proceso de tratamiento o para programar una cita, llame al [tel\u00e9fono] hoy.<\/p>\n<h2>Lesiones comunes por accidentes de motocicleta<\/h2>\n<p>Los accidentes de motocicleta pueden provocar diversas lesiones traum\u00e1ticas. Incluso con equipo de protecci\u00f3n, los motociclistas son vulnerables a sufrir da\u00f1os importantes. Estas son algunas lesiones comunes:<\/p>\n<h3>Erupci\u00f3n en la carretera<\/h3>\n<p>La erupci\u00f3n en la carretera ocurre cuando la piel de un ciclista raspa el pavimento. Sin barreras adecuadas, los motociclistas son muy susceptibles. La abrasi\u00f3n de la piel puede parecerse a una quemadura e incluso puede requerir injertos de piel en casos graves. Los desechos en las heridas pueden causar infecciones.<\/p>\n<h3>Fracturas<\/h3>\n<p>Las fracturas son comunes cuando una motocicleta cae durante un accidente. Los ciclistas a menudo no tienen tiempo suficiente para mover las piernas, lo que provoca fracturas si la bicicleta cae sobre ellos. Las colisiones con otros veh\u00edculos tambi\u00e9n pueden provocar fracturas en brazos y mu\u00f1ecas, especialmente si el ciclista intenta frenar la ca\u00edda.<br \/>\n<img fetchpriority=\"high\" decoding=\"async\" class=\"alignnone size-full wp-image-6127\" src=\"https:\/\/www.gaspineortho.com\/wp-content\/uploads\/2024\/05\/suwanee-motorcycle-accident.jpg\" alt=\"suwanee motorcycle accident \" width=\"500\" height=\"334\" srcset=\"https:\/\/www.gaspineortho.com\/wp-content\/uploads\/2024\/05\/suwanee-motorcycle-accident.jpg 500w, https:\/\/www.gaspineortho.com\/wp-content\/uploads\/2024\/05\/suwanee-motorcycle-accident-300x200.jpg 300w\" sizes=\"(max-width: 500px) 100vw, 500px\" \/><\/p>\n<h3>Lesiones internas<\/h3>\n<p>Debido a la naturaleza del trauma en los accidentes de motocicleta, las lesiones internas, como hemorragias internas y da\u00f1os a \u00f3rganos, son bastante comunes. Estos pueden ser el resultado de un traumatismo tanto penetrante como no penetrante.<\/p>\n<h3>Lesiones en la cabeza<\/h3>\n<p>Las lesiones en la cabeza se encuentran entre las m\u00e1s graves para los motociclistas. Estos pueden incluir da\u00f1o cerebral, fracturas de cr\u00e1neo e incluso par\u00e1lisis. Las lesiones faciales, como narices o mand\u00edbulas rotas, pueden requerir cirug\u00eda reconstructiva y pueden provocar cicatrices permanentes.<\/p>\n<h3>Lesi\u00f3n cerebral traum\u00e1tica (TBI)<\/h3>\n<p>Un golpe en la cabeza puede provocar una lesi\u00f3n cerebral traum\u00e1tica. Las TBI pueden afectar el movimiento, el habla y la cognici\u00f3n, con consecuencias a largo plazo en la calidad de vida de la v\u00edctima.<\/p>\n<h3>Lesiones de la m\u00e9dula espinal<\/h3>\n<p>Las lesiones de la m\u00e9dula espinal pueden provocar una par\u00e1lisis parcial o completa. Otras complicaciones incluyen problemas cardiovasculares cr\u00f3nicos, osteoporosis y problemas respiratorios.<\/p>\n<h2>Pasos a seguir despu\u00e9s de un accidente de motocicleta en Suwanee<\/h2>\n<p>Si se ve involucrado en un accidente de motocicleta en <a href=\"https:\/\/www.suwanee.com\/\" target=\"_blank\" rel=\"noopener\">Suwanee, Georgia<\/a>, siga estos pasos:<\/p>\n<h3>Llame al 911<\/h3>\n<p>Informar del accidente y solicitar ayuda m\u00e9dica. La polic\u00eda documentar\u00e1 el incidente y evaluar\u00e1 qui\u00e9n tiene la culpa.<\/p>\n<h3>Buscar atenci\u00f3n m\u00e9dica<\/h3>\n<p>Incluso si no se ven lesiones inmediatamente, consulte a un m\u00e9dico para descartar da\u00f1os internos. La atenci\u00f3n m\u00e9dica inmediata es esencial para diagnosticar y tratar las lesiones.<\/p>\n<h3>Reunir pruebas<\/h3>\n<p>Tome fotograf\u00edas de la escena del accidente, los veh\u00edculos involucrados y sus lesiones. Intercambie informaci\u00f3n de contacto con otras partes y recopile declaraciones de testigos si es posible.<\/p>\n<h3>Notifique a su compa\u00f1\u00eda de seguros<\/h3>\n<p>Informe a su aseguradora sobre el accidente con informaci\u00f3n precisa y detallada.<\/p>\n<h3>Consulte a un abogado<\/h3>\n<p>P\u00f3ngase en contacto con un abogado con experiencia en accidentes de motocicleta para que lo ayude con los reclamos y los esfuerzos de compensaci\u00f3n.<\/p>\n<h2>Buscar tratamiento m\u00e9dico despu\u00e9s del accidente<\/h2>\n<p>Algunos s\u00edntomas justifican una evaluaci\u00f3n m\u00e9dica urgente:<\/p>\n<h3>Inconsciencia<\/h3>\n<p>Sugiere una posible lesi\u00f3n cerebral.<\/p>\n<h3>Dolores de cabeza y mareos<\/h3>\n<p>Indica posible conmoci\u00f3n cerebral.<\/p>\n<h3>Dolor de cuello o espalda<\/h3>\n<p>Podr\u00eda indicar problemas graves de columna.<\/p>\n<h3>Entumecimiento<\/h3>\n<p>Podr\u00eda ser da\u00f1o a los nervios.<\/p>\n<h3>Lesiones visibles<\/h3>\n<p>Las \u00e1reas cortadas o fracturadas requieren atenci\u00f3n inmediata.<\/p>\n<h3>Problemas respiratorios<\/h3>\n<p>Podr\u00eda ser una se\u00f1al de da\u00f1o interno.<\/p>\n<h3>Dolor persistente<\/h3>\n<p>El malestar continuo amerita la revisi\u00f3n de un m\u00e9dico.<\/p>\n<h2>Prevenci\u00f3n de accidentes de motocicleta: consejos de seguridad esenciales<\/h2>\n<p>Aqu\u00ed hay cinco consejos de seguridad cr\u00edticos para evitar accidentes de motocicleta:<\/p>\n<ul>\n<li><strong>Use un casco:<\/strong> Los cascos adecuados pueden reducir significativamente el riesgo de lesiones en la cabeza.<\/li>\n<li><strong>Utilice equipo de protecci\u00f3n:<\/strong> use ropa, zapatos, guantes y gafas protectoras para mejorar la seguridad.<\/li>\n<li><strong>Mant\u00e9ngase alerta:<\/strong> est\u00e9 siempre atento y preste atenci\u00f3n a su entorno<\/li>\n<li><strong>Evite el alcohol y las drogas:<\/strong> La alteraci\u00f3n del juicio aumenta el riesgo de accidentes.<\/li>\n<li><strong>Conduzca en condiciones seguras:<\/strong> tenga cuidado en condiciones clim\u00e1ticas adversas, ya que las carreteras resbaladizas pueden aumentar los niveles de riesgo.<\/li>\n<\/ul>\n<h2>C\u00f3mo Georgia Spine &amp; La ortopedia puede ayudar<\/h2>\n<p>En Georgia Spine &amp; Ortopedia, nos destacamos en el tratamiento de lesiones por accidentes de motocicleta. Nuestro equipo experimentado se enfoca en la atenci\u00f3n de <a href=\"https:\/\/www.gaspineortho.com\/suwanee\/personal-injury-doctor\/\">lesiones personales<\/a> para garantizar los mejores resultados para nuestros pacientes.<\/p>\n<h3>Evaluaci\u00f3n Integral<\/h3>\n<p>Nuestro proceso comienza con pruebas de diagn\u00f3stico exhaustivas y evaluaciones f\u00edsicas para identificar y comprender sus lesiones. Con base en estos hallazgos, creamos un plan de tratamiento especializado adaptado a sus necesidades.<\/p>\n<h3>Enfoque multidisciplinario<\/h3>\n<p>Nuestro equipo colabora en varias especialidades para brindar una atenci\u00f3n coherente. Esto incluye intervenciones ortop\u00e9dicas, <a href=\"https:\/\/www.gaspineortho.com\/suwanee\/pain-management\/\">manejo del dolor<\/a>, fisioterapia y rehabilitaci\u00f3n.<\/p>\n<h3>Opciones de tratamiento avanzadas<\/h3>\n<p>Ofrecemos tratamientos avanzados para una variedad de lesiones, desde fracturas y lesiones de tejidos blandos hasta traumatismos craneoencef\u00e1licos y da\u00f1os a la m\u00e9dula espinal. Utilizamos las \u00faltimas tecnolog\u00edas m\u00e9dicas y procedimientos m\u00ednimamente invasivos para optimizar la recuperaci\u00f3n.<\/p>\n<h3>Atenci\u00f3n centrada en el paciente<\/h3>\n<p>Nuestra atenci\u00f3n gira en torno a sus necesidades espec\u00edficas. Brindamos atenci\u00f3n y apoyo individualizados durante su recuperaci\u00f3n, creando un ambiente propicio para la curaci\u00f3n.<\/p>\n<h3>Rehabilitaci\u00f3n y Recuperaci\u00f3n<\/h3>\n<p>Nuestros servicios de rehabilitaci\u00f3n tienen como objetivo ayudarlo a recuperar fuerza, movilidad y funci\u00f3n. Nuestros terapeutas desarrollan planes personales dise\u00f1ados para restaurar la independencia y mejorar el bienestar general.<\/p>\n<h3>Apoyo jur\u00eddico<\/h3>\n<p>Entendemos la intersecci\u00f3n de factores m\u00e9dicos y legales en casos de accidentes. Trabajamos con su abogado para proporcionar la documentaci\u00f3n m\u00e9dica necesaria y el testimonio de expertos.<\/p>\n<h2>Especializaci\u00f3n en tratamientos<\/h2>\n<p>En Georgia Spine &amp; Ortopedia, nos especializamos en planes de tratamiento personalizados. Cada plan normalmente incluye:<\/p>\n<h3>Medicamento<\/h3>\n<p>Analg\u00e9sicos, antiinflamatorios y relajantes musculares para aliviar los s\u00edntomas de forma eficaz.<\/p>\n<h3>Fisioterapia<\/h3>\n<p>Terapia personalizada para mejorar la fuerza, la flexibilidad y el equilibrio.<\/p>\n<h3>Inyecciones y Cirug\u00eda<\/h3>\n<p>Cuando sea necesario, inyecciones dirigidas e intervenciones quir\u00fargicas para reparar da\u00f1os.<\/p>\n<h3>Rehabilitaci\u00f3n Integral<\/h3>\n<p>Los terapeutas desarrollan programas personales para restaurar el movimiento y la independencia.<\/p>\n<h3>Manejo del dolor<\/h3>\n<p>T\u00e9cnicas especializadas para aliviar el dolor cr\u00f3nico.<\/p>\n<h3>Apoyo y atenci\u00f3n continuos<\/h3>\n<p>Nuestro equipo brinda atenci\u00f3n continua para garantizar que la recuperaci\u00f3n sea efectiva y compasiva.<\/p>\n<p><img decoding=\"async\" class=\"alignnone size-full wp-image-3286\" src=\"https:\/\/www.gaspineortho.com\/wp-content\/uploads\/2020\/12\/ga-spine-ortho-docs-e1715801958933.webp\" alt=\"The Team of Georgia Spine &amp; Orthopaedics\" width=\"500\" height=\"273\" \/><\/p>\n<h2>Obtenga tratamiento integral para accidentes de motocicleta<\/h2>\n<p>Las consecuencias de un accidente de motocicleta en Suwanee pueden ser abrumadoras, pero Georgia Spine &amp; La ortopedia est\u00e1 aqu\u00ed para ayudar en cada paso del camino. Nuestros profesionales m\u00e9dicos experimentados se centran en su atenci\u00f3n personalizada. Llame al [tel\u00e9fono] hoy para programar su consulta y comenzar su viaje hacia la recuperaci\u00f3n. Ya sea que se trate de erupciones en la carretera, fracturas, da\u00f1os internos u otras lesiones, nuestro equipo est\u00e1 comprometido a ayudar a su salud y calidad de vida. D\u00e9 hoy mismo el primer paso hacia un mayor bienestar.<\/p>\n","protected":false},"excerpt":{"rendered":"<p>Los motociclistas enfrentan riesgos \u00fanicos en las carreteras. La falta de medidas de protecci\u00f3n los pone en mayor riesgo de sufrir lesiones graves. En Suwanee, Georgia, los accidentes que involucran motocicletas pueden provocar problemas m\u00e9dicos graves. Si result\u00f3 lesionado en un accidente de motocicleta, Georgia Spine &amp; La ortopedia en Suwanee est\u00e1 aqu\u00ed para ayudar. [&hellip;]<\/p>\n","protected":false},"author":44,"featured_media":0,"parent":7571,"menu_order":0,"comment_status":"closed","ping_status":"closed","template":"","meta":{"_acf_changed":false,"footnotes":""},"categories":[],"tags":[],"class_list":["post-7824","page","type-page","status-publish","hentry"],"acf":[],"_links":{"self":[{"href":"https:\/\/www.gaspineortho.com\/es\/wp-json\/wp\/v2\/pages\/7824","targetHints":{"allow":["GET"]}}],"collection":[{"href":"https:\/\/www.gaspineortho.com\/es\/wp-json\/wp\/v2\/pages"}],"about":[{"href":"https:\/\/www.gaspineortho.com\/es\/wp-json\/wp\/v2\/types\/page"}],"author":[{"embeddable":true,"href":"https:\/\/www.gaspineortho.com\/es\/wp-json\/wp\/v2\/users\/44"}],"replies":[{"embeddable":true,"href":"https:\/\/www.gaspineortho.com\/es\/wp-json\/wp\/v2\/comments?post=7824"}],"version-history":[{"count":3,"href":"https:\/\/www.gaspineortho.com\/es\/wp-json\/wp\/v2\/pages\/7824\/revisions"}],"predecessor-version":[{"id":7827,"href":"https:\/\/www.gaspineortho.com\/es\/wp-json\/wp\/v2\/pages\/7824\/revisions\/7827"}],"up":[{"embeddable":true,"href":"https:\/\/www.gaspineortho.com\/es\/wp-json\/wp\/v2\/pages\/7571"}],"wp:attachment":[{"href":"https:\/\/www.gaspineortho.com\/es\/wp-json\/wp\/v2\/media?parent=7824"}],"wp:term":[{"taxonomy":"category","embeddable":true,"href":"https:\/\/www.gaspineortho.com\/es\/wp-json\/wp\/v2\/categories?post=7824"},{"taxonomy":"post_tag","embeddable":true,"href":"https:\/\/www.gaspineortho.com\/es\/wp-json\/wp\/v2\/tags?post=7824"}],"curies":[{"name":"wp","href":"https:\/\/api.w.org\/{rel}","templated":true}]}}