{"id":7816,"date":"2024-05-15T21:20:33","date_gmt":"2024-05-16T02:20:33","guid":{"rendered":"https:\/\/www.gaspineortho.com\/suwanee\/medical-clinic\/"},"modified":"2024-06-03T11:58:40","modified_gmt":"2024-06-03T16:58:40","slug":"clinica-medica","status":"publish","type":"page","link":"https:\/\/www.gaspineortho.com\/es\/suwanee\/clinica-medica\/","title":{"rendered":"Cl\u00ednica M\u00e9dica Suwanee"},"content":{"rendered":"<p><span style=\"font-weight: 400;\">El dolor es una preocupaci\u00f3n grave en Georgia Spine &amp; Ortopedia, una cl\u00ednica m\u00e9dica l\u00edder en Suwanee. Nuestro enfoque difiere de otras cl\u00ednicas de manejo del dolor; Damos prioridad a tratamientos menos invasivos y m\u00e1s asequibles antes de considerar la cirug\u00eda.<\/span><\/p>\n<p><span style=\"font-weight: 400;\">Si sufre dolor cr\u00f3nico y no ha encontrado alivio con su m\u00e9dico de atenci\u00f3n primaria, considere programar una cita con nuestros especialistas en el manejo del dolor en nuestra cl\u00ednica m\u00e9dica en Suwanee. Marque [tel\u00e9fono] hoy. Nos especializamos en ayudar a personas con dolor persistente.<\/span><\/p>\n<h2>Nuestros servicios m\u00e9dicos<\/h2>\n<p><span style=\"font-weight: 400;\">Brindamos diversos servicios m\u00e9dicos destinados a aliviar el dolor cr\u00f3nico en nuestra cl\u00ednica m\u00e9dica de Suwanee.<\/span><\/p>\n<p><a href=\"https:\/\/www.gaspineortho.com\/wp-content\/uploads\/2024\/05\/car-accident-doctor-columbus-ga.jpeg\"><img fetchpriority=\"high\" decoding=\"async\" class=\"alignnone wp-image-4284 size-full\" src=\"https:\/\/www.gaspineortho.com\/wp-content\/uploads\/2024\/05\/car-accident-doctor-columbus-ga.jpeg\" alt=\"Suwanee Medical Clinic\" width=\"500\" height=\"334\" srcset=\"https:\/\/www.gaspineortho.com\/wp-content\/uploads\/2024\/05\/car-accident-doctor-columbus-ga.jpeg 500w, https:\/\/www.gaspineortho.com\/wp-content\/uploads\/2024\/05\/car-accident-doctor-columbus-ga-300x200.jpeg 300w\" sizes=\"(max-width: 500px) 100vw, 500px\" \/><\/a><\/p>\n<h3>Orthopaedic Treatment<\/h3>\n<p><span style=\"font-weight: 400;\">La ortopedia se centra en lesiones o enfermedades relacionadas con el sistema musculoesquel\u00e9tico, incluidos huesos, articulaciones, m\u00fasculos, ligamentos y tendones. Nuestros especialistas en <a href=\"https:\/\/www.suwanee.com\/\" target=\"_blank\" rel=\"noopener\">Suwanee<\/a> abordan una variedad de afecciones musculoesquel\u00e9ticas.<\/span><\/p>\n<h3>Manejo del dolor<\/h3>\n<p><span style=\"font-weight: 400;\">El manejo del dolor es un servicio central en Georgia Spine &amp; Ortoped\u00eda. Nuestros especialistas ofrecen terapias y tratamientos avanzados para controlar los efectos sensoriales y emocionales del dolor y restaurar la funcionalidad.<\/span><\/p>\n<h3>Neurolog\u00eda<\/h3>\n<p><span style=\"font-weight: 400;\">La neurolog\u00eda estudia los nervios y el sistema nervioso, centr\u00e1ndose en c\u00f3mo se comunica el cerebro con el cuerpo. El da\u00f1o a los nervios o al cerebro puede causar dolores de cabeza, entumecimiento y hormigueo. Diagnosticamos y tratamos una variedad de problemas neurol\u00f3gicos en Suwanee.<\/span><\/p>\n<h3>Atenci\u00f3n quiropr\u00e1ctica<\/h3>\n<p><span style=\"font-weight: 400;\">Los servicios quiropr\u00e1cticos restauran la funci\u00f3n, previenen lesiones y alivian el dolor cr\u00f3nico mediante ajustes manuales. Nuestros <a href=\"https:\/\/www.gaspineortho.com\/es\/suwanee\/quiropractico\/\">quiropr\u00e1cticos<\/a> utilizan la fuerza controlada para ajustar las articulaciones, mejorando el movimiento y la calidad de vida.<\/span><\/p>\n<h3>Fisioterapia<\/h3>\n<p><span style=\"font-weight: 400;\">La fisioterapia ayuda a recuperar la movilidad y la funci\u00f3n mediante ejercicio, fuerzas mec\u00e1nicas y electroterapia. Ofrecemos tratamientos de fisioterapia personalizados y no invasivos en Suwanee.<\/span><\/p>\n<h3>Resonancia magn\u00e9tica<\/h3>\n<p><span style=\"font-weight: 400;\">La resonancia magn\u00e9tica (MRI) captura im\u00e1genes internas detalladas, lo que ayuda a diagnosticar problemas que involucran nervios, cart\u00edlagos y otros tejidos. Las resonancias magn\u00e9ticas ayudan a los m\u00e9dicos a identificar las fuentes del dolor.<\/span><\/p>\n<h3>Rayos X<\/h3>\n<p><span style=\"font-weight: 400;\">Los rayos X proporcionan im\u00e1genes claras de los huesos, lo que ayuda a diagnosticar fracturas, tumores y otras anomal\u00edas. Esta herramienta ayuda a identificar la causa del dolor y determinar los tratamientos adecuados.<\/span><\/p>\n<h3>Inyecciones m\u00e9dicas<\/h3>\n<p><span style=\"font-weight: 400;\">Las inyecciones m\u00e9dicas administran potentes medicamentos a los or\u00edgenes del dolor, mejorando la funci\u00f3n y la calidad de vida. Las inyecciones epidurales de esteroides, en particular, ayudan a aliviar el dolor radicular.<\/span><\/p>\n<h2>Tipos de lesiones que tratamos en nuestra cl\u00ednica m\u00e9dica de Suwanee<\/h2>\n<h3>Lesiones en la cabeza<\/h3>\n<p><span style=\"font-weight: 400;\">Las lesiones en la cabeza var\u00edan desde da\u00f1os cerebrales menores hasta graves. Tratamos diversas lesiones en la cabeza, garantizando un diagn\u00f3stico adecuado y un tratamiento eficaz.<\/span><\/p>\n<h3>Lesiones en el cuello<\/h3>\n<p><span style=\"font-weight: 400;\">Las lesiones en el cuello pueden deberse a accidentes automovil\u00edsticos, deportes u otros incidentes. Nuestros especialistas diagnostican y tratan lesiones de cuello, recuperando la movilidad y aliviando el dolor.<\/span><\/p>\n<h3>Lesiones de la columna<\/h3>\n<p><span style=\"font-weight: 400;\">Las lesiones de la columna pueden da\u00f1ar la m\u00e9dula espinal, fundamental para la transmisi\u00f3n de se\u00f1ales entre el cerebro y el cuerpo. Nuestra experiencia cubre todos los tratamientos de lesiones de la columna en colaboraci\u00f3n con fisioterapeutas y quiropr\u00e1cticos.<\/span><\/p>\n<p><a href=\"https:\/\/www.gaspineortho.com\/wp-content\/uploads\/2024\/05\/shutterstock_545783518-copy.webp\"><img decoding=\"async\" class=\"alignnone wp-image-3303\" src=\"https:\/\/www.gaspineortho.com\/wp-content\/uploads\/2024\/05\/shutterstock_545783518-copy-300x200.webp\" alt=\"spine injury to be treated at suwanee medical clinic\" width=\"501\" height=\"334\" srcset=\"https:\/\/www.gaspineortho.com\/wp-content\/uploads\/2024\/05\/shutterstock_545783518-copy-300x200.webp 300w, https:\/\/www.gaspineortho.com\/wp-content\/uploads\/2024\/05\/shutterstock_545783518-copy-768x512.webp 768w, https:\/\/www.gaspineortho.com\/wp-content\/uploads\/2024\/05\/shutterstock_545783518-copy.webp 1000w\" sizes=\"(max-width: 501px) 100vw, 501px\" \/><\/a><\/p>\n<h3>Dolor lumbar<\/h3>\n<p><span style=\"font-weight: 400;\">El dolor lumbar a menudo se debe a lesiones de los tejidos blandos. Ofrecemos herramientas de diagn\u00f3stico y tratamientos integrales para ayudarlo a recuperarse del dolor lumbar.<\/span><\/p>\n<h3>Lesiones en el hombro<\/h3>\n<p><span style=\"font-weight: 400;\">Las lesiones en el hombro a menudo resultan de movimientos excesivos y repetitivos por encima de la cabeza en deportes o actividades dom\u00e9sticas. Nos especializamos en dolores complejos en las articulaciones del hombro y brindamos un diagn\u00f3stico y tratamiento exhaustivos.<\/span><\/p>\n<h3>Lesiones del codo<\/h3>\n<p><span style=\"font-weight: 400;\">Las lesiones de codo, como el codo de tenista, afectan a muchas personas. Ofrecemos opciones de tratamiento personalizadas para un alivio eficaz del dolor.<\/span><\/p>\n<h3>Lesiones en la mu\u00f1eca<\/h3>\n<p><span style=\"font-weight: 400;\">Las lesiones en la mu\u00f1eca pueden ser debilitantes. Nuestros especialistas de Suwanee ofrecen varias opciones de tratamiento para aliviar el dolor de mu\u00f1eca de manera efectiva.<\/span><\/p>\n<h3>Lesiones en las manos<\/h3>\n<p><span style=\"font-weight: 400;\">Las lesiones en las manos pueden limitar las actividades diarias. Nuestro equipo brinda atenci\u00f3n personalizada para tratar las afecciones que afectan la mano.<\/span><\/p>\n<h3>Lesiones de cadera<\/h3>\n<p><span style=\"font-weight: 400;\">El dolor de cadera es com\u00fan, a menudo debido a lesiones o artritis. Ofrecemos tratamientos eficaces que van m\u00e1s all\u00e1 de la cirug\u00eda para aliviar el dolor de cadera.<\/span><\/p>\n<h3>Lesiones de rodilla<\/h3>\n<p><span style=\"font-weight: 400;\">Las lesiones de rodilla involucran componentes complejos, lo que las hace susceptibles a diversas lesiones. Nuestros especialistas de Suwanee brindan tratamientos no quir\u00fargicos para el dolor de rodilla.<\/span><\/p>\n<h3>Lesiones de tobillo<\/h3>\n<p><span style=\"font-weight: 400;\">Los esguinces de tobillo se producen por accidentes o lesiones deportivas. Ofrecemos tratamientos m\u00ednimamente invasivos para ayudarle a regresar a sus actividades.<\/span><\/p>\n<h3>Lesiones en los pies<\/h3>\n<p><span style=\"font-weight: 400;\">Las lesiones en los pies afectan el movimiento y el equilibrio. Evaluamos y diagnosticamos lesiones en los pies para desarrollar planes de tratamiento efectivos.<\/span><\/p>\n<h2><b>\u00bfLucha contra el dolor cr\u00f3nico? Ll\u00e1manos hoy<\/b><\/h2>\n<p><span style=\"font-weight: 400;\">Si tiene dolor en la espalda, el cuello, la cabeza, el hombro, el pie, el tobillo, la rodilla, la cadera, la mano, la mu\u00f1eca o el codo, considere comunicarse con nosotros. para recibir atenci\u00f3n integral en nuestra cl\u00ednica m\u00e9dica de Suwanee.<\/span><\/p>\n<p><span style=\"font-weight: 400;\">En Georgia Spine &amp; Ortopedia en Suwanee, brindamos alivio efectivo del dolor a trav\u00e9s de una variedad de opciones de tratamiento. Visite hoy o ll\u00e1menos al [tel\u00e9fono] para programar su cita para venir a la cl\u00ednica m\u00e9dica de Suwanee.<\/span><\/p>\n","protected":false},"excerpt":{"rendered":"<p>El dolor es una preocupaci\u00f3n grave en Georgia Spine &amp; Ortopedia, una cl\u00ednica m\u00e9dica l\u00edder en Suwanee. Nuestro enfoque difiere de otras cl\u00ednicas de manejo del dolor; Damos prioridad a tratamientos menos invasivos y m\u00e1s asequibles antes de considerar la cirug\u00eda. Si sufre dolor cr\u00f3nico y no ha encontrado alivio con su m\u00e9dico de atenci\u00f3n [&hellip;]<\/p>\n","protected":false},"author":25,"featured_media":0,"parent":7571,"menu_order":0,"comment_status":"closed","ping_status":"closed","template":"","meta":{"_acf_changed":false,"footnotes":""},"categories":[],"tags":[],"class_list":["post-7816","page","type-page","status-publish","hentry"],"acf":[],"_links":{"self":[{"href":"https:\/\/www.gaspineortho.com\/es\/wp-json\/wp\/v2\/pages\/7816","targetHints":{"allow":["GET"]}}],"collection":[{"href":"https:\/\/www.gaspineortho.com\/es\/wp-json\/wp\/v2\/pages"}],"about":[{"href":"https:\/\/www.gaspineortho.com\/es\/wp-json\/wp\/v2\/types\/page"}],"author":[{"embeddable":true,"href":"https:\/\/www.gaspineortho.com\/es\/wp-json\/wp\/v2\/users\/25"}],"replies":[{"embeddable":true,"href":"https:\/\/www.gaspineortho.com\/es\/wp-json\/wp\/v2\/comments?post=7816"}],"version-history":[{"count":3,"href":"https:\/\/www.gaspineortho.com\/es\/wp-json\/wp\/v2\/pages\/7816\/revisions"}],"predecessor-version":[{"id":7819,"href":"https:\/\/www.gaspineortho.com\/es\/wp-json\/wp\/v2\/pages\/7816\/revisions\/7819"}],"up":[{"embeddable":true,"href":"https:\/\/www.gaspineortho.com\/es\/wp-json\/wp\/v2\/pages\/7571"}],"wp:attachment":[{"href":"https:\/\/www.gaspineortho.com\/es\/wp-json\/wp\/v2\/media?parent=7816"}],"wp:term":[{"taxonomy":"category","embeddable":true,"href":"https:\/\/www.gaspineortho.com\/es\/wp-json\/wp\/v2\/categories?post=7816"},{"taxonomy":"post_tag","embeddable":true,"href":"https:\/\/www.gaspineortho.com\/es\/wp-json\/wp\/v2\/tags?post=7816"}],"curies":[{"name":"wp","href":"https:\/\/api.w.org\/{rel}","templated":true}]}}