{"id":7811,"date":"2025-07-03T11:08:53","date_gmt":"2025-07-03T16:08:53","guid":{"rendered":"https:\/\/www.gaspineortho.com\/suwanee\/chiropractor\/"},"modified":"2024-06-03T11:05:49","modified_gmt":"2024-06-03T16:05:49","slug":"quiropractico","status":"publish","type":"page","link":"https:\/\/www.gaspineortho.com\/es\/suwanee\/quiropractico\/","title":{"rendered":"Tratamiento de lesiones quiropr\u00e1cticas de Suwanee"},"content":{"rendered":"<p>Un quiropr\u00e1ctico de Suwanee se enfoca principalmente en diagnosticar y tratar trastornos neuromusculares, con \u00e9nfasis en el tratamiento mediante ajuste manual y manipulaci\u00f3n de la columna. En Georgia Spine &amp; Los servicios de ortopedia y quiropr\u00e1ctica est\u00e1n dise\u00f1ados para satisfacer las necesidades \u00fanicas de cada paciente, en particular aquellos que padecen problemas de columna y ortop\u00e9dicos debido a accidentes automovil\u00edsticos o lesiones laborales. Nuestros profesionales emplean un enfoque hol\u00edstico, asegurando que el tratamiento vaya m\u00e1s all\u00e1 del simple alivio de los s\u00edntomas y se dirija a las causas fundamentales del dolor y la disfunci\u00f3n.<\/p>\n<p>Esta cuidadosa consideraci\u00f3n de la salud y el bienestar general de los pacientes se alinea con el esp\u00edritu de GSO: \u00abLa habilidad para sanar, el coraz\u00f3n para cuidar\u00bb. A trav\u00e9s de una atenci\u00f3n integral, nuestros quiropr\u00e1cticos trabajan meticulosamente para restaurar su movilidad y mejorar su calidad de vida.<\/p>\n<h2>Beneficios de la atenci\u00f3n quiropr\u00e1ctica despu\u00e9s de un accidente automovil\u00edstico<\/h2>\n<p>Buscando atenci\u00f3n quiropr\u00e1ctica despu\u00e9s de un accidente automovil\u00edstico en Georgia Spine &amp; La ortopedia puede beneficiar significativamente su proceso de recuperaci\u00f3n. Este m\u00e9todo de tratamiento no invasivo y sin f\u00e1rmacos proporciona un alivio r\u00e1pido del dolor sin depender de medicamentos que puedan tener efectos secundarios. Los ajustes espec\u00edficos disminuyen la inflamaci\u00f3n, una de las principales fuentes de malestar posterior a un accidente, y ayudan a controlar el estr\u00e9s, que a menudo exacerba los s\u00edntomas de las lesiones.<\/p>\n<p>Adem\u00e1s, un quiropr\u00e1ctico de Suwanee desempe\u00f1a un papel crucial en la restauraci\u00f3n de su rango de movimiento, lo que permite un regreso m\u00e1s r\u00e1pido y completo a las actividades diarias. El enfoque hol\u00edstico adoptado por un quiropr\u00e1ctico de Suwanee garantiza no solo la recuperaci\u00f3n f\u00edsica sino que tambi\u00e9n contribuye al bienestar general, lo que lo convierte en una opci\u00f3n ideal para quienes participan en colisiones automovil\u00edsticas. Abrace un camino hacia una mejor salud con nuestros servicios quiropr\u00e1cticos expertos aqu\u00ed en Suwanee.<\/p>\n<p><a href=\"https:\/\/www.gaspineortho.com\/wp-content\/uploads\/2024\/05\/shutterstock_1831302196.webp\"><img fetchpriority=\"high\" decoding=\"async\" class=\"alignnone wp-image-6115 size-full\" src=\"https:\/\/www.gaspineortho.com\/wp-content\/uploads\/2024\/05\/shutterstock_1831302196.webp\" alt=\"Suzanne chiropractor accident action shot\" width=\"500\" height=\"334\" srcset=\"https:\/\/www.gaspineortho.com\/wp-content\/uploads\/2024\/05\/shutterstock_1831302196.webp 500w, https:\/\/www.gaspineortho.com\/wp-content\/uploads\/2024\/05\/shutterstock_1831302196-300x200.webp 300w\" sizes=\"(max-width: 500px) 100vw, 500px\" \/><\/a><\/p>\n<h2>Momento \u00f3ptimo para la atenci\u00f3n quiropr\u00e1ctica despu\u00e9s de un accidente<\/h2>\n<p>Cuando se trata de recuperarse de un accidente automovil\u00edstico, el tiempo lo es todo. Iniciar la atenci\u00f3n quiropr\u00e1ctica poco despu\u00e9s de un accidente no s\u00f3lo aumenta sus posibilidades de una recuperaci\u00f3n m\u00e1s r\u00e1pida y eficaz, sino que tambi\u00e9n desempe\u00f1a un papel fundamental en la mitigaci\u00f3n del dolor y las complicaciones a largo plazo. La intervenci\u00f3n quiropr\u00e1ctica temprana ayuda a realinear la columna, aliviar la presi\u00f3n sobre los nervios y restaurar la movilidad de manera m\u00e1s eficiente.<\/p>\n<p>Sin embargo, retrasar el tratamiento no s\u00f3lo puede empeorar su condici\u00f3n sino tambi\u00e9n complicar las reclamaciones al seguro relacionadas con los tratamientos de lesiones. Es m\u00e1s probable que las aseguradoras cubran los tratamientos que se buscan inmediatamente despu\u00e9s de un accidente, consider\u00e1ndolos necesarios y urgentes. Por lo tanto, la atenci\u00f3n quiropr\u00e1ctica oportuna maximiza sus beneficios de salud y al mismo tiempo garantiza que cumpla con los criterios del seguro, lo que le ayuda a evitar posibles disputas o denegaciones en el futuro.<\/p>\n<p>Si ha sufrido una colisi\u00f3n, es recomendable buscar una evaluaci\u00f3n quiropr\u00e1ctica lo antes posible para garantizar una recuperaci\u00f3n r\u00e1pida y sin problemas.<\/p>\n<p><a href=\"https:\/\/www.gaspineortho.com\/wp-content\/uploads\/2024\/05\/shutterstock_2383721901.webp\"><img decoding=\"async\" class=\"alignnone wp-image-6096 size-full\" src=\"https:\/\/www.gaspineortho.com\/wp-content\/uploads\/2024\/05\/shutterstock_2383721901.webp\" alt=\"Suwanee Chiropractor action shot\" width=\"500\" height=\"344\" srcset=\"https:\/\/www.gaspineortho.com\/wp-content\/uploads\/2024\/05\/shutterstock_2383721901.webp 500w, https:\/\/www.gaspineortho.com\/wp-content\/uploads\/2024\/05\/shutterstock_2383721901-300x206.webp 300w\" sizes=\"(max-width: 500px) 100vw, 500px\" \/><\/a><\/p>\n<h2>Papel del quiropr\u00e1ctico en la recuperaci\u00f3n despu\u00e9s de un accidente automovil\u00edstico<\/h2>\n<p>Despu\u00e9s de una colisi\u00f3n de veh\u00edculos, el r\u00e1pido inicio de la atenci\u00f3n por parte de un quiropr\u00e1ctico es crucial para fomentar una recuperaci\u00f3n efectiva. En Georgia Spine &amp; Ortopedia, nuestros servicios quiropr\u00e1cticos son fundamentales para un enfoque de recuperaci\u00f3n integral. Esta atenci\u00f3n no se trata s\u00f3lo de abordar el malestar inmediato sino tambi\u00e9n de garantizar un proceso de rehabilitaci\u00f3n integral. Nuestros quiropr\u00e1cticos capacitados en GSO utilizan una variedad de t\u00e9cnicas no invasivas dise\u00f1adas para aliviar el dolor, restaurar la movilidad y ayudar en la curaci\u00f3n general de lesiones de tejidos blandos.<\/p>\n<p>Particularmente beneficioso despu\u00e9s de un accidente automovil\u00edstico, este enfoque hol\u00edstico incluye ajustes de la columna, terapia de tejidos blandos y orientaci\u00f3n sobre la mec\u00e1nica corporal adecuada para prevenir dolores o lesiones en el futuro. El cuidado de un quiropr\u00e1ctico de Suwanee garantiza una recuperaci\u00f3n integral no solo al tratar los s\u00edntomas f\u00edsicos sino tambi\u00e9n al apoyar los procesos de curaci\u00f3n naturales del cuerpo, lo que lo convierte en una piedra angular de la recuperaci\u00f3n en Georgia Spine &amp; Ortoped\u00eda.<\/p>\n<h2>Lesiones comunes por accidentes automovil\u00edsticos tratadas por quiropr\u00e1cticos<\/h2>\n<p>Despu\u00e9s de un accidente automovil\u00edstico, pueden manifestarse varios tipos de lesiones, que a menudo requieren la intervenci\u00f3n inmediata de un quiropr\u00e1ctico de Suwanee. Com\u00fanmente, los quiropr\u00e1cticos de Georgia Spine &amp; Abordaje de ortopedia:<\/p>\n<ul>\n<li><strong>Latigazo cervical:<\/strong> un chasquido r\u00e1pido del cuello hacia adelante y hacia atr\u00e1s que puede da\u00f1ar la salud de la columna y la postura general.<\/li>\n<li><strong>Lesiones de la m\u00e9dula espinal:<\/strong> las desalineaciones o traumatismos en la columna pueden afectar gravemente las funciones nerviosas y la movilidad.<\/li>\n<li><strong>Dolor lumbar:<\/strong> los ajustes quiropr\u00e1cticos, que normalmente surgen del impacto, pueden restaurar la alineaci\u00f3n de la columna y reducir el dolor.<\/li>\n<li><strong>Dolores y molestias musculares:<\/strong> la atenci\u00f3n quiropr\u00e1ctica aborda eficazmente la tensi\u00f3n muscular y mejora la curaci\u00f3n natural.<\/li>\n<li><strong>Malestar en el pecho:<\/strong> Los traumatismos en el pecho causados \u200b\u200bpor accidentes, que a menudo se pasan por alto, tambi\u00e9n pueden aliviarse mediante cuidadosas t\u00e9cnicas quiropr\u00e1cticas.<\/li>\n<\/ul>\n<p>Cada una de estas condiciones se beneficia significativamente de Georgia Spine &amp; El enfoque hol\u00edstico de la ortopedia, que garantiza no s\u00f3lo la recuperaci\u00f3n sino tambi\u00e9n la optimizaci\u00f3n de la salud a largo plazo.<\/p>\n<p><a href=\"https:\/\/www.gaspineortho.com\/wp-content\/uploads\/2024\/05\/shutterstock_1822785437.webp\"><img decoding=\"async\" class=\"alignnone wp-image-6111 size-full\" src=\"https:\/\/www.gaspineortho.com\/wp-content\/uploads\/2024\/05\/shutterstock_1822785437.webp\" alt=\"Suzanne Chiropractor action shot\" width=\"500\" height=\"334\" srcset=\"https:\/\/www.gaspineortho.com\/wp-content\/uploads\/2024\/05\/shutterstock_1822785437.webp 500w, https:\/\/www.gaspineortho.com\/wp-content\/uploads\/2024\/05\/shutterstock_1822785437-300x200.webp 300w\" sizes=\"(max-width: 500px) 100vw, 500px\" \/><\/a><\/p>\n<h2>Por qu\u00e9 elegir Georgia Spine &amp; Ortopedia para su quiropr\u00e1ctico de Suwanee<\/h2>\n<p>Al considerar una atenci\u00f3n quiropr\u00e1ctica en Suwanee, Georgia Spine &amp; Ortopedia (GSO) se destaca por su enfoque integral y dedicaci\u00f3n a la recuperaci\u00f3n del paciente. La <a href=\"https:\/\/www.gaspineortho.com\/es\/atlanta\/clinica-medica\/\">cl\u00ednica m\u00e9dica<\/a> de Suwanee de GSO se destaca en el tratamiento de afecciones ortop\u00e9dicas y de la columna resultantes de accidentes automovil\u00edsticos, enfoc\u00e1ndose en tratamientos no invasivos. Tratamientos que restauran la funci\u00f3n sin necesidad de cirug\u00eda. El equipo, que incluye quiropr\u00e1cticos experimentados, domina tanto el ingl\u00e9s como el espa\u00f1ol, lo que mejora la comunicaci\u00f3n y garantiza que las necesidades de cada paciente se comprendan y atiendan claramente.<\/p>\n<p>Para quienes se recuperan de accidentes automovil\u00edsticos, los tratamientos quiropr\u00e1cticos personalizados de GSO no solo alivian el dolor sino que tambi\u00e9n tienen como objetivo restaurar la movilidad total y la calidad de vida. Convenientemente ubicado en el \u00e1rea metropolitana de Atlanta, programar una cita es f\u00e1cil.<\/p>\n<h2>Experimente la atenci\u00f3n quiropr\u00e1ctica experta en Suwanee<\/h2>\n<p>\u00a1No permita que las lesiones por accidentes automovil\u00edsticos pongan una pausa en su vida! En Georgia Spine &amp; En ortopedia, no solo somos expertos en minimizar el dolor; Somos sus socios para restaurar su movilidad y garantizar una recuperaci\u00f3n r\u00e1pida y hol\u00edstica. D\u00e9 el primer paso hacia una vida sin dolor programando su consulta con un quiropr\u00e1ctico de Suwanee hoy. Nuestro equipo dedicado est\u00e1 aqu\u00ed para abordar cualquiera de sus inquietudes y guiarlo a trav\u00e9s de su proceso de rehabilitaci\u00f3n.<\/p>\n<p>Ya sea para controlar el latigazo cervical o aliviar el dolor de espalda, elija competencia y cuidado: elija Georgia Spine &amp; Ortoped\u00eda. <a href=\"https:\/\/www.gaspineortho.com\/es\/contacto\/\">Cont\u00e1ctanos<\/a> o visita nuestro <a href=\"https:\/\/www.suwanee.com\" target=\"_blank\" rel=\"noopener\">Suwanee<\/a > ubicaci\u00f3n para una atenci\u00f3n quiropr\u00e1ctica inigualable. Comience su viaje hacia la recuperaci\u00f3n programando una consulta hoy. \u00a1Llame al [tel\u00e9fono] para obtener m\u00e1s informaci\u00f3n!<\/p>\n","protected":false},"excerpt":{"rendered":"<p>Un quiropr\u00e1ctico de Suwanee se enfoca principalmente en diagnosticar y tratar trastornos neuromusculares, con \u00e9nfasis en el tratamiento mediante ajuste manual y manipulaci\u00f3n de la columna. En Georgia Spine &amp; Los servicios de ortopedia y quiropr\u00e1ctica est\u00e1n dise\u00f1ados para satisfacer las necesidades \u00fanicas de cada paciente, en particular aquellos que padecen problemas de columna y [&hellip;]<\/p>\n","protected":false},"author":25,"featured_media":0,"parent":7571,"menu_order":0,"comment_status":"closed","ping_status":"closed","template":"","meta":{"_acf_changed":false,"footnotes":""},"categories":[],"tags":[],"class_list":["post-7811","page","type-page","status-publish","hentry"],"acf":[],"_links":{"self":[{"href":"https:\/\/www.gaspineortho.com\/es\/wp-json\/wp\/v2\/pages\/7811","targetHints":{"allow":["GET"]}}],"collection":[{"href":"https:\/\/www.gaspineortho.com\/es\/wp-json\/wp\/v2\/pages"}],"about":[{"href":"https:\/\/www.gaspineortho.com\/es\/wp-json\/wp\/v2\/types\/page"}],"author":[{"embeddable":true,"href":"https:\/\/www.gaspineortho.com\/es\/wp-json\/wp\/v2\/users\/25"}],"replies":[{"embeddable":true,"href":"https:\/\/www.gaspineortho.com\/es\/wp-json\/wp\/v2\/comments?post=7811"}],"version-history":[{"count":4,"href":"https:\/\/www.gaspineortho.com\/es\/wp-json\/wp\/v2\/pages\/7811\/revisions"}],"predecessor-version":[{"id":7815,"href":"https:\/\/www.gaspineortho.com\/es\/wp-json\/wp\/v2\/pages\/7811\/revisions\/7815"}],"up":[{"embeddable":true,"href":"https:\/\/www.gaspineortho.com\/es\/wp-json\/wp\/v2\/pages\/7571"}],"wp:attachment":[{"href":"https:\/\/www.gaspineortho.com\/es\/wp-json\/wp\/v2\/media?parent=7811"}],"wp:term":[{"taxonomy":"category","embeddable":true,"href":"https:\/\/www.gaspineortho.com\/es\/wp-json\/wp\/v2\/categories?post=7811"},{"taxonomy":"post_tag","embeddable":true,"href":"https:\/\/www.gaspineortho.com\/es\/wp-json\/wp\/v2\/tags?post=7811"}],"curies":[{"name":"wp","href":"https:\/\/api.w.org\/{rel}","templated":true}]}}