{"id":7789,"date":"2024-05-16T13:46:37","date_gmt":"2024-05-16T18:46:37","guid":{"rendered":"https:\/\/www.gaspineortho.com\/college-park\/physical-therapy\/"},"modified":"2025-07-31T10:23:08","modified_gmt":"2025-07-31T15:23:08","slug":"fisioterapia","status":"publish","type":"page","link":"https:\/\/www.gaspineortho.com\/es\/college-park\/fisioterapia\/","title":{"rendered":"Fisioterapia en College Park"},"content":{"rendered":"<p>Un accidente automovil\u00edstico puede afectar gravemente su salud f\u00edsica y su bienestar general. Recuperarse de un incidente de este tipo puede resultar un desaf\u00edo y, a menudo, requiere la experiencia de un fisioterapeuta. Para mejorar su proceso de recuperaci\u00f3n, debe buscar la ayuda de fisioterapeutas de primer nivel, particularmente aquellos especializados en el tratamiento de v\u00edctimas de accidentes.<\/p>\n<p>Opte por los mejores servicios de fisioterapia en College Park en Georgia Spine &amp; Ortoped\u00eda. \u00a1Ll\u00e1menos hoy al [tel\u00e9fono] para hablar con nuestro fisioterapeuta de accidentes automovil\u00edsticos!<\/p>\n<h2>\u00bfQu\u00e9 es la fisioterapia?<\/h2>\n<p>La fisioterapia, tambi\u00e9n conocida como fisioterapia, emplea una combinaci\u00f3n de ejercicios, estiramientos, masajes y otros tratamientos mediante est\u00edmulos f\u00edsicos como calor y fr\u00edo para aliviar el dolor, fortalecer los m\u00fasculos debilitados y mejorar la movilidad. El terapeuta adapta estos m\u00e9todos para abordar las lesiones provocadas por accidentes vehiculares.<\/p>\n<p>Adem\u00e1s de considerar la condici\u00f3n f\u00edsica general del paciente, el terapeuta tambi\u00e9n se enfoca en \u00e1reas espec\u00edficas para aliviar el dolor y fortalecer los m\u00fasculos, entre otras necesidades.<\/p>\n<p>Nuestras t\u00e9cnicas de terapia incluyen:<\/p>\n<ul>\n<li>Ejercicios dirigidos a \u00e1reas problem\u00e1ticas<\/li>\n<li>Tratamientos que involucran est\u00edmulos f\u00edsicos como fr\u00edo, calor, ultrasonidos y corrientes el\u00e9ctricas<\/li>\n<li>Movimientos guiados y pasivos realizados por el terapeuta, como terapia manual y masajes<\/li>\n<\/ul>\n<p><a href=\"https:\/\/www.gaspineortho.com\/wp-content\/uploads\/2024\/05\/shutterstock_435746674-min-2.jpg\"><img fetchpriority=\"high\" decoding=\"async\" class=\"alignnone size-full wp-image-5756\" src=\"https:\/\/www.gaspineortho.com\/wp-content\/uploads\/2024\/05\/shutterstock_435746674-min-2.jpg\" alt=\"Fisioterapia College Park\" width=\"500\" height=\"334\" srcset=\"https:\/\/www.gaspineortho.com\/wp-content\/uploads\/2024\/05\/shutterstock_435746674-min-2.jpg 500w, https:\/\/www.gaspineortho.com\/wp-content\/uploads\/2024\/05\/shutterstock_435746674-min-2-300x200.jpg 300w\" sizes=\"(max-width: 500px) 100vw, 500px\" \/> <\/a><\/p>\n<h3>Ejercicios dirigidos a \u00e1reas problem\u00e1ticas<\/h3>\n<p>Los ejercicios son cruciales en la fisioterapia, ya que contribuyen a la fuerza muscular y la movilidad. El terapeuta gu\u00eda a los pacientes a trav\u00e9s de los ejercicios y supervisa su progreso.<\/p>\n<h3>Movimientos guiados y pasivos<\/h3>\n<p>Los tratamientos pasivos, en los que el terapeuta mueve partes del cuerpo del paciente para mejorar la movilidad, a menudo se incluyen cuando los pacientes tienen rigidez en las articulaciones o no pueden mover una extremidad despu\u00e9s de un accidente automovil\u00edstico. Los fisioterapeutas tambi\u00e9n utilizan masajes y terapia manual.<\/p>\n<p>La terapia manual implica varias t\u00e9cnicas en las que los terapeutas usan sus manos para aplicar presi\u00f3n, manipular m\u00fasculos y movilizar articulaciones. Los objetivos principales de la terapia manual son reducir el dolor, aumentar el rango de movimiento, mejorar la funci\u00f3n y mejorar la movilidad general.<\/p>\n<h3>Est\u00edmulos f\u00edsicos<\/h3>\n<p>Las terapias que utilizan est\u00edmulos f\u00edsicos tienen como objetivo relajar los m\u00fasculos, ligamentos y tejido conectivo para aumentar la movilidad y aliviar el dolor. Estos tratamientos incluyen:<\/p>\n<ul>\n<li>Electroterapia: La estimulaci\u00f3n el\u00e9ctrica (e-stim) ayuda a mejorar las habilidades motoras o aliviar el dolor.<\/li>\n<li><a href=\"https:\/\/www.healthline.com\/health\/iontophoresis\" target=\"_blank\" rel=\"noopener\">Iontoforesis<\/a><\/li>\n<li>Drenaje linf\u00e1tico manual: Masaje para drenar el l\u00edquido de los tejidos.<\/li>\n<li>Terapia de luz<\/li>\n<li>Terapia de fr\u00edo<\/li>\n<li>Terapia de calor o calor h\u00famedo<\/li>\n<\/ul>\n<p>Nuestros terapeutas experimentados desarrollan un plan de tratamiento personalizado que combina estas opciones para crear el r\u00e9gimen de recuperaci\u00f3n m\u00e1s eficaz.<\/p>\n<h2>Fisioterapia versus atenci\u00f3n quiropr\u00e1ctica<\/h2>\n<p>A menudo surge confusi\u00f3n entre la fisioterapia y la <a href=\"https:\/\/www.gaspineortho.com\/es\/college-park\/quiropractico\/\">atenci\u00f3n quiropr\u00e1ctica<\/a>. Ambos tienen como objetivo aliviar el dolor y mejorar la funci\u00f3n sin procedimientos invasivos, pero utilizan enfoques diferentes.<\/p>\n<p>La fisioterapia aborda discapacidades y impedimentos f\u00edsicos mediante movimientos guiados y ejercicios para mejorar la movilidad articular y el movimiento general. La atenci\u00f3n se centra en el movimiento de los m\u00fasculos para realinear las articulaciones con el tiempo, lo cual es crucial para la rehabilitaci\u00f3n y recuperaci\u00f3n gradual despu\u00e9s de un accidente automovil\u00edstico.<\/p>\n<p>Por el contrario, la atenci\u00f3n quiropr\u00e1ctica se centra en la rehabilitaci\u00f3n del sistema musculoesquel\u00e9tico. Los quiropr\u00e1cticos ajustan y manipulan manualmente las articulaciones para realinearlas, utilizando las manos o herramientas especializadas para aplicar presi\u00f3n y aliviar la rigidez.<\/p>\n<p>Otra diferencia clave es la aplicaci\u00f3n. La fisioterapia generalmente puede continuar de forma independiente, mientras que la atenci\u00f3n quiropr\u00e1ctica siempre debe ser realizada por un profesional experimentado para evitar agravar las lesiones.<\/p>\n<h2>Tratamientos proporcionados por un fisioterapeuta de accidentes automovil\u00edsticos<\/h2>\n<p><a href=\"https:\/\/www.gaspineortho.com\/wp-content\/uploads\/2024\/05\/shutterstock_2159230841.jpg\"><img decoding=\"async\" class=\"alignnone size-full wp-image-5765\" src=\"https:\/\/www.gaspineortho.com\/wp-content\/uploads\/2024\/05\/shutterstock_2159230841.jpg\" alt=\"College Park Physical Therapist\" width=\"500\" height=\"334\" srcset=\"https:\/\/www.gaspineortho.com\/wp-content\/uploads\/2024\/05\/shutterstock_2159230841.jpg 500w, https:\/\/www.gaspineortho.com\/wp-content\/uploads\/2024\/05\/shutterstock_2159230841-300x200.jpg 300w\" sizes=\"(max-width: 500px) 100vw, 500px\" \/><\/a><\/p>\n<h3>Lesiones de la m\u00e9dula espinal y las articulaciones<\/h3>\n<p>La fisioterapia ayuda a aliviar el dolor y favorece la recuperaci\u00f3n de lesiones como las hernias de disco. Un r\u00e9gimen bien planificado que incluya movilizaciones articulares, punci\u00f3n seca en puntos gatillo y movilizaci\u00f3n de tejidos blandos puede aliviar el dolor de espalda y articulaciones y ayudar a los pacientes a recuperar fuerza y \u200b\u200bmovilidad.<\/p>\n<h3>Esguinces y torceduras<\/h3>\n<p>Incluso los accidentes automovil\u00edsticos a baja velocidad pueden provocar esguinces y torceduras, que pueden ser dif\u00edciles de curar sin una intervenci\u00f3n adecuada. La fisioterapia acelera la curaci\u00f3n y minimiza el dolor al mejorar la circulaci\u00f3n sangu\u00ednea en las \u00e1reas lesionadas, lo que ayuda al proceso de curaci\u00f3n natural del cuerpo.<\/p>\n<h3>Trastorno asociado al latigazo cervical (WAD)<\/h3>\n<p>WAD, causado por una r\u00e1pida aceleraci\u00f3n y desaceleraci\u00f3n en un accidente automovil\u00edstico, incluye s\u00edntomas como dolores de cabeza, dolor de cuello, rigidez de hombros y dolor en la articulaci\u00f3n temporomandibular. La fisioterapia mejora la recuperaci\u00f3n de WAD al promover la capacidad de curaci\u00f3n del cuerpo.<\/p>\n<h3>Recuperaci\u00f3n de fracturas<\/h3>\n<p>La fisioterapia por fracturas es fundamental para muchas recuperaciones posteriores a accidentes automovil\u00edsticos debido a fracturas de huesos. Comienza poco despu\u00e9s de que se inmoviliza la fractura, con el objetivo de reducir el dolor y la hinchaz\u00f3n y mantener o recuperar la movilidad articular. Tambi\u00e9n ayuda a prevenir la debilidad y rigidez en las zonas afectadas.<\/p>\n<h3>Trastorno posconmoci\u00f3n cerebral<\/h3>\n<p>Los accidentes automovil\u00edsticos frecuentemente provocan conmociones cerebrales. La fisioterapia ayuda a los pacientes a recuperarse de sus lesiones sin sobrecargar el cerebro, que requiere reposo para sanar adecuadamente.<\/p>\n<h2>Importancia de seguir los consejos de su fisioterapeuta<\/h2>\n<p>El cumplimiento de los consejos de su terapeuta es crucial para su salud y la resoluci\u00f3n de su accidente automovil\u00edstico. Los beneficios incluyen una recuperaci\u00f3n m\u00e1s r\u00e1pida, evitar procedimientos invasivos, reducir el riesgo de dolor y mejorar la fuerza y \u200b\u200bla movilidad.<\/p>\n<p>Desde un punto de vista legal, la adherencia puede influir en su acuerdo. Es posible que las compa\u00f1\u00edas de seguros o los tribunales no crean que su accidente caus\u00f3 dolor sin una evaluaci\u00f3n profesional. Sin embargo, es m\u00e1s probable que consideren sus reclamos si un fisioterapeuta autorizado documenta su dolor y limitaciones de movimiento.<\/p>\n<p>Aseg\u00farese de que su fisioterapia respalde su acuerdo al:<\/p>\n<ul>\n<li><strong>Asistir a todas las sesiones de terapia:<\/strong> impulsar la recuperaci\u00f3n general y fortalecer las reclamaciones de liquidaci\u00f3n.<\/li>\n<li><strong>Mantener todos los registros de visitas:<\/strong> Proporcione pruebas claras de sus esfuerzos de recuperaci\u00f3n f\u00edsica y mental.<\/li>\n<li><strong>Mantener un diario que documente cada sesi\u00f3n:<\/strong> registre los niveles de dolor, los pensamientos sobre la recuperaci\u00f3n, el impacto de las tareas diarias y otros detalles relevantes.<\/li>\n<\/ul>\n<p>Con a\u00f1os de experiencia ayudando a la recuperaci\u00f3n despu\u00e9s de un accidente automovil\u00edstico, Georgia Spine &amp; La ortopedia ayuda a documentar su proceso de recuperaci\u00f3n de manera integral. La comunicaci\u00f3n efectiva minimiza las sesiones perdidas, lo que refuerza su reclamo de compensaci\u00f3n por accidente automovil\u00edstico.<br \/>\n<a href=\"https:\/\/www.gaspineortho.com\/wp-content\/uploads\/2024\/05\/shutterstock_347439827-min-1.jpg\"><img decoding=\"async\" class=\"alignnone size-full wp-image-5761\" src=\"https:\/\/www.gaspineortho.com\/wp-content\/uploads\/2024\/05\/shutterstock_347439827-min-1.jpg\" alt=\"College Park Physical Therapy\" width=\"500\" height=\"334\" srcset=\"https:\/\/www.gaspineortho.com\/wp-content\/uploads\/2024\/05\/shutterstock_347439827-min-1.jpg 500w, https:\/\/www.gaspineortho.com\/wp-content\/uploads\/2024\/05\/shutterstock_347439827-min-1-300x200.jpg 300w\" sizes=\"(max-width: 500px) 100vw, 500px\" \/><\/a><\/p>\n<h2>Columna vertebral y columna vertebral de Georgia Ortopedia: servicios de fisioterapia l\u00edderes en College Park<\/h2>\n<p>El dolor posterior a un accidente puede persistir durante meses, a menudo acompa\u00f1ado de movilidad limitada, dolor, hinchaz\u00f3n y rigidez, lo que puede afectar significativamente su calidad de vida.<\/p>\n<p>Si enfrenta estos desaf\u00edos, programe una visita a Georgia Spine &amp; Ortopedia para servicios de fisioterapia de primer nivel. No permita que su dolor empeore y provoque m\u00e1s complicaciones: nuestros fisioterapeutas est\u00e1n listos para ayudarlo a lograr una recuperaci\u00f3n completa.<\/p>\n<p>Ll\u00e1menos hoy al [tel\u00e9fono] para reservar su evaluaci\u00f3n de fisioterapia. \u00a1Las visitas sin cita previa tambi\u00e9n son bienvenidas!<\/p>\n<h3>C\u00f3mo personalizamos los planes de tratamiento para las v\u00edctimas de accidentes automovil\u00edsticos<\/h3>\n<p>Columna vertebral de Georgia y La ortopedia adapta los planes de tratamiento a las necesidades espec\u00edficas de cada paciente. Este enfoque personalizado comienza con una evaluaci\u00f3n integral, considerando el historial m\u00e9dico y las pruebas de imagen necesarias.<\/p>\n<p>Con base en los hallazgos, desarrollamos un plan de tratamiento que puede incluir:<\/p>\n<ul>\n<li><strong>Medicamentos:<\/strong> analg\u00e9sicos, antiinflamatorios y relajantes musculares.<\/li>\n<li><strong>Fisioterapia:<\/strong> ejercicios para mejorar la fuerza, la flexibilidad, el rango de movimiento y el equilibrio.<\/li>\n<li><strong>Inyecciones:<\/strong> Corticosteroides <a href=\"https:\/\/www.gaspineortho.com\/es\/college-park\/inyecciones-medicas\/\">inyecciones<\/a> para el alivio espec\u00edfico del dolor.<\/li>\n<li><strong>Cirug\u00eda:<\/strong> Para reparar fracturas o lesiones graves cuando sea necesario.<\/li>\n<\/ul>\n<h3>Nuestro equipo de expertos<\/h3>\n<p><a href=\"https:\/\/www.gaspineortho.com\/es\/nuestro-equipo\/\">Nuestro experimentado equipo<\/a> de profesionales trabaja en conjunto para garantizar una atenci\u00f3n integral y eficaz:<\/p>\n<ul>\n<li><strong><a href=\"https:\/\/www.gaspineortho.com\/es\/college-park\/cirugia-ortopedica\/\">Cirujanos Ortop\u00e9dicos<\/a>:<\/strong> Especializados en lesiones musculoesquel\u00e9ticas.&lt; \/li&gt;<\/li>\n<li><strong><a href=\"https:\/\/www.gaspineortho.com\/es\/college-park\/el-manejo-del-dolor\/\">Especialistas en Manejo del Dolor<\/a>:<\/strong> Focusing sobre el alivio del dolor cr\u00f3nico.<\/li>\n<li><strong>Fisioterapeutas:<\/strong> profesionales autorizados que crean programas de ejercicios personalizados para mejorar el movimiento y la funci\u00f3n.<\/li>\n<\/ul>\n<h2>Lesiones comunes por accidentes automovil\u00edsticos tratadas<\/h2>\n<p>Los accidentes automovil\u00edsticos provocan diversas lesiones, desde leves hasta graves. Estas son las lesiones m\u00e1s com\u00fanmente tratadas.<\/p>\n<h3>Latigazo cervical<\/h3>\n<p>El <a href=\"https:\/\/www.gaspineortho.com\/es\/lesion-por-latigazo-cervical\/\">latigazo<\/a> es especialmente com\u00fan en accidentes por alcance. El dolor de cuello, la rigidez, los dolores de cabeza y los mareos son el resultado del movimiento r\u00e1pido de la cabeza hacia adelante y hacia atr\u00e1s.<\/p>\n<h3>Lesiones de espalda y m\u00e9dula espinal<\/h3>\n<p>Las <a href=\"https:\/\/www.gaspineortho.com\/es\/lesion-de-espalda\/\">Las lesiones de espalda<\/a> van desde esguinces y distensiones hasta hernias discales y <a href=\"https:\/\/www.gaspineortho.com\/es\/lesion-en-la-columna\/\">lesiones de columna<\/a> que provocan par\u00e1lisis.<\/p>\n<h3>Lesiones de tejidos blandos<\/h3>\n<p>Estos incluyen da\u00f1os a m\u00fasculos, ligamentos y tendones, que causan dolor, hinchaz\u00f3n y hematomas.<\/p>\n<h3>Huesos rotos<\/h3>\n<p>Los accidentes suelen provocar fracturas en costillas, piernas, brazos y tobillos.<\/p>\n<h3>Lesi\u00f3n cerebral traum\u00e1tica (TBI)<\/h3>\n<p>Las <a href=\"https:\/\/www.gaspineortho.com\/es\/lesion-craneal\/\">Las lesiones en la cabeza<\/a> van desde conmociones cerebrales leves hasta da\u00f1o cerebral severo. Los s\u00edntomas var\u00edan, pero pueden incluir dolores de cabeza, mareos, p\u00e9rdida de memoria y dificultad para concentrarse.<\/p>\n<h2>Tratamiento m\u00e9dico oportuno despu\u00e9s del accidente<\/h2>\n<p>La evaluaci\u00f3n m\u00e9dica inmediata es crucial en varias situaciones.<\/p>\n<ul>\n<li><strong>P\u00e9rdida del conocimiento:<\/strong> Esto indica una lesi\u00f3n grave en la cabeza.<\/li>\n<li><strong>Dolores de cabeza, mareos o confusi\u00f3n:<\/strong> estos son s\u00edntomas comunes de una conmoci\u00f3n cerebral.<\/li>\n<li><strong>Dolor de cuello o espalda:<\/strong> estos pueden ser signos de latigazo cervical o da\u00f1o a la m\u00e9dula espinal.<\/li>\n<li><strong>Entumecimiento u hormigueo:<\/strong> Podr\u00edan indicar da\u00f1o a los nervios.<\/li>\n<li><strong>Lesiones visibles:<\/strong> los cortes, laceraciones o fracturas necesitan atenci\u00f3n m\u00e9dica para prevenir infecciones y sanar correctamente.<\/li>\n<li><strong>Dificultad para respirar:<\/strong> Esto puede indicar lesiones internas.<\/li>\n<li><strong>Dolor persistente:<\/strong> El dolor persistente o que empeora requiere un control m\u00e9dico.<\/li>\n<\/ul>\n<h2>C\u00f3mo Georgia Spine &amp; La ortopedia puede ayudar<\/h2>\n<p>En Georgia Spine &amp; Ortopedia, nuestros m\u00e9dicos de accidentes automovil\u00edsticos de College Park est\u00e1n dedicados a su recuperaci\u00f3n. Esto es lo que puede esperar de nuestros servicios.<\/p>\n<h3>Cuidado compasivo<\/h3>\n<p>Entendemos el estr\u00e9s f\u00edsico y emocional de un accidente automovil\u00edstico. Nuestro equipo lo tratar\u00e1 con respeto y empat\u00eda durante su viaje de recuperaci\u00f3n.<\/p>\n<h3>Servicios Integrales<\/h3>\n<p>Ofrecemos diversos servicios, desde diagn\u00f3stico y planificaci\u00f3n de tratamiento hasta fisioterapia y manejo del dolor, todo bajo un mismo techo.<\/p>\n<h3>Planes de tratamiento personalizados<\/h3>\n<p>Nuestros planes est\u00e1n dise\u00f1ados espec\u00edficamente para abordar sus lesiones particulares.<\/p>\n<h3>Comunicaci\u00f3n clara<\/h3>\n<p>Explicamos su diagn\u00f3stico y opciones de tratamiento y trabajamos estrechamente con usted durante todo el proceso.<\/p>\n<h3>Profesionales experimentados<\/h3>\n<p>Nuestro equipo incluye m\u00e9dicos, fisioterapeutas y profesionales de la salud con amplia experiencia en el tratamiento de lesiones por accidentes automovil\u00edsticos.<\/p>\n<h2>\u00a1Comun\u00edquese con nuestros m\u00e9dicos de accidentes automovil\u00edsticos de College Park hoy!<\/h2>\n<p>Un accidente automovil\u00edstico puede cambiar dr\u00e1sticamente tu vida. El viaje de recuperaci\u00f3n puede ser largo y exigente, pero no es necesario que lo afronte solo. En Georgia Spine &amp; Ortopedia, nuestros <a href=\"https:\/\/www.gaspineortho.com\/es\/college-park\/medico-accidente-automovilistico\/\">m\u00e9dicos de accidentes automovil\u00edsticos de College Park<\/a> est\u00e1n comprometidos a ayudarlo a sanar.<\/p>\n<p>Brindamos atenci\u00f3n integral, planes de tratamiento personalizados y un equipo dedicado de profesionales. No dudes en buscar la atenci\u00f3n m\u00e9dica que mereces. \u00a1Programe una cita con un m\u00e9dico especializado en accidentes automovil\u00edsticos de College Park hoy! Ll\u00e1menos al [tel\u00e9fono] para comenzar su viaje de recuperaci\u00f3n.<\/p>\n<p>Al cumplir con estas pautas y abordar las necesidades de los pacientes de manera precisa y completa, nuestros servicios de fisioterapia de College Park en Georgia Spine &amp; La ortopedia se destaca y ofrece atenci\u00f3n m\u00e9dica valiosa para respaldar su recuperaci\u00f3n posterior a un accidente.<\/p>\n","protected":false},"excerpt":{"rendered":"<p>Un accidente automovil\u00edstico puede afectar gravemente su salud f\u00edsica y su bienestar general. Recuperarse de un incidente de este tipo puede resultar un desaf\u00edo y, a menudo, requiere la experiencia de un fisioterapeuta. Para mejorar su proceso de recuperaci\u00f3n, debe buscar la ayuda de fisioterapeutas de primer nivel, particularmente aquellos especializados en el tratamiento de [&hellip;]<\/p>\n","protected":false},"author":44,"featured_media":0,"parent":7563,"menu_order":0,"comment_status":"closed","ping_status":"closed","template":"","meta":{"_acf_changed":false,"footnotes":""},"categories":[],"tags":[],"class_list":["post-7789","page","type-page","status-publish","hentry"],"acf":[],"_links":{"self":[{"href":"https:\/\/www.gaspineortho.com\/es\/wp-json\/wp\/v2\/pages\/7789","targetHints":{"allow":["GET"]}}],"collection":[{"href":"https:\/\/www.gaspineortho.com\/es\/wp-json\/wp\/v2\/pages"}],"about":[{"href":"https:\/\/www.gaspineortho.com\/es\/wp-json\/wp\/v2\/types\/page"}],"author":[{"embeddable":true,"href":"https:\/\/www.gaspineortho.com\/es\/wp-json\/wp\/v2\/users\/44"}],"replies":[{"embeddable":true,"href":"https:\/\/www.gaspineortho.com\/es\/wp-json\/wp\/v2\/comments?post=7789"}],"version-history":[{"count":5,"href":"https:\/\/www.gaspineortho.com\/es\/wp-json\/wp\/v2\/pages\/7789\/revisions"}],"predecessor-version":[{"id":12774,"href":"https:\/\/www.gaspineortho.com\/es\/wp-json\/wp\/v2\/pages\/7789\/revisions\/12774"}],"up":[{"embeddable":true,"href":"https:\/\/www.gaspineortho.com\/es\/wp-json\/wp\/v2\/pages\/7563"}],"wp:attachment":[{"href":"https:\/\/www.gaspineortho.com\/es\/wp-json\/wp\/v2\/media?parent=7789"}],"wp:term":[{"taxonomy":"category","embeddable":true,"href":"https:\/\/www.gaspineortho.com\/es\/wp-json\/wp\/v2\/categories?post=7789"},{"taxonomy":"post_tag","embeddable":true,"href":"https:\/\/www.gaspineortho.com\/es\/wp-json\/wp\/v2\/tags?post=7789"}],"curies":[{"name":"wp","href":"https:\/\/api.w.org\/{rel}","templated":true}]}}