{"id":7781,"date":"2024-05-15T14:57:28","date_gmt":"2024-05-15T19:57:28","guid":{"rendered":"https:\/\/www.gaspineortho.com\/college-park\/pedestrian-accident\/"},"modified":"2024-07-24T15:13:11","modified_gmt":"2024-07-24T20:13:11","slug":"accidente-de-peatones","status":"publish","type":"page","link":"https:\/\/www.gaspineortho.com\/es\/college-park\/accidente-de-peatones\/","title":{"rendered":"Tratamiento de lesiones por accidentes de peatones en College Park"},"content":{"rendered":"<p>Los peatones son particularmente vulnerables en zonas bulliciosas como College Park. En Georgia Spine &amp; Ortopedia (GSO), entendemos la complejidad de las lesiones que surgen de un accidente de peat\u00f3n en <a href=\"https:\/\/www.collegeparkga.com\/\" target=\"_blank\" rel=\"noopener\">College Park<\/a>.<\/p>\n<p>Nuestro enfoque hol\u00edstico garantiza una atenci\u00f3n integral, abordando no solo las lesiones f\u00edsicas sino tambi\u00e9n los impactos neurol\u00f3gicos y ortop\u00e9dicos. GSO se especializa en t\u00e9cnicas de alivio del dolor de \u00faltima generaci\u00f3n, como inyecciones dirigidas, para aliviar las molestias y acelerar la recuperaci\u00f3n.<\/p>\n<p>Nuestro equipo multiling\u00fce, incluido el renombrado cirujano de columna Dr. Laviel Fern\u00e1ndez, se dedica a restaurar la funcionalidad y mejorar la calidad de vida de nuestra diversa base de pacientes.<\/p>\n<p>Con m\u00faltiples ubicaciones en el \u00e1rea metropolitana de Atlanta, GSO ofrece accesibilidad y conveniencia incomparables, manteni\u00e9ndose fiel a nuestro esp\u00edritu: \u00abLa habilidad para sanar, el coraz\u00f3n para cuidar\u00bb. Cuando se trata de lesiones por accidentes de peatones en College Park, conf\u00ede en Georgia Spine &amp; Ortopedia para una atenci\u00f3n experta y compasiva.<\/p>\n<h2>Causas de accidentes de peatones en College Park<\/h2>\n<p>Los accidentes de peatones en College Park a menudo surgen de varios factores clave. Una de las causas principales es que los conductores no ceden el paso, lo que pone a los peatones en un riesgo significativo. La influencia de las drogas y el alcohol tambi\u00e9n desempe\u00f1a un papel crucial, ya que perjudica el criterio del conductor y su tiempo de reacci\u00f3n. Las condiciones de mala visibilidad, como poca luz o mal tiempo, exacerban a\u00fan m\u00e1s el peligro, dificultando a los conductores detectar a los peatones.<\/p>\n<p>Adem\u00e1s, la falta de aceras adecuadas obliga a los peatones a compartir la v\u00eda con los veh\u00edculos, aumentando la probabilidad de accidentes. Comprender estas causas ayuda a Georgia Spine &amp; Ortopedia (GSO) adapta tratamientos y consejos preventivos para atender mejor a sus pacientes.<\/p>\n<p><img fetchpriority=\"high\" decoding=\"async\" class=\"alignnone wp-image-5569 size-full\" src=\"https:\/\/www.gaspineortho.com\/wp-content\/uploads\/2024\/05\/pedestrian-accident.jpg\" alt=\"College Park Pedestrian Accident\" width=\"500\" height=\"334\" srcset=\"https:\/\/www.gaspineortho.com\/wp-content\/uploads\/2024\/05\/pedestrian-accident.jpg 500w, https:\/\/www.gaspineortho.com\/wp-content\/uploads\/2024\/05\/pedestrian-accident-300x200.jpg 300w\" sizes=\"(max-width: 500px) 100vw, 500px\" \/><\/p>\n<h2>El papel del peat\u00f3n en los accidentes<\/h2>\n<p>Los peatones pueden contribuir involuntariamente a los accidentes de varias maneras. Elegir ropa oscura reduce la visibilidad, especialmente de noche. Caminar distra\u00eddo, a menudo causado por el uso de tel\u00e9fonos inteligentes, provoca falta de atenci\u00f3n en zonas concurridas. Cruzar las calles de forma inadecuada, como cruzar imprudentemente o ignorar las se\u00f1ales de tr\u00e1fico, aumenta el riesgo.<\/p>\n<p>Adem\u00e1s, estar parado o jugando en la calle puede provocar peligros imprevistos. Al ser m\u00e1s conscientes de su entorno y tomar decisiones m\u00e1s seguras, los peatones pueden reducir significativamente el riesgo de sufrir accidentes. Columna vertebral de Georgia y Orthopaedics (GSO) se dedica a brindar atenci\u00f3n experta para las lesiones por accidentes de peatones en College Park, utilizando equipos ortop\u00e9dicos y <a href=\"https:\/\/www.gaspineortho.com\/es\/atlanta\/neurologia\/\">tratamientos neurol\u00f3gicos<\/a> para facilitar la recuperaci\u00f3n.<\/p>\n<h2>Prevenci\u00f3n de accidentes de peatones<\/h2>\n<p>Prevenir los accidentes de peatones en College Park es crucial para garantizar la seguridad. Aqu\u00ed hay algunas medidas efectivas:<\/p>\n<ul>\n<li><strong>Use ropa brillante o reflectante:<\/strong> mejorar la visibilidad, especialmente en condiciones de poca luz, puede reducir significativamente los accidentes.<\/li>\n<li><strong>Mant\u00e9ngase atento a su entorno:<\/strong> evite distracciones como los tel\u00e9fonos inteligentes. Mantenerse alerta puede ayudarle a reaccionar r\u00e1pidamente ante peligros potenciales.<\/li>\n<li><strong>Utilice los cruces peatonales y obedezca las se\u00f1ales de tr\u00e1fico:<\/strong> cruce siempre por los cruces peatonales designados y siga las se\u00f1ales de tr\u00e1fico para minimizar el riesgo.<\/li>\n<li><strong>Eduque a los ni\u00f1os sobre la seguridad vial:<\/strong> ens\u00e9\u00f1eles a los ni\u00f1os la importancia de mirar a ambos lados antes de cruzar y de no jugar cerca de las carreteras.<\/li>\n<\/ul>\n<p>&nbsp;<\/p>\n<p>Siguiendo estos consejos de seguridad, los peatones pueden reducir en gran medida el riesgo de accidentes y mejorar su seguridad personal. Columna vertebral de Georgia y La ortopedia se compromete a educar a la comunidad sobre estas medidas preventivas para evitar la necesidad de tratamientos relacionados con accidentes.<\/p>\n<h2>Evaluaci\u00f3n de lesiones por accidentes de peatones<\/h2>\n<p>En Georgia Spine &amp; Ortopedia, la evaluaci\u00f3n de las lesiones por accidentes de peatones en College Park comienza con un examen f\u00edsico completo. Nuestro equipo de expertos utiliza herramientas de diagn\u00f3stico avanzadas, que incluyen rayos X, resonancias magn\u00e9ticas y tomograf\u00edas computarizadas, para diagnosticar con precisi\u00f3n el alcance de las lesiones. Estas t\u00e9cnicas de im\u00e1genes de \u00faltima generaci\u00f3n nos permiten identificar fracturas, lesiones de la m\u00e9dula espinal y otros da\u00f1os internos que pueden no ser visibles durante un examen f\u00edsico.<\/p>\n<p>Al combinar estas herramientas de diagn\u00f3stico con nuestro enfoque hol\u00edstico, garantizamos que cada paciente reciba una evaluaci\u00f3n exhaustiva y un plan de tratamiento personalizado. Ya sea que tenga dolor, problemas de movilidad o s\u00edntomas neurol\u00f3gicos, nuestro objetivo es restaurar su calidad de vida de manera eficiente y efectiva. Conf\u00ede en Georgia Spine &amp; Ortopedia para una evaluaci\u00f3n y atenci\u00f3n compasiva y precisa de las lesiones en su accidente de peat\u00f3n en College Park.<\/p>\n<h2>Lesiones comunes por accidentes de peatones<\/h2>\n<p>Un accidente de peatones en College Park a menudo puede provocar lesiones graves que requieren atenci\u00f3n especializada. En Georgia Spine &amp; Ortopedia, las lesiones comunes que tratamos incluyen fracturas y huesos rotos, que a menudo requieren intervenciones ortop\u00e9dicas precisas. Las lesiones cerebrales traum\u00e1ticas son otra consecuencia frecuente, que requiere atenci\u00f3n neurol\u00f3gica avanzada para controlar los s\u00edntomas y apoyar la recuperaci\u00f3n.<\/p>\n<p>Las lesiones de la m\u00e9dula espinal, que van desde menores hasta que alteran la vida, se tratan con t\u00e9cnicas de \u00faltima generaci\u00f3n para restaurar la funcionalidad y reducir el dolor. Las lesiones y hematomas de los tejidos blandos, aunque a veces son menos graves, a\u00fan exigen atenci\u00f3n experta para garantizar una curaci\u00f3n adecuada. Nuestro enfoque hol\u00edstico garantiza que cada lesi\u00f3n se aborde con el m\u00e1ximo cuidado y experiencia.<\/p>\n<h2>Tratamiento de las lesiones por accidentes de peatones en College Park<\/h2>\n<p>En Georgia Spine &amp; Ortopedia (GSO), empleamos un enfoque multidisciplinario para tratar las lesiones por accidentes de peatones. Nuestro equipo de expertos se especializa en brindar atenci\u00f3n neurol\u00f3gica integral para lesiones de cabeza y columna, garantizando una recuperaci\u00f3n \u00f3ptima. Para problemas de huesos y articulaciones, ofrecemos tratamientos ortop\u00e9dicos avanzados para restaurar la funcionalidad. El <a href=\"https:\/\/www.gaspineortho.com\/es\/college-park\/el-manejo-del-dolor\/\">El manejo del dolor<\/a> es un aspecto crucial de nuestra estrategia asistencial, utilizando el estado de T\u00e9cnicas de \u00faltima generaci\u00f3n para garantizar la comodidad y la calidad de vida del paciente.<\/p>\n<p>Adem\u00e1s, nuestros programas de rehabilitaci\u00f3n y <a href=\"https:\/\/www.gaspineortho.com\/es\/college-park\/fisioterapia\/\">fisioterapia<\/a> est\u00e1n dise\u00f1ados para una recuperaci\u00f3n integral, ayudando a los pacientes a recuperar fuerza y \u200b\u200bmovilidad. El compromiso de GSO con un enfoque compasivo y multiling\u00fce garantiza que cada paciente reciba atenci\u00f3n personalizada, lo que nos convierte en la opci\u00f3n preferida para el tratamiento de accidentes de peatones en College Park.<\/p>\n<p><img decoding=\"async\" class=\"alignnone size-full wp-image-5570\" src=\"https:\/\/www.gaspineortho.com\/wp-content\/uploads\/2024\/05\/pedestrian-accident-2.jpg\" alt=\"college park pedestrian accident\" width=\"500\" height=\"334\" srcset=\"https:\/\/www.gaspineortho.com\/wp-content\/uploads\/2024\/05\/pedestrian-accident-2.jpg 500w, https:\/\/www.gaspineortho.com\/wp-content\/uploads\/2024\/05\/pedestrian-accident-2-300x200.jpg 300w\" sizes=\"(max-width: 500px) 100vw, 500px\" \/><\/p>\n<h2>Por qu\u00e9 elegir Georgia Spine &amp; Ortopedia<\/h2>\n<p>Elegir Georgia Spine &amp; La ortopedia para el tratamiento de sus lesiones por accidentes de peatones significa optar por una experiencia incomparable y una atenci\u00f3n compasiva. Nuestro equipo se destaca en el tratamiento de una amplia gama de lesiones traum\u00e1ticas, lo que garantiza que reciba atenci\u00f3n neurol\u00f3gica y ortop\u00e9dica de primer nivel. Con herramientas de diagn\u00f3stico de \u00faltima generaci\u00f3n, como rayos X, resonancias magn\u00e9ticas y tomograf\u00edas computarizadas, evaluamos con precisi\u00f3n su condici\u00f3n para brindar tratamientos espec\u00edficos.<\/p>\n<p>Nuestro enfoque hol\u00edstico se centra en el manejo del dolor y la rehabilitaci\u00f3n, con el objetivo de una recuperaci\u00f3n r\u00e1pida y eficaz. El personal multiling\u00fce, incluido nuestro competente cirujano de columna, el Dr. Laviel Fern\u00e1ndez, garantiza una comunicaci\u00f3n clara y una atenci\u00f3n personalizada. En Georgia Spine &amp; Ortopedia, no eres un paciente m\u00e1s; eres parte de nuestro compromiso con \u00abLa habilidad para sanar, el coraz\u00f3n para cuidar\u00bb.<\/p>\n<p>Reconocer y tratar r\u00e1pidamente las lesiones por accidentes de peatones es crucial para la recuperaci\u00f3n y la calidad de vida. En Georgia Spine &amp; Ortopedia, brindamos atenci\u00f3n integral adaptada a las necesidades \u00fanicas de cada paciente. Nuestro enfoque multidisciplinario abarca atenci\u00f3n ortop\u00e9dica, tratamientos neurol\u00f3gicos y estrategias avanzadas de manejo del dolor para garantizar una recuperaci\u00f3n integral.<\/p>\n<p>Con herramientas de diagn\u00f3stico de \u00faltima generaci\u00f3n y un personal compasivo y multiling\u00fce, ofrecemos atenci\u00f3n eficaz y personalizada. Ya sea que se trate de fracturas, lesiones cerebrales traum\u00e1ticas o da\u00f1os en la m\u00e9dula espinal, nuestro equipo capacitado, incluido el Dr. Laviel Fern\u00e1ndez, se dedica a ayudarlo a recuperar la funcionalidad y vivir sin dolor.<\/p>\n<p>Conf\u00ede en Georgia Spine &amp; Ortopedia, donde \u00abLa habilidad para sanar, el coraz\u00f3n para cuidar\u00bb define nuestro compromiso con la satisfacci\u00f3n del paciente.<\/p>\n","protected":false},"excerpt":{"rendered":"<p>Los peatones son particularmente vulnerables en zonas bulliciosas como College Park. En Georgia Spine &amp; Ortopedia (GSO), entendemos la complejidad de las lesiones que surgen de un accidente de peat\u00f3n en College Park. Nuestro enfoque hol\u00edstico garantiza una atenci\u00f3n integral, abordando no solo las lesiones f\u00edsicas sino tambi\u00e9n los impactos neurol\u00f3gicos y ortop\u00e9dicos. GSO se [&hellip;]<\/p>\n","protected":false},"author":25,"featured_media":0,"parent":7563,"menu_order":0,"comment_status":"closed","ping_status":"closed","template":"","meta":{"_acf_changed":false,"footnotes":""},"categories":[],"tags":[],"class_list":["post-7781","page","type-page","status-publish","hentry"],"acf":[],"_links":{"self":[{"href":"https:\/\/www.gaspineortho.com\/es\/wp-json\/wp\/v2\/pages\/7781","targetHints":{"allow":["GET"]}}],"collection":[{"href":"https:\/\/www.gaspineortho.com\/es\/wp-json\/wp\/v2\/pages"}],"about":[{"href":"https:\/\/www.gaspineortho.com\/es\/wp-json\/wp\/v2\/types\/page"}],"author":[{"embeddable":true,"href":"https:\/\/www.gaspineortho.com\/es\/wp-json\/wp\/v2\/users\/25"}],"replies":[{"embeddable":true,"href":"https:\/\/www.gaspineortho.com\/es\/wp-json\/wp\/v2\/comments?post=7781"}],"version-history":[{"count":5,"href":"https:\/\/www.gaspineortho.com\/es\/wp-json\/wp\/v2\/pages\/7781\/revisions"}],"predecessor-version":[{"id":8837,"href":"https:\/\/www.gaspineortho.com\/es\/wp-json\/wp\/v2\/pages\/7781\/revisions\/8837"}],"up":[{"embeddable":true,"href":"https:\/\/www.gaspineortho.com\/es\/wp-json\/wp\/v2\/pages\/7563"}],"wp:attachment":[{"href":"https:\/\/www.gaspineortho.com\/es\/wp-json\/wp\/v2\/media?parent=7781"}],"wp:term":[{"taxonomy":"category","embeddable":true,"href":"https:\/\/www.gaspineortho.com\/es\/wp-json\/wp\/v2\/categories?post=7781"},{"taxonomy":"post_tag","embeddable":true,"href":"https:\/\/www.gaspineortho.com\/es\/wp-json\/wp\/v2\/tags?post=7781"}],"curies":[{"name":"wp","href":"https:\/\/api.w.org\/{rel}","templated":true}]}}