{"id":7777,"date":"2024-05-15T14:52:51","date_gmt":"2024-05-15T19:52:51","guid":{"rendered":"https:\/\/www.gaspineortho.com\/college-park\/pain-management\/"},"modified":"2024-07-02T07:26:17","modified_gmt":"2024-07-02T12:26:17","slug":"el-manejo-del-dolor","status":"publish","type":"page","link":"https:\/\/www.gaspineortho.com\/es\/college-park\/el-manejo-del-dolor\/","title":{"rendered":"Manejo del dolor en College Park"},"content":{"rendered":"<p>El dolor puede ser frustrante, especialmente cuando interfiere con el trabajo, el sue\u00f1o y otras actividades como interactuar con amigos y familiares. Columna vertebral de Georgia y El enfoque de Manejo del Dolor de College Park de Orthopaedics aborda diversos dolores corporales para ayudar a los pacientes a disfrutar de la vida. En Georgia Spine &amp; Ortopedia (GSO), nuestros servicios de manejo del dolor de College Park est\u00e1n dise\u00f1ados para aliviar las molestias y restaurar su calidad de vida.<\/p>\n<p>Nos enfocamos en el tratamiento de afecciones ortop\u00e9dicas y de la columna complejas que a menudo surgen de colisiones automovil\u00edsticas y lesiones relacionadas con el trabajo. Utilizando t\u00e9cnicas avanzadas de alivio del dolor, como <a href=\"https:\/\/www.gaspineortho.com\/es\/atlanta\/inyecciones-medicas\/\">inyecciones<\/a> y atenci\u00f3n hol\u00edstica, nuestro equipo garantiza que reciba un tratamiento integral. . Nuestro personal multiling\u00fce, competente en ingl\u00e9s y espa\u00f1ol, est\u00e1 comprometido a brindar una atenci\u00f3n compasiva y accesible en m\u00faltiples ubicaciones en el \u00e1rea metropolitana de Atlanta.<\/p>\n<p>Con la experiencia de profesionales como el Dr. Erik Bendiks, GSO encarna el esp\u00edritu \u00abLa habilidad para sanar, el coraz\u00f3n para cuidar\u00bb, marcando una diferencia significativa en el manejo del dolor y la satisfacci\u00f3n del paciente.<\/p>\n<h2>Prevalencia del dolor cr\u00f3nico<\/h2>\n<p>Casi 100 millones de estadounidenses sufren de dolor cr\u00f3nico, lo que lo convierte en un importante problema de salud p\u00fablica. Dolor cr\u00f3nico, especialmente com\u00fan en afecciones tratadas por Georgia Spine &amp; La ortopedia puede afectar dr\u00e1sticamente los niveles de energ\u00eda, el estado de \u00e1nimo y el disfrute general de la vida. Desde colisiones automovil\u00edsticas hasta lesiones relacionadas con el trabajo, el dolor cr\u00f3nico a menudo persiste mucho despu\u00e9s del trauma inicial.<\/p>\n<p>Para abordar esto, College Park Pain Management emplea un enfoque integral para ayudar a aliviar y controlar el dolor persistente, garantizando que los pacientes recuperen su calidad de vida. Aprovechando las t\u00e9cnicas m\u00e1s modernas para aliviar el dolor y un enfoque de atenci\u00f3n hol\u00edstica, GSO se dedica a reducir el impacto del dolor cr\u00f3nico en la vida diaria.<\/p>\n<p><a href=\"https:\/\/www.gaspineortho.com\/wp-content\/uploads\/2024\/05\/college-park-pain-management.jpg\"><img fetchpriority=\"high\" decoding=\"async\" class=\"alignnone wp-image-5212 size-full\" src=\"https:\/\/www.gaspineortho.com\/wp-content\/uploads\/2024\/05\/college-park-pain-management.jpg\" alt=\"injection to relieve pain at college park pain management\" width=\"500\" height=\"334\" srcset=\"https:\/\/www.gaspineortho.com\/wp-content\/uploads\/2024\/05\/college-park-pain-management.jpg 500w, https:\/\/www.gaspineortho.com\/wp-content\/uploads\/2024\/05\/college-park-pain-management-300x200.jpg 300w\" sizes=\"(max-width: 500px) 100vw, 500px\" \/><\/a><\/p>\n<h2>\u00bfQu\u00e9 es el manejo del dolor?<\/h2>\n<p>El manejo del dolor en College Park es esencial para diagnosticar y tratar varios tipos de dolor de manera efectiva. En Georgia Spine &amp; Ortopedia en College Park, nuestro enfoque integra una combinaci\u00f3n de t\u00e9cnicas avanzadas y atenci\u00f3n compasiva para abordar el dolor desde su ra\u00edz. Entendemos que el dolor puede deberse a una gran variedad de afecciones, incluidas lesiones, enfermedades y dolencias cr\u00f3nicas.<\/p>\n<p>El tratamiento del dolor en College Park emplea m\u00e9todos no farmacol\u00f3gicos, como inyecciones dirigidas y <a href=\"https:\/\/www.gaspineortho.com\/es\/atlanta\/terapia-fisica\/\">fisioterapia<\/a>, para brindar alivio. y mejorar la calidad de vida. En raras ocasiones, se pueden utilizar medicamentos como parte de un plan de tratamiento integral. Combinando experiencia en <a href=\"https:\/\/www.gaspineortho.com\/es\/atlanta\/cirugia-ortopedica\/\">ortopedia<\/a>, <a href=\"https:\/\/www.gaspineortho.com\/es\/atlanta\/neurologia\/\">neurolog\u00eda<\/a> y el manejo del dolor, nuestro objetivo es restaurar la funcionalidad y el bienestar de nuestros pacientes. Nuestro enfoque hol\u00edstico garantiza que cada paciente reciba atenci\u00f3n personalizada adaptada a sus necesidades \u00fanicas, ayud\u00e1ndole a recuperar el control de su vida.<\/p>\n<h2>Tipos de dolor<\/h2>\n<h3>Dolor agudo<\/h3>\n<p>Dolor agudo causado por lesiones como quemaduras, fracturas y espasmos musculares. El tratamiento se centra en abordar la causa ra\u00edz.<\/p>\n<h3>Dolor cr\u00f3nico<\/h3>\n<p>Dolor que dura m\u00e1s de seis meses. A menudo es el resultado de <a href=\"https:\/\/www.merriam-webster.com\/dictionary\/disease\" target=\"_blank\" rel=\"noopener\">enfermedades<\/a> o lesiones no tratadas.<\/p>\n<h3>Dolor nociceptivo<\/h3>\n<p>Provocado por tirones musculares, fracturas de huesos o golpes en la <a href=\"https:\/\/www.gaspineortho.com\/es\/lesion-craneal\/\">cabeza<\/a>. Puede ser visceral (\u00f3rganos internos) o som\u00e1tico (sistema musculoesquel\u00e9tico).<\/p>\n<h3>Dolor neurop\u00e1tico<\/h3>\n<p>Afecta los nervios debido a complicaciones del sistema nervioso. Puede resultar de enfermedades como el VIH, la diabetes y la esclerosis m\u00faltiple.<\/p>\n<h2>Causas del dolor<\/h2>\n<p>Comprender las causas fundamentales del dolor es fundamental para un tratamiento eficaz. En Georgia Spine &amp; Ortopedia, nuestros servicios de Manejo del Dolor de College Park est\u00e1n dise\u00f1ados para abordar diversas fuentes de dolor:<\/p>\n<h3>Accidentes de carretera<\/h3>\n<p>Con m\u00e1s de tres millones de lesiones al a\u00f1o por accidentes automovil\u00edsticos, el dolor cr\u00f3nico a menudo sigue a estos eventos traum\u00e1ticos.<\/p>\n<p><img decoding=\"async\" class=\"alignnone size-medium wp-image-4139\" src=\"https:\/\/www.gaspineortho.com\/wp-content\/uploads\/2024\/05\/shutterstock_2022747632-copy-300x200.webp\" alt=\"car accident in need of college park pain management\" width=\"300\" height=\"200\" srcset=\"https:\/\/www.gaspineortho.com\/wp-content\/uploads\/2024\/05\/shutterstock_2022747632-copy-300x200.webp 300w, https:\/\/www.gaspineortho.com\/wp-content\/uploads\/2024\/05\/shutterstock_2022747632-copy-768x512.webp 768w, https:\/\/www.gaspineortho.com\/wp-content\/uploads\/2024\/05\/shutterstock_2022747632-copy.webp 1000w\" sizes=\"(max-width: 300px) 100vw, 300px\" \/><\/p>\n<h3>Estimulaci\u00f3n<\/h3>\n<p>La estimulaci\u00f3n de los receptores del dolor por lesiones tisulares, como cortes o hematomas, puede provocar un malestar significativo.<\/p>\n<h3>Disfunci\u00f3n<\/h3>\n<p>El da\u00f1o cerebral y de la columna puede provocar dolor neurop\u00e1tico, que surge de complicaciones dentro del sistema nervioso.<\/p>\n<h3>Psicolog\u00eda<\/h3>\n<p>Factores psicol\u00f3gicos como <a href=\"https:\/\/www.merriam-webster.com\/dictionary\/depression\" target=\"_blank\" rel=\"noopener\">depresi\u00f3n<\/a> y <a href=\"https:\/\/www.merriam-webster.com\/dictionary\/ La ansiedad\" target=\"_blank\" rel=\"noopener\">ansiedad<\/a> puede influir en c\u00f3mo se percibe y maneja el dolor.<\/p>\n<p>Al identificar estas causas, Georgia Spine &amp; El tratamiento del dolor de College Park de Orthopaedics emplea un enfoque integral, que combina el tratamiento del dolor con la ortopedia y la neurolog\u00eda, para tratar y aliviar el dolor de forma eficaz.<\/p>\n<h2>\u00bfQu\u00e9 hace un m\u00e9dico especializado en el tratamiento del dolor de College Park?<\/h2>\n<p>Una columna vertebral de Georgia y El m\u00e9dico especialista en tratamiento del dolor de Orthopaedics en College Park desempe\u00f1a un papel crucial en la mejora de su calidad de vida al abordar varios tipos de dolor, incluido el dolor agudo, cr\u00f3nico, nociceptivo y neurop\u00e1tico. Utilizando t\u00e9cnicas de diagn\u00f3stico avanzadas y tratamientos de \u00faltima generaci\u00f3n, estos especialistas se centran en identificar las causas fundamentales de su malestar.<\/p>\n<p>Elaboran planes de tratamiento personalizados que consideran factores f\u00edsicos y emocionales, garantizando una atenci\u00f3n integral. Ya sea mediante inyecciones dirigidas, soluciones ortop\u00e9dicas avanzadas o m\u00e9todos hol\u00edsticos, el objetivo es aliviar el dolor y restaurar la funcionalidad. La experiencia y el enfoque compasivo del equipo encarnan el esp\u00edritu de la OSG: \u00abLa habilidad para sanar, el coraz\u00f3n para cuidar\u00bb.<\/p>\n<h2>Signos de necesidad de intervenci\u00f3n contra el dolor<\/h2>\n<p>Si experimenta un dolor constante, puede que sea el momento de buscar ayuda profesional. El malestar persistente puede indicar problemas subyacentes que requieren atenci\u00f3n experta.<br \/>\nNunca se debe ignorar el dolor agudo y creciente. Cuando el dolor comienza a extenderse o aumentar en intensidad, la intervenci\u00f3n es crucial para prevenir mayores complicaciones.<\/p>\n<p>Por \u00faltimo, el dolor perturbador que interfiere con las actividades diarias, el trabajo o el sue\u00f1o es una se\u00f1al clara de que puede beneficiarse de los servicios de manejo del dolor. Columna vertebral de Georgia y La ortopedia ofrece intervenciones espec\u00edficas como inyecciones, <a href=\"https:\/\/www.gaspineortho.com\/es\/atlanta\/terapia-fisica\/\">fisioterapia<\/a> y tratamientos ortop\u00e9dicos avanzados para mejorar su calidad de vida. . Su enfoque hol\u00edstico garantiza que se aborden los aspectos f\u00edsicos y emocionales del dolor, ayud\u00e1ndole a regresar a su rutina diaria con una interrupci\u00f3n m\u00ednima.<\/p>\n<p>No dejes que el dolor dicte tu vida. Conf\u00ede en la experiencia de GSO en el manejo del dolor para ayudarlo a encontrar alivio y recuperar su funcionalidad.<\/p>\n","protected":false},"excerpt":{"rendered":"<p>El dolor puede ser frustrante, especialmente cuando interfiere con el trabajo, el sue\u00f1o y otras actividades como interactuar con amigos y familiares. Columna vertebral de Georgia y El enfoque de Manejo del Dolor de College Park de Orthopaedics aborda diversos dolores corporales para ayudar a los pacientes a disfrutar de la vida. En Georgia Spine [&hellip;]<\/p>\n","protected":false},"author":25,"featured_media":0,"parent":7563,"menu_order":0,"comment_status":"closed","ping_status":"closed","template":"","meta":{"_acf_changed":false,"footnotes":""},"categories":[],"tags":[],"class_list":["post-7777","page","type-page","status-publish","hentry"],"acf":[],"_links":{"self":[{"href":"https:\/\/www.gaspineortho.com\/es\/wp-json\/wp\/v2\/pages\/7777","targetHints":{"allow":["GET"]}}],"collection":[{"href":"https:\/\/www.gaspineortho.com\/es\/wp-json\/wp\/v2\/pages"}],"about":[{"href":"https:\/\/www.gaspineortho.com\/es\/wp-json\/wp\/v2\/types\/page"}],"author":[{"embeddable":true,"href":"https:\/\/www.gaspineortho.com\/es\/wp-json\/wp\/v2\/users\/25"}],"replies":[{"embeddable":true,"href":"https:\/\/www.gaspineortho.com\/es\/wp-json\/wp\/v2\/comments?post=7777"}],"version-history":[{"count":4,"href":"https:\/\/www.gaspineortho.com\/es\/wp-json\/wp\/v2\/pages\/7777\/revisions"}],"predecessor-version":[{"id":8625,"href":"https:\/\/www.gaspineortho.com\/es\/wp-json\/wp\/v2\/pages\/7777\/revisions\/8625"}],"up":[{"embeddable":true,"href":"https:\/\/www.gaspineortho.com\/es\/wp-json\/wp\/v2\/pages\/7563"}],"wp:attachment":[{"href":"https:\/\/www.gaspineortho.com\/es\/wp-json\/wp\/v2\/media?parent=7777"}],"wp:term":[{"taxonomy":"category","embeddable":true,"href":"https:\/\/www.gaspineortho.com\/es\/wp-json\/wp\/v2\/categories?post=7777"},{"taxonomy":"post_tag","embeddable":true,"href":"https:\/\/www.gaspineortho.com\/es\/wp-json\/wp\/v2\/tags?post=7777"}],"curies":[{"name":"wp","href":"https:\/\/api.w.org\/{rel}","templated":true}]}}