{"id":7773,"date":"2024-05-15T14:47:09","date_gmt":"2024-05-15T19:47:09","guid":{"rendered":"https:\/\/www.gaspineortho.com\/college-park\/orthopedic-surgery\/"},"modified":"2024-09-09T13:56:39","modified_gmt":"2024-09-09T18:56:39","slug":"cirugia-ortopedica","status":"publish","type":"page","link":"https:\/\/www.gaspineortho.com\/es\/college-park\/cirugia-ortopedica\/","title":{"rendered":"Cirug\u00eda ortop\u00e9dica de College Park"},"content":{"rendered":"<p>Mereces una vida sin dolor. Si usted es un \u00e1vido corredor, un padre devoto o un profesional dedicado, los dolores de espalda persistentes, la rigidez de las articulaciones o las lesiones deportivas persistentes no deber\u00edan detenerlo. Un cirujano ortop\u00e9dico de College Park puede ayudarle.<\/p>\n<p>En Georgia Spine &amp; Ortopedia, combinamos t\u00e9cnicas de vanguardia con atenci\u00f3n compasiva y personalizada. Siempre exploraremos tratamientos conservadores y no invasivos antes de recomendar una cirug\u00eda ortop\u00e9dica. Estamos orgullosos de nuestra tasa de \u00e9xito con tratamientos no quir\u00fargicos.<\/p>\n<p>Sin embargo, si la cirug\u00eda es el mejor curso de acci\u00f3n, estar\u00e1 en buenas manos con nuestro equipo capacitado. Cont\u00e1ctenos hoy al [tel\u00e9fono] para obtener m\u00e1s informaci\u00f3n sobre nuestros procedimientos de cirug\u00eda ortop\u00e9dica.<\/p>\n<h2>Cu\u00e1ndo buscar ayuda ortop\u00e9dica<\/h2>\n<p>Cuando el dolor amenace con robarte la alegr\u00eda, act\u00faa. En Georgia Spine &amp; Ortopedia (GSO), nuestros cirujanos ortop\u00e9dicos de College Park est\u00e1n listos para ayudar. El dolor persistente debido a afecciones como dolores de espalda, rigidez de las articulaciones o lesiones no deber\u00eda dictar su vida. Si sientes molestias que afectan tus actividades diarias, es momento de buscar atenci\u00f3n especializada.<\/p>\n<p>Nuestro enfoque hol\u00edstico aborda no s\u00f3lo los s\u00edntomas sino tambi\u00e9n las causas fundamentales, garantizando un alivio integral. Ya sea un tratamiento avanzado del dolor, inyecciones dirigidas o tratamientos ortop\u00e9dicos y <a href=\"https:\/\/www.gaspineortho.com\/es\/college-park\/neurologia\/\">neurol\u00f3gicos<\/a> de \u00faltima generaci\u00f3n. , estamos dedicados a restaurar su calidad de vida. Nuestro personal multiling\u00fce, incluidos expertos que hablan espa\u00f1ol con fluidez, est\u00e1 comprometido a brindar una atenci\u00f3n al paciente compasiva y accesible.<\/p>\n<p>Comun\u00edquese con la OSG y perm\u00edtanos ayudarlo a recuperar su historia de College Park, una donde el dolor es un recuerdo lejano. No dejes que la incomodidad te detenga; Da hoy el primer paso hacia una vida sin dolor.<\/p>\n<p><img fetchpriority=\"high\" decoding=\"async\" class=\"alignnone wp-image-5777 size-full\" src=\"https:\/\/www.gaspineortho.com\/wp-content\/uploads\/2024\/05\/orthopedic-surgery-center.webp\" alt=\"Patient preparing for orthopedic surgery at College Park clinic\" width=\"500\" height=\"333\" srcset=\"https:\/\/www.gaspineortho.com\/wp-content\/uploads\/2024\/05\/orthopedic-surgery-center.webp 500w, https:\/\/www.gaspineortho.com\/wp-content\/uploads\/2024\/05\/orthopedic-surgery-center-300x200.webp 300w\" sizes=\"(max-width: 500px) 100vw, 500px\" \/><\/p>\n<h2>Procedimientos de cirug\u00eda ortop\u00e9dica en GSO<\/h2>\n<h3>Cirug\u00edas de columna<\/h3>\n<ul>\n<li>Reemplazo de disco artificial ADR (cervical y lumbar)<\/li>\n<li>Cirug\u00eda endosc\u00f3pica de columna<\/li>\n<li>Fusi\u00f3n de discectom\u00eda cervical anterior (ACDF)<\/li>\n<li>Microdiscectom\u00eda (lumbar)<\/li>\n<li>Nucleoplastia \/ Anuloplastia (Lumbar)<\/li>\n<li>Intracept (lumbar)<\/li>\n<li>Fusi\u00f3n intersom\u00e1tica lumbar anterior<\/li>\n<li>Cioplastia (tratamiento de fracturas vertebrales)<\/li>\n<\/ul>\n<h3>Cirug\u00edas Articulares<\/h3>\n<ul>\n<li>Cirug\u00eda del s\u00edndrome del t\u00fanel carpiano<\/li>\n<li>Artroscopia de hombro: reparaci\u00f3n del manguito rotador, labrum, SLAP, pinzamiento.<\/li>\n<li>Artroscopia de rodilla: reconstrucci\u00f3n del LCA, meniscectom\u00eda y reparaci\u00f3n de menisco, microfractura, OATS,<\/li>\n<li>Reparaci\u00f3n\/reconstrucci\u00f3n del tend\u00f3n rotuliano.<\/li>\n<li>Reparaci\u00f3n\/reconstrucci\u00f3n del tend\u00f3n cu\u00e1druple<\/li>\n<li>Artroscopia de cadera<\/li>\n<li>Fijaci\u00f3n de fracturas (caderas, f\u00e9mur, tibia, tobillo, h\u00famero proximal, clav\u00edcula)<\/li>\n<\/ul>\n<h2>\u00bfQu\u00e9 tratan los m\u00e9dicos ortop\u00e9dicos?<\/h2>\n<p>Su sistema musculoesquel\u00e9tico es clave para su vida diaria. En Georgia Spine &amp; Ortopedia, mantenemos este sistema en \u00f3ptimas condiciones. Aqu\u00ed hay algunas condiciones que tratamos.<\/p>\n<h3>Fracturas<\/h3>\n<p>Reparar huesos rotos es un enfoque fundamental en Georgia Spine &amp; Ortoped\u00eda. Nuestros <a href=\"https:\/\/www.gaspineortho.com\/es\/college-park\/medico-accidente-automovilistico\/\">m\u00e9dicos de College Park<\/a> utilizan t\u00e9cnicas como yeso, entablillado y estado de Cirug\u00eda ortop\u00e9dica de \u00faltima generaci\u00f3n para garantizar una curaci\u00f3n adecuada.<\/p>\n<p>Ya sea que su fractura se deba a una colisi\u00f3n automovil\u00edstica o a una lesi\u00f3n relacionada con el trabajo, nuestro enfoque integral para el manejo del dolor y la atenci\u00f3n ortop\u00e9dica tiene como objetivo restaurar la funcionalidad y mejorar su calidad de vida.<\/p>\n<p>Nuestro personal multiling\u00fce brinda atenci\u00f3n compasiva adaptada a sus necesidades \u00fanicas, garantizando que reciba el m\u00e1s alto nivel de tratamiento y apoyo durante su proceso de recuperaci\u00f3n.<\/p>\n<h3>Esguinces y lesiones Cepas<\/h3>\n<p>En Georgia Spine &amp; Ortopedia, entendemos que los esguinces y las torceduras pueden alterar su rutina diaria en College Park. Nuestro equipo emplea un enfoque integral para la curaci\u00f3n, integrando t\u00e9cnicas como <a href=\"https:\/\/www.gaspineortho.com\/college-park\/physical-therapy\/\">fisioterapia<\/a>, aparatos ortop\u00e9dicos y dolor avanzado. gesti\u00f3n.<\/p>\n<p>Nuestros especialistas en ortopedia se enfocan en restaurar su movilidad y reducir las molestias, para que pueda regresar a su estilo de vida activo sin el obst\u00e1culo de esguinces o torceduras. Al utilizar tratamientos espec\u00edficos y planes de atenci\u00f3n personalizados, nuestro objetivo es acelerar su recuperaci\u00f3n y prevenir futuras lesiones. Conf\u00ede en la OSG para ayudarle a recorrer su viaje hacia una vida sin dolor.<\/p>\n<p>Los enfoques de curaci\u00f3n integrales incluyen fisioterapia, aparatos ortop\u00e9dicos y manejo del dolor.<\/p>\n<h3>Artritis<\/h3>\n<p>La artritis puede alterar sus actividades diarias, pero no tiene por qu\u00e9 ser as\u00ed. En Georgia Spine &amp; Ortopedia, nos especializamos en el manejo del dolor de la artritis a trav\u00e9s de un enfoque multifac\u00e9tico. Nuestras estrategias incluyen modificaciones en el estilo de vida adaptadas a sus necesidades espec\u00edficas, medicamentos eficaces para reducir la inflamaci\u00f3n y cirug\u00eda avanzada de reemplazo de articulaciones para casos graves. Nuestro objetivo es restaurar su calidad de vida minimizando el dolor y maximizando la movilidad.<\/p>\n<p>Nuestros cirujanos ortop\u00e9dicos de College Park est\u00e1n capacitados en las \u00faltimas t\u00e9cnicas m\u00ednimamente invasivas, lo que garantiza que reciba la mejor atenci\u00f3n posible. Ya sea osteoartritis por desgaste o artritis reumatoide por afecciones autoinmunes, nuestros planes de atenci\u00f3n integral est\u00e1n dise\u00f1ados para que pueda volver a vivir su vida plenamente.<\/p>\n<p>Vis\u00edtenos en una de nuestras m\u00faltiples ubicaciones en Metro Atlanta y experimente una atenci\u00f3n integral que prioriza su bienestar. En la OSG tenemos \u00abLa habilidad para sanar, el coraz\u00f3n para cuidar\u00bb. No permita que la artritis lo detenga; perm\u00edtanos ayudarlo a recuperar su vida.<\/p>\n<h3>Dolor de espalda y cuello<\/h3>\n<p>Cuando se trata de dolor de espalda y cuello, Georgia Spine &amp; Ortopedia (GSO) emplea herramientas avanzadas de diagn\u00f3stico e im\u00e1genes para identificar la fuente de su malestar. Si el dolor se debe a una <a href=\"https:\/\/www.gaspineortho.com\/es\/college-park\/tratamiento-de-lesiones-por-accidente-de-automovilismo\/\" target=\"_blank\" rel=\"noopener\">colisi\u00f3n automovil\u00edstica <\/a>, <a href=\"https:\/\/www.gaspineortho.com\/es\/college-park\/tratamiento-de-lesiones-en-el-trabajo\/\" target=\"_blank\" rel=\"noopener\">lesiones relacionadas con el trabajo&lt;\/ a&gt;, u otra causa, nuestros cirujanos ortop\u00e9dicos de College Park est\u00e1n listos para ayudar.<\/a><\/p>\n<p>Ofrecemos un enfoque hol\u00edstico, que combina fisioterapia, inyecciones dirigidas y cirug\u00eda de columna m\u00ednimamente invasiva para aliviar su dolor y restaurar su calidad de vida. Nuestro equipo se asegura de que reciba una atenci\u00f3n compasiva adaptada a sus necesidades. No permita que el dolor de espalda y cuello dicte su vida; Conf\u00ede en GSO para ayudarle a recuperar su movilidad y bienestar.<\/p>\n<h3>Lesiones deportivas<\/h3>\n<p>En Georgia Spine &amp; En ortopedia, entendemos la frustraci\u00f3n que conlleva las lesiones deportivas. Ya sea que se trate de un esguince de tobillo, un ligamento desgarrado o una fractura por estr\u00e9s, nuestros cirujanos ortop\u00e9dicos de College Park est\u00e1n aqu\u00ed para ayudarlo. Utilizando las \u00faltimas t\u00e9cnicas en prevenci\u00f3n y rehabilitaci\u00f3n de lesiones, nuestro objetivo es que vuelva al juego de la forma m\u00e1s r\u00e1pida y segura posible.<\/p>\n<p>Nuestro enfoque hol\u00edstico incluye tratamientos ortop\u00e9dicos avanzados, manejo del dolor y planes de fisioterapia personalizados. Con el compromiso de brindar una atenci\u00f3n compasiva, nuestro personal multiling\u00fce garantiza que cada atleta, desde los guerreros de fin de semana hasta los profesionales, reciba la atenci\u00f3n que necesita para recuperar su funcionalidad y calidad de vida.<\/p>\n<p>Conf\u00ede en Georgia Spine &amp; La ortopedia ser\u00e1 su socio para superar las lesiones deportivas y recuperar su estilo de vida activo.<\/p>\n<h3>Reemplazos de articulaciones<\/h3>\n<p>En Georgia Spine &amp; Ortopedia (GSO), nos especializamos en procedimientos de reemplazo de articulaciones de \u00faltima generaci\u00f3n dise\u00f1ados para restaurar su movilidad r\u00e1pidamente. Nuestros cirujanos ortop\u00e9dicos de College Park emplean t\u00e9cnicas m\u00ednimamente invasivas, lo que reduce el tiempo de recuperaci\u00f3n y promueve una curaci\u00f3n m\u00e1s r\u00e1pida. Ya sea que tenga dolor de cadera, problemas de rodilla o molestias en el hombro, nuestro equipo de expertos se asegura de que reciba la mejor atenci\u00f3n posible.<\/p>\n<p>Utilizamos herramientas avanzadas de diagn\u00f3stico e im\u00e1genes para adaptar cada cirug\u00eda de reemplazo de articulaci\u00f3n a sus necesidades espec\u00edficas. Nuestro enfoque hol\u00edstico integra el manejo del dolor, la fisioterapia y la rehabilitaci\u00f3n para ayudarlo a recuperar fuerza y \u200b\u200b\u200b\u200bfuncionalidad. Con servicios disponibles tanto en ingl\u00e9s como en espa\u00f1ol, nuestro personal multiling\u00fce se compromete a hacer que su experiencia sea lo m\u00e1s c\u00f3moda y efectiva posible.<\/p>\n<p>Recupere su estilo de vida activo con el compromiso de la OSG de brindar atenci\u00f3n ortop\u00e9dica experta y compasiva. Conf\u00ede en nuestros especialistas de College Park para guiarlo en cada paso, garantizando una recuperaci\u00f3n sin problemas y el regreso a las actividades que ama. \u201cLa habilidad para sanar, el coraz\u00f3n para cuidar\u201d es m\u00e1s que un lema: es nuestra promesa para usted.<\/p>\n<h3>Da\u00f1o del cart\u00edlago<\/h3>\n<p>El da\u00f1o del cart\u00edlago puede ser un problema debilitante, pero no tiene por qu\u00e9 controlar su vida. En Georgia Spine &amp; Ortopedia, ofrecemos tratamientos innovadores para la reparaci\u00f3n y regeneraci\u00f3n del cart\u00edlago. Ya sea que est\u00e9 lidiando con el desgaste del cart\u00edlago debido a la artritis, una lesi\u00f3n deportiva o un accidente laboral, nuestros cirujanos ortop\u00e9dicos de College Park est\u00e1n equipados para ayudarlo.<\/p>\n<p>Utilizando t\u00e9cnicas de \u00faltima generaci\u00f3n, nuestro objetivo es retrasar o incluso prevenir la necesidad de una cirug\u00eda de reemplazo articular. Nuestro enfoque integral incluye procedimientos m\u00ednimamente invasivos, inyecciones dirigidas y estrategias avanzadas de manejo del dolor.<\/p>\n<p>Con nuestro equipo capacitado, recibir\u00e1 atenci\u00f3n personalizada dise\u00f1ada para restaurar su movilidad y mejorar su calidad de vida. Redescubra la libertad de movimiento y vuelva a disfrutar de todo lo que College Park tiene para ofrecer sin la carga del dolor.<\/p>\n<p><img decoding=\"async\" class=\"alignnone wp-image-6587 size-full\" src=\"https:\/\/www.gaspineortho.com\/wp-content\/uploads\/2024\/05\/Orthopedic-Pain-Management.jpg\" alt=\"Pre-operative consultation for a patient at College Park Orthopedic Surgery center.\" width=\"500\" height=\"334\" srcset=\"https:\/\/www.gaspineortho.com\/wp-content\/uploads\/2024\/05\/Orthopedic-Pain-Management.jpg 500w, https:\/\/www.gaspineortho.com\/wp-content\/uploads\/2024\/05\/Orthopedic-Pain-Management-300x200.jpg 300w\" sizes=\"(max-width: 500px) 100vw, 500px\" \/><\/p>\n<h2>Conf\u00ede en nuestros m\u00e9dicos ortop\u00e9dicos de College Park para obtener atenci\u00f3n experta<\/h2>\n<p>Ignorar el dolor es como silenciar una alarma de humo con una almohada. Tu cuerpo te est\u00e1 enviando un mensaje. As\u00ed es como podemos ayudar.<\/p>\n<h3>La vida en College Park sin dolor<\/h3>\n<p>Vivir con dolor afecta m\u00e1s que solo la comodidad f\u00edsica. Significa perderse actividades familiares, deportes y eventos culturales. Entendemos el ritmo \u00fanico de vida en College Park y estamos aqu\u00ed para ayudarlo a recuperarlo.<\/p>\n<p>En Georgia Spine &amp; Ortopedia (GSO), nuestros <a href=\"https:\/\/www.gaspineortho.com\/college-park\/personal-injury-doctor\/\">cirujanos y m\u00e9dicos ortop\u00e9dicos de College Park<\/a> combinan lo \u00faltimo en T\u00e9cnicas art\u00edsticas de alivio del dolor con atenci\u00f3n compasiva para restaurar su calidad de vida. Ya sea dolor de espalda, rigidez en las articulaciones o lesiones deportivas, nuestro enfoque hol\u00edstico ataca la causa ra\u00edz para garantizar un alivio duradero.<\/p>\n<p>Con tratamientos ortop\u00e9dicos y neurol\u00f3gicos avanzados, nuestro objetivo es ayudarlo a recuperar la funcionalidad y disfrutar de una vida sin dolor. Nuestro equipo multiling\u00fce est\u00e1 comprometido a brindar atenci\u00f3n accesible y personalizada tanto en ingl\u00e9s como en espa\u00f1ol. No permita que el dolor dicte su vida: acepte la vida vibrante que ofrece College Park con la atenci\u00f3n experta de GSO.<\/p>\n<h3>Nuestro Compromiso con la Comunidad<\/h3>\n<p>En Georgia Spine &amp; Ortopedia (GSO), nuestros especialistas en ortopedia est\u00e1n profundamente entrelazados con la estructura de College Park. Hemos dedicado a\u00f1os a tratar a familias, atletas y trabajadores locales, transformando vidas con una atenci\u00f3n experta. Nuestro enfoque hol\u00edstico abarca el manejo del dolor, la ortopedia y la neurolog\u00eda, garantizando un tratamiento integral para afecciones que a menudo surgen de colisiones automovil\u00edsticas y lesiones relacionadas con el trabajo.<\/p>\n<p>Estamos orgullosos de ofrecer t\u00e9cnicas de alivio del dolor de \u00faltima generaci\u00f3n, incluidas inyecciones dirigidas y tratamientos ortop\u00e9dicos avanzados. Con un personal multiling\u00fce que habla ingl\u00e9s y espa\u00f1ol con fluidez, nos aseguramos de que cada paciente se sienta comprendido y atendido. En GSO, encarnamos nuestro esp\u00edritu, \u00abLa habilidad para sanar, el coraz\u00f3n para cuidar\u00bb, y estamos comprometidos a ayudarlo a recuperar una vida sin dolor.<\/p>\n<h3>Atenci\u00f3n Ortop\u00e9dica Integral<\/h3>\n<p>En Georgia Spine &amp; Ortopedia (GSO), ofrecemos atenci\u00f3n ortop\u00e9dica integral que combina t\u00e9cnicas m\u00e9dicas avanzadas con un toque compasivo. Nuestros m\u00e9dicos de College Park se especializan en el manejo del dolor, ortopedia y neurolog\u00eda para abordar afecciones ortop\u00e9dicas y de la columna complejas.<\/p>\n<p>Utilizando m\u00e9todos de \u00faltima generaci\u00f3n, como inyecciones dirigidas y procedimientos m\u00ednimamente invasivos, nuestro objetivo es restaurar su funcionalidad y mejorar su calidad de vida.<\/p>\n<p>Ya sea que su dolor se deba a una colisi\u00f3n automovil\u00edstica o a una lesi\u00f3n laboral, tenemos la experiencia para ayudarle a recuperarse. Nuestro personal multiling\u00fce, que habla ingl\u00e9s y espa\u00f1ol con fluidez, garantiza que reciba atenci\u00f3n personalizada que sea accesible y conveniente. En GSO, no s\u00f3lo tratamos enfermedades; Tratamos a las personas, con la habilidad de sanar y el coraz\u00f3n para cuidar.<\/p>\n<p>\u00danase a nosotros en nuestra ubicaci\u00f3n de College Park y experimente un enfoque hol\u00edstico que le permitir\u00e1 recuperar su movilidad y disfrutar la vida al m\u00e1ximo.<\/p>\n<h2>P\u00f3ngase en contacto con Georgia Spine &amp; \u00a1Ortopedia hoy!<\/h2>\n<p>Ignorar el dolor es como silenciar una alarma de humo con una almohada. Tu cuerpo te est\u00e1 enviando un mensaje. En Georgia Spine &amp; En Ortopedia en College Park, entendemos que el dolor, ya sea por una colisi\u00f3n automovil\u00edstica o una lesi\u00f3n relacionada con el trabajo, puede impedir el ritmo de su vida.<\/p>\n<p>Nuestro equipo se especializa en diagnosticar y tratar afecciones complejas de la columna y musculoesquel\u00e9ticas utilizando t\u00e9cnicas de \u00faltima generaci\u00f3n. Desde inyecciones dirigidas para aliviar el dolor hasta cirug\u00eda ortop\u00e9dica, nuestro objetivo es restaurar su funcionalidad y calidad de vida.<\/p>\n<p>Buscar atenci\u00f3n ortop\u00e9dica oportuna puede evitar que problemas menores se conviertan en afecciones cr\u00f3nicas, lo que le permitir\u00e1 vivir una vida sin dolor. Recuerde, su bienestar es nuestra misi\u00f3n y nuestro personal multiling\u00fce est\u00e1 aqu\u00ed para garantizar que reciba la mejor atenci\u00f3n en College Park.<\/p>\n<p>No permita que el dolor dicte su vida; comun\u00edquese con nosotros llam\u00e1ndonos al [tel\u00e9fono] o complete nuestro formulario y d\u00e9 el primer paso hacia la recuperaci\u00f3n.<\/p>\n","protected":false},"excerpt":{"rendered":"<p>Mereces una vida sin dolor. Si usted es un \u00e1vido corredor, un padre devoto o un profesional dedicado, los dolores de espalda persistentes, la rigidez de las articulaciones o las lesiones deportivas persistentes no deber\u00edan detenerlo. Un cirujano ortop\u00e9dico de College Park puede ayudarle. En Georgia Spine &amp; Ortopedia, combinamos t\u00e9cnicas de vanguardia con atenci\u00f3n [&hellip;]<\/p>\n","protected":false},"author":25,"featured_media":0,"parent":7563,"menu_order":0,"comment_status":"closed","ping_status":"closed","template":"","meta":{"_acf_changed":false,"footnotes":""},"categories":[],"tags":[],"class_list":["post-7773","page","type-page","status-publish","hentry"],"acf":[],"_links":{"self":[{"href":"https:\/\/www.gaspineortho.com\/es\/wp-json\/wp\/v2\/pages\/7773","targetHints":{"allow":["GET"]}}],"collection":[{"href":"https:\/\/www.gaspineortho.com\/es\/wp-json\/wp\/v2\/pages"}],"about":[{"href":"https:\/\/www.gaspineortho.com\/es\/wp-json\/wp\/v2\/types\/page"}],"author":[{"embeddable":true,"href":"https:\/\/www.gaspineortho.com\/es\/wp-json\/wp\/v2\/users\/25"}],"replies":[{"embeddable":true,"href":"https:\/\/www.gaspineortho.com\/es\/wp-json\/wp\/v2\/comments?post=7773"}],"version-history":[{"count":4,"href":"https:\/\/www.gaspineortho.com\/es\/wp-json\/wp\/v2\/pages\/7773\/revisions"}],"predecessor-version":[{"id":9388,"href":"https:\/\/www.gaspineortho.com\/es\/wp-json\/wp\/v2\/pages\/7773\/revisions\/9388"}],"up":[{"embeddable":true,"href":"https:\/\/www.gaspineortho.com\/es\/wp-json\/wp\/v2\/pages\/7563"}],"wp:attachment":[{"href":"https:\/\/www.gaspineortho.com\/es\/wp-json\/wp\/v2\/media?parent=7773"}],"wp:term":[{"taxonomy":"category","embeddable":true,"href":"https:\/\/www.gaspineortho.com\/es\/wp-json\/wp\/v2\/categories?post=7773"},{"taxonomy":"post_tag","embeddable":true,"href":"https:\/\/www.gaspineortho.com\/es\/wp-json\/wp\/v2\/tags?post=7773"}],"curies":[{"name":"wp","href":"https:\/\/api.w.org\/{rel}","templated":true}]}}