{"id":7769,"date":"2024-05-15T15:56:04","date_gmt":"2024-05-15T20:56:04","guid":{"rendered":"https:\/\/www.gaspineortho.com\/college-park\/neurology\/"},"modified":"2024-06-01T13:42:29","modified_gmt":"2024-06-01T18:42:29","slug":"neurologia","status":"publish","type":"page","link":"https:\/\/www.gaspineortho.com\/es\/college-park\/neurologia\/","title":{"rendered":"Tratamiento de neurolog\u00eda de College Park"},"content":{"rendered":"<p>En Georgia Spine &amp; Orthopaedics, nuestro equipo de neurolog\u00eda cree que cada paciente merece una atenci\u00f3n integral y espec\u00edfica para sus afecciones neurol\u00f3gicas. Aprovechando las herramientas de diagn\u00f3stico de \u00faltima generaci\u00f3n, nuestro equipo capacitado puede identificar con precisi\u00f3n los or\u00edgenes de los problemas neurol\u00f3gicos, lo que lleva a un manejo y tratamiento m\u00e1s efectivos. Entendemos que las condiciones neurol\u00f3gicas son tan \u00fanicas como nuestros pacientes, raz\u00f3n por la cual nuestros neur\u00f3logos experimentados dise\u00f1an planes de tratamiento personalizados adaptados a las necesidades y estilo de vida de cada individuo.<\/p>\n<p>Nuestro enfoque de atenci\u00f3n es colaborativo y re\u00fane a expertos en ortopedia, neurolog\u00eda y manejo del dolor para garantizar un plan de tratamiento completo. Este m\u00e9todo hol\u00edstico nos ayuda a abordar incluso las afecciones neurol\u00f3gicas m\u00e1s complejas y garantiza que nuestros pacientes reciban la mejor atenci\u00f3n posible.<\/p>\n<p>En Georgia Spine &amp; Orthopaedics, estamos comprometidos a mejorar su bienestar en un entorno afectuoso y de apoyo. Conf\u00ede en nosotros para brindarle atenci\u00f3n neurol\u00f3gica avanzada y personalizada en College Park.<\/p>\n<p><span style=\"font-weight: 400;\"><\/span><\/p>\n<h2>\u00bfQu\u00e9 es un especialista en neurolog\u00eda?<\/h2>\n<p><a href=\"https:\/\/www.gaspineortho.com\/wp-content\/uploads\/2024\/05\/shutterstock_2351072097.jpg\"><img fetchpriority=\"high\" decoding=\"async\" class=\"alignnone wp-image-5675 size-full\" src=\"https:\/\/www.gaspineortho.com\/wp-content\/uploads\/2024\/05\/shutterstock_2351072097.jpg\" alt=\"Neurology Specialist Action Shot\" width=\"500\" height=\"334\" srcset=\"https:\/\/www.gaspineortho.com\/wp-content\/uploads\/2024\/05\/shutterstock_2351072097.jpg 500w, https:\/\/www.gaspineortho.com\/wp-content\/uploads\/2024\/05\/shutterstock_2351072097-300x200.jpg 300w\" sizes=\"(max-width: 500px) 100vw, 500px\" \/><\/a><\/p>\n<p>Un neur\u00f3logo es un profesional de la salud especializado que diagnostica y trata afecciones que afectan al cerebro, los nervios y la m\u00e9dula espinal. Navegar por estos complejos sistemas neurol\u00f3gicos requiere una combinaci\u00f3n \u00fanica de conocimientos y experiencia, y eso es precisamente lo que nuestro equipo de Neurolog\u00eda de Georgia Spine &amp; Ofertas de ortopedia.<\/p>\n<p>Nuestros especialistas en neurolog\u00eda, como el recientemente incorporado cirujano de columna Dr. Laviel Fern\u00e1ndez, est\u00e1n bien versados \u200b\u200ben el tratamiento de un amplio espectro de afecciones neurol\u00f3gicas. Emplean herramientas de diagn\u00f3stico avanzadas y tratamientos de vanguardia para brindar atenci\u00f3n personalizada a cada paciente. Adem\u00e1s, comprenden el valor de un enfoque hol\u00edstico de la atenci\u00f3n m\u00e9dica, integrando estrategias de manejo del dolor con neurolog\u00eda y ortopedia.<\/p>\n<p>Nuestros neur\u00f3logos dominan tanto el ingl\u00e9s como el espa\u00f1ol, lo que refleja la diversidad de nuestra comunidad de College Park. Su dedicaci\u00f3n a la atenci\u00f3n al paciente est\u00e1 guiada por nuestro esp\u00edritu, \u00abLa habilidad para sanar, el coraz\u00f3n para cuidar\u00bb, garantizando que nuestros pacientes reciban la mejor atenci\u00f3n posible para sus problemas neurol\u00f3gicos.<\/p>\n<h2>La importancia de buscar un especialista en neurolog\u00eda de College Park<\/h2>\n<p>Los s\u00edntomas neurol\u00f3gicos a menudo pueden ser sutiles, pero abordarlos temprano puede conducir a mejores resultados del tratamiento. Esta es la piedra angular de nuestro enfoque hol\u00edstico en Georgia Spine &amp; Ortoped\u00eda. Si experimenta dolores de cabeza persistentes, entumecimiento u hormigueo, problemas de memoria, problemas de equilibrio o debilidad o espasmos musculares, es fundamental consultar a un especialista en neurolog\u00eda. Nuestro equipo, incluido el competente Dr. Laviel Fern\u00e1ndez, est\u00e1 bien equipado para diagnosticar y tratar estos s\u00edntomas, asegurando que recupere su calidad de vida. Con nuestras instalaciones de \u00faltima generaci\u00f3n en el \u00e1rea metropolitana de Atlanta, recibir atenci\u00f3n neurol\u00f3gica de primer nivel nunca ha sido tan f\u00e1cil. En Georgia Spine &amp; Ortopedia, encarnamos nuestro esp\u00edritu, \u00abLa habilidad para sanar, el coraz\u00f3n para cuidar\u00bb, al priorizar su salud y bienestar. No deje que los s\u00edntomas neurol\u00f3gicos queden sin abordar: comun\u00edquese con nosotros hoy.<\/p>\n<h2>Tratamientos de Neurolog\u00eda de Primera Clase<\/h2>\n<p>En Georgia Spine &amp; En ortopedia, entendemos que las condiciones neurol\u00f3gicas son complejas y requieren un enfoque de tratamiento integral e individualizado. Nuestro equipo dedicado, incluido el experto cirujano de columna Dr. Laviel Fern\u00e1ndez, garantiza que cada paciente reciba un plan de tratamiento adaptado a sus necesidades espec\u00edficas.<br \/>\nOfrecemos una variedad de opciones de tratamiento, desde medidas conservadoras como medicamentos y cambios en el estilo de vida hasta terapias m\u00e1s avanzadas. Si experimenta dolores de cabeza persistentes, debilidad muscular o problemas de memoria, estos podr\u00edan controlarse eficazmente con los medicamentos adecuados.<\/p>\n<p>La <a href=\"https:\/\/www.gaspineortho.com\/es\/atlanta\/terapia-fisica\/\">fisioterapia<\/a> tambi\u00e9n podr\u00eda formar una parte importante de tu plan de tratamiento, especialmente si te est\u00e1s recuperando de una enfermedad motora. colisiones de veh\u00edculos o lesiones relacionadas con el trabajo. Nuestros terapeutas trabajan en estrecha colaboraci\u00f3n con los neur\u00f3logos para dise\u00f1ar un programa que ayude a recuperar la funcionalidad y mejorar la calidad de vida.<\/p>\n<p>Para ciertas condiciones, tambi\u00e9n ofrecemos procedimientos m\u00ednimamente invasivos. Estos tratamientos dirigidos, como las inyecciones, brindan un alivio preciso del dolor y el malestar y garantizan tiempos de recuperaci\u00f3n m\u00e1s r\u00e1pidos. Nuestra prioridad es ayudarte a recuperar el control sobre tu vida y tu salud, con los m\u00e9todos menos invasivos posibles.<\/p>\n<h2>Por qu\u00e9 deber\u00eda consultar a un especialista en neurolog\u00eda de College Park despu\u00e9s de un accidente automovil\u00edstico<\/h2>\n<p><a href=\"https:\/\/www.gaspineortho.com\/wp-content\/uploads\/2024\/05\/shutterstock_2140344463.webp\"><img decoding=\"async\" class=\"alignnone wp-image-5679 size-full\" src=\"https: \/\/www.gaspineortho.com\/wp-content\/uploads\/2024\/05\/shutterstock_2140344463.webp\" alt=\"Disparo de acci\u00f3n de neurolog\u00eda de College Park\" width=\"500\" height=\"334\" srcset=\"https:\/\/www.gaspineortho.com\/wp-content\/uploads\/2024\/05\/shutterstock_2140344463.webp 500w, https:\/\/www.gaspineortho.com\/wp-content\/uploads\/2024\/05\/shutterstock_2140344463-300x200.webp 300w\" sizes=\"(max-width: 500px) 100vw, 500px\" \/><\/a><\/p>\n<p>Los <a href=\"https:\/\/www.gaspineortho.com\/es\/atlanta\/tratamiento-de-accidente-automovilistico\/\">accidentes automovil\u00edsticos<\/a>, especialmente aquellos que involucran impactos de alta velocidad, pueden causar una variedad de complicaciones, algunas de las cuales pueden ser de naturaleza neurol\u00f3gica. Es posible que los s\u00edntomas no aparezcan de inmediato, pero podr\u00edan desarrollarse con el tiempo, lo que hace que la evaluaci\u00f3n neurol\u00f3gica temprana sea crucial para un diagn\u00f3stico r\u00e1pido y preciso.<\/p>\n<p>En Georgia Spine &amp; Ortopedia, nuestros especialistas en neurolog\u00eda son expertos en identificar y tratar posibles problemas neurol\u00f3gicos que puedan surgir despu\u00e9s de un accidente automovil\u00edstico. Con su conocimiento integral del sistema nervioso, desempe\u00f1an un papel fundamental en el diagn\u00f3stico de afecciones como conmoci\u00f3n cerebral, latigazo cervical o da\u00f1o a los nervios.<br \/>\nEl enfoque de nuestro equipo se basa en el esp\u00edritu \u00abLa habilidad para sanar, el coraz\u00f3n para cuidar\u00bb. Estamos comprometidos no solo a tratar sus s\u00edntomas sino tambi\u00e9n a ayudarlo a recorrer su camino de recuperaci\u00f3n. Entonces, si ha tenido un accidente automovil\u00edstico, no lo dude. Priorice su salud neurol\u00f3gica y programe una visita con nuestro equipo de neurolog\u00eda de College Park. Un diagn\u00f3stico oportuno podr\u00eda mejorar significativamente los resultados de su tratamiento y su calidad de vida.<\/p>\n<h2>\u00bfPuede un accidente automovil\u00edstico causar problemas neurol\u00f3gicos graves?<\/h2>\n<p>\u00a1Absolutamente! Incluso los accidentes menores pueden tener un impacto profundo en el cerebro y el sistema nervioso. La sacudida repentina puede hacer que el cerebro se mueva dentro del cr\u00e1neo, lo que podr\u00eda provocar una conmoci\u00f3n cerebral o una lesi\u00f3n cerebral traum\u00e1tica m\u00e1s grave. Otros s\u00edntomas neurol\u00f3gicos comunes posteriores a un accidente incluyen dolores de cabeza, mareos, problemas de memoria y cambios de humor o comportamiento.<\/p>\n<p>Tampoco es raro que los s\u00edntomas aparezcan d\u00edas o semanas despu\u00e9s del incidente, por lo que es fundamental acudir a un especialista como un neur\u00f3logo para una evaluaci\u00f3n exhaustiva despu\u00e9s de un accidente. Un neur\u00f3logo de Georgia Spine &amp; La ortopedia puede ayudar a identificar cualquier problema subyacente y comenzar un plan de tratamiento espec\u00edfico de inmediato. Este paso proactivo puede mejorar significativamente su recuperaci\u00f3n y prevenir complicaciones a largo plazo. Recuerde, la detecci\u00f3n y el tratamiento tempranos son clave cuando se trata de afecciones neurol\u00f3gicas.<\/p>\n<h2>Programe una consulta con el mejor equipo de neurolog\u00eda de College Park<\/h2>\n<p>En Georgia Spine &amp; Ortopedia, entendemos que la salud de su cerebro nunca debe tomarse a la ligera. Es por eso que nuestro equipo dedicado est\u00e1 comprometido a brindar atenci\u00f3n experta para afecciones neurol\u00f3gicas, para que pueda vivir su vida al m\u00e1ximo. Nos enorgullecemos de nuestro enfoque centrado en el paciente, asegurando que se sienta valorado y escuchado en cada paso del camino. Nuestro equipo, que incluye al Dr. Laviel Fern\u00e1ndez, cirujano de columna altamente capacitado, es competente en tratamientos y terapias de vanguardia. No se trata s\u00f3lo de abordar los s\u00edntomas; Nuestro objetivo es brindar soluciones integrales que mejoren su calidad de vida.<\/p>\n<p>Nuestro objetivo es hacer que la atenci\u00f3n neurol\u00f3gica de primer nivel sea accesible en el \u00e1rea metropolitana de Atlanta. No esperes para priorizar tu salud. <a href=\"https:\/\/www.gaspineortho.com\/es\/contacto\/\">Contacta<\/a> con nuestro equipo hoy! En Georgia Spine &amp; Ortopedia, tenemos la habilidad para sanar y el coraz\u00f3n para cuidar.<\/p>\n","protected":false},"excerpt":{"rendered":"<p>En Georgia Spine &amp; Orthopaedics, nuestro equipo de neurolog\u00eda cree que cada paciente merece una atenci\u00f3n integral y espec\u00edfica para sus afecciones neurol\u00f3gicas. Aprovechando las herramientas de diagn\u00f3stico de \u00faltima generaci\u00f3n, nuestro equipo capacitado puede identificar con precisi\u00f3n los or\u00edgenes de los problemas neurol\u00f3gicos, lo que lleva a un manejo y tratamiento m\u00e1s efectivos. Entendemos [&hellip;]<\/p>\n","protected":false},"author":25,"featured_media":0,"parent":7563,"menu_order":0,"comment_status":"closed","ping_status":"closed","template":"","meta":{"_acf_changed":false,"footnotes":""},"categories":[],"tags":[],"class_list":["post-7769","page","type-page","status-publish","hentry"],"acf":[],"_links":{"self":[{"href":"https:\/\/www.gaspineortho.com\/es\/wp-json\/wp\/v2\/pages\/7769","targetHints":{"allow":["GET"]}}],"collection":[{"href":"https:\/\/www.gaspineortho.com\/es\/wp-json\/wp\/v2\/pages"}],"about":[{"href":"https:\/\/www.gaspineortho.com\/es\/wp-json\/wp\/v2\/types\/page"}],"author":[{"embeddable":true,"href":"https:\/\/www.gaspineortho.com\/es\/wp-json\/wp\/v2\/users\/25"}],"replies":[{"embeddable":true,"href":"https:\/\/www.gaspineortho.com\/es\/wp-json\/wp\/v2\/comments?post=7769"}],"version-history":[{"count":3,"href":"https:\/\/www.gaspineortho.com\/es\/wp-json\/wp\/v2\/pages\/7769\/revisions"}],"predecessor-version":[{"id":7772,"href":"https:\/\/www.gaspineortho.com\/es\/wp-json\/wp\/v2\/pages\/7769\/revisions\/7772"}],"up":[{"embeddable":true,"href":"https:\/\/www.gaspineortho.com\/es\/wp-json\/wp\/v2\/pages\/7563"}],"wp:attachment":[{"href":"https:\/\/www.gaspineortho.com\/es\/wp-json\/wp\/v2\/media?parent=7769"}],"wp:term":[{"taxonomy":"category","embeddable":true,"href":"https:\/\/www.gaspineortho.com\/es\/wp-json\/wp\/v2\/categories?post=7769"},{"taxonomy":"post_tag","embeddable":true,"href":"https:\/\/www.gaspineortho.com\/es\/wp-json\/wp\/v2\/tags?post=7769"}],"curies":[{"name":"wp","href":"https:\/\/api.w.org\/{rel}","templated":true}]}}