{"id":7765,"date":"2024-05-16T10:45:44","date_gmt":"2024-05-16T15:45:44","guid":{"rendered":"https:\/\/www.gaspineortho.com\/college-park\/motorcycle-accident-injury-treatment\/"},"modified":"2024-06-03T15:36:22","modified_gmt":"2024-06-03T20:36:22","slug":"tratamiento-de-lesiones-accidentes-de-motocicleta","status":"publish","type":"page","link":"https:\/\/www.gaspineortho.com\/es\/college-park\/tratamiento-de-lesiones-accidentes-de-motocicleta\/","title":{"rendered":"Tratamiento de lesiones por accidentes de motocicleta"},"content":{"rendered":"<h2>Tratamiento receptivo para accidentes de motocicleta en College Park, GA<\/h2>\n<p>Las motocicletas ofrecen una forma emocionante de viajar, pero tambi\u00e9n conllevan grandes riesgos. En Georgia, las motocicletas representan s\u00f3lo un peque\u00f1o porcentaje de los veh\u00edculos matriculados, pero contribuyen significativamente a las muertes en accidentes de tr\u00e1nsito.<\/p>\n<p>Las estad\u00edsticas muestran un aumento preocupante de las muertes de motociclistas en los \u00faltimos a\u00f1os. En Georgia Spine &amp; Ortopedia en <a href=\"https:\/\/www.collegeparkga.com\" target=\"_blank\" rel=\"noopener\">College Park<\/a>, estamos comprometidos a brindar atenci\u00f3n especializada a personas lesionadas en accidentes de motocicleta.<\/p>\n<p>Nuestro equipo de especialistas ortop\u00e9dicos expertos est\u00e1 equipado para tratar una amplia gama de lesiones, desde fracturas simples hasta lesiones complejas de la columna.<\/p>\n<p>Si un accidente de motocicleta lo ha afectado a usted o a un ser querido, es fundamental buscar atenci\u00f3n m\u00e9dica inmediata e integral. Nos centramos en un enfoque multidisciplinario, trabajando en estrecha colaboraci\u00f3n con fisioterapeutas, expertos en el manejo del dolor y otros profesionales de la salud.<\/p>\n<p>Nuestro objetivo es ayudarlo a recuperar la funci\u00f3n, minimizar el dolor y regresar de manera segura a sus actividades diarias. Cont\u00e1ctenos al [tel\u00e9fono] para comenzar su viaje de recuperaci\u00f3n.<\/p>\n<p><a href=\"https:\/\/www.gaspineortho.com\/wp-content\/uploads\/2024\/05\/shutterstock_2074316275.webp\"><img fetchpriority=\"high\" decoding=\"async\" class=\"alignnone wp-image-5638 size-full\" src=\"https:\/\/www.gaspineortho.com\/wp-content\/uploads\/2024\/05\/shutterstock_2074316275.webp\" alt=\"Motorcycle accident action shot\" width=\"534\" height=\"334\" srcset=\"https:\/\/www.gaspineortho.com\/wp-content\/uploads\/2024\/05\/shutterstock_2074316275.webp 534w, https:\/\/www.gaspineortho.com\/wp-content\/uploads\/2024\/05\/shutterstock_2074316275-300x188.webp 300w\" sizes=\"(max-width: 534px) 100vw, 534px\" \/><\/a><\/p>\n<h2>Tipos de lesiones por accidentes de motocicleta<\/h2>\n<p>Los accidentes de motocicleta pueden provocar numerosos tipos de lesiones. Algunos de los m\u00e1s comunes incluyen:<\/p>\n<h3>Erupci\u00f3n en la carretera<\/h3>\n<p>La <a href=\"https:\/\/www.webmd.com\/first-aid\/what-to-know-road-rash\" target=\"_blank\" rel=\"noopener\">erupci\u00f3n en la carretera<\/a> ocurre cuando la piel raspa la superficie de la carretera durante un accidente de motocicleta. Esta lesi\u00f3n puede variar desde abrasiones menores hasta da\u00f1os tisulares graves que requieren tratamiento m\u00e9dico para evitar infecciones.<\/p>\n<h3>Fracturas<\/h3>\n<p>Las fuerzas del impacto en un accidente de motocicleta suelen provocar fracturas. Los sitios de fractura comunes incluyen las piernas, los brazos, las mu\u00f1ecas, las costillas y la clav\u00edcula. El tratamiento puede variar desde un simple yeso hasta cirug\u00edas complejas.<\/p>\n<h3>Lesiones en la cabeza<\/h3>\n<p>Las <a href=\"https:\/\/www.gaspineortho.com\/es\/lesion-craneal\/\">Lesiones en la cabeza<\/a> son una de las consecuencias m\u00e1s graves de un accidente de moto. Incluso con el uso de casco, pueden ocurrir lesiones cerebrales traum\u00e1ticas (TBI). Estas lesiones pueden variar desde conmociones cerebrales hasta traumatismos cerebrales graves, que necesitan intervenci\u00f3n m\u00e9dica inmediata.<\/p>\n<h3>Lesiones de tejidos blandos<\/h3>\n<p>Un resultado com\u00fan de un accidente de motocicleta es el da\u00f1o a los tejidos blandos, que afecta m\u00fasculos, tendones y ligamentos. Estos pueden manifestarse como esguinces, torceduras o contusiones, causando dolor y limitando la movilidad.<\/p>\n<h3>Lesiones de la m\u00e9dula espinal<\/h3>\n<p>Las lesiones de la m\u00e9dula espinal son particularmente graves y pueden provocar una par\u00e1lisis parcial o completa. Estas lesiones requieren atenci\u00f3n m\u00e9dica inmediata y especializada para controlar los s\u00edntomas y mejorar los resultados.<\/p>\n<h3>Quemaduras<\/h3>\n<p>Los accidentes de motocicleta a veces implican incendios, explosiones o contacto con superficies calientes. Las quemaduras pueden variar en gravedad, desde menores hasta aquellas que requieren intervenci\u00f3n quir\u00fargica.<\/p>\n<h3>Trauma psicol\u00f3gico<\/h3>\n<p>M\u00e1s all\u00e1 de las lesiones f\u00edsicas, los accidentes de motocicleta tambi\u00e9n pueden provocar problemas psicol\u00f3gicos como trastorno de estr\u00e9s postraum\u00e1tico, ansiedad, depresi\u00f3n y culpa del superviviente. El apoyo a la salud mental es crucial para afrontar las consecuencias emocionales.<\/p>\n<h2>Tratamientos que ofrecemos para lesiones por accidentes de motocicleta<\/h2>\n<p>Columna vertebral de Georgia y La ortopedia ofrece diversos tratamientos para abordar las lesiones por accidentes de motocicleta. \u00c9stas incluyen:<\/p>\n<h3>Manejo del dolor<\/h3>\n<p>El <a href=\"https:\/\/www.gaspineortho.com\/es\/atlanta\/el-manejo-del-dolor\/\">el manejo del dolor<\/a> es vital para la recuperaci\u00f3n. Nuestro enfoque incluye medicamentos, terapia de fr\u00edo y calor, ejercicio suave, terapia de masajes, analg\u00e9sicos t\u00f3picos, suplementos y tratamientos profesionales como fisioterapia o quiropr\u00e1ctica.<\/p>\n<h3>Restaurar la movilidad<\/h3>\n<p>Las lesiones suelen da\u00f1ar las articulaciones, especialmente en los hombros, las caderas y las rodillas. Ofrecemos servicios articulares para mejorar la movilidad, que pueden implicar procedimientos m\u00ednimamente invasivos o, en casos graves, cirug\u00eda de reemplazo total de articulaciones.<\/p>\n<h3>Funci\u00f3n de restauraci\u00f3n<\/h3>\n<p>Un accidente de motocicleta puede afectar las manos y los antebrazos, afectando las tareas diarias. Nuestros especialistas utilizan t\u00e9cnicas avanzadas para tratar lesiones como laceraciones de nervios y da\u00f1os a tendones, empleando procedimientos como reparaci\u00f3n de nervios y reparaci\u00f3n de tendones.<\/p>\n<h3>Prevenir m\u00e1s lesiones<\/h3>\n<p>Las lesiones en las extremidades pueden provocar dolor cr\u00f3nico si no se tratan correctamente. Nuestros expertos en pie y tobillo utilizan m\u00e9todos avanzados para tratar esguinces, torceduras, fracturas y lesiones de tendones para restaurar la estabilidad y prevenir problemas futuros.Terapia de rehabilitaci\u00f3n<\/p>\n<p>La rehabilitaci\u00f3n es una parte esencial del proceso de tratamiento. Nuestros servicios de rehabilitaci\u00f3n incluyen fisioterapia con terapia manual, ejercicios dirigidos, entrenamiento postural y otras terapias avanzadas para restaurar la fuerza y \u200b\u200bla movilidad.<\/p>\n<h2>Causas de los accidentes de motocicletas<\/h2>\n<p><a href=\"https:\/\/www.gaspineortho.com\/wp-content\/uploads\/2024\/05\/shutterstock_2073437579.webp\"><img decoding=\"async\" class=\"alignnone wp-image-5643 size-full\" src=\"https:\/\/www.gaspineortho.com\/wp-content\/uploads\/2024\/05\/shutterstock_2073437579.webp\" alt=\"Night motorcycle accident action shot\" width=\"534\" height=\"334\" srcset=\"https:\/\/www.gaspineortho.com\/wp-content\/uploads\/2024\/05\/shutterstock_2073437579.webp 534w, https:\/\/www.gaspineortho.com\/wp-content\/uploads\/2024\/05\/shutterstock_2073437579-300x188.webp 300w\" sizes=\"(max-width: 534px) 100vw, 534px\" \/><\/a><\/p>\n<p>Los accidentes de motocicleta suelen ser m\u00e1s peligrosos que otros accidentes automovil\u00edsticos debido a la naturaleza expuesta del conductor. Comprender los factores contribuyentes puede ayudar a desarrollar estrategias para prevenir estos accidentes.<\/p>\n<h3>Exceso de velocidad<\/h3>\n<p>El exceso de velocidad es una de las causas m\u00e1s frecuentes de accidentes de moto. Los motociclistas u otros conductores que conducen a altas velocidades tienen un control reducido sobre el veh\u00edculo, lo que dificulta ejecutar maniobras de emergencia o detenerse r\u00e1pidamente.<\/p>\n<p>La naturaleza de alto rendimiento de muchas motocicletas puede hacer que los accidentes a alta velocidad sean particularmente graves y provoquen lesiones o muertes m\u00e1s importantes.<\/p>\n<h3>Conducir bajo los efectos del alcohol (DUI)<\/h3>\n<p>El alcohol y las drogas perjudican las funciones cognitivas y las habilidades motoras, aumentando significativamente el riesgo de accidentes. Para los motociclistas, que requieren un alto nivel de coordinaci\u00f3n y concentraci\u00f3n para conducir con seguridad, el impacto del consumo de sustancias es a\u00fan m\u00e1s cr\u00edtico.<\/p>\n<p>DUI no s\u00f3lo compromete la capacidad del conductor para reaccionar r\u00e1pidamente sino que tambi\u00e9n afecta su juicio, lo que puede resultar en la toma de decisiones peligrosas en la carretera.<\/p>\n<h3>Divisi\u00f3n de carriles<\/h3>\n<p>La divisi\u00f3n de carril implica que una motocicleta se mueva entre dos carriles de autom\u00f3viles, generalmente en situaciones de mucho tr\u00e1fico cuando los autom\u00f3viles reducen la velocidad o se detienen. Esta pr\u00e1ctica puede provocar un accidente de moto debido a la proximidad con otros veh\u00edculos y al espacio limitado para maniobrar.<\/p>\n<p>Muchos conductores de autom\u00f3viles no esperan, y a menudo se ven sorprendidos, que aparezcan motocicletas a su lado, lo que puede provocar cambios repentinos de carril o movimientos que resulten en colisiones.<\/p>\n<h3>Condiciones inseguras de la carretera<\/h3>\n<p>Los motociclistas son particularmente vulnerables a las condiciones adversas de la carretera. Los baches, las manchas de aceite, los escombros y las condiciones h\u00famedas o heladas pueden hacer que un motociclista pierda el control.<\/p>\n<p>Estos peligros pueden ser mortales para los motociclistas, ya que mantener el equilibrio sobre dos ruedas es fundamentalmente m\u00e1s dif\u00edcil que en veh\u00edculos de cuatro ruedas, lo que provoca un accidente de motocicleta.<\/p>\n<h3>Inexperiencia<\/h3>\n<p>Conducir una motocicleta requiere habilidades espec\u00edficas que son bastante distintas a las de conducir un autom\u00f3vil. Es posible que los motociclistas sin experiencia no hayan desarrollado completamente las habilidades necesarias para navegar de manera segura en situaciones de tr\u00e1fico complejas o condiciones adversas.<\/p>\n<p>La falta de experiencia puede dar lugar a decisiones err\u00f3neas y tiempos de reacci\u00f3n m\u00e1s lentos, lo que aumenta la probabilidad de sufrir un accidente de motocicleta.<\/p>\n<p>Al comprender y abordar estas causas, tanto los motociclistas como otros usuarios de la v\u00eda pueden trabajar para reducir la frecuencia y gravedad de los accidentes de motocicleta.<\/p>\n<h2>\u00bfCu\u00e1nto tiempo tarda en resolverse un caso t\u00edpico de accidente de motocicleta?<\/h2>\n<p>El cronograma para resolver un caso de accidente de motocicleta en College Park var\u00eda seg\u00fan la gravedad de la lesi\u00f3n, la voluntad de negociaci\u00f3n y los procesos legales. Algunos casos se resuelven r\u00e1pidamente, mientras que otros pueden tardar meses o a\u00f1os.<\/p>\n<p>Si un caso llega a juicio, el cronograma se extiende m\u00e1s debido a los horarios de los tribunales, los juicios, las mociones posteriores al juicio y las posibles apelaciones.<\/p>\n<h2>Por qu\u00e9 elegir Georgia Spine &amp; \u00bfOrtopedia?<\/h2>\n<p>Columna vertebral de Georgia y Ortopedia ofrece servicios integrales para afecciones ortop\u00e9dicas y de columna en Georgia. Nuestros especialistas certificados se centran en el cuidado de la columna y las articulaciones, utilizando tecnolog\u00edas avanzadas de diagn\u00f3stico y tratamiento.<\/p>\n<p>Brindamos atenci\u00f3n personalizada, abordando las necesidades de salud espec\u00edficas de cada paciente.<\/p>\n<p>Adem\u00e1s, mantenemos una s\u00f3lida red de referencias de los mejores abogados de Georgia, lo que garantiza que usted tenga acceso a experiencia legal relacionada con sus lesiones.<\/p>\n<h2>\u00a1Obtenga hoy el tratamiento por accidente de motocicleta que necesita!<\/h2>\n<p>Los accidentes de motocicleta pueden tener consecuencias graves y requieren atenci\u00f3n m\u00e9dica inmediata y especializada. En Georgia Spine &amp; Ortopedia, estamos comprometidos a ofrecer tratamientos personalizados para satisfacer sus necesidades.<\/p>\n<p>Nuestros especialistas manejan una variedad de lesiones, desde fracturas hasta lesiones de la m\u00e9dula espinal, utilizando herramientas de diagn\u00f3stico de \u00faltima generaci\u00f3n para planes de tratamiento precisos.<\/p>\n<p>Comun\u00edquese con nosotros hoy al [tel\u00e9fono] para comenzar su camino hacia la recuperaci\u00f3n.<\/p>\n","protected":false},"excerpt":{"rendered":"<p>Tratamiento receptivo para accidentes de motocicleta en College Park, GA Las motocicletas ofrecen una forma emocionante de viajar, pero tambi\u00e9n conllevan grandes riesgos. En Georgia, las motocicletas representan s\u00f3lo un peque\u00f1o porcentaje de los veh\u00edculos matriculados, pero contribuyen significativamente a las muertes en accidentes de tr\u00e1nsito. Las estad\u00edsticas muestran un aumento preocupante de las muertes [&hellip;]<\/p>\n","protected":false},"author":44,"featured_media":0,"parent":7563,"menu_order":0,"comment_status":"closed","ping_status":"closed","template":"","meta":{"_acf_changed":false,"footnotes":""},"categories":[],"tags":[],"class_list":["post-7765","page","type-page","status-publish","hentry"],"acf":[],"_links":{"self":[{"href":"https:\/\/www.gaspineortho.com\/es\/wp-json\/wp\/v2\/pages\/7765","targetHints":{"allow":["GET"]}}],"collection":[{"href":"https:\/\/www.gaspineortho.com\/es\/wp-json\/wp\/v2\/pages"}],"about":[{"href":"https:\/\/www.gaspineortho.com\/es\/wp-json\/wp\/v2\/types\/page"}],"author":[{"embeddable":true,"href":"https:\/\/www.gaspineortho.com\/es\/wp-json\/wp\/v2\/users\/44"}],"replies":[{"embeddable":true,"href":"https:\/\/www.gaspineortho.com\/es\/wp-json\/wp\/v2\/comments?post=7765"}],"version-history":[{"count":4,"href":"https:\/\/www.gaspineortho.com\/es\/wp-json\/wp\/v2\/pages\/7765\/revisions"}],"predecessor-version":[{"id":7932,"href":"https:\/\/www.gaspineortho.com\/es\/wp-json\/wp\/v2\/pages\/7765\/revisions\/7932"}],"up":[{"embeddable":true,"href":"https:\/\/www.gaspineortho.com\/es\/wp-json\/wp\/v2\/pages\/7563"}],"wp:attachment":[{"href":"https:\/\/www.gaspineortho.com\/es\/wp-json\/wp\/v2\/media?parent=7765"}],"wp:term":[{"taxonomy":"category","embeddable":true,"href":"https:\/\/www.gaspineortho.com\/es\/wp-json\/wp\/v2\/categories?post=7765"},{"taxonomy":"post_tag","embeddable":true,"href":"https:\/\/www.gaspineortho.com\/es\/wp-json\/wp\/v2\/tags?post=7765"}],"curies":[{"name":"wp","href":"https:\/\/api.w.org\/{rel}","templated":true}]}}