{"id":7745,"date":"2020-12-08T16:34:01","date_gmt":"2020-12-08T21:34:01","guid":{"rendered":"https:\/\/www.gaspineortho.com\/nuestro-equipo\/dr-vinson-smith\/"},"modified":"2024-06-01T13:23:09","modified_gmt":"2024-06-01T18:23:09","slug":"dr-vinson-smith","status":"publish","type":"page","link":"https:\/\/www.gaspineortho.com\/es\/nuestro-equipo\/dr-vinson-smith\/","title":{"rendered":"Dr. Vinson Smith"},"content":{"rendered":"<h2>Dra. Vinson Smith &#8211; Cirujano ortop\u00e9dico certificado<\/h2>\n<p>El Dr. Smith es un cirujano ortop\u00e9dico certificado. El Dr. Smith complet\u00f3 su t\u00edtulo de m\u00e9dico en la<a href=\"https:\/\/medicine.ufl.edu\/\" target=\"_blank\" rel=\"noopener\">Universidad de Florida<\/a>, luego complet\u00f3 su residencia en ortopedia en Brooklyn, Nueva York. Luego de completar su programa de residencia en Brooklyn, el Dr. Smith realiz\u00f3 una beca de capacitaci\u00f3n en Medicina Deportiva en el Instituto Ortop\u00e9dico de Florida en Tampa, Florida.<\/p>\n<p>Luego de completar su beca, el Dr. Smith se mud\u00f3 al \u00e1rea de Atlanta, donde vivi\u00f3 con su familia y practic\u00f3 cirug\u00eda ortop\u00e9dica durante los \u00faltimos 14 a\u00f1os. El Dr. Smith conoce bien el tratamiento de toda la ortopedia general y, gracias a su formaci\u00f3n adicional como becario, es experto en t\u00e9cnicas artrosc\u00f3picas avanzadas en el tratamiento de articulaciones, as\u00ed como en cirug\u00eda m\u00ednimamente invasiva.<\/p>\n<p>El Dr. Smith tiene muchas publicaciones y se mantiene actualizado sobre las \u00faltimas t\u00e9cnicas y alternativas de tratamiento en cirug\u00eda ortop\u00e9dica. Ha tratado a atletas profesionales, universitarios y de secundaria, sin embargo, se enorgullece de tratar a la persona com\u00fan y corriente. Al Dr. Smith le encantar\u00eda conocerlo y promete tratarlo como a un miembro de su propia familia. Forma parte del personal del Southern Regional Medical Center, del Piedmont Henry Hospital y del Centro Quir\u00fargico de <a href=\"https:\/\/www.gaspineortho.com\/es\/roswell\/\">Roswell<\/a>.<\/p>\n<p>El Dr. Smith est\u00e1 casado y tiene dos hijos y le gusta pasar tiempo con su familia practicando wakeboard, wakesurf, senderismo y ayudando a su padre en la granja.<\/p>\n","protected":false},"excerpt":{"rendered":"<p>Dra. Vinson Smith &#8211; Cirujano ortop\u00e9dico certificado El Dr. Smith es un cirujano ortop\u00e9dico certificado. El Dr. Smith complet\u00f3 su t\u00edtulo de m\u00e9dico en laUniversidad de Florida, luego complet\u00f3 su residencia en ortopedia en Brooklyn, Nueva York. Luego de completar su programa de residencia en Brooklyn, el Dr. Smith realiz\u00f3 una beca de capacitaci\u00f3n en [&hellip;]<\/p>\n","protected":false},"author":22,"featured_media":6399,"parent":7114,"menu_order":1,"comment_status":"closed","ping_status":"closed","template":"","meta":{"_acf_changed":false,"footnotes":""},"categories":[],"tags":[],"class_list":["post-7745","page","type-page","status-publish","has-post-thumbnail","hentry"],"acf":[],"_links":{"self":[{"href":"https:\/\/www.gaspineortho.com\/es\/wp-json\/wp\/v2\/pages\/7745","targetHints":{"allow":["GET"]}}],"collection":[{"href":"https:\/\/www.gaspineortho.com\/es\/wp-json\/wp\/v2\/pages"}],"about":[{"href":"https:\/\/www.gaspineortho.com\/es\/wp-json\/wp\/v2\/types\/page"}],"author":[{"embeddable":true,"href":"https:\/\/www.gaspineortho.com\/es\/wp-json\/wp\/v2\/users\/22"}],"replies":[{"embeddable":true,"href":"https:\/\/www.gaspineortho.com\/es\/wp-json\/wp\/v2\/comments?post=7745"}],"version-history":[{"count":1,"href":"https:\/\/www.gaspineortho.com\/es\/wp-json\/wp\/v2\/pages\/7745\/revisions"}],"predecessor-version":[{"id":7746,"href":"https:\/\/www.gaspineortho.com\/es\/wp-json\/wp\/v2\/pages\/7745\/revisions\/7746"}],"up":[{"embeddable":true,"href":"https:\/\/www.gaspineortho.com\/es\/wp-json\/wp\/v2\/pages\/7114"}],"wp:featuredmedia":[{"embeddable":true,"href":"https:\/\/www.gaspineortho.com\/es\/wp-json\/wp\/v2\/media\/6399"}],"wp:attachment":[{"href":"https:\/\/www.gaspineortho.com\/es\/wp-json\/wp\/v2\/media?parent=7745"}],"wp:term":[{"taxonomy":"category","embeddable":true,"href":"https:\/\/www.gaspineortho.com\/es\/wp-json\/wp\/v2\/categories?post=7745"},{"taxonomy":"post_tag","embeddable":true,"href":"https:\/\/www.gaspineortho.com\/es\/wp-json\/wp\/v2\/tags?post=7745"}],"curies":[{"name":"wp","href":"https:\/\/api.w.org\/{rel}","templated":true}]}}