{"id":7737,"date":"2024-05-15T15:38:23","date_gmt":"2024-05-15T20:38:23","guid":{"rendered":"https:\/\/www.gaspineortho.com\/roswell\/uber-accident-injury-treatment\/"},"modified":"2025-07-31T10:31:46","modified_gmt":"2025-07-31T15:31:46","slug":"tratamiento-de-lesiones-por-uber-accidente","status":"publish","type":"page","link":"https:\/\/www.gaspineortho.com\/es\/roswell\/tratamiento-de-lesiones-por-uber-accidente\/","title":{"rendered":"Tratamiento de lesiones por accidentes de Uber en Roswell"},"content":{"rendered":"<h2>Tratamiento de lesiones por accidentes de Uber en Roswell, GA<\/h2>\n<p>Los accidentes que involucran a Uber, Lyft u otros veh\u00edculos de viaje compartido son cada vez m\u00e1s comunes en Roswell y muchas personas no est\u00e1n seguras de los pasos necesarios a seguir despu\u00e9s de tales incidentes. La atenci\u00f3n m\u00e9dica inmediata es esencial para evitar que las lesiones se vuelvan m\u00e1s graves y perturbadoras para su vida.<\/p>\n<p>Es posible sufrir lesiones en estos accidentes sin s\u00edntomas inmediatos. Independientemente de si siente dolor inicialmente, es fundamental buscar atenci\u00f3n ortop\u00e9dica de inmediato.<\/p>\n<p>En Georgia Spine and Orthopaedics, enfatizamos la importancia del tratamiento temprano de las lesiones ortop\u00e9dicas para evitar que causen problemas a largo plazo. Nada m\u00e1s visitar nuestras instalaciones, nuestros especialistas valorar\u00e1n su estado y le brindar\u00e1n la atenci\u00f3n adecuada.<\/p>\n<p>No permita que las lesiones ortop\u00e9dicas por accidentes de viajes compartidos afecten negativamente su vida cuando tiene acceso a una atenci\u00f3n de primer nivel en Georgia Spine and Orthopaedics.<\/p>\n<p><a href=\"https:\/\/www.gaspineortho.com\/wp-content\/uploads\/2024\/05\/uber-accident-injury-treatment.webp\"><img fetchpriority=\"high\" decoding=\"async\" class=\"alignnone wp-image-5844 size-full\" src=\"https:\/\/www.gaspineortho.com\/wp-content\/uploads\/2024\/05\/uber-accident-injury-treatment.webp\" alt=\"Patient undergoing physical therapy for injuries from an Uber accident in Roswell.\" width=\"500\" height=\"334\" srcset=\"https:\/\/www.gaspineortho.com\/wp-content\/uploads\/2024\/05\/uber-accident-injury-treatment.webp 500w, https:\/\/www.gaspineortho.com\/wp-content\/uploads\/2024\/05\/uber-accident-injury-treatment-300x200.webp 300w\" sizes=\"(max-width: 500px) 100vw, 500px\" \/><\/a><\/p>\n<h2>Acciones esenciales a tomar despu\u00e9s de un accidente de viaje compartido en Roswell<\/h2>\n<p>En Georgia, un estado culpable, usted tiene derecho a solicitar una compensaci\u00f3n por las lesiones resultantes de la negligencia de otra persona. Esto incluye accidentes que involucran a conductores de Uber o Lyft, donde puede reclamar un reembolso por costos m\u00e9dicos y otras p\u00e9rdidas.<\/p>\n<p>Antes de presentar un reclamo, priorice su salud visitando a un profesional de la salud para identificar cualquier lesi\u00f3n que pueda provocar problemas a largo plazo.<\/p>\n<h3>Estos son los pasos a seguir si se ve involucrado en un accidente de viaje compartido:<\/h3>\n<ul>\n<li><strong>Eval\u00fae sus lesiones:<\/strong> T\u00f3mese el tiempo inmediatamente despu\u00e9s del accidente para comprobar si usted y los pasajeros tienen lesiones y observe cualquier dolor o anomal\u00eda.<\/li>\n<li><strong>Buscar atenci\u00f3n m\u00e9dica<\/strong>: Busque asistencia m\u00e9dica r\u00e1pidamente, ya sea llamando a una ambulancia o acudiendo al hospital o centro de atenci\u00f3n ortop\u00e9dica especializada m\u00e1s cercano.<\/li>\n<li><strong>Informe el accidente a la polic\u00eda<\/strong>: es fundamental que la polic\u00eda documente el incidente oficialmente. Este informe desempe\u00f1ar\u00e1 un papel vital en cualquier acci\u00f3n legal o de seguros.<\/li>\n<li><strong>Consulte con un abogado especializado en accidentes de viajes compartidos<\/strong>: contratar a un abogado que se especialice en incidentes de viajes compartidos puede brindarle claridad sobre sus derechos legales y ayudarlo a navegar el proceso de compensaci\u00f3n.<\/li>\n<li><strong>Documente la escena del accidente<\/strong>: capture fotograf\u00edas de la escena del accidente, incluidos los da\u00f1os a todos los veh\u00edculos involucrados, cualquier da\u00f1o a la propiedad y las lesiones. Esta evidencia es importante para reclamaciones de seguros y posibles procedimientos legales.<\/li>\n<li><strong>Notificar a Uber o Lyft:<\/strong> Informe el accidente a trav\u00e9s de la aplicaci\u00f3n de viaje compartido o comun\u00edquese con el servicio de atenci\u00f3n al cliente para informarles del incidente de acuerdo con sus pautas.<\/li>\n<\/ul>\n<p>Tomar estos pasos asegurar\u00e1 que est\u00e9 bien preparado para manejar las consecuencias de un accidente de viaje compartido, desde problemas de salud hasta asuntos legales.<\/p>\n<h2>Lesiones ortop\u00e9dicas t\u00edpicas por accidentes de viajes compartidos en Roswell<\/h2>\n<p>Los accidentes de viajes compartidos, como los que involucran veh\u00edculos Uber o Lyft, pueden provocar diversas lesiones ortop\u00e9dicas, cada una con impactos potencialmente significativos en su vida. Estas lesiones pueden causar dolor intenso, requerir intervenciones m\u00e9dicas extensas o provocar discapacidades duraderas. A continuaci\u00f3n se muestran algunas lesiones ortop\u00e9dicas comunes derivadas de este tipo de accidentes:<\/p>\n<h3>Latigazo cervical<\/h3>\n<p>A menudo como resultado de colisiones por alcance, <a href=\"https:\/\/www.gaspineortho.com\/es\/lesion-por-latigazo-cervical\/\">latigazo cervical<\/a>, ocurre cuando la cabeza se sacude repentinamente hacia adelante y hacia atr\u00e1s, estirando los m\u00fasculos y ligamentos del cuello m\u00e1s all\u00e1 de su rango habitual. Esto puede provocar dolor y rigidez en el cuello, dolores de cabeza, mareos y fatiga. En casos graves de latigazo cervical, es posible que haya dolor cr\u00f3nico y complicaciones continuas.<\/p>\n<h3>Fracturas<\/h3>\n<p>Las fracturas son roturas o grietas en los huesos que ocurren com\u00fanmente durante los accidentes de Uber y afectan brazos, piernas, caderas, costillas y columna. Estas lesiones pueden causar dolor significativo, hinchaz\u00f3n y problemas de movilidad. Las fracturas graves pueden requerir reparaci\u00f3n quir\u00fargica y provocar dolor cr\u00f3nico o discapacidad permanente.<\/p>\n<h3>Dislocaciones<\/h3>\n<p>Esta lesi\u00f3n ocurre cuando un hueso se desplaza con fuerza de su articulaci\u00f3n, afectando frecuentemente hombros, caderas, codos y rodillas. Las dislocaciones causan dolor, hinchaz\u00f3n y movimiento limitado. Puede ser necesaria una cirug\u00eda para corregir estas lesiones y, a veces, pueden provocar problemas continuos de movilidad.<\/p>\n<h3>Esguinces y distensiones musculares<\/h3>\n<p>Estas lesiones afectan los tejidos blandos del cuerpo: ligamentos, tendones y m\u00fasculos. Los esguinces implican ligamentos demasiado estirados, mientras que las distensiones son desgarros en los m\u00fasculos y tendones debido a una extensi\u00f3n excesiva.<\/p>\n<h3>Ligamentos desgarrados<\/h3>\n<p>Los accidentes pueden provocar desgarros de ligamentos, especialmente alrededor de las rodillas y los tobillos, provocando dolor, hinchaz\u00f3n e inestabilidad de las articulaciones. La recuperaci\u00f3n a menudo implica fisioterapia y los casos graves pueden necesitar una intervenci\u00f3n quir\u00fargica.<\/p>\n<h3>Lesiones en la pelvis, la cadera y la rodilla<\/h3>\n<p>Las regiones de la pelvis, la cadera y la rodilla son susceptibles a sufrir lesiones por traumatismos cerrados durante los accidentes. Las roturas en estas \u00e1reas pueden ser muy dolorosas y pueden hincharse considerablemente, lo que a menudo requiere cirug\u00eda para lesiones graves.<\/p>\n<h3>Hernias Discales<\/h3>\n<p>La hernia de disco ocurre cuando un disco espinal se rompe o se sale de su lugar, lo que provoca dolor, entumecimiento y debilidad muscular. El tratamiento para las hernias de disco puede incluir fisioterapia y los casos graves pueden requerir procedimientos quir\u00fargicos.<\/p>\n<p>Estas lesiones ilustran la variedad de posibles da\u00f1os f\u00edsicos causados \u200b\u200bpor accidentes de viajes compartidos y subrayan la importancia de buscar atenci\u00f3n m\u00e9dica inmediata para controlar los s\u00edntomas y prevenir consecuencias a largo plazo.<\/p>\n<p><a href=\"https:\/\/www.gaspineortho.com\/wp-content\/uploads\/2024\/05\/accident-recovery-copy.webp\"><img decoding=\"async\" class=\"alignnone wp-image-5353 size-full\" src=\"https:\/\/www.gaspineortho.com\/wp-content\/uploads\/2024\/05\/accident-recovery-copy.webp\" alt=\"Doctor consulting with a patient about Uber accident injury treatment in Roswell.\" width=\"600\" height=\"400\" srcset=\"https:\/\/www.gaspineortho.com\/wp-content\/uploads\/2024\/05\/accident-recovery-copy.webp 600w, https:\/\/www.gaspineortho.com\/wp-content\/uploads\/2024\/05\/accident-recovery-copy-300x200.webp 300w\" sizes=\"(max-width: 600px) 100vw, 600px\" \/><\/a><\/p>\n<h2>Causas clave de lesiones ortop\u00e9dicas en accidentes de viajes compartidos en Roswell<\/h2>\n<p>En caso de un accidente de viaje compartido, los pasajeros son muy susceptibles a sufrir lesiones ortop\u00e9dicas. Estos son los principales factores que contribuyen a tales lesiones:<\/p>\n<ul>\n<li><strong>Desaceleraci\u00f3n<\/strong>: cuando un veh\u00edculo se detiene abruptamente durante un choque, la intensa desaceleraci\u00f3n puede provocar una variedad de lesiones, incluidos da\u00f1os en los tejidos blandos, latigazos cervicales o fracturas.<\/li>\n<li><strong>Impacto directo:<\/strong> Durante una colisi\u00f3n, los pasajeros pueden ser propulsados \u200b\u200bcontra partes del veh\u00edculo, lo que provoca fracturas o dislocaciones de articulaciones debido a la fuerza del impacto.<\/li>\n<li><strong>Eyecci\u00f3n:<\/strong> en accidentes en los que no se utilizan los cinturones de seguridad, los pasajeros pueden salir expulsados \u200b\u200bdel veh\u00edculo, lo que aumenta significativamente el riesgo de lesiones graves.<\/li>\n<li><strong>Vuelcos:<\/strong> Los accidentes por vuelco someten el cuerpo a m\u00faltiples fuerzas que pueden torcer o aplastar huesos, lo que provoca lesiones ortop\u00e9dicas complejas.<\/li>\n<li><strong>Despliegue de las bolsas de aire:<\/strong> las bolsas de aire est\u00e1n dise\u00f1adas para proteger, pero su despliegue tambi\u00e9n puede causar lesiones, especialmente a quienes est\u00e1n sentados cerca del tablero o del volante.<\/li>\n<\/ul>\n<p>Comprender estas causas ayuda a identificar y tratar las lesiones de manera efectiva y subraya la importancia de las medidas de seguridad para minimizar los riesgos en los veh\u00edculos de viaje compartido.<\/p>\n<h2>Manejo de lesiones ortop\u00e9dicas: enfoques de tratamiento en Roswell<\/h2>\n<p>El tratamiento de las lesiones ortop\u00e9dicas depende de la ubicaci\u00f3n y la gravedad de la lesi\u00f3n. A continuaci\u00f3n se presentan algunos enfoques comunes para tratar estas lesiones:<\/p>\n<ul>\n<li><strong>Fisioterapia<\/strong>: Imprescindible en lesiones como fracturas, luxaciones o hernias discales, <a href=\"https:\/\/www.gaspineortho.com\/es\/roswell\/fisioterapia\/\" target=\" _blank\" rel=\"noopener\">fisioterapia<\/a> ayuda a los pacientes a recuperar la movilidad y fortalecer las zonas afectadas.<\/li>\n<li><strong>Medicamentos:<\/strong> Para aliviar el dolor y reducir la inflamaci\u00f3n, con frecuencia se recetan medicamentos como parte del plan de tratamiento.<\/li>\n<li><strong>Procedimientos quir\u00fargicos:<\/strong> En los casos en que las lesiones sean graves, como fracturas importantes, dislocaciones o da\u00f1os en la columna, <a href=\"https:\/\/www.gaspineortho.com\/es\/roswell\/cirugia-ortopedica\/\" target=\"_blank\" rel=\"noopener\">cirug\u00eda ortop\u00e9dica<\/a> puede ser necesaria para mejorar la movilidad y minimizar el riesgo de discapacidad a largo plazo.<\/li>\n<li><strong>Dispositivos de asistencia:<\/strong> durante la recuperaci\u00f3n, se pueden utilizar dispositivos como muletas, sillas de ruedas o andadores para apoyar y mejorar la movilidad.<\/li>\n<li><strong>Inmovilizaci\u00f3n<\/strong>: a menudo se emplean aparatos ortop\u00e9dicos, yesos y f\u00e9rulas para estabilizar el \u00e1rea afectada, evitando movimientos que podr\u00edan obstaculizar el proceso de curaci\u00f3n.<\/li>\n<\/ul>\n<p>Estos tratamientos se adaptan a las necesidades espec\u00edficas de cada paciente, garantizando una recuperaci\u00f3n y funcionalidad \u00f3ptimas despu\u00e9s de la lesi\u00f3n.<\/p>\n<h2>Decidir entre la sala de emergencias y GA Spine Orthopaedics despu\u00e9s de un accidente de viaje compartido en Roswell<\/h2>\n<p>Si usted o un ser querido ha estado involucrado en un accidente de viaje compartido en Roswell y sufri\u00f3 una lesi\u00f3n ortop\u00e9dica, es posible que se pregunte si debe dirigirse a la sala de emergencias o a un centro de atenci\u00f3n ortop\u00e9dica de urgencia.<\/p>\n<p>Si bien la sala de emergencias es una opci\u00f3n com\u00fan para la atenci\u00f3n posterior a un accidente, es posible que no siempre sea la mejor opci\u00f3n para las lesiones ortop\u00e9dicas. Este tipo de lesiones, incluidas las de m\u00fasculos, huesos, articulaciones y ligamentos, requieren atenci\u00f3n ortop\u00e9dica especializada.<\/p>\n<p>Elegir el entorno de atenci\u00f3n adecuado despu\u00e9s de un accidente de viaje compartido es crucial. Comprender las diferencias entre una sala de emergencias general y una atenci\u00f3n de urgencia ortop\u00e9dica puede afectar significativamente la velocidad y precisi\u00f3n del diagn\u00f3stico y tratamiento, lo que podr\u00eda conducir a una recuperaci\u00f3n m\u00e1s r\u00e1pida.<\/p>\n<p>Para los siguientes s\u00edntomas, considere buscar atenci\u00f3n ortop\u00e9dica:<\/p>\n<ul>\n<li>Esguinces y torceduras<\/li>\n<li>Dolor articular y muscular<\/li>\n<li>Lesiones en la rodilla<\/li>\n<li>Dolor de hombro<\/li>\n<li>Dolor en la espalda y el cuello<\/li>\n<li>Lesiones en la mu\u00f1eca<\/li>\n<\/ul>\n<p>Idealmente, todas las afecciones mencionadas anteriormente deber\u00edan tratarse en GA Spine Orthopaedics en Roswell. Las lesiones menores podr\u00edan requerir un examen y el alta el mismo d\u00eda, mientras que las afecciones m\u00e1s graves podr\u00edan requerir una intervenci\u00f3n quir\u00fargica. Tomar una decisi\u00f3n informada r\u00e1pidamente despu\u00e9s de un accidente puede mejorar enormemente sus perspectivas de recuperaci\u00f3n.<\/p>\n<h2>\u00bfPor qu\u00e9 elegir GA Spine Orthopaedics? La diferencia Roswell<\/h2>\n<p>El tratamiento oportuno de las lesiones ortop\u00e9dicas es esencial para una r\u00e1pida recuperaci\u00f3n. En GA Spine Orthopaedics en Roswell, reconocemos que la velocidad y la calidad de la atenci\u00f3n que recibe influyen significativamente en su proceso de recuperaci\u00f3n.<\/p>\n<p>Nuestras instalaciones ofrecen atenci\u00f3n especializada para todo tipo de afecciones y lesiones ortop\u00e9dicas. Dise\u00f1ado para manejar emergencias ortop\u00e9dicas de manera efectiva, como las que resultan de accidentes automovil\u00edsticos graves, nuestro centro de atenci\u00f3n de urgencia se destaca por brindar diagn\u00f3sticos precisos y tratamientos efectivos. Ya sea que su lesi\u00f3n se deba a un accidente de cami\u00f3n, un incidente de viaje compartido o una lesi\u00f3n musculoesquel\u00e9tica com\u00fan como un esguince, una fractura o una dislocaci\u00f3n, nuestro equipo de expertos est\u00e1 preparado para brindar atenci\u00f3n inmediata y ejemplar.<\/p>\n<p>Elija GA Spine Orthopaedics en Roswell para obtener un enfoque dedicado a las emergencias ortop\u00e9dicas, garantizando su recuperaci\u00f3n m\u00e1s r\u00e1pida posible de la salud.<\/p>\n<h2>Reciba la atenci\u00f3n que necesita despu\u00e9s de lesiones por accidentes de viajes compartidos en Roswell<\/h2>\n<p><a href=\"https:\/\/www.gaspineortho.com\/wp-content\/uploads\/2020\/12\/ga-spine-ortho-docs-e1715801958933.webp\"><img decoding=\"async\" class=\"alignnone wp-image-3286 size-full\" src=\"https:\/\/www.gaspineortho.com\/wp-content\/uploads\/2020\/12\/ga-spine-ortho-docs-e1715801958933.webp\" alt=\"The Uber accident injury treatment team of Georgia Spine &amp; Orthopaedics\" width=\"500\" height=\"273\" \/><\/a><\/p>\n<p>Sufrir lesiones en un accidente de viaje compartido en Roswell puede ser abrumador, especialmente sin el conocimiento de los siguientes pasos. Las lesiones ortop\u00e9dicas, si no se tratan con prontitud, pueden provocar problemas de movilidad y empeorar con el tiempo. Conocer los tipos de lesiones que ocurren con frecuencia en este tipo de accidentes es crucial para buscar atenci\u00f3n m\u00e9dica oportuna y evitar complicaciones adicionales.<\/p>\n<p>En Georgia Spine Orthopaedics, utilizamos tecnolog\u00eda avanzada y colaboramos con especialistas con experiencia en el manejo de diversas lesiones por accidentes de viajes compartidos. Estamos comprometidos a garantizar que el dolor no controle su vida.<\/p>\n<p>En Georgia Spine and Orthopaedics nos dedicamos a ayudarlo a usted y a sus seres queridos a mantener un estilo de vida activo. Si ha sufrido una lesi\u00f3n ortop\u00e9dica por un accidente de viaje compartido en Roswell y est\u00e1 afectando su calidad de vida, estamos aqu\u00ed para ayudarlo. Comun\u00edquese con Georgia Spine Orthopaedics al [tel\u00e9fono] para explorar opciones de tratamiento efectivas para sus lesiones.<\/p>\n","protected":false},"excerpt":{"rendered":"<p>Tratamiento de lesiones por accidentes de Uber en Roswell, GA Los accidentes que involucran a Uber, Lyft u otros veh\u00edculos de viaje compartido son cada vez m\u00e1s comunes en Roswell y muchas personas no est\u00e1n seguras de los pasos necesarios a seguir despu\u00e9s de tales incidentes. La atenci\u00f3n m\u00e9dica inmediata es esencial para evitar que [&hellip;]<\/p>\n","protected":false},"author":25,"featured_media":0,"parent":7573,"menu_order":0,"comment_status":"closed","ping_status":"closed","template":"","meta":{"_acf_changed":false,"footnotes":""},"categories":[],"tags":[],"class_list":["post-7737","page","type-page","status-publish","hentry"],"acf":[],"_links":{"self":[{"href":"https:\/\/www.gaspineortho.com\/es\/wp-json\/wp\/v2\/pages\/7737","targetHints":{"allow":["GET"]}}],"collection":[{"href":"https:\/\/www.gaspineortho.com\/es\/wp-json\/wp\/v2\/pages"}],"about":[{"href":"https:\/\/www.gaspineortho.com\/es\/wp-json\/wp\/v2\/types\/page"}],"author":[{"embeddable":true,"href":"https:\/\/www.gaspineortho.com\/es\/wp-json\/wp\/v2\/users\/25"}],"replies":[{"embeddable":true,"href":"https:\/\/www.gaspineortho.com\/es\/wp-json\/wp\/v2\/comments?post=7737"}],"version-history":[{"count":4,"href":"https:\/\/www.gaspineortho.com\/es\/wp-json\/wp\/v2\/pages\/7737\/revisions"}],"predecessor-version":[{"id":12776,"href":"https:\/\/www.gaspineortho.com\/es\/wp-json\/wp\/v2\/pages\/7737\/revisions\/12776"}],"up":[{"embeddable":true,"href":"https:\/\/www.gaspineortho.com\/es\/wp-json\/wp\/v2\/pages\/7573"}],"wp:attachment":[{"href":"https:\/\/www.gaspineortho.com\/es\/wp-json\/wp\/v2\/media?parent=7737"}],"wp:term":[{"taxonomy":"category","embeddable":true,"href":"https:\/\/www.gaspineortho.com\/es\/wp-json\/wp\/v2\/categories?post=7737"},{"taxonomy":"post_tag","embeddable":true,"href":"https:\/\/www.gaspineortho.com\/es\/wp-json\/wp\/v2\/tags?post=7737"}],"curies":[{"name":"wp","href":"https:\/\/api.w.org\/{rel}","templated":true}]}}